{"id":65297,"date":"2025-08-24T23:06:53","date_gmt":"2025-08-24T21:06:53","guid":{"rendered":"http:\/\/skyline-gs.com\/?post_type=product&#038;p=65297"},"modified":"2025-09-11T19:23:29","modified_gmt":"2025-09-11T17:23:29","slug":"waterfall-sesumpul-bali","status":"publish","type":"product","link":"https:\/\/skyline-gs.com\/cs\/product\/waterfall-sesumpul-bali\/","title":{"rendered":"Vodop\u00e1dy Sekumpul"},"content":{"rendered":"<p data-start=\"286\" data-end=\"549\">Cesta k vodop\u00e1du Sekumpul je opravdov\u00fdm dobrodru\u017estv\u00edm pro ty, kte\u0159\u00ed cht\u011bj\u00ed poznat neturistick\u00e9 Bali. Za\u017eijete serpentiny, stezky sout\u011bskami a d\u017eungl\u00ed, chladn\u00fd vzduch severn\u00ed \u010d\u00e1sti ostrova a jeden z nejkr\u00e1sn\u011bj\u0161\u00edch p\u0159\u00edrodn\u00edch div\u016f Bali.<\/p>\n<p><strong>8:00 - Odjezd z hotelov\u00e9 haly.<\/strong><\/p>\n<ul>\n<li data-start=\"558\" data-end=\"681\"><strong data-start=\"558\" data-end=\"591\">J\u00edzda po horsk\u00e9 serpentin\u011b<\/strong> - cesta je sou\u010d\u00e1st\u00ed samotn\u00e9ho dobrodru\u017estv\u00ed: v\u00fdhledy na horsk\u00e1 \u00fadol\u00ed, d\u017eungle a vesnice na Bali.<\/li>\n<li data-start=\"558\" data-end=\"681\"><strong data-start=\"684\" data-end=\"711\">Jezera Buyan a Tamblingan<\/strong> - zast\u00e1vka na vyhl\u00eddkov\u00e9 plo\u0161in\u011b s panoramatem \"dvojit\u00fdch jezer\", kter\u00e1 se nach\u00e1zej\u00ed v kr\u00e1teru vyhasl\u00e9 sopky Bedugul v nadmo\u0159sk\u00e9 v\u00fd\u0161ce 1200 m. Ide\u00e1ln\u00ed m\u00edsto pro fotografov\u00e1n\u00ed.<\/li>\n<li data-start=\"558\" data-end=\"681\"><strong data-start=\"874\" data-end=\"906\">Trekking k vodop\u00e1du Sekumpul<\/strong> - Stezka vede po \u00fazk\u00fdch stezk\u00e1ch a mostech p\u0159es rokle a r\u00fd\u017eov\u00e1 pole. Cestou uvid\u00edte \u017eivot v m\u00edstn\u00ed vesnici a stezka v\u00e1s zavede do srdce ostrova.<\/li>\n<li data-start=\"558\" data-end=\"681\"><strong data-start=\"1059\" data-end=\"1079\">Vodop\u00e1dy Sekumpul<\/strong> - komplex sedmi vodop\u00e1d\u016f, z nich\u017e nejvy\u0161\u0161\u00ed dosahuje v\u00fd\u0161ky 80 metr\u016f. Pro Balijce je to posv\u00e1tn\u00e9 m\u00edsto, kter\u00e9 je turist\u016fm p\u0159\u00edstupn\u00e9 teprve od roku 2010. M\u016f\u017eete se zde koupat v chladn\u00e9 vod\u011b, po\u0159izovat n\u00e1dhern\u00e9 fotografie a vychutn\u00e1vat energii divo\u010diny.<\/li>\n<\/ul>\n<p><strong>18:00 - N\u00e1vrat do hotelu.<\/strong><\/p>\n<p><strong>V\u010detn\u011b:<\/strong><\/p>\n<ul>\n<li>Transfery z hotelu a do hotelu<\/li>\n<li>Transfery klimatizovan\u00fdm vozem<\/li>\n<li>rusky mluv\u00edc\u00ed pr\u016fvodce<\/li>\n<\/ul>\n<p><strong>Nen\u00ed sou\u010d\u00e1st\u00ed dod\u00e1vky:<\/strong><\/p>\n<ul>\n<li>Ob\u011bd<\/li>\n<li>Vstupenky<\/li>\n<\/ul>\n<p><strong>Vezm\u011bte si ji s sebou:<\/strong><\/p>\n<ul>\n<li data-start=\"1935\" data-end=\"1946\">Plaveck\u00fd \u00fabor<\/li>\n<li data-start=\"1935\" data-end=\"1946\">Ru\u010dn\u00edk<\/li>\n<li data-start=\"1935\" data-end=\"1946\">Pohodln\u00e1 trekingov\u00e1 obuv<\/li>\n<\/ul>","protected":false},"excerpt":{"rendered":"<p><strong>Doba prohl\u00eddky:<\/strong> 8:00 \u2014 18:00<\/p>\n<p><strong>Dny zadr\u017een\u00ed:<\/strong> \u00dater\u00fd, p\u00e1tek, ned\u011ble<\/p>","protected":false},"featured_media":65359,"template":"","meta":{"_kad_post_transparent":"default","_kad_post_title":"","_kad_post_layout":"default","_kad_post_sidebar_id":"","_kad_post_content_style":"default","_kad_post_vertical_padding":"default","_kad_post_feature":"","_kad_post_feature_position":"","_kad_post_header":false,"_kad_post_footer":false,"_kad_post_classname":"","_glsr_average":0,"_glsr_ranking":0,"_glsr_reviews":0},"product_brand":[],"product_cat":[502],"product_tag":[],"class_list":{"0":"post-65297","1":"product","2":"type-product","3":"status-publish","4":"has-post-thumbnail","6":"product_cat-bali","7":"tm-has-options","9":"first","10":"instock","11":"sold-individually","12":"taxable","13":"shipping-taxable","14":"purchasable","15":"product-type-simple","16":"entry","17":"content-bg","18":"loop-entry"},"yoast_head":"<!-- This site is optimized with the Yoast SEO plugin v27.3 - https:\/\/yoast.com\/product\/yoast-seo-wordpress\/ -->\n<title>\u0412\u043e\u0434\u043e\u043f\u0430\u0434 \u0421\u0435\u043a\u0443\u043c\u043f\u0443\u043b &#8226; \u042d\u043a\u0441\u043a\u0443\u0440\u0441\u0438\u0438 Skyline<\/title>\n<meta name=\"robots\" content=\"index, follow, max-snippet:-1, max-image-preview:large, max-video-preview:-1\" \/>\n<link rel=\"canonical\" href=\"http:\/\/skyline-gs.com\/cs\/produkt\/waterfall-sesumpul-bali\/\" \/>\n<meta property=\"og:locale\" content=\"cs_CZ\" \/>\n<meta property=\"og:type\" content=\"article\" \/>\n<meta property=\"og:title\" content=\"\u0412\u043e\u0434\u043e\u043f\u0430\u0434 \u0421\u0435\u043a\u0443\u043c\u043f\u0443\u043b &#8226; \u042d\u043a\u0441\u043a\u0443\u0440\u0441\u0438\u0438 Skyline\" \/>\n<meta property=\"og:description\" content=\"\u0412\u0440\u0435\u043c\u044f \u0442\u0443\u0440\u0430: 8:00 - 18:00  \u0414\u043d\u0438 \u043f\u0440\u043e\u0432\u0435\u0434\u0435\u043d\u0438\u044f: \u0412\u0442\u043e\u0440\u043d\u0438\u043a, \u041f\u044f\u0442\u043d\u0438\u0446\u0430, \u0412\u043e\u0441\u043a\u0440\u0435\u0441\u0435\u043d\u044c\u0435\" \/>\n<meta property=\"og:url\" content=\"http:\/\/skyline-gs.com\/cs\/produkt\/waterfall-sesumpul-bali\/\" \/>\n<meta property=\"og:site_name\" content=\"\u042d\u043a\u0441\u043a\u0443\u0440\u0441\u0438\u0438 Skyline\" \/>\n<meta property=\"article:modified_time\" content=\"2025-09-11T17:23:29+00:00\" \/>\n<meta property=\"og:image\" content=\"https:\/\/skyline-gs.com\/wp-content\/uploads\/2025\/08\/29.jpg\" \/>\n\t<meta property=\"og:image:width\" content=\"669\" \/>\n\t<meta property=\"og:image:height\" content=\"446\" \/>\n\t<meta property=\"og:image:type\" content=\"image\/jpeg\" \/>\n<meta name=\"twitter:card\" content=\"summary_large_image\" \/>\n<meta name=\"twitter:label1\" content=\"Odhadovan\u00e1 doba \u010dten\u00ed\" \/>\n\t<meta name=\"twitter:data1\" content=\"2 minuty\" \/>\n<script type=\"application\/ld+json\" class=\"yoast-schema-graph\">{\"@context\":\"https:\\\/\\\/schema.org\",\"@graph\":[{\"@type\":\"WebPage\",\"@id\":\"http:\\\/\\\/skyline-gs.com\\\/cs\\\/produkt\\\/waterfall-sesumpul-bali\\\/\",\"url\":\"http:\\\/\\\/skyline-gs.com\\\/cs\\\/produkt\\\/waterfall-sesumpul-bali\\\/\",\"name\":\"\u0412\u043e\u0434\u043e\u043f\u0430\u0434 \u0421\u0435\u043a\u0443\u043c\u043f\u0443\u043b &#8226; \u042d\u043a\u0441\u043a\u0443\u0440\u0441\u0438\u0438 Skyline\",\"isPartOf\":{\"@id\":\"https:\\\/\\\/skyline-gs.com\\\/it\\\/#website\"},\"primaryImageOfPage\":{\"@id\":\"http:\\\/\\\/skyline-gs.com\\\/cs\\\/produkt\\\/waterfall-sesumpul-bali\\\/#primaryimage\"},\"image\":{\"@id\":\"http:\\\/\\\/skyline-gs.com\\\/cs\\\/produkt\\\/waterfall-sesumpul-bali\\\/#primaryimage\"},\"thumbnailUrl\":\"https:\\\/\\\/skyline-gs.com\\\/wp-content\\\/uploads\\\/2025\\\/08\\\/29.jpg\",\"datePublished\":\"2025-08-24T21:06:53+00:00\",\"dateModified\":\"2025-09-11T17:23:29+00:00\",\"breadcrumb\":{\"@id\":\"http:\\\/\\\/skyline-gs.com\\\/cs\\\/produkt\\\/waterfall-sesumpul-bali\\\/#breadcrumb\"},\"inLanguage\":\"cs\",\"potentialAction\":[{\"@type\":\"ReadAction\",\"target\":[\"http:\\\/\\\/skyline-gs.com\\\/cs\\\/produkt\\\/waterfall-sesumpul-bali\\\/\"]}]},{\"@type\":\"ImageObject\",\"inLanguage\":\"cs\",\"@id\":\"http:\\\/\\\/skyline-gs.com\\\/cs\\\/produkt\\\/waterfall-sesumpul-bali\\\/#primaryimage\",\"url\":\"https:\\\/\\\/skyline-gs.com\\\/wp-content\\\/uploads\\\/2025\\\/08\\\/29.jpg\",\"contentUrl\":\"https:\\\/\\\/skyline-gs.com\\\/wp-content\\\/uploads\\\/2025\\\/08\\\/29.jpg\",\"width\":669,\"height\":446},{\"@type\":\"BreadcrumbList\",\"@id\":\"http:\\\/\\\/skyline-gs.com\\\/cs\\\/produkt\\\/waterfall-sesumpul-bali\\\/#breadcrumb\",\"itemListElement\":[{\"@type\":\"ListItem\",\"position\":1,\"name\":\"\u0413\u043b\u0430\u0432\u043d\u0430\u044f \u0441\u0442\u0440\u0430\u043d\u0438\u0446\u0430\",\"item\":\"https:\\\/\\\/skyline-gs.com\\\/hu\\\/\"},{\"@type\":\"ListItem\",\"position\":2,\"name\":\"\u041c\u0430\u0433\u0430\u0437\u0438\u043d\",\"item\":\"https:\\\/\\\/skyline-gs.com\\\/cs\\\/shop\\\/\"},{\"@type\":\"ListItem\",\"position\":3,\"name\":\"\u0412\u043e\u0434\u043e\u043f\u0430\u0434 \u0421\u0435\u043a\u0443\u043c\u043f\u0443\u043b\"}]},{\"@type\":\"WebSite\",\"@id\":\"https:\\\/\\\/skyline-gs.com\\\/it\\\/#website\",\"url\":\"https:\\\/\\\/skyline-gs.com\\\/it\\\/\",\"name\":\"\u042d\u043a\u0441\u043a\u0443\u0440\u0441\u0438\u0438 Skyline\",\"description\":\"\u042d\u043a\u0441\u043a\u043b\u044e\u0437\u0438\u0432\u043d\u044b\u0435 \u044d\u043a\u0441\u043a\u0443\u0440\u0441\u0438\u0438 \u043d\u0430 \u043b\u0443\u0447\u0448\u0438\u0445 \u043a\u0443\u0440\u043e\u0440\u0442\u0430\u0445 \u043c\u0438\u0440\u0430\",\"publisher\":{\"@id\":\"https:\\\/\\\/skyline-gs.com\\\/it\\\/#organization\"},\"alternateName\":\"Skyline\",\"potentialAction\":[{\"@type\":\"SearchAction\",\"target\":{\"@type\":\"EntryPoint\",\"urlTemplate\":\"https:\\\/\\\/skyline-gs.com\\\/it\\\/?s={search_term_string}\"},\"query-input\":{\"@type\":\"PropertyValueSpecification\",\"valueRequired\":true,\"valueName\":\"search_term_string\"}}],\"inLanguage\":\"cs\"},{\"@type\":\"Organization\",\"@id\":\"https:\\\/\\\/skyline-gs.com\\\/it\\\/#organization\",\"name\":\"\u042d\u043a\u0441\u043a\u0443\u0440\u0441\u0438\u0438 Skyline\",\"alternateName\":\"\u042d\u043a\u0441\u043a\u0443\u0440\u0441\u0438\u0438 Skyline\",\"url\":\"https:\\\/\\\/skyline-gs.com\\\/it\\\/\",\"logo\":{\"@type\":\"ImageObject\",\"inLanguage\":\"cs\",\"@id\":\"https:\\\/\\\/skyline-gs.com\\\/it\\\/#\\\/schema\\\/logo\\\/image\\\/\",\"url\":\"https:\\\/\\\/skyline-gs.com\\\/wp-content\\\/uploads\\\/2020\\\/12\\\/cropped-logo-2.png\",\"contentUrl\":\"https:\\\/\\\/skyline-gs.com\\\/wp-content\\\/uploads\\\/2020\\\/12\\\/cropped-logo-2.png\",\"width\":512,\"height\":512,\"caption\":\"\u042d\u043a\u0441\u043a\u0443\u0440\u0441\u0438\u0438 Skyline\"},\"image\":{\"@id\":\"https:\\\/\\\/skyline-gs.com\\\/it\\\/#\\\/schema\\\/logo\\\/image\\\/\"},\"sameAs\":[\"https:\\\/\\\/www.instagram.com\\\/skylineglobalservice\\\/\"]}]}<\/script>\n<!-- \/ Yoast SEO plugin. -->","yoast_head_json":{"title":"Secumpoolsk\u00e9 vodop\u00e1dy - Skyline Excursions","robots":{"index":"index","follow":"follow","max-snippet":"max-snippet:-1","max-image-preview":"max-image-preview:large","max-video-preview":"max-video-preview:-1"},"canonical":"http:\/\/skyline-gs.com\/cs\/produkt\/waterfall-sesumpul-bali\/","og_locale":"cs_CZ","og_type":"article","og_title":"\u0412\u043e\u0434\u043e\u043f\u0430\u0434 \u0421\u0435\u043a\u0443\u043c\u043f\u0443\u043b &#8226; \u042d\u043a\u0441\u043a\u0443\u0440\u0441\u0438\u0438 Skyline","og_description":"\u0412\u0440\u0435\u043c\u044f \u0442\u0443\u0440\u0430: 8:00 - 18:00  \u0414\u043d\u0438 \u043f\u0440\u043e\u0432\u0435\u0434\u0435\u043d\u0438\u044f: \u0412\u0442\u043e\u0440\u043d\u0438\u043a, \u041f\u044f\u0442\u043d\u0438\u0446\u0430, \u0412\u043e\u0441\u043a\u0440\u0435\u0441\u0435\u043d\u044c\u0435","og_url":"http:\/\/skyline-gs.com\/cs\/produkt\/waterfall-sesumpul-bali\/","og_site_name":"\u042d\u043a\u0441\u043a\u0443\u0440\u0441\u0438\u0438 Skyline","article_modified_time":"2025-09-11T17:23:29+00:00","og_image":[{"width":669,"height":446,"url":"https:\/\/skyline-gs.com\/wp-content\/uploads\/2025\/08\/29.jpg","type":"image\/jpeg"}],"twitter_card":"summary_large_image","twitter_misc":{"Odhadovan\u00e1 doba \u010dten\u00ed":"2 minuty"},"schema":{"@context":"https:\/\/schema.org","@graph":[{"@type":"WebPage","@id":"http:\/\/skyline-gs.com\/cs\/produkt\/waterfall-sesumpul-bali\/","url":"http:\/\/skyline-gs.com\/cs\/produkt\/waterfall-sesumpul-bali\/","name":"Secumpoolsk\u00e9 vodop\u00e1dy - Skyline Excursions","isPartOf":{"@id":"https:\/\/skyline-gs.com\/it\/#website"},"primaryImageOfPage":{"@id":"http:\/\/skyline-gs.com\/cs\/produkt\/waterfall-sesumpul-bali\/#primaryimage"},"image":{"@id":"http:\/\/skyline-gs.com\/cs\/produkt\/waterfall-sesumpul-bali\/#primaryimage"},"thumbnailUrl":"https:\/\/skyline-gs.com\/wp-content\/uploads\/2025\/08\/29.jpg","datePublished":"2025-08-24T21:06:53+00:00","dateModified":"2025-09-11T17:23:29+00:00","breadcrumb":{"@id":"http:\/\/skyline-gs.com\/cs\/produkt\/waterfall-sesumpul-bali\/#breadcrumb"},"inLanguage":"cs","potentialAction":[{"@type":"ReadAction","target":["http:\/\/skyline-gs.com\/cs\/produkt\/waterfall-sesumpul-bali\/"]}]},{"@type":"ImageObject","inLanguage":"cs","@id":"http:\/\/skyline-gs.com\/cs\/produkt\/waterfall-sesumpul-bali\/#primaryimage","url":"https:\/\/skyline-gs.com\/wp-content\/uploads\/2025\/08\/29.jpg","contentUrl":"https:\/\/skyline-gs.com\/wp-content\/uploads\/2025\/08\/29.jpg","width":669,"height":446},{"@type":"BreadcrumbList","@id":"http:\/\/skyline-gs.com\/cs\/produkt\/waterfall-sesumpul-bali\/#breadcrumb","itemListElement":[{"@type":"ListItem","position":1,"name":"\u0413\u043b\u0430\u0432\u043d\u0430\u044f \u0441\u0442\u0440\u0430\u043d\u0438\u0446\u0430","item":"https:\/\/skyline-gs.com\/hu\/"},{"@type":"ListItem","position":2,"name":"\u041c\u0430\u0433\u0430\u0437\u0438\u043d","item":"https:\/\/skyline-gs.com\/cs\/shop\/"},{"@type":"ListItem","position":3,"name":"\u0412\u043e\u0434\u043e\u043f\u0430\u0434 \u0421\u0435\u043a\u0443\u043c\u043f\u0443\u043b"}]},{"@type":"WebSite","@id":"https:\/\/skyline-gs.com\/it\/#website","url":"https:\/\/skyline-gs.com\/it\/","name":"Skyline V\u00fdlety","description":"Exkluzivn\u00ed v\u00fdlety do nejlep\u0161\u00edch sv\u011btov\u00fdch letovisek","publisher":{"@id":"https:\/\/skyline-gs.com\/it\/#organization"},"alternateName":"Skyline","potentialAction":[{"@type":"SearchAction","target":{"@type":"EntryPoint","urlTemplate":"https:\/\/skyline-gs.com\/it\/?s={search_term_string}"},"query-input":{"@type":"PropertyValueSpecification","valueRequired":true,"valueName":"search_term_string"}}],"inLanguage":"cs"},{"@type":"Organization","@id":"https:\/\/skyline-gs.com\/it\/#organization","name":"Skyline V\u00fdlety","alternateName":"\u042d\u043a\u0441\u043a\u0443\u0440\u0441\u0438\u0438 Skyline","url":"https:\/\/skyline-gs.com\/it\/","logo":{"@type":"ImageObject","inLanguage":"cs","@id":"https:\/\/skyline-gs.com\/it\/#\/schema\/logo\/image\/","url":"https:\/\/skyline-gs.com\/wp-content\/uploads\/2020\/12\/cropped-logo-2.png","contentUrl":"https:\/\/skyline-gs.com\/wp-content\/uploads\/2020\/12\/cropped-logo-2.png","width":512,"height":512,"caption":"\u042d\u043a\u0441\u043a\u0443\u0440\u0441\u0438\u0438 Skyline"},"image":{"@id":"https:\/\/skyline-gs.com\/it\/#\/schema\/logo\/image\/"},"sameAs":["https:\/\/www.instagram.com\/skylineglobalservice\/"]}]}},"_links":{"self":[{"href":"https:\/\/skyline-gs.com\/cs\/wp-json\/wp\/v2\/product\/65297","targetHints":{"allow":["GET"]}}],"collection":[{"href":"https:\/\/skyline-gs.com\/cs\/wp-json\/wp\/v2\/product"}],"about":[{"href":"https:\/\/skyline-gs.com\/cs\/wp-json\/wp\/v2\/types\/product"}],"version-history":[{"count":0,"href":"https:\/\/skyline-gs.com\/cs\/wp-json\/wp\/v2\/product\/65297\/revisions"}],"wp:featuredmedia":[{"embeddable":true,"href":"https:\/\/skyline-gs.com\/cs\/wp-json\/wp\/v2\/media\/65359"}],"wp:attachment":[{"href":"https:\/\/skyline-gs.com\/cs\/wp-json\/wp\/v2\/media?parent=65297"}],"wp:term":[{"taxonomy":"product_brand","embeddable":true,"href":"https:\/\/skyline-gs.com\/cs\/wp-json\/wp\/v2\/product_brand?post=65297"},{"taxonomy":"product_cat","embeddable":true,"href":"https:\/\/skyline-gs.com\/cs\/wp-json\/wp\/v2\/product_cat?post=65297"},{"taxonomy":"product_tag","embeddable":true,"href":"https:\/\/skyline-gs.com\/cs\/wp-json\/wp\/v2\/product_tag?post=65297"}],"curies":[{"name":"wp","href":"https:\/\/api.w.org\/{rel}","templated":true}]}}