{"id":64722,"date":"2025-07-10T23:55:49","date_gmt":"2025-07-10T21:55:49","guid":{"rendered":"http:\/\/skyline-gs.com\/?post_type=product&#038;p=64722"},"modified":"2025-07-11T00:00:02","modified_gmt":"2025-07-10T22:00:02","slug":"super-drive-3-in-1-antalya","status":"publish","type":"product","link":"https:\/\/skyline-gs.com\/cs\/product\/super-drive-3-in-1-antalya\/","title":{"rendered":"Super j\u00edzda 3 v 1: Rafting + Zipline + \u010dty\u0159kolky\/Buggy"},"content":{"rendered":"<p>Jasn\u00fd den v hor\u00e1ch a ka\u0148onech! \u010cek\u00e1 na v\u00e1s bohat\u00fd program: rafting na \u0159ece, j\u00edzda na \u010dty\u0159kolk\u00e1ch nebo bugin\u00e1ch a vzru\u0161uj\u00edc\u00ed ziplining - to v\u0161e v jednom z\u00e1jezdu.<\/p>\n<p><strong>8:00 - Odjezd z hotelu v Antalyi. <\/strong>P\u0159ejezd do n\u00e1rodn\u00edho parku K\u00f6pr\u00fcl\u00fc.<\/p>\n<ul>\n<li>P\u0159\u00edjezd na z\u00e1kladnu, instrukt\u00e1\u017e a vyd\u00e1n\u00ed vybaven\u00ed<\/li>\n<li>Rafting na \u0159ece K\u00f6pr\u00fc\u00e7ay (cca 2 hodiny) se zast\u00e1vkami na koup\u00e1n\u00ed<\/li>\n<li>Ob\u011bd na pl\u00e1\u017ei: bufet (sal\u00e1ty, pilaf, t\u011bstoviny, ku\u0159ec\u00ed kebab, ryby)<\/li>\n<li>Proj\u00ed\u017e\u010fka ka\u0148onem na bugin\u00e1ch nebo \u010dty\u0159kolk\u00e1ch (20-30 minut, dle vlastn\u00edho v\u00fdb\u011bru).<\/li>\n<li>Zipline - sjezd nad ka\u0148onem Taza (d\u00e9lka 600 metr\u016f)<\/li>\n<\/ul>\n<p data-start=\"764\" data-end=\"809\"><strong>19:00 - N\u00e1vrat do hotelu.<\/strong><\/p>\n<p><strong>V\u010detn\u011b:<\/strong><\/p>\n<ul>\n<li>Transfery z hotelu a do hotelu<\/li>\n<li>Zku\u0161en\u00fd doprovod<\/li>\n<li>Rafting + vybaven\u00ed (helmy, vesty, p\u00e1dla)<\/li>\n<li>Zipline<\/li>\n<li>Buggy nebo \u010dty\u0159kolka (voliteln\u011b p\u0159i rezervaci)<\/li>\n<li>Ob\u011bd<\/li>\n<li>Poji\u0161t\u011bn\u00ed<\/li>\n<\/ul>\n<p><strong>Nen\u00ed sou\u010d\u00e1st\u00ed dod\u00e1vky:<\/strong><\/p>\n<ul>\n<li>N\u00e1poje<\/li>\n<li>Fotografie a videa na USB<\/li>\n<li>Prachot\u011bsn\u00fd \u0161\u00e1tek (voliteln\u011b)<\/li>\n<li>Br\u00fdle Safari<\/li>\n<li>Oblek<\/li>\n<li>Gumov\u00e1 obuv<\/li>\n<li>Pouzdro na telefon<\/li>\n<li>Raftingov\u00fd kajak<\/li>\n<li>Osobn\u00ed v\u00fddaje<\/li>\n<\/ul>\n<p><strong>Vezm\u011bte si ji s sebou:<\/strong><\/p>\n<ul>\n<li>Plavky, ru\u010dn\u00edk, pokr\u00fdvka hlavy<\/li>\n<li>V\u00fdm\u011bna such\u00e9ho oble\u010den\u00ed<\/li>\n<li>Uzav\u0159en\u00e1 obuv (\u017eabky nejsou pro rafting povoleny).<\/li>\n<li>Slune\u010dn\u00ed br\u00fdle a kr\u00e9m<\/li>\n<li>Tri\u010dko pod vestu<\/li>\n<li>Voda a hotovost na osobn\u00ed v\u00fddaje<\/li>\n<\/ul>","protected":false},"excerpt":{"rendered":"<p><strong>Doba prohl\u00eddky:<\/strong> 8:00 - 19:00<\/p>\n<p><strong>Dny zadr\u017een\u00ed:<\/strong> Ka\u017ed\u00fd den.<\/p>","protected":false},"featured_media":64332,"template":"","meta":{"_kad_post_transparent":"default","_kad_post_title":"","_kad_post_layout":"default","_kad_post_sidebar_id":"","_kad_post_content_style":"default","_kad_post_vertical_padding":"default","_kad_post_feature":"","_kad_post_feature_position":"","_kad_post_header":false,"_kad_post_footer":false,"_kad_post_classname":"","_glsr_average":0,"_glsr_ranking":0,"_glsr_reviews":0},"product_brand":[],"product_cat":[450],"product_tag":[],"class_list":{"0":"post-64722","1":"product","2":"type-product","3":"status-publish","4":"has-post-thumbnail","6":"product_cat-antalya","7":"tm-has-options","9":"first","10":"instock","11":"sold-individually","12":"taxable","13":"shipping-taxable","14":"purchasable","15":"product-type-simple","16":"entry","17":"content-bg","18":"loop-entry"},"yoast_head":"<!-- This site is optimized with the Yoast SEO plugin v27.3 - https:\/\/yoast.com\/product\/yoast-seo-wordpress\/ -->\n<title>\u0421\u0443\u043f\u0435\u0440 \u0434\u0440\u0430\u0439\u0432 3 \u0432 1 \u0438\u0437 \u0410\u043d\u0442\u0430\u043b\u0438\u0438 &#8226; \u042d\u043a\u0441\u043a\u0443\u0440\u0441\u0438\u0438 Skyline<\/title>\n<meta name=\"description\" content=\"\u042f\u0440\u043a\u0438\u0439 \u0434\u0435\u043d\u044c \u0432 \u0433\u043e\u0440\u0430\u0445 \u0438 \u043a\u0430\u043d\u044c\u043e\u043d\u0430\u0445! \u0412\u0430\u0441 \u0436\u0434\u0451\u0442 \u043d\u0430\u0441\u044b\u0449\u0435\u043d\u043d\u0430\u044f \u043f\u0440\u043e\u0433\u0440\u0430\u043c\u043c\u0430: \u0441\u043f\u043b\u0430\u0432 \u043f\u043e \u0440\u0435\u043a\u0435, \u043a\u0430\u0442\u0430\u043d\u0438\u0435 \u043d\u0430 \u043a\u0432\u0430\u0434\u0440\u043e\u0446\u0438\u043a\u043b\u0435 \u0438\u043b\u0438 \u0431\u0430\u0433\u0433\u0438 \u0438 \u0437\u0430\u0445\u0432\u0430\u0442\u044b\u0432\u0430\u044e\u0449\u0438\u0439 \u0437\u0438\u043f\u043b\u0430\u0439\u043d \u2014 \u0432\u0441\u0451 \u0432 \u043e\u0434\u043d\u043e\u043c \u0442\u0443\u0440\u0435.\" \/>\n<meta name=\"robots\" content=\"index, follow, max-snippet:-1, max-image-preview:large, max-video-preview:-1\" \/>\n<link rel=\"canonical\" href=\"http:\/\/skyline-gs.com\/cs\/produkt\/super-drive-3-in-1-antalya\/\" \/>\n<meta property=\"og:locale\" content=\"cs_CZ\" \/>\n<meta property=\"og:type\" content=\"article\" \/>\n<meta property=\"og:title\" content=\"\u0421\u0443\u043f\u0435\u0440 \u0434\u0440\u0430\u0439\u0432 3 \u0432 1 \u0438\u0437 \u0410\u043d\u0442\u0430\u043b\u0438\u0438 &#8226; \u042d\u043a\u0441\u043a\u0443\u0440\u0441\u0438\u0438 Skyline\" \/>\n<meta property=\"og:description\" content=\"\u042f\u0440\u043a\u0438\u0439 \u0434\u0435\u043d\u044c \u0432 \u0433\u043e\u0440\u0430\u0445 \u0438 \u043a\u0430\u043d\u044c\u043e\u043d\u0430\u0445! \u0412\u0430\u0441 \u0436\u0434\u0451\u0442 \u043d\u0430\u0441\u044b\u0449\u0435\u043d\u043d\u0430\u044f \u043f\u0440\u043e\u0433\u0440\u0430\u043c\u043c\u0430: \u0441\u043f\u043b\u0430\u0432 \u043f\u043e \u0440\u0435\u043a\u0435, \u043a\u0430\u0442\u0430\u043d\u0438\u0435 \u043d\u0430 \u043a\u0432\u0430\u0434\u0440\u043e\u0446\u0438\u043a\u043b\u0435 \u0438\u043b\u0438 \u0431\u0430\u0433\u0433\u0438 \u0438 \u0437\u0430\u0445\u0432\u0430\u0442\u044b\u0432\u0430\u044e\u0449\u0438\u0439 \u0437\u0438\u043f\u043b\u0430\u0439\u043d \u2014 \u0432\u0441\u0451 \u0432 \u043e\u0434\u043d\u043e\u043c \u0442\u0443\u0440\u0435.\" \/>\n<meta property=\"og:url\" content=\"http:\/\/skyline-gs.com\/cs\/produkt\/super-drive-3-in-1-antalya\/\" \/>\n<meta property=\"og:site_name\" content=\"\u042d\u043a\u0441\u043a\u0443\u0440\u0441\u0438\u0438 Skyline\" \/>\n<meta property=\"article:modified_time\" content=\"2025-07-10T22:00:02+00:00\" \/>\n<meta property=\"og:image\" content=\"https:\/\/skyline-gs.com\/wp-content\/uploads\/2025\/06\/\u0411\u0430\u0433\u0433\u0438-\u0432-\u0410\u043b\u0430\u043d\u044c\u0435-2.jpg\" \/>\n\t<meta property=\"og:image:width\" content=\"669\" \/>\n\t<meta property=\"og:image:height\" content=\"446\" \/>\n\t<meta property=\"og:image:type\" content=\"image\/jpeg\" \/>\n<meta name=\"twitter:card\" content=\"summary_large_image\" \/>\n<meta name=\"twitter:label1\" content=\"Odhadovan\u00e1 doba \u010dten\u00ed\" \/>\n\t<meta name=\"twitter:data1\" content=\"2 minuty\" \/>\n<script type=\"application\/ld+json\" class=\"yoast-schema-graph\">{\"@context\":\"https:\\\/\\\/schema.org\",\"@graph\":[{\"@type\":\"WebPage\",\"@id\":\"http:\\\/\\\/skyline-gs.com\\\/de\\\/produkt\\\/super-drive-3-in-1-antalya\\\/\",\"url\":\"http:\\\/\\\/skyline-gs.com\\\/de\\\/produkt\\\/super-drive-3-in-1-antalya\\\/\",\"name\":\"\u0421\u0443\u043f\u0435\u0440 \u0434\u0440\u0430\u0439\u0432 3 \u0432 1 \u0438\u0437 \u0410\u043d\u0442\u0430\u043b\u0438\u0438 &#8226; \u042d\u043a\u0441\u043a\u0443\u0440\u0441\u0438\u0438 Skyline\",\"isPartOf\":{\"@id\":\"https:\\\/\\\/skyline-gs.com\\\/it\\\/#website\"},\"primaryImageOfPage\":{\"@id\":\"http:\\\/\\\/skyline-gs.com\\\/de\\\/produkt\\\/super-drive-3-in-1-antalya\\\/#primaryimage\"},\"image\":{\"@id\":\"http:\\\/\\\/skyline-gs.com\\\/de\\\/produkt\\\/super-drive-3-in-1-antalya\\\/#primaryimage\"},\"thumbnailUrl\":\"https:\\\/\\\/skyline-gs.com\\\/wp-content\\\/uploads\\\/2025\\\/06\\\/\u0411\u0430\u0433\u0433\u0438-\u0432-\u0410\u043b\u0430\u043d\u044c\u0435-2.jpg\",\"datePublished\":\"2025-07-10T21:55:49+00:00\",\"dateModified\":\"2025-07-10T22:00:02+00:00\",\"description\":\"\u042f\u0440\u043a\u0438\u0439 \u0434\u0435\u043d\u044c \u0432 \u0433\u043e\u0440\u0430\u0445 \u0438 \u043a\u0430\u043d\u044c\u043e\u043d\u0430\u0445! \u0412\u0430\u0441 \u0436\u0434\u0451\u0442 \u043d\u0430\u0441\u044b\u0449\u0435\u043d\u043d\u0430\u044f \u043f\u0440\u043e\u0433\u0440\u0430\u043c\u043c\u0430: \u0441\u043f\u043b\u0430\u0432 \u043f\u043e \u0440\u0435\u043a\u0435, \u043a\u0430\u0442\u0430\u043d\u0438\u0435 \u043d\u0430 \u043a\u0432\u0430\u0434\u0440\u043e\u0446\u0438\u043a\u043b\u0435 \u0438\u043b\u0438 \u0431\u0430\u0433\u0433\u0438 \u0438 \u0437\u0430\u0445\u0432\u0430\u0442\u044b\u0432\u0430\u044e\u0449\u0438\u0439 \u0437\u0438\u043f\u043b\u0430\u0439\u043d \u2014 \u0432\u0441\u0451 \u0432 \u043e\u0434\u043d\u043e\u043c \u0442\u0443\u0440\u0435.\",\"breadcrumb\":{\"@id\":\"http:\\\/\\\/skyline-gs.com\\\/de\\\/produkt\\\/super-drive-3-in-1-antalya\\\/#breadcrumb\"},\"inLanguage\":\"cs\",\"potentialAction\":[{\"@type\":\"ReadAction\",\"target\":[\"http:\\\/\\\/skyline-gs.com\\\/de\\\/produkt\\\/super-drive-3-in-1-antalya\\\/\"]}]},{\"@type\":\"ImageObject\",\"inLanguage\":\"cs\",\"@id\":\"http:\\\/\\\/skyline-gs.com\\\/de\\\/produkt\\\/super-drive-3-in-1-antalya\\\/#primaryimage\",\"url\":\"https:\\\/\\\/skyline-gs.com\\\/wp-content\\\/uploads\\\/2025\\\/06\\\/\u0411\u0430\u0433\u0433\u0438-\u0432-\u0410\u043b\u0430\u043d\u044c\u0435-2.jpg\",\"contentUrl\":\"https:\\\/\\\/skyline-gs.com\\\/wp-content\\\/uploads\\\/2025\\\/06\\\/\u0411\u0430\u0433\u0433\u0438-\u0432-\u0410\u043b\u0430\u043d\u044c\u0435-2.jpg\",\"width\":669,\"height\":446},{\"@type\":\"BreadcrumbList\",\"@id\":\"http:\\\/\\\/skyline-gs.com\\\/de\\\/produkt\\\/super-drive-3-in-1-antalya\\\/#breadcrumb\",\"itemListElement\":[{\"@type\":\"ListItem\",\"position\":1,\"name\":\"\u0413\u043b\u0430\u0432\u043d\u0430\u044f \u0441\u0442\u0440\u0430\u043d\u0438\u0446\u0430\",\"item\":\"https:\\\/\\\/skyline-gs.com\\\/hu\\\/\"},{\"@type\":\"ListItem\",\"position\":2,\"name\":\"\u041c\u0430\u0433\u0430\u0437\u0438\u043d\",\"item\":\"https:\\\/\\\/skyline-gs.com\\\/cs\\\/shop\\\/\"},{\"@type\":\"ListItem\",\"position\":3,\"name\":\"\u0421\u0443\u043f\u0435\u0440 \u0434\u0440\u0430\u0439\u0432 3 \u0432 1: \u0420\u0430\u0444\u0442\u0438\u043d\u0433 + \u0417\u0438\u043f\u043b\u0430\u0439\u043d + \u041a\u0432\u0430\u0434\u0440\u043e\u0446\u0438\u043a\u043b\u044b\\\/\u0411\u0430\u0433\u0433\u0438\"}]},{\"@type\":\"WebSite\",\"@id\":\"https:\\\/\\\/skyline-gs.com\\\/it\\\/#website\",\"url\":\"https:\\\/\\\/skyline-gs.com\\\/it\\\/\",\"name\":\"\u042d\u043a\u0441\u043a\u0443\u0440\u0441\u0438\u0438 Skyline\",\"description\":\"\u042d\u043a\u0441\u043a\u043b\u044e\u0437\u0438\u0432\u043d\u044b\u0435 \u044d\u043a\u0441\u043a\u0443\u0440\u0441\u0438\u0438 \u043d\u0430 \u043b\u0443\u0447\u0448\u0438\u0445 \u043a\u0443\u0440\u043e\u0440\u0442\u0430\u0445 \u043c\u0438\u0440\u0430\",\"publisher\":{\"@id\":\"https:\\\/\\\/skyline-gs.com\\\/it\\\/#organization\"},\"alternateName\":\"Skyline\",\"potentialAction\":[{\"@type\":\"SearchAction\",\"target\":{\"@type\":\"EntryPoint\",\"urlTemplate\":\"https:\\\/\\\/skyline-gs.com\\\/it\\\/?s={search_term_string}\"},\"query-input\":{\"@type\":\"PropertyValueSpecification\",\"valueRequired\":true,\"valueName\":\"search_term_string\"}}],\"inLanguage\":\"cs\"},{\"@type\":\"Organization\",\"@id\":\"https:\\\/\\\/skyline-gs.com\\\/it\\\/#organization\",\"name\":\"\u042d\u043a\u0441\u043a\u0443\u0440\u0441\u0438\u0438 Skyline\",\"alternateName\":\"\u042d\u043a\u0441\u043a\u0443\u0440\u0441\u0438\u0438 Skyline\",\"url\":\"https:\\\/\\\/skyline-gs.com\\\/it\\\/\",\"logo\":{\"@type\":\"ImageObject\",\"inLanguage\":\"cs\",\"@id\":\"https:\\\/\\\/skyline-gs.com\\\/it\\\/#\\\/schema\\\/logo\\\/image\\\/\",\"url\":\"https:\\\/\\\/skyline-gs.com\\\/wp-content\\\/uploads\\\/2020\\\/12\\\/cropped-logo-2.png\",\"contentUrl\":\"https:\\\/\\\/skyline-gs.com\\\/wp-content\\\/uploads\\\/2020\\\/12\\\/cropped-logo-2.png\",\"width\":512,\"height\":512,\"caption\":\"\u042d\u043a\u0441\u043a\u0443\u0440\u0441\u0438\u0438 Skyline\"},\"image\":{\"@id\":\"https:\\\/\\\/skyline-gs.com\\\/it\\\/#\\\/schema\\\/logo\\\/image\\\/\"},\"sameAs\":[\"https:\\\/\\\/www.instagram.com\\\/skylineglobalservice\\\/\"]}]}<\/script>\n<!-- \/ Yoast SEO plugin. -->","yoast_head_json":{"title":"\u0421\u0443\u043f\u0435\u0440 \u0434\u0440\u0430\u0439\u0432 3 \u0432 1 \u0438\u0437 \u0410\u043d\u0442\u0430\u043b\u0438\u0438 &#8226; \u042d\u043a\u0441\u043a\u0443\u0440\u0441\u0438\u0438 Skyline","description":"Jasn\u00fd den v hor\u00e1ch a ka\u0148onech! \u010cek\u00e1 na v\u00e1s bohat\u00fd program: rafting na \u0159ece, j\u00edzda na \u010dty\u0159kolk\u00e1ch nebo bugin\u00e1ch a vzru\u0161uj\u00edc\u00ed ziplining - to v\u0161e v jednom z\u00e1jezdu.","robots":{"index":"index","follow":"follow","max-snippet":"max-snippet:-1","max-image-preview":"max-image-preview:large","max-video-preview":"max-video-preview:-1"},"canonical":"http:\/\/skyline-gs.com\/cs\/produkt\/super-drive-3-in-1-antalya\/","og_locale":"cs_CZ","og_type":"article","og_title":"\u0421\u0443\u043f\u0435\u0440 \u0434\u0440\u0430\u0439\u0432 3 \u0432 1 \u0438\u0437 \u0410\u043d\u0442\u0430\u043b\u0438\u0438 &#8226; \u042d\u043a\u0441\u043a\u0443\u0440\u0441\u0438\u0438 Skyline","og_description":"\u042f\u0440\u043a\u0438\u0439 \u0434\u0435\u043d\u044c \u0432 \u0433\u043e\u0440\u0430\u0445 \u0438 \u043a\u0430\u043d\u044c\u043e\u043d\u0430\u0445! \u0412\u0430\u0441 \u0436\u0434\u0451\u0442 \u043d\u0430\u0441\u044b\u0449\u0435\u043d\u043d\u0430\u044f \u043f\u0440\u043e\u0433\u0440\u0430\u043c\u043c\u0430: \u0441\u043f\u043b\u0430\u0432 \u043f\u043e \u0440\u0435\u043a\u0435, \u043a\u0430\u0442\u0430\u043d\u0438\u0435 \u043d\u0430 \u043a\u0432\u0430\u0434\u0440\u043e\u0446\u0438\u043a\u043b\u0435 \u0438\u043b\u0438 \u0431\u0430\u0433\u0433\u0438 \u0438 \u0437\u0430\u0445\u0432\u0430\u0442\u044b\u0432\u0430\u044e\u0449\u0438\u0439 \u0437\u0438\u043f\u043b\u0430\u0439\u043d \u2014 \u0432\u0441\u0451 \u0432 \u043e\u0434\u043d\u043e\u043c \u0442\u0443\u0440\u0435.","og_url":"http:\/\/skyline-gs.com\/cs\/produkt\/super-drive-3-in-1-antalya\/","og_site_name":"\u042d\u043a\u0441\u043a\u0443\u0440\u0441\u0438\u0438 Skyline","article_modified_time":"2025-07-10T22:00:02+00:00","og_image":[{"width":669,"height":446,"url":"https:\/\/skyline-gs.com\/wp-content\/uploads\/2025\/06\/\u0411\u0430\u0433\u0433\u0438-\u0432-\u0410\u043b\u0430\u043d\u044c\u0435-2.jpg","type":"image\/jpeg"}],"twitter_card":"summary_large_image","twitter_misc":{"Odhadovan\u00e1 doba \u010dten\u00ed":"2 minuty"},"schema":{"@context":"https:\/\/schema.org","@graph":[{"@type":"WebPage","@id":"http:\/\/skyline-gs.com\/de\/produkt\/super-drive-3-in-1-antalya\/","url":"http:\/\/skyline-gs.com\/de\/produkt\/super-drive-3-in-1-antalya\/","name":"\u0421\u0443\u043f\u0435\u0440 \u0434\u0440\u0430\u0439\u0432 3 \u0432 1 \u0438\u0437 \u0410\u043d\u0442\u0430\u043b\u0438\u0438 &#8226; \u042d\u043a\u0441\u043a\u0443\u0440\u0441\u0438\u0438 Skyline","isPartOf":{"@id":"https:\/\/skyline-gs.com\/it\/#website"},"primaryImageOfPage":{"@id":"http:\/\/skyline-gs.com\/de\/produkt\/super-drive-3-in-1-antalya\/#primaryimage"},"image":{"@id":"http:\/\/skyline-gs.com\/de\/produkt\/super-drive-3-in-1-antalya\/#primaryimage"},"thumbnailUrl":"https:\/\/skyline-gs.com\/wp-content\/uploads\/2025\/06\/\u0411\u0430\u0433\u0433\u0438-\u0432-\u0410\u043b\u0430\u043d\u044c\u0435-2.jpg","datePublished":"2025-07-10T21:55:49+00:00","dateModified":"2025-07-10T22:00:02+00:00","description":"Jasn\u00fd den v hor\u00e1ch a ka\u0148onech! \u010cek\u00e1 na v\u00e1s bohat\u00fd program: rafting na \u0159ece, j\u00edzda na \u010dty\u0159kolk\u00e1ch nebo bugin\u00e1ch a vzru\u0161uj\u00edc\u00ed ziplining - to v\u0161e v jednom z\u00e1jezdu.","breadcrumb":{"@id":"http:\/\/skyline-gs.com\/de\/produkt\/super-drive-3-in-1-antalya\/#breadcrumb"},"inLanguage":"cs","potentialAction":[{"@type":"ReadAction","target":["http:\/\/skyline-gs.com\/de\/produkt\/super-drive-3-in-1-antalya\/"]}]},{"@type":"ImageObject","inLanguage":"cs","@id":"http:\/\/skyline-gs.com\/de\/produkt\/super-drive-3-in-1-antalya\/#primaryimage","url":"https:\/\/skyline-gs.com\/wp-content\/uploads\/2025\/06\/\u0411\u0430\u0433\u0433\u0438-\u0432-\u0410\u043b\u0430\u043d\u044c\u0435-2.jpg","contentUrl":"https:\/\/skyline-gs.com\/wp-content\/uploads\/2025\/06\/\u0411\u0430\u0433\u0433\u0438-\u0432-\u0410\u043b\u0430\u043d\u044c\u0435-2.jpg","width":669,"height":446},{"@type":"BreadcrumbList","@id":"http:\/\/skyline-gs.com\/de\/produkt\/super-drive-3-in-1-antalya\/#breadcrumb","itemListElement":[{"@type":"ListItem","position":1,"name":"\u0413\u043b\u0430\u0432\u043d\u0430\u044f \u0441\u0442\u0440\u0430\u043d\u0438\u0446\u0430","item":"https:\/\/skyline-gs.com\/hu\/"},{"@type":"ListItem","position":2,"name":"\u041c\u0430\u0433\u0430\u0437\u0438\u043d","item":"https:\/\/skyline-gs.com\/cs\/shop\/"},{"@type":"ListItem","position":3,"name":"\u0421\u0443\u043f\u0435\u0440 \u0434\u0440\u0430\u0439\u0432 3 \u0432 1: \u0420\u0430\u0444\u0442\u0438\u043d\u0433 + \u0417\u0438\u043f\u043b\u0430\u0439\u043d + \u041a\u0432\u0430\u0434\u0440\u043e\u0446\u0438\u043a\u043b\u044b\/\u0411\u0430\u0433\u0433\u0438"}]},{"@type":"WebSite","@id":"https:\/\/skyline-gs.com\/it\/#website","url":"https:\/\/skyline-gs.com\/it\/","name":"Skyline V\u00fdlety","description":"Exkluzivn\u00ed v\u00fdlety do nejlep\u0161\u00edch sv\u011btov\u00fdch letovisek","publisher":{"@id":"https:\/\/skyline-gs.com\/it\/#organization"},"alternateName":"Skyline","potentialAction":[{"@type":"SearchAction","target":{"@type":"EntryPoint","urlTemplate":"https:\/\/skyline-gs.com\/it\/?s={search_term_string}"},"query-input":{"@type":"PropertyValueSpecification","valueRequired":true,"valueName":"search_term_string"}}],"inLanguage":"cs"},{"@type":"Organization","@id":"https:\/\/skyline-gs.com\/it\/#organization","name":"Skyline V\u00fdlety","alternateName":"\u042d\u043a\u0441\u043a\u0443\u0440\u0441\u0438\u0438 Skyline","url":"https:\/\/skyline-gs.com\/it\/","logo":{"@type":"ImageObject","inLanguage":"cs","@id":"https:\/\/skyline-gs.com\/it\/#\/schema\/logo\/image\/","url":"https:\/\/skyline-gs.com\/wp-content\/uploads\/2020\/12\/cropped-logo-2.png","contentUrl":"https:\/\/skyline-gs.com\/wp-content\/uploads\/2020\/12\/cropped-logo-2.png","width":512,"height":512,"caption":"\u042d\u043a\u0441\u043a\u0443\u0440\u0441\u0438\u0438 Skyline"},"image":{"@id":"https:\/\/skyline-gs.com\/it\/#\/schema\/logo\/image\/"},"sameAs":["https:\/\/www.instagram.com\/skylineglobalservice\/"]}]}},"_links":{"self":[{"href":"https:\/\/skyline-gs.com\/cs\/wp-json\/wp\/v2\/product\/64722","targetHints":{"allow":["GET"]}}],"collection":[{"href":"https:\/\/skyline-gs.com\/cs\/wp-json\/wp\/v2\/product"}],"about":[{"href":"https:\/\/skyline-gs.com\/cs\/wp-json\/wp\/v2\/types\/product"}],"version-history":[{"count":0,"href":"https:\/\/skyline-gs.com\/cs\/wp-json\/wp\/v2\/product\/64722\/revisions"}],"wp:featuredmedia":[{"embeddable":true,"href":"https:\/\/skyline-gs.com\/cs\/wp-json\/wp\/v2\/media\/64332"}],"wp:attachment":[{"href":"https:\/\/skyline-gs.com\/cs\/wp-json\/wp\/v2\/media?parent=64722"}],"wp:term":[{"taxonomy":"product_brand","embeddable":true,"href":"https:\/\/skyline-gs.com\/cs\/wp-json\/wp\/v2\/product_brand?post=64722"},{"taxonomy":"product_cat","embeddable":true,"href":"https:\/\/skyline-gs.com\/cs\/wp-json\/wp\/v2\/product_cat?post=64722"},{"taxonomy":"product_tag","embeddable":true,"href":"https:\/\/skyline-gs.com\/cs\/wp-json\/wp\/v2\/product_tag?post=64722"}],"curies":[{"name":"wp","href":"https:\/\/api.w.org\/{rel}","templated":true}]}}