{"id":64696,"date":"2025-07-10T22:44:38","date_gmt":"2025-07-10T20:44:38","guid":{"rendered":"http:\/\/skyline-gs.com\/?post_type=product&#038;p=64696"},"modified":"2025-07-10T22:49:15","modified_gmt":"2025-07-10T20:49:15","slug":"suluada-antalya","status":"publish","type":"product","link":"https:\/\/skyline-gs.com\/cs\/product\/suluada-antalya\/","title":{"rendered":"Ostrov Suluada"},"content":{"rendered":"<p>\u041d\u0430\u0441\u043b\u0430\u0434\u0438\u0442\u0435\u0441\u044c \u043a\u0440\u0438\u0441\u0442\u0430\u043b\u044c\u043d\u043e \u0447\u0438\u0441\u0442\u043e\u0439 \u0432\u043e\u0434\u043e\u0439 \u0438 \u0436\u0438\u0432\u043e\u043f\u0438\u0441\u043d\u044b\u043c\u0438 \u0431\u0443\u0445\u0442\u0430\u043c\u0438 \u043e\u0441\u0442\u0440\u043e\u0432\u0430 \u0421\u0443\u043b\u0443\u0430\u0434\u0430, \u043a\u043e\u0442\u043e\u0440\u044b\u0439 \u0447\u0430\u0441\u0442\u043e \u043d\u0430\u0437\u044b\u0432\u0430\u044e\u0442 \u0422\u0443\u0440\u0435\u0446\u043a\u0438\u043c\u0438 \u041c\u0430\u043b\u044c\u0434\u0438\u0432\u0430\u043c\u0438. \u0423\u0435\u0434\u0438\u043d\u0451\u043d\u043d\u044b\u0435 \u043f\u043b\u044f\u0436\u0438, \u043c\u043e\u0440\u0441\u043a\u0430\u044f \u043f\u0440\u043e\u0433\u0443\u043b\u043a\u0430 \u0438 \u043e\u0442\u0434\u044b\u0445 \u0432 \u0436\u0438\u0432\u043e\u043f\u0438\u0441\u043d\u043e\u0439 \u0431\u0443\u0445\u0442\u0435 \u2014 \u0438\u0434\u0435\u0430\u043b\u044c\u043d\u044b\u0439 \u0434\u0435\u043d\u044c \u043d\u0430 \u043c\u043e\u0440\u0435!<\/p>\n<p><strong>7:30 \u2014 \u0412\u044b\u0435\u0437\u0434 \u0438\u0437 \u043e\u0442\u0435\u043b\u044f. <\/strong>\u0422\u0440\u0430\u043d\u0441\u0444\u0435\u0440 \u0438\u0437 \u043e\u0442\u0435\u043b\u044f \u0432 \u0410\u043d\u0442\u0430\u043b\u0438\u0438 \u0432 \u043f\u043e\u0440\u0442 \u0410\u0434\u0440\u0430\u0441\u0430\u043d<\/p>\n<ul>\n<li>\u041e\u0442\u043f\u043b\u044b\u0442\u0438\u0435 \u043d\u0430 \u044f\u0445\u0442\u0435 \u043a \u043e\u0441\u0442\u0440\u043e\u0432\u0443 \u0421\u0443\u043b\u0443\u0430\u0434\u0430<\/li>\n<li><strong>V\u00fdlet lod\u00ed<\/strong> \u0432\u0434\u043e\u043b\u044c \u0436\u0438\u0432\u043e\u043f\u0438\u0441\u043d\u043e\u0433\u043e \u043e\u0441\u0442\u0440\u043e\u0432\u0430<\/li>\n<li>Koup\u00e1n\u00ed <strong>\u0432 \u0431\u0438\u0440\u044e\u0437\u043e\u0432\u044b\u0445 \u0431\u0443\u0445\u0442\u0430\u0445<\/strong> \u043e\u0441\u0442\u0440\u043e\u0432\u0430<\/li>\n<li><strong>Ob\u011bd na jacht\u011b<\/strong> (ryba nebo ku\u0159e, t\u011bstoviny, sal\u00e1t)<\/li>\n<li>N\u00e1vrat do p\u0159\u00edstavu a transfer do hotelu<\/li>\n<\/ul>\n<p><strong>19:00 - N\u00e1vrat do hotelu.<\/strong><\/p>\n<p><strong>V\u010detn\u011b:<\/strong><\/p>\n<ul>\n<li>Transfer z hotelu a do hotelu<\/li>\n<li>rusky mluv\u00edc\u00ed pr\u016fvodce<\/li>\n<li>Ob\u011bd<\/li>\n<li>Poji\u0161t\u011bn\u00ed<\/li>\n<li>V\u00fdlet lod\u00ed<\/li>\n<\/ul>\n<p><strong>Nen\u00ed sou\u010d\u00e1st\u00ed dod\u00e1vky:<\/strong><\/p>\n<ul>\n<li>N\u00e1poje<\/li>\n<\/ul>\n<p><strong>Vezm\u011bte si ji s sebou:<\/strong><\/p>\n<ul>\n<li>Plavky a ru\u010dn\u00edk<\/li>\n<li>Pokr\u00fdvka hlavy<\/li>\n<li>Opalovac\u00ed kr\u00e9m a slune\u010dn\u00ed br\u00fdle<\/li>\n<li>Hotovost na osobn\u00ed v\u00fddaje<\/li>\n<\/ul>","protected":false},"excerpt":{"rendered":"<p><strong>Doba prohl\u00eddky:<\/strong> 7:30 \u2014 19:00<\/p>\n<p><strong>Dny zadr\u017een\u00ed:<\/strong> Ka\u017ed\u00fd den.<\/p>","protected":false},"featured_media":64293,"template":"","meta":{"_kad_post_transparent":"default","_kad_post_title":"","_kad_post_layout":"default","_kad_post_sidebar_id":"","_kad_post_content_style":"default","_kad_post_vertical_padding":"default","_kad_post_feature":"","_kad_post_feature_position":"","_kad_post_header":false,"_kad_post_footer":false,"_kad_post_classname":"","_glsr_average":0,"_glsr_ranking":0,"_glsr_reviews":0},"product_brand":[],"product_cat":[450],"product_tag":[],"class_list":{"0":"post-64696","1":"product","2":"type-product","3":"status-publish","4":"has-post-thumbnail","6":"product_cat-antalya","7":"tm-has-options","9":"first","10":"instock","11":"sold-individually","12":"taxable","13":"shipping-taxable","14":"purchasable","15":"product-type-simple","16":"entry","17":"content-bg","18":"loop-entry"},"yoast_head":"<!-- This site is optimized with the Yoast SEO plugin v27.3 - https:\/\/yoast.com\/product\/yoast-seo-wordpress\/ -->\n<title>\u041e\u0441\u0442\u0440\u043e\u0432 \u0421\u0443\u043b\u0443\u0430\u0434\u0430 \u0438\u0437 \u0410\u043d\u0442\u0430\u043b\u0438\u0438 &#8226; \u042d\u043a\u0441\u043a\u0443\u0440\u0441\u0438\u0438 Skyline<\/title>\n<meta name=\"description\" content=\"\u041f\u043e\u0441\u0435\u0442\u0438\u0442\u0435 \u0436\u0438\u0432\u043e\u043f\u0438\u0441\u043d\u044b\u0435 \u043f\u043b\u044f\u0436\u0438, \u043d\u0430\u0441\u043b\u0430\u0434\u0438\u0442\u0435\u0441\u044c \u043a\u0443\u043f\u0430\u043d\u0438\u0435\u043c \u0432 \u043b\u0430\u0437\u0443\u0440\u043d\u044b\u0445 \u0432\u043e\u0434\u0430\u0445, \u0438\u0441\u0441\u043b\u0435\u0434\u0443\u0439\u0442\u0435 \u043f\u043e\u0434\u0432\u043e\u0434\u043d\u044b\u0435 \u0433\u0440\u043e\u0442\u044b \u0438 \u0431\u0443\u0445\u0442\u044b, \u043d\u0430\u0443\u0447\u0438\u0442\u0435\u0441\u044c \u043e\u0442\u043b\u0438\u0447\u0430\u0442\u044c \u0441\u043c\u0435\u0448\u0435\u043d\u0438\u0435 \u043c\u043e\u0440\u0441\u043a\u043e\u0439 \u0438 \u043f\u0440\u0435\u0441\u043d\u043e\u0439 \u0432\u043e\u0434\u044b!\" \/>\n<meta name=\"robots\" content=\"index, follow, max-snippet:-1, max-image-preview:large, max-video-preview:-1\" \/>\n<link rel=\"canonical\" href=\"https:\/\/skyline-gs.com\/cs\/produkt\/suluada-antalya\/\" \/>\n<meta property=\"og:locale\" content=\"cs_CZ\" \/>\n<meta property=\"og:type\" content=\"article\" \/>\n<meta property=\"og:title\" content=\"\u041e\u0441\u0442\u0440\u043e\u0432 \u0421\u0443\u043b\u0443\u0430\u0434\u0430 \u0438\u0437 \u0410\u043d\u0442\u0430\u043b\u0438\u0438 &#8226; \u042d\u043a\u0441\u043a\u0443\u0440\u0441\u0438\u0438 Skyline\" \/>\n<meta property=\"og:description\" content=\"\u041f\u043e\u0441\u0435\u0442\u0438\u0442\u0435 \u0436\u0438\u0432\u043e\u043f\u0438\u0441\u043d\u044b\u0435 \u043f\u043b\u044f\u0436\u0438, \u043d\u0430\u0441\u043b\u0430\u0434\u0438\u0442\u0435\u0441\u044c \u043a\u0443\u043f\u0430\u043d\u0438\u0435\u043c \u0432 \u043b\u0430\u0437\u0443\u0440\u043d\u044b\u0445 \u0432\u043e\u0434\u0430\u0445, \u0438\u0441\u0441\u043b\u0435\u0434\u0443\u0439\u0442\u0435 \u043f\u043e\u0434\u0432\u043e\u0434\u043d\u044b\u0435 \u0433\u0440\u043e\u0442\u044b \u0438 \u0431\u0443\u0445\u0442\u044b, \u043d\u0430\u0443\u0447\u0438\u0442\u0435\u0441\u044c \u043e\u0442\u043b\u0438\u0447\u0430\u0442\u044c \u0441\u043c\u0435\u0448\u0435\u043d\u0438\u0435 \u043c\u043e\u0440\u0441\u043a\u043e\u0439 \u0438 \u043f\u0440\u0435\u0441\u043d\u043e\u0439 \u0432\u043e\u0434\u044b!\" \/>\n<meta property=\"og:url\" content=\"https:\/\/skyline-gs.com\/cs\/produkt\/suluada-antalya\/\" \/>\n<meta property=\"og:site_name\" content=\"\u042d\u043a\u0441\u043a\u0443\u0440\u0441\u0438\u0438 Skyline\" \/>\n<meta property=\"article:modified_time\" content=\"2025-07-10T20:49:15+00:00\" \/>\n<meta property=\"og:image\" content=\"https:\/\/skyline-gs.com\/wp-content\/uploads\/2025\/06\/\u041e\u0441\u0442\u0440\u043e\u0432-\u0421\u0443\u043b\u0443\u0430\u0434\u0430-16.jpg\" \/>\n\t<meta property=\"og:image:width\" content=\"669\" \/>\n\t<meta property=\"og:image:height\" content=\"446\" \/>\n\t<meta property=\"og:image:type\" content=\"image\/jpeg\" \/>\n<meta name=\"twitter:card\" content=\"summary_large_image\" \/>\n<meta name=\"twitter:label1\" content=\"Odhadovan\u00e1 doba \u010dten\u00ed\" \/>\n\t<meta name=\"twitter:data1\" content=\"1 minuta\" \/>\n<script type=\"application\/ld+json\" class=\"yoast-schema-graph\">{\"@context\":\"https:\\\/\\\/schema.org\",\"@graph\":[{\"@type\":\"WebPage\",\"@id\":\"https:\\\/\\\/skyline-gs.com\\\/pl\\\/produkt\\\/suluada-antalya\\\/\",\"url\":\"https:\\\/\\\/skyline-gs.com\\\/pl\\\/produkt\\\/suluada-antalya\\\/\",\"name\":\"\u041e\u0441\u0442\u0440\u043e\u0432 \u0421\u0443\u043b\u0443\u0430\u0434\u0430 \u0438\u0437 \u0410\u043d\u0442\u0430\u043b\u0438\u0438 &#8226; \u042d\u043a\u0441\u043a\u0443\u0440\u0441\u0438\u0438 Skyline\",\"isPartOf\":{\"@id\":\"https:\\\/\\\/skyline-gs.com\\\/it\\\/#website\"},\"primaryImageOfPage\":{\"@id\":\"https:\\\/\\\/skyline-gs.com\\\/pl\\\/produkt\\\/suluada-antalya\\\/#primaryimage\"},\"image\":{\"@id\":\"https:\\\/\\\/skyline-gs.com\\\/pl\\\/produkt\\\/suluada-antalya\\\/#primaryimage\"},\"thumbnailUrl\":\"https:\\\/\\\/skyline-gs.com\\\/wp-content\\\/uploads\\\/2025\\\/06\\\/\u041e\u0441\u0442\u0440\u043e\u0432-\u0421\u0443\u043b\u0443\u0430\u0434\u0430-16.jpg\",\"datePublished\":\"2025-07-10T20:44:38+00:00\",\"dateModified\":\"2025-07-10T20:49:15+00:00\",\"description\":\"\u041f\u043e\u0441\u0435\u0442\u0438\u0442\u0435 \u0436\u0438\u0432\u043e\u043f\u0438\u0441\u043d\u044b\u0435 \u043f\u043b\u044f\u0436\u0438, \u043d\u0430\u0441\u043b\u0430\u0434\u0438\u0442\u0435\u0441\u044c \u043a\u0443\u043f\u0430\u043d\u0438\u0435\u043c \u0432 \u043b\u0430\u0437\u0443\u0440\u043d\u044b\u0445 \u0432\u043e\u0434\u0430\u0445, \u0438\u0441\u0441\u043b\u0435\u0434\u0443\u0439\u0442\u0435 \u043f\u043e\u0434\u0432\u043e\u0434\u043d\u044b\u0435 \u0433\u0440\u043e\u0442\u044b \u0438 \u0431\u0443\u0445\u0442\u044b, \u043d\u0430\u0443\u0447\u0438\u0442\u0435\u0441\u044c \u043e\u0442\u043b\u0438\u0447\u0430\u0442\u044c \u0441\u043c\u0435\u0448\u0435\u043d\u0438\u0435 \u043c\u043e\u0440\u0441\u043a\u043e\u0439 \u0438 \u043f\u0440\u0435\u0441\u043d\u043e\u0439 \u0432\u043e\u0434\u044b!\",\"breadcrumb\":{\"@id\":\"https:\\\/\\\/skyline-gs.com\\\/pl\\\/produkt\\\/suluada-antalya\\\/#breadcrumb\"},\"inLanguage\":\"cs\",\"potentialAction\":[{\"@type\":\"ReadAction\",\"target\":[\"https:\\\/\\\/skyline-gs.com\\\/pl\\\/produkt\\\/suluada-antalya\\\/\"]}]},{\"@type\":\"ImageObject\",\"inLanguage\":\"cs\",\"@id\":\"https:\\\/\\\/skyline-gs.com\\\/pl\\\/produkt\\\/suluada-antalya\\\/#primaryimage\",\"url\":\"https:\\\/\\\/skyline-gs.com\\\/wp-content\\\/uploads\\\/2025\\\/06\\\/\u041e\u0441\u0442\u0440\u043e\u0432-\u0421\u0443\u043b\u0443\u0430\u0434\u0430-16.jpg\",\"contentUrl\":\"https:\\\/\\\/skyline-gs.com\\\/wp-content\\\/uploads\\\/2025\\\/06\\\/\u041e\u0441\u0442\u0440\u043e\u0432-\u0421\u0443\u043b\u0443\u0430\u0434\u0430-16.jpg\",\"width\":669,\"height\":446},{\"@type\":\"BreadcrumbList\",\"@id\":\"https:\\\/\\\/skyline-gs.com\\\/pl\\\/produkt\\\/suluada-antalya\\\/#breadcrumb\",\"itemListElement\":[{\"@type\":\"ListItem\",\"position\":1,\"name\":\"\u0413\u043b\u0430\u0432\u043d\u0430\u044f \u0441\u0442\u0440\u0430\u043d\u0438\u0446\u0430\",\"item\":\"https:\\\/\\\/skyline-gs.com\\\/hu\\\/\"},{\"@type\":\"ListItem\",\"position\":2,\"name\":\"\u041c\u0430\u0433\u0430\u0437\u0438\u043d\",\"item\":\"https:\\\/\\\/skyline-gs.com\\\/cs\\\/shop\\\/\"},{\"@type\":\"ListItem\",\"position\":3,\"name\":\"\u041e\u0441\u0442\u0440\u043e\u0432 \u0421\u0443\u043b\u0443\u0430\u0434\u0430\"}]},{\"@type\":\"WebSite\",\"@id\":\"https:\\\/\\\/skyline-gs.com\\\/it\\\/#website\",\"url\":\"https:\\\/\\\/skyline-gs.com\\\/it\\\/\",\"name\":\"\u042d\u043a\u0441\u043a\u0443\u0440\u0441\u0438\u0438 Skyline\",\"description\":\"\u042d\u043a\u0441\u043a\u043b\u044e\u0437\u0438\u0432\u043d\u044b\u0435 \u044d\u043a\u0441\u043a\u0443\u0440\u0441\u0438\u0438 \u043d\u0430 \u043b\u0443\u0447\u0448\u0438\u0445 \u043a\u0443\u0440\u043e\u0440\u0442\u0430\u0445 \u043c\u0438\u0440\u0430\",\"publisher\":{\"@id\":\"https:\\\/\\\/skyline-gs.com\\\/it\\\/#organization\"},\"alternateName\":\"Skyline\",\"potentialAction\":[{\"@type\":\"SearchAction\",\"target\":{\"@type\":\"EntryPoint\",\"urlTemplate\":\"https:\\\/\\\/skyline-gs.com\\\/it\\\/?s={search_term_string}\"},\"query-input\":{\"@type\":\"PropertyValueSpecification\",\"valueRequired\":true,\"valueName\":\"search_term_string\"}}],\"inLanguage\":\"cs\"},{\"@type\":\"Organization\",\"@id\":\"https:\\\/\\\/skyline-gs.com\\\/it\\\/#organization\",\"name\":\"\u042d\u043a\u0441\u043a\u0443\u0440\u0441\u0438\u0438 Skyline\",\"alternateName\":\"\u042d\u043a\u0441\u043a\u0443\u0440\u0441\u0438\u0438 Skyline\",\"url\":\"https:\\\/\\\/skyline-gs.com\\\/it\\\/\",\"logo\":{\"@type\":\"ImageObject\",\"inLanguage\":\"cs\",\"@id\":\"https:\\\/\\\/skyline-gs.com\\\/it\\\/#\\\/schema\\\/logo\\\/image\\\/\",\"url\":\"https:\\\/\\\/skyline-gs.com\\\/wp-content\\\/uploads\\\/2020\\\/12\\\/cropped-logo-2.png\",\"contentUrl\":\"https:\\\/\\\/skyline-gs.com\\\/wp-content\\\/uploads\\\/2020\\\/12\\\/cropped-logo-2.png\",\"width\":512,\"height\":512,\"caption\":\"\u042d\u043a\u0441\u043a\u0443\u0440\u0441\u0438\u0438 Skyline\"},\"image\":{\"@id\":\"https:\\\/\\\/skyline-gs.com\\\/it\\\/#\\\/schema\\\/logo\\\/image\\\/\"},\"sameAs\":[\"https:\\\/\\\/www.instagram.com\\\/skylineglobalservice\\\/\"]}]}<\/script>\n<!-- \/ Yoast SEO plugin. -->","yoast_head_json":{"title":"\u041e\u0441\u0442\u0440\u043e\u0432 \u0421\u0443\u043b\u0443\u0430\u0434\u0430 \u0438\u0437 \u0410\u043d\u0442\u0430\u043b\u0438\u0438 &#8226; \u042d\u043a\u0441\u043a\u0443\u0440\u0441\u0438\u0438 Skyline","description":"\u041f\u043e\u0441\u0435\u0442\u0438\u0442\u0435 \u0436\u0438\u0432\u043e\u043f\u0438\u0441\u043d\u044b\u0435 \u043f\u043b\u044f\u0436\u0438, \u043d\u0430\u0441\u043b\u0430\u0434\u0438\u0442\u0435\u0441\u044c \u043a\u0443\u043f\u0430\u043d\u0438\u0435\u043c \u0432 \u043b\u0430\u0437\u0443\u0440\u043d\u044b\u0445 \u0432\u043e\u0434\u0430\u0445, \u0438\u0441\u0441\u043b\u0435\u0434\u0443\u0439\u0442\u0435 \u043f\u043e\u0434\u0432\u043e\u0434\u043d\u044b\u0435 \u0433\u0440\u043e\u0442\u044b \u0438 \u0431\u0443\u0445\u0442\u044b, \u043d\u0430\u0443\u0447\u0438\u0442\u0435\u0441\u044c \u043e\u0442\u043b\u0438\u0447\u0430\u0442\u044c \u0441\u043c\u0435\u0448\u0435\u043d\u0438\u0435 \u043c\u043e\u0440\u0441\u043a\u043e\u0439 \u0438 \u043f\u0440\u0435\u0441\u043d\u043e\u0439 \u0432\u043e\u0434\u044b!","robots":{"index":"index","follow":"follow","max-snippet":"max-snippet:-1","max-image-preview":"max-image-preview:large","max-video-preview":"max-video-preview:-1"},"canonical":"https:\/\/skyline-gs.com\/cs\/produkt\/suluada-antalya\/","og_locale":"cs_CZ","og_type":"article","og_title":"\u041e\u0441\u0442\u0440\u043e\u0432 \u0421\u0443\u043b\u0443\u0430\u0434\u0430 \u0438\u0437 \u0410\u043d\u0442\u0430\u043b\u0438\u0438 &#8226; \u042d\u043a\u0441\u043a\u0443\u0440\u0441\u0438\u0438 Skyline","og_description":"\u041f\u043e\u0441\u0435\u0442\u0438\u0442\u0435 \u0436\u0438\u0432\u043e\u043f\u0438\u0441\u043d\u044b\u0435 \u043f\u043b\u044f\u0436\u0438, \u043d\u0430\u0441\u043b\u0430\u0434\u0438\u0442\u0435\u0441\u044c \u043a\u0443\u043f\u0430\u043d\u0438\u0435\u043c \u0432 \u043b\u0430\u0437\u0443\u0440\u043d\u044b\u0445 \u0432\u043e\u0434\u0430\u0445, \u0438\u0441\u0441\u043b\u0435\u0434\u0443\u0439\u0442\u0435 \u043f\u043e\u0434\u0432\u043e\u0434\u043d\u044b\u0435 \u0433\u0440\u043e\u0442\u044b \u0438 \u0431\u0443\u0445\u0442\u044b, \u043d\u0430\u0443\u0447\u0438\u0442\u0435\u0441\u044c \u043e\u0442\u043b\u0438\u0447\u0430\u0442\u044c \u0441\u043c\u0435\u0448\u0435\u043d\u0438\u0435 \u043c\u043e\u0440\u0441\u043a\u043e\u0439 \u0438 \u043f\u0440\u0435\u0441\u043d\u043e\u0439 \u0432\u043e\u0434\u044b!","og_url":"https:\/\/skyline-gs.com\/cs\/produkt\/suluada-antalya\/","og_site_name":"\u042d\u043a\u0441\u043a\u0443\u0440\u0441\u0438\u0438 Skyline","article_modified_time":"2025-07-10T20:49:15+00:00","og_image":[{"width":669,"height":446,"url":"https:\/\/skyline-gs.com\/wp-content\/uploads\/2025\/06\/\u041e\u0441\u0442\u0440\u043e\u0432-\u0421\u0443\u043b\u0443\u0430\u0434\u0430-16.jpg","type":"image\/jpeg"}],"twitter_card":"summary_large_image","twitter_misc":{"Odhadovan\u00e1 doba \u010dten\u00ed":"1 minuta"},"schema":{"@context":"https:\/\/schema.org","@graph":[{"@type":"WebPage","@id":"https:\/\/skyline-gs.com\/pl\/produkt\/suluada-antalya\/","url":"https:\/\/skyline-gs.com\/pl\/produkt\/suluada-antalya\/","name":"\u041e\u0441\u0442\u0440\u043e\u0432 \u0421\u0443\u043b\u0443\u0430\u0434\u0430 \u0438\u0437 \u0410\u043d\u0442\u0430\u043b\u0438\u0438 &#8226; \u042d\u043a\u0441\u043a\u0443\u0440\u0441\u0438\u0438 Skyline","isPartOf":{"@id":"https:\/\/skyline-gs.com\/it\/#website"},"primaryImageOfPage":{"@id":"https:\/\/skyline-gs.com\/pl\/produkt\/suluada-antalya\/#primaryimage"},"image":{"@id":"https:\/\/skyline-gs.com\/pl\/produkt\/suluada-antalya\/#primaryimage"},"thumbnailUrl":"https:\/\/skyline-gs.com\/wp-content\/uploads\/2025\/06\/\u041e\u0441\u0442\u0440\u043e\u0432-\u0421\u0443\u043b\u0443\u0430\u0434\u0430-16.jpg","datePublished":"2025-07-10T20:44:38+00:00","dateModified":"2025-07-10T20:49:15+00:00","description":"\u041f\u043e\u0441\u0435\u0442\u0438\u0442\u0435 \u0436\u0438\u0432\u043e\u043f\u0438\u0441\u043d\u044b\u0435 \u043f\u043b\u044f\u0436\u0438, \u043d\u0430\u0441\u043b\u0430\u0434\u0438\u0442\u0435\u0441\u044c \u043a\u0443\u043f\u0430\u043d\u0438\u0435\u043c \u0432 \u043b\u0430\u0437\u0443\u0440\u043d\u044b\u0445 \u0432\u043e\u0434\u0430\u0445, \u0438\u0441\u0441\u043b\u0435\u0434\u0443\u0439\u0442\u0435 \u043f\u043e\u0434\u0432\u043e\u0434\u043d\u044b\u0435 \u0433\u0440\u043e\u0442\u044b \u0438 \u0431\u0443\u0445\u0442\u044b, \u043d\u0430\u0443\u0447\u0438\u0442\u0435\u0441\u044c \u043e\u0442\u043b\u0438\u0447\u0430\u0442\u044c \u0441\u043c\u0435\u0448\u0435\u043d\u0438\u0435 \u043c\u043e\u0440\u0441\u043a\u043e\u0439 \u0438 \u043f\u0440\u0435\u0441\u043d\u043e\u0439 \u0432\u043e\u0434\u044b!","breadcrumb":{"@id":"https:\/\/skyline-gs.com\/pl\/produkt\/suluada-antalya\/#breadcrumb"},"inLanguage":"cs","potentialAction":[{"@type":"ReadAction","target":["https:\/\/skyline-gs.com\/pl\/produkt\/suluada-antalya\/"]}]},{"@type":"ImageObject","inLanguage":"cs","@id":"https:\/\/skyline-gs.com\/pl\/produkt\/suluada-antalya\/#primaryimage","url":"https:\/\/skyline-gs.com\/wp-content\/uploads\/2025\/06\/\u041e\u0441\u0442\u0440\u043e\u0432-\u0421\u0443\u043b\u0443\u0430\u0434\u0430-16.jpg","contentUrl":"https:\/\/skyline-gs.com\/wp-content\/uploads\/2025\/06\/\u041e\u0441\u0442\u0440\u043e\u0432-\u0421\u0443\u043b\u0443\u0430\u0434\u0430-16.jpg","width":669,"height":446},{"@type":"BreadcrumbList","@id":"https:\/\/skyline-gs.com\/pl\/produkt\/suluada-antalya\/#breadcrumb","itemListElement":[{"@type":"ListItem","position":1,"name":"\u0413\u043b\u0430\u0432\u043d\u0430\u044f \u0441\u0442\u0440\u0430\u043d\u0438\u0446\u0430","item":"https:\/\/skyline-gs.com\/hu\/"},{"@type":"ListItem","position":2,"name":"\u041c\u0430\u0433\u0430\u0437\u0438\u043d","item":"https:\/\/skyline-gs.com\/cs\/shop\/"},{"@type":"ListItem","position":3,"name":"\u041e\u0441\u0442\u0440\u043e\u0432 \u0421\u0443\u043b\u0443\u0430\u0434\u0430"}]},{"@type":"WebSite","@id":"https:\/\/skyline-gs.com\/it\/#website","url":"https:\/\/skyline-gs.com\/it\/","name":"Skyline V\u00fdlety","description":"Exkluzivn\u00ed v\u00fdlety do nejlep\u0161\u00edch sv\u011btov\u00fdch letovisek","publisher":{"@id":"https:\/\/skyline-gs.com\/it\/#organization"},"alternateName":"Skyline","potentialAction":[{"@type":"SearchAction","target":{"@type":"EntryPoint","urlTemplate":"https:\/\/skyline-gs.com\/it\/?s={search_term_string}"},"query-input":{"@type":"PropertyValueSpecification","valueRequired":true,"valueName":"search_term_string"}}],"inLanguage":"cs"},{"@type":"Organization","@id":"https:\/\/skyline-gs.com\/it\/#organization","name":"Skyline V\u00fdlety","alternateName":"\u042d\u043a\u0441\u043a\u0443\u0440\u0441\u0438\u0438 Skyline","url":"https:\/\/skyline-gs.com\/it\/","logo":{"@type":"ImageObject","inLanguage":"cs","@id":"https:\/\/skyline-gs.com\/it\/#\/schema\/logo\/image\/","url":"https:\/\/skyline-gs.com\/wp-content\/uploads\/2020\/12\/cropped-logo-2.png","contentUrl":"https:\/\/skyline-gs.com\/wp-content\/uploads\/2020\/12\/cropped-logo-2.png","width":512,"height":512,"caption":"\u042d\u043a\u0441\u043a\u0443\u0440\u0441\u0438\u0438 Skyline"},"image":{"@id":"https:\/\/skyline-gs.com\/it\/#\/schema\/logo\/image\/"},"sameAs":["https:\/\/www.instagram.com\/skylineglobalservice\/"]}]}},"_links":{"self":[{"href":"https:\/\/skyline-gs.com\/cs\/wp-json\/wp\/v2\/product\/64696","targetHints":{"allow":["GET"]}}],"collection":[{"href":"https:\/\/skyline-gs.com\/cs\/wp-json\/wp\/v2\/product"}],"about":[{"href":"https:\/\/skyline-gs.com\/cs\/wp-json\/wp\/v2\/types\/product"}],"version-history":[{"count":0,"href":"https:\/\/skyline-gs.com\/cs\/wp-json\/wp\/v2\/product\/64696\/revisions"}],"wp:featuredmedia":[{"embeddable":true,"href":"https:\/\/skyline-gs.com\/cs\/wp-json\/wp\/v2\/media\/64293"}],"wp:attachment":[{"href":"https:\/\/skyline-gs.com\/cs\/wp-json\/wp\/v2\/media?parent=64696"}],"wp:term":[{"taxonomy":"product_brand","embeddable":true,"href":"https:\/\/skyline-gs.com\/cs\/wp-json\/wp\/v2\/product_brand?post=64696"},{"taxonomy":"product_cat","embeddable":true,"href":"https:\/\/skyline-gs.com\/cs\/wp-json\/wp\/v2\/product_cat?post=64696"},{"taxonomy":"product_tag","embeddable":true,"href":"https:\/\/skyline-gs.com\/cs\/wp-json\/wp\/v2\/product_tag?post=64696"}],"curies":[{"name":"wp","href":"https:\/\/api.w.org\/{rel}","templated":true}]}}