{"id":64267,"date":"2025-06-15T00:16:45","date_gmt":"2025-06-14T22:16:45","guid":{"rendered":"http:\/\/skyline-gs.com\/?post_type=product&#038;p=64267"},"modified":"2025-06-16T23:20:43","modified_gmt":"2025-06-16T21:20:43","slug":"dinopark-entertainment-park-kemer","status":"publish","type":"product","link":"https:\/\/skyline-gs.com\/cs\/product\/dinopark-entertainment-park-kemer\/","title":{"rendered":"Z\u00e1bavn\u00ed park Dinopark"},"content":{"rendered":"<p>N\u00e1v\u0161t\u011bva jednoho z nejv\u011bt\u0161\u00edch dinopark\u016f v Turecku. Ide\u00e1ln\u00ed pro rodiny s d\u011btmi: dinosau\u0159i, zoo, baz\u00e9n, trampol\u00edny a lanov\u00e9 p\u0159ek\u00e1\u017eky.<\/p>\n<p data-start=\"450\" data-end=\"499\"><strong>9:00 - Odjezd z hotelu.<\/strong><\/p>\n<ul>\n<li>P\u0159\u00edjezd do vesnice Goyniuk<\/li>\n<li>Dostanete vstupenku a prohl\u00e9dnete si park<\/li>\n<li>30 model\u016f dinosaur\u016f v m\u011b\u0159\u00edtku 1:1<\/li>\n<li>Lanov\u00e9 p\u0159ek\u00e1\u017eky<\/li>\n<li>Trampol\u00edny<\/li>\n<li>Kontaktn\u00ed zoo<\/li>\n<li>D\u011btsk\u00fd baz\u00e9n<\/li>\n<li>Interaktivn\u00ed z\u00f3ny<\/li>\n<li>Kav\u00e1rny a obchody se suven\u00fdry<\/li>\n<\/ul>\n<p data-start=\"764\" data-end=\"809\"><strong>12:30 N\u00e1vrat do hotelu.<\/strong><\/p>\n<p><strong>V\u010detn\u011b:<\/strong><\/p>\n<ul>\n<li>Transfery z hotelu a do hotelu<\/li>\n<li>Vstupenka do parku<\/li>\n<li>Lanov\u00e9 p\u0159ek\u00e1\u017eky<\/li>\n<li>Trampol\u00edny<\/li>\n<li>Kontaktn\u00ed zoo<\/li>\n<li>Plaveck\u00fd baz\u00e9n<\/li>\n<li>Doprovodn\u00e9 str\u00e1nky<\/li>\n<\/ul>\n<p><strong>Nen\u00ed sou\u010d\u00e1st\u00ed dod\u00e1vky:<\/strong><\/p>\n<ul>\n<li>7D kino<\/li>\n<li>M\u00edstnost strachu<\/li>\n<li>J\u00edzda autem s dinosaury.<\/li>\n<li>J\u00eddlo a pit\u00ed<\/li>\n<li>Profesion\u00e1ln\u00ed fotografie<\/li>\n<li>J\u00edzda na koni<\/li>\n<li>Mechanick\u00e9 rypadlo<\/li>\n<\/ul>\n<p><strong>Vezm\u011bte si ji s sebou:<\/strong><\/p>\n<ul>\n<li>Plavky a ru\u010dn\u00edk<\/li>\n<li>Pokr\u00fdvka hlavy<\/li>\n<li>Opalovac\u00ed kr\u00e9m a slune\u010dn\u00ed br\u00fdle<\/li>\n<li>Hotovost na osobn\u00ed v\u00fddaje<\/li>\n<\/ul>","protected":false},"excerpt":{"rendered":"<p><strong>Doba prohl\u00eddky:<\/strong> 9:00 - 12:30 nebo 13:00 - 16:30 hod.<\/p>\n<p><strong>Dny zadr\u017een\u00ed:<\/strong> Ka\u017ed\u00fd den.<\/p>","protected":false},"featured_media":64303,"template":"","meta":{"_kad_post_transparent":"default","_kad_post_title":"","_kad_post_layout":"default","_kad_post_sidebar_id":"","_kad_post_content_style":"default","_kad_post_vertical_padding":"default","_kad_post_feature":"","_kad_post_feature_position":"","_kad_post_header":false,"_kad_post_footer":false,"_kad_post_classname":"","_glsr_average":0,"_glsr_ranking":0,"_glsr_reviews":0},"product_brand":[],"product_cat":[448],"product_tag":[],"class_list":{"0":"post-64267","1":"product","2":"type-product","3":"status-publish","4":"has-post-thumbnail","6":"product_cat-kemer","7":"tm-has-options","9":"first","10":"instock","11":"sold-individually","12":"taxable","13":"shipping-taxable","14":"purchasable","15":"product-type-simple","16":"entry","17":"content-bg","18":"loop-entry"},"yoast_head":"<!-- This site is optimized with the Yoast SEO plugin v27.3 - https:\/\/yoast.com\/product\/yoast-seo-wordpress\/ -->\n<title>\u041f\u0430\u0440\u043a \u0440\u0430\u0437\u0432\u043b\u0435\u0447\u0435\u043d\u0438\u0439 \u0414\u0438\u043d\u043e\u043f\u0430\u0440\u043a \u0438\u0437 \u041a\u0435\u043c\u0435\u0440\u0430 &#8226; \u042d\u043a\u0441\u043a\u0443\u0440\u0441\u0438\u0438 Skyline<\/title>\n<meta name=\"description\" content=\"\u041f\u043e\u0441\u0435\u0449\u0435\u043d\u0438\u0435 \u043e\u0434\u043d\u043e\u0433\u043e \u0438\u0437 \u0441\u0430\u043c\u044b\u0445 \u0431\u043e\u043b\u044c\u0448\u0438\u0445 \u0434\u0438\u043d\u043e\u043f\u0430\u0440\u043a\u043e\u0432 \u0422\u0443\u0440\u0446\u0438\u0438. \u0418\u0434\u0435\u0430\u043b\u044c\u043d\u043e \u0434\u043b\u044f \u0441\u0435\u043c\u0435\u0439 \u0441 \u0434\u0435\u0442\u044c\u043c\u0438: \u0434\u0438\u043d\u043e\u0437\u0430\u0432\u0440\u044b, \u0437\u043e\u043e\u043f\u0430\u0440\u043a, \u0431\u0430\u0441\u0441\u0435\u0439\u043d, \u0431\u0430\u0442\u0443\u0442\u044b \u0438 \u0432\u0435\u0440\u0435\u0432\u043e\u0447\u043d\u0430\u044f \u043f\u043e\u043b\u043e\u0441\u0430 \u043f\u0440\u0435\u043f\u044f\u0442\u0441\u0442\u0432\u0438\u0439.\" \/>\n<meta name=\"robots\" content=\"index, follow, max-snippet:-1, max-image-preview:large, max-video-preview:-1\" \/>\n<link rel=\"canonical\" href=\"http:\/\/skyline-gs.com\/cs\/produkt\/dinopark-entertainment-park-kemer\/\" \/>\n<meta property=\"og:locale\" content=\"cs_CZ\" \/>\n<meta property=\"og:type\" content=\"article\" \/>\n<meta property=\"og:title\" content=\"\u041f\u0430\u0440\u043a \u0440\u0430\u0437\u0432\u043b\u0435\u0447\u0435\u043d\u0438\u0439 \u0414\u0438\u043d\u043e\u043f\u0430\u0440\u043a \u0438\u0437 \u041a\u0435\u043c\u0435\u0440\u0430 &#8226; \u042d\u043a\u0441\u043a\u0443\u0440\u0441\u0438\u0438 Skyline\" \/>\n<meta property=\"og:description\" content=\"\u041f\u043e\u0441\u0435\u0449\u0435\u043d\u0438\u0435 \u043e\u0434\u043d\u043e\u0433\u043e \u0438\u0437 \u0441\u0430\u043c\u044b\u0445 \u0431\u043e\u043b\u044c\u0448\u0438\u0445 \u0434\u0438\u043d\u043e\u043f\u0430\u0440\u043a\u043e\u0432 \u0422\u0443\u0440\u0446\u0438\u0438. \u0418\u0434\u0435\u0430\u043b\u044c\u043d\u043e \u0434\u043b\u044f \u0441\u0435\u043c\u0435\u0439 \u0441 \u0434\u0435\u0442\u044c\u043c\u0438: \u0434\u0438\u043d\u043e\u0437\u0430\u0432\u0440\u044b, \u0437\u043e\u043e\u043f\u0430\u0440\u043a, \u0431\u0430\u0441\u0441\u0435\u0439\u043d, \u0431\u0430\u0442\u0443\u0442\u044b \u0438 \u0432\u0435\u0440\u0435\u0432\u043e\u0447\u043d\u0430\u044f \u043f\u043e\u043b\u043e\u0441\u0430 \u043f\u0440\u0435\u043f\u044f\u0442\u0441\u0442\u0432\u0438\u0439.\" \/>\n<meta property=\"og:url\" content=\"http:\/\/skyline-gs.com\/cs\/produkt\/dinopark-entertainment-park-kemer\/\" \/>\n<meta property=\"og:site_name\" content=\"\u042d\u043a\u0441\u043a\u0443\u0440\u0441\u0438\u0438 Skyline\" \/>\n<meta property=\"article:modified_time\" content=\"2025-06-16T21:20:43+00:00\" \/>\n<meta property=\"og:image\" content=\"https:\/\/skyline-gs.com\/wp-content\/uploads\/2025\/06\/\u041f\u0430\u0440\u043a-\u0440\u0430\u0437\u0432\u043b\u0435\u0447\u0435\u043d\u0438\u0439-\u0414\u0438\u043d\u043e\u043f\u0430\u0440\u043a-6.jpg\" \/>\n\t<meta property=\"og:image:width\" content=\"669\" \/>\n\t<meta property=\"og:image:height\" content=\"446\" \/>\n\t<meta property=\"og:image:type\" content=\"image\/jpeg\" \/>\n<meta name=\"twitter:card\" content=\"summary_large_image\" \/>\n<meta name=\"twitter:label1\" content=\"Odhadovan\u00e1 doba \u010dten\u00ed\" \/>\n\t<meta name=\"twitter:data1\" content=\"1 minuta\" \/>\n<script type=\"application\/ld+json\" class=\"yoast-schema-graph\">{\"@context\":\"https:\\\/\\\/schema.org\",\"@graph\":[{\"@type\":\"WebPage\",\"@id\":\"http:\\\/\\\/skyline-gs.com\\\/de\\\/produkt\\\/dinopark-entertainment-park-kemer\\\/\",\"url\":\"http:\\\/\\\/skyline-gs.com\\\/de\\\/produkt\\\/dinopark-entertainment-park-kemer\\\/\",\"name\":\"\u041f\u0430\u0440\u043a \u0440\u0430\u0437\u0432\u043b\u0435\u0447\u0435\u043d\u0438\u0439 \u0414\u0438\u043d\u043e\u043f\u0430\u0440\u043a \u0438\u0437 \u041a\u0435\u043c\u0435\u0440\u0430 &#8226; \u042d\u043a\u0441\u043a\u0443\u0440\u0441\u0438\u0438 Skyline\",\"isPartOf\":{\"@id\":\"https:\\\/\\\/skyline-gs.com\\\/it\\\/#website\"},\"primaryImageOfPage\":{\"@id\":\"http:\\\/\\\/skyline-gs.com\\\/de\\\/produkt\\\/dinopark-entertainment-park-kemer\\\/#primaryimage\"},\"image\":{\"@id\":\"http:\\\/\\\/skyline-gs.com\\\/de\\\/produkt\\\/dinopark-entertainment-park-kemer\\\/#primaryimage\"},\"thumbnailUrl\":\"https:\\\/\\\/skyline-gs.com\\\/wp-content\\\/uploads\\\/2025\\\/06\\\/\u041f\u0430\u0440\u043a-\u0440\u0430\u0437\u0432\u043b\u0435\u0447\u0435\u043d\u0438\u0439-\u0414\u0438\u043d\u043e\u043f\u0430\u0440\u043a-6.jpg\",\"datePublished\":\"2025-06-14T22:16:45+00:00\",\"dateModified\":\"2025-06-16T21:20:43+00:00\",\"description\":\"\u041f\u043e\u0441\u0435\u0449\u0435\u043d\u0438\u0435 \u043e\u0434\u043d\u043e\u0433\u043e \u0438\u0437 \u0441\u0430\u043c\u044b\u0445 \u0431\u043e\u043b\u044c\u0448\u0438\u0445 \u0434\u0438\u043d\u043e\u043f\u0430\u0440\u043a\u043e\u0432 \u0422\u0443\u0440\u0446\u0438\u0438. \u0418\u0434\u0435\u0430\u043b\u044c\u043d\u043e \u0434\u043b\u044f \u0441\u0435\u043c\u0435\u0439 \u0441 \u0434\u0435\u0442\u044c\u043c\u0438: \u0434\u0438\u043d\u043e\u0437\u0430\u0432\u0440\u044b, \u0437\u043e\u043e\u043f\u0430\u0440\u043a, \u0431\u0430\u0441\u0441\u0435\u0439\u043d, \u0431\u0430\u0442\u0443\u0442\u044b \u0438 \u0432\u0435\u0440\u0435\u0432\u043e\u0447\u043d\u0430\u044f \u043f\u043e\u043b\u043e\u0441\u0430 \u043f\u0440\u0435\u043f\u044f\u0442\u0441\u0442\u0432\u0438\u0439.\",\"breadcrumb\":{\"@id\":\"http:\\\/\\\/skyline-gs.com\\\/de\\\/produkt\\\/dinopark-entertainment-park-kemer\\\/#breadcrumb\"},\"inLanguage\":\"cs\",\"potentialAction\":[{\"@type\":\"ReadAction\",\"target\":[\"http:\\\/\\\/skyline-gs.com\\\/de\\\/produkt\\\/dinopark-entertainment-park-kemer\\\/\"]}]},{\"@type\":\"ImageObject\",\"inLanguage\":\"cs\",\"@id\":\"http:\\\/\\\/skyline-gs.com\\\/de\\\/produkt\\\/dinopark-entertainment-park-kemer\\\/#primaryimage\",\"url\":\"https:\\\/\\\/skyline-gs.com\\\/wp-content\\\/uploads\\\/2025\\\/06\\\/\u041f\u0430\u0440\u043a-\u0440\u0430\u0437\u0432\u043b\u0435\u0447\u0435\u043d\u0438\u0439-\u0414\u0438\u043d\u043e\u043f\u0430\u0440\u043a-6.jpg\",\"contentUrl\":\"https:\\\/\\\/skyline-gs.com\\\/wp-content\\\/uploads\\\/2025\\\/06\\\/\u041f\u0430\u0440\u043a-\u0440\u0430\u0437\u0432\u043b\u0435\u0447\u0435\u043d\u0438\u0439-\u0414\u0438\u043d\u043e\u043f\u0430\u0440\u043a-6.jpg\",\"width\":669,\"height\":446},{\"@type\":\"BreadcrumbList\",\"@id\":\"http:\\\/\\\/skyline-gs.com\\\/de\\\/produkt\\\/dinopark-entertainment-park-kemer\\\/#breadcrumb\",\"itemListElement\":[{\"@type\":\"ListItem\",\"position\":1,\"name\":\"\u0413\u043b\u0430\u0432\u043d\u0430\u044f \u0441\u0442\u0440\u0430\u043d\u0438\u0446\u0430\",\"item\":\"https:\\\/\\\/skyline-gs.com\\\/hu\\\/\"},{\"@type\":\"ListItem\",\"position\":2,\"name\":\"\u041c\u0430\u0433\u0430\u0437\u0438\u043d\",\"item\":\"https:\\\/\\\/skyline-gs.com\\\/cs\\\/shop\\\/\"},{\"@type\":\"ListItem\",\"position\":3,\"name\":\"\u041f\u0430\u0440\u043a \u0440\u0430\u0437\u0432\u043b\u0435\u0447\u0435\u043d\u0438\u0439 \u0414\u0438\u043d\u043e\u043f\u0430\u0440\u043a\"}]},{\"@type\":\"WebSite\",\"@id\":\"https:\\\/\\\/skyline-gs.com\\\/it\\\/#website\",\"url\":\"https:\\\/\\\/skyline-gs.com\\\/it\\\/\",\"name\":\"\u042d\u043a\u0441\u043a\u0443\u0440\u0441\u0438\u0438 Skyline\",\"description\":\"\u042d\u043a\u0441\u043a\u043b\u044e\u0437\u0438\u0432\u043d\u044b\u0435 \u044d\u043a\u0441\u043a\u0443\u0440\u0441\u0438\u0438 \u043d\u0430 \u043b\u0443\u0447\u0448\u0438\u0445 \u043a\u0443\u0440\u043e\u0440\u0442\u0430\u0445 \u043c\u0438\u0440\u0430\",\"publisher\":{\"@id\":\"https:\\\/\\\/skyline-gs.com\\\/it\\\/#organization\"},\"alternateName\":\"Skyline\",\"potentialAction\":[{\"@type\":\"SearchAction\",\"target\":{\"@type\":\"EntryPoint\",\"urlTemplate\":\"https:\\\/\\\/skyline-gs.com\\\/it\\\/?s={search_term_string}\"},\"query-input\":{\"@type\":\"PropertyValueSpecification\",\"valueRequired\":true,\"valueName\":\"search_term_string\"}}],\"inLanguage\":\"cs\"},{\"@type\":\"Organization\",\"@id\":\"https:\\\/\\\/skyline-gs.com\\\/it\\\/#organization\",\"name\":\"\u042d\u043a\u0441\u043a\u0443\u0440\u0441\u0438\u0438 Skyline\",\"alternateName\":\"\u042d\u043a\u0441\u043a\u0443\u0440\u0441\u0438\u0438 Skyline\",\"url\":\"https:\\\/\\\/skyline-gs.com\\\/it\\\/\",\"logo\":{\"@type\":\"ImageObject\",\"inLanguage\":\"cs\",\"@id\":\"https:\\\/\\\/skyline-gs.com\\\/it\\\/#\\\/schema\\\/logo\\\/image\\\/\",\"url\":\"https:\\\/\\\/skyline-gs.com\\\/wp-content\\\/uploads\\\/2020\\\/12\\\/cropped-logo-2.png\",\"contentUrl\":\"https:\\\/\\\/skyline-gs.com\\\/wp-content\\\/uploads\\\/2020\\\/12\\\/cropped-logo-2.png\",\"width\":512,\"height\":512,\"caption\":\"\u042d\u043a\u0441\u043a\u0443\u0440\u0441\u0438\u0438 Skyline\"},\"image\":{\"@id\":\"https:\\\/\\\/skyline-gs.com\\\/it\\\/#\\\/schema\\\/logo\\\/image\\\/\"},\"sameAs\":[\"https:\\\/\\\/www.instagram.com\\\/skylineglobalservice\\\/\"]}]}<\/script>\n<!-- \/ Yoast SEO plugin. -->","yoast_head_json":{"title":"\u041f\u0430\u0440\u043a \u0440\u0430\u0437\u0432\u043b\u0435\u0447\u0435\u043d\u0438\u0439 \u0414\u0438\u043d\u043e\u043f\u0430\u0440\u043a \u0438\u0437 \u041a\u0435\u043c\u0435\u0440\u0430 &#8226; \u042d\u043a\u0441\u043a\u0443\u0440\u0441\u0438\u0438 Skyline","description":"N\u00e1v\u0161t\u011bva jednoho z nejv\u011bt\u0161\u00edch dinopark\u016f v Turecku. Ide\u00e1ln\u00ed pro rodiny s d\u011btmi: dinosau\u0159i, zoo, baz\u00e9n, trampol\u00edny a lanov\u00e9 p\u0159ek\u00e1\u017eky.","robots":{"index":"index","follow":"follow","max-snippet":"max-snippet:-1","max-image-preview":"max-image-preview:large","max-video-preview":"max-video-preview:-1"},"canonical":"http:\/\/skyline-gs.com\/cs\/produkt\/dinopark-entertainment-park-kemer\/","og_locale":"cs_CZ","og_type":"article","og_title":"\u041f\u0430\u0440\u043a \u0440\u0430\u0437\u0432\u043b\u0435\u0447\u0435\u043d\u0438\u0439 \u0414\u0438\u043d\u043e\u043f\u0430\u0440\u043a \u0438\u0437 \u041a\u0435\u043c\u0435\u0440\u0430 &#8226; \u042d\u043a\u0441\u043a\u0443\u0440\u0441\u0438\u0438 Skyline","og_description":"\u041f\u043e\u0441\u0435\u0449\u0435\u043d\u0438\u0435 \u043e\u0434\u043d\u043e\u0433\u043e \u0438\u0437 \u0441\u0430\u043c\u044b\u0445 \u0431\u043e\u043b\u044c\u0448\u0438\u0445 \u0434\u0438\u043d\u043e\u043f\u0430\u0440\u043a\u043e\u0432 \u0422\u0443\u0440\u0446\u0438\u0438. \u0418\u0434\u0435\u0430\u043b\u044c\u043d\u043e \u0434\u043b\u044f \u0441\u0435\u043c\u0435\u0439 \u0441 \u0434\u0435\u0442\u044c\u043c\u0438: \u0434\u0438\u043d\u043e\u0437\u0430\u0432\u0440\u044b, \u0437\u043e\u043e\u043f\u0430\u0440\u043a, \u0431\u0430\u0441\u0441\u0435\u0439\u043d, \u0431\u0430\u0442\u0443\u0442\u044b \u0438 \u0432\u0435\u0440\u0435\u0432\u043e\u0447\u043d\u0430\u044f \u043f\u043e\u043b\u043e\u0441\u0430 \u043f\u0440\u0435\u043f\u044f\u0442\u0441\u0442\u0432\u0438\u0439.","og_url":"http:\/\/skyline-gs.com\/cs\/produkt\/dinopark-entertainment-park-kemer\/","og_site_name":"\u042d\u043a\u0441\u043a\u0443\u0440\u0441\u0438\u0438 Skyline","article_modified_time":"2025-06-16T21:20:43+00:00","og_image":[{"width":669,"height":446,"url":"https:\/\/skyline-gs.com\/wp-content\/uploads\/2025\/06\/\u041f\u0430\u0440\u043a-\u0440\u0430\u0437\u0432\u043b\u0435\u0447\u0435\u043d\u0438\u0439-\u0414\u0438\u043d\u043e\u043f\u0430\u0440\u043a-6.jpg","type":"image\/jpeg"}],"twitter_card":"summary_large_image","twitter_misc":{"Odhadovan\u00e1 doba \u010dten\u00ed":"1 minuta"},"schema":{"@context":"https:\/\/schema.org","@graph":[{"@type":"WebPage","@id":"http:\/\/skyline-gs.com\/de\/produkt\/dinopark-entertainment-park-kemer\/","url":"http:\/\/skyline-gs.com\/de\/produkt\/dinopark-entertainment-park-kemer\/","name":"\u041f\u0430\u0440\u043a \u0440\u0430\u0437\u0432\u043b\u0435\u0447\u0435\u043d\u0438\u0439 \u0414\u0438\u043d\u043e\u043f\u0430\u0440\u043a \u0438\u0437 \u041a\u0435\u043c\u0435\u0440\u0430 &#8226; \u042d\u043a\u0441\u043a\u0443\u0440\u0441\u0438\u0438 Skyline","isPartOf":{"@id":"https:\/\/skyline-gs.com\/it\/#website"},"primaryImageOfPage":{"@id":"http:\/\/skyline-gs.com\/de\/produkt\/dinopark-entertainment-park-kemer\/#primaryimage"},"image":{"@id":"http:\/\/skyline-gs.com\/de\/produkt\/dinopark-entertainment-park-kemer\/#primaryimage"},"thumbnailUrl":"https:\/\/skyline-gs.com\/wp-content\/uploads\/2025\/06\/\u041f\u0430\u0440\u043a-\u0440\u0430\u0437\u0432\u043b\u0435\u0447\u0435\u043d\u0438\u0439-\u0414\u0438\u043d\u043e\u043f\u0430\u0440\u043a-6.jpg","datePublished":"2025-06-14T22:16:45+00:00","dateModified":"2025-06-16T21:20:43+00:00","description":"N\u00e1v\u0161t\u011bva jednoho z nejv\u011bt\u0161\u00edch dinopark\u016f v Turecku. Ide\u00e1ln\u00ed pro rodiny s d\u011btmi: dinosau\u0159i, zoo, baz\u00e9n, trampol\u00edny a lanov\u00e9 p\u0159ek\u00e1\u017eky.","breadcrumb":{"@id":"http:\/\/skyline-gs.com\/de\/produkt\/dinopark-entertainment-park-kemer\/#breadcrumb"},"inLanguage":"cs","potentialAction":[{"@type":"ReadAction","target":["http:\/\/skyline-gs.com\/de\/produkt\/dinopark-entertainment-park-kemer\/"]}]},{"@type":"ImageObject","inLanguage":"cs","@id":"http:\/\/skyline-gs.com\/de\/produkt\/dinopark-entertainment-park-kemer\/#primaryimage","url":"https:\/\/skyline-gs.com\/wp-content\/uploads\/2025\/06\/\u041f\u0430\u0440\u043a-\u0440\u0430\u0437\u0432\u043b\u0435\u0447\u0435\u043d\u0438\u0439-\u0414\u0438\u043d\u043e\u043f\u0430\u0440\u043a-6.jpg","contentUrl":"https:\/\/skyline-gs.com\/wp-content\/uploads\/2025\/06\/\u041f\u0430\u0440\u043a-\u0440\u0430\u0437\u0432\u043b\u0435\u0447\u0435\u043d\u0438\u0439-\u0414\u0438\u043d\u043e\u043f\u0430\u0440\u043a-6.jpg","width":669,"height":446},{"@type":"BreadcrumbList","@id":"http:\/\/skyline-gs.com\/de\/produkt\/dinopark-entertainment-park-kemer\/#breadcrumb","itemListElement":[{"@type":"ListItem","position":1,"name":"\u0413\u043b\u0430\u0432\u043d\u0430\u044f \u0441\u0442\u0440\u0430\u043d\u0438\u0446\u0430","item":"https:\/\/skyline-gs.com\/hu\/"},{"@type":"ListItem","position":2,"name":"\u041c\u0430\u0433\u0430\u0437\u0438\u043d","item":"https:\/\/skyline-gs.com\/cs\/shop\/"},{"@type":"ListItem","position":3,"name":"\u041f\u0430\u0440\u043a \u0440\u0430\u0437\u0432\u043b\u0435\u0447\u0435\u043d\u0438\u0439 \u0414\u0438\u043d\u043e\u043f\u0430\u0440\u043a"}]},{"@type":"WebSite","@id":"https:\/\/skyline-gs.com\/it\/#website","url":"https:\/\/skyline-gs.com\/it\/","name":"Skyline V\u00fdlety","description":"Exkluzivn\u00ed v\u00fdlety do nejlep\u0161\u00edch sv\u011btov\u00fdch letovisek","publisher":{"@id":"https:\/\/skyline-gs.com\/it\/#organization"},"alternateName":"Skyline","potentialAction":[{"@type":"SearchAction","target":{"@type":"EntryPoint","urlTemplate":"https:\/\/skyline-gs.com\/it\/?s={search_term_string}"},"query-input":{"@type":"PropertyValueSpecification","valueRequired":true,"valueName":"search_term_string"}}],"inLanguage":"cs"},{"@type":"Organization","@id":"https:\/\/skyline-gs.com\/it\/#organization","name":"Skyline V\u00fdlety","alternateName":"\u042d\u043a\u0441\u043a\u0443\u0440\u0441\u0438\u0438 Skyline","url":"https:\/\/skyline-gs.com\/it\/","logo":{"@type":"ImageObject","inLanguage":"cs","@id":"https:\/\/skyline-gs.com\/it\/#\/schema\/logo\/image\/","url":"https:\/\/skyline-gs.com\/wp-content\/uploads\/2020\/12\/cropped-logo-2.png","contentUrl":"https:\/\/skyline-gs.com\/wp-content\/uploads\/2020\/12\/cropped-logo-2.png","width":512,"height":512,"caption":"\u042d\u043a\u0441\u043a\u0443\u0440\u0441\u0438\u0438 Skyline"},"image":{"@id":"https:\/\/skyline-gs.com\/it\/#\/schema\/logo\/image\/"},"sameAs":["https:\/\/www.instagram.com\/skylineglobalservice\/"]}]}},"_links":{"self":[{"href":"https:\/\/skyline-gs.com\/cs\/wp-json\/wp\/v2\/product\/64267","targetHints":{"allow":["GET"]}}],"collection":[{"href":"https:\/\/skyline-gs.com\/cs\/wp-json\/wp\/v2\/product"}],"about":[{"href":"https:\/\/skyline-gs.com\/cs\/wp-json\/wp\/v2\/types\/product"}],"version-history":[{"count":0,"href":"https:\/\/skyline-gs.com\/cs\/wp-json\/wp\/v2\/product\/64267\/revisions"}],"wp:featuredmedia":[{"embeddable":true,"href":"https:\/\/skyline-gs.com\/cs\/wp-json\/wp\/v2\/media\/64303"}],"wp:attachment":[{"href":"https:\/\/skyline-gs.com\/cs\/wp-json\/wp\/v2\/media?parent=64267"}],"wp:term":[{"taxonomy":"product_brand","embeddable":true,"href":"https:\/\/skyline-gs.com\/cs\/wp-json\/wp\/v2\/product_brand?post=64267"},{"taxonomy":"product_cat","embeddable":true,"href":"https:\/\/skyline-gs.com\/cs\/wp-json\/wp\/v2\/product_cat?post=64267"},{"taxonomy":"product_tag","embeddable":true,"href":"https:\/\/skyline-gs.com\/cs\/wp-json\/wp\/v2\/product_tag?post=64267"}],"curies":[{"name":"wp","href":"https:\/\/api.w.org\/{rel}","templated":true}]}}