{"id":64110,"date":"2025-06-13T14:04:27","date_gmt":"2025-06-13T12:04:27","guid":{"rendered":"http:\/\/skyline-gs.com\/?post_type=product&#038;p=64110"},"modified":"2026-03-30T23:44:23","modified_gmt":"2026-03-30T21:44:23","slug":"jeep-tour-on-the-dunes-of-fanrang-nhatrang","status":"publish","type":"product","link":"https:\/\/skyline-gs.com\/cs\/product\/jeep-tour-on-the-dunes-of-fanrang-nhatrang\/","title":{"rendered":"Individu\u00e1ln\u00ed v\u00fdlet: V\u00fdlet d\u017e\u00edpem na Fanrangsk\u00e9 duny (v\u00fdchod slunce)"},"content":{"rendered":"<p>\u0412\u0441\u0442\u0440\u0435\u0447\u0430\u0439\u0442\u0435 \u0440\u0430\u0441\u0441\u0432\u0435\u0442 \u043d\u0430 \u0431\u0430\u0440\u0445\u0430\u043d\u0430\u0445, \u043a\u0430\u0442\u0430\u0439\u0442\u0435\u0441\u044c \u043f\u043e \u0434\u044e\u043d\u0430\u043c \u0438 \u0438\u0441\u0441\u043b\u0435\u0434\u0443\u0439\u0442\u0435 \u044d\u043a\u043e-\u043f\u0430\u0440\u043a \u0441 \u043e\u0432\u0435\u0447\u043a\u0430\u043c\u0438. \u041d\u0435\u0432\u0435\u0440\u043e\u044f\u0442\u043d\u044b\u0435 \u043f\u0435\u0439\u0437\u0430\u0436\u0438, \u0434\u0440\u0435\u0432\u043d\u0438\u0439 \u0445\u0440\u0430\u043c \u0438 \u0437\u0430\u0432\u0442\u0440\u0430\u043a \u043d\u0430 \u043f\u0440\u0438\u0440\u043e\u0434\u0435 \u2014 \u0432\u0441\u0451 \u0437\u0430 \u043e\u0434\u043d\u043e \u0443\u0442\u0440\u043e. \u0418\u0434\u0435\u0430\u043b\u044c\u043d\u043e \u0434\u043b\u044f \u043b\u044e\u0431\u0438\u0442\u0435\u043b\u0435\u0439 \u043f\u0440\u0438\u043a\u043b\u044e\u0447\u0435\u043d\u0438\u0439 \u0438 \u043d\u0435\u0442\u0443\u0440\u0438\u0441\u0442\u0438\u0447\u0435\u0441\u043a\u0438\u0445 \u043c\u0430\u0440\u0448\u0440\u0443\u0442\u043e\u0432.<\/p>\n<h4><strong>2:20 \u0443\u0442\u0440\u0430 \u2014 \u041e\u0442\u043f\u0440\u0430\u0432\u043b\u0435\u043d\u0438\u0435 \u0438\u0437 \u043e\u0442\u0435\u043b\u044f<\/strong>.<\/h4>\n<p><strong data-start=\"626\" data-end=\"656\">\u0420\u0430\u0441\u0441\u0432\u0435\u0442 \u043d\u0430 \u0434\u044e\u043d\u0430\u0445 \u041d\u0430\u043c \u041a\u044b\u043e\u043d\u0433<\/strong><\/p>\n<ul>\n<li>\u041f\u0440\u0438\u0431\u044b\u0442\u0438\u0435 \u043d\u0430 \u0434\u044e\u043d\u044b \u0432 \u043f\u0440\u0435\u0434\u0440\u0430\u0441\u0441\u0432\u0435\u0442\u043d\u044b\u0435 \u0447\u0430\u0441\u044b<\/li>\n<li data-start=\"702\" data-end=\"759\">\u0412\u0441\u0442\u0440\u0435\u0447\u0430 \u0440\u0430\u0441\u0441\u0432\u0435\u0442\u0430 \u0438 \u0444\u043e\u0442\u043e\u0441\u0435\u0441\u0441\u0438\u044f \u043d\u0430 \u0444\u043e\u043d\u0435 \u043f\u0435\u0441\u0447\u0430\u043d\u044b\u0445 \u043f\u0435\u0439\u0437\u0430\u0436\u0435\u0439<\/li>\n<li data-start=\"762\" data-end=\"805\">\u0414\u0436\u0438\u043f-\u0441\u0430\u0444\u0430\u0440\u0438 \u0432 \u0440\u043e\u0437\u043e\u0432\u044b\u0445 \u0443\u0430\u0437\u0438\u043a\u0430\u0445 \u043f\u043e \u0431\u0430\u0440\u0445\u0430\u043d\u0430\u043c<\/li>\n<li data-start=\"808\" data-end=\"842\">\u041a\u0430\u0442\u0430\u043d\u0438\u0435 \u043d\u0430 \u043f\u0435\u0441\u0447\u0430\u043d\u044b\u0445 \u0441\u0430\u043d\u043a\u0430\u0445 \u0441 \u0434\u044e\u043d<\/li>\n<li data-start=\"845\" data-end=\"886\">\u041e\u0431\u0437\u043e\u0440\u043d\u0430\u044f \u0442\u043e\u0447\u043a\u0430 \u0441 \u0432\u0438\u0434\u043e\u043c \u043d\u0430 \u043c\u043e\u0440\u0441\u043a\u043e\u0439 \u0437\u0430\u043b\u0438\u0432<\/li>\n<\/ul>\n<h4 data-start=\"888\" data-end=\"924\"><strong data-start=\"896\" data-end=\"924\">\u0416\u0438\u0432\u043e\u043f\u0438\u0441\u043d\u044b\u0439 \u043e\u0431\u0440\u0430\u0442\u043d\u044b\u0439 \u043f\u0443\u0442\u044c<\/strong><\/h4>\n<ul>\n<li data-start=\"927\" data-end=\"990\">\u0414\u043e\u0440\u043e\u0433\u0430 \u0447\u0435\u0440\u0435\u0437 \u0440\u0438\u0441\u043e\u0432\u044b\u0435 \u043f\u043e\u043b\u044f, \u043f\u0430\u0441\u0442\u0431\u0438\u0449\u0430 \u0438 \u0432\u0435\u0442\u0440\u044f\u043d\u044b\u0435 \u044d\u043b\u0435\u043a\u0442\u0440\u043e\u0441\u0442\u0430\u043d\u0446\u0438\u0438<\/li>\n<\/ul>\n<h4 data-start=\"992\" data-end=\"1033\"><strong data-start=\"1000\" data-end=\"1033\">\u0414\u0440\u0435\u0432\u043d\u0438\u0439 \u0445\u0440\u0430\u043c \u043d\u0430 \u0433\u043e\u0440\u0435 \u0422\u0440\u0443\u043d\u0433\u0448\u043e\u043d<\/strong><\/h4>\n<ul>\n<li data-start=\"1036\" data-end=\"1072\">\u041f\u043e\u0434\u044a\u0451\u043c \u043d\u0430 \u0445\u043e\u043b\u043c \u043a \u0431\u0443\u0434\u0434\u0438\u0439\u0441\u043a\u043e\u043c\u0443 \u0445\u0440\u0430\u043c\u0443<\/li>\n<li data-start=\"1075\" data-end=\"1116\">\u041f\u0430\u043d\u043e\u0440\u0430\u043c\u043d\u044b\u0435 \u0432\u0438\u0434\u044b \u043d\u0430 \u0434\u043e\u043b\u0438\u043d\u0443 \u0438 \u043e\u043a\u0440\u0435\u0441\u0442\u043d\u043e\u0441\u0442\u0438<\/li>\n<li data-start=\"1119\" data-end=\"1154\">\u0410\u0442\u043c\u043e\u0441\u0444\u0435\u0440\u0430 \u0443\u0435\u0434\u0438\u043d\u0435\u043d\u0438\u044f \u0438 \u0441\u043f\u043e\u043a\u043e\u0439\u0441\u0442\u0432\u0438\u044f<\/li>\n<\/ul>\n<h4 data-start=\"1156\" data-end=\"1204\"><strong data-start=\"1164\" data-end=\"1204\">\u042d\u043a\u043e-\u0443\u0441\u0430\u0434\u044c\u0431\u0430 Natural Paradise Retreat<\/strong><\/h4>\n<ul>\n<li data-start=\"1207\" data-end=\"1243\">\u041a\u043e\u043d\u0442\u0430\u043a\u0442\u043d\u044b\u0439 \u043c\u0438\u043d\u0438-\u0437\u043e\u043e\u043f\u0430\u0440\u043a \u0441 \u043e\u0432\u0435\u0447\u043a\u0430\u043c\u0438<\/li>\n<li data-start=\"1246\" data-end=\"1281\">\u041f\u0440\u043e\u0433\u0443\u043b\u043a\u0430 \u043f\u043e \u0441\u0430\u0434\u0443, \u043f\u0440\u0443\u0434 \u0441 \u043b\u043e\u0442\u043e\u0441\u0430\u043c\u0438<\/li>\n<li data-start=\"1284\" data-end=\"1321\">\u0417\u0430\u0432\u0442\u0440\u0430\u043a \u0432 \u0443\u044e\u0442\u043d\u043e\u043c \u043a\u0430\u0444\u0435 \u043d\u0430 \u0442\u0435\u0440\u0440\u0438\u0442\u043e\u0440\u0438\u0438<\/li>\n<\/ul>\n<p><strong>10:00 - N\u00e1vrat do hotelu.<\/strong><\/p>\n<p><strong>V\u010detn\u011b:<\/strong><\/p>\n<ul>\n<li>Transfery z hotelu a do hotelu<\/li>\n<li>\u0412\u043e\u0434\u0438\u0442\u0435\u043b\u044c-\u0433\u0438\u0434 (\u0430\u043d\u0433\u043b\u043e\u0433\u043e\u0432\u043e\u0440\u044f\u0449\u0438\u0439)<\/li>\n<li>\u0414\u0436\u0438\u043f-\u0441\u0430\u0444\u0430\u0440\u0438 \u043f\u043e \u0434\u044e\u043d\u0430\u043c<\/li>\n<li>\u041a\u0430\u0442\u0430\u043d\u0438\u0435 \u043d\u0430 \u043f\u0435\u0441\u0447\u0430\u043d\u044b\u0445 \u0441\u0430\u043d\u043a\u0430\u0445 \u0441 \u0434\u044e\u043d<\/li>\n<li>\u0417\u0430\u0432\u0442\u0440\u0430\u043a \u0432 \u044d\u043a\u043e-\u043f\u0430\u0440\u043a\u0435<\/li>\n<li>Vstupenky<\/li>\n<\/ul>\n<p><strong>Vezm\u011bte si ji s sebou:<\/strong><\/p>\n<ul>\n<li>Pokr\u00fdvka hlavy<\/li>\n<li>Slune\u010dn\u00ed br\u00fdle<\/li>\n<li>Voda<\/li>\n<li>Opalovac\u00ed kr\u00e9m<\/li>\n<\/ul>","protected":false},"excerpt":{"rendered":"<p><strong>Doba prohl\u00eddky:<\/strong> 2:20 &#8212; 10:00<\/p>\n<p><strong>Dny zadr\u017een\u00ed:<\/strong> Ka\u017ed\u00fd den.<\/p>","protected":false},"featured_media":64112,"template":"","meta":{"_kad_post_transparent":"default","_kad_post_title":"","_kad_post_layout":"default","_kad_post_sidebar_id":"","_kad_post_content_style":"default","_kad_post_vertical_padding":"default","_kad_post_feature":"","_kad_post_feature_position":"","_kad_post_header":false,"_kad_post_footer":false,"_kad_post_classname":"","_glsr_average":0,"_glsr_ranking":0,"_glsr_reviews":0},"product_brand":[],"product_cat":[437],"product_tag":[],"class_list":{"0":"post-64110","1":"product","2":"type-product","3":"status-publish","4":"has-post-thumbnail","6":"product_cat-nha-trang","7":"tm-has-options","9":"first","10":"instock","11":"sale","12":"sold-individually","13":"taxable","14":"shipping-taxable","15":"purchasable","16":"product-type-simple","17":"entry","18":"content-bg","19":"loop-entry"},"yoast_head":"<!-- This site is optimized with the Yoast SEO plugin v27.3 - https:\/\/yoast.com\/product\/yoast-seo-wordpress\/ -->\n<title>\u0418\u043d\u0434\u0438\u0432\u0438\u0434\u0443\u0430\u043b\u044c\u043d\u044b\u0439 \u0442\u0443\u0440: \u0414\u0436\u0438\u043f-\u0442\u0443\u0440 \u043f\u043e \u0434\u044e\u043d\u0430\u043c \u0424\u0430\u043d\u0440\u0430\u043d\u0433\u0430 (\u0440\u0430\u0441\u0441\u0432\u0435\u0442) &#8226; \u042d\u043a\u0441\u043a\u0443\u0440\u0441\u0438\u0438 Skyline<\/title>\n<meta name=\"robots\" content=\"index, follow, max-snippet:-1, max-image-preview:large, max-video-preview:-1\" \/>\n<link rel=\"canonical\" href=\"https:\/\/skyline-gs.com\/cs\/produkt\/jeep-tour-on-the-dunes-of-fanrang-nhatrang\/\" \/>\n<meta property=\"og:locale\" content=\"cs_CZ\" \/>\n<meta property=\"og:type\" content=\"article\" \/>\n<meta property=\"og:title\" content=\"\u0418\u043d\u0434\u0438\u0432\u0438\u0434\u0443\u0430\u043b\u044c\u043d\u044b\u0439 \u0442\u0443\u0440: \u0414\u0436\u0438\u043f-\u0442\u0443\u0440 \u043f\u043e \u0434\u044e\u043d\u0430\u043c \u0424\u0430\u043d\u0440\u0430\u043d\u0433\u0430 (\u0440\u0430\u0441\u0441\u0432\u0435\u0442) &#8226; \u042d\u043a\u0441\u043a\u0443\u0440\u0441\u0438\u0438 Skyline\" \/>\n<meta property=\"og:description\" content=\"\u0412\u0440\u0435\u043c\u044f \u0442\u0443\u0440\u0430: 2:20 - 10:00  \u0414\u043d\u0438 \u043f\u0440\u043e\u0432\u0435\u0434\u0435\u043d\u0438\u044f: \u041a\u0430\u0436\u0434\u044b\u0439 \u0434\u0435\u043d\u044c\" \/>\n<meta property=\"og:url\" content=\"https:\/\/skyline-gs.com\/cs\/produkt\/jeep-tour-on-the-dunes-of-fanrang-nhatrang\/\" \/>\n<meta property=\"og:site_name\" content=\"\u042d\u043a\u0441\u043a\u0443\u0440\u0441\u0438\u0438 Skyline\" \/>\n<meta property=\"article:modified_time\" content=\"2026-03-30T21:44:23+00:00\" \/>\n<meta property=\"og:image\" content=\"https:\/\/skyline-gs.com\/wp-content\/uploads\/2025\/06\/\u0414\u0436\u0438\u043f-\u0442\u0443\u0440-\u041d\u044f\u0447\u0430\u043d\u0433.jpg\" \/>\n\t<meta property=\"og:image:width\" content=\"669\" \/>\n\t<meta property=\"og:image:height\" content=\"446\" \/>\n\t<meta property=\"og:image:type\" content=\"image\/jpeg\" \/>\n<meta name=\"twitter:card\" content=\"summary_large_image\" \/>\n<meta name=\"twitter:label1\" content=\"Odhadovan\u00e1 doba \u010dten\u00ed\" \/>\n\t<meta name=\"twitter:data1\" content=\"2 minuty\" \/>\n<script type=\"application\/ld+json\" class=\"yoast-schema-graph\">{\"@context\":\"https:\\\/\\\/schema.org\",\"@graph\":[{\"@type\":\"WebPage\",\"@id\":\"https:\\\/\\\/skyline-gs.com\\\/product\\\/jeep-tour-on-the-dunes-of-fanrang-nhatrang\\\/\",\"url\":\"https:\\\/\\\/skyline-gs.com\\\/product\\\/jeep-tour-on-the-dunes-of-fanrang-nhatrang\\\/\",\"name\":\"\u0418\u043d\u0434\u0438\u0432\u0438\u0434\u0443\u0430\u043b\u044c\u043d\u044b\u0439 \u0442\u0443\u0440: \u0414\u0436\u0438\u043f-\u0442\u0443\u0440 \u043f\u043e \u0434\u044e\u043d\u0430\u043c \u0424\u0430\u043d\u0440\u0430\u043d\u0433\u0430 (\u0440\u0430\u0441\u0441\u0432\u0435\u0442) &#8226; \u042d\u043a\u0441\u043a\u0443\u0440\u0441\u0438\u0438 Skyline\",\"isPartOf\":{\"@id\":\"https:\\\/\\\/skyline-gs.com\\\/it\\\/#website\"},\"primaryImageOfPage\":{\"@id\":\"https:\\\/\\\/skyline-gs.com\\\/product\\\/jeep-tour-on-the-dunes-of-fanrang-nhatrang\\\/#primaryimage\"},\"image\":{\"@id\":\"https:\\\/\\\/skyline-gs.com\\\/product\\\/jeep-tour-on-the-dunes-of-fanrang-nhatrang\\\/#primaryimage\"},\"thumbnailUrl\":\"https:\\\/\\\/skyline-gs.com\\\/wp-content\\\/uploads\\\/2025\\\/06\\\/\u0414\u0436\u0438\u043f-\u0442\u0443\u0440-\u041d\u044f\u0447\u0430\u043d\u0433.jpg\",\"datePublished\":\"2025-06-13T12:04:27+00:00\",\"dateModified\":\"2026-03-30T21:44:23+00:00\",\"breadcrumb\":{\"@id\":\"https:\\\/\\\/skyline-gs.com\\\/product\\\/jeep-tour-on-the-dunes-of-fanrang-nhatrang\\\/#breadcrumb\"},\"inLanguage\":\"cs\",\"potentialAction\":[{\"@type\":\"ReadAction\",\"target\":[\"https:\\\/\\\/skyline-gs.com\\\/product\\\/jeep-tour-on-the-dunes-of-fanrang-nhatrang\\\/\"]}]},{\"@type\":\"ImageObject\",\"inLanguage\":\"cs\",\"@id\":\"https:\\\/\\\/skyline-gs.com\\\/product\\\/jeep-tour-on-the-dunes-of-fanrang-nhatrang\\\/#primaryimage\",\"url\":\"https:\\\/\\\/skyline-gs.com\\\/wp-content\\\/uploads\\\/2025\\\/06\\\/\u0414\u0436\u0438\u043f-\u0442\u0443\u0440-\u041d\u044f\u0447\u0430\u043d\u0433.jpg\",\"contentUrl\":\"https:\\\/\\\/skyline-gs.com\\\/wp-content\\\/uploads\\\/2025\\\/06\\\/\u0414\u0436\u0438\u043f-\u0442\u0443\u0440-\u041d\u044f\u0447\u0430\u043d\u0433.jpg\",\"width\":669,\"height\":446},{\"@type\":\"BreadcrumbList\",\"@id\":\"https:\\\/\\\/skyline-gs.com\\\/product\\\/jeep-tour-on-the-dunes-of-fanrang-nhatrang\\\/#breadcrumb\",\"itemListElement\":[{\"@type\":\"ListItem\",\"position\":1,\"name\":\"\u0413\u043b\u0430\u0432\u043d\u0430\u044f \u0441\u0442\u0440\u0430\u043d\u0438\u0446\u0430\",\"item\":\"https:\\\/\\\/skyline-gs.com\\\/hu\\\/\"},{\"@type\":\"ListItem\",\"position\":2,\"name\":\"\u041c\u0430\u0433\u0430\u0437\u0438\u043d\",\"item\":\"https:\\\/\\\/skyline-gs.com\\\/cs\\\/shop\\\/\"},{\"@type\":\"ListItem\",\"position\":3,\"name\":\"\u0418\u043d\u0434\u0438\u0432\u0438\u0434\u0443\u0430\u043b\u044c\u043d\u044b\u0439 \u0442\u0443\u0440: \u0414\u0436\u0438\u043f-\u0442\u0443\u0440 \u043f\u043e \u0434\u044e\u043d\u0430\u043c \u0424\u0430\u043d\u0440\u0430\u043d\u0433\u0430 (\u0440\u0430\u0441\u0441\u0432\u0435\u0442)\"}]},{\"@type\":\"WebSite\",\"@id\":\"https:\\\/\\\/skyline-gs.com\\\/it\\\/#website\",\"url\":\"https:\\\/\\\/skyline-gs.com\\\/it\\\/\",\"name\":\"\u042d\u043a\u0441\u043a\u0443\u0440\u0441\u0438\u0438 Skyline\",\"description\":\"\u042d\u043a\u0441\u043a\u043b\u044e\u0437\u0438\u0432\u043d\u044b\u0435 \u044d\u043a\u0441\u043a\u0443\u0440\u0441\u0438\u0438 \u043d\u0430 \u043b\u0443\u0447\u0448\u0438\u0445 \u043a\u0443\u0440\u043e\u0440\u0442\u0430\u0445 \u043c\u0438\u0440\u0430\",\"publisher\":{\"@id\":\"https:\\\/\\\/skyline-gs.com\\\/it\\\/#organization\"},\"alternateName\":\"Skyline\",\"potentialAction\":[{\"@type\":\"SearchAction\",\"target\":{\"@type\":\"EntryPoint\",\"urlTemplate\":\"https:\\\/\\\/skyline-gs.com\\\/it\\\/?s={search_term_string}\"},\"query-input\":{\"@type\":\"PropertyValueSpecification\",\"valueRequired\":true,\"valueName\":\"search_term_string\"}}],\"inLanguage\":\"cs\"},{\"@type\":\"Organization\",\"@id\":\"https:\\\/\\\/skyline-gs.com\\\/it\\\/#organization\",\"name\":\"\u042d\u043a\u0441\u043a\u0443\u0440\u0441\u0438\u0438 Skyline\",\"alternateName\":\"\u042d\u043a\u0441\u043a\u0443\u0440\u0441\u0438\u0438 Skyline\",\"url\":\"https:\\\/\\\/skyline-gs.com\\\/it\\\/\",\"logo\":{\"@type\":\"ImageObject\",\"inLanguage\":\"cs\",\"@id\":\"https:\\\/\\\/skyline-gs.com\\\/it\\\/#\\\/schema\\\/logo\\\/image\\\/\",\"url\":\"https:\\\/\\\/skyline-gs.com\\\/wp-content\\\/uploads\\\/2020\\\/12\\\/cropped-logo-2.png\",\"contentUrl\":\"https:\\\/\\\/skyline-gs.com\\\/wp-content\\\/uploads\\\/2020\\\/12\\\/cropped-logo-2.png\",\"width\":512,\"height\":512,\"caption\":\"\u042d\u043a\u0441\u043a\u0443\u0440\u0441\u0438\u0438 Skyline\"},\"image\":{\"@id\":\"https:\\\/\\\/skyline-gs.com\\\/it\\\/#\\\/schema\\\/logo\\\/image\\\/\"},\"sameAs\":[\"https:\\\/\\\/www.instagram.com\\\/skylineglobalservice\\\/\"]}]}<\/script>\n<!-- \/ Yoast SEO plugin. -->","yoast_head_json":{"title":"\u0418\u043d\u0434\u0438\u0432\u0438\u0434\u0443\u0430\u043b\u044c\u043d\u044b\u0439 \u0442\u0443\u0440: \u0414\u0436\u0438\u043f-\u0442\u0443\u0440 \u043f\u043e \u0434\u044e\u043d\u0430\u043c \u0424\u0430\u043d\u0440\u0430\u043d\u0433\u0430 (\u0440\u0430\u0441\u0441\u0432\u0435\u0442) &#8226; \u042d\u043a\u0441\u043a\u0443\u0440\u0441\u0438\u0438 Skyline","robots":{"index":"index","follow":"follow","max-snippet":"max-snippet:-1","max-image-preview":"max-image-preview:large","max-video-preview":"max-video-preview:-1"},"canonical":"https:\/\/skyline-gs.com\/cs\/produkt\/jeep-tour-on-the-dunes-of-fanrang-nhatrang\/","og_locale":"cs_CZ","og_type":"article","og_title":"\u0418\u043d\u0434\u0438\u0432\u0438\u0434\u0443\u0430\u043b\u044c\u043d\u044b\u0439 \u0442\u0443\u0440: \u0414\u0436\u0438\u043f-\u0442\u0443\u0440 \u043f\u043e \u0434\u044e\u043d\u0430\u043c \u0424\u0430\u043d\u0440\u0430\u043d\u0433\u0430 (\u0440\u0430\u0441\u0441\u0432\u0435\u0442) &#8226; \u042d\u043a\u0441\u043a\u0443\u0440\u0441\u0438\u0438 Skyline","og_description":"\u0412\u0440\u0435\u043c\u044f \u0442\u0443\u0440\u0430: 2:20 - 10:00  \u0414\u043d\u0438 \u043f\u0440\u043e\u0432\u0435\u0434\u0435\u043d\u0438\u044f: \u041a\u0430\u0436\u0434\u044b\u0439 \u0434\u0435\u043d\u044c","og_url":"https:\/\/skyline-gs.com\/cs\/produkt\/jeep-tour-on-the-dunes-of-fanrang-nhatrang\/","og_site_name":"\u042d\u043a\u0441\u043a\u0443\u0440\u0441\u0438\u0438 Skyline","article_modified_time":"2026-03-30T21:44:23+00:00","og_image":[{"width":669,"height":446,"url":"https:\/\/skyline-gs.com\/wp-content\/uploads\/2025\/06\/\u0414\u0436\u0438\u043f-\u0442\u0443\u0440-\u041d\u044f\u0447\u0430\u043d\u0433.jpg","type":"image\/jpeg"}],"twitter_card":"summary_large_image","twitter_misc":{"Odhadovan\u00e1 doba \u010dten\u00ed":"2 minuty"},"schema":{"@context":"https:\/\/schema.org","@graph":[{"@type":"WebPage","@id":"https:\/\/skyline-gs.com\/product\/jeep-tour-on-the-dunes-of-fanrang-nhatrang\/","url":"https:\/\/skyline-gs.com\/product\/jeep-tour-on-the-dunes-of-fanrang-nhatrang\/","name":"\u0418\u043d\u0434\u0438\u0432\u0438\u0434\u0443\u0430\u043b\u044c\u043d\u044b\u0439 \u0442\u0443\u0440: \u0414\u0436\u0438\u043f-\u0442\u0443\u0440 \u043f\u043e \u0434\u044e\u043d\u0430\u043c \u0424\u0430\u043d\u0440\u0430\u043d\u0433\u0430 (\u0440\u0430\u0441\u0441\u0432\u0435\u0442) &#8226; \u042d\u043a\u0441\u043a\u0443\u0440\u0441\u0438\u0438 Skyline","isPartOf":{"@id":"https:\/\/skyline-gs.com\/it\/#website"},"primaryImageOfPage":{"@id":"https:\/\/skyline-gs.com\/product\/jeep-tour-on-the-dunes-of-fanrang-nhatrang\/#primaryimage"},"image":{"@id":"https:\/\/skyline-gs.com\/product\/jeep-tour-on-the-dunes-of-fanrang-nhatrang\/#primaryimage"},"thumbnailUrl":"https:\/\/skyline-gs.com\/wp-content\/uploads\/2025\/06\/\u0414\u0436\u0438\u043f-\u0442\u0443\u0440-\u041d\u044f\u0447\u0430\u043d\u0433.jpg","datePublished":"2025-06-13T12:04:27+00:00","dateModified":"2026-03-30T21:44:23+00:00","breadcrumb":{"@id":"https:\/\/skyline-gs.com\/product\/jeep-tour-on-the-dunes-of-fanrang-nhatrang\/#breadcrumb"},"inLanguage":"cs","potentialAction":[{"@type":"ReadAction","target":["https:\/\/skyline-gs.com\/product\/jeep-tour-on-the-dunes-of-fanrang-nhatrang\/"]}]},{"@type":"ImageObject","inLanguage":"cs","@id":"https:\/\/skyline-gs.com\/product\/jeep-tour-on-the-dunes-of-fanrang-nhatrang\/#primaryimage","url":"https:\/\/skyline-gs.com\/wp-content\/uploads\/2025\/06\/\u0414\u0436\u0438\u043f-\u0442\u0443\u0440-\u041d\u044f\u0447\u0430\u043d\u0433.jpg","contentUrl":"https:\/\/skyline-gs.com\/wp-content\/uploads\/2025\/06\/\u0414\u0436\u0438\u043f-\u0442\u0443\u0440-\u041d\u044f\u0447\u0430\u043d\u0433.jpg","width":669,"height":446},{"@type":"BreadcrumbList","@id":"https:\/\/skyline-gs.com\/product\/jeep-tour-on-the-dunes-of-fanrang-nhatrang\/#breadcrumb","itemListElement":[{"@type":"ListItem","position":1,"name":"\u0413\u043b\u0430\u0432\u043d\u0430\u044f \u0441\u0442\u0440\u0430\u043d\u0438\u0446\u0430","item":"https:\/\/skyline-gs.com\/hu\/"},{"@type":"ListItem","position":2,"name":"\u041c\u0430\u0433\u0430\u0437\u0438\u043d","item":"https:\/\/skyline-gs.com\/cs\/shop\/"},{"@type":"ListItem","position":3,"name":"\u0418\u043d\u0434\u0438\u0432\u0438\u0434\u0443\u0430\u043b\u044c\u043d\u044b\u0439 \u0442\u0443\u0440: \u0414\u0436\u0438\u043f-\u0442\u0443\u0440 \u043f\u043e \u0434\u044e\u043d\u0430\u043c \u0424\u0430\u043d\u0440\u0430\u043d\u0433\u0430 (\u0440\u0430\u0441\u0441\u0432\u0435\u0442)"}]},{"@type":"WebSite","@id":"https:\/\/skyline-gs.com\/it\/#website","url":"https:\/\/skyline-gs.com\/it\/","name":"Skyline V\u00fdlety","description":"Exkluzivn\u00ed v\u00fdlety do nejlep\u0161\u00edch sv\u011btov\u00fdch letovisek","publisher":{"@id":"https:\/\/skyline-gs.com\/it\/#organization"},"alternateName":"Skyline","potentialAction":[{"@type":"SearchAction","target":{"@type":"EntryPoint","urlTemplate":"https:\/\/skyline-gs.com\/it\/?s={search_term_string}"},"query-input":{"@type":"PropertyValueSpecification","valueRequired":true,"valueName":"search_term_string"}}],"inLanguage":"cs"},{"@type":"Organization","@id":"https:\/\/skyline-gs.com\/it\/#organization","name":"Skyline V\u00fdlety","alternateName":"\u042d\u043a\u0441\u043a\u0443\u0440\u0441\u0438\u0438 Skyline","url":"https:\/\/skyline-gs.com\/it\/","logo":{"@type":"ImageObject","inLanguage":"cs","@id":"https:\/\/skyline-gs.com\/it\/#\/schema\/logo\/image\/","url":"https:\/\/skyline-gs.com\/wp-content\/uploads\/2020\/12\/cropped-logo-2.png","contentUrl":"https:\/\/skyline-gs.com\/wp-content\/uploads\/2020\/12\/cropped-logo-2.png","width":512,"height":512,"caption":"\u042d\u043a\u0441\u043a\u0443\u0440\u0441\u0438\u0438 Skyline"},"image":{"@id":"https:\/\/skyline-gs.com\/it\/#\/schema\/logo\/image\/"},"sameAs":["https:\/\/www.instagram.com\/skylineglobalservice\/"]}]}},"_links":{"self":[{"href":"https:\/\/skyline-gs.com\/cs\/wp-json\/wp\/v2\/product\/64110","targetHints":{"allow":["GET"]}}],"collection":[{"href":"https:\/\/skyline-gs.com\/cs\/wp-json\/wp\/v2\/product"}],"about":[{"href":"https:\/\/skyline-gs.com\/cs\/wp-json\/wp\/v2\/types\/product"}],"version-history":[{"count":0,"href":"https:\/\/skyline-gs.com\/cs\/wp-json\/wp\/v2\/product\/64110\/revisions"}],"wp:featuredmedia":[{"embeddable":true,"href":"https:\/\/skyline-gs.com\/cs\/wp-json\/wp\/v2\/media\/64112"}],"wp:attachment":[{"href":"https:\/\/skyline-gs.com\/cs\/wp-json\/wp\/v2\/media?parent=64110"}],"wp:term":[{"taxonomy":"product_brand","embeddable":true,"href":"https:\/\/skyline-gs.com\/cs\/wp-json\/wp\/v2\/product_brand?post=64110"},{"taxonomy":"product_cat","embeddable":true,"href":"https:\/\/skyline-gs.com\/cs\/wp-json\/wp\/v2\/product_cat?post=64110"},{"taxonomy":"product_tag","embeddable":true,"href":"https:\/\/skyline-gs.com\/cs\/wp-json\/wp\/v2\/product_tag?post=64110"}],"curies":[{"name":"wp","href":"https:\/\/api.w.org\/{rel}","templated":true}]}}