{"id":63874,"date":"2025-06-07T23:41:37","date_gmt":"2025-06-07T21:41:37","guid":{"rendered":"http:\/\/skyline-gs.com\/?post_type=product&#038;p=63874"},"modified":"2025-06-08T01:38:10","modified_gmt":"2025-06-07T23:38:10","slug":"rafting-baggi-quadro-safari-a-ziplasa-alanya","status":"publish","type":"product","link":"https:\/\/skyline-gs.com\/cs\/product\/rafting-baggi-quadro-safari-and-ziplasa-alanya\/","title":{"rendered":"Rafting, buggy\/quadro safari a zipline"},"content":{"rendered":"<p data-start=\"525\" data-end=\"664\">T\u0159i extr\u00e9mn\u00ed dobrodru\u017estv\u00ed v jednom dni mezi cedrov\u00fdmi lesy a starobyl\u00fdmi mosty! Horsk\u00e1 \u0159eka, j\u00edzda na bugin\u00e1ch a let nad ka\u0148onem - energie p\u0159\u00edrody a adrenalin v ka\u017ed\u00e9 minut\u011b.<\/p>\n<p data-start=\"734\" data-end=\"872\"><strong data-start=\"734\" data-end=\"766\">9:00 - Odjezd z hotelu. <\/strong>P\u0159ejezd do n\u00e1rodn\u00edho parku K\u00f6pr\u00fcl\u00fc. Cesta trv\u00e1 p\u0159ibli\u017en\u011b 1 hodinu (v z\u00e1vislosti na poloze hotelu).<\/p>\n<ul>\n<li data-start=\"789\" data-end=\"912\"><strong data-start=\"789\" data-end=\"818\">P\u0159\u00edjezd do ka\u0148onu K\u00f6pr\u00fcl\u00fc. <\/strong>Kr\u00e1tk\u00e1 instrukt\u00e1\u017e, podpis pojistn\u00e9ho dokumentu, vyd\u00e1n\u00ed vybaven\u00ed: helma, vesta, p\u00e1dlo.<\/li>\n<li data-start=\"789\" data-end=\"912\"><strong style=\"font-family: var(--global-body-font-family);\" data-start=\"914\" data-end=\"941\">Rafting na \u0159ece K\u00f6pr\u00fcl\u00fc<\/strong><span style=\"font-family: var(--global-body-font-family);\"> - 2 hodiny. <\/span>Sj\u00ed\u017ed\u011bn\u00ed k\u0159i\u0161\u0165\u00e1lov\u011b \u010dist\u00e9 horsk\u00e9 \u0159eky se zast\u00e1vkami na koup\u00e1n\u00ed a fotografov\u00e1n\u00ed.<\/li>\n<li data-start=\"789\" data-end=\"912\">Uvid\u00edte starobyl\u00fd most Oluk, kter\u00fd si zachoval zdivo z \u0159\u00edmsk\u00e9 doby.<\/li>\n<li data-start=\"789\" data-end=\"912\"><strong style=\"font-family: var(--global-body-font-family);\" data-start=\"1093\" data-end=\"1104\">Zipline. <\/strong>Bleskurychl\u00fd let na lan\u011b nad sout\u011bskou - za\u017eijte skute\u010dnou svobodu v letu.<\/li>\n<li data-start=\"789\" data-end=\"912\"><strong style=\"font-family: var(--global-body-font-family);\" data-start=\"1189\" data-end=\"1225\">Safari na bugin\u011b nebo \u010dty\u0159kolce<\/strong><span style=\"font-family: var(--global-body-font-family);\"> - po dobu p\u0159ibli\u017en\u011b 30 minut. <\/span>Pra\u0161n\u00e9 stezky, lesn\u00ed cesty a vzru\u0161en\u00ed z rychlosti v doprovodu instruktora.<\/li>\n<li data-start=\"789\" data-end=\"912\"><strong style=\"font-family: var(--global-body-font-family);\" data-start=\"1323\" data-end=\"1331\">Ob\u011bd. <\/strong>P\u0159\u00edrodn\u00ed bufet: \u010derstv\u00e9 sal\u00e1ty, pilaf, t\u011bstoviny, grilovan\u00e9 ku\u0159e a ryby.<\/li>\n<\/ul>\n<p data-start=\"1585\" data-end=\"1679\"><strong>19:00 - N\u00e1vrat do hotelu.<\/strong><\/p>\n<p><strong>V\u010detn\u011b:<\/strong><\/p>\n<ul>\n<li data-start=\"1703\" data-end=\"1732\">Transfer z hotelu a do hotelu<\/li>\n<li data-start=\"1703\" data-end=\"1732\">rusky mluv\u00edc\u00ed pr\u016fvodce<\/li>\n<li data-start=\"1703\" data-end=\"1732\">Pokyny a poji\u0161t\u011bn\u00ed<\/li>\n<li data-start=\"1703\" data-end=\"1732\">Raftingov\u00e9 vybaven\u00ed<\/li>\n<li data-start=\"1703\" data-end=\"1732\">Rafting na \u0159ece (2 hodiny)<\/li>\n<li data-start=\"1703\" data-end=\"1732\">Zipline<\/li>\n<li>J\u00edzda na bugin\u011b nebo \u010dty\u0159kolce (30-45 minut)<\/li>\n<li data-start=\"1703\" data-end=\"1732\">Ob\u011bd (formou bufetu)<\/li>\n<li data-start=\"1703\" data-end=\"1732\"><span style=\"font-family: var(--global-body-font-family);\">Poji\u0161t\u011bn\u00ed<\/span><\/li>\n<\/ul>\n<p><strong>Nen\u00ed sou\u010d\u00e1st\u00ed dod\u00e1vky:<\/strong><\/p>\n<ul>\n<li data-start=\"1928\" data-end=\"1937\">N\u00e1poje<\/li>\n<li data-start=\"1928\" data-end=\"1937\"><span style=\"font-family: var(--global-body-font-family);\">Z\u00e1znam fotografi\u00ed a videa (USB s materi\u00e1ly - 30$)<\/span><\/li>\n<li data-start=\"1928\" data-end=\"1937\"><span style=\"font-family: var(--global-body-font-family);\">\u0160\u00e1tek a ochrann\u00e9 br\u00fdle pro safari<\/span><\/li>\n<li data-start=\"1928\" data-end=\"1937\"><span style=\"font-family: var(--global-body-font-family);\">Pouzdro na telefon<\/span><\/li>\n<li data-start=\"1928\" data-end=\"1937\"><span style=\"font-family: var(--global-body-font-family);\">Gumov\u00e9 boty (10$ - voliteln\u00e9)<\/span><\/li>\n<li data-start=\"1928\" data-end=\"1937\"><span style=\"font-family: var(--global-body-font-family);\">Kajak (10$ - voliteln\u00fd)<\/span><\/li>\n<li data-start=\"1928\" data-end=\"1937\"><span style=\"font-family: var(--global-body-font-family);\">Oblek (5$ - voliteln\u00fd)<\/span><\/li>\n<li data-start=\"1928\" data-end=\"1937\"><span style=\"font-family: var(--global-body-font-family);\">Osobn\u00ed v\u00fddaje<\/span><\/li>\n<\/ul>\n<p data-start=\"1928\" data-end=\"1937\"><strong style=\"font-family: var(--global-body-font-family);\">Vezm\u011bte si ji s sebou:<\/strong><\/p>\n<ul>\n<li data-start=\"2193\" data-end=\"2215\">Plavky nebo plavky<\/li>\n<li data-start=\"2218\" data-end=\"2229\">Ru\u010dn\u00edk<\/li>\n<li data-start=\"2232\" data-end=\"2270\">Pohodln\u00e1 obuv (nejl\u00e9pe gumov\u00e1)<\/li>\n<li data-start=\"2273\" data-end=\"2294\">Opalovac\u00ed kr\u00e9m<\/li>\n<li data-start=\"2297\" data-end=\"2323\">Hotovost na osobn\u00ed v\u00fddaje<\/li>\n<\/ul>","protected":false},"excerpt":{"rendered":"<p><strong>Doba prohl\u00eddky:<\/strong> 9:00 \u2014 19:00<\/p>\n<p><strong>Dny zadr\u017een\u00ed:<\/strong> Ka\u017ed\u00fd den.<\/p>","protected":false},"featured_media":63876,"template":"","meta":{"_kad_post_transparent":"default","_kad_post_title":"","_kad_post_layout":"default","_kad_post_sidebar_id":"","_kad_post_content_style":"default","_kad_post_vertical_padding":"default","_kad_post_feature":"","_kad_post_feature_position":"","_kad_post_header":false,"_kad_post_footer":false,"_kad_post_classname":"","_glsr_average":0,"_glsr_ranking":0,"_glsr_reviews":0},"product_brand":[],"product_cat":[445],"product_tag":[],"class_list":{"0":"post-63874","1":"product","2":"type-product","3":"status-publish","4":"has-post-thumbnail","6":"product_cat-alanya","7":"tm-has-options","9":"first","10":"instock","11":"sold-individually","12":"taxable","13":"shipping-taxable","14":"purchasable","15":"product-type-simple","16":"entry","17":"content-bg","18":"loop-entry"},"yoast_head":"<!-- This site is optimized with the Yoast SEO plugin v27.4 - https:\/\/yoast.com\/product\/yoast-seo-wordpress\/ -->\n<title>\u0420\u0430\u0444\u0442\u0438\u043d\u0433, \u0431\u0430\u0433\u0433\u0438\/\u043a\u0432\u0430\u0434\u0440\u043e \u0441\u0430\u0444\u0430\u0440\u0438 \u0438 \u0437\u0438\u043f\u043b\u0430\u0439\u043d &#8226; \u042d\u043a\u0441\u043a\u0443\u0440\u0441\u0438\u0438 Skyline<\/title>\n<meta name=\"description\" content=\"\u0418\u0441\u0441\u043b\u0435\u0434\u0443\u0439\u0442\u0435 \u043a\u0430\u043d\u044c\u043e\u043d\u044b \u0441 \u0436\u0438\u0432\u043e\u043f\u0438\u0441\u043d\u044b\u043c\u0438 \u043f\u0430\u043d\u043e\u0440\u0430\u043c\u0430\u043c\u0438, \u043d\u0430\u0441\u043b\u0430\u0434\u0438\u0442\u0435\u0441\u044c \u043f\u043e\u0435\u0437\u0434\u043a\u043e\u0439 \u043f\u043e \u0433\u043e\u0440\u043d\u043e\u0439 \u043c\u0435\u0441\u0442\u043d\u043e\u0441\u0442\u0438 \u0438 \u0437\u0430\u0432\u0435\u0440\u0448\u0438\u0442\u0435 \u0434\u0435\u043d\u044c \u0441\u043f\u043b\u0430\u0432\u043e\u043c \u043f\u043e \u0440\u0435\u043a\u0435. \u0417\u0430\u043a\u0430\u0436\u0438\u0442\u0435 \u0443\u0436\u0435 \u0441\u0435\u0439\u0447\u0430\u0441!\" \/>\n<meta name=\"robots\" content=\"index, follow, max-snippet:-1, max-image-preview:large, max-video-preview:-1\" \/>\n<link rel=\"canonical\" href=\"https:\/\/skyline-gs.com\/cs\/produkt\/rafting-baggi-quadro-safari-a-ziplasa-alanya\/\" \/>\n<meta property=\"og:locale\" content=\"cs_CZ\" \/>\n<meta property=\"og:type\" content=\"article\" \/>\n<meta property=\"og:title\" content=\"\u0420\u0430\u0444\u0442\u0438\u043d\u0433, \u0431\u0430\u0433\u0433\u0438\/\u043a\u0432\u0430\u0434\u0440\u043e \u0441\u0430\u0444\u0430\u0440\u0438 \u0438 \u0437\u0438\u043f\u043b\u0430\u0439\u043d &#8226; \u042d\u043a\u0441\u043a\u0443\u0440\u0441\u0438\u0438 Skyline\" \/>\n<meta property=\"og:description\" content=\"\u0418\u0441\u0441\u043b\u0435\u0434\u0443\u0439\u0442\u0435 \u043a\u0430\u043d\u044c\u043e\u043d\u044b \u0441 \u0436\u0438\u0432\u043e\u043f\u0438\u0441\u043d\u044b\u043c\u0438 \u043f\u0430\u043d\u043e\u0440\u0430\u043c\u0430\u043c\u0438, \u043d\u0430\u0441\u043b\u0430\u0434\u0438\u0442\u0435\u0441\u044c \u043f\u043e\u0435\u0437\u0434\u043a\u043e\u0439 \u043f\u043e \u0433\u043e\u0440\u043d\u043e\u0439 \u043c\u0435\u0441\u0442\u043d\u043e\u0441\u0442\u0438 \u0438 \u0437\u0430\u0432\u0435\u0440\u0448\u0438\u0442\u0435 \u0434\u0435\u043d\u044c \u0441\u043f\u043b\u0430\u0432\u043e\u043c \u043f\u043e \u0440\u0435\u043a\u0435. \u0417\u0430\u043a\u0430\u0436\u0438\u0442\u0435 \u0443\u0436\u0435 \u0441\u0435\u0439\u0447\u0430\u0441!\" \/>\n<meta property=\"og:url\" content=\"https:\/\/skyline-gs.com\/cs\/produkt\/rafting-baggi-quadro-safari-a-ziplasa-alanya\/\" \/>\n<meta property=\"og:site_name\" content=\"\u042d\u043a\u0441\u043a\u0443\u0440\u0441\u0438\u0438 Skyline\" \/>\n<meta property=\"article:modified_time\" content=\"2025-06-07T23:38:10+00:00\" \/>\n<meta property=\"og:image\" content=\"https:\/\/skyline-gs.com\/wp-content\/uploads\/2025\/06\/\u0420\u0430\u0444\u0442\u0438\u043d\u0433-1.jpg\" \/>\n\t<meta property=\"og:image:width\" content=\"669\" \/>\n\t<meta property=\"og:image:height\" content=\"446\" \/>\n\t<meta property=\"og:image:type\" content=\"image\/jpeg\" \/>\n<meta name=\"twitter:card\" content=\"summary_large_image\" \/>\n<meta name=\"twitter:label1\" content=\"Odhadovan\u00e1 doba \u010dten\u00ed\" \/>\n\t<meta name=\"twitter:data1\" content=\"2 minuty\" \/>\n<script type=\"application\/ld+json\" class=\"yoast-schema-graph\">{\"@context\":\"https:\\\/\\\/schema.org\",\"@graph\":[{\"@type\":\"WebPage\",\"@id\":\"https:\\\/\\\/skyline-gs.com\\\/hu\\\/termek\\\/rafting-baggi-quadro-safari-and-ziplasa-alanya\\\/\",\"url\":\"https:\\\/\\\/skyline-gs.com\\\/hu\\\/termek\\\/rafting-baggi-quadro-safari-and-ziplasa-alanya\\\/\",\"name\":\"\u0420\u0430\u0444\u0442\u0438\u043d\u0433, \u0431\u0430\u0433\u0433\u0438\\\/\u043a\u0432\u0430\u0434\u0440\u043e \u0441\u0430\u0444\u0430\u0440\u0438 \u0438 \u0437\u0438\u043f\u043b\u0430\u0439\u043d &#8226; \u042d\u043a\u0441\u043a\u0443\u0440\u0441\u0438\u0438 Skyline\",\"isPartOf\":{\"@id\":\"https:\\\/\\\/skyline-gs.com\\\/it\\\/#website\"},\"primaryImageOfPage\":{\"@id\":\"https:\\\/\\\/skyline-gs.com\\\/hu\\\/termek\\\/rafting-baggi-quadro-safari-and-ziplasa-alanya\\\/#primaryimage\"},\"image\":{\"@id\":\"https:\\\/\\\/skyline-gs.com\\\/hu\\\/termek\\\/rafting-baggi-quadro-safari-and-ziplasa-alanya\\\/#primaryimage\"},\"thumbnailUrl\":\"https:\\\/\\\/skyline-gs.com\\\/wp-content\\\/uploads\\\/2025\\\/06\\\/\u0420\u0430\u0444\u0442\u0438\u043d\u0433-1.jpg\",\"datePublished\":\"2025-06-07T21:41:37+00:00\",\"dateModified\":\"2025-06-07T23:38:10+00:00\",\"description\":\"\u0418\u0441\u0441\u043b\u0435\u0434\u0443\u0439\u0442\u0435 \u043a\u0430\u043d\u044c\u043e\u043d\u044b \u0441 \u0436\u0438\u0432\u043e\u043f\u0438\u0441\u043d\u044b\u043c\u0438 \u043f\u0430\u043d\u043e\u0440\u0430\u043c\u0430\u043c\u0438, \u043d\u0430\u0441\u043b\u0430\u0434\u0438\u0442\u0435\u0441\u044c \u043f\u043e\u0435\u0437\u0434\u043a\u043e\u0439 \u043f\u043e \u0433\u043e\u0440\u043d\u043e\u0439 \u043c\u0435\u0441\u0442\u043d\u043e\u0441\u0442\u0438 \u0438 \u0437\u0430\u0432\u0435\u0440\u0448\u0438\u0442\u0435 \u0434\u0435\u043d\u044c \u0441\u043f\u043b\u0430\u0432\u043e\u043c \u043f\u043e \u0440\u0435\u043a\u0435. \u0417\u0430\u043a\u0430\u0436\u0438\u0442\u0435 \u0443\u0436\u0435 \u0441\u0435\u0439\u0447\u0430\u0441!\",\"breadcrumb\":{\"@id\":\"https:\\\/\\\/skyline-gs.com\\\/hu\\\/termek\\\/rafting-baggi-quadro-safari-and-ziplasa-alanya\\\/#breadcrumb\"},\"inLanguage\":\"cs\",\"potentialAction\":[{\"@type\":\"ReadAction\",\"target\":[\"https:\\\/\\\/skyline-gs.com\\\/hu\\\/termek\\\/rafting-baggi-quadro-safari-and-ziplasa-alanya\\\/\"]}]},{\"@type\":\"ImageObject\",\"inLanguage\":\"cs\",\"@id\":\"https:\\\/\\\/skyline-gs.com\\\/hu\\\/termek\\\/rafting-baggi-quadro-safari-and-ziplasa-alanya\\\/#primaryimage\",\"url\":\"https:\\\/\\\/skyline-gs.com\\\/wp-content\\\/uploads\\\/2025\\\/06\\\/\u0420\u0430\u0444\u0442\u0438\u043d\u0433-1.jpg\",\"contentUrl\":\"https:\\\/\\\/skyline-gs.com\\\/wp-content\\\/uploads\\\/2025\\\/06\\\/\u0420\u0430\u0444\u0442\u0438\u043d\u0433-1.jpg\",\"width\":669,\"height\":446},{\"@type\":\"BreadcrumbList\",\"@id\":\"https:\\\/\\\/skyline-gs.com\\\/hu\\\/termek\\\/rafting-baggi-quadro-safari-and-ziplasa-alanya\\\/#breadcrumb\",\"itemListElement\":[{\"@type\":\"ListItem\",\"position\":1,\"name\":\"\u0413\u043b\u0430\u0432\u043d\u0430\u044f \u0441\u0442\u0440\u0430\u043d\u0438\u0446\u0430\",\"item\":\"https:\\\/\\\/skyline-gs.com\\\/hu\\\/\"},{\"@type\":\"ListItem\",\"position\":2,\"name\":\"\u041c\u0430\u0433\u0430\u0437\u0438\u043d\",\"item\":\"https:\\\/\\\/skyline-gs.com\\\/cs\\\/shop\\\/\"},{\"@type\":\"ListItem\",\"position\":3,\"name\":\"\u0420\u0430\u0444\u0442\u0438\u043d\u0433, \u0431\u0430\u0433\u0433\u0438\\\/\u043a\u0432\u0430\u0434\u0440\u043e \u0441\u0430\u0444\u0430\u0440\u0438 \u0438 \u0437\u0438\u043f\u043b\u0430\u0439\u043d\"}]},{\"@type\":\"WebSite\",\"@id\":\"https:\\\/\\\/skyline-gs.com\\\/it\\\/#website\",\"url\":\"https:\\\/\\\/skyline-gs.com\\\/it\\\/\",\"name\":\"\u042d\u043a\u0441\u043a\u0443\u0440\u0441\u0438\u0438 Skyline\",\"description\":\"\u042d\u043a\u0441\u043a\u043b\u044e\u0437\u0438\u0432\u043d\u044b\u0435 \u044d\u043a\u0441\u043a\u0443\u0440\u0441\u0438\u0438 \u043d\u0430 \u043b\u0443\u0447\u0448\u0438\u0445 \u043a\u0443\u0440\u043e\u0440\u0442\u0430\u0445 \u043c\u0438\u0440\u0430\",\"publisher\":{\"@id\":\"https:\\\/\\\/skyline-gs.com\\\/it\\\/#organization\"},\"alternateName\":\"Skyline\",\"potentialAction\":[{\"@type\":\"SearchAction\",\"target\":{\"@type\":\"EntryPoint\",\"urlTemplate\":\"https:\\\/\\\/skyline-gs.com\\\/it\\\/?s={search_term_string}\"},\"query-input\":{\"@type\":\"PropertyValueSpecification\",\"valueRequired\":true,\"valueName\":\"search_term_string\"}}],\"inLanguage\":\"cs\"},{\"@type\":\"Organization\",\"@id\":\"https:\\\/\\\/skyline-gs.com\\\/it\\\/#organization\",\"name\":\"\u042d\u043a\u0441\u043a\u0443\u0440\u0441\u0438\u0438 Skyline\",\"alternateName\":\"\u042d\u043a\u0441\u043a\u0443\u0440\u0441\u0438\u0438 Skyline\",\"url\":\"https:\\\/\\\/skyline-gs.com\\\/it\\\/\",\"logo\":{\"@type\":\"ImageObject\",\"inLanguage\":\"cs\",\"@id\":\"https:\\\/\\\/skyline-gs.com\\\/it\\\/#\\\/schema\\\/logo\\\/image\\\/\",\"url\":\"https:\\\/\\\/skyline-gs.com\\\/wp-content\\\/uploads\\\/2020\\\/12\\\/cropped-logo-2.png\",\"contentUrl\":\"https:\\\/\\\/skyline-gs.com\\\/wp-content\\\/uploads\\\/2020\\\/12\\\/cropped-logo-2.png\",\"width\":512,\"height\":512,\"caption\":\"\u042d\u043a\u0441\u043a\u0443\u0440\u0441\u0438\u0438 Skyline\"},\"image\":{\"@id\":\"https:\\\/\\\/skyline-gs.com\\\/it\\\/#\\\/schema\\\/logo\\\/image\\\/\"},\"sameAs\":[\"https:\\\/\\\/www.instagram.com\\\/skylineglobalservice\\\/\"]}]}<\/script>\n<!-- \/ Yoast SEO plugin. -->","yoast_head_json":{"title":"Rafting, buggy\/quadro safari a ziplines - Skyline Excursions","description":"Prozkoumejte ka\u0148ony s malebn\u00fdmi panoramaty, proje\u010fte se horsk\u00fdm ter\u00e9nem a den zakon\u010dete raftingem na \u0159ece. Rezervujte si nyn\u00ed!","robots":{"index":"index","follow":"follow","max-snippet":"max-snippet:-1","max-image-preview":"max-image-preview:large","max-video-preview":"max-video-preview:-1"},"canonical":"https:\/\/skyline-gs.com\/cs\/produkt\/rafting-baggi-quadro-safari-a-ziplasa-alanya\/","og_locale":"cs_CZ","og_type":"article","og_title":"\u0420\u0430\u0444\u0442\u0438\u043d\u0433, \u0431\u0430\u0433\u0433\u0438\/\u043a\u0432\u0430\u0434\u0440\u043e \u0441\u0430\u0444\u0430\u0440\u0438 \u0438 \u0437\u0438\u043f\u043b\u0430\u0439\u043d &#8226; \u042d\u043a\u0441\u043a\u0443\u0440\u0441\u0438\u0438 Skyline","og_description":"\u0418\u0441\u0441\u043b\u0435\u0434\u0443\u0439\u0442\u0435 \u043a\u0430\u043d\u044c\u043e\u043d\u044b \u0441 \u0436\u0438\u0432\u043e\u043f\u0438\u0441\u043d\u044b\u043c\u0438 \u043f\u0430\u043d\u043e\u0440\u0430\u043c\u0430\u043c\u0438, \u043d\u0430\u0441\u043b\u0430\u0434\u0438\u0442\u0435\u0441\u044c \u043f\u043e\u0435\u0437\u0434\u043a\u043e\u0439 \u043f\u043e \u0433\u043e\u0440\u043d\u043e\u0439 \u043c\u0435\u0441\u0442\u043d\u043e\u0441\u0442\u0438 \u0438 \u0437\u0430\u0432\u0435\u0440\u0448\u0438\u0442\u0435 \u0434\u0435\u043d\u044c \u0441\u043f\u043b\u0430\u0432\u043e\u043c \u043f\u043e \u0440\u0435\u043a\u0435. \u0417\u0430\u043a\u0430\u0436\u0438\u0442\u0435 \u0443\u0436\u0435 \u0441\u0435\u0439\u0447\u0430\u0441!","og_url":"https:\/\/skyline-gs.com\/cs\/produkt\/rafting-baggi-quadro-safari-a-ziplasa-alanya\/","og_site_name":"\u042d\u043a\u0441\u043a\u0443\u0440\u0441\u0438\u0438 Skyline","article_modified_time":"2025-06-07T23:38:10+00:00","og_image":[{"width":669,"height":446,"url":"https:\/\/skyline-gs.com\/wp-content\/uploads\/2025\/06\/\u0420\u0430\u0444\u0442\u0438\u043d\u0433-1.jpg","type":"image\/jpeg"}],"twitter_card":"summary_large_image","twitter_misc":{"Odhadovan\u00e1 doba \u010dten\u00ed":"2 minuty"},"schema":{"@context":"https:\/\/schema.org","@graph":[{"@type":"WebPage","@id":"https:\/\/skyline-gs.com\/hu\/termek\/rafting-baggi-quadro-safari-and-ziplasa-alanya\/","url":"https:\/\/skyline-gs.com\/hu\/termek\/rafting-baggi-quadro-safari-and-ziplasa-alanya\/","name":"Rafting, buggy\/quadro safari a ziplines - Skyline Excursions","isPartOf":{"@id":"https:\/\/skyline-gs.com\/it\/#website"},"primaryImageOfPage":{"@id":"https:\/\/skyline-gs.com\/hu\/termek\/rafting-baggi-quadro-safari-and-ziplasa-alanya\/#primaryimage"},"image":{"@id":"https:\/\/skyline-gs.com\/hu\/termek\/rafting-baggi-quadro-safari-and-ziplasa-alanya\/#primaryimage"},"thumbnailUrl":"https:\/\/skyline-gs.com\/wp-content\/uploads\/2025\/06\/\u0420\u0430\u0444\u0442\u0438\u043d\u0433-1.jpg","datePublished":"2025-06-07T21:41:37+00:00","dateModified":"2025-06-07T23:38:10+00:00","description":"Prozkoumejte ka\u0148ony s malebn\u00fdmi panoramaty, proje\u010fte se horsk\u00fdm ter\u00e9nem a den zakon\u010dete raftingem na \u0159ece. Rezervujte si nyn\u00ed!","breadcrumb":{"@id":"https:\/\/skyline-gs.com\/hu\/termek\/rafting-baggi-quadro-safari-and-ziplasa-alanya\/#breadcrumb"},"inLanguage":"cs","potentialAction":[{"@type":"ReadAction","target":["https:\/\/skyline-gs.com\/hu\/termek\/rafting-baggi-quadro-safari-and-ziplasa-alanya\/"]}]},{"@type":"ImageObject","inLanguage":"cs","@id":"https:\/\/skyline-gs.com\/hu\/termek\/rafting-baggi-quadro-safari-and-ziplasa-alanya\/#primaryimage","url":"https:\/\/skyline-gs.com\/wp-content\/uploads\/2025\/06\/\u0420\u0430\u0444\u0442\u0438\u043d\u0433-1.jpg","contentUrl":"https:\/\/skyline-gs.com\/wp-content\/uploads\/2025\/06\/\u0420\u0430\u0444\u0442\u0438\u043d\u0433-1.jpg","width":669,"height":446},{"@type":"BreadcrumbList","@id":"https:\/\/skyline-gs.com\/hu\/termek\/rafting-baggi-quadro-safari-and-ziplasa-alanya\/#breadcrumb","itemListElement":[{"@type":"ListItem","position":1,"name":"\u0413\u043b\u0430\u0432\u043d\u0430\u044f \u0441\u0442\u0440\u0430\u043d\u0438\u0446\u0430","item":"https:\/\/skyline-gs.com\/hu\/"},{"@type":"ListItem","position":2,"name":"\u041c\u0430\u0433\u0430\u0437\u0438\u043d","item":"https:\/\/skyline-gs.com\/cs\/shop\/"},{"@type":"ListItem","position":3,"name":"\u0420\u0430\u0444\u0442\u0438\u043d\u0433, \u0431\u0430\u0433\u0433\u0438\/\u043a\u0432\u0430\u0434\u0440\u043e \u0441\u0430\u0444\u0430\u0440\u0438 \u0438 \u0437\u0438\u043f\u043b\u0430\u0439\u043d"}]},{"@type":"WebSite","@id":"https:\/\/skyline-gs.com\/it\/#website","url":"https:\/\/skyline-gs.com\/it\/","name":"Skyline V\u00fdlety","description":"Exkluzivn\u00ed v\u00fdlety do nejlep\u0161\u00edch sv\u011btov\u00fdch letovisek","publisher":{"@id":"https:\/\/skyline-gs.com\/it\/#organization"},"alternateName":"Skyline","potentialAction":[{"@type":"SearchAction","target":{"@type":"EntryPoint","urlTemplate":"https:\/\/skyline-gs.com\/it\/?s={search_term_string}"},"query-input":{"@type":"PropertyValueSpecification","valueRequired":true,"valueName":"search_term_string"}}],"inLanguage":"cs"},{"@type":"Organization","@id":"https:\/\/skyline-gs.com\/it\/#organization","name":"Skyline V\u00fdlety","alternateName":"\u042d\u043a\u0441\u043a\u0443\u0440\u0441\u0438\u0438 Skyline","url":"https:\/\/skyline-gs.com\/it\/","logo":{"@type":"ImageObject","inLanguage":"cs","@id":"https:\/\/skyline-gs.com\/it\/#\/schema\/logo\/image\/","url":"https:\/\/skyline-gs.com\/wp-content\/uploads\/2020\/12\/cropped-logo-2.png","contentUrl":"https:\/\/skyline-gs.com\/wp-content\/uploads\/2020\/12\/cropped-logo-2.png","width":512,"height":512,"caption":"\u042d\u043a\u0441\u043a\u0443\u0440\u0441\u0438\u0438 Skyline"},"image":{"@id":"https:\/\/skyline-gs.com\/it\/#\/schema\/logo\/image\/"},"sameAs":["https:\/\/www.instagram.com\/skylineglobalservice\/"]}]}},"_links":{"self":[{"href":"https:\/\/skyline-gs.com\/cs\/wp-json\/wp\/v2\/product\/63874","targetHints":{"allow":["GET"]}}],"collection":[{"href":"https:\/\/skyline-gs.com\/cs\/wp-json\/wp\/v2\/product"}],"about":[{"href":"https:\/\/skyline-gs.com\/cs\/wp-json\/wp\/v2\/types\/product"}],"version-history":[{"count":0,"href":"https:\/\/skyline-gs.com\/cs\/wp-json\/wp\/v2\/product\/63874\/revisions"}],"wp:featuredmedia":[{"embeddable":true,"href":"https:\/\/skyline-gs.com\/cs\/wp-json\/wp\/v2\/media\/63876"}],"wp:attachment":[{"href":"https:\/\/skyline-gs.com\/cs\/wp-json\/wp\/v2\/media?parent=63874"}],"wp:term":[{"taxonomy":"product_brand","embeddable":true,"href":"https:\/\/skyline-gs.com\/cs\/wp-json\/wp\/v2\/product_brand?post=63874"},{"taxonomy":"product_cat","embeddable":true,"href":"https:\/\/skyline-gs.com\/cs\/wp-json\/wp\/v2\/product_cat?post=63874"},{"taxonomy":"product_tag","embeddable":true,"href":"https:\/\/skyline-gs.com\/cs\/wp-json\/wp\/v2\/product_tag?post=63874"}],"curies":[{"name":"wp","href":"https:\/\/api.w.org\/{rel}","templated":true}]}}