{"id":63862,"date":"2025-06-07T22:38:10","date_gmt":"2025-06-07T20:38:10","guid":{"rendered":"http:\/\/skyline-gs.com\/?post_type=product&#038;p=63862"},"modified":"2025-06-08T01:38:43","modified_gmt":"2025-06-07T23:38:43","slug":"canyon-tazy-rafting-alanya","status":"publish","type":"product","link":"https:\/\/skyline-gs.com\/cs\/product\/canyon-tazy-rafting-alanya\/","title":{"rendered":"Ka\u0148on Tazy + rafting"},"content":{"rendered":"<p data-start=\"525\" data-end=\"664\">Pono\u0159te se do tureck\u00fdch p\u0159\u00edrodn\u00edch kontrast\u016f: prozkoumejte ka\u0148ony s malebn\u00fdmi panoramaty, u\u017eijte si j\u00edzdu horsk\u00fdm ter\u00e9nem a zakon\u010dete den aktivn\u00edm raftingem na \u0159ece se zku\u0161en\u00fdmi instruktory.<strong data-start=\"525\" data-end=\"557\"><br \/>\n<\/strong><\/p>\n<p data-start=\"734\" data-end=\"872\"><strong data-start=\"734\" data-end=\"766\">8:00 - Odjezd z hotelu. <\/strong>P\u0159ejezd do n\u00e1rodn\u00edho parku K\u00f6pr\u00fcl\u00fc. Cesta trv\u00e1 p\u0159ibli\u017en\u011b 1 hodinu (v z\u00e1vislosti na poloze hotelu).<\/p>\n<ul>\n<li data-start=\"874\" data-end=\"947\"><strong data-start=\"874\" data-end=\"892\">Ka\u0148on K\u00f6pr\u00fcl\u00fc<\/strong> - prvn\u00ed zast\u00e1vka na kr\u00e1tk\u00fd odpo\u010dinek a instrukt\u00e1\u017e.<\/li>\n<li data-start=\"874\" data-end=\"947\"><strong style=\"font-family: var(--global-body-font-family);\" data-start=\"949\" data-end=\"975\">P\u0159ejezd do ka\u0148onu Tazy. <\/strong>P\u0159estup do kabriolet\u016f a p\u0159ejezd do ka\u0148onu Tazy (cca 30 minut). Po cest\u011b p\u0159ehled horsk\u00fdch scen\u00e9ri\u00ed.<\/li>\n<li data-start=\"874\" data-end=\"947\"><strong style=\"font-family: var(--global-body-font-family);\" data-start=\"1083\" data-end=\"1098\">Ka\u0148on Tazy<\/strong><span style=\"font-family: var(--global-body-font-family);\"> - 30-40 minut voln\u00e9ho \u010dasu. P\u0159\u00edle\u017eitost k proch\u00e1zk\u00e1m, pozorov\u00e1n\u00ed z vyhl\u00eddkov\u00fdch m\u00edst a fotografov\u00e1n\u00ed.<\/span><\/li>\n<li data-start=\"874\" data-end=\"947\"><strong style=\"font-family: var(--global-body-font-family);\" data-start=\"1198\" data-end=\"1223\">N\u00e1vrat do K\u00f6pr\u00fcl\u00fc. <\/strong>P\u0159\u00edprava na rafting: instrukt\u00e1\u017e, podeps\u00e1n\u00ed dokument\u016f, po\u0159\u00edzen\u00ed vybaven\u00ed (vesta, helma).<\/li>\n<li data-start=\"874\" data-end=\"947\"><strong style=\"font-family: var(--global-body-font-family);\" data-start=\"1322\" data-end=\"1349\">Rafting na \u0159ece K\u00f6pr\u00fcl\u00fc<\/strong><span style=\"font-family: var(--global-body-font-family);\"> - Doba trv\u00e1n\u00ed raftingu: 2-2,5 hodiny. Na trase jsou 2 technick\u00e9 zast\u00e1vky - na 30 a 15 minut.<\/span><\/li>\n<li data-start=\"874\" data-end=\"947\"><strong style=\"font-family: var(--global-body-font-family);\" data-start=\"1456\" data-end=\"1478\">Sprchov\u00e1n\u00ed a p\u0159evl\u00e9k\u00e1n\u00ed<\/strong><span style=\"font-family: var(--global-body-font-family);\"> - na konci plavby na raftu.<\/span><\/li>\n<li data-start=\"874\" data-end=\"947\"><strong style=\"font-family: var(--global-body-font-family);\" data-start=\"1505\" data-end=\"1513\">Ob\u011bd. <\/strong>Bufet: ku\u0159ec\u00ed kebab, ryby, pilaf, t\u011bstoviny, \u010derstv\u00e9 sal\u00e1ty.<\/li>\n<\/ul>\n<p data-start=\"1585\" data-end=\"1679\"><strong>19:00 - N\u00e1vrat do hotelu.<\/strong><\/p>\n<p><strong>V\u010detn\u011b:<\/strong><\/p>\n<ul>\n<li data-start=\"1703\" data-end=\"1732\">Transfer z hotelu a do hotelu<\/li>\n<li data-start=\"1735\" data-end=\"1797\">Transfery na trase, v\u010detn\u011b kabrio-busu do Tazy Canyon<\/li>\n<li data-start=\"1800\" data-end=\"1821\">rusky mluv\u00edc\u00ed pr\u016fvodce<\/li>\n<li data-start=\"1824\" data-end=\"1849\">Raftingov\u00e9 vybaven\u00ed<\/li>\n<li data-start=\"1852\" data-end=\"1880\">Pokyny a doprovod<\/li>\n<li data-start=\"1883\" data-end=\"1889\">Ob\u011bd<\/li>\n<li data-start=\"1892\" data-end=\"1901\">Poji\u0161t\u011bn\u00ed<\/li>\n<\/ul>\n<p><strong>Nen\u00ed sou\u010d\u00e1st\u00ed dod\u00e1vky:<\/strong><\/p>\n<ul>\n<li data-start=\"1928\" data-end=\"1937\">N\u00e1poje<\/li>\n<li data-start=\"1940\" data-end=\"1988\">Z\u00e1znam fotografi\u00ed a videa (USB s materi\u00e1ly - 30$)<\/li>\n<li data-start=\"1991\" data-end=\"2026\">\u0160\u00e1tek, br\u00fdle, pouzdro na telefon.<\/li>\n<li data-start=\"2029\" data-end=\"2067\">Boty na rafting (8$ - voliteln\u00e9)<\/li>\n<li data-start=\"2070\" data-end=\"2100\">Kajak (10$ - voliteln\u00fd)<\/li>\n<li data-start=\"2103\" data-end=\"2135\">Oblek (5$ - voliteln\u00fd)<\/li>\n<li data-start=\"2138\" data-end=\"2152\">Osobn\u00ed v\u00fddaje<\/li>\n<\/ul>\n<p><strong>Vezm\u011bte si ji s sebou:<\/strong><\/p>\n<ul>\n<li data-start=\"2193\" data-end=\"2215\">Plavky nebo plavky<\/li>\n<li data-start=\"2218\" data-end=\"2229\">Ru\u010dn\u00edk<\/li>\n<li data-start=\"2232\" data-end=\"2270\">Pohodln\u00e1 obuv (nejl\u00e9pe gumov\u00e1)<\/li>\n<li data-start=\"2273\" data-end=\"2294\">Opalovac\u00ed kr\u00e9m<\/li>\n<li data-start=\"2297\" data-end=\"2323\">Hotovost na osobn\u00ed v\u00fddaje<\/li>\n<\/ul>","protected":false},"excerpt":{"rendered":"<p><strong>Doba prohl\u00eddky:<\/strong> 8:00 \u2014 19:00<\/p>\n<p><strong>Dny zadr\u017een\u00ed:<\/strong> Ka\u017ed\u00fd den.<\/p>","protected":false},"featured_media":63907,"template":"","meta":{"_kad_post_transparent":"default","_kad_post_title":"","_kad_post_layout":"default","_kad_post_sidebar_id":"","_kad_post_content_style":"default","_kad_post_vertical_padding":"default","_kad_post_feature":"","_kad_post_feature_position":"","_kad_post_header":false,"_kad_post_footer":false,"_kad_post_classname":"","_glsr_average":0,"_glsr_ranking":0,"_glsr_reviews":0},"product_brand":[],"product_cat":[445],"product_tag":[],"class_list":{"0":"post-63862","1":"product","2":"type-product","3":"status-publish","4":"has-post-thumbnail","6":"product_cat-alanya","7":"tm-has-options","9":"first","10":"instock","11":"sale","12":"sold-individually","13":"taxable","14":"shipping-taxable","15":"purchasable","16":"product-type-simple","17":"entry","18":"content-bg","19":"loop-entry"},"yoast_head":"<!-- This site is optimized with the Yoast SEO plugin v27.3 - https:\/\/yoast.com\/product\/yoast-seo-wordpress\/ -->\n<title>\u041a\u0430\u043d\u044c\u043e\u043d \u0422\u0430\u0437\u044b + \u0420\u0430\u0444\u0442\u0438\u043d\u0433 &#8226; \u042d\u043a\u0441\u043a\u0443\u0440\u0441\u0438\u0438 Skyline<\/title>\n<meta name=\"description\" content=\"\u0418\u0441\u0441\u043b\u0435\u0434\u0443\u0439\u0442\u0435 \u043a\u0430\u043d\u044c\u043e\u043d\u044b \u0441 \u0436\u0438\u0432\u043e\u043f\u0438\u0441\u043d\u044b\u043c\u0438 \u043f\u0430\u043d\u043e\u0440\u0430\u043c\u0430\u043c\u0438, \u043d\u0430\u0441\u043b\u0430\u0434\u0438\u0442\u0435\u0441\u044c \u043f\u043e\u0435\u0437\u0434\u043a\u043e\u0439 \u043f\u043e \u0433\u043e\u0440\u043d\u043e\u0439 \u043c\u0435\u0441\u0442\u043d\u043e\u0441\u0442\u0438 \u0438 \u0437\u0430\u0432\u0435\u0440\u0448\u0438\u0442\u0435 \u0434\u0435\u043d\u044c \u0441\u043f\u043b\u0430\u0432\u043e\u043c \u043f\u043e \u0440\u0435\u043a\u0435. \u0417\u0430\u043a\u0430\u0436\u0438\u0442\u0435 \u0443\u0436\u0435 \u0441\u0435\u0439\u0447\u0430\u0441!\" \/>\n<meta name=\"robots\" content=\"index, follow, max-snippet:-1, max-image-preview:large, max-video-preview:-1\" \/>\n<link rel=\"canonical\" href=\"https:\/\/skyline-gs.com\/cs\/produkt\/canyon-tazy-rafting-alanya\/\" \/>\n<meta property=\"og:locale\" content=\"cs_CZ\" \/>\n<meta property=\"og:type\" content=\"article\" \/>\n<meta property=\"og:title\" content=\"\u041a\u0430\u043d\u044c\u043e\u043d \u0422\u0430\u0437\u044b + \u0420\u0430\u0444\u0442\u0438\u043d\u0433 &#8226; \u042d\u043a\u0441\u043a\u0443\u0440\u0441\u0438\u0438 Skyline\" \/>\n<meta property=\"og:description\" content=\"\u0418\u0441\u0441\u043b\u0435\u0434\u0443\u0439\u0442\u0435 \u043a\u0430\u043d\u044c\u043e\u043d\u044b \u0441 \u0436\u0438\u0432\u043e\u043f\u0438\u0441\u043d\u044b\u043c\u0438 \u043f\u0430\u043d\u043e\u0440\u0430\u043c\u0430\u043c\u0438, \u043d\u0430\u0441\u043b\u0430\u0434\u0438\u0442\u0435\u0441\u044c \u043f\u043e\u0435\u0437\u0434\u043a\u043e\u0439 \u043f\u043e \u0433\u043e\u0440\u043d\u043e\u0439 \u043c\u0435\u0441\u0442\u043d\u043e\u0441\u0442\u0438 \u0438 \u0437\u0430\u0432\u0435\u0440\u0448\u0438\u0442\u0435 \u0434\u0435\u043d\u044c \u0441\u043f\u043b\u0430\u0432\u043e\u043c \u043f\u043e \u0440\u0435\u043a\u0435. \u0417\u0430\u043a\u0430\u0436\u0438\u0442\u0435 \u0443\u0436\u0435 \u0441\u0435\u0439\u0447\u0430\u0441!\" \/>\n<meta property=\"og:url\" content=\"https:\/\/skyline-gs.com\/cs\/produkt\/canyon-tazy-rafting-alanya\/\" \/>\n<meta property=\"og:site_name\" content=\"\u042d\u043a\u0441\u043a\u0443\u0440\u0441\u0438\u0438 Skyline\" \/>\n<meta property=\"article:modified_time\" content=\"2025-06-07T23:38:43+00:00\" \/>\n<meta property=\"og:image\" content=\"https:\/\/skyline-gs.com\/wp-content\/uploads\/2025\/06\/\u041a\u0430\u043d\u044c\u043e\u043d-\u0422\u0430\u0437\u044b-22.jpg\" \/>\n\t<meta property=\"og:image:width\" content=\"669\" \/>\n\t<meta property=\"og:image:height\" content=\"446\" \/>\n\t<meta property=\"og:image:type\" content=\"image\/jpeg\" \/>\n<meta name=\"twitter:card\" content=\"summary_large_image\" \/>\n<meta name=\"twitter:label1\" content=\"Odhadovan\u00e1 doba \u010dten\u00ed\" \/>\n\t<meta name=\"twitter:data1\" content=\"2 minuty\" \/>\n<script type=\"application\/ld+json\" class=\"yoast-schema-graph\">{\"@context\":\"https:\\\/\\\/schema.org\",\"@graph\":[{\"@type\":\"WebPage\",\"@id\":\"https:\\\/\\\/skyline-gs.com\\\/en\\\/product-2\\\/canyon-tazy-rafting-alanya\\\/\",\"url\":\"https:\\\/\\\/skyline-gs.com\\\/en\\\/product-2\\\/canyon-tazy-rafting-alanya\\\/\",\"name\":\"\u041a\u0430\u043d\u044c\u043e\u043d \u0422\u0430\u0437\u044b + \u0420\u0430\u0444\u0442\u0438\u043d\u0433 &#8226; \u042d\u043a\u0441\u043a\u0443\u0440\u0441\u0438\u0438 Skyline\",\"isPartOf\":{\"@id\":\"https:\\\/\\\/skyline-gs.com\\\/it\\\/#website\"},\"primaryImageOfPage\":{\"@id\":\"https:\\\/\\\/skyline-gs.com\\\/en\\\/product-2\\\/canyon-tazy-rafting-alanya\\\/#primaryimage\"},\"image\":{\"@id\":\"https:\\\/\\\/skyline-gs.com\\\/en\\\/product-2\\\/canyon-tazy-rafting-alanya\\\/#primaryimage\"},\"thumbnailUrl\":\"https:\\\/\\\/skyline-gs.com\\\/wp-content\\\/uploads\\\/2025\\\/06\\\/\u041a\u0430\u043d\u044c\u043e\u043d-\u0422\u0430\u0437\u044b-22.jpg\",\"datePublished\":\"2025-06-07T20:38:10+00:00\",\"dateModified\":\"2025-06-07T23:38:43+00:00\",\"description\":\"\u0418\u0441\u0441\u043b\u0435\u0434\u0443\u0439\u0442\u0435 \u043a\u0430\u043d\u044c\u043e\u043d\u044b \u0441 \u0436\u0438\u0432\u043e\u043f\u0438\u0441\u043d\u044b\u043c\u0438 \u043f\u0430\u043d\u043e\u0440\u0430\u043c\u0430\u043c\u0438, \u043d\u0430\u0441\u043b\u0430\u0434\u0438\u0442\u0435\u0441\u044c \u043f\u043e\u0435\u0437\u0434\u043a\u043e\u0439 \u043f\u043e \u0433\u043e\u0440\u043d\u043e\u0439 \u043c\u0435\u0441\u0442\u043d\u043e\u0441\u0442\u0438 \u0438 \u0437\u0430\u0432\u0435\u0440\u0448\u0438\u0442\u0435 \u0434\u0435\u043d\u044c \u0441\u043f\u043b\u0430\u0432\u043e\u043c \u043f\u043e \u0440\u0435\u043a\u0435. \u0417\u0430\u043a\u0430\u0436\u0438\u0442\u0435 \u0443\u0436\u0435 \u0441\u0435\u0439\u0447\u0430\u0441!\",\"breadcrumb\":{\"@id\":\"https:\\\/\\\/skyline-gs.com\\\/en\\\/product-2\\\/canyon-tazy-rafting-alanya\\\/#breadcrumb\"},\"inLanguage\":\"cs\",\"potentialAction\":[{\"@type\":\"ReadAction\",\"target\":[\"https:\\\/\\\/skyline-gs.com\\\/en\\\/product-2\\\/canyon-tazy-rafting-alanya\\\/\"]}]},{\"@type\":\"ImageObject\",\"inLanguage\":\"cs\",\"@id\":\"https:\\\/\\\/skyline-gs.com\\\/en\\\/product-2\\\/canyon-tazy-rafting-alanya\\\/#primaryimage\",\"url\":\"https:\\\/\\\/skyline-gs.com\\\/wp-content\\\/uploads\\\/2025\\\/06\\\/\u041a\u0430\u043d\u044c\u043e\u043d-\u0422\u0430\u0437\u044b-22.jpg\",\"contentUrl\":\"https:\\\/\\\/skyline-gs.com\\\/wp-content\\\/uploads\\\/2025\\\/06\\\/\u041a\u0430\u043d\u044c\u043e\u043d-\u0422\u0430\u0437\u044b-22.jpg\",\"width\":669,\"height\":446},{\"@type\":\"BreadcrumbList\",\"@id\":\"https:\\\/\\\/skyline-gs.com\\\/en\\\/product-2\\\/canyon-tazy-rafting-alanya\\\/#breadcrumb\",\"itemListElement\":[{\"@type\":\"ListItem\",\"position\":1,\"name\":\"\u0413\u043b\u0430\u0432\u043d\u0430\u044f \u0441\u0442\u0440\u0430\u043d\u0438\u0446\u0430\",\"item\":\"https:\\\/\\\/skyline-gs.com\\\/hu\\\/\"},{\"@type\":\"ListItem\",\"position\":2,\"name\":\"\u041c\u0430\u0433\u0430\u0437\u0438\u043d\",\"item\":\"https:\\\/\\\/skyline-gs.com\\\/cs\\\/shop\\\/\"},{\"@type\":\"ListItem\",\"position\":3,\"name\":\"\u041a\u0430\u043d\u044c\u043e\u043d \u0422\u0430\u0437\u044b + \u0420\u0430\u0444\u0442\u0438\u043d\u0433\"}]},{\"@type\":\"WebSite\",\"@id\":\"https:\\\/\\\/skyline-gs.com\\\/it\\\/#website\",\"url\":\"https:\\\/\\\/skyline-gs.com\\\/it\\\/\",\"name\":\"\u042d\u043a\u0441\u043a\u0443\u0440\u0441\u0438\u0438 Skyline\",\"description\":\"\u042d\u043a\u0441\u043a\u043b\u044e\u0437\u0438\u0432\u043d\u044b\u0435 \u044d\u043a\u0441\u043a\u0443\u0440\u0441\u0438\u0438 \u043d\u0430 \u043b\u0443\u0447\u0448\u0438\u0445 \u043a\u0443\u0440\u043e\u0440\u0442\u0430\u0445 \u043c\u0438\u0440\u0430\",\"publisher\":{\"@id\":\"https:\\\/\\\/skyline-gs.com\\\/it\\\/#organization\"},\"alternateName\":\"Skyline\",\"potentialAction\":[{\"@type\":\"SearchAction\",\"target\":{\"@type\":\"EntryPoint\",\"urlTemplate\":\"https:\\\/\\\/skyline-gs.com\\\/it\\\/?s={search_term_string}\"},\"query-input\":{\"@type\":\"PropertyValueSpecification\",\"valueRequired\":true,\"valueName\":\"search_term_string\"}}],\"inLanguage\":\"cs\"},{\"@type\":\"Organization\",\"@id\":\"https:\\\/\\\/skyline-gs.com\\\/it\\\/#organization\",\"name\":\"\u042d\u043a\u0441\u043a\u0443\u0440\u0441\u0438\u0438 Skyline\",\"alternateName\":\"\u042d\u043a\u0441\u043a\u0443\u0440\u0441\u0438\u0438 Skyline\",\"url\":\"https:\\\/\\\/skyline-gs.com\\\/it\\\/\",\"logo\":{\"@type\":\"ImageObject\",\"inLanguage\":\"cs\",\"@id\":\"https:\\\/\\\/skyline-gs.com\\\/it\\\/#\\\/schema\\\/logo\\\/image\\\/\",\"url\":\"https:\\\/\\\/skyline-gs.com\\\/wp-content\\\/uploads\\\/2020\\\/12\\\/cropped-logo-2.png\",\"contentUrl\":\"https:\\\/\\\/skyline-gs.com\\\/wp-content\\\/uploads\\\/2020\\\/12\\\/cropped-logo-2.png\",\"width\":512,\"height\":512,\"caption\":\"\u042d\u043a\u0441\u043a\u0443\u0440\u0441\u0438\u0438 Skyline\"},\"image\":{\"@id\":\"https:\\\/\\\/skyline-gs.com\\\/it\\\/#\\\/schema\\\/logo\\\/image\\\/\"},\"sameAs\":[\"https:\\\/\\\/www.instagram.com\\\/skylineglobalservice\\\/\"]}]}<\/script>\n<!-- \/ Yoast SEO plugin. -->","yoast_head_json":{"title":"Ka\u0148on Tazy + rafting - Skyline Excursions","description":"Prozkoumejte ka\u0148ony s malebn\u00fdmi panoramaty, proje\u010fte se horsk\u00fdm ter\u00e9nem a den zakon\u010dete raftingem na \u0159ece. Rezervujte si nyn\u00ed!","robots":{"index":"index","follow":"follow","max-snippet":"max-snippet:-1","max-image-preview":"max-image-preview:large","max-video-preview":"max-video-preview:-1"},"canonical":"https:\/\/skyline-gs.com\/cs\/produkt\/canyon-tazy-rafting-alanya\/","og_locale":"cs_CZ","og_type":"article","og_title":"\u041a\u0430\u043d\u044c\u043e\u043d \u0422\u0430\u0437\u044b + \u0420\u0430\u0444\u0442\u0438\u043d\u0433 &#8226; \u042d\u043a\u0441\u043a\u0443\u0440\u0441\u0438\u0438 Skyline","og_description":"\u0418\u0441\u0441\u043b\u0435\u0434\u0443\u0439\u0442\u0435 \u043a\u0430\u043d\u044c\u043e\u043d\u044b \u0441 \u0436\u0438\u0432\u043e\u043f\u0438\u0441\u043d\u044b\u043c\u0438 \u043f\u0430\u043d\u043e\u0440\u0430\u043c\u0430\u043c\u0438, \u043d\u0430\u0441\u043b\u0430\u0434\u0438\u0442\u0435\u0441\u044c \u043f\u043e\u0435\u0437\u0434\u043a\u043e\u0439 \u043f\u043e \u0433\u043e\u0440\u043d\u043e\u0439 \u043c\u0435\u0441\u0442\u043d\u043e\u0441\u0442\u0438 \u0438 \u0437\u0430\u0432\u0435\u0440\u0448\u0438\u0442\u0435 \u0434\u0435\u043d\u044c \u0441\u043f\u043b\u0430\u0432\u043e\u043c \u043f\u043e \u0440\u0435\u043a\u0435. \u0417\u0430\u043a\u0430\u0436\u0438\u0442\u0435 \u0443\u0436\u0435 \u0441\u0435\u0439\u0447\u0430\u0441!","og_url":"https:\/\/skyline-gs.com\/cs\/produkt\/canyon-tazy-rafting-alanya\/","og_site_name":"\u042d\u043a\u0441\u043a\u0443\u0440\u0441\u0438\u0438 Skyline","article_modified_time":"2025-06-07T23:38:43+00:00","og_image":[{"width":669,"height":446,"url":"https:\/\/skyline-gs.com\/wp-content\/uploads\/2025\/06\/\u041a\u0430\u043d\u044c\u043e\u043d-\u0422\u0430\u0437\u044b-22.jpg","type":"image\/jpeg"}],"twitter_card":"summary_large_image","twitter_misc":{"Odhadovan\u00e1 doba \u010dten\u00ed":"2 minuty"},"schema":{"@context":"https:\/\/schema.org","@graph":[{"@type":"WebPage","@id":"https:\/\/skyline-gs.com\/en\/product-2\/canyon-tazy-rafting-alanya\/","url":"https:\/\/skyline-gs.com\/en\/product-2\/canyon-tazy-rafting-alanya\/","name":"Ka\u0148on Tazy + rafting - Skyline Excursions","isPartOf":{"@id":"https:\/\/skyline-gs.com\/it\/#website"},"primaryImageOfPage":{"@id":"https:\/\/skyline-gs.com\/en\/product-2\/canyon-tazy-rafting-alanya\/#primaryimage"},"image":{"@id":"https:\/\/skyline-gs.com\/en\/product-2\/canyon-tazy-rafting-alanya\/#primaryimage"},"thumbnailUrl":"https:\/\/skyline-gs.com\/wp-content\/uploads\/2025\/06\/\u041a\u0430\u043d\u044c\u043e\u043d-\u0422\u0430\u0437\u044b-22.jpg","datePublished":"2025-06-07T20:38:10+00:00","dateModified":"2025-06-07T23:38:43+00:00","description":"Prozkoumejte ka\u0148ony s malebn\u00fdmi panoramaty, proje\u010fte se horsk\u00fdm ter\u00e9nem a den zakon\u010dete raftingem na \u0159ece. Rezervujte si nyn\u00ed!","breadcrumb":{"@id":"https:\/\/skyline-gs.com\/en\/product-2\/canyon-tazy-rafting-alanya\/#breadcrumb"},"inLanguage":"cs","potentialAction":[{"@type":"ReadAction","target":["https:\/\/skyline-gs.com\/en\/product-2\/canyon-tazy-rafting-alanya\/"]}]},{"@type":"ImageObject","inLanguage":"cs","@id":"https:\/\/skyline-gs.com\/en\/product-2\/canyon-tazy-rafting-alanya\/#primaryimage","url":"https:\/\/skyline-gs.com\/wp-content\/uploads\/2025\/06\/\u041a\u0430\u043d\u044c\u043e\u043d-\u0422\u0430\u0437\u044b-22.jpg","contentUrl":"https:\/\/skyline-gs.com\/wp-content\/uploads\/2025\/06\/\u041a\u0430\u043d\u044c\u043e\u043d-\u0422\u0430\u0437\u044b-22.jpg","width":669,"height":446},{"@type":"BreadcrumbList","@id":"https:\/\/skyline-gs.com\/en\/product-2\/canyon-tazy-rafting-alanya\/#breadcrumb","itemListElement":[{"@type":"ListItem","position":1,"name":"\u0413\u043b\u0430\u0432\u043d\u0430\u044f \u0441\u0442\u0440\u0430\u043d\u0438\u0446\u0430","item":"https:\/\/skyline-gs.com\/hu\/"},{"@type":"ListItem","position":2,"name":"\u041c\u0430\u0433\u0430\u0437\u0438\u043d","item":"https:\/\/skyline-gs.com\/cs\/shop\/"},{"@type":"ListItem","position":3,"name":"\u041a\u0430\u043d\u044c\u043e\u043d \u0422\u0430\u0437\u044b + \u0420\u0430\u0444\u0442\u0438\u043d\u0433"}]},{"@type":"WebSite","@id":"https:\/\/skyline-gs.com\/it\/#website","url":"https:\/\/skyline-gs.com\/it\/","name":"Skyline V\u00fdlety","description":"Exkluzivn\u00ed v\u00fdlety do nejlep\u0161\u00edch sv\u011btov\u00fdch letovisek","publisher":{"@id":"https:\/\/skyline-gs.com\/it\/#organization"},"alternateName":"Skyline","potentialAction":[{"@type":"SearchAction","target":{"@type":"EntryPoint","urlTemplate":"https:\/\/skyline-gs.com\/it\/?s={search_term_string}"},"query-input":{"@type":"PropertyValueSpecification","valueRequired":true,"valueName":"search_term_string"}}],"inLanguage":"cs"},{"@type":"Organization","@id":"https:\/\/skyline-gs.com\/it\/#organization","name":"Skyline V\u00fdlety","alternateName":"\u042d\u043a\u0441\u043a\u0443\u0440\u0441\u0438\u0438 Skyline","url":"https:\/\/skyline-gs.com\/it\/","logo":{"@type":"ImageObject","inLanguage":"cs","@id":"https:\/\/skyline-gs.com\/it\/#\/schema\/logo\/image\/","url":"https:\/\/skyline-gs.com\/wp-content\/uploads\/2020\/12\/cropped-logo-2.png","contentUrl":"https:\/\/skyline-gs.com\/wp-content\/uploads\/2020\/12\/cropped-logo-2.png","width":512,"height":512,"caption":"\u042d\u043a\u0441\u043a\u0443\u0440\u0441\u0438\u0438 Skyline"},"image":{"@id":"https:\/\/skyline-gs.com\/it\/#\/schema\/logo\/image\/"},"sameAs":["https:\/\/www.instagram.com\/skylineglobalservice\/"]}]}},"_links":{"self":[{"href":"https:\/\/skyline-gs.com\/cs\/wp-json\/wp\/v2\/product\/63862","targetHints":{"allow":["GET"]}}],"collection":[{"href":"https:\/\/skyline-gs.com\/cs\/wp-json\/wp\/v2\/product"}],"about":[{"href":"https:\/\/skyline-gs.com\/cs\/wp-json\/wp\/v2\/types\/product"}],"version-history":[{"count":0,"href":"https:\/\/skyline-gs.com\/cs\/wp-json\/wp\/v2\/product\/63862\/revisions"}],"wp:featuredmedia":[{"embeddable":true,"href":"https:\/\/skyline-gs.com\/cs\/wp-json\/wp\/v2\/media\/63907"}],"wp:attachment":[{"href":"https:\/\/skyline-gs.com\/cs\/wp-json\/wp\/v2\/media?parent=63862"}],"wp:term":[{"taxonomy":"product_brand","embeddable":true,"href":"https:\/\/skyline-gs.com\/cs\/wp-json\/wp\/v2\/product_brand?post=63862"},{"taxonomy":"product_cat","embeddable":true,"href":"https:\/\/skyline-gs.com\/cs\/wp-json\/wp\/v2\/product_cat?post=63862"},{"taxonomy":"product_tag","embeddable":true,"href":"https:\/\/skyline-gs.com\/cs\/wp-json\/wp\/v2\/product_tag?post=63862"}],"curies":[{"name":"wp","href":"https:\/\/api.w.org\/{rel}","templated":true}]}}