{"id":63518,"date":"2025-05-27T20:51:57","date_gmt":"2025-05-27T18:51:57","guid":{"rendered":"http:\/\/skyline-gs.com\/?post_type=product&#038;p=63518"},"modified":"2025-12-23T00:35:36","modified_gmt":"2025-12-22T22:35:36","slug":"big-vip-tour-in-iceland","status":"publish","type":"product","link":"https:\/\/skyline-gs.com\/cs\/product\/big-vip-tour-in-iceland\/","title":{"rendered":"\u0418\u043d\u0434\u0438\u0432\u0438\u0434\u0443\u0430\u043b\u044c\u043d\u044b\u0439 \u0442\u0443\u0440: \u0411\u043e\u043b\u044c\u0448\u043e\u0439 \u0442\u0443\u0440 \u043f\u043e \u0418\u0441\u043b\u0430\u043d\u0434\u0438\u0438 VIP (9 \u0434\u043d\u0435\u0439)"},"content":{"rendered":"<p>\u00dapln\u00e9 pono\u0159en\u00ed do luxusn\u00edho Islandu: ledovce, sopky, \u00fadol\u00ed a laguny. Jedine\u010dn\u00e9 lokality, promy\u0161len\u00fd komfort a dojmy autora. Itiner\u00e1\u0159, kter\u00fd spojuje dynamiku a klid, dobrodru\u017estv\u00ed a meditaci, p\u0159\u00edrodu a samotu.<\/p>\n<p><strong>Jedine\u010dnost prohl\u00eddky:<\/strong><\/p>\n<ul>\n<li data-start=\"172\" data-end=\"316\"><strong data-start=\"172\" data-end=\"200\">Exkluzivn\u00ed z\u00e1\u017eitky<\/strong> - Lety vrtuln\u00edkem, soukrom\u00e1 plavba po ledovcov\u00e9 lagun\u011b, individu\u00e1ln\u00ed v\u00fdlety do ledov\u00fdch jeskyn\u00ed a na sopku.<\/li>\n<li data-start=\"320\" data-end=\"440\"><strong data-start=\"320\" data-end=\"343\">Personalizovan\u00fd form\u00e1t<\/strong> - jen vy, zku\u0161en\u00fd rusky mluv\u00edc\u00ed pr\u016fvodce a pohodln\u00e9 ter\u00e9nn\u00ed vozidlo: \u017e\u00e1dn\u00e9 skupiny, \u017e\u00e1dn\u00e9 fronty a \u017e\u00e1dn\u00fd sp\u011bch.<\/li>\n<li data-start=\"444\" data-end=\"584\"><strong data-start=\"444\" data-end=\"474\">Nejlep\u0161\u00ed hotely a gastronomie<\/strong> - pe\u010dliv\u011b vybran\u00e9 butikov\u00e9 hotely, ochutn\u00e1vky na farm\u00e1ch a relaxace v l\u00e1zn\u00edch Retreat Spa v Modr\u00e9 lagun\u011b.<\/li>\n<\/ul>\n<p><strong>Den 1: P\u0159\u00edjezd na Island<\/strong><\/p>\n<p><strong>Vyzvednut\u00ed na leti\u0161ti a individu\u00e1ln\u00ed transfer do Reykjav\u00edku.<\/strong><\/p>\n<ul>\n<li data-start=\"619\" data-end=\"674\">Ubytov\u00e1n\u00ed ve stylov\u00e9m hotelu <strong data-start=\"647\" data-end=\"672\">Edice Reykjav\u00edk<\/strong><\/li>\n<li data-start=\"677\" data-end=\"731\">Voln\u00fd \u010das a ve\u010de\u0159e v restauraci (doporu\u010deno)<\/li>\n<li data-start=\"734\" data-end=\"762\"><strong data-start=\"734\" data-end=\"762\">P\u0159enocov\u00e1n\u00ed v hotelu The Edition<\/strong><\/li>\n<\/ul>\n<p><strong>Den 2: Zlat\u00fd prsten s twistem<\/strong><\/p>\n<ul>\n<li>Sn\u00eddan\u011b v hotelu<\/li>\n<li>Soukrom\u00e1 n\u00e1v\u0161t\u011bva <strong data-start=\"946\" data-end=\"964\">jeskynn\u00edho domu<\/strong> (v\u010detn\u011b)<\/li>\n<li><strong style=\"font-family: var(--global-body-font-family);\" data-start=\"982\" data-end=\"1001\">\u00dadol\u00ed gejz\u00edr\u016f<\/strong><\/li>\n<li>Vodop\u00e1d <strong data-start=\"1016\" data-end=\"1028\">Gullfoss<\/strong><\/li>\n<li>Soukrom\u00e1 ochutn\u00e1vka <strong data-start=\"1056\" data-end=\"1074\">l\u00e1vov\u00fd chl\u00e9b<\/strong> (v cen\u011b)Sn\u00eddan\u011b v hotelu<\/li>\n<li>St\u011bhov\u00e1n\u00ed na jih Islandu<\/li>\n<li>Ubytov\u00e1n\u00ed v butikov\u00e9m hotelu <strong data-start=\"1142\" data-end=\"1160\">Panstv\u00ed Skalakot<\/strong><\/li>\n<li>Ve\u010de\u0159e a odpo\u010dinek<\/li>\n<li><strong data-start=\"1182\" data-end=\"1213\">P\u0159enocov\u00e1n\u00ed v hotelu Skalakot Manor<\/strong><\/li>\n<\/ul>\n<p><strong>Den 3: Ji\u017en\u00ed pob\u0159e\u017e\u00ed a ledov\u00e1 jeskyn\u011b<\/strong><\/p>\n<ul>\n<li data-start=\"1289\" data-end=\"1306\">Sn\u00eddan\u011b v hotelu<\/li>\n<li data-start=\"1309\" data-end=\"1373\">Vodop\u00e1d <strong data-start=\"1317\" data-end=\"1330\">Sk\u00f3gafoss<\/strong>Cape <strong data-start=\"1336\" data-end=\"1349\">Dyrh\u00f3laey<\/strong>, pl\u00e1\u017e <strong data-start=\"1356\" data-end=\"1371\">Reynisfjara<\/strong><\/li>\n<li data-start=\"1376\" data-end=\"1402\">Ob\u011bd ve vesnici <strong data-start=\"1393\" data-end=\"1400\">Vic<\/strong><\/li>\n<li data-start=\"1405\" data-end=\"1482\">Exkurze Superjeep do <strong data-start=\"1431\" data-end=\"1452\">ledovcov\u00e1 jeskyn\u011b<\/strong> (Katla nebo sez\u00f3nn\u00ed obdoba)<\/li>\n<li data-start=\"1485\" data-end=\"1523\">N\u00e1vrat do hotelu, voln\u00fd \u010das<\/li>\n<li data-start=\"1526\" data-end=\"1557\"><strong data-start=\"1526\" data-end=\"1557\">P\u0159enocov\u00e1n\u00ed v hotelu Skalakot Manor<\/strong><\/li>\n<\/ul>\n<p><strong>Den 4: Thorsmerk a let vrtuln\u00edkem<\/strong><\/p>\n<ul>\n<li data-start=\"1631\" data-end=\"1640\">Sn\u00eddan\u011b<\/li>\n<li data-start=\"1643\" data-end=\"1695\">J\u00edzda superjeepem v horsk\u00e9m \u00fadol\u00ed <strong data-start=\"1681\" data-end=\"1693\">\u00de\u00f3rsm\u00f6rk<\/strong><\/li>\n<li data-start=\"1643\" data-end=\"1695\"><span style=\"font-family: var(--global-body-font-family);\">Vodop\u00e1dy <\/span><strong style=\"font-family: var(--global-body-font-family);\" data-start=\"1709\" data-end=\"1727\">Seljalandsfoss<\/strong><span style=\"font-family: var(--global-body-font-family);\"> \u0438 <\/span><strong style=\"font-family: var(--global-body-font-family);\" data-start=\"1730\" data-end=\"1744\">Glj\u00fafrab\u00fai<\/strong><\/li>\n<li data-start=\"1643\" data-end=\"1695\"><span style=\"font-family: var(--global-body-font-family);\">Proch\u00e1zka \u00fadol\u00edm<\/span><\/li>\n<li data-start=\"1643\" data-end=\"1695\"><span style=\"font-family: var(--global-body-font-family);\">Piknik s grilov\u00e1n\u00edm v p\u0159\u00edrod\u011b<\/span><\/li>\n<li data-start=\"1643\" data-end=\"1695\"><strong data-start=\"1814\" data-end=\"1837\">Let vrtuln\u00edkem<\/strong> k ledovcov\u00e9 lagun\u011b s p\u0159ist\u00e1n\u00edm v hor\u00e1ch* (mo\u017enost dohodnout)<\/li>\n<li data-start=\"1909\" data-end=\"1941\">Ubytov\u00e1n\u00ed v <strong data-start=\"1922\" data-end=\"1939\">Hotel Glacier<\/strong><\/li>\n<li data-start=\"1944\" data-end=\"1958\">Ve\u010de\u0159e a odpo\u010dinek<\/li>\n<li data-start=\"1961\" data-end=\"1985\"><strong data-start=\"1961\" data-end=\"1985\">P\u0159enocov\u00e1n\u00ed v hotelu Glacier<\/strong><\/li>\n<\/ul>\n<p><strong>Den 5: Ledovcov\u00e1 laguna a \u010das pro sebe<\/strong><\/p>\n<ul>\n<li data-start=\"2063\" data-end=\"2072\">Sn\u00eddan\u011b<\/li>\n<li data-start=\"2075\" data-end=\"2129\">Soukrom\u00e1 plavba na <strong data-start=\"2094\" data-end=\"2109\">J\u00f6kuls\u00e1rl\u00f3n<\/strong> (mezi ledovci)<\/li>\n<li data-start=\"2132\" data-end=\"2159\">N\u00e1vrat do hotelu, ob\u011bd<\/li>\n<li data-start=\"2162\" data-end=\"2211\">Voln\u00fd \u010das pro pr\u00e1ci, voln\u00fd \u010das nebo v\u00fdlety<\/li>\n<li data-start=\"2214\" data-end=\"2238\"><strong data-start=\"2214\" data-end=\"2238\">P\u0159enocov\u00e1n\u00ed v hotelu Glacier<\/strong><\/li>\n<\/ul>\n<p><strong>Den 6: Kraj sv\u011bta - v\u00fdchod Islandu<\/strong><\/p>\n<ul>\n<li data-start=\"2309\" data-end=\"2318\">Sn\u00eddan\u011b<\/li>\n<li data-start=\"2321\" data-end=\"2400\">V\u00fdlet na mys <strong data-start=\"2336\" data-end=\"2350\">Vestrahorn<\/strong> a proch\u00e1zka po obnoven\u00e9m <strong data-start=\"2378\" data-end=\"2398\">vikingsk\u00e1 vesnice<\/strong><\/li>\n<li data-start=\"2403\" data-end=\"2427\">Ob\u011bd a voln\u00fd \u010das<\/li>\n<li data-start=\"2430\" data-end=\"2451\">N\u00e1vrat do hotelu<\/li>\n<li data-start=\"2454\" data-end=\"2478\"><strong data-start=\"2454\" data-end=\"2478\">P\u0159enocov\u00e1n\u00ed v hotelu Glacier<\/strong><\/li>\n<\/ul>\n<p><strong>Den 7: Sopka a l\u00e1ze\u0148sk\u00fd r\u00e1j<\/strong><\/p>\n<ul>\n<li data-start=\"2538\" data-end=\"2547\">Sn\u00eddan\u011b<\/li>\n<li data-start=\"2550\" data-end=\"2607\">Let vrtuln\u00edkem nad vyso\u010dinou a ji\u017en\u00edm pob\u0159e\u017e\u00edm<\/li>\n<li data-start=\"2610\" data-end=\"2665\">Soukrom\u00e9 <strong data-start=\"2620\" data-end=\"2649\">sla\u0148ov\u00e1n\u00ed<\/strong> (nepovinn\u00e9)<\/li>\n<li data-start=\"2668\" data-end=\"2712\">Let do hotelu <strong data-start=\"2684\" data-end=\"2710\">\u00dastup v Modr\u00e9 lagun\u011b<\/strong><\/li>\n<li data-start=\"2715\" data-end=\"2759\">N\u00e1v\u0161t\u011bva l\u00e1zn\u00ed <strong data-start=\"2739\" data-end=\"2757\">Retreat Lagoon<\/strong><\/li>\n<li data-start=\"2762\" data-end=\"2768\">Ve\u010de\u0159e<\/li>\n<li data-start=\"2771\" data-end=\"2799\"><strong data-start=\"2771\" data-end=\"2799\">P\u0159enocov\u00e1n\u00ed v l\u00e1ze\u0148sk\u00e9m hotelu Retreat<\/strong><\/li>\n<\/ul>\n<p><strong>Den 8: \u010cty\u0159kolky nebo sn\u011b\u017en\u00e9 sk\u00fatry a odpo\u010dinek<\/strong><\/p>\n<ul>\n<li data-start=\"2876\" data-end=\"2885\">Sn\u00eddan\u011b<\/li>\n<li data-start=\"2888\" data-end=\"2969\">Soukrom\u00fd v\u00fdlet do <strong data-start=\"2909\" data-end=\"2925\">\u010dty\u0159kolky<\/strong> (p\u0159\u00edpadn\u011b. <strong data-start=\"2942\" data-end=\"2955\">sn\u011b\u017en\u00e9 sk\u00fatry<\/strong> na ledovci)<\/li>\n<li data-start=\"2972\" data-end=\"3009\">Druh\u00e1 n\u00e1v\u0161t\u011bva <strong data-start=\"2989\" data-end=\"3007\">Retreat Lagoon<\/strong><\/li>\n<li data-start=\"3012\" data-end=\"3035\">\u010cas na odpo\u010dinek a ve\u010de\u0159i<\/li>\n<li data-start=\"3038\" data-end=\"3066\"><strong data-start=\"3038\" data-end=\"3066\">P\u0159enocov\u00e1n\u00ed v l\u00e1ze\u0148sk\u00e9m hotelu Retreat<\/strong><\/li>\n<\/ul>\n<p><strong>Den 9: Odjezd<\/strong><\/p>\n<ul>\n<li data-start=\"3117\" data-end=\"3126\">Sn\u00eddan\u011b<\/li>\n<\/ul>\n<p data-start=\"3117\" data-end=\"3126\"><strong>Soukrom\u00fd transfer na mezin\u00e1rodn\u00ed leti\u0161t\u011b Keflavik<\/strong><\/p>\n<p><strong>V\u010detn\u011b:<\/strong><\/p>\n<ul>\n<li>Transfer z hotelu a do hotelu<\/li>\n<li>P\u0159eprava pohodln\u00fdm SUV 4\u00d74 s klimatizac\u00ed<\/li>\n<li>rusky mluv\u00edc\u00ed pr\u016fvodce<\/li>\n<li>Palivo<\/li>\n<li>Piknik<\/li>\n<\/ul>\n<p><strong>Nen\u00ed sou\u010d\u00e1st\u00ed dod\u00e1vky:<\/strong><\/p>\n<ul>\n<li>Ubytov\u00e1n\u00ed v pr\u00e9miov\u00fdch hotelech<\/li>\n<li>Stravov\u00e1n\u00ed (nepovinn\u00e9, kav\u00e1rny na trase)<\/li>\n<li>Vstupn\u00e9 a aktivity (uveden\u00e9 v\u00fd\u0161e jako vod\u00edtko)<\/li>\n<li>Superjip a pron\u00e1jem vrtuln\u00edku na trase (pokud je to dohodnuto)<\/li>\n<li>Placen\u00e1 parkovi\u0161t\u011b pod\u00e9l trasy<\/li>\n<\/ul>\n<p><strong>Vezm\u011bte si ji s sebou:<\/strong><\/p>\n<ul>\n<li>Fotoapar\u00e1t<\/li>\n<li>Pohodln\u00e1 obuv<\/li>\n<li>Tepl\u00e9 oble\u010den\u00ed<\/li>\n<li>Pen\u00edze na osobn\u00ed v\u00fddaje<\/li>\n<\/ul>","protected":false},"excerpt":{"rendered":"<p><strong>Doba prohl\u00eddky: <\/strong>9 dn\u00ed<\/p>\n<p><strong>Dny zadr\u017een\u00ed: <\/strong>Ka\u017ed\u00fd den.<\/p>","protected":false},"featured_media":63519,"template":"","meta":{"_kad_post_transparent":"default","_kad_post_title":"","_kad_post_layout":"default","_kad_post_sidebar_id":"","_kad_post_content_style":"default","_kad_post_vertical_padding":"default","_kad_post_feature":"","_kad_post_feature_position":"","_kad_post_header":false,"_kad_post_footer":false,"_kad_post_classname":"","_glsr_average":0,"_glsr_ranking":0,"_glsr_reviews":0},"product_brand":[],"product_cat":[467],"product_tag":[],"class_list":{"0":"post-63518","1":"product","2":"type-product","3":"status-publish","4":"has-post-thumbnail","6":"product_cat-iceland","7":"tm-has-options","9":"first","10":"instock","11":"sold-individually","12":"taxable","13":"shipping-taxable","14":"purchasable","15":"product-type-simple","16":"entry","17":"content-bg","18":"loop-entry"},"yoast_head":"<!-- This site is optimized with the Yoast SEO plugin v27.3 - https:\/\/yoast.com\/product\/yoast-seo-wordpress\/ -->\n<title>\u0418\u043d\u0434\u0438\u0432\u0438\u0434\u0443\u0430\u043b\u044c\u043d\u044b\u0439 \u0442\u0443\u0440: \u0411\u043e\u043b\u044c\u0448\u043e\u0439 \u0442\u0443\u0440 \u043f\u043e \u0418\u0441\u043b\u0430\u043d\u0434\u0438\u0438 VIP (9 \u0434\u043d\u0435\u0439) &#8226; \u042d\u043a\u0441\u043a\u0443\u0440\u0441\u0438\u0438 Skyline<\/title>\n<meta name=\"robots\" content=\"index, follow, max-snippet:-1, max-image-preview:large, max-video-preview:-1\" \/>\n<link rel=\"canonical\" href=\"https:\/\/skyline-gs.com\/cs\/produkt\/big-vip-tour-in-iceland\/\" \/>\n<meta property=\"og:locale\" content=\"cs_CZ\" \/>\n<meta property=\"og:type\" content=\"article\" \/>\n<meta property=\"og:title\" content=\"\u0418\u043d\u0434\u0438\u0432\u0438\u0434\u0443\u0430\u043b\u044c\u043d\u044b\u0439 \u0442\u0443\u0440: \u0411\u043e\u043b\u044c\u0448\u043e\u0439 \u0442\u0443\u0440 \u043f\u043e \u0418\u0441\u043b\u0430\u043d\u0434\u0438\u0438 VIP (9 \u0434\u043d\u0435\u0439) &#8226; \u042d\u043a\u0441\u043a\u0443\u0440\u0441\u0438\u0438 Skyline\" \/>\n<meta property=\"og:description\" content=\"\u0412\u0440\u0435\u043c\u044f \u0442\u0443\u0440\u0430: 9\u00a0\u0434\u043d\u0435\u0439  \u0414\u043d\u0438 \u043f\u0440\u043e\u0432\u0435\u0434\u0435\u043d\u0438\u044f: \u041a\u0430\u0436\u0434\u044b\u0439 \u0434\u0435\u043d\u044c\" \/>\n<meta property=\"og:url\" content=\"https:\/\/skyline-gs.com\/cs\/produkt\/big-vip-tour-in-iceland\/\" \/>\n<meta property=\"og:site_name\" content=\"\u042d\u043a\u0441\u043a\u0443\u0440\u0441\u0438\u0438 Skyline\" \/>\n<meta property=\"article:modified_time\" content=\"2025-12-22T22:35:36+00:00\" \/>\n<meta property=\"og:image\" content=\"https:\/\/skyline-gs.com\/wp-content\/uploads\/2025\/05\/30.jpg\" \/>\n\t<meta property=\"og:image:width\" content=\"669\" \/>\n\t<meta property=\"og:image:height\" content=\"446\" \/>\n\t<meta property=\"og:image:type\" content=\"image\/jpeg\" \/>\n<meta name=\"twitter:card\" content=\"summary_large_image\" \/>\n<meta name=\"twitter:label1\" content=\"Odhadovan\u00e1 doba \u010dten\u00ed\" \/>\n\t<meta name=\"twitter:data1\" content=\"3 minuty\" \/>\n<script type=\"application\/ld+json\" class=\"yoast-schema-graph\">{\"@context\":\"https:\\\/\\\/schema.org\",\"@graph\":[{\"@type\":\"WebPage\",\"@id\":\"https:\\\/\\\/skyline-gs.com\\\/hu\\\/termek\\\/big-vip-tour-in-iceland\\\/\",\"url\":\"https:\\\/\\\/skyline-gs.com\\\/hu\\\/termek\\\/big-vip-tour-in-iceland\\\/\",\"name\":\"\u0418\u043d\u0434\u0438\u0432\u0438\u0434\u0443\u0430\u043b\u044c\u043d\u044b\u0439 \u0442\u0443\u0440: \u0411\u043e\u043b\u044c\u0448\u043e\u0439 \u0442\u0443\u0440 \u043f\u043e \u0418\u0441\u043b\u0430\u043d\u0434\u0438\u0438 VIP (9 \u0434\u043d\u0435\u0439) &#8226; \u042d\u043a\u0441\u043a\u0443\u0440\u0441\u0438\u0438 Skyline\",\"isPartOf\":{\"@id\":\"https:\\\/\\\/skyline-gs.com\\\/it\\\/#website\"},\"primaryImageOfPage\":{\"@id\":\"https:\\\/\\\/skyline-gs.com\\\/hu\\\/termek\\\/big-vip-tour-in-iceland\\\/#primaryimage\"},\"image\":{\"@id\":\"https:\\\/\\\/skyline-gs.com\\\/hu\\\/termek\\\/big-vip-tour-in-iceland\\\/#primaryimage\"},\"thumbnailUrl\":\"https:\\\/\\\/skyline-gs.com\\\/wp-content\\\/uploads\\\/2025\\\/05\\\/30.jpg\",\"datePublished\":\"2025-05-27T18:51:57+00:00\",\"dateModified\":\"2025-12-22T22:35:36+00:00\",\"breadcrumb\":{\"@id\":\"https:\\\/\\\/skyline-gs.com\\\/hu\\\/termek\\\/big-vip-tour-in-iceland\\\/#breadcrumb\"},\"inLanguage\":\"cs\",\"potentialAction\":[{\"@type\":\"ReadAction\",\"target\":[\"https:\\\/\\\/skyline-gs.com\\\/hu\\\/termek\\\/big-vip-tour-in-iceland\\\/\"]}]},{\"@type\":\"ImageObject\",\"inLanguage\":\"cs\",\"@id\":\"https:\\\/\\\/skyline-gs.com\\\/hu\\\/termek\\\/big-vip-tour-in-iceland\\\/#primaryimage\",\"url\":\"https:\\\/\\\/skyline-gs.com\\\/wp-content\\\/uploads\\\/2025\\\/05\\\/30.jpg\",\"contentUrl\":\"https:\\\/\\\/skyline-gs.com\\\/wp-content\\\/uploads\\\/2025\\\/05\\\/30.jpg\",\"width\":669,\"height\":446},{\"@type\":\"BreadcrumbList\",\"@id\":\"https:\\\/\\\/skyline-gs.com\\\/hu\\\/termek\\\/big-vip-tour-in-iceland\\\/#breadcrumb\",\"itemListElement\":[{\"@type\":\"ListItem\",\"position\":1,\"name\":\"\u0413\u043b\u0430\u0432\u043d\u0430\u044f \u0441\u0442\u0440\u0430\u043d\u0438\u0446\u0430\",\"item\":\"https:\\\/\\\/skyline-gs.com\\\/hu\\\/\"},{\"@type\":\"ListItem\",\"position\":2,\"name\":\"\u041c\u0430\u0433\u0430\u0437\u0438\u043d\",\"item\":\"https:\\\/\\\/skyline-gs.com\\\/cs\\\/shop\\\/\"},{\"@type\":\"ListItem\",\"position\":3,\"name\":\"\u0418\u043d\u0434\u0438\u0432\u0438\u0434\u0443\u0430\u043b\u044c\u043d\u044b\u0439 \u0442\u0443\u0440: \u0411\u043e\u043b\u044c\u0448\u043e\u0439 \u0442\u0443\u0440 \u043f\u043e \u0418\u0441\u043b\u0430\u043d\u0434\u0438\u0438 VIP (9 \u0434\u043d\u0435\u0439)\"}]},{\"@type\":\"WebSite\",\"@id\":\"https:\\\/\\\/skyline-gs.com\\\/it\\\/#website\",\"url\":\"https:\\\/\\\/skyline-gs.com\\\/it\\\/\",\"name\":\"\u042d\u043a\u0441\u043a\u0443\u0440\u0441\u0438\u0438 Skyline\",\"description\":\"\u042d\u043a\u0441\u043a\u043b\u044e\u0437\u0438\u0432\u043d\u044b\u0435 \u044d\u043a\u0441\u043a\u0443\u0440\u0441\u0438\u0438 \u043d\u0430 \u043b\u0443\u0447\u0448\u0438\u0445 \u043a\u0443\u0440\u043e\u0440\u0442\u0430\u0445 \u043c\u0438\u0440\u0430\",\"publisher\":{\"@id\":\"https:\\\/\\\/skyline-gs.com\\\/it\\\/#organization\"},\"alternateName\":\"Skyline\",\"potentialAction\":[{\"@type\":\"SearchAction\",\"target\":{\"@type\":\"EntryPoint\",\"urlTemplate\":\"https:\\\/\\\/skyline-gs.com\\\/it\\\/?s={search_term_string}\"},\"query-input\":{\"@type\":\"PropertyValueSpecification\",\"valueRequired\":true,\"valueName\":\"search_term_string\"}}],\"inLanguage\":\"cs\"},{\"@type\":\"Organization\",\"@id\":\"https:\\\/\\\/skyline-gs.com\\\/it\\\/#organization\",\"name\":\"\u042d\u043a\u0441\u043a\u0443\u0440\u0441\u0438\u0438 Skyline\",\"alternateName\":\"\u042d\u043a\u0441\u043a\u0443\u0440\u0441\u0438\u0438 Skyline\",\"url\":\"https:\\\/\\\/skyline-gs.com\\\/it\\\/\",\"logo\":{\"@type\":\"ImageObject\",\"inLanguage\":\"cs\",\"@id\":\"https:\\\/\\\/skyline-gs.com\\\/it\\\/#\\\/schema\\\/logo\\\/image\\\/\",\"url\":\"https:\\\/\\\/skyline-gs.com\\\/wp-content\\\/uploads\\\/2020\\\/12\\\/cropped-logo-2.png\",\"contentUrl\":\"https:\\\/\\\/skyline-gs.com\\\/wp-content\\\/uploads\\\/2020\\\/12\\\/cropped-logo-2.png\",\"width\":512,\"height\":512,\"caption\":\"\u042d\u043a\u0441\u043a\u0443\u0440\u0441\u0438\u0438 Skyline\"},\"image\":{\"@id\":\"https:\\\/\\\/skyline-gs.com\\\/it\\\/#\\\/schema\\\/logo\\\/image\\\/\"},\"sameAs\":[\"https:\\\/\\\/www.instagram.com\\\/skylineglobalservice\\\/\"]}]}<\/script>\n<!-- \/ Yoast SEO plugin. -->","yoast_head_json":{"title":"\u0418\u043d\u0434\u0438\u0432\u0438\u0434\u0443\u0430\u043b\u044c\u043d\u044b\u0439 \u0442\u0443\u0440: \u0411\u043e\u043b\u044c\u0448\u043e\u0439 \u0442\u0443\u0440 \u043f\u043e \u0418\u0441\u043b\u0430\u043d\u0434\u0438\u0438 VIP (9 \u0434\u043d\u0435\u0439) &#8226; \u042d\u043a\u0441\u043a\u0443\u0440\u0441\u0438\u0438 Skyline","robots":{"index":"index","follow":"follow","max-snippet":"max-snippet:-1","max-image-preview":"max-image-preview:large","max-video-preview":"max-video-preview:-1"},"canonical":"https:\/\/skyline-gs.com\/cs\/produkt\/big-vip-tour-in-iceland\/","og_locale":"cs_CZ","og_type":"article","og_title":"\u0418\u043d\u0434\u0438\u0432\u0438\u0434\u0443\u0430\u043b\u044c\u043d\u044b\u0439 \u0442\u0443\u0440: \u0411\u043e\u043b\u044c\u0448\u043e\u0439 \u0442\u0443\u0440 \u043f\u043e \u0418\u0441\u043b\u0430\u043d\u0434\u0438\u0438 VIP (9 \u0434\u043d\u0435\u0439) &#8226; \u042d\u043a\u0441\u043a\u0443\u0440\u0441\u0438\u0438 Skyline","og_description":"\u0412\u0440\u0435\u043c\u044f \u0442\u0443\u0440\u0430: 9\u00a0\u0434\u043d\u0435\u0439  \u0414\u043d\u0438 \u043f\u0440\u043e\u0432\u0435\u0434\u0435\u043d\u0438\u044f: \u041a\u0430\u0436\u0434\u044b\u0439 \u0434\u0435\u043d\u044c","og_url":"https:\/\/skyline-gs.com\/cs\/produkt\/big-vip-tour-in-iceland\/","og_site_name":"\u042d\u043a\u0441\u043a\u0443\u0440\u0441\u0438\u0438 Skyline","article_modified_time":"2025-12-22T22:35:36+00:00","og_image":[{"width":669,"height":446,"url":"https:\/\/skyline-gs.com\/wp-content\/uploads\/2025\/05\/30.jpg","type":"image\/jpeg"}],"twitter_card":"summary_large_image","twitter_misc":{"Odhadovan\u00e1 doba \u010dten\u00ed":"3 minuty"},"schema":{"@context":"https:\/\/schema.org","@graph":[{"@type":"WebPage","@id":"https:\/\/skyline-gs.com\/hu\/termek\/big-vip-tour-in-iceland\/","url":"https:\/\/skyline-gs.com\/hu\/termek\/big-vip-tour-in-iceland\/","name":"\u0418\u043d\u0434\u0438\u0432\u0438\u0434\u0443\u0430\u043b\u044c\u043d\u044b\u0439 \u0442\u0443\u0440: \u0411\u043e\u043b\u044c\u0448\u043e\u0439 \u0442\u0443\u0440 \u043f\u043e \u0418\u0441\u043b\u0430\u043d\u0434\u0438\u0438 VIP (9 \u0434\u043d\u0435\u0439) &#8226; \u042d\u043a\u0441\u043a\u0443\u0440\u0441\u0438\u0438 Skyline","isPartOf":{"@id":"https:\/\/skyline-gs.com\/it\/#website"},"primaryImageOfPage":{"@id":"https:\/\/skyline-gs.com\/hu\/termek\/big-vip-tour-in-iceland\/#primaryimage"},"image":{"@id":"https:\/\/skyline-gs.com\/hu\/termek\/big-vip-tour-in-iceland\/#primaryimage"},"thumbnailUrl":"https:\/\/skyline-gs.com\/wp-content\/uploads\/2025\/05\/30.jpg","datePublished":"2025-05-27T18:51:57+00:00","dateModified":"2025-12-22T22:35:36+00:00","breadcrumb":{"@id":"https:\/\/skyline-gs.com\/hu\/termek\/big-vip-tour-in-iceland\/#breadcrumb"},"inLanguage":"cs","potentialAction":[{"@type":"ReadAction","target":["https:\/\/skyline-gs.com\/hu\/termek\/big-vip-tour-in-iceland\/"]}]},{"@type":"ImageObject","inLanguage":"cs","@id":"https:\/\/skyline-gs.com\/hu\/termek\/big-vip-tour-in-iceland\/#primaryimage","url":"https:\/\/skyline-gs.com\/wp-content\/uploads\/2025\/05\/30.jpg","contentUrl":"https:\/\/skyline-gs.com\/wp-content\/uploads\/2025\/05\/30.jpg","width":669,"height":446},{"@type":"BreadcrumbList","@id":"https:\/\/skyline-gs.com\/hu\/termek\/big-vip-tour-in-iceland\/#breadcrumb","itemListElement":[{"@type":"ListItem","position":1,"name":"\u0413\u043b\u0430\u0432\u043d\u0430\u044f \u0441\u0442\u0440\u0430\u043d\u0438\u0446\u0430","item":"https:\/\/skyline-gs.com\/hu\/"},{"@type":"ListItem","position":2,"name":"\u041c\u0430\u0433\u0430\u0437\u0438\u043d","item":"https:\/\/skyline-gs.com\/cs\/shop\/"},{"@type":"ListItem","position":3,"name":"\u0418\u043d\u0434\u0438\u0432\u0438\u0434\u0443\u0430\u043b\u044c\u043d\u044b\u0439 \u0442\u0443\u0440: \u0411\u043e\u043b\u044c\u0448\u043e\u0439 \u0442\u0443\u0440 \u043f\u043e \u0418\u0441\u043b\u0430\u043d\u0434\u0438\u0438 VIP (9 \u0434\u043d\u0435\u0439)"}]},{"@type":"WebSite","@id":"https:\/\/skyline-gs.com\/it\/#website","url":"https:\/\/skyline-gs.com\/it\/","name":"Skyline V\u00fdlety","description":"Exkluzivn\u00ed v\u00fdlety do nejlep\u0161\u00edch sv\u011btov\u00fdch letovisek","publisher":{"@id":"https:\/\/skyline-gs.com\/it\/#organization"},"alternateName":"Skyline","potentialAction":[{"@type":"SearchAction","target":{"@type":"EntryPoint","urlTemplate":"https:\/\/skyline-gs.com\/it\/?s={search_term_string}"},"query-input":{"@type":"PropertyValueSpecification","valueRequired":true,"valueName":"search_term_string"}}],"inLanguage":"cs"},{"@type":"Organization","@id":"https:\/\/skyline-gs.com\/it\/#organization","name":"Skyline V\u00fdlety","alternateName":"\u042d\u043a\u0441\u043a\u0443\u0440\u0441\u0438\u0438 Skyline","url":"https:\/\/skyline-gs.com\/it\/","logo":{"@type":"ImageObject","inLanguage":"cs","@id":"https:\/\/skyline-gs.com\/it\/#\/schema\/logo\/image\/","url":"https:\/\/skyline-gs.com\/wp-content\/uploads\/2020\/12\/cropped-logo-2.png","contentUrl":"https:\/\/skyline-gs.com\/wp-content\/uploads\/2020\/12\/cropped-logo-2.png","width":512,"height":512,"caption":"\u042d\u043a\u0441\u043a\u0443\u0440\u0441\u0438\u0438 Skyline"},"image":{"@id":"https:\/\/skyline-gs.com\/it\/#\/schema\/logo\/image\/"},"sameAs":["https:\/\/www.instagram.com\/skylineglobalservice\/"]}]}},"_links":{"self":[{"href":"https:\/\/skyline-gs.com\/cs\/wp-json\/wp\/v2\/product\/63518","targetHints":{"allow":["GET"]}}],"collection":[{"href":"https:\/\/skyline-gs.com\/cs\/wp-json\/wp\/v2\/product"}],"about":[{"href":"https:\/\/skyline-gs.com\/cs\/wp-json\/wp\/v2\/types\/product"}],"version-history":[{"count":0,"href":"https:\/\/skyline-gs.com\/cs\/wp-json\/wp\/v2\/product\/63518\/revisions"}],"wp:featuredmedia":[{"embeddable":true,"href":"https:\/\/skyline-gs.com\/cs\/wp-json\/wp\/v2\/media\/63519"}],"wp:attachment":[{"href":"https:\/\/skyline-gs.com\/cs\/wp-json\/wp\/v2\/media?parent=63518"}],"wp:term":[{"taxonomy":"product_brand","embeddable":true,"href":"https:\/\/skyline-gs.com\/cs\/wp-json\/wp\/v2\/product_brand?post=63518"},{"taxonomy":"product_cat","embeddable":true,"href":"https:\/\/skyline-gs.com\/cs\/wp-json\/wp\/v2\/product_cat?post=63518"},{"taxonomy":"product_tag","embeddable":true,"href":"https:\/\/skyline-gs.com\/cs\/wp-json\/wp\/v2\/product_tag?post=63518"}],"curies":[{"name":"wp","href":"https:\/\/api.w.org\/{rel}","templated":true}]}}