{"id":63430,"date":"2025-05-22T23:14:30","date_gmt":"2025-05-22T21:14:30","guid":{"rendered":"http:\/\/skyline-gs.com\/?post_type=product&#038;p=63430"},"modified":"2025-12-23T00:51:53","modified_gmt":"2025-12-22T22:51:53","slug":"vylet-sneznym-skutrem-na-ledovec-langayokudl-island","status":"publish","type":"product","link":"https:\/\/skyline-gs.com\/cs\/product\/snowmobile-trip-to-the-langayokudl-glacier-iceland\/","title":{"rendered":"Z\u00e1jezd na m\u00edru: V\u00fdlet sn\u011b\u017en\u00fdm sk\u00fatrem po ledovci Langj\u00f6kull"},"content":{"rendered":"<p>Za\u017eijte opravdovou j\u00edzdu a dobrodru\u017estv\u00ed - safari na sn\u011b\u017en\u00fdch sk\u00fatrech na jednom z nejv\u011bt\u0161\u00edch evropsk\u00fdch ledovc\u016f Langj\u00f6kull. \u00dachvatn\u00e9 v\u00fdhledy a adrenalin jsou zaru\u010deny! Tento v\u00fdlet je skv\u011blou p\u0159\u00edle\u017eitost\u00ed, jak se c\u00edtit jako skute\u010dn\u00fd objevitel a z\u00edskat nezapomenuteln\u00fd z\u00e1\u017eitek z islandsk\u00e9 ledovcov\u00e9 krajiny.<\/p>\n<p><strong>Jedine\u010dnost prohl\u00eddky:<\/strong><\/p>\n<ul>\n<li>Exkluzivn\u00ed safari na sn\u011b\u017en\u00e9m sk\u00fatru na jednom z nejv\u011bt\u0161\u00edch evropsk\u00fdch ledovc\u016f<\/li>\n<li>Profesion\u00e1ln\u00ed instrukto\u0159i a kompletn\u00ed zaji\u0161t\u011bn\u00ed bezpe\u010dnosti<\/li>\n<li>Jedine\u010dn\u00e9 panoramatick\u00e9 v\u00fdhledy a mo\u017enost po\u0159izov\u00e1n\u00ed n\u00e1dhern\u00fdch fotografi\u00ed<\/li>\n<\/ul>\n<p><strong>9:00 - Odjezd z hotelov\u00e9 haly.<\/strong><\/p>\n<p>Po pohodln\u00e9m p\u0159esunu doraz\u00edte k ledovci Langj\u00f6kull, kde v\u00e1s \u010dek\u00e1 bezpe\u010dnostn\u00ed instrukt\u00e1\u017e a sezn\u00e1men\u00ed s j\u00edzdou na sn\u011b\u017en\u00fdch sk\u00fatrech. Nebojte se, d\u00edky zku\u0161en\u00fdm instruktor\u016fm si s ovl\u00e1d\u00e1n\u00edm rychle porad\u00ed i za\u010d\u00e1te\u010dn\u00edci.<\/p>\n<p>B\u011bhem v\u00fdletu na sn\u011b\u017en\u00e9m sk\u00fatru projedete mohutn\u00fdmi ledov\u00fdmi masivy, uvid\u00edte hlubok\u00e9 trhliny, zasn\u011b\u017een\u00e9 vrcholy a rozlehl\u00e9 sn\u011bhov\u00e9 pl\u00e1n\u011b. Cestou v\u00e1m pr\u016fvodci budou vypr\u00e1v\u011bt o geologii ledovce, jeho vzniku a roli, kterou hraje v klimatu regionu.<\/p>\n<p><strong>17:00 - N\u00e1vrat do hotelu.<\/strong><\/p>\n<p><strong>V\u010detn\u011b:<\/strong><\/p>\n<ul>\n<li>Transfer z hotelu a do hotelu<\/li>\n<li>P\u0159eprava pohodln\u00fdm SUV 4\u00d74 s klimatizac\u00ed<\/li>\n<li>rusky mluv\u00edc\u00ed pr\u016fvodce<\/li>\n<li>Palivo<\/li>\n<\/ul>\n<p><strong>Nen\u00ed sou\u010d\u00e1st\u00ed dod\u00e1vky:<\/strong><\/p>\n<ul>\n<li>Prohl\u00eddka na sn\u011b\u017en\u00e9m sk\u00fatru (p\u0159ipojen\u00ed ke skupinov\u00e9 prohl\u00eddce na m\u00edst\u011b):<\/li>\n<li>Od 135 \u20ac na osobu (1 sn\u011b\u017en\u00fd sk\u00fatr pro dv\u011b osoby)<\/li>\n<li>Od 185 eur na osobu (1 sn\u011b\u017en\u00fd sk\u00fatr na osobu)<\/li>\n<li>V\u010detn\u011b p\u0159ilby, kombin\u00e9zy, instrukt\u00e1\u017ee<\/li>\n<li>Vstup do ledovcov\u00e9 jeskyn\u011b (pokud se p\u0159id\u00e1v\u00e1 v zim\u011b, od 140 eur na osobu)<\/li>\n<li>Stravov\u00e1n\u00ed (nepovinn\u00e9, kav\u00e1rny na trase)<\/li>\n<li>Placen\u00e1 parkovi\u0161t\u011b pod\u00e9l trasy<\/li>\n<\/ul>\n<p><strong>Vezm\u011bte si ji s sebou:<\/strong><\/p>\n<ul>\n<li>Fotoapar\u00e1t<\/li>\n<li>Pohodln\u00e1 obuv<\/li>\n<li>Tepl\u00e9 oble\u010den\u00ed<\/li>\n<li>Pen\u00edze na osobn\u00ed v\u00fddaje<\/li>\n<\/ul>","protected":false},"excerpt":{"rendered":"<p><strong>Doba prohl\u00eddky: <\/strong>9:00 \u2014 17:00<\/p>\n<p><strong>Dny zadr\u017een\u00ed: <\/strong>Ka\u017ed\u00fd den.<\/p>","protected":false},"featured_media":63434,"template":"","meta":{"_kad_post_transparent":"default","_kad_post_title":"","_kad_post_layout":"default","_kad_post_sidebar_id":"","_kad_post_content_style":"default","_kad_post_vertical_padding":"default","_kad_post_feature":"","_kad_post_feature_position":"","_kad_post_header":false,"_kad_post_footer":false,"_kad_post_classname":"","_glsr_average":0,"_glsr_ranking":0,"_glsr_reviews":0},"product_brand":[],"product_cat":[467],"product_tag":[],"class_list":{"0":"post-63430","1":"product","2":"type-product","3":"status-publish","4":"has-post-thumbnail","6":"product_cat-iceland","7":"tm-has-options","9":"first","10":"instock","11":"sold-individually","12":"taxable","13":"shipping-taxable","14":"purchasable","15":"product-type-simple","16":"entry","17":"content-bg","18":"loop-entry"},"yoast_head":"<!-- This site is optimized with the Yoast SEO plugin v27.3 - https:\/\/yoast.com\/product\/yoast-seo-wordpress\/ -->\n<title>\u0418\u043d\u0434\u0438\u0432\u0438\u0434\u0443\u0430\u043b\u044c\u043d\u044b\u0439 \u0442\u0443\u0440: \u041f\u043e\u0435\u0437\u0434\u043a\u0430 \u043d\u0430 \u0441\u043d\u0435\u0433\u043e\u0445\u043e\u0434\u0430\u0445 \u043f\u043e \u043b\u0435\u0434\u043d\u0438\u043a\u0443 \u041b\u0430\u043d\u0433\u0439\u0451\u043a\u044e\u0434\u043b\u044c &#8226; \u042d\u043a\u0441\u043a\u0443\u0440\u0441\u0438\u0438 Skyline<\/title>\n<meta name=\"robots\" content=\"index, follow, max-snippet:-1, max-image-preview:large, max-video-preview:-1\" \/>\n<link rel=\"canonical\" href=\"http:\/\/skyline-gs.com\/cs\/produkt\/vylet-sneznym-skutrem-na-ledovec-langayokudl-island\/\" \/>\n<meta property=\"og:locale\" content=\"cs_CZ\" \/>\n<meta property=\"og:type\" content=\"article\" \/>\n<meta property=\"og:title\" content=\"\u0418\u043d\u0434\u0438\u0432\u0438\u0434\u0443\u0430\u043b\u044c\u043d\u044b\u0439 \u0442\u0443\u0440: \u041f\u043e\u0435\u0437\u0434\u043a\u0430 \u043d\u0430 \u0441\u043d\u0435\u0433\u043e\u0445\u043e\u0434\u0430\u0445 \u043f\u043e \u043b\u0435\u0434\u043d\u0438\u043a\u0443 \u041b\u0430\u043d\u0433\u0439\u0451\u043a\u044e\u0434\u043b\u044c &#8226; \u042d\u043a\u0441\u043a\u0443\u0440\u0441\u0438\u0438 Skyline\" \/>\n<meta property=\"og:description\" content=\"\u0412\u0440\u0435\u043c\u044f \u0442\u0443\u0440\u0430: 9:00 - 17:00  \u0414\u043d\u0438 \u043f\u0440\u043e\u0432\u0435\u0434\u0435\u043d\u0438\u044f: \u041a\u0430\u0436\u0434\u044b\u0439 \u0434\u0435\u043d\u044c\" \/>\n<meta property=\"og:url\" content=\"http:\/\/skyline-gs.com\/cs\/produkt\/vylet-sneznym-skutrem-na-ledovec-langayokudl-island\/\" \/>\n<meta property=\"og:site_name\" content=\"\u042d\u043a\u0441\u043a\u0443\u0440\u0441\u0438\u0438 Skyline\" \/>\n<meta property=\"article:modified_time\" content=\"2025-12-22T22:51:53+00:00\" \/>\n<meta property=\"og:image\" content=\"https:\/\/skyline-gs.com\/wp-content\/uploads\/2025\/05\/104.jpg\" \/>\n\t<meta property=\"og:image:width\" content=\"669\" \/>\n\t<meta property=\"og:image:height\" content=\"446\" \/>\n\t<meta property=\"og:image:type\" content=\"image\/jpeg\" \/>\n<meta name=\"twitter:card\" content=\"summary_large_image\" \/>\n<meta name=\"twitter:label1\" content=\"Odhadovan\u00e1 doba \u010dten\u00ed\" \/>\n\t<meta name=\"twitter:data1\" content=\"2 minuty\" \/>\n<script type=\"application\/ld+json\" class=\"yoast-schema-graph\">{\"@context\":\"https:\\\/\\\/schema.org\",\"@graph\":[{\"@type\":\"WebPage\",\"@id\":\"http:\\\/\\\/skyline-gs.com\\\/de\\\/produkt\\\/snowmobile-trip-to-the-langayokudl-glacier-iceland\\\/\",\"url\":\"http:\\\/\\\/skyline-gs.com\\\/de\\\/produkt\\\/snowmobile-trip-to-the-langayokudl-glacier-iceland\\\/\",\"name\":\"\u0418\u043d\u0434\u0438\u0432\u0438\u0434\u0443\u0430\u043b\u044c\u043d\u044b\u0439 \u0442\u0443\u0440: \u041f\u043e\u0435\u0437\u0434\u043a\u0430 \u043d\u0430 \u0441\u043d\u0435\u0433\u043e\u0445\u043e\u0434\u0430\u0445 \u043f\u043e \u043b\u0435\u0434\u043d\u0438\u043a\u0443 \u041b\u0430\u043d\u0433\u0439\u0451\u043a\u044e\u0434\u043b\u044c &#8226; \u042d\u043a\u0441\u043a\u0443\u0440\u0441\u0438\u0438 Skyline\",\"isPartOf\":{\"@id\":\"https:\\\/\\\/skyline-gs.com\\\/it\\\/#website\"},\"primaryImageOfPage\":{\"@id\":\"http:\\\/\\\/skyline-gs.com\\\/de\\\/produkt\\\/snowmobile-trip-to-the-langayokudl-glacier-iceland\\\/#primaryimage\"},\"image\":{\"@id\":\"http:\\\/\\\/skyline-gs.com\\\/de\\\/produkt\\\/snowmobile-trip-to-the-langayokudl-glacier-iceland\\\/#primaryimage\"},\"thumbnailUrl\":\"https:\\\/\\\/skyline-gs.com\\\/wp-content\\\/uploads\\\/2025\\\/05\\\/104.jpg\",\"datePublished\":\"2025-05-22T21:14:30+00:00\",\"dateModified\":\"2025-12-22T22:51:53+00:00\",\"breadcrumb\":{\"@id\":\"http:\\\/\\\/skyline-gs.com\\\/de\\\/produkt\\\/snowmobile-trip-to-the-langayokudl-glacier-iceland\\\/#breadcrumb\"},\"inLanguage\":\"cs\",\"potentialAction\":[{\"@type\":\"ReadAction\",\"target\":[\"http:\\\/\\\/skyline-gs.com\\\/de\\\/produkt\\\/snowmobile-trip-to-the-langayokudl-glacier-iceland\\\/\"]}]},{\"@type\":\"ImageObject\",\"inLanguage\":\"cs\",\"@id\":\"http:\\\/\\\/skyline-gs.com\\\/de\\\/produkt\\\/snowmobile-trip-to-the-langayokudl-glacier-iceland\\\/#primaryimage\",\"url\":\"https:\\\/\\\/skyline-gs.com\\\/wp-content\\\/uploads\\\/2025\\\/05\\\/104.jpg\",\"contentUrl\":\"https:\\\/\\\/skyline-gs.com\\\/wp-content\\\/uploads\\\/2025\\\/05\\\/104.jpg\",\"width\":669,\"height\":446},{\"@type\":\"BreadcrumbList\",\"@id\":\"http:\\\/\\\/skyline-gs.com\\\/de\\\/produkt\\\/snowmobile-trip-to-the-langayokudl-glacier-iceland\\\/#breadcrumb\",\"itemListElement\":[{\"@type\":\"ListItem\",\"position\":1,\"name\":\"\u0413\u043b\u0430\u0432\u043d\u0430\u044f \u0441\u0442\u0440\u0430\u043d\u0438\u0446\u0430\",\"item\":\"https:\\\/\\\/skyline-gs.com\\\/hu\\\/\"},{\"@type\":\"ListItem\",\"position\":2,\"name\":\"\u041c\u0430\u0433\u0430\u0437\u0438\u043d\",\"item\":\"https:\\\/\\\/skyline-gs.com\\\/cs\\\/shop\\\/\"},{\"@type\":\"ListItem\",\"position\":3,\"name\":\"\u0418\u043d\u0434\u0438\u0432\u0438\u0434\u0443\u0430\u043b\u044c\u043d\u044b\u0439 \u0442\u0443\u0440: \u041f\u043e\u0435\u0437\u0434\u043a\u0430 \u043d\u0430 \u0441\u043d\u0435\u0433\u043e\u0445\u043e\u0434\u0430\u0445 \u043f\u043e \u043b\u0435\u0434\u043d\u0438\u043a\u0443 \u041b\u0430\u043d\u0433\u0439\u0451\u043a\u044e\u0434\u043b\u044c\"}]},{\"@type\":\"WebSite\",\"@id\":\"https:\\\/\\\/skyline-gs.com\\\/it\\\/#website\",\"url\":\"https:\\\/\\\/skyline-gs.com\\\/it\\\/\",\"name\":\"\u042d\u043a\u0441\u043a\u0443\u0440\u0441\u0438\u0438 Skyline\",\"description\":\"\u042d\u043a\u0441\u043a\u043b\u044e\u0437\u0438\u0432\u043d\u044b\u0435 \u044d\u043a\u0441\u043a\u0443\u0440\u0441\u0438\u0438 \u043d\u0430 \u043b\u0443\u0447\u0448\u0438\u0445 \u043a\u0443\u0440\u043e\u0440\u0442\u0430\u0445 \u043c\u0438\u0440\u0430\",\"publisher\":{\"@id\":\"https:\\\/\\\/skyline-gs.com\\\/it\\\/#organization\"},\"alternateName\":\"Skyline\",\"potentialAction\":[{\"@type\":\"SearchAction\",\"target\":{\"@type\":\"EntryPoint\",\"urlTemplate\":\"https:\\\/\\\/skyline-gs.com\\\/it\\\/?s={search_term_string}\"},\"query-input\":{\"@type\":\"PropertyValueSpecification\",\"valueRequired\":true,\"valueName\":\"search_term_string\"}}],\"inLanguage\":\"cs\"},{\"@type\":\"Organization\",\"@id\":\"https:\\\/\\\/skyline-gs.com\\\/it\\\/#organization\",\"name\":\"\u042d\u043a\u0441\u043a\u0443\u0440\u0441\u0438\u0438 Skyline\",\"alternateName\":\"\u042d\u043a\u0441\u043a\u0443\u0440\u0441\u0438\u0438 Skyline\",\"url\":\"https:\\\/\\\/skyline-gs.com\\\/it\\\/\",\"logo\":{\"@type\":\"ImageObject\",\"inLanguage\":\"cs\",\"@id\":\"https:\\\/\\\/skyline-gs.com\\\/it\\\/#\\\/schema\\\/logo\\\/image\\\/\",\"url\":\"https:\\\/\\\/skyline-gs.com\\\/wp-content\\\/uploads\\\/2020\\\/12\\\/cropped-logo-2.png\",\"contentUrl\":\"https:\\\/\\\/skyline-gs.com\\\/wp-content\\\/uploads\\\/2020\\\/12\\\/cropped-logo-2.png\",\"width\":512,\"height\":512,\"caption\":\"\u042d\u043a\u0441\u043a\u0443\u0440\u0441\u0438\u0438 Skyline\"},\"image\":{\"@id\":\"https:\\\/\\\/skyline-gs.com\\\/it\\\/#\\\/schema\\\/logo\\\/image\\\/\"},\"sameAs\":[\"https:\\\/\\\/www.instagram.com\\\/skylineglobalservice\\\/\"]}]}<\/script>\n<!-- \/ Yoast SEO plugin. -->","yoast_head_json":{"title":"Z\u00e1jezd na m\u00edru: V\u00fdlet sn\u011b\u017en\u00fdm sk\u00fatrem po ledovci Langj\u00f6kull - Skyline Excursions","robots":{"index":"index","follow":"follow","max-snippet":"max-snippet:-1","max-image-preview":"max-image-preview:large","max-video-preview":"max-video-preview:-1"},"canonical":"http:\/\/skyline-gs.com\/cs\/produkt\/vylet-sneznym-skutrem-na-ledovec-langayokudl-island\/","og_locale":"cs_CZ","og_type":"article","og_title":"\u0418\u043d\u0434\u0438\u0432\u0438\u0434\u0443\u0430\u043b\u044c\u043d\u044b\u0439 \u0442\u0443\u0440: \u041f\u043e\u0435\u0437\u0434\u043a\u0430 \u043d\u0430 \u0441\u043d\u0435\u0433\u043e\u0445\u043e\u0434\u0430\u0445 \u043f\u043e \u043b\u0435\u0434\u043d\u0438\u043a\u0443 \u041b\u0430\u043d\u0433\u0439\u0451\u043a\u044e\u0434\u043b\u044c &#8226; \u042d\u043a\u0441\u043a\u0443\u0440\u0441\u0438\u0438 Skyline","og_description":"\u0412\u0440\u0435\u043c\u044f \u0442\u0443\u0440\u0430: 9:00 - 17:00  \u0414\u043d\u0438 \u043f\u0440\u043e\u0432\u0435\u0434\u0435\u043d\u0438\u044f: \u041a\u0430\u0436\u0434\u044b\u0439 \u0434\u0435\u043d\u044c","og_url":"http:\/\/skyline-gs.com\/cs\/produkt\/vylet-sneznym-skutrem-na-ledovec-langayokudl-island\/","og_site_name":"\u042d\u043a\u0441\u043a\u0443\u0440\u0441\u0438\u0438 Skyline","article_modified_time":"2025-12-22T22:51:53+00:00","og_image":[{"width":669,"height":446,"url":"https:\/\/skyline-gs.com\/wp-content\/uploads\/2025\/05\/104.jpg","type":"image\/jpeg"}],"twitter_card":"summary_large_image","twitter_misc":{"Odhadovan\u00e1 doba \u010dten\u00ed":"2 minuty"},"schema":{"@context":"https:\/\/schema.org","@graph":[{"@type":"WebPage","@id":"http:\/\/skyline-gs.com\/de\/produkt\/snowmobile-trip-to-the-langayokudl-glacier-iceland\/","url":"http:\/\/skyline-gs.com\/de\/produkt\/snowmobile-trip-to-the-langayokudl-glacier-iceland\/","name":"Z\u00e1jezd na m\u00edru: V\u00fdlet sn\u011b\u017en\u00fdm sk\u00fatrem po ledovci Langj\u00f6kull - Skyline Excursions","isPartOf":{"@id":"https:\/\/skyline-gs.com\/it\/#website"},"primaryImageOfPage":{"@id":"http:\/\/skyline-gs.com\/de\/produkt\/snowmobile-trip-to-the-langayokudl-glacier-iceland\/#primaryimage"},"image":{"@id":"http:\/\/skyline-gs.com\/de\/produkt\/snowmobile-trip-to-the-langayokudl-glacier-iceland\/#primaryimage"},"thumbnailUrl":"https:\/\/skyline-gs.com\/wp-content\/uploads\/2025\/05\/104.jpg","datePublished":"2025-05-22T21:14:30+00:00","dateModified":"2025-12-22T22:51:53+00:00","breadcrumb":{"@id":"http:\/\/skyline-gs.com\/de\/produkt\/snowmobile-trip-to-the-langayokudl-glacier-iceland\/#breadcrumb"},"inLanguage":"cs","potentialAction":[{"@type":"ReadAction","target":["http:\/\/skyline-gs.com\/de\/produkt\/snowmobile-trip-to-the-langayokudl-glacier-iceland\/"]}]},{"@type":"ImageObject","inLanguage":"cs","@id":"http:\/\/skyline-gs.com\/de\/produkt\/snowmobile-trip-to-the-langayokudl-glacier-iceland\/#primaryimage","url":"https:\/\/skyline-gs.com\/wp-content\/uploads\/2025\/05\/104.jpg","contentUrl":"https:\/\/skyline-gs.com\/wp-content\/uploads\/2025\/05\/104.jpg","width":669,"height":446},{"@type":"BreadcrumbList","@id":"http:\/\/skyline-gs.com\/de\/produkt\/snowmobile-trip-to-the-langayokudl-glacier-iceland\/#breadcrumb","itemListElement":[{"@type":"ListItem","position":1,"name":"\u0413\u043b\u0430\u0432\u043d\u0430\u044f \u0441\u0442\u0440\u0430\u043d\u0438\u0446\u0430","item":"https:\/\/skyline-gs.com\/hu\/"},{"@type":"ListItem","position":2,"name":"\u041c\u0430\u0433\u0430\u0437\u0438\u043d","item":"https:\/\/skyline-gs.com\/cs\/shop\/"},{"@type":"ListItem","position":3,"name":"\u0418\u043d\u0434\u0438\u0432\u0438\u0434\u0443\u0430\u043b\u044c\u043d\u044b\u0439 \u0442\u0443\u0440: \u041f\u043e\u0435\u0437\u0434\u043a\u0430 \u043d\u0430 \u0441\u043d\u0435\u0433\u043e\u0445\u043e\u0434\u0430\u0445 \u043f\u043e \u043b\u0435\u0434\u043d\u0438\u043a\u0443 \u041b\u0430\u043d\u0433\u0439\u0451\u043a\u044e\u0434\u043b\u044c"}]},{"@type":"WebSite","@id":"https:\/\/skyline-gs.com\/it\/#website","url":"https:\/\/skyline-gs.com\/it\/","name":"Skyline V\u00fdlety","description":"Exkluzivn\u00ed v\u00fdlety do nejlep\u0161\u00edch sv\u011btov\u00fdch letovisek","publisher":{"@id":"https:\/\/skyline-gs.com\/it\/#organization"},"alternateName":"Skyline","potentialAction":[{"@type":"SearchAction","target":{"@type":"EntryPoint","urlTemplate":"https:\/\/skyline-gs.com\/it\/?s={search_term_string}"},"query-input":{"@type":"PropertyValueSpecification","valueRequired":true,"valueName":"search_term_string"}}],"inLanguage":"cs"},{"@type":"Organization","@id":"https:\/\/skyline-gs.com\/it\/#organization","name":"Skyline V\u00fdlety","alternateName":"\u042d\u043a\u0441\u043a\u0443\u0440\u0441\u0438\u0438 Skyline","url":"https:\/\/skyline-gs.com\/it\/","logo":{"@type":"ImageObject","inLanguage":"cs","@id":"https:\/\/skyline-gs.com\/it\/#\/schema\/logo\/image\/","url":"https:\/\/skyline-gs.com\/wp-content\/uploads\/2020\/12\/cropped-logo-2.png","contentUrl":"https:\/\/skyline-gs.com\/wp-content\/uploads\/2020\/12\/cropped-logo-2.png","width":512,"height":512,"caption":"\u042d\u043a\u0441\u043a\u0443\u0440\u0441\u0438\u0438 Skyline"},"image":{"@id":"https:\/\/skyline-gs.com\/it\/#\/schema\/logo\/image\/"},"sameAs":["https:\/\/www.instagram.com\/skylineglobalservice\/"]}]}},"_links":{"self":[{"href":"https:\/\/skyline-gs.com\/cs\/wp-json\/wp\/v2\/product\/63430","targetHints":{"allow":["GET"]}}],"collection":[{"href":"https:\/\/skyline-gs.com\/cs\/wp-json\/wp\/v2\/product"}],"about":[{"href":"https:\/\/skyline-gs.com\/cs\/wp-json\/wp\/v2\/types\/product"}],"version-history":[{"count":0,"href":"https:\/\/skyline-gs.com\/cs\/wp-json\/wp\/v2\/product\/63430\/revisions"}],"wp:featuredmedia":[{"embeddable":true,"href":"https:\/\/skyline-gs.com\/cs\/wp-json\/wp\/v2\/media\/63434"}],"wp:attachment":[{"href":"https:\/\/skyline-gs.com\/cs\/wp-json\/wp\/v2\/media?parent=63430"}],"wp:term":[{"taxonomy":"product_brand","embeddable":true,"href":"https:\/\/skyline-gs.com\/cs\/wp-json\/wp\/v2\/product_brand?post=63430"},{"taxonomy":"product_cat","embeddable":true,"href":"https:\/\/skyline-gs.com\/cs\/wp-json\/wp\/v2\/product_cat?post=63430"},{"taxonomy":"product_tag","embeddable":true,"href":"https:\/\/skyline-gs.com\/cs\/wp-json\/wp\/v2\/product_tag?post=63430"}],"curies":[{"name":"wp","href":"https:\/\/api.w.org\/{rel}","templated":true}]}}