{"id":63099,"date":"2025-05-02T23:50:37","date_gmt":"2025-05-02T21:50:37","guid":{"rendered":"http:\/\/skyline-gs.com\/?post_type=product&#038;p=63099"},"modified":"2026-03-12T17:10:06","modified_gmt":"2026-03-12T15:10:06","slug":"serval-tarangire-and-kilimanjaro-zanzibar","status":"publish","type":"product","link":"https:\/\/skyline-gs.com\/cs\/product\/serval-tarangire-and-kilimanjaro-zanzibar\/","title":{"rendered":"Serval Zoo, Tarangire, Kilimand\u017e\u00e1ro a kmen Chaga 2 dny"},"content":{"rendered":"<p>\u041f\u043e\u0433\u0440\u0443\u0437\u0438\u0442\u0435\u0441\u044c \u0432 \u043d\u0430\u0441\u0442\u043e\u044f\u0449\u0443\u044e \u0410\u0444\u0440\u0438\u043a\u0443 \u2014 \u0441 \u0435\u0451 \u043f\u0435\u0439\u0437\u0430\u0436\u0430\u043c\u0438, \u0436\u0438\u0432\u043e\u0442\u043d\u044b\u043c \u043c\u0438\u0440\u043e\u043c, \u043a\u0443\u043b\u044c\u0442\u0443\u0440\u043e\u0439 \u043a\u043e\u0440\u0435\u043d\u043d\u044b\u0445 \u043f\u043b\u0435\u043c\u0451\u043d \u0438 \u0434\u0443\u0445\u043e\u043c \u043f\u0440\u0438\u043a\u043b\u044e\u0447\u0435\u043d\u0438\u0439. \u0412 \u044d\u0442\u043e\u043c \u043d\u0430\u0441\u044b\u0449\u0435\u043d\u043d\u043e\u043c \u0434\u0432\u0443\u0445\u0434\u043d\u0435\u0432\u043d\u043e\u043c \u0442\u0443\u0440\u0435 \u0432\u044b \u0443\u0432\u0438\u0434\u0438\u0442\u0435\u00a0<strong>\u043b\u0435\u0433\u0435\u043d\u0434\u0430\u0440\u043d\u044b\u0435 \u0431\u0430\u043e\u0431\u0430\u0431\u044b \u0422\u0430\u0440\u0430\u043d\u0433\u0438\u0440\u0435, \u0441\u0442\u0430\u0434\u0430 \u0441\u043b\u043e\u043d\u043e\u0432 \u0438 \u0436\u0438\u0440\u0430\u0444\u043e\u0432, \u041a\u0438\u043b\u0438\u043c\u0430\u043d\u0434\u0436\u0430\u0440\u043e \u0438 \u043f\u0440\u043e\u0432\u0435\u0434\u0451\u0442\u0435 \u0432\u0440\u0435\u043c\u044f \u0432 \u0443\u043d\u0438\u043a\u0430\u043b\u044c\u043d\u043e\u043c \u0437\u043e\u043e\u043f\u0430\u0440\u043a\u0435 Serval Wildlife<\/strong>, \u0433\u0434\u0435 \u0436\u0438\u0432\u043e\u0442\u043d\u044b\u0445 \u043c\u043e\u0436\u043d\u043e \u043a\u043e\u0440\u043c\u0438\u0442\u044c \u0441 \u0440\u0443\u043a\u0438.<\/p>\n<p><strong>\u0414\u0435\u043d\u044c 1. \u0422\u0430\u0440\u0430\u043d\u0433\u0438\u0440\u0435<\/strong><\/p>\n<p><strong>5:00 - Odjezd z hotelu\u00a0<\/strong>\u0438 \u0442\u0440\u0430\u043d\u0441\u0444\u0435\u0440 \u0432 \u0430\u044d\u0440\u043e\u043f\u043e\u0440\u0442<\/p>\n<ul>\n<li data-start=\"720\" data-end=\"782\">7:40 \u2013 9:00 \u2014 \u041f\u0435\u0440\u0435\u043b\u0451\u0442 \u0432 \u0410\u0440\u0443\u0448\u0443, \u0432\u0441\u0442\u0440\u0435\u0447\u0430 \u0441 \u0440\u0443\u0441\u0441\u043a\u043e\u044f\u0437\u044b\u0447\u043d\u044b\u043c \u0433\u0438\u0434\u043e\u043c<\/li>\n<li data-start=\"785\" data-end=\"841\">\u0422\u0440\u0430\u043d\u0441\u0444\u0435\u0440 \u0432 \u041d\u0430\u0446\u0438\u043e\u043d\u0430\u043b\u044c\u043d\u044b\u0439 \u043f\u0430\u0440\u043a \u0422\u0430\u0440\u0430\u043d\u0433\u0438\u0440\u0435 (\u043e\u043a\u043e\u043b\u043e 1,5 \u0447\u0430\u0441\u043e\u0432)<\/li>\n<li data-start=\"862\" data-end=\"927\"><strong>\u0421\u0430\u0444\u0430\u0440\u0438 \u043f\u043e \u0442\u0435\u0440\u0440\u0438\u0442\u043e\u0440\u0438\u0438 \u043e\u0434\u043d\u043e\u0433\u043e \u0438\u0437 \u0441\u0430\u043c\u044b\u0445 \u0436\u0438\u0432\u043e\u043f\u0438\u0441\u043d\u044b\u0445 \u043f\u0430\u0440\u043a\u043e\u0432 \u0422\u0430\u043d\u0437\u0430\u043d\u0438\u0438<\/strong><\/li>\n<li data-start=\"930\" data-end=\"994\"><strong>\u0411\u0430\u043e\u0431\u0430\u0431\u044b, \u0441\u043b\u043e\u043d\u044b, \u0437\u0435\u0431\u0440\u044b, \u0436\u0438\u0440\u0430\u0444\u044b, \u0430\u043d\u0442\u0438\u043b\u043e\u043f\u044b, \u043f\u0440\u0430\u0439\u0434\u044b \u043b\u044c\u0432\u043e\u0432, \u0433\u0435\u043f\u0430\u0440\u0434\u044b<\/strong><\/li>\n<li data-start=\"997\" data-end=\"1060\">\u0417\u043d\u0430\u043c\u0435\u043d\u0438\u0442\u0430\u044f \u0440\u0435\u043a\u0430 \u0422\u0430\u0440\u0430\u043d\u0433\u0438\u0440\u0435, \u0433\u0434\u0435 \u0441\u043e\u0431\u0438\u0440\u0430\u044e\u0442\u0441\u044f \u0436\u0438\u0432\u043e\u0442\u043d\u044b\u0435 \u043d\u0430 \u0432\u043e\u0434\u043e\u043f\u043e\u0439<\/li>\n<li data-start=\"1063\" data-end=\"1115\">\u0418\u0441\u0442\u043e\u0440\u0438\u044f \u043e \u0431\u0440\u0430\u043a\u043e\u043d\u044c\u0435\u0440\u0430\u0445, \u043f\u0440\u044f\u0442\u0430\u0432\u0448\u0438\u0445\u0441\u044f \u0432 \u043f\u043e\u043b\u043e\u043c \u0431\u0430\u043e\u0431\u0430\u0431\u0435<\/li>\n<li data-start=\"1118\" data-end=\"1188\">\u041e\u0431\u0435\u0434 \u0441 \u0432\u0438\u0434\u043e\u043c \u043d\u0430 \u0440\u0435\u043a\u0443 \u2014 \u0433\u043e\u0440\u044f\u0447\u0438\u0435 \u0431\u043b\u044e\u0434\u0430 \u0432 \u0441\u043f\u0435\u0446\u0438\u0430\u043b\u044c\u043d\u043e \u043e\u0431\u043e\u0440\u0443\u0434\u043e\u0432\u0430\u043d\u043d\u043e\u0439 \u0437\u043e\u043d\u0435<\/li>\n<li data-start=\"1118\" data-end=\"1188\">\u041f\u043e\u0441\u043b\u0435 \u0441\u0430\u0444\u0430\u0440\u0438 \u2014 \u0442\u0440\u0430\u043d\u0441\u0444\u0435\u0440 \u0432 \u0410\u0440\u0443\u0448\u0443 (2,5 \u0447\u0430\u0441\u0430)<\/li>\n<li data-start=\"1118\" data-end=\"1188\">Ve\u010de\u0159e<\/li>\n<li>\u041d\u043e\u0447\u044c \u0432 \u044d\u043a\u043e\u043b\u043e\u0433\u0438\u0447\u043d\u043e\u043c \u043b\u043e\u0434\u0436\u0435\u00a0<strong data-start=\"1350\" data-end=\"1382\">Under The Shade Safari Lodge<\/strong>\u00a0\u2014 \u0448\u0430\u043b\u0435 \u043d\u0430 \u0434\u0432\u043e\u0438\u0445 \u0441 \u0432\u0438\u0434\u043e\u043c \u043d\u0430 \u0434\u0438\u043a\u0438\u0445 \u0436\u0438\u0432\u043e\u0442\u043d\u044b\u0445<\/li>\n<\/ul>\n<p><strong>\u0414\u0435\u043d\u044c 2. \u0417\u043e\u043e\u043f\u0430\u0440\u043a \u0421\u0435\u0440\u0432\u0430\u043b, \u041a\u0438\u043b\u0438\u043c\u0430\u043d\u0434\u0436\u0430\u0440\u043e \u0438 \u043f\u043b\u0435\u043c\u044f \u0427\u0430\u0433\u0430<\/strong><\/p>\n<ul>\n<li data-start=\"1583\" data-end=\"1650\">Sn\u00eddan\u011b<\/li>\n<li data-start=\"1583\" data-end=\"1650\">8:00 \u0412\u044b\u0435\u0437\u0434 \u043a \u041a\u0438\u043b\u0438\u043c\u0430\u043d\u0434\u0436\u0430\u0440\u043e (\u0434\u043e\u0440\u043e\u0433\u0430 \u0437\u0430\u0439\u043c\u0435\u0442 \u043e\u043a\u043e\u043b\u043e 2 \u0447\u0430\u0441\u0430)<\/li>\n<li data-start=\"1671\" data-end=\"1782\"><strong>\u0421\u0430\u0444\u0430\u0440\u0438 \u043f\u043e \u041a\u0438\u043b\u0438\u043c\u0430\u043d\u0434\u0436\u0430\u0440\u043e \u0438 \u0432\u043e\u0434\u043e\u043f\u0430\u0434 \u041c\u0430\u0442\u0435\u0440\u0443\u043d\u0438<\/strong>\u00a0(\u0432\u044b\u0441\u043e\u0442\u0430 90 \u043c\u0435\u0442\u0440\u043e\u0432)<\/li>\n<li data-start=\"1785\" data-end=\"1857\"><strong>\u0417\u043d\u0430\u043a\u043e\u043c\u0441\u0442\u0432\u043e \u0441 \u0436\u0438\u0437\u043d\u044c\u044e \u043f\u043b\u0435\u043c\u0435\u043d\u0438 \u0427\u0430\u0433\u0430<\/strong>\u00a0\u2014 \u0430\u0443\u0442\u0435\u043d\u0442\u0438\u0447\u043d\u044b\u0435 \u0434\u0435\u0440\u0435\u0432\u043d\u0438, \u0442\u0440\u0430\u0434\u0438\u0446\u0438\u0438 \u0438 \u0431\u044b\u0442<\/li>\n<li data-start=\"1860\" data-end=\"1876\">\u041e\u0431\u0435\u0434 \u0432 \u0434\u0435\u0440\u0435\u0432\u043d\u0435<\/li>\n<li data-start=\"1879\" data-end=\"1991\">\u041f\u043e\u0441\u0435\u0449\u0435\u043d\u0438\u0435 \u043a\u043e\u0444\u0435\u0439\u043d\u044b\u0445 \u043f\u043b\u0430\u043d\u0442\u0430\u0446\u0438\u0439: \u043e\u0442 \u0441\u0431\u043e\u0440\u0430 \u0437\u0451\u0440\u0435\u043d \u0434\u043e \u043f\u0440\u0438\u0433\u043e\u0442\u043e\u0432\u043b\u0435\u043d\u0438\u044f \u043a\u043e\u0444\u0435 \u043d\u0430 \u043e\u0433\u043d\u0435 \u0441 \u043f\u0435\u0441\u043d\u044f\u043c\u0438 \u0438 \u0442\u0430\u043d\u0446\u0430\u043c\u0438 \u043c\u0435\u0441\u0442\u043d\u044b\u0445 \u0436\u0438\u0442\u0435\u043b\u0435\u0439<\/li>\n<li data-start=\"2044\" data-end=\"2084\"><strong>\u042d\u043a\u0441\u043a\u0443\u0440\u0441\u0438\u044f \u0432 \u043a\u043e\u043d\u0442\u0430\u043a\u0442\u043d\u043e\u043c \u0437\u043e\u043e\u043f\u0430\u0440\u043a\u0435 \u0421\u0435\u0440\u0432\u0430\u043b (Serval Wildlife)<\/strong>\u00a0\u0441 \u043a\u043e\u0440\u043c\u043b\u0435\u043d\u0438\u0435\u043c \u0436\u0438\u0432\u043e\u0442\u043d\u044b\u0445 (2 \u0447\u0430\u0441\u0430)<\/li>\n<li data-start=\"2088\" data-end=\"2109\">\u0422\u0440\u0430\u043d\u0441\u0444\u0435\u0440 \u0432 \u0430\u044d\u0440\u043e\u043f\u043e\u0440\u0442<\/li>\n<li data-start=\"2088\" data-end=\"2109\">21:30 \u0432\u044b\u043b\u0435\u0442 \u043d\u0430 \u0417\u0430\u043d\u0437\u0438\u0431\u0430\u0440<\/li>\n<li>\u0412\u0441\u0442\u0440\u0435\u0447\u0430 \u0432 \u0430\u044d\u0440\u043e\u043f\u043e\u0440\u0442\u0443 \u0438 \u0442\u0440\u0430\u043d\u0441\u0444\u0435\u0440 \u0432 \u043e\u0442\u0435\u043b\u044c<\/li>\n<\/ul>\n<p><strong>1:00 \u2014 \u0412\u043e\u0437\u0432\u0440\u0430\u0449\u0435\u043d\u0438\u0435 \u0432 \u043e\u0442\u0435\u043b\u044c.<\/strong><\/p>\n<p><strong>V\u010detn\u011b:<\/strong><\/p>\n<ul>\n<li>Letenky<\/li>\n<li>Transfer z hotelu a do hotelu<\/li>\n<li>V\u0161echny transfery na trase<\/li>\n<li data-start=\"1116\" data-end=\"1188\">\u041d\u043e\u0447\u044c \u0432 \u044d\u043a\u043e\u043b\u043e\u0433\u0438\u0447\u043d\u043e\u043c \u043b\u043e\u0434\u0436\u0435 Under The Shade Safari Lodge<\/li>\n<li>\u041f\u0438\u0442\u0430\u043d\u0438\u0435: 1 \u0434\u0435\u043d\u044c \u2014 \u043e\u0431\u0435\u0434, \u0443\u0436\u0438\u043d. 2 \u0434\u0435\u043d\u044c \u2014 \u0437\u0430\u0432\u0442\u0440\u0430\u043a, \u043e\u0431\u0435\u0434<\/li>\n<li>pit\u00ed balen\u00e9 vody a nealkoholick\u00fdch n\u00e1poj\u016f b\u011bhem prohl\u00eddky<\/li>\n<li>L\u00e9ka\u0159sk\u00e1 souprava<\/li>\n<li>Doprovod kvalifikovan\u00e9ho pr\u016fvodce<\/li>\n<li>rusky mluv\u00edc\u00ed pr\u016fvodce<\/li>\n<li>Safari a v\u00fdlety podle programu safari d\u017e\u00edpem 4*4 s n\u00e1honem na v\u0161echna \u010dty\u0159i kola.<\/li>\n<li>Vstupn\u00e9 do n\u00e1rodn\u00edch park\u016f<\/li>\n<li>\u0412\u0445\u043e\u0434\u043d\u044b\u0435 \u0431\u0438\u043b\u0435\u0442\u044b \u0432 \u0437\u043e\u043e\u043f\u0430\u0440\u043a \u0421\u0435\u0440\u0432\u0430\u043b<\/li>\n<\/ul>\n<p><strong>Co si vz\u00edt s sebou?<\/strong><\/p>\n<ul>\n<li>Cestovn\u00ed pas. I kdy\u017e je Zanzibar sou\u010d\u00e1st\u00ed Tanzanie, v\u0161ichni proch\u00e1z\u00edme na leti\u0161ti pasovou kontrolou.<\/li>\n<li>Pohodln\u00e9 boty a oble\u010den\u00ed. \u041b<span class=\"fontstyle0\">lehk\u00e9 kalhoty, ko\u0161ile s dlouh\u00fdm ruk\u00e1vem, tri\u010dko, osobn\u00ed v\u011bci (do 5 kg).<\/span><\/li>\n<li>Bundu pro p\u0159\u00edpad de\u0161t\u011b nebo chladn\u00fdch ve\u010der\u016f.<\/li>\n<li>Foto-video za\u0159\u00edzen\u00ed. Nab\u00edjejte sv\u00e1 za\u0159\u00edzen\u00ed s dostate\u010dn\u00fdm p\u0159edstihem<\/li>\n<li>Rozm\u011b\u0148te si pen\u00edze na drobn\u00e9 bankovky. Ty se hod\u00ed na suven\u00fdry a na spropitn\u00e9 pro str\u00e1\u017ece. Doporu\u010den\u00e9 spropitn\u00e9 5$ na osobu<\/li>\n<li>Dopoledn\u00ed sva\u010dina (na recepci hotelu vysv\u011btlete, \u017ee brzy r\u00e1no odj\u00ed\u017ed\u00edte na v\u00fdlet a pot\u0159ebujete si p\u0159ipravit krabi\u010dku s ob\u011bdem, hotely tuto slu\u017ebu poskytuj\u00ed zdarma).<\/li>\n<li><span class=\"fontstyle0\">Slune\u010dn\u00ed br\u00fdle a panama, opalovac\u00ed kr\u00e9m<\/span><\/li>\n<li><span class=\"fontstyle0\">prost\u0159edky osobn\u00ed hygieny, osobn\u00ed l\u00e9k\u00e1rni\u010dka<\/span><\/li>\n<li><span class=\"fontstyle0\">Dezinfek\u010dn\u00ed gel na ruce<\/span><\/li>\n<\/ul>\n<p><strong>Podm\u00ednky rezervace:<\/strong><\/p>\n<ul>\n<li>\u041f\u0440\u0435\u0434\u043e\u043f\u043b\u0430\u0442\u0430 50% (\u0432\u043e\u0437\u043c\u043e\u0436\u043d\u0430 \u043e\u043f\u043b\u0430\u0442\u0430 \u043e\u043d\u043b\u0430\u0439\u043d \u043f\u0435\u0440\u0435\u0432\u043e\u0434\u043e\u043c \u043d\u0430 \u043a\u0430\u0440\u0442\u0443 \u0438\u043b\u0438 \u043d\u0430\u043b\u0438\u0447\u043d\u044b\u043c\u0438). <strong>Z\u00e1loha se nevrac\u00ed.<\/strong><\/li>\n<\/ul>","protected":false},"excerpt":{"rendered":"<p><strong>Doba prohl\u00eddky:<\/strong>\u00a02 dny<\/p>\n<p><strong>Dny zadr\u017een\u00ed:\u00a0<\/strong>Ka\u017ed\u00fd den.<\/p>","protected":false},"featured_media":63111,"template":"","meta":{"_kad_post_transparent":"default","_kad_post_title":"","_kad_post_layout":"default","_kad_post_sidebar_id":"","_kad_post_content_style":"default","_kad_post_vertical_padding":"default","_kad_post_feature":"","_kad_post_feature_position":"","_kad_post_header":false,"_kad_post_footer":false,"_kad_post_classname":"","_glsr_average":0,"_glsr_ranking":0,"_glsr_reviews":0},"product_brand":[],"product_cat":[468,469],"product_tag":[],"class_list":{"0":"post-63099","1":"product","2":"type-product","3":"status-publish","4":"has-post-thumbnail","6":"product_cat-zanzibar-safari","7":"product_cat-tours","8":"tm-has-options","10":"first","11":"instock","12":"sale","13":"sold-individually","14":"taxable","15":"shipping-taxable","16":"purchasable","17":"product-type-simple","18":"entry","19":"content-bg","20":"loop-entry"},"yoast_head":"<!-- This site is optimized with the Yoast SEO plugin v27.3 - https:\/\/yoast.com\/product\/yoast-seo-wordpress\/ -->\n<title>\u0417\u043e\u043e\u043f\u0430\u0440\u043a \u0421\u0435\u0440\u0432\u0430\u043b, \u0422\u0430\u0440\u0430\u043d\u0433\u0438\u0440\u0435, \u041a\u0438\u043b\u0438\u043c\u0430\u043d\u0434\u0436\u0430\u0440\u043e \u0438 \u043f\u043b\u0435\u043c\u044f \u0427\u0430\u0433\u0430 2 \u0434\u043d\u044f &#8226; \u042d\u043a\u0441\u043a\u0443\u0440\u0441\u0438\u0438 Skyline<\/title>\n<meta name=\"robots\" content=\"index, follow, max-snippet:-1, max-image-preview:large, max-video-preview:-1\" \/>\n<link rel=\"canonical\" href=\"https:\/\/skyline-gs.com\/cs\/produkt\/serval-tarangire-and-kilimanjaro-zanzibar\/\" \/>\n<meta property=\"og:locale\" content=\"cs_CZ\" \/>\n<meta property=\"og:type\" content=\"article\" \/>\n<meta property=\"og:title\" content=\"\u0417\u043e\u043e\u043f\u0430\u0440\u043a \u0421\u0435\u0440\u0432\u0430\u043b, \u0422\u0430\u0440\u0430\u043d\u0433\u0438\u0440\u0435, \u041a\u0438\u043b\u0438\u043c\u0430\u043d\u0434\u0436\u0430\u0440\u043e \u0438 \u043f\u043b\u0435\u043c\u044f \u0427\u0430\u0433\u0430 2 \u0434\u043d\u044f &#8226; \u042d\u043a\u0441\u043a\u0443\u0440\u0441\u0438\u0438 Skyline\" \/>\n<meta property=\"og:description\" content=\"\u0412\u0440\u0435\u043c\u044f \u0442\u0443\u0440\u0430:\u00a02 \u0434\u043d\u044f  \u0414\u043d\u0438 \u043f\u0440\u043e\u0432\u0435\u0434\u0435\u043d\u0438\u044f:\u00a0\u041a\u0430\u0436\u0434\u044b\u0439 \u0434\u0435\u043d\u044c\" \/>\n<meta property=\"og:url\" content=\"https:\/\/skyline-gs.com\/cs\/produkt\/serval-tarangire-and-kilimanjaro-zanzibar\/\" \/>\n<meta property=\"og:site_name\" content=\"\u042d\u043a\u0441\u043a\u0443\u0440\u0441\u0438\u0438 Skyline\" \/>\n<meta property=\"article:modified_time\" content=\"2026-03-12T15:10:06+00:00\" \/>\n<meta property=\"og:image\" content=\"https:\/\/skyline-gs.com\/wp-content\/uploads\/2025\/05\/15.jpg\" \/>\n\t<meta property=\"og:image:width\" content=\"585\" \/>\n\t<meta property=\"og:image:height\" content=\"390\" \/>\n\t<meta property=\"og:image:type\" content=\"image\/jpeg\" \/>\n<meta name=\"twitter:card\" content=\"summary_large_image\" \/>\n<meta name=\"twitter:label1\" content=\"Odhadovan\u00e1 doba \u010dten\u00ed\" \/>\n\t<meta name=\"twitter:data1\" content=\"3 minuty\" \/>\n<script type=\"application\/ld+json\" class=\"yoast-schema-graph\">{\"@context\":\"https:\\\/\\\/schema.org\",\"@graph\":[{\"@type\":\"WebPage\",\"@id\":\"https:\\\/\\\/skyline-gs.com\\\/product\\\/serval-tarangire-and-kilimanjaro-zanzibar\\\/\",\"url\":\"https:\\\/\\\/skyline-gs.com\\\/product\\\/serval-tarangire-and-kilimanjaro-zanzibar\\\/\",\"name\":\"\u0417\u043e\u043e\u043f\u0430\u0440\u043a \u0421\u0435\u0440\u0432\u0430\u043b, \u0422\u0430\u0440\u0430\u043d\u0433\u0438\u0440\u0435, \u041a\u0438\u043b\u0438\u043c\u0430\u043d\u0434\u0436\u0430\u0440\u043e \u0438 \u043f\u043b\u0435\u043c\u044f \u0427\u0430\u0433\u0430 2 \u0434\u043d\u044f &#8226; \u042d\u043a\u0441\u043a\u0443\u0440\u0441\u0438\u0438 Skyline\",\"isPartOf\":{\"@id\":\"https:\\\/\\\/skyline-gs.com\\\/it\\\/#website\"},\"primaryImageOfPage\":{\"@id\":\"https:\\\/\\\/skyline-gs.com\\\/product\\\/serval-tarangire-and-kilimanjaro-zanzibar\\\/#primaryimage\"},\"image\":{\"@id\":\"https:\\\/\\\/skyline-gs.com\\\/product\\\/serval-tarangire-and-kilimanjaro-zanzibar\\\/#primaryimage\"},\"thumbnailUrl\":\"https:\\\/\\\/skyline-gs.com\\\/wp-content\\\/uploads\\\/2025\\\/05\\\/15.jpg\",\"datePublished\":\"2025-05-02T21:50:37+00:00\",\"dateModified\":\"2026-03-12T15:10:06+00:00\",\"breadcrumb\":{\"@id\":\"https:\\\/\\\/skyline-gs.com\\\/product\\\/serval-tarangire-and-kilimanjaro-zanzibar\\\/#breadcrumb\"},\"inLanguage\":\"cs\",\"potentialAction\":[{\"@type\":\"ReadAction\",\"target\":[\"https:\\\/\\\/skyline-gs.com\\\/product\\\/serval-tarangire-and-kilimanjaro-zanzibar\\\/\"]}]},{\"@type\":\"ImageObject\",\"inLanguage\":\"cs\",\"@id\":\"https:\\\/\\\/skyline-gs.com\\\/product\\\/serval-tarangire-and-kilimanjaro-zanzibar\\\/#primaryimage\",\"url\":\"https:\\\/\\\/skyline-gs.com\\\/wp-content\\\/uploads\\\/2025\\\/05\\\/15.jpg\",\"contentUrl\":\"https:\\\/\\\/skyline-gs.com\\\/wp-content\\\/uploads\\\/2025\\\/05\\\/15.jpg\",\"width\":585,\"height\":390},{\"@type\":\"BreadcrumbList\",\"@id\":\"https:\\\/\\\/skyline-gs.com\\\/product\\\/serval-tarangire-and-kilimanjaro-zanzibar\\\/#breadcrumb\",\"itemListElement\":[{\"@type\":\"ListItem\",\"position\":1,\"name\":\"\u0413\u043b\u0430\u0432\u043d\u0430\u044f \u0441\u0442\u0440\u0430\u043d\u0438\u0446\u0430\",\"item\":\"https:\\\/\\\/skyline-gs.com\\\/hu\\\/\"},{\"@type\":\"ListItem\",\"position\":2,\"name\":\"\u041c\u0430\u0433\u0430\u0437\u0438\u043d\",\"item\":\"https:\\\/\\\/skyline-gs.com\\\/cs\\\/shop\\\/\"},{\"@type\":\"ListItem\",\"position\":3,\"name\":\"\u0417\u043e\u043e\u043f\u0430\u0440\u043a \u0421\u0435\u0440\u0432\u0430\u043b, \u0422\u0430\u0440\u0430\u043d\u0433\u0438\u0440\u0435, \u041a\u0438\u043b\u0438\u043c\u0430\u043d\u0434\u0436\u0430\u0440\u043e \u0438 \u043f\u043b\u0435\u043c\u044f \u0427\u0430\u0433\u0430 2 \u0434\u043d\u044f\"}]},{\"@type\":\"WebSite\",\"@id\":\"https:\\\/\\\/skyline-gs.com\\\/it\\\/#website\",\"url\":\"https:\\\/\\\/skyline-gs.com\\\/it\\\/\",\"name\":\"\u042d\u043a\u0441\u043a\u0443\u0440\u0441\u0438\u0438 Skyline\",\"description\":\"\u042d\u043a\u0441\u043a\u043b\u044e\u0437\u0438\u0432\u043d\u044b\u0435 \u044d\u043a\u0441\u043a\u0443\u0440\u0441\u0438\u0438 \u043d\u0430 \u043b\u0443\u0447\u0448\u0438\u0445 \u043a\u0443\u0440\u043e\u0440\u0442\u0430\u0445 \u043c\u0438\u0440\u0430\",\"publisher\":{\"@id\":\"https:\\\/\\\/skyline-gs.com\\\/it\\\/#organization\"},\"alternateName\":\"Skyline\",\"potentialAction\":[{\"@type\":\"SearchAction\",\"target\":{\"@type\":\"EntryPoint\",\"urlTemplate\":\"https:\\\/\\\/skyline-gs.com\\\/it\\\/?s={search_term_string}\"},\"query-input\":{\"@type\":\"PropertyValueSpecification\",\"valueRequired\":true,\"valueName\":\"search_term_string\"}}],\"inLanguage\":\"cs\"},{\"@type\":\"Organization\",\"@id\":\"https:\\\/\\\/skyline-gs.com\\\/it\\\/#organization\",\"name\":\"\u042d\u043a\u0441\u043a\u0443\u0440\u0441\u0438\u0438 Skyline\",\"alternateName\":\"\u042d\u043a\u0441\u043a\u0443\u0440\u0441\u0438\u0438 Skyline\",\"url\":\"https:\\\/\\\/skyline-gs.com\\\/it\\\/\",\"logo\":{\"@type\":\"ImageObject\",\"inLanguage\":\"cs\",\"@id\":\"https:\\\/\\\/skyline-gs.com\\\/it\\\/#\\\/schema\\\/logo\\\/image\\\/\",\"url\":\"https:\\\/\\\/skyline-gs.com\\\/wp-content\\\/uploads\\\/2020\\\/12\\\/cropped-logo-2.png\",\"contentUrl\":\"https:\\\/\\\/skyline-gs.com\\\/wp-content\\\/uploads\\\/2020\\\/12\\\/cropped-logo-2.png\",\"width\":512,\"height\":512,\"caption\":\"\u042d\u043a\u0441\u043a\u0443\u0440\u0441\u0438\u0438 Skyline\"},\"image\":{\"@id\":\"https:\\\/\\\/skyline-gs.com\\\/it\\\/#\\\/schema\\\/logo\\\/image\\\/\"},\"sameAs\":[\"https:\\\/\\\/www.instagram.com\\\/skylineglobalservice\\\/\"]}]}<\/script>\n<!-- \/ Yoast SEO plugin. -->","yoast_head_json":{"title":"\u0417\u043e\u043e\u043f\u0430\u0440\u043a \u0421\u0435\u0440\u0432\u0430\u043b, \u0422\u0430\u0440\u0430\u043d\u0433\u0438\u0440\u0435, \u041a\u0438\u043b\u0438\u043c\u0430\u043d\u0434\u0436\u0430\u0440\u043e \u0438 \u043f\u043b\u0435\u043c\u044f \u0427\u0430\u0433\u0430 2 \u0434\u043d\u044f &#8226; \u042d\u043a\u0441\u043a\u0443\u0440\u0441\u0438\u0438 Skyline","robots":{"index":"index","follow":"follow","max-snippet":"max-snippet:-1","max-image-preview":"max-image-preview:large","max-video-preview":"max-video-preview:-1"},"canonical":"https:\/\/skyline-gs.com\/cs\/produkt\/serval-tarangire-and-kilimanjaro-zanzibar\/","og_locale":"cs_CZ","og_type":"article","og_title":"\u0417\u043e\u043e\u043f\u0430\u0440\u043a \u0421\u0435\u0440\u0432\u0430\u043b, \u0422\u0430\u0440\u0430\u043d\u0433\u0438\u0440\u0435, \u041a\u0438\u043b\u0438\u043c\u0430\u043d\u0434\u0436\u0430\u0440\u043e \u0438 \u043f\u043b\u0435\u043c\u044f \u0427\u0430\u0433\u0430 2 \u0434\u043d\u044f &#8226; \u042d\u043a\u0441\u043a\u0443\u0440\u0441\u0438\u0438 Skyline","og_description":"\u0412\u0440\u0435\u043c\u044f \u0442\u0443\u0440\u0430:\u00a02 \u0434\u043d\u044f  \u0414\u043d\u0438 \u043f\u0440\u043e\u0432\u0435\u0434\u0435\u043d\u0438\u044f:\u00a0\u041a\u0430\u0436\u0434\u044b\u0439 \u0434\u0435\u043d\u044c","og_url":"https:\/\/skyline-gs.com\/cs\/produkt\/serval-tarangire-and-kilimanjaro-zanzibar\/","og_site_name":"\u042d\u043a\u0441\u043a\u0443\u0440\u0441\u0438\u0438 Skyline","article_modified_time":"2026-03-12T15:10:06+00:00","og_image":[{"width":585,"height":390,"url":"https:\/\/skyline-gs.com\/wp-content\/uploads\/2025\/05\/15.jpg","type":"image\/jpeg"}],"twitter_card":"summary_large_image","twitter_misc":{"Odhadovan\u00e1 doba \u010dten\u00ed":"3 minuty"},"schema":{"@context":"https:\/\/schema.org","@graph":[{"@type":"WebPage","@id":"https:\/\/skyline-gs.com\/product\/serval-tarangire-and-kilimanjaro-zanzibar\/","url":"https:\/\/skyline-gs.com\/product\/serval-tarangire-and-kilimanjaro-zanzibar\/","name":"\u0417\u043e\u043e\u043f\u0430\u0440\u043a \u0421\u0435\u0440\u0432\u0430\u043b, \u0422\u0430\u0440\u0430\u043d\u0433\u0438\u0440\u0435, \u041a\u0438\u043b\u0438\u043c\u0430\u043d\u0434\u0436\u0430\u0440\u043e \u0438 \u043f\u043b\u0435\u043c\u044f \u0427\u0430\u0433\u0430 2 \u0434\u043d\u044f &#8226; \u042d\u043a\u0441\u043a\u0443\u0440\u0441\u0438\u0438 Skyline","isPartOf":{"@id":"https:\/\/skyline-gs.com\/it\/#website"},"primaryImageOfPage":{"@id":"https:\/\/skyline-gs.com\/product\/serval-tarangire-and-kilimanjaro-zanzibar\/#primaryimage"},"image":{"@id":"https:\/\/skyline-gs.com\/product\/serval-tarangire-and-kilimanjaro-zanzibar\/#primaryimage"},"thumbnailUrl":"https:\/\/skyline-gs.com\/wp-content\/uploads\/2025\/05\/15.jpg","datePublished":"2025-05-02T21:50:37+00:00","dateModified":"2026-03-12T15:10:06+00:00","breadcrumb":{"@id":"https:\/\/skyline-gs.com\/product\/serval-tarangire-and-kilimanjaro-zanzibar\/#breadcrumb"},"inLanguage":"cs","potentialAction":[{"@type":"ReadAction","target":["https:\/\/skyline-gs.com\/product\/serval-tarangire-and-kilimanjaro-zanzibar\/"]}]},{"@type":"ImageObject","inLanguage":"cs","@id":"https:\/\/skyline-gs.com\/product\/serval-tarangire-and-kilimanjaro-zanzibar\/#primaryimage","url":"https:\/\/skyline-gs.com\/wp-content\/uploads\/2025\/05\/15.jpg","contentUrl":"https:\/\/skyline-gs.com\/wp-content\/uploads\/2025\/05\/15.jpg","width":585,"height":390},{"@type":"BreadcrumbList","@id":"https:\/\/skyline-gs.com\/product\/serval-tarangire-and-kilimanjaro-zanzibar\/#breadcrumb","itemListElement":[{"@type":"ListItem","position":1,"name":"\u0413\u043b\u0430\u0432\u043d\u0430\u044f \u0441\u0442\u0440\u0430\u043d\u0438\u0446\u0430","item":"https:\/\/skyline-gs.com\/hu\/"},{"@type":"ListItem","position":2,"name":"\u041c\u0430\u0433\u0430\u0437\u0438\u043d","item":"https:\/\/skyline-gs.com\/cs\/shop\/"},{"@type":"ListItem","position":3,"name":"\u0417\u043e\u043e\u043f\u0430\u0440\u043a \u0421\u0435\u0440\u0432\u0430\u043b, \u0422\u0430\u0440\u0430\u043d\u0433\u0438\u0440\u0435, \u041a\u0438\u043b\u0438\u043c\u0430\u043d\u0434\u0436\u0430\u0440\u043e \u0438 \u043f\u043b\u0435\u043c\u044f \u0427\u0430\u0433\u0430 2 \u0434\u043d\u044f"}]},{"@type":"WebSite","@id":"https:\/\/skyline-gs.com\/it\/#website","url":"https:\/\/skyline-gs.com\/it\/","name":"Skyline V\u00fdlety","description":"Exkluzivn\u00ed v\u00fdlety do nejlep\u0161\u00edch sv\u011btov\u00fdch letovisek","publisher":{"@id":"https:\/\/skyline-gs.com\/it\/#organization"},"alternateName":"Skyline","potentialAction":[{"@type":"SearchAction","target":{"@type":"EntryPoint","urlTemplate":"https:\/\/skyline-gs.com\/it\/?s={search_term_string}"},"query-input":{"@type":"PropertyValueSpecification","valueRequired":true,"valueName":"search_term_string"}}],"inLanguage":"cs"},{"@type":"Organization","@id":"https:\/\/skyline-gs.com\/it\/#organization","name":"Skyline V\u00fdlety","alternateName":"\u042d\u043a\u0441\u043a\u0443\u0440\u0441\u0438\u0438 Skyline","url":"https:\/\/skyline-gs.com\/it\/","logo":{"@type":"ImageObject","inLanguage":"cs","@id":"https:\/\/skyline-gs.com\/it\/#\/schema\/logo\/image\/","url":"https:\/\/skyline-gs.com\/wp-content\/uploads\/2020\/12\/cropped-logo-2.png","contentUrl":"https:\/\/skyline-gs.com\/wp-content\/uploads\/2020\/12\/cropped-logo-2.png","width":512,"height":512,"caption":"\u042d\u043a\u0441\u043a\u0443\u0440\u0441\u0438\u0438 Skyline"},"image":{"@id":"https:\/\/skyline-gs.com\/it\/#\/schema\/logo\/image\/"},"sameAs":["https:\/\/www.instagram.com\/skylineglobalservice\/"]}]}},"_links":{"self":[{"href":"https:\/\/skyline-gs.com\/cs\/wp-json\/wp\/v2\/product\/63099","targetHints":{"allow":["GET"]}}],"collection":[{"href":"https:\/\/skyline-gs.com\/cs\/wp-json\/wp\/v2\/product"}],"about":[{"href":"https:\/\/skyline-gs.com\/cs\/wp-json\/wp\/v2\/types\/product"}],"version-history":[{"count":0,"href":"https:\/\/skyline-gs.com\/cs\/wp-json\/wp\/v2\/product\/63099\/revisions"}],"wp:featuredmedia":[{"embeddable":true,"href":"https:\/\/skyline-gs.com\/cs\/wp-json\/wp\/v2\/media\/63111"}],"wp:attachment":[{"href":"https:\/\/skyline-gs.com\/cs\/wp-json\/wp\/v2\/media?parent=63099"}],"wp:term":[{"taxonomy":"product_brand","embeddable":true,"href":"https:\/\/skyline-gs.com\/cs\/wp-json\/wp\/v2\/product_brand?post=63099"},{"taxonomy":"product_cat","embeddable":true,"href":"https:\/\/skyline-gs.com\/cs\/wp-json\/wp\/v2\/product_cat?post=63099"},{"taxonomy":"product_tag","embeddable":true,"href":"https:\/\/skyline-gs.com\/cs\/wp-json\/wp\/v2\/product_tag?post=63099"}],"curies":[{"name":"wp","href":"https:\/\/api.w.org\/{rel}","templated":true}]}}