{"id":62985,"date":"2025-04-28T19:46:37","date_gmt":"2025-04-28T17:46:37","guid":{"rendered":"http:\/\/skyline-gs.com\/?post_type=product&#038;p=62985"},"modified":"2025-11-19T09:23:05","modified_gmt":"2025-11-19T07:23:05","slug":"lotus-evening-cruice-dubai","status":"publish","type":"product","link":"https:\/\/skyline-gs.com\/cs\/product\/lotus-evening-cruice-dubai\/","title":{"rendered":"Plavba po Dubaji na megajacht\u011b Lotus"},"content":{"rendered":"<p data-start=\"338\" data-end=\"493\">Vyzkou\u0161ejte si luxusn\u00ed bydlen\u00ed - <strong>Vydejte se na nezapomenutelnou ve\u010dern\u00ed plavbu po t\u0159pytiv\u00e9m dubajsk\u00e9m p\u0159\u00edstavu na palub\u011b legend\u00e1rn\u00ed megajachty Lotus!<\/strong> 220 stop dokonal\u00e9 elegance, sv\u011btla no\u010dn\u00edho m\u011bsta, \u017eiv\u00fd DJ set a stolov\u00e1n\u00ed pod \u0161ir\u00fdm nebem ud\u011blaj\u00ed z tohoto ve\u010dera v\u00fdjime\u010dn\u00fd z\u00e1\u017eitek.<\/p>\n<p data-start=\"273\" data-end=\"492\"><strong>18:30 - n\u00e1stup na palubu. <\/strong>(u mola 7 v n\u00e1kupn\u00edm centru Dubai Marina Mall).<\/p>\n<ul>\n<li data-start=\"565\" data-end=\"621\"><strong>Plavba na jedn\u00e9 z nejv\u011bt\u0161\u00edch jachet na sv\u011bt\u011b<\/strong><\/li>\n<li data-start=\"624\" data-end=\"766\"><strong>Ve\u010de\u0159e formou bufetu se specialitami sv\u011btov\u00e9 kuchyn\u011b<\/strong>: \u0161\u0165avnat\u00e9 grilovan\u00e9 pokrmy, vynikaj\u00edc\u00ed kanapky, asijsk\u00e9 a evropsk\u00e9 speciality, \u010derstv\u00e9 sal\u00e1ty a lahodn\u00e9 dezerty.<\/li>\n<li data-start=\"769\" data-end=\"833\"><strong>Z\u00e1bavn\u00ed po\u0159ad<\/strong> s um\u011blci, tane\u010dn\u00edky, DJ setem a \u017eivou hudbou<\/li>\n<li data-start=\"836\" data-end=\"944\">Prostorn\u00e9 terasy: terasa s alkoholick\u00fdm barem a \u00fatuln\u00e1 restaurace s baz\u00e9nem v salonku.<\/li>\n<li><strong>Trasa kolem nejluxusn\u011bj\u0161\u00edch m\u00edst v Dubaji<\/strong>Dubai Marina, Jumeirah Beach, Blue Island Waters, Palm Jumeirah, Atlantis.<\/li>\n<\/ul>\n<p data-start=\"2495\" data-end=\"2523\"><strong>22:30 - N\u00e1vrat do p\u0159\u00edstavu.<\/strong><\/p>\n<p><strong>V\u010detn\u011b:<\/strong><\/p>\n<ul>\n<li>3hodinov\u00e1 plavba na megajacht\u011b Lotus<\/li>\n<li>Ve\u010de\u0159e formou bufetu<\/li>\n<li>Nealkoholick\u00e9 n\u00e1poje (standardn\u00ed tarif)<\/li>\n<li>\u017div\u00e1 hudba a DJ<\/li>\n<li>Neuv\u011b\u0159iteln\u00fd v\u00fdhled na no\u010dn\u00ed Dubaj<\/li>\n<\/ul>\n<p><strong>Nen\u00ed sou\u010d\u00e1st\u00ed dod\u00e1vky:<\/strong><\/p>\n<ul>\n<li>Transfery z hotelu a do hotelu<\/li>\n<li>Alkoholick\u00e9 n\u00e1poje bez omezen\u00ed (v tarifu Combo)<\/li>\n<\/ul>\n<p><strong>Co mohu p\u0159idat?<\/strong><\/p>\n<ul>\n<li data-start=\"1256\" data-end=\"1309\"><strong data-start=\"1346\" data-end=\"1355\">Kombinovan\u00fd tarif<\/strong> (ve\u010de\u0159e + bar s alkoholem v cen\u011b): Dosp\u011bl\u00fd (21+) - 110$<\/li>\n<\/ul>\n<p><strong style=\"font-family: var(--global-body-font-family);\">Co si vz\u00edt s sebou?<\/strong><\/p>\n<ul>\n<li>Pas<\/li>\n<li>Fotoapar\u00e1t<\/li>\n<li>Tepl\u00e9 oble\u010den\u00ed (na podzim a v zim\u011b)<\/li>\n<\/ul>\n<p><strong>Podm\u00ednky rezervace:<\/strong><\/p>\n<ul>\n<li><strong>\u00dapln\u00e1 platba<\/strong>. M\u016f\u017eeme p\u0159ijmout platbu p\u0159evodem karty <strong>v dolarech, eurech, rublech, h\u0159ivn\u00e1ch. Stejn\u011b jako v USDT do kryptopen\u011b\u017eenky<\/strong>.<\/li>\n<li>Rezervace je potvrzena ihned po zaplacen\u00ed - za\u0161leme v\u00e1m ve\u0161ker\u00e9 pokyny.<\/li>\n<li>Vstupenky jsou nevratn\u00e9 a nevym\u011bniteln\u00e9.<\/li>\n<\/ul>","protected":false},"excerpt":{"rendered":"<p><strong>Doba prohl\u00eddky:<\/strong> 18:30 - 22:30<\/p>\n<p><strong>Dny zadr\u017een\u00ed:<\/strong> Ka\u017ed\u00fd den.<\/p>","protected":false},"featured_media":63003,"template":"","meta":{"_kad_post_transparent":"default","_kad_post_title":"","_kad_post_layout":"default","_kad_post_sidebar_id":"","_kad_post_content_style":"default","_kad_post_vertical_padding":"default","_kad_post_feature":"","_kad_post_feature_position":"","_kad_post_header":false,"_kad_post_footer":false,"_kad_post_classname":"","_glsr_average":0,"_glsr_ranking":0,"_glsr_reviews":0},"product_brand":[],"product_cat":[438],"product_tag":[],"class_list":{"0":"post-62985","1":"product","2":"type-product","3":"status-publish","4":"has-post-thumbnail","6":"product_cat-dubai","7":"tm-has-options","9":"first","10":"instock","11":"sold-individually","12":"taxable","13":"shipping-taxable","14":"purchasable","15":"product-type-simple","16":"entry","17":"content-bg","18":"loop-entry"},"yoast_head":"<!-- This site is optimized with the Yoast SEO plugin v27.3 - https:\/\/yoast.com\/product\/yoast-seo-wordpress\/ -->\n<title>\u041a\u0440\u0443\u0438\u0437 \u043f\u043e \u0414\u0443\u0431\u0430\u044e \u043d\u0430 \u043c\u0435\u0433\u0430-\u044f\u0445\u0442\u0435 Lotus &#8226; \u042d\u043a\u0441\u043a\u0443\u0440\u0441\u0438\u0438 Skyline<\/title>\n<meta name=\"robots\" content=\"index, follow, max-snippet:-1, max-image-preview:large, max-video-preview:-1\" \/>\n<link rel=\"canonical\" href=\"https:\/\/skyline-gs.com\/cs\/produkt\/lotus-evening-cruice-dubai\/\" \/>\n<meta property=\"og:locale\" content=\"cs_CZ\" \/>\n<meta property=\"og:type\" content=\"article\" \/>\n<meta property=\"og:title\" content=\"\u041a\u0440\u0443\u0438\u0437 \u043f\u043e \u0414\u0443\u0431\u0430\u044e \u043d\u0430 \u043c\u0435\u0433\u0430-\u044f\u0445\u0442\u0435 Lotus &#8226; \u042d\u043a\u0441\u043a\u0443\u0440\u0441\u0438\u0438 Skyline\" \/>\n<meta property=\"og:description\" content=\"\u0412\u0440\u0435\u043c\u044f \u0442\u0443\u0440\u0430: 18:30 - 22:30  \u0414\u043d\u0438 \u043f\u0440\u043e\u0432\u0435\u0434\u0435\u043d\u0438\u044f: \u041a\u0430\u0436\u0434\u044b\u0439 \u0434\u0435\u043d\u044c\" \/>\n<meta property=\"og:url\" content=\"https:\/\/skyline-gs.com\/cs\/produkt\/lotus-evening-cruice-dubai\/\" \/>\n<meta property=\"og:site_name\" content=\"\u042d\u043a\u0441\u043a\u0443\u0440\u0441\u0438\u0438 Skyline\" \/>\n<meta property=\"article:modified_time\" content=\"2025-11-19T07:23:05+00:00\" \/>\n<meta property=\"og:image\" content=\"https:\/\/skyline-gs.com\/wp-content\/uploads\/2025\/04\/10.jpg\" \/>\n\t<meta property=\"og:image:width\" content=\"585\" \/>\n\t<meta property=\"og:image:height\" content=\"390\" \/>\n\t<meta property=\"og:image:type\" content=\"image\/jpeg\" \/>\n<meta name=\"twitter:card\" content=\"summary_large_image\" \/>\n<meta name=\"twitter:label1\" content=\"Odhadovan\u00e1 doba \u010dten\u00ed\" \/>\n\t<meta name=\"twitter:data1\" content=\"2 minuty\" \/>\n<script type=\"application\/ld+json\" class=\"yoast-schema-graph\">{\"@context\":\"https:\\\/\\\/schema.org\",\"@graph\":[{\"@type\":\"WebPage\",\"@id\":\"https:\\\/\\\/skyline-gs.com\\\/product\\\/lotus-evening-cruice-dubai\\\/\",\"url\":\"https:\\\/\\\/skyline-gs.com\\\/product\\\/lotus-evening-cruice-dubai\\\/\",\"name\":\"\u041a\u0440\u0443\u0438\u0437 \u043f\u043e \u0414\u0443\u0431\u0430\u044e \u043d\u0430 \u043c\u0435\u0433\u0430-\u044f\u0445\u0442\u0435 Lotus &#8226; \u042d\u043a\u0441\u043a\u0443\u0440\u0441\u0438\u0438 Skyline\",\"isPartOf\":{\"@id\":\"https:\\\/\\\/skyline-gs.com\\\/it\\\/#website\"},\"primaryImageOfPage\":{\"@id\":\"https:\\\/\\\/skyline-gs.com\\\/product\\\/lotus-evening-cruice-dubai\\\/#primaryimage\"},\"image\":{\"@id\":\"https:\\\/\\\/skyline-gs.com\\\/product\\\/lotus-evening-cruice-dubai\\\/#primaryimage\"},\"thumbnailUrl\":\"https:\\\/\\\/skyline-gs.com\\\/wp-content\\\/uploads\\\/2025\\\/04\\\/10.jpg\",\"datePublished\":\"2025-04-28T17:46:37+00:00\",\"dateModified\":\"2025-11-19T07:23:05+00:00\",\"breadcrumb\":{\"@id\":\"https:\\\/\\\/skyline-gs.com\\\/product\\\/lotus-evening-cruice-dubai\\\/#breadcrumb\"},\"inLanguage\":\"cs\",\"potentialAction\":[{\"@type\":\"ReadAction\",\"target\":[\"https:\\\/\\\/skyline-gs.com\\\/product\\\/lotus-evening-cruice-dubai\\\/\"]}]},{\"@type\":\"ImageObject\",\"inLanguage\":\"cs\",\"@id\":\"https:\\\/\\\/skyline-gs.com\\\/product\\\/lotus-evening-cruice-dubai\\\/#primaryimage\",\"url\":\"https:\\\/\\\/skyline-gs.com\\\/wp-content\\\/uploads\\\/2025\\\/04\\\/10.jpg\",\"contentUrl\":\"https:\\\/\\\/skyline-gs.com\\\/wp-content\\\/uploads\\\/2025\\\/04\\\/10.jpg\",\"width\":585,\"height\":390},{\"@type\":\"BreadcrumbList\",\"@id\":\"https:\\\/\\\/skyline-gs.com\\\/product\\\/lotus-evening-cruice-dubai\\\/#breadcrumb\",\"itemListElement\":[{\"@type\":\"ListItem\",\"position\":1,\"name\":\"\u0413\u043b\u0430\u0432\u043d\u0430\u044f \u0441\u0442\u0440\u0430\u043d\u0438\u0446\u0430\",\"item\":\"https:\\\/\\\/skyline-gs.com\\\/hu\\\/\"},{\"@type\":\"ListItem\",\"position\":2,\"name\":\"\u041c\u0430\u0433\u0430\u0437\u0438\u043d\",\"item\":\"https:\\\/\\\/skyline-gs.com\\\/cs\\\/shop\\\/\"},{\"@type\":\"ListItem\",\"position\":3,\"name\":\"\u041a\u0440\u0443\u0438\u0437 \u043f\u043e \u0414\u0443\u0431\u0430\u044e \u043d\u0430 \u043c\u0435\u0433\u0430-\u044f\u0445\u0442\u0435 Lotus\"}]},{\"@type\":\"WebSite\",\"@id\":\"https:\\\/\\\/skyline-gs.com\\\/it\\\/#website\",\"url\":\"https:\\\/\\\/skyline-gs.com\\\/it\\\/\",\"name\":\"\u042d\u043a\u0441\u043a\u0443\u0440\u0441\u0438\u0438 Skyline\",\"description\":\"\u042d\u043a\u0441\u043a\u043b\u044e\u0437\u0438\u0432\u043d\u044b\u0435 \u044d\u043a\u0441\u043a\u0443\u0440\u0441\u0438\u0438 \u043d\u0430 \u043b\u0443\u0447\u0448\u0438\u0445 \u043a\u0443\u0440\u043e\u0440\u0442\u0430\u0445 \u043c\u0438\u0440\u0430\",\"publisher\":{\"@id\":\"https:\\\/\\\/skyline-gs.com\\\/it\\\/#organization\"},\"alternateName\":\"Skyline\",\"potentialAction\":[{\"@type\":\"SearchAction\",\"target\":{\"@type\":\"EntryPoint\",\"urlTemplate\":\"https:\\\/\\\/skyline-gs.com\\\/it\\\/?s={search_term_string}\"},\"query-input\":{\"@type\":\"PropertyValueSpecification\",\"valueRequired\":true,\"valueName\":\"search_term_string\"}}],\"inLanguage\":\"cs\"},{\"@type\":\"Organization\",\"@id\":\"https:\\\/\\\/skyline-gs.com\\\/it\\\/#organization\",\"name\":\"\u042d\u043a\u0441\u043a\u0443\u0440\u0441\u0438\u0438 Skyline\",\"alternateName\":\"\u042d\u043a\u0441\u043a\u0443\u0440\u0441\u0438\u0438 Skyline\",\"url\":\"https:\\\/\\\/skyline-gs.com\\\/it\\\/\",\"logo\":{\"@type\":\"ImageObject\",\"inLanguage\":\"cs\",\"@id\":\"https:\\\/\\\/skyline-gs.com\\\/it\\\/#\\\/schema\\\/logo\\\/image\\\/\",\"url\":\"https:\\\/\\\/skyline-gs.com\\\/wp-content\\\/uploads\\\/2020\\\/12\\\/cropped-logo-2.png\",\"contentUrl\":\"https:\\\/\\\/skyline-gs.com\\\/wp-content\\\/uploads\\\/2020\\\/12\\\/cropped-logo-2.png\",\"width\":512,\"height\":512,\"caption\":\"\u042d\u043a\u0441\u043a\u0443\u0440\u0441\u0438\u0438 Skyline\"},\"image\":{\"@id\":\"https:\\\/\\\/skyline-gs.com\\\/it\\\/#\\\/schema\\\/logo\\\/image\\\/\"},\"sameAs\":[\"https:\\\/\\\/www.instagram.com\\\/skylineglobalservice\\\/\"]}]}<\/script>\n<!-- \/ Yoast SEO plugin. -->","yoast_head_json":{"title":"Plavba po Dubaji na megajacht\u011b Lotus - Skyline Excursions","robots":{"index":"index","follow":"follow","max-snippet":"max-snippet:-1","max-image-preview":"max-image-preview:large","max-video-preview":"max-video-preview:-1"},"canonical":"https:\/\/skyline-gs.com\/cs\/produkt\/lotus-evening-cruice-dubai\/","og_locale":"cs_CZ","og_type":"article","og_title":"\u041a\u0440\u0443\u0438\u0437 \u043f\u043e \u0414\u0443\u0431\u0430\u044e \u043d\u0430 \u043c\u0435\u0433\u0430-\u044f\u0445\u0442\u0435 Lotus &#8226; \u042d\u043a\u0441\u043a\u0443\u0440\u0441\u0438\u0438 Skyline","og_description":"\u0412\u0440\u0435\u043c\u044f \u0442\u0443\u0440\u0430: 18:30 - 22:30  \u0414\u043d\u0438 \u043f\u0440\u043e\u0432\u0435\u0434\u0435\u043d\u0438\u044f: \u041a\u0430\u0436\u0434\u044b\u0439 \u0434\u0435\u043d\u044c","og_url":"https:\/\/skyline-gs.com\/cs\/produkt\/lotus-evening-cruice-dubai\/","og_site_name":"\u042d\u043a\u0441\u043a\u0443\u0440\u0441\u0438\u0438 Skyline","article_modified_time":"2025-11-19T07:23:05+00:00","og_image":[{"width":585,"height":390,"url":"https:\/\/skyline-gs.com\/wp-content\/uploads\/2025\/04\/10.jpg","type":"image\/jpeg"}],"twitter_card":"summary_large_image","twitter_misc":{"Odhadovan\u00e1 doba \u010dten\u00ed":"2 minuty"},"schema":{"@context":"https:\/\/schema.org","@graph":[{"@type":"WebPage","@id":"https:\/\/skyline-gs.com\/product\/lotus-evening-cruice-dubai\/","url":"https:\/\/skyline-gs.com\/product\/lotus-evening-cruice-dubai\/","name":"Plavba po Dubaji na megajacht\u011b Lotus - Skyline Excursions","isPartOf":{"@id":"https:\/\/skyline-gs.com\/it\/#website"},"primaryImageOfPage":{"@id":"https:\/\/skyline-gs.com\/product\/lotus-evening-cruice-dubai\/#primaryimage"},"image":{"@id":"https:\/\/skyline-gs.com\/product\/lotus-evening-cruice-dubai\/#primaryimage"},"thumbnailUrl":"https:\/\/skyline-gs.com\/wp-content\/uploads\/2025\/04\/10.jpg","datePublished":"2025-04-28T17:46:37+00:00","dateModified":"2025-11-19T07:23:05+00:00","breadcrumb":{"@id":"https:\/\/skyline-gs.com\/product\/lotus-evening-cruice-dubai\/#breadcrumb"},"inLanguage":"cs","potentialAction":[{"@type":"ReadAction","target":["https:\/\/skyline-gs.com\/product\/lotus-evening-cruice-dubai\/"]}]},{"@type":"ImageObject","inLanguage":"cs","@id":"https:\/\/skyline-gs.com\/product\/lotus-evening-cruice-dubai\/#primaryimage","url":"https:\/\/skyline-gs.com\/wp-content\/uploads\/2025\/04\/10.jpg","contentUrl":"https:\/\/skyline-gs.com\/wp-content\/uploads\/2025\/04\/10.jpg","width":585,"height":390},{"@type":"BreadcrumbList","@id":"https:\/\/skyline-gs.com\/product\/lotus-evening-cruice-dubai\/#breadcrumb","itemListElement":[{"@type":"ListItem","position":1,"name":"\u0413\u043b\u0430\u0432\u043d\u0430\u044f \u0441\u0442\u0440\u0430\u043d\u0438\u0446\u0430","item":"https:\/\/skyline-gs.com\/hu\/"},{"@type":"ListItem","position":2,"name":"\u041c\u0430\u0433\u0430\u0437\u0438\u043d","item":"https:\/\/skyline-gs.com\/cs\/shop\/"},{"@type":"ListItem","position":3,"name":"\u041a\u0440\u0443\u0438\u0437 \u043f\u043e \u0414\u0443\u0431\u0430\u044e \u043d\u0430 \u043c\u0435\u0433\u0430-\u044f\u0445\u0442\u0435 Lotus"}]},{"@type":"WebSite","@id":"https:\/\/skyline-gs.com\/it\/#website","url":"https:\/\/skyline-gs.com\/it\/","name":"Skyline V\u00fdlety","description":"Exkluzivn\u00ed v\u00fdlety do nejlep\u0161\u00edch sv\u011btov\u00fdch letovisek","publisher":{"@id":"https:\/\/skyline-gs.com\/it\/#organization"},"alternateName":"Skyline","potentialAction":[{"@type":"SearchAction","target":{"@type":"EntryPoint","urlTemplate":"https:\/\/skyline-gs.com\/it\/?s={search_term_string}"},"query-input":{"@type":"PropertyValueSpecification","valueRequired":true,"valueName":"search_term_string"}}],"inLanguage":"cs"},{"@type":"Organization","@id":"https:\/\/skyline-gs.com\/it\/#organization","name":"Skyline V\u00fdlety","alternateName":"\u042d\u043a\u0441\u043a\u0443\u0440\u0441\u0438\u0438 Skyline","url":"https:\/\/skyline-gs.com\/it\/","logo":{"@type":"ImageObject","inLanguage":"cs","@id":"https:\/\/skyline-gs.com\/it\/#\/schema\/logo\/image\/","url":"https:\/\/skyline-gs.com\/wp-content\/uploads\/2020\/12\/cropped-logo-2.png","contentUrl":"https:\/\/skyline-gs.com\/wp-content\/uploads\/2020\/12\/cropped-logo-2.png","width":512,"height":512,"caption":"\u042d\u043a\u0441\u043a\u0443\u0440\u0441\u0438\u0438 Skyline"},"image":{"@id":"https:\/\/skyline-gs.com\/it\/#\/schema\/logo\/image\/"},"sameAs":["https:\/\/www.instagram.com\/skylineglobalservice\/"]}]}},"_links":{"self":[{"href":"https:\/\/skyline-gs.com\/cs\/wp-json\/wp\/v2\/product\/62985","targetHints":{"allow":["GET"]}}],"collection":[{"href":"https:\/\/skyline-gs.com\/cs\/wp-json\/wp\/v2\/product"}],"about":[{"href":"https:\/\/skyline-gs.com\/cs\/wp-json\/wp\/v2\/types\/product"}],"version-history":[{"count":0,"href":"https:\/\/skyline-gs.com\/cs\/wp-json\/wp\/v2\/product\/62985\/revisions"}],"wp:featuredmedia":[{"embeddable":true,"href":"https:\/\/skyline-gs.com\/cs\/wp-json\/wp\/v2\/media\/63003"}],"wp:attachment":[{"href":"https:\/\/skyline-gs.com\/cs\/wp-json\/wp\/v2\/media?parent=62985"}],"wp:term":[{"taxonomy":"product_brand","embeddable":true,"href":"https:\/\/skyline-gs.com\/cs\/wp-json\/wp\/v2\/product_brand?post=62985"},{"taxonomy":"product_cat","embeddable":true,"href":"https:\/\/skyline-gs.com\/cs\/wp-json\/wp\/v2\/product_cat?post=62985"},{"taxonomy":"product_tag","embeddable":true,"href":"https:\/\/skyline-gs.com\/cs\/wp-json\/wp\/v2\/product_tag?post=62985"}],"curies":[{"name":"wp","href":"https:\/\/api.w.org\/{rel}","templated":true}]}}