{"id":62171,"date":"2025-03-10T04:17:58","date_gmt":"2025-03-10T02:17:58","guid":{"rendered":"http:\/\/skyline-gs.com\/?post_type=product&#038;p=62171"},"modified":"2026-02-01T19:00:13","modified_gmt":"2026-02-01T17:00:13","slug":"dawn-in-angkor-siemreap","status":"publish","type":"product","link":"https:\/\/skyline-gs.com\/cs\/product\/dawn-in-angkor-siemreap\/","title":{"rendered":"Setk\u00e1n\u00ed s \u00fasvitem v Angkor Watu: Probouzej\u00edc\u00ed se magie starov\u011bk\u00e9ho sv\u011bta"},"content":{"rendered":"<p data-start=\"301\" data-end=\"739\"><strong>V\u00fdchod slunce v Angkor Watu je okam\u017eik, kter\u00fd si nesm\u00edte nechat uj\u00edt. Poci\u0165te kouzlo starov\u011bk\u00e9ho sv\u011bta a za\u010dn\u011bte den s jedn\u00edm z nejv\u011bt\u0161\u00edch div\u016f sv\u011bta.<\/strong> Je to jeden z nejzaj\u00edmav\u011bj\u0161\u00edch z\u00e1\u017eitk\u016f, kter\u00e9 m\u016f\u017eete v Siem Reap za\u017e\u00edt. Jakmile nad starobyl\u00fdmi v\u011b\u017eemi za\u010dnou vych\u00e1zet prvn\u00ed slune\u010dn\u00ed paprsky, chr\u00e1m o\u017eije, odhal\u00ed sv\u00e1 tajemstv\u00ed a pono\u0159\u00ed v\u00e1s do atmosf\u00e9ry mystiky. Prohl\u00eddka je vhodn\u00e1 jak pro zku\u0161en\u00e9 cestovatele, tak pro ty, kte\u0159\u00ed Kambod\u017eu nav\u0161t\u00edv\u00ed poprv\u00e9. Je to ide\u00e1ln\u00ed okam\u017eik pro po\u0159\u00edzen\u00ed jedine\u010dn\u00fdch fotografi\u00ed, d\u00edky kter\u00fdm si toto r\u00e1no zapamatujete na cel\u00fd \u017eivot.<\/p>\n<p><strong>5:00 - Odjezd z hotelu<\/strong>.<\/p>\n<ul>\n<li data-start=\"1234\" data-end=\"1545\"><strong data-start=\"1234\" data-end=\"1265\">P\u0159\u00edjezd do chr\u00e1mu Angkor Wat. <\/strong>Po p\u0159\u00edjezdu v\u00e1s n\u00e1\u0161 pr\u016fvodce sezn\u00e1m\u00ed s nejlep\u0161\u00edm m\u00edstem pro pozorov\u00e1n\u00ed v\u00fdchodu slunce. Obvykle je to v\u00fdchodn\u00ed \u010d\u00e1st komplexu nebo jez\u00edrko s odrazem chr\u00e1mov\u00fdch v\u011b\u017e\u00ed ve vod\u011b.<br data-start=\"1421\" data-end=\"1424\" \/>Dokud je kolem je\u0161t\u011b tma, zaujmete pohodlnou polohu, po\u010dk\u00e1te na v\u00fdchod slunce a budete si u\u017e\u00edvat ticha a rann\u00edho chladu.<\/li>\n<li data-start=\"1234\" data-end=\"1545\"><strong style=\"font-family: var(--global-body-font-family);\" data-start=\"1547\" data-end=\"1593\">Pozorov\u00e1n\u00ed v\u00fdchodu slunce nad Angkor Vatem. <\/strong>Kdy\u017e prvn\u00ed slune\u010dn\u00ed paprsky za\u010dnou osv\u011btlovat siluety chr\u00e1m\u016f, otev\u0159e se p\u0159ed v\u00e1mi \u00fachvatn\u00fd obraz. V\u011b\u017ee Angkor Watu se postupn\u011b zbarvuj\u00ed do zlatav\u011b r\u016f\u017eov\u00e9 a odraz ve vod\u011b vytv\u00e1\u0159\u00ed dokonalou symetrii - z\u00e1b\u011br hodn\u00fd nejlep\u0161\u00edch sv\u011btov\u00fdch fotografi\u00ed.<\/li>\n<li data-start=\"2158\" data-end=\"2316\"><strong data-start=\"2158\" data-end=\"2182\">Sn\u00eddan\u011b (na vy\u017e\u00e1d\u00e1n\u00ed). <\/strong>Po prohl\u00eddce si m\u016f\u017eete vychutnat sn\u00eddani v jedn\u00e9 z kav\u00e1ren v bl\u00edzkosti chr\u00e1mu nebo v\u00e1m uspo\u0159\u00e1d\u00e1me piknikovou sn\u00eddani (nepovinn\u00e9).<\/li>\n<li data-start=\"2158\" data-end=\"2316\"><strong data-start=\"2318\" data-end=\"2397\">Fakultativn\u00ed prohl\u00eddka komplexu Angkor Thom a chr\u00e1mu Bayon (na vy\u017e\u00e1d\u00e1n\u00ed)<\/strong><br data-start=\"2397\" data-end=\"2400\" \/>Pro ty, kte\u0159\u00ed cht\u011bj\u00ed v objevitelsk\u00e9m dopoledni pokra\u010dovat, je k dispozici prodlou\u017een\u00e1 prohl\u00eddka: n\u00e1v\u0161t\u011bva Angkor Thom, Bayonu, chr\u00e1m\u016f Bapuon, Slon\u00ed terasy a Ta Prohm, slavn\u00e9ho chr\u00e1mu opleten\u00e9ho ko\u0159eny strom\u016f.<\/li>\n<\/ul>\n<p data-start=\"1691\" data-end=\"1776\"><strong>7:30 - N\u00e1vrat do hotelu.<\/strong><\/p>\n<p><strong>V\u010detn\u011b:<\/strong><\/p>\n<ul>\n<li>Transfer z hotelu a do hotelu<\/li>\n<li>V\u0161echny transfery klimatizovan\u00fdmi vozidly na trase<\/li>\n<li>rusky mluv\u00edc\u00ed pr\u016fvodce<\/li>\n<\/ul>\n<p><strong>Nen\u00ed sou\u010d\u00e1st\u00ed dod\u00e1vky:<\/strong><\/p>\n<ul>\n<li>Vstupenka do Angkor Watu +37$<\/li>\n<li>Sn\u00eddan\u011b<\/li>\n<li>Voliteln\u00e1 prohl\u00eddka komplexu Angkor Thom<\/li>\n<\/ul>\n<p><strong>Co si vz\u00edt s sebou?<\/strong><\/p>\n<ul>\n<li>Voda<\/li>\n<li>Pohodln\u00e1 obuv<\/li>\n<li>Oble\u010den\u00ed, kter\u00e9 zakr\u00fdv\u00e1 ramena a kolena (\u0161\u00e1tky, \u0161\u00e1ly nejsou vhodn\u00e9).<\/li>\n<li>Kapesn\u00e9<\/li>\n<\/ul>","protected":false},"excerpt":{"rendered":"<p><strong>Doba prohl\u00eddky:<\/strong> 5:00 - 7:30<\/p>\n<p><strong>Dny zadr\u017een\u00ed:<\/strong> denn\u011b<\/p>","protected":false},"featured_media":62173,"template":"","meta":{"_kad_post_transparent":"default","_kad_post_title":"","_kad_post_layout":"default","_kad_post_sidebar_id":"","_kad_post_content_style":"default","_kad_post_vertical_padding":"default","_kad_post_feature":"","_kad_post_feature_position":"","_kad_post_header":false,"_kad_post_footer":false,"_kad_post_classname":"","_glsr_average":0,"_glsr_ranking":0,"_glsr_reviews":0},"product_brand":[],"product_cat":[441],"product_tag":[],"class_list":{"0":"post-62171","1":"product","2":"type-product","3":"status-publish","4":"has-post-thumbnail","6":"product_cat-siem-reap","7":"tm-has-options","9":"first","10":"instock","11":"sold-individually","12":"taxable","13":"shipping-taxable","14":"purchasable","15":"product-type-simple","16":"entry","17":"content-bg","18":"loop-entry"},"yoast_head":"<!-- This site is optimized with the Yoast SEO plugin v27.4 - https:\/\/yoast.com\/product\/yoast-seo-wordpress\/ -->\n<title>\u0412\u0441\u0442\u0440\u0435\u0447\u0430 \u0440\u0430\u0441\u0441\u0432\u0435\u0442\u0430 \u0432 \u0410\u043d\u0433\u043a\u043e\u0440 \u0412\u0430\u0442\u0435: \u041c\u0430\u0433\u0438\u044f \u043f\u0440\u043e\u0431\u0443\u0436\u0434\u0435\u043d\u0438\u044f \u0434\u0440\u0435\u0432\u043d\u0435\u0433\u043e \u043c\u0438\u0440\u0430 &#8226; \u042d\u043a\u0441\u043a\u0443\u0440\u0441\u0438\u0438 Skyline<\/title>\n<meta name=\"robots\" content=\"index, follow, max-snippet:-1, max-image-preview:large, max-video-preview:-1\" \/>\n<link rel=\"canonical\" href=\"https:\/\/skyline-gs.com\/cs\/produkt\/dawn-in-angkor-siemreap\/\" \/>\n<meta property=\"og:locale\" content=\"cs_CZ\" \/>\n<meta property=\"og:type\" content=\"article\" \/>\n<meta property=\"og:title\" content=\"\u0412\u0441\u0442\u0440\u0435\u0447\u0430 \u0440\u0430\u0441\u0441\u0432\u0435\u0442\u0430 \u0432 \u0410\u043d\u0433\u043a\u043e\u0440 \u0412\u0430\u0442\u0435: \u041c\u0430\u0433\u0438\u044f \u043f\u0440\u043e\u0431\u0443\u0436\u0434\u0435\u043d\u0438\u044f \u0434\u0440\u0435\u0432\u043d\u0435\u0433\u043e \u043c\u0438\u0440\u0430 &#8226; \u042d\u043a\u0441\u043a\u0443\u0440\u0441\u0438\u0438 Skyline\" \/>\n<meta property=\"og:description\" content=\"\u0412\u0440\u0435\u043c\u044f \u0442\u0443\u0440\u0430: 5:00 \u2013 7:30  \u0414\u043d\u0438 \u043f\u0440\u043e\u0432\u0435\u0434\u0435\u043d\u0438\u044f: \u0435\u0436\u0435\u0434\u043d\u0435\u0432\u043d\u043e\" \/>\n<meta property=\"og:url\" content=\"https:\/\/skyline-gs.com\/cs\/produkt\/dawn-in-angkor-siemreap\/\" \/>\n<meta property=\"og:site_name\" content=\"\u042d\u043a\u0441\u043a\u0443\u0440\u0441\u0438\u0438 Skyline\" \/>\n<meta property=\"article:modified_time\" content=\"2026-02-01T17:00:13+00:00\" \/>\n<meta property=\"og:image\" content=\"https:\/\/skyline-gs.com\/wp-content\/uploads\/2025\/03\/dawn-in-angkor-4.jpg\" \/>\n\t<meta property=\"og:image:width\" content=\"720\" \/>\n\t<meta property=\"og:image:height\" content=\"480\" \/>\n\t<meta property=\"og:image:type\" content=\"image\/jpeg\" \/>\n<meta name=\"twitter:card\" content=\"summary_large_image\" \/>\n<meta name=\"twitter:label1\" content=\"Odhadovan\u00e1 doba \u010dten\u00ed\" \/>\n\t<meta name=\"twitter:data1\" content=\"2 minuty\" \/>\n<script type=\"application\/ld+json\" class=\"yoast-schema-graph\">{\"@context\":\"https:\\\/\\\/schema.org\",\"@graph\":[{\"@type\":\"WebPage\",\"@id\":\"https:\\\/\\\/skyline-gs.com\\\/product\\\/dawn-in-angkor-siemreap\\\/\",\"url\":\"https:\\\/\\\/skyline-gs.com\\\/product\\\/dawn-in-angkor-siemreap\\\/\",\"name\":\"\u0412\u0441\u0442\u0440\u0435\u0447\u0430 \u0440\u0430\u0441\u0441\u0432\u0435\u0442\u0430 \u0432 \u0410\u043d\u0433\u043a\u043e\u0440 \u0412\u0430\u0442\u0435: \u041c\u0430\u0433\u0438\u044f \u043f\u0440\u043e\u0431\u0443\u0436\u0434\u0435\u043d\u0438\u044f \u0434\u0440\u0435\u0432\u043d\u0435\u0433\u043e \u043c\u0438\u0440\u0430 &#8226; \u042d\u043a\u0441\u043a\u0443\u0440\u0441\u0438\u0438 Skyline\",\"isPartOf\":{\"@id\":\"https:\\\/\\\/skyline-gs.com\\\/it\\\/#website\"},\"primaryImageOfPage\":{\"@id\":\"https:\\\/\\\/skyline-gs.com\\\/product\\\/dawn-in-angkor-siemreap\\\/#primaryimage\"},\"image\":{\"@id\":\"https:\\\/\\\/skyline-gs.com\\\/product\\\/dawn-in-angkor-siemreap\\\/#primaryimage\"},\"thumbnailUrl\":\"https:\\\/\\\/skyline-gs.com\\\/wp-content\\\/uploads\\\/2025\\\/03\\\/dawn-in-angkor-4.jpg\",\"datePublished\":\"2025-03-10T02:17:58+00:00\",\"dateModified\":\"2026-02-01T17:00:13+00:00\",\"breadcrumb\":{\"@id\":\"https:\\\/\\\/skyline-gs.com\\\/product\\\/dawn-in-angkor-siemreap\\\/#breadcrumb\"},\"inLanguage\":\"cs\",\"potentialAction\":[{\"@type\":\"ReadAction\",\"target\":[\"https:\\\/\\\/skyline-gs.com\\\/product\\\/dawn-in-angkor-siemreap\\\/\"]}]},{\"@type\":\"ImageObject\",\"inLanguage\":\"cs\",\"@id\":\"https:\\\/\\\/skyline-gs.com\\\/product\\\/dawn-in-angkor-siemreap\\\/#primaryimage\",\"url\":\"https:\\\/\\\/skyline-gs.com\\\/wp-content\\\/uploads\\\/2025\\\/03\\\/dawn-in-angkor-4.jpg\",\"contentUrl\":\"https:\\\/\\\/skyline-gs.com\\\/wp-content\\\/uploads\\\/2025\\\/03\\\/dawn-in-angkor-4.jpg\",\"width\":720,\"height\":480},{\"@type\":\"BreadcrumbList\",\"@id\":\"https:\\\/\\\/skyline-gs.com\\\/product\\\/dawn-in-angkor-siemreap\\\/#breadcrumb\",\"itemListElement\":[{\"@type\":\"ListItem\",\"position\":1,\"name\":\"\u0413\u043b\u0430\u0432\u043d\u0430\u044f \u0441\u0442\u0440\u0430\u043d\u0438\u0446\u0430\",\"item\":\"https:\\\/\\\/skyline-gs.com\\\/hu\\\/\"},{\"@type\":\"ListItem\",\"position\":2,\"name\":\"\u041c\u0430\u0433\u0430\u0437\u0438\u043d\",\"item\":\"https:\\\/\\\/skyline-gs.com\\\/cs\\\/shop\\\/\"},{\"@type\":\"ListItem\",\"position\":3,\"name\":\"\u0412\u0441\u0442\u0440\u0435\u0447\u0430 \u0440\u0430\u0441\u0441\u0432\u0435\u0442\u0430 \u0432 \u0410\u043d\u0433\u043a\u043e\u0440 \u0412\u0430\u0442\u0435: \u041c\u0430\u0433\u0438\u044f \u043f\u0440\u043e\u0431\u0443\u0436\u0434\u0435\u043d\u0438\u044f \u0434\u0440\u0435\u0432\u043d\u0435\u0433\u043e \u043c\u0438\u0440\u0430\"}]},{\"@type\":\"WebSite\",\"@id\":\"https:\\\/\\\/skyline-gs.com\\\/it\\\/#website\",\"url\":\"https:\\\/\\\/skyline-gs.com\\\/it\\\/\",\"name\":\"\u042d\u043a\u0441\u043a\u0443\u0440\u0441\u0438\u0438 Skyline\",\"description\":\"\u042d\u043a\u0441\u043a\u043b\u044e\u0437\u0438\u0432\u043d\u044b\u0435 \u044d\u043a\u0441\u043a\u0443\u0440\u0441\u0438\u0438 \u043d\u0430 \u043b\u0443\u0447\u0448\u0438\u0445 \u043a\u0443\u0440\u043e\u0440\u0442\u0430\u0445 \u043c\u0438\u0440\u0430\",\"publisher\":{\"@id\":\"https:\\\/\\\/skyline-gs.com\\\/it\\\/#organization\"},\"alternateName\":\"Skyline\",\"potentialAction\":[{\"@type\":\"SearchAction\",\"target\":{\"@type\":\"EntryPoint\",\"urlTemplate\":\"https:\\\/\\\/skyline-gs.com\\\/it\\\/?s={search_term_string}\"},\"query-input\":{\"@type\":\"PropertyValueSpecification\",\"valueRequired\":true,\"valueName\":\"search_term_string\"}}],\"inLanguage\":\"cs\"},{\"@type\":\"Organization\",\"@id\":\"https:\\\/\\\/skyline-gs.com\\\/it\\\/#organization\",\"name\":\"\u042d\u043a\u0441\u043a\u0443\u0440\u0441\u0438\u0438 Skyline\",\"alternateName\":\"\u042d\u043a\u0441\u043a\u0443\u0440\u0441\u0438\u0438 Skyline\",\"url\":\"https:\\\/\\\/skyline-gs.com\\\/it\\\/\",\"logo\":{\"@type\":\"ImageObject\",\"inLanguage\":\"cs\",\"@id\":\"https:\\\/\\\/skyline-gs.com\\\/it\\\/#\\\/schema\\\/logo\\\/image\\\/\",\"url\":\"https:\\\/\\\/skyline-gs.com\\\/wp-content\\\/uploads\\\/2020\\\/12\\\/cropped-logo-2.png\",\"contentUrl\":\"https:\\\/\\\/skyline-gs.com\\\/wp-content\\\/uploads\\\/2020\\\/12\\\/cropped-logo-2.png\",\"width\":512,\"height\":512,\"caption\":\"\u042d\u043a\u0441\u043a\u0443\u0440\u0441\u0438\u0438 Skyline\"},\"image\":{\"@id\":\"https:\\\/\\\/skyline-gs.com\\\/it\\\/#\\\/schema\\\/logo\\\/image\\\/\"},\"sameAs\":[\"https:\\\/\\\/www.instagram.com\\\/skylineglobalservice\\\/\"]}]}<\/script>\n<!-- \/ Yoast SEO plugin. -->","yoast_head_json":{"title":"\u0412\u0441\u0442\u0440\u0435\u0447\u0430 \u0440\u0430\u0441\u0441\u0432\u0435\u0442\u0430 \u0432 \u0410\u043d\u0433\u043a\u043e\u0440 \u0412\u0430\u0442\u0435: \u041c\u0430\u0433\u0438\u044f \u043f\u0440\u043e\u0431\u0443\u0436\u0434\u0435\u043d\u0438\u044f \u0434\u0440\u0435\u0432\u043d\u0435\u0433\u043e \u043c\u0438\u0440\u0430 &#8226; \u042d\u043a\u0441\u043a\u0443\u0440\u0441\u0438\u0438 Skyline","robots":{"index":"index","follow":"follow","max-snippet":"max-snippet:-1","max-image-preview":"max-image-preview:large","max-video-preview":"max-video-preview:-1"},"canonical":"https:\/\/skyline-gs.com\/cs\/produkt\/dawn-in-angkor-siemreap\/","og_locale":"cs_CZ","og_type":"article","og_title":"\u0412\u0441\u0442\u0440\u0435\u0447\u0430 \u0440\u0430\u0441\u0441\u0432\u0435\u0442\u0430 \u0432 \u0410\u043d\u0433\u043a\u043e\u0440 \u0412\u0430\u0442\u0435: \u041c\u0430\u0433\u0438\u044f \u043f\u0440\u043e\u0431\u0443\u0436\u0434\u0435\u043d\u0438\u044f \u0434\u0440\u0435\u0432\u043d\u0435\u0433\u043e \u043c\u0438\u0440\u0430 &#8226; \u042d\u043a\u0441\u043a\u0443\u0440\u0441\u0438\u0438 Skyline","og_description":"\u0412\u0440\u0435\u043c\u044f \u0442\u0443\u0440\u0430: 5:00 \u2013 7:30  \u0414\u043d\u0438 \u043f\u0440\u043e\u0432\u0435\u0434\u0435\u043d\u0438\u044f: \u0435\u0436\u0435\u0434\u043d\u0435\u0432\u043d\u043e","og_url":"https:\/\/skyline-gs.com\/cs\/produkt\/dawn-in-angkor-siemreap\/","og_site_name":"\u042d\u043a\u0441\u043a\u0443\u0440\u0441\u0438\u0438 Skyline","article_modified_time":"2026-02-01T17:00:13+00:00","og_image":[{"width":720,"height":480,"url":"https:\/\/skyline-gs.com\/wp-content\/uploads\/2025\/03\/dawn-in-angkor-4.jpg","type":"image\/jpeg"}],"twitter_card":"summary_large_image","twitter_misc":{"Odhadovan\u00e1 doba \u010dten\u00ed":"2 minuty"},"schema":{"@context":"https:\/\/schema.org","@graph":[{"@type":"WebPage","@id":"https:\/\/skyline-gs.com\/product\/dawn-in-angkor-siemreap\/","url":"https:\/\/skyline-gs.com\/product\/dawn-in-angkor-siemreap\/","name":"\u0412\u0441\u0442\u0440\u0435\u0447\u0430 \u0440\u0430\u0441\u0441\u0432\u0435\u0442\u0430 \u0432 \u0410\u043d\u0433\u043a\u043e\u0440 \u0412\u0430\u0442\u0435: \u041c\u0430\u0433\u0438\u044f \u043f\u0440\u043e\u0431\u0443\u0436\u0434\u0435\u043d\u0438\u044f \u0434\u0440\u0435\u0432\u043d\u0435\u0433\u043e \u043c\u0438\u0440\u0430 &#8226; \u042d\u043a\u0441\u043a\u0443\u0440\u0441\u0438\u0438 Skyline","isPartOf":{"@id":"https:\/\/skyline-gs.com\/it\/#website"},"primaryImageOfPage":{"@id":"https:\/\/skyline-gs.com\/product\/dawn-in-angkor-siemreap\/#primaryimage"},"image":{"@id":"https:\/\/skyline-gs.com\/product\/dawn-in-angkor-siemreap\/#primaryimage"},"thumbnailUrl":"https:\/\/skyline-gs.com\/wp-content\/uploads\/2025\/03\/dawn-in-angkor-4.jpg","datePublished":"2025-03-10T02:17:58+00:00","dateModified":"2026-02-01T17:00:13+00:00","breadcrumb":{"@id":"https:\/\/skyline-gs.com\/product\/dawn-in-angkor-siemreap\/#breadcrumb"},"inLanguage":"cs","potentialAction":[{"@type":"ReadAction","target":["https:\/\/skyline-gs.com\/product\/dawn-in-angkor-siemreap\/"]}]},{"@type":"ImageObject","inLanguage":"cs","@id":"https:\/\/skyline-gs.com\/product\/dawn-in-angkor-siemreap\/#primaryimage","url":"https:\/\/skyline-gs.com\/wp-content\/uploads\/2025\/03\/dawn-in-angkor-4.jpg","contentUrl":"https:\/\/skyline-gs.com\/wp-content\/uploads\/2025\/03\/dawn-in-angkor-4.jpg","width":720,"height":480},{"@type":"BreadcrumbList","@id":"https:\/\/skyline-gs.com\/product\/dawn-in-angkor-siemreap\/#breadcrumb","itemListElement":[{"@type":"ListItem","position":1,"name":"\u0413\u043b\u0430\u0432\u043d\u0430\u044f \u0441\u0442\u0440\u0430\u043d\u0438\u0446\u0430","item":"https:\/\/skyline-gs.com\/hu\/"},{"@type":"ListItem","position":2,"name":"\u041c\u0430\u0433\u0430\u0437\u0438\u043d","item":"https:\/\/skyline-gs.com\/cs\/shop\/"},{"@type":"ListItem","position":3,"name":"\u0412\u0441\u0442\u0440\u0435\u0447\u0430 \u0440\u0430\u0441\u0441\u0432\u0435\u0442\u0430 \u0432 \u0410\u043d\u0433\u043a\u043e\u0440 \u0412\u0430\u0442\u0435: \u041c\u0430\u0433\u0438\u044f \u043f\u0440\u043e\u0431\u0443\u0436\u0434\u0435\u043d\u0438\u044f \u0434\u0440\u0435\u0432\u043d\u0435\u0433\u043e \u043c\u0438\u0440\u0430"}]},{"@type":"WebSite","@id":"https:\/\/skyline-gs.com\/it\/#website","url":"https:\/\/skyline-gs.com\/it\/","name":"Skyline V\u00fdlety","description":"Exkluzivn\u00ed v\u00fdlety do nejlep\u0161\u00edch sv\u011btov\u00fdch letovisek","publisher":{"@id":"https:\/\/skyline-gs.com\/it\/#organization"},"alternateName":"Skyline","potentialAction":[{"@type":"SearchAction","target":{"@type":"EntryPoint","urlTemplate":"https:\/\/skyline-gs.com\/it\/?s={search_term_string}"},"query-input":{"@type":"PropertyValueSpecification","valueRequired":true,"valueName":"search_term_string"}}],"inLanguage":"cs"},{"@type":"Organization","@id":"https:\/\/skyline-gs.com\/it\/#organization","name":"Skyline V\u00fdlety","alternateName":"\u042d\u043a\u0441\u043a\u0443\u0440\u0441\u0438\u0438 Skyline","url":"https:\/\/skyline-gs.com\/it\/","logo":{"@type":"ImageObject","inLanguage":"cs","@id":"https:\/\/skyline-gs.com\/it\/#\/schema\/logo\/image\/","url":"https:\/\/skyline-gs.com\/wp-content\/uploads\/2020\/12\/cropped-logo-2.png","contentUrl":"https:\/\/skyline-gs.com\/wp-content\/uploads\/2020\/12\/cropped-logo-2.png","width":512,"height":512,"caption":"\u042d\u043a\u0441\u043a\u0443\u0440\u0441\u0438\u0438 Skyline"},"image":{"@id":"https:\/\/skyline-gs.com\/it\/#\/schema\/logo\/image\/"},"sameAs":["https:\/\/www.instagram.com\/skylineglobalservice\/"]}]}},"_links":{"self":[{"href":"https:\/\/skyline-gs.com\/cs\/wp-json\/wp\/v2\/product\/62171","targetHints":{"allow":["GET"]}}],"collection":[{"href":"https:\/\/skyline-gs.com\/cs\/wp-json\/wp\/v2\/product"}],"about":[{"href":"https:\/\/skyline-gs.com\/cs\/wp-json\/wp\/v2\/types\/product"}],"version-history":[{"count":0,"href":"https:\/\/skyline-gs.com\/cs\/wp-json\/wp\/v2\/product\/62171\/revisions"}],"wp:featuredmedia":[{"embeddable":true,"href":"https:\/\/skyline-gs.com\/cs\/wp-json\/wp\/v2\/media\/62173"}],"wp:attachment":[{"href":"https:\/\/skyline-gs.com\/cs\/wp-json\/wp\/v2\/media?parent=62171"}],"wp:term":[{"taxonomy":"product_brand","embeddable":true,"href":"https:\/\/skyline-gs.com\/cs\/wp-json\/wp\/v2\/product_brand?post=62171"},{"taxonomy":"product_cat","embeddable":true,"href":"https:\/\/skyline-gs.com\/cs\/wp-json\/wp\/v2\/product_cat?post=62171"},{"taxonomy":"product_tag","embeddable":true,"href":"https:\/\/skyline-gs.com\/cs\/wp-json\/wp\/v2\/product_tag?post=62171"}],"curies":[{"name":"wp","href":"https:\/\/api.w.org\/{rel}","templated":true}]}}