{"id":60767,"date":"2025-01-04T20:34:49","date_gmt":"2025-01-04T18:34:49","guid":{"rendered":"http:\/\/skyline-gs.com\/?post_type=product&#038;p=60767"},"modified":"2026-03-31T00:32:40","modified_gmt":"2026-03-30T22:32:40","slug":"young-bay-national-park-nhatrang","status":"publish","type":"product","link":"https:\/\/skyline-gs.com\/cs\/product\/young-bay-national-park-nhatrang\/","title":{"rendered":"Individu\u00e1ln\u00ed prohl\u00eddka: N\u00e1rodn\u00ed park Yang Bay"},"content":{"rendered":"<p><strong>\u041d\u0430\u0446\u0438\u043e\u043d\u0430\u043b\u044c\u043d\u044b\u0439 \u043f\u0430\u0440\u043a \u042f\u043d\u0433 \u0411\u0435\u0439<\/strong> \u2014 \u044d\u0442\u043e \u0440\u0430\u0439\u0441\u043a\u0438\u0439 \u0443\u0433\u043e\u043b\u043e\u043a \u043f\u0440\u0438\u0440\u043e\u0434\u044b, \u0441\u043e\u0447\u0435\u0442\u0430\u044e\u0449\u0438\u0439 \u044d\u043a\u0437\u043e\u0442\u0438\u043a\u0443 \u0434\u0436\u0443\u043d\u0433\u043b\u0435\u0439, \u0442\u0435\u0440\u043c\u0430\u043b\u044c\u043d\u044b\u0435 \u0438\u0441\u0442\u043e\u0447\u043d\u0438\u043a\u0438, \u0443\u043d\u0438\u043a\u0430\u043b\u044c\u043d\u0443\u044e \u0444\u043b\u043e\u0440\u0443 \u0438 \u0444\u0430\u0443\u043d\u0443. <strong>\u0417\u0434\u0435\u0441\u044c \u043c\u043e\u0436\u043d\u043e \u043e\u0442\u0434\u043e\u0445\u043d\u0443\u0442\u044c \u043e\u0442 \u0433\u043e\u0440\u043e\u0434\u0441\u043a\u043e\u0439 \u0441\u0443\u0435\u0442\u044b<\/strong>, \u043d\u0430\u0441\u043b\u0430\u0434\u0438\u0442\u044c\u0441\u044f \u043a\u0440\u0430\u0441\u043e\u0442\u043e\u0439 \u0432\u043e\u0434\u043e\u043f\u0430\u0434\u043e\u0432, \u043f\u0440\u0438\u043a\u043e\u0441\u043d\u0443\u0442\u044c\u0441\u044f \u043a \u0442\u0440\u0430\u0434\u0438\u0446\u0438\u044f\u043c \u043f\u043b\u0435\u043c\u0435\u043d\u0438 \u0420\u0430\u0433\u043b\u0430\u0438 \u0438 \u0432\u0435\u0441\u0435\u043b\u043e \u043f\u0440\u043e\u0432\u0435\u0441\u0442\u0438 \u0432\u0440\u0435\u043c\u044f \u0441 \u0443\u043d\u0438\u043a\u0430\u043b\u044c\u043d\u044b\u043c\u0438 \u0440\u0430\u0437\u0432\u043b\u0435\u0447\u0435\u043d\u0438\u044f\u043c\u0438.<\/p>\n<p><strong>8:00 - Odjezd z hotelov\u00e9 haly.<\/strong><\/p>\n<ul>\n<li><strong>\u0414\u0435\u0440\u0435\u0432\u043e \u0436\u0435\u043b\u0430\u043d\u0438\u0439 \u043f\u043b\u0435\u043c\u0435\u043d\u0438 \u0420\u0430\u0433\u043b\u0430\u0438:<\/strong>\n<ul>\n<li>\u0423\u0437\u043d\u0430\u0435\u043c \u043e\u0431 \u0443\u043d\u0438\u043a\u0430\u043b\u044c\u043d\u043e\u0439 \u0442\u0440\u0430\u0434\u0438\u0446\u0438\u0438 \u043f\u043b\u0435\u043c\u0435\u043d\u0438 \u0420\u0430\u0433\u043b\u0430\u0438.<\/li>\n<li>\u0417\u0430\u043f\u0443\u0441\u043a\u0430\u0435\u043c \u043b\u0435\u043d\u0442\u043e\u0447\u043a\u0438 \u0441 \u0436\u0435\u043b\u0430\u043d\u0438\u044f\u043c\u0438 \u043d\u0430 \u0441\u0432\u044f\u0449\u0435\u043d\u043d\u043e\u0435 \u0434\u0435\u0440\u0435\u0432\u043e, \u0447\u0442\u043e\u0431\u044b \u0437\u0430\u0433\u0430\u0434\u0430\u0442\u044c \u0441\u0430\u043c\u043e\u0435 \u0441\u043e\u043a\u0440\u043e\u0432\u0435\u043d\u043d\u043e\u0435.<\/li>\n<\/ul>\n<\/li>\n<li><strong>\u041a\u043e\u0440\u043c\u043b\u0435\u043d\u0438\u0435 \u0441\u0432\u044f\u0449\u0435\u043d\u043d\u044b\u0445 \u043a\u0430\u0440\u043f\u043e\u0432:<\/strong>\n<ul>\n<li>\u041d\u0430 \u043e\u0437\u0435\u0440\u0435 \u043b\u043e\u0442\u043e\u0441\u043e\u0432 \u0432\u0430\u0441 \u0436\u0434\u0443\u0442 \u0441\u0432\u044f\u0449\u0435\u043d\u043d\u044b\u0435 \u0440\u044b\u0431\u044b \u043a\u0430\u0440\u043f\u044b.<\/li>\n<li>\u041c\u044b \u0431\u0443\u0434\u0435\u043c \u043a\u043e\u0440\u043c\u0438\u0442\u044c \u0438\u0445 \u043d\u0435\u043e\u0431\u044b\u0447\u043d\u044b\u043c \u0441\u043f\u043e\u0441\u043e\u0431\u043e\u043c \u2014 \u043f\u0440\u044f\u043c\u043e \u0438\u0437 \u0441\u043e\u0441\u043a\u0438!<\/li>\n<\/ul>\n<\/li>\n<li><strong>\u041a\u0440\u043e\u043a\u043e\u0434\u0438\u043b\u043e\u0432\u0430\u044f \u0444\u0435\u0440\u043c\u0430:<\/strong>\n<ul>\n<li>\u041f\u043e\u0441\u0435\u0442\u0438\u043c \u0444\u0435\u0440\u043c\u0443, \u0433\u0434\u0435 \u0441\u043e\u0434\u0435\u0440\u0436\u0430\u0442\u0441\u044f \u043a\u0440\u043e\u043a\u043e\u0434\u0438\u043b\u044b.<\/li>\n<li>\u041a\u0430\u0436\u0434\u044b\u0439 \u0441\u043c\u043e\u0436\u0435\u0442 \u043f\u043e\u043a\u043e\u0440\u043c\u0438\u0442\u044c \u043a\u0440\u043e\u043a\u043e\u0434\u0438\u043b\u043e\u0432 \u0441 \u043f\u043e\u043c\u043e\u0449\u044c\u044e \u0431\u0430\u043c\u0431\u0443\u043a\u043e\u0432\u044b\u0445 \u0443\u0434\u043e\u0447\u0435\u043a \u0441 \u043a\u0443\u0441\u043e\u0447\u043a\u0430\u043c\u0438 \u043c\u044f\u0441\u0430.<\/li>\n<\/ul>\n<\/li>\n<li><strong>\u0412\u043e\u0434\u043e\u043f\u0430\u0434 \u042f\u043d\u0433 \u0411\u0435\u0439:<\/strong>\n<ul>\n<li>\u041f\u0440\u043e\u0433\u0443\u043b\u043a\u0430 \u043a \u043e\u0434\u043d\u043e\u043c\u0443 \u0438\u0437 \u0441\u0430\u043c\u044b\u0445 \u0436\u0438\u0432\u043e\u043f\u0438\u0441\u043d\u044b\u0445 \u0432\u043e\u0434\u043e\u043f\u0430\u0434\u043e\u0432 \u043f\u0440\u043e\u0432\u0438\u043d\u0446\u0438\u0438.<\/li>\n<li>\u0412\u043e\u0437\u043c\u043e\u0436\u043d\u043e\u0441\u0442\u044c \u0441\u0434\u0435\u043b\u0430\u0442\u044c \u0444\u043e\u0442\u043e \u043d\u0430 \u0444\u043e\u043d\u0435 \u0432\u0435\u043b\u0438\u043a\u043e\u043b\u0435\u043f\u043d\u043e\u0439 \u043f\u0440\u0438\u0440\u043e\u0434\u044b \u0438 \u043e\u0441\u0432\u0435\u0436\u0438\u0442\u044c\u0441\u044f \u0432 \u043a\u0440\u0438\u0441\u0442\u0430\u043b\u044c\u043d\u043e \u0447\u0438\u0441\u0442\u043e\u0439 \u0432\u043e\u0434\u0435.<\/li>\n<\/ul>\n<\/li>\n<li><strong>\u041f\u0435\u0442\u0443\u0448\u0438\u043d\u044b\u0435 \u0431\u043e\u0438:<\/strong>\n<ul>\n<li>\u0421\u0442\u0430\u043d\u0435\u043c \u0437\u0440\u0438\u0442\u0435\u043b\u044f\u043c\u0438 \u0430\u0437\u0430\u0440\u0442\u043d\u043e\u0439 \u0438\u0433\u0440\u044b, \u0433\u0434\u0435 \u043f\u0435\u0442\u0443\u0445\u0438 \u0441\u043e\u0440\u0435\u0432\u043d\u0443\u044e\u0442\u0441\u044f \u0432 \u043b\u043e\u0432\u043a\u043e\u0441\u0442\u0438 \u0438 \u0441\u0438\u043b\u0435.<\/li>\n<li>\u041a\u0430\u0436\u0434\u044b\u0439 \u0441\u043c\u043e\u0436\u0435\u0442 \u0441\u0434\u0435\u043b\u0430\u0442\u044c \u0441\u0442\u0430\u0432\u043a\u0443 \u043d\u0430 \u043f\u043e\u0431\u0435\u0434\u0438\u0442\u0435\u043b\u044f \u0438 \u043f\u043e\u043b\u0443\u0447\u0438\u0442\u044c \u043f\u0440\u0438\u0437.<\/li>\n<\/ul>\n<\/li>\n<li><strong>\u041f\u043e\u0440\u043e\u0441\u044f\u0447\u044c\u0438 \u0431\u0435\u0433\u0430:<\/strong>\n<ul>\n<li>\u0412\u0435\u0441\u0435\u043b\u044b\u0435 \u0437\u0430\u0431\u0435\u0433\u0438 \u0432\u044c\u0435\u0442\u043d\u0430\u043c\u0441\u043a\u0438\u0445 \u043f\u043e\u0440\u043e\u0441\u044f\u0442 \u043d\u0435 \u043e\u0441\u0442\u0430\u0432\u044f\u0442 \u0440\u0430\u0432\u043d\u043e\u0434\u0443\u0448\u043d\u044b\u043c\u0438.<\/li>\n<li>\u041c\u043e\u0436\u043d\u043e \u043d\u0430\u0431\u043b\u044e\u0434\u0430\u0442\u044c \u0438\u043b\u0438 \u043f\u0440\u0438\u043d\u044f\u0442\u044c \u0443\u0447\u0430\u0441\u0442\u0438\u0435 \u0432 \u0441\u0442\u0430\u0432\u043a\u0430\u0445.<\/li>\n<\/ul>\n<\/li>\n<li><strong>\u0422\u0435\u0440\u043c\u0430\u043b\u044c\u043d\u044b\u0435 \u0431\u0430\u0441\u0441\u0435\u0439\u043d\u044b:<\/strong>\n<ul>\n<li>\u041f\u043e\u0441\u0435\u0449\u0435\u043d\u0438\u0435 \u0431\u0430\u0441\u0441\u0435\u0439\u043d\u043e\u0432 \u0441 \u043f\u0440\u0438\u0440\u043e\u0434\u043d\u043e\u0439 \u0442\u0435\u0440\u043c\u0430\u043b\u044c\u043d\u043e\u0439 \u0432\u043e\u0434\u043e\u0439 \u0440\u0430\u0437\u043d\u043e\u0439 \u0442\u0435\u043c\u043f\u0435\u0440\u0430\u0442\u0443\u0440\u044b.<\/li>\n<li>\u041f\u043e\u043b\u0435\u0437\u043d\u044b\u0435 \u0434\u043b\u044f \u043a\u043e\u0436\u0438 \u0438 \u0437\u0434\u043e\u0440\u043e\u0432\u044c\u044f \u043a\u0443\u043f\u0430\u043d\u0438\u044f \u0432 \u043e\u043a\u0440\u0443\u0436\u0435\u043d\u0438\u0438 \u0433\u043e\u0440, \u0434\u0436\u0443\u043d\u0433\u043b\u0435\u0439 \u0438 \u0432\u043e\u0434\u043e\u043f\u0430\u0434\u043e\u0432.<\/li>\n<\/ul>\n<\/li>\n<\/ul>\n<p><strong>16:00 - N\u00e1vrat do hotelu.<\/strong><\/p>\n<p><strong>V cen\u011b je zahrnuto:<\/strong><\/p>\n<ul>\n<li>Transfery z hotelu a do hotelu<\/li>\n<li>rusky mluv\u00edc\u00ed pr\u016fvodce<\/li>\n<li>Vstupenky<\/li>\n<li>Ovoce<\/li>\n<li>Voda<\/li>\n<\/ul>\n<p><strong>Nen\u00ed sou\u010d\u00e1st\u00ed dod\u00e1vky:<\/strong><\/p>\n<ul>\n<li>\u041a\u0430\u0442\u0430\u043d\u0438\u0435 \u043d\u0430 \u0441\u0442\u0440\u0430\u0443\u0441\u0435<\/li>\n<li>Osobn\u00ed v\u00fddaje<\/li>\n<li>Transfer z hotel\u016f mimo m\u011bsto:\u00a0<strong>Cam Ranh<\/strong>\u00a0- p\u0159\u00edplatek\u00a0<strong>+40$ na vozidlo do 6 osob<\/strong>\u00a0zp\u00e1te\u010dn\u00ed cesta a\u00a0<strong>+60$ na vozidlo do 10 osob<\/strong>\u00a0ob\u011bma sm\u011bry<\/li>\n<li>Transfer z hotel\u016f mimo m\u011bsto:\u00a0<strong>Amiana<\/strong>\u00a0- p\u0159\u00edplatek\u00a0<strong>+10$ na vozidlo do 6 osob<\/strong>\u00a0zp\u00e1te\u010dn\u00ed cesta a\u00a0<strong>+15$ na vozidlo do 10 osob<\/strong>\u00a0ob\u011bma sm\u011bry<\/li>\n<\/ul>\n<p><strong>Z\u00e1v\u011br:<\/strong><\/p>\n<ul>\n<li>Fotoapar\u00e1t<\/li>\n<li>Ru\u010dn\u00edk<\/li>\n<li>Plaveck\u00fd \u00fabor<\/li>\n<li>Pokr\u00fdvka hlavy<\/li>\n<\/ul>","protected":false},"excerpt":{"rendered":"<p><strong>Doba prohl\u00eddky:<\/strong> 8:00 \u2014 16:00<\/p>\n<p><strong>Dny zadr\u017een\u00ed:<\/strong> Ka\u017ed\u00fd den.<\/p>","protected":false},"featured_media":60776,"template":"","meta":{"_kad_post_transparent":"default","_kad_post_title":"","_kad_post_layout":"default","_kad_post_sidebar_id":"","_kad_post_content_style":"default","_kad_post_vertical_padding":"default","_kad_post_feature":"","_kad_post_feature_position":"","_kad_post_header":false,"_kad_post_footer":false,"_kad_post_classname":"","_glsr_average":0,"_glsr_ranking":0,"_glsr_reviews":0},"product_brand":[],"product_cat":[437],"product_tag":[],"class_list":{"0":"post-60767","1":"product","2":"type-product","3":"status-publish","4":"has-post-thumbnail","6":"product_cat-nha-trang","7":"tm-has-options","9":"first","10":"instock","11":"sold-individually","12":"taxable","13":"shipping-taxable","14":"purchasable","15":"product-type-simple","16":"entry","17":"content-bg","18":"loop-entry"},"yoast_head":"<!-- This site is optimized with the Yoast SEO plugin v27.3 - https:\/\/yoast.com\/product\/yoast-seo-wordpress\/ -->\n<title>\u0418\u043d\u0434\u0438\u0432\u0438\u0434\u0443\u0430\u043b\u044c\u043d\u044b\u0439 \u0442\u0443\u0440: \u041d\u0430\u0446\u0438\u043e\u043d\u0430\u043b\u044c\u043d\u044b\u0439 \u043f\u0430\u0440\u043a \u042f\u043d\u0433 \u0411\u0435\u0439 &#8226; \u042d\u043a\u0441\u043a\u0443\u0440\u0441\u0438\u0438 Skyline<\/title>\n<meta name=\"robots\" content=\"index, follow, max-snippet:-1, max-image-preview:large, max-video-preview:-1\" \/>\n<link rel=\"canonical\" href=\"https:\/\/skyline-gs.com\/cs\/produkt\/young-bay-national-park-nhatrang\/\" \/>\n<meta property=\"og:locale\" content=\"cs_CZ\" \/>\n<meta property=\"og:type\" content=\"article\" \/>\n<meta property=\"og:title\" content=\"\u0418\u043d\u0434\u0438\u0432\u0438\u0434\u0443\u0430\u043b\u044c\u043d\u044b\u0439 \u0442\u0443\u0440: \u041d\u0430\u0446\u0438\u043e\u043d\u0430\u043b\u044c\u043d\u044b\u0439 \u043f\u0430\u0440\u043a \u042f\u043d\u0433 \u0411\u0435\u0439 &#8226; \u042d\u043a\u0441\u043a\u0443\u0440\u0441\u0438\u0438 Skyline\" \/>\n<meta property=\"og:description\" content=\"\u0412\u0440\u0435\u043c\u044f \u0442\u0443\u0440\u0430: 8:00 - 16:00  \u0414\u043d\u0438 \u043f\u0440\u043e\u0432\u0435\u0434\u0435\u043d\u0438\u044f: \u041a\u0430\u0436\u0434\u044b\u0439 \u0434\u0435\u043d\u044c\" \/>\n<meta property=\"og:url\" content=\"https:\/\/skyline-gs.com\/cs\/produkt\/young-bay-national-park-nhatrang\/\" \/>\n<meta property=\"og:site_name\" content=\"\u042d\u043a\u0441\u043a\u0443\u0440\u0441\u0438\u0438 Skyline\" \/>\n<meta property=\"article:modified_time\" content=\"2026-03-30T22:32:40+00:00\" \/>\n<meta property=\"og:image\" content=\"https:\/\/skyline-gs.com\/wp-content\/uploads\/2025\/01\/16.png\" \/>\n\t<meta property=\"og:image:width\" content=\"669\" \/>\n\t<meta property=\"og:image:height\" content=\"446\" \/>\n\t<meta property=\"og:image:type\" content=\"image\/png\" \/>\n<meta name=\"twitter:card\" content=\"summary_large_image\" \/>\n<meta name=\"twitter:label1\" content=\"Odhadovan\u00e1 doba \u010dten\u00ed\" \/>\n\t<meta name=\"twitter:data1\" content=\"2 minuty\" \/>\n<script type=\"application\/ld+json\" class=\"yoast-schema-graph\">{\"@context\":\"https:\\\/\\\/schema.org\",\"@graph\":[{\"@type\":\"WebPage\",\"@id\":\"https:\\\/\\\/skyline-gs.com\\\/product\\\/young-bay-national-park-nhatrang\\\/\",\"url\":\"https:\\\/\\\/skyline-gs.com\\\/product\\\/young-bay-national-park-nhatrang\\\/\",\"name\":\"\u0418\u043d\u0434\u0438\u0432\u0438\u0434\u0443\u0430\u043b\u044c\u043d\u044b\u0439 \u0442\u0443\u0440: \u041d\u0430\u0446\u0438\u043e\u043d\u0430\u043b\u044c\u043d\u044b\u0439 \u043f\u0430\u0440\u043a \u042f\u043d\u0433 \u0411\u0435\u0439 &#8226; \u042d\u043a\u0441\u043a\u0443\u0440\u0441\u0438\u0438 Skyline\",\"isPartOf\":{\"@id\":\"https:\\\/\\\/skyline-gs.com\\\/it\\\/#website\"},\"primaryImageOfPage\":{\"@id\":\"https:\\\/\\\/skyline-gs.com\\\/product\\\/young-bay-national-park-nhatrang\\\/#primaryimage\"},\"image\":{\"@id\":\"https:\\\/\\\/skyline-gs.com\\\/product\\\/young-bay-national-park-nhatrang\\\/#primaryimage\"},\"thumbnailUrl\":\"https:\\\/\\\/skyline-gs.com\\\/wp-content\\\/uploads\\\/2025\\\/01\\\/16.png\",\"datePublished\":\"2025-01-04T18:34:49+00:00\",\"dateModified\":\"2026-03-30T22:32:40+00:00\",\"breadcrumb\":{\"@id\":\"https:\\\/\\\/skyline-gs.com\\\/product\\\/young-bay-national-park-nhatrang\\\/#breadcrumb\"},\"inLanguage\":\"cs\",\"potentialAction\":[{\"@type\":\"ReadAction\",\"target\":[\"https:\\\/\\\/skyline-gs.com\\\/product\\\/young-bay-national-park-nhatrang\\\/\"]}]},{\"@type\":\"ImageObject\",\"inLanguage\":\"cs\",\"@id\":\"https:\\\/\\\/skyline-gs.com\\\/product\\\/young-bay-national-park-nhatrang\\\/#primaryimage\",\"url\":\"https:\\\/\\\/skyline-gs.com\\\/wp-content\\\/uploads\\\/2025\\\/01\\\/16.png\",\"contentUrl\":\"https:\\\/\\\/skyline-gs.com\\\/wp-content\\\/uploads\\\/2025\\\/01\\\/16.png\",\"width\":669,\"height\":446},{\"@type\":\"BreadcrumbList\",\"@id\":\"https:\\\/\\\/skyline-gs.com\\\/product\\\/young-bay-national-park-nhatrang\\\/#breadcrumb\",\"itemListElement\":[{\"@type\":\"ListItem\",\"position\":1,\"name\":\"\u0413\u043b\u0430\u0432\u043d\u0430\u044f \u0441\u0442\u0440\u0430\u043d\u0438\u0446\u0430\",\"item\":\"https:\\\/\\\/skyline-gs.com\\\/hu\\\/\"},{\"@type\":\"ListItem\",\"position\":2,\"name\":\"\u041c\u0430\u0433\u0430\u0437\u0438\u043d\",\"item\":\"https:\\\/\\\/skyline-gs.com\\\/cs\\\/shop\\\/\"},{\"@type\":\"ListItem\",\"position\":3,\"name\":\"\u0418\u043d\u0434\u0438\u0432\u0438\u0434\u0443\u0430\u043b\u044c\u043d\u044b\u0439 \u0442\u0443\u0440: \u041d\u0430\u0446\u0438\u043e\u043d\u0430\u043b\u044c\u043d\u044b\u0439 \u043f\u0430\u0440\u043a \u042f\u043d\u0433 \u0411\u0435\u0439\"}]},{\"@type\":\"WebSite\",\"@id\":\"https:\\\/\\\/skyline-gs.com\\\/it\\\/#website\",\"url\":\"https:\\\/\\\/skyline-gs.com\\\/it\\\/\",\"name\":\"\u042d\u043a\u0441\u043a\u0443\u0440\u0441\u0438\u0438 Skyline\",\"description\":\"\u042d\u043a\u0441\u043a\u043b\u044e\u0437\u0438\u0432\u043d\u044b\u0435 \u044d\u043a\u0441\u043a\u0443\u0440\u0441\u0438\u0438 \u043d\u0430 \u043b\u0443\u0447\u0448\u0438\u0445 \u043a\u0443\u0440\u043e\u0440\u0442\u0430\u0445 \u043c\u0438\u0440\u0430\",\"publisher\":{\"@id\":\"https:\\\/\\\/skyline-gs.com\\\/it\\\/#organization\"},\"alternateName\":\"Skyline\",\"potentialAction\":[{\"@type\":\"SearchAction\",\"target\":{\"@type\":\"EntryPoint\",\"urlTemplate\":\"https:\\\/\\\/skyline-gs.com\\\/it\\\/?s={search_term_string}\"},\"query-input\":{\"@type\":\"PropertyValueSpecification\",\"valueRequired\":true,\"valueName\":\"search_term_string\"}}],\"inLanguage\":\"cs\"},{\"@type\":\"Organization\",\"@id\":\"https:\\\/\\\/skyline-gs.com\\\/it\\\/#organization\",\"name\":\"\u042d\u043a\u0441\u043a\u0443\u0440\u0441\u0438\u0438 Skyline\",\"alternateName\":\"\u042d\u043a\u0441\u043a\u0443\u0440\u0441\u0438\u0438 Skyline\",\"url\":\"https:\\\/\\\/skyline-gs.com\\\/it\\\/\",\"logo\":{\"@type\":\"ImageObject\",\"inLanguage\":\"cs\",\"@id\":\"https:\\\/\\\/skyline-gs.com\\\/it\\\/#\\\/schema\\\/logo\\\/image\\\/\",\"url\":\"https:\\\/\\\/skyline-gs.com\\\/wp-content\\\/uploads\\\/2020\\\/12\\\/cropped-logo-2.png\",\"contentUrl\":\"https:\\\/\\\/skyline-gs.com\\\/wp-content\\\/uploads\\\/2020\\\/12\\\/cropped-logo-2.png\",\"width\":512,\"height\":512,\"caption\":\"\u042d\u043a\u0441\u043a\u0443\u0440\u0441\u0438\u0438 Skyline\"},\"image\":{\"@id\":\"https:\\\/\\\/skyline-gs.com\\\/it\\\/#\\\/schema\\\/logo\\\/image\\\/\"},\"sameAs\":[\"https:\\\/\\\/www.instagram.com\\\/skylineglobalservice\\\/\"]}]}<\/script>\n<!-- \/ Yoast SEO plugin. -->","yoast_head_json":{"title":"\u0418\u043d\u0434\u0438\u0432\u0438\u0434\u0443\u0430\u043b\u044c\u043d\u044b\u0439 \u0442\u0443\u0440: \u041d\u0430\u0446\u0438\u043e\u043d\u0430\u043b\u044c\u043d\u044b\u0439 \u043f\u0430\u0440\u043a \u042f\u043d\u0433 \u0411\u0435\u0439 &#8226; \u042d\u043a\u0441\u043a\u0443\u0440\u0441\u0438\u0438 Skyline","robots":{"index":"index","follow":"follow","max-snippet":"max-snippet:-1","max-image-preview":"max-image-preview:large","max-video-preview":"max-video-preview:-1"},"canonical":"https:\/\/skyline-gs.com\/cs\/produkt\/young-bay-national-park-nhatrang\/","og_locale":"cs_CZ","og_type":"article","og_title":"\u0418\u043d\u0434\u0438\u0432\u0438\u0434\u0443\u0430\u043b\u044c\u043d\u044b\u0439 \u0442\u0443\u0440: \u041d\u0430\u0446\u0438\u043e\u043d\u0430\u043b\u044c\u043d\u044b\u0439 \u043f\u0430\u0440\u043a \u042f\u043d\u0433 \u0411\u0435\u0439 &#8226; \u042d\u043a\u0441\u043a\u0443\u0440\u0441\u0438\u0438 Skyline","og_description":"\u0412\u0440\u0435\u043c\u044f \u0442\u0443\u0440\u0430: 8:00 - 16:00  \u0414\u043d\u0438 \u043f\u0440\u043e\u0432\u0435\u0434\u0435\u043d\u0438\u044f: \u041a\u0430\u0436\u0434\u044b\u0439 \u0434\u0435\u043d\u044c","og_url":"https:\/\/skyline-gs.com\/cs\/produkt\/young-bay-national-park-nhatrang\/","og_site_name":"\u042d\u043a\u0441\u043a\u0443\u0440\u0441\u0438\u0438 Skyline","article_modified_time":"2026-03-30T22:32:40+00:00","og_image":[{"width":669,"height":446,"url":"https:\/\/skyline-gs.com\/wp-content\/uploads\/2025\/01\/16.png","type":"image\/png"}],"twitter_card":"summary_large_image","twitter_misc":{"Odhadovan\u00e1 doba \u010dten\u00ed":"2 minuty"},"schema":{"@context":"https:\/\/schema.org","@graph":[{"@type":"WebPage","@id":"https:\/\/skyline-gs.com\/product\/young-bay-national-park-nhatrang\/","url":"https:\/\/skyline-gs.com\/product\/young-bay-national-park-nhatrang\/","name":"\u0418\u043d\u0434\u0438\u0432\u0438\u0434\u0443\u0430\u043b\u044c\u043d\u044b\u0439 \u0442\u0443\u0440: \u041d\u0430\u0446\u0438\u043e\u043d\u0430\u043b\u044c\u043d\u044b\u0439 \u043f\u0430\u0440\u043a \u042f\u043d\u0433 \u0411\u0435\u0439 &#8226; \u042d\u043a\u0441\u043a\u0443\u0440\u0441\u0438\u0438 Skyline","isPartOf":{"@id":"https:\/\/skyline-gs.com\/it\/#website"},"primaryImageOfPage":{"@id":"https:\/\/skyline-gs.com\/product\/young-bay-national-park-nhatrang\/#primaryimage"},"image":{"@id":"https:\/\/skyline-gs.com\/product\/young-bay-national-park-nhatrang\/#primaryimage"},"thumbnailUrl":"https:\/\/skyline-gs.com\/wp-content\/uploads\/2025\/01\/16.png","datePublished":"2025-01-04T18:34:49+00:00","dateModified":"2026-03-30T22:32:40+00:00","breadcrumb":{"@id":"https:\/\/skyline-gs.com\/product\/young-bay-national-park-nhatrang\/#breadcrumb"},"inLanguage":"cs","potentialAction":[{"@type":"ReadAction","target":["https:\/\/skyline-gs.com\/product\/young-bay-national-park-nhatrang\/"]}]},{"@type":"ImageObject","inLanguage":"cs","@id":"https:\/\/skyline-gs.com\/product\/young-bay-national-park-nhatrang\/#primaryimage","url":"https:\/\/skyline-gs.com\/wp-content\/uploads\/2025\/01\/16.png","contentUrl":"https:\/\/skyline-gs.com\/wp-content\/uploads\/2025\/01\/16.png","width":669,"height":446},{"@type":"BreadcrumbList","@id":"https:\/\/skyline-gs.com\/product\/young-bay-national-park-nhatrang\/#breadcrumb","itemListElement":[{"@type":"ListItem","position":1,"name":"\u0413\u043b\u0430\u0432\u043d\u0430\u044f \u0441\u0442\u0440\u0430\u043d\u0438\u0446\u0430","item":"https:\/\/skyline-gs.com\/hu\/"},{"@type":"ListItem","position":2,"name":"\u041c\u0430\u0433\u0430\u0437\u0438\u043d","item":"https:\/\/skyline-gs.com\/cs\/shop\/"},{"@type":"ListItem","position":3,"name":"\u0418\u043d\u0434\u0438\u0432\u0438\u0434\u0443\u0430\u043b\u044c\u043d\u044b\u0439 \u0442\u0443\u0440: \u041d\u0430\u0446\u0438\u043e\u043d\u0430\u043b\u044c\u043d\u044b\u0439 \u043f\u0430\u0440\u043a \u042f\u043d\u0433 \u0411\u0435\u0439"}]},{"@type":"WebSite","@id":"https:\/\/skyline-gs.com\/it\/#website","url":"https:\/\/skyline-gs.com\/it\/","name":"Skyline V\u00fdlety","description":"Exkluzivn\u00ed v\u00fdlety do nejlep\u0161\u00edch sv\u011btov\u00fdch letovisek","publisher":{"@id":"https:\/\/skyline-gs.com\/it\/#organization"},"alternateName":"Skyline","potentialAction":[{"@type":"SearchAction","target":{"@type":"EntryPoint","urlTemplate":"https:\/\/skyline-gs.com\/it\/?s={search_term_string}"},"query-input":{"@type":"PropertyValueSpecification","valueRequired":true,"valueName":"search_term_string"}}],"inLanguage":"cs"},{"@type":"Organization","@id":"https:\/\/skyline-gs.com\/it\/#organization","name":"Skyline V\u00fdlety","alternateName":"\u042d\u043a\u0441\u043a\u0443\u0440\u0441\u0438\u0438 Skyline","url":"https:\/\/skyline-gs.com\/it\/","logo":{"@type":"ImageObject","inLanguage":"cs","@id":"https:\/\/skyline-gs.com\/it\/#\/schema\/logo\/image\/","url":"https:\/\/skyline-gs.com\/wp-content\/uploads\/2020\/12\/cropped-logo-2.png","contentUrl":"https:\/\/skyline-gs.com\/wp-content\/uploads\/2020\/12\/cropped-logo-2.png","width":512,"height":512,"caption":"\u042d\u043a\u0441\u043a\u0443\u0440\u0441\u0438\u0438 Skyline"},"image":{"@id":"https:\/\/skyline-gs.com\/it\/#\/schema\/logo\/image\/"},"sameAs":["https:\/\/www.instagram.com\/skylineglobalservice\/"]}]}},"_links":{"self":[{"href":"https:\/\/skyline-gs.com\/cs\/wp-json\/wp\/v2\/product\/60767","targetHints":{"allow":["GET"]}}],"collection":[{"href":"https:\/\/skyline-gs.com\/cs\/wp-json\/wp\/v2\/product"}],"about":[{"href":"https:\/\/skyline-gs.com\/cs\/wp-json\/wp\/v2\/types\/product"}],"version-history":[{"count":0,"href":"https:\/\/skyline-gs.com\/cs\/wp-json\/wp\/v2\/product\/60767\/revisions"}],"wp:featuredmedia":[{"embeddable":true,"href":"https:\/\/skyline-gs.com\/cs\/wp-json\/wp\/v2\/media\/60776"}],"wp:attachment":[{"href":"https:\/\/skyline-gs.com\/cs\/wp-json\/wp\/v2\/media?parent=60767"}],"wp:term":[{"taxonomy":"product_brand","embeddable":true,"href":"https:\/\/skyline-gs.com\/cs\/wp-json\/wp\/v2\/product_brand?post=60767"},{"taxonomy":"product_cat","embeddable":true,"href":"https:\/\/skyline-gs.com\/cs\/wp-json\/wp\/v2\/product_cat?post=60767"},{"taxonomy":"product_tag","embeddable":true,"href":"https:\/\/skyline-gs.com\/cs\/wp-json\/wp\/v2\/product_tag?post=60767"}],"curies":[{"name":"wp","href":"https:\/\/api.w.org\/{rel}","templated":true}]}}