{"id":60559,"date":"2024-12-28T02:04:12","date_gmt":"2024-12-28T00:04:12","guid":{"rendered":"http:\/\/skyline-gs.com\/?post_type=product&#038;p=60559"},"modified":"2025-08-28T09:21:24","modified_gmt":"2025-08-28T07:21:24","slug":"2-days-cruise-halong","status":"publish","type":"product","link":"https:\/\/skyline-gs.com\/cs\/product\/2-days-cruise-halong\/","title":{"rendered":"Plavba po Halong Bay (2 dny)"},"content":{"rendered":"<p>Vychutnejte si jedine\u010dn\u00fd luxusn\u00ed v\u00fdlet lod\u00ed po slavn\u00e9 z\u00e1toce Halong. Tento program je ide\u00e1ln\u00ed pro ty, kte\u0159\u00ed cht\u011bj\u00ed pozn\u00e1vat p\u0159\u00edrodn\u00ed kr\u00e1sy a kulturn\u00ed tradice Vietnamu a p\u0159itom si pohodln\u011b odpo\u010dinout a vychutnat si gastronomick\u00e9 speciality.<\/p>\n<p><strong>Den 1<\/strong><\/p>\n<p><strong>8:00 - Odjezd z haly va\u0161eho hotelu v Hanoji.<\/strong>\u00a0Cesta do z\u00e1toky Halong trv\u00e1 3 hodiny.<\/p>\n<ul>\n<li><strong>12:15 <\/strong>Nalo\u010fte se na luxusn\u00ed lo\u010f v p\u0159\u00edstavu Sunworld. Welcome drink, sezn\u00e1men\u00ed s pos\u00e1dkou a bezpe\u010dnostn\u00ed instrukt\u00e1\u017e.<\/li>\n<li><strong>13:15 \u2013 14:00 <\/strong>Ob\u011bdov\u00fd set s tradi\u010dn\u00edmi vietnamsk\u00fdmi pokrmy.<\/li>\n<li><strong>15:00 <\/strong>J\u00edzda na kajaku a objevov\u00e1n\u00ed p\u0159\u00edrodn\u00edch scen\u00e9ri\u00ed jeskyn\u011b Luon.<\/li>\n<li><strong>16:00 <\/strong>P\u0159ejezd tendrem na ostrov Titova. Vystoupejte na vrchol ostrova a vychutnejte si n\u00e1dhern\u00fd v\u00fdhled na z\u00e1liv. Tak\u00e9 \u010das na koup\u00e1n\u00ed a odpo\u010dinek na pl\u00e1\u017ei.<\/li>\n<li><strong>17:30 <\/strong>Z\u00e1pad slunce na terase s nab\u00eddkou happy hour (17:30 - 19:30).<\/li>\n<li><strong>18:30 <\/strong>\u00da\u010dast na mistrovsk\u00e9m kurzu va\u0159en\u00ed: v\u00fduka va\u0159en\u00ed tradi\u010dn\u00edch vietnamsk\u00fdch j\u00eddel.<\/li>\n<li><strong>19:30 <\/strong>Ve\u010de\u0159e z menu a grilov\u00e1n\u00ed.<\/li>\n<li><strong>21:00 <\/strong>Voln\u00fd \u010das na odpo\u010dinek na terase nebo lov olihn\u00ed. K dispozici jsou tak\u00e9 stoln\u00ed hry.<\/li>\n<\/ul>\n<p><strong>Den 2<\/strong><\/p>\n<ul>\n<li><strong>6:30 <\/strong>Rann\u00ed lekce tai chi pro probuzen\u00ed t\u011bla a mysli.<\/li>\n<li><strong>7:00 <\/strong>Lehk\u00e1 sn\u00eddan\u011b v z\u00e1padn\u00edm stylu.<\/li>\n<li><strong>8:00 <\/strong>N\u00e1v\u0161t\u011bva Jeskyn\u011b p\u0159ekvapen\u00ed, jedn\u00e9 z nejp\u016fsobiv\u011bj\u0161\u00edch jeskyn\u00ed v z\u00e1toce. Stoup\u00e1n\u00ed po stovce kamenn\u00fdch schod\u016f ke vchodu.<\/li>\n<li><strong>9:00 <\/strong>Vra\u0165te se na lo\u010f a vydejte se na zp\u00e1te\u010dn\u00ed cestu do p\u0159\u00edstavu alternativn\u00ed trasou.<\/li>\n<li><strong>10:30 <\/strong>Ob\u011bd ve stylu Fusion na palub\u011b.<\/li>\n<li><strong>12:00 <\/strong>Vylod\u011bn\u00ed v p\u0159\u00edstavu Sunworld a transfer zp\u011bt do Hanoje.<\/li>\n<\/ul>\n<p><strong>17:00 - N\u00e1vrat do hotelu.<\/strong><\/p>\n<p><strong>V\u010detn\u011b:<\/strong><\/p>\n<ul>\n<li>Transfer z Hanoje do Halongu a zp\u011bt (pohodln\u00fd klimatizovan\u00fd autobus)<\/li>\n<li>Plavba 3* v Halongu na 2 dny<\/li>\n<li>anglicky mluv\u00edc\u00ed pr\u016fvodce<\/li>\n<li>Welcome drink, tepl\u00e9\/studen\u00e9 ru\u010dn\u00edky<\/li>\n<li>Stravov\u00e1n\u00ed: ob\u011bd, ve\u010de\u0159e, sn\u00eddan\u011b na palub\u011b lodi<\/li>\n<li>Vstupenky<\/li>\n<li>J\u00edzda na kajaku<\/li>\n<\/ul>\n<p><strong>Nen\u00ed sou\u010d\u00e1st\u00ed dod\u00e1vky:<\/strong><\/p>\n<ul>\n<li>N\u00e1poje<\/li>\n<li>Osobn\u00ed v\u00fddaje<\/li>\n<\/ul>\n<p><strong>Vezm\u011bte si ji s sebou:<\/strong><\/p>\n<ul>\n<li>Pas<\/li>\n<li>Pohodln\u00e9 oble\u010den\u00ed a obuv<\/li>\n<li>Pokr\u00fdvka hlavy<\/li>\n<li>Opalovac\u00ed kr\u00e9m<\/li>\n<li>kamera<\/li>\n<li>Pen\u00edze na dal\u0161\u00ed v\u00fddaje, jako jsou n\u00e1poje a suven\u00fdry.<\/li>\n<\/ul>","protected":false},"excerpt":{"rendered":"<p><strong>Doba prohl\u00eddky:<\/strong> 2 dny<\/p>\n<p><strong>Dny zadr\u017een\u00ed:<\/strong> Ka\u017ed\u00fd den.<\/p>","protected":false},"featured_media":60547,"template":"","meta":{"_kad_post_transparent":"default","_kad_post_title":"","_kad_post_layout":"default","_kad_post_sidebar_id":"","_kad_post_content_style":"default","_kad_post_vertical_padding":"default","_kad_post_feature":"","_kad_post_feature_position":"","_kad_post_header":false,"_kad_post_footer":false,"_kad_post_classname":"","_glsr_average":0,"_glsr_ranking":0,"_glsr_reviews":0},"product_brand":[],"product_cat":[492],"product_tag":[],"class_list":{"0":"post-60559","1":"product","2":"type-product","3":"status-publish","4":"has-post-thumbnail","6":"product_cat-ha-long","7":"tm-has-options","9":"first","10":"instock","11":"sold-individually","12":"taxable","13":"shipping-taxable","14":"purchasable","15":"product-type-simple","16":"entry","17":"content-bg","18":"loop-entry"},"yoast_head":"<!-- This site is optimized with the Yoast SEO plugin v27.3 - https:\/\/yoast.com\/product\/yoast-seo-wordpress\/ -->\n<title>\u041a\u0440\u0443\u0438\u0437 \u0432 \u0431\u0443\u0445\u0442\u0435 \u0425\u0430\u043b\u043e\u043d\u0433 (2 \u0434\u043d\u044f) &#8226; \u042d\u043a\u0441\u043a\u0443\u0440\u0441\u0438\u0438 Skyline<\/title>\n<meta name=\"robots\" content=\"index, follow, max-snippet:-1, max-image-preview:large, max-video-preview:-1\" \/>\n<link rel=\"canonical\" href=\"https:\/\/skyline-gs.com\/cs\/produkt\/2-days-cruise-halong\/\" \/>\n<meta property=\"og:locale\" content=\"cs_CZ\" \/>\n<meta property=\"og:type\" content=\"article\" \/>\n<meta property=\"og:title\" content=\"\u041a\u0440\u0443\u0438\u0437 \u0432 \u0431\u0443\u0445\u0442\u0435 \u0425\u0430\u043b\u043e\u043d\u0433 (2 \u0434\u043d\u044f) &#8226; \u042d\u043a\u0441\u043a\u0443\u0440\u0441\u0438\u0438 Skyline\" \/>\n<meta property=\"og:description\" content=\"\u0412\u0440\u0435\u043c\u044f \u0442\u0443\u0440\u0430: 2 \u0434\u043d\u044f  \u0414\u043d\u0438 \u043f\u0440\u043e\u0432\u0435\u0434\u0435\u043d\u0438\u044f: \u041a\u0430\u0436\u0434\u044b\u0439 \u0434\u0435\u043d\u044c\" \/>\n<meta property=\"og:url\" content=\"https:\/\/skyline-gs.com\/cs\/produkt\/2-days-cruise-halong\/\" \/>\n<meta property=\"og:site_name\" content=\"\u042d\u043a\u0441\u043a\u0443\u0440\u0441\u0438\u0438 Skyline\" \/>\n<meta property=\"article:modified_time\" content=\"2025-08-28T07:21:24+00:00\" \/>\n<meta property=\"og:image\" content=\"https:\/\/skyline-gs.com\/wp-content\/uploads\/2024\/12\/13.png\" \/>\n\t<meta property=\"og:image:width\" content=\"669\" \/>\n\t<meta property=\"og:image:height\" content=\"446\" \/>\n\t<meta property=\"og:image:type\" content=\"image\/png\" \/>\n<meta name=\"twitter:card\" content=\"summary_large_image\" \/>\n<meta name=\"twitter:label1\" content=\"Odhadovan\u00e1 doba \u010dten\u00ed\" \/>\n\t<meta name=\"twitter:data1\" content=\"2 minuty\" \/>\n<script type=\"application\/ld+json\" class=\"yoast-schema-graph\">{\"@context\":\"https:\\\/\\\/schema.org\",\"@graph\":[{\"@type\":\"WebPage\",\"@id\":\"https:\\\/\\\/skyline-gs.com\\\/product\\\/2-days-cruise-halong\\\/\",\"url\":\"https:\\\/\\\/skyline-gs.com\\\/product\\\/2-days-cruise-halong\\\/\",\"name\":\"\u041a\u0440\u0443\u0438\u0437 \u0432 \u0431\u0443\u0445\u0442\u0435 \u0425\u0430\u043b\u043e\u043d\u0433 (2 \u0434\u043d\u044f) &#8226; \u042d\u043a\u0441\u043a\u0443\u0440\u0441\u0438\u0438 Skyline\",\"isPartOf\":{\"@id\":\"https:\\\/\\\/skyline-gs.com\\\/it\\\/#website\"},\"primaryImageOfPage\":{\"@id\":\"https:\\\/\\\/skyline-gs.com\\\/product\\\/2-days-cruise-halong\\\/#primaryimage\"},\"image\":{\"@id\":\"https:\\\/\\\/skyline-gs.com\\\/product\\\/2-days-cruise-halong\\\/#primaryimage\"},\"thumbnailUrl\":\"https:\\\/\\\/skyline-gs.com\\\/wp-content\\\/uploads\\\/2024\\\/12\\\/13.png\",\"datePublished\":\"2024-12-28T00:04:12+00:00\",\"dateModified\":\"2025-08-28T07:21:24+00:00\",\"breadcrumb\":{\"@id\":\"https:\\\/\\\/skyline-gs.com\\\/product\\\/2-days-cruise-halong\\\/#breadcrumb\"},\"inLanguage\":\"cs\",\"potentialAction\":[{\"@type\":\"ReadAction\",\"target\":[\"https:\\\/\\\/skyline-gs.com\\\/product\\\/2-days-cruise-halong\\\/\"]}]},{\"@type\":\"ImageObject\",\"inLanguage\":\"cs\",\"@id\":\"https:\\\/\\\/skyline-gs.com\\\/product\\\/2-days-cruise-halong\\\/#primaryimage\",\"url\":\"https:\\\/\\\/skyline-gs.com\\\/wp-content\\\/uploads\\\/2024\\\/12\\\/13.png\",\"contentUrl\":\"https:\\\/\\\/skyline-gs.com\\\/wp-content\\\/uploads\\\/2024\\\/12\\\/13.png\",\"width\":669,\"height\":446},{\"@type\":\"BreadcrumbList\",\"@id\":\"https:\\\/\\\/skyline-gs.com\\\/product\\\/2-days-cruise-halong\\\/#breadcrumb\",\"itemListElement\":[{\"@type\":\"ListItem\",\"position\":1,\"name\":\"\u0413\u043b\u0430\u0432\u043d\u0430\u044f \u0441\u0442\u0440\u0430\u043d\u0438\u0446\u0430\",\"item\":\"https:\\\/\\\/skyline-gs.com\\\/hu\\\/\"},{\"@type\":\"ListItem\",\"position\":2,\"name\":\"\u041c\u0430\u0433\u0430\u0437\u0438\u043d\",\"item\":\"https:\\\/\\\/skyline-gs.com\\\/cs\\\/shop\\\/\"},{\"@type\":\"ListItem\",\"position\":3,\"name\":\"\u041a\u0440\u0443\u0438\u0437 \u0432 \u0431\u0443\u0445\u0442\u0435 \u0425\u0430\u043b\u043e\u043d\u0433 (2 \u0434\u043d\u044f)\"}]},{\"@type\":\"WebSite\",\"@id\":\"https:\\\/\\\/skyline-gs.com\\\/it\\\/#website\",\"url\":\"https:\\\/\\\/skyline-gs.com\\\/it\\\/\",\"name\":\"\u042d\u043a\u0441\u043a\u0443\u0440\u0441\u0438\u0438 Skyline\",\"description\":\"\u042d\u043a\u0441\u043a\u043b\u044e\u0437\u0438\u0432\u043d\u044b\u0435 \u044d\u043a\u0441\u043a\u0443\u0440\u0441\u0438\u0438 \u043d\u0430 \u043b\u0443\u0447\u0448\u0438\u0445 \u043a\u0443\u0440\u043e\u0440\u0442\u0430\u0445 \u043c\u0438\u0440\u0430\",\"publisher\":{\"@id\":\"https:\\\/\\\/skyline-gs.com\\\/it\\\/#organization\"},\"alternateName\":\"Skyline\",\"potentialAction\":[{\"@type\":\"SearchAction\",\"target\":{\"@type\":\"EntryPoint\",\"urlTemplate\":\"https:\\\/\\\/skyline-gs.com\\\/it\\\/?s={search_term_string}\"},\"query-input\":{\"@type\":\"PropertyValueSpecification\",\"valueRequired\":true,\"valueName\":\"search_term_string\"}}],\"inLanguage\":\"cs\"},{\"@type\":\"Organization\",\"@id\":\"https:\\\/\\\/skyline-gs.com\\\/it\\\/#organization\",\"name\":\"\u042d\u043a\u0441\u043a\u0443\u0440\u0441\u0438\u0438 Skyline\",\"alternateName\":\"\u042d\u043a\u0441\u043a\u0443\u0440\u0441\u0438\u0438 Skyline\",\"url\":\"https:\\\/\\\/skyline-gs.com\\\/it\\\/\",\"logo\":{\"@type\":\"ImageObject\",\"inLanguage\":\"cs\",\"@id\":\"https:\\\/\\\/skyline-gs.com\\\/it\\\/#\\\/schema\\\/logo\\\/image\\\/\",\"url\":\"https:\\\/\\\/skyline-gs.com\\\/wp-content\\\/uploads\\\/2020\\\/12\\\/cropped-logo-2.png\",\"contentUrl\":\"https:\\\/\\\/skyline-gs.com\\\/wp-content\\\/uploads\\\/2020\\\/12\\\/cropped-logo-2.png\",\"width\":512,\"height\":512,\"caption\":\"\u042d\u043a\u0441\u043a\u0443\u0440\u0441\u0438\u0438 Skyline\"},\"image\":{\"@id\":\"https:\\\/\\\/skyline-gs.com\\\/it\\\/#\\\/schema\\\/logo\\\/image\\\/\"},\"sameAs\":[\"https:\\\/\\\/www.instagram.com\\\/skylineglobalservice\\\/\"]}]}<\/script>\n<!-- \/ Yoast SEO plugin. -->","yoast_head_json":{"title":"Plavba po Halong Bay (2 dny) - Skyline Excursions","robots":{"index":"index","follow":"follow","max-snippet":"max-snippet:-1","max-image-preview":"max-image-preview:large","max-video-preview":"max-video-preview:-1"},"canonical":"https:\/\/skyline-gs.com\/cs\/produkt\/2-days-cruise-halong\/","og_locale":"cs_CZ","og_type":"article","og_title":"\u041a\u0440\u0443\u0438\u0437 \u0432 \u0431\u0443\u0445\u0442\u0435 \u0425\u0430\u043b\u043e\u043d\u0433 (2 \u0434\u043d\u044f) &#8226; \u042d\u043a\u0441\u043a\u0443\u0440\u0441\u0438\u0438 Skyline","og_description":"\u0412\u0440\u0435\u043c\u044f \u0442\u0443\u0440\u0430: 2 \u0434\u043d\u044f  \u0414\u043d\u0438 \u043f\u0440\u043e\u0432\u0435\u0434\u0435\u043d\u0438\u044f: \u041a\u0430\u0436\u0434\u044b\u0439 \u0434\u0435\u043d\u044c","og_url":"https:\/\/skyline-gs.com\/cs\/produkt\/2-days-cruise-halong\/","og_site_name":"\u042d\u043a\u0441\u043a\u0443\u0440\u0441\u0438\u0438 Skyline","article_modified_time":"2025-08-28T07:21:24+00:00","og_image":[{"width":669,"height":446,"url":"https:\/\/skyline-gs.com\/wp-content\/uploads\/2024\/12\/13.png","type":"image\/png"}],"twitter_card":"summary_large_image","twitter_misc":{"Odhadovan\u00e1 doba \u010dten\u00ed":"2 minuty"},"schema":{"@context":"https:\/\/schema.org","@graph":[{"@type":"WebPage","@id":"https:\/\/skyline-gs.com\/product\/2-days-cruise-halong\/","url":"https:\/\/skyline-gs.com\/product\/2-days-cruise-halong\/","name":"Plavba po Halong Bay (2 dny) - Skyline Excursions","isPartOf":{"@id":"https:\/\/skyline-gs.com\/it\/#website"},"primaryImageOfPage":{"@id":"https:\/\/skyline-gs.com\/product\/2-days-cruise-halong\/#primaryimage"},"image":{"@id":"https:\/\/skyline-gs.com\/product\/2-days-cruise-halong\/#primaryimage"},"thumbnailUrl":"https:\/\/skyline-gs.com\/wp-content\/uploads\/2024\/12\/13.png","datePublished":"2024-12-28T00:04:12+00:00","dateModified":"2025-08-28T07:21:24+00:00","breadcrumb":{"@id":"https:\/\/skyline-gs.com\/product\/2-days-cruise-halong\/#breadcrumb"},"inLanguage":"cs","potentialAction":[{"@type":"ReadAction","target":["https:\/\/skyline-gs.com\/product\/2-days-cruise-halong\/"]}]},{"@type":"ImageObject","inLanguage":"cs","@id":"https:\/\/skyline-gs.com\/product\/2-days-cruise-halong\/#primaryimage","url":"https:\/\/skyline-gs.com\/wp-content\/uploads\/2024\/12\/13.png","contentUrl":"https:\/\/skyline-gs.com\/wp-content\/uploads\/2024\/12\/13.png","width":669,"height":446},{"@type":"BreadcrumbList","@id":"https:\/\/skyline-gs.com\/product\/2-days-cruise-halong\/#breadcrumb","itemListElement":[{"@type":"ListItem","position":1,"name":"\u0413\u043b\u0430\u0432\u043d\u0430\u044f \u0441\u0442\u0440\u0430\u043d\u0438\u0446\u0430","item":"https:\/\/skyline-gs.com\/hu\/"},{"@type":"ListItem","position":2,"name":"\u041c\u0430\u0433\u0430\u0437\u0438\u043d","item":"https:\/\/skyline-gs.com\/cs\/shop\/"},{"@type":"ListItem","position":3,"name":"\u041a\u0440\u0443\u0438\u0437 \u0432 \u0431\u0443\u0445\u0442\u0435 \u0425\u0430\u043b\u043e\u043d\u0433 (2 \u0434\u043d\u044f)"}]},{"@type":"WebSite","@id":"https:\/\/skyline-gs.com\/it\/#website","url":"https:\/\/skyline-gs.com\/it\/","name":"Skyline V\u00fdlety","description":"Exkluzivn\u00ed v\u00fdlety do nejlep\u0161\u00edch sv\u011btov\u00fdch letovisek","publisher":{"@id":"https:\/\/skyline-gs.com\/it\/#organization"},"alternateName":"Skyline","potentialAction":[{"@type":"SearchAction","target":{"@type":"EntryPoint","urlTemplate":"https:\/\/skyline-gs.com\/it\/?s={search_term_string}"},"query-input":{"@type":"PropertyValueSpecification","valueRequired":true,"valueName":"search_term_string"}}],"inLanguage":"cs"},{"@type":"Organization","@id":"https:\/\/skyline-gs.com\/it\/#organization","name":"Skyline V\u00fdlety","alternateName":"\u042d\u043a\u0441\u043a\u0443\u0440\u0441\u0438\u0438 Skyline","url":"https:\/\/skyline-gs.com\/it\/","logo":{"@type":"ImageObject","inLanguage":"cs","@id":"https:\/\/skyline-gs.com\/it\/#\/schema\/logo\/image\/","url":"https:\/\/skyline-gs.com\/wp-content\/uploads\/2020\/12\/cropped-logo-2.png","contentUrl":"https:\/\/skyline-gs.com\/wp-content\/uploads\/2020\/12\/cropped-logo-2.png","width":512,"height":512,"caption":"\u042d\u043a\u0441\u043a\u0443\u0440\u0441\u0438\u0438 Skyline"},"image":{"@id":"https:\/\/skyline-gs.com\/it\/#\/schema\/logo\/image\/"},"sameAs":["https:\/\/www.instagram.com\/skylineglobalservice\/"]}]}},"_links":{"self":[{"href":"https:\/\/skyline-gs.com\/cs\/wp-json\/wp\/v2\/product\/60559","targetHints":{"allow":["GET"]}}],"collection":[{"href":"https:\/\/skyline-gs.com\/cs\/wp-json\/wp\/v2\/product"}],"about":[{"href":"https:\/\/skyline-gs.com\/cs\/wp-json\/wp\/v2\/types\/product"}],"version-history":[{"count":0,"href":"https:\/\/skyline-gs.com\/cs\/wp-json\/wp\/v2\/product\/60559\/revisions"}],"wp:featuredmedia":[{"embeddable":true,"href":"https:\/\/skyline-gs.com\/cs\/wp-json\/wp\/v2\/media\/60547"}],"wp:attachment":[{"href":"https:\/\/skyline-gs.com\/cs\/wp-json\/wp\/v2\/media?parent=60559"}],"wp:term":[{"taxonomy":"product_brand","embeddable":true,"href":"https:\/\/skyline-gs.com\/cs\/wp-json\/wp\/v2\/product_brand?post=60559"},{"taxonomy":"product_cat","embeddable":true,"href":"https:\/\/skyline-gs.com\/cs\/wp-json\/wp\/v2\/product_cat?post=60559"},{"taxonomy":"product_tag","embeddable":true,"href":"https:\/\/skyline-gs.com\/cs\/wp-json\/wp\/v2\/product_tag?post=60559"}],"curies":[{"name":"wp","href":"https:\/\/api.w.org\/{rel}","templated":true}]}}