{"id":60161,"date":"2024-12-25T02:11:33","date_gmt":"2024-12-25T00:11:33","guid":{"rendered":"http:\/\/skyline-gs.com\/?post_type=product&#038;p=60161"},"modified":"2024-12-25T22:38:04","modified_gmt":"2024-12-25T20:38:04","slug":"dalat-muine-2","status":"publish","type":"product","link":"https:\/\/skyline-gs.com\/cs\/product\/dalat-muine\/","title":{"rendered":"Individu\u00e1ln\u00ed prohl\u00eddka Dalatu"},"content":{"rendered":"<p>Nasajte atmosf\u00e9ru horsk\u00e9ho letoviska Dalat, kter\u00e9 vytvo\u0159ili Francouzi jako rekrea\u010dn\u00ed st\u0159edisko pro \u00fa\u0159edn\u00edky, d\u016fstojn\u00edky a c\u00edsa\u0159skou rodinu. Je ozna\u010dov\u00e1no jako \u00abm\u011bsto v\u011b\u010dn\u00e9ho jara\u00bb a py\u0161n\u00ed se chladn\u00fdm podneb\u00edm, borovicov\u00fdmi lesy, malebn\u00fdmi vodop\u00e1dy a k\u00e1vov\u00fdmi plant\u00e1\u017eemi. Sezn\u00e1m\u00edte se s francouzsk\u00fdm d\u011bdictv\u00edm Vietnamu, vyslechnete si legendy mal\u00fdch n\u00e1rod\u016f hornat\u00e9ho Vietnamu, prohl\u00e9dnete si zn\u00e1m\u00e9 pam\u00e1tky a ochutn\u00e1te nejdra\u017e\u0161\u00ed k\u00e1vu na sv\u011bt\u011b - Luwak.<\/p>\n<p><strong>5:00 - Odjezd z hotelov\u00e9 haly.<\/strong> Cesta do Dalatu trv\u00e1 asi 3 hodiny a po cest\u011b se v\u00e1m naskytnou n\u00e1dhern\u00e9 v\u00fdhledy na hory a \u00fadol\u00ed, kter\u00e9 ve v\u00e1s zanechaj\u00ed nezapomenuteln\u00fd dojem a skv\u011bl\u00fd za\u010d\u00e1tek dne.<\/p>\n<ul>\n<li><strong>Hotel Crazy House<\/strong><br \/>\nUnik\u00e1tn\u00ed stromov\u00fd hotel, kter\u00fd je za\u0159azen na seznam 10 nejneobvyklej\u0161\u00edch staveb sv\u011bta. Toto fantastick\u00e9 m\u00edsto zaujme svou neobvyklou architekturou.<\/li>\n<li><strong>Hlin\u011bn\u00e1 vesnice (Dalatsk\u00fd tunel tvo\u0159ivosti)<\/strong><br \/>\nP\u0159\u00edb\u011bh m\u011bsta vypr\u00e1v\u011bn\u00fd prost\u0159ednictv\u00edm \u00fa\u017easn\u00fdch hlin\u011bn\u00fdch soch. Obl\u00edben\u00e1 fotografick\u00e1 z\u00f3na \u201cTv\u00e1\u0159e l\u00e1sky\u201d.<\/li>\n<li><strong>Vodop\u00e1dy Datanla<\/strong><br \/>\nNach\u00e1z\u00ed se uprost\u0159ed borov\u00e9ho lesa. M\u016f\u017eete se k n\u011bmu dostat p\u011b\u0161ky nebo na elektrick\u00fdch san\u00edch, kter\u00e9 v\u00e1m zp\u0159\u00edjemn\u00ed cestu.<\/li>\n<li><strong>Panoramatick\u00e1 lanovka (2300 m)<\/strong><br \/>\nNezapomenuteln\u00fd let nad malebnou krajinou Dalatu. Otev\u0159e se v\u00e1m pohled na borov\u00e9 lesy, jezera a kopce.<\/li>\n<li><strong>Kl\u00e1\u0161ter Chuk Lam<\/strong><br \/>\nNejv\u011bt\u0161\u00ed buddhistick\u00fd komplex v regionu. Nach\u00e1z\u00ed se na kopci s v\u00fdhledem na jezero Tuyen Lam a okouzluje svou architekturou, zahradami a klidnou atmosf\u00e9rou.<\/li>\n<li><strong>K\u00e1vov\u00e1 farma Luwak<\/strong><br \/>\nSezn\u00e1men\u00ed s procesem zpracov\u00e1n\u00ed nejdra\u017e\u0161\u00ed a nejvz\u00e1cn\u011bj\u0161\u00ed k\u00e1vy na sv\u011bt\u011b. N\u00e1v\u0161t\u011bva minizoo, j\u00edzda na slonech a p\u0161trosech, chyt\u00e1n\u00ed krokod\u00fdl\u016f.<\/li>\n<li><strong>Buddhistick\u00fd chr\u00e1m Linh Phuoc<\/strong><br \/>\nJe proslul\u00fd sv\u00fdmi sklen\u011bn\u00fdmi mozaikami. Uvid\u00edte zde sochu \u017eeny Buddhy z \u017eiv\u00fdch kv\u011bt\u016f vysokou 18 metr\u016f, zvon p\u0159\u00e1n\u00ed, chr\u00e1m zlat\u00e9ho Buddhy a unik\u00e1tn\u00ed \u00abbuddhistick\u00e9 peklo\u00bb.<\/li>\n<\/ul>\n<p><strong>19:00 - N\u00e1vrat do hotelu.<\/strong> Ve\u010der budete plni \u017eiv\u00fdch dojm\u016f a vzpom\u00ednek na kr\u00e1sn\u00e1 m\u00edsta, kter\u00e1 jste nav\u0161t\u00edvili.<\/p>\n<p><strong>V\u010detn\u011b:<\/strong><\/p>\n<ul>\n<li>Transfery z hotelu a do hotelu<\/li>\n<li>rusky mluv\u00edc\u00ed pr\u016fvodce<\/li>\n<li>Vstupenky<\/li>\n<li>Ob\u011bd<\/li>\n<\/ul>\n<p><strong>Nen\u00ed sou\u010d\u00e1st\u00ed dod\u00e1vky:<\/strong><\/p>\n<ul>\n<li>Osobn\u00ed v\u00fddaje<\/li>\n<li>Dal\u0161\u00ed z\u00e1bava (j\u00edzda na slonech, p\u0161trosech a elektrick\u00fdch san\u00edch)<\/li>\n<\/ul>\n<p><strong>Z\u00e1v\u011br:<\/strong><\/p>\n<ul>\n<li>Sn\u00eddan\u011b s sebou (objednejte si ji na recepci hotelu, je zdarma).<\/li>\n<li>Tepl\u00e9 oble\u010den\u00ed (v hor\u00e1ch m\u016f\u017ee b\u00fdt docela chladno).<\/li>\n<li>Pohodln\u00e1 obuv<\/li>\n<li>Voda<\/li>\n<\/ul>","protected":false},"excerpt":{"rendered":"<p><strong>Doba prohl\u00eddky:<\/strong> 5:00 \u2014 19:00<\/p>\n<p><strong>Dny zadr\u017een\u00ed:<\/strong> Ka\u017ed\u00fd den.<\/p>","protected":false},"featured_media":59120,"template":"","meta":{"_kad_post_transparent":"default","_kad_post_title":"","_kad_post_layout":"default","_kad_post_sidebar_id":"","_kad_post_content_style":"default","_kad_post_vertical_padding":"default","_kad_post_feature":"","_kad_post_feature_position":"","_kad_post_header":false,"_kad_post_footer":false,"_kad_post_classname":"","_glsr_average":0,"_glsr_ranking":0,"_glsr_reviews":0},"product_brand":[],"product_cat":[487],"product_tag":[],"class_list":{"0":"post-60161","1":"product","2":"type-product","3":"status-publish","4":"has-post-thumbnail","6":"product_cat-muine","7":"tm-has-options","9":"first","10":"instock","11":"sold-individually","12":"taxable","13":"shipping-taxable","14":"purchasable","15":"product-type-simple","16":"entry","17":"content-bg","18":"loop-entry"},"yoast_head":"<!-- This site is optimized with the Yoast SEO plugin v27.4 - https:\/\/yoast.com\/product\/yoast-seo-wordpress\/ -->\n<title>\u0418\u043d\u0434\u0438\u0432\u0438\u0434\u0443\u0430\u043b\u044c\u043d\u044b\u0439 \u0442\u0443\u0440 \u0432 \u0414\u0430\u043b\u0430\u0442 &#8226; \u042d\u043a\u0441\u043a\u0443\u0440\u0441\u0438\u0438 Skyline<\/title>\n<meta name=\"robots\" content=\"index, follow, max-snippet:-1, max-image-preview:large, max-video-preview:-1\" \/>\n<link rel=\"canonical\" href=\"https:\/\/skyline-gs.com\/cs\/produkt\/dalat-muine-2\/\" \/>\n<meta property=\"og:locale\" content=\"cs_CZ\" \/>\n<meta property=\"og:type\" content=\"article\" \/>\n<meta property=\"og:title\" content=\"\u0418\u043d\u0434\u0438\u0432\u0438\u0434\u0443\u0430\u043b\u044c\u043d\u044b\u0439 \u0442\u0443\u0440 \u0432 \u0414\u0430\u043b\u0430\u0442 &#8226; \u042d\u043a\u0441\u043a\u0443\u0440\u0441\u0438\u0438 Skyline\" \/>\n<meta property=\"og:description\" content=\"\u0412\u0440\u0435\u043c\u044f \u0442\u0443\u0440\u0430: 5:00 - 19:00  \u0414\u043d\u0438 \u043f\u0440\u043e\u0432\u0435\u0434\u0435\u043d\u0438\u044f: \u041a\u0430\u0436\u0434\u044b\u0439 \u0434\u0435\u043d\u044c\" \/>\n<meta property=\"og:url\" content=\"https:\/\/skyline-gs.com\/cs\/produkt\/dalat-muine-2\/\" \/>\n<meta property=\"og:site_name\" content=\"\u042d\u043a\u0441\u043a\u0443\u0440\u0441\u0438\u0438 Skyline\" \/>\n<meta property=\"article:modified_time\" content=\"2024-12-25T20:38:04+00:00\" \/>\n<meta property=\"og:image\" content=\"https:\/\/skyline-gs.com\/wp-content\/uploads\/2024\/11\/11.png\" \/>\n\t<meta property=\"og:image:width\" content=\"669\" \/>\n\t<meta property=\"og:image:height\" content=\"446\" \/>\n\t<meta property=\"og:image:type\" content=\"image\/png\" \/>\n<meta name=\"twitter:card\" content=\"summary_large_image\" \/>\n<meta name=\"twitter:label1\" content=\"Odhadovan\u00e1 doba \u010dten\u00ed\" \/>\n\t<meta name=\"twitter:data1\" content=\"2 minuty\" \/>\n<script type=\"application\/ld+json\" class=\"yoast-schema-graph\">{\"@context\":\"https:\\\/\\\/schema.org\",\"@graph\":[{\"@type\":\"WebPage\",\"@id\":\"https:\\\/\\\/skyline-gs.com\\\/de\\\/produkt\\\/dalat-muine\\\/\",\"url\":\"https:\\\/\\\/skyline-gs.com\\\/de\\\/produkt\\\/dalat-muine\\\/\",\"name\":\"\u0418\u043d\u0434\u0438\u0432\u0438\u0434\u0443\u0430\u043b\u044c\u043d\u044b\u0439 \u0442\u0443\u0440 \u0432 \u0414\u0430\u043b\u0430\u0442 &#8226; \u042d\u043a\u0441\u043a\u0443\u0440\u0441\u0438\u0438 Skyline\",\"isPartOf\":{\"@id\":\"https:\\\/\\\/skyline-gs.com\\\/it\\\/#website\"},\"primaryImageOfPage\":{\"@id\":\"https:\\\/\\\/skyline-gs.com\\\/de\\\/produkt\\\/dalat-muine\\\/#primaryimage\"},\"image\":{\"@id\":\"https:\\\/\\\/skyline-gs.com\\\/de\\\/produkt\\\/dalat-muine\\\/#primaryimage\"},\"thumbnailUrl\":\"https:\\\/\\\/skyline-gs.com\\\/wp-content\\\/uploads\\\/2024\\\/11\\\/11.png\",\"datePublished\":\"2024-12-25T00:11:33+00:00\",\"dateModified\":\"2024-12-25T20:38:04+00:00\",\"breadcrumb\":{\"@id\":\"https:\\\/\\\/skyline-gs.com\\\/de\\\/produkt\\\/dalat-muine\\\/#breadcrumb\"},\"inLanguage\":\"cs\",\"potentialAction\":[{\"@type\":\"ReadAction\",\"target\":[\"https:\\\/\\\/skyline-gs.com\\\/de\\\/produkt\\\/dalat-muine\\\/\"]}]},{\"@type\":\"ImageObject\",\"inLanguage\":\"cs\",\"@id\":\"https:\\\/\\\/skyline-gs.com\\\/de\\\/produkt\\\/dalat-muine\\\/#primaryimage\",\"url\":\"https:\\\/\\\/skyline-gs.com\\\/wp-content\\\/uploads\\\/2024\\\/11\\\/11.png\",\"contentUrl\":\"https:\\\/\\\/skyline-gs.com\\\/wp-content\\\/uploads\\\/2024\\\/11\\\/11.png\",\"width\":669,\"height\":446},{\"@type\":\"BreadcrumbList\",\"@id\":\"https:\\\/\\\/skyline-gs.com\\\/de\\\/produkt\\\/dalat-muine\\\/#breadcrumb\",\"itemListElement\":[{\"@type\":\"ListItem\",\"position\":1,\"name\":\"\u0413\u043b\u0430\u0432\u043d\u0430\u044f \u0441\u0442\u0440\u0430\u043d\u0438\u0446\u0430\",\"item\":\"https:\\\/\\\/skyline-gs.com\\\/hu\\\/\"},{\"@type\":\"ListItem\",\"position\":2,\"name\":\"\u041c\u0430\u0433\u0430\u0437\u0438\u043d\",\"item\":\"https:\\\/\\\/skyline-gs.com\\\/cs\\\/shop\\\/\"},{\"@type\":\"ListItem\",\"position\":3,\"name\":\"\u0418\u043d\u0434\u0438\u0432\u0438\u0434\u0443\u0430\u043b\u044c\u043d\u044b\u0439 \u0442\u0443\u0440 \u0432 \u0414\u0430\u043b\u0430\u0442\"}]},{\"@type\":\"WebSite\",\"@id\":\"https:\\\/\\\/skyline-gs.com\\\/it\\\/#website\",\"url\":\"https:\\\/\\\/skyline-gs.com\\\/it\\\/\",\"name\":\"\u042d\u043a\u0441\u043a\u0443\u0440\u0441\u0438\u0438 Skyline\",\"description\":\"\u042d\u043a\u0441\u043a\u043b\u044e\u0437\u0438\u0432\u043d\u044b\u0435 \u044d\u043a\u0441\u043a\u0443\u0440\u0441\u0438\u0438 \u043d\u0430 \u043b\u0443\u0447\u0448\u0438\u0445 \u043a\u0443\u0440\u043e\u0440\u0442\u0430\u0445 \u043c\u0438\u0440\u0430\",\"publisher\":{\"@id\":\"https:\\\/\\\/skyline-gs.com\\\/it\\\/#organization\"},\"alternateName\":\"Skyline\",\"potentialAction\":[{\"@type\":\"SearchAction\",\"target\":{\"@type\":\"EntryPoint\",\"urlTemplate\":\"https:\\\/\\\/skyline-gs.com\\\/it\\\/?s={search_term_string}\"},\"query-input\":{\"@type\":\"PropertyValueSpecification\",\"valueRequired\":true,\"valueName\":\"search_term_string\"}}],\"inLanguage\":\"cs\"},{\"@type\":\"Organization\",\"@id\":\"https:\\\/\\\/skyline-gs.com\\\/it\\\/#organization\",\"name\":\"\u042d\u043a\u0441\u043a\u0443\u0440\u0441\u0438\u0438 Skyline\",\"alternateName\":\"\u042d\u043a\u0441\u043a\u0443\u0440\u0441\u0438\u0438 Skyline\",\"url\":\"https:\\\/\\\/skyline-gs.com\\\/it\\\/\",\"logo\":{\"@type\":\"ImageObject\",\"inLanguage\":\"cs\",\"@id\":\"https:\\\/\\\/skyline-gs.com\\\/it\\\/#\\\/schema\\\/logo\\\/image\\\/\",\"url\":\"https:\\\/\\\/skyline-gs.com\\\/wp-content\\\/uploads\\\/2020\\\/12\\\/cropped-logo-2.png\",\"contentUrl\":\"https:\\\/\\\/skyline-gs.com\\\/wp-content\\\/uploads\\\/2020\\\/12\\\/cropped-logo-2.png\",\"width\":512,\"height\":512,\"caption\":\"\u042d\u043a\u0441\u043a\u0443\u0440\u0441\u0438\u0438 Skyline\"},\"image\":{\"@id\":\"https:\\\/\\\/skyline-gs.com\\\/it\\\/#\\\/schema\\\/logo\\\/image\\\/\"},\"sameAs\":[\"https:\\\/\\\/www.instagram.com\\\/skylineglobalservice\\\/\"]}]}<\/script>\n<!-- \/ Yoast SEO plugin. -->","yoast_head_json":{"title":"Individu\u00e1ln\u00ed prohl\u00eddka Dalatu - Skyline Excursions","robots":{"index":"index","follow":"follow","max-snippet":"max-snippet:-1","max-image-preview":"max-image-preview:large","max-video-preview":"max-video-preview:-1"},"canonical":"https:\/\/skyline-gs.com\/cs\/produkt\/dalat-muine-2\/","og_locale":"cs_CZ","og_type":"article","og_title":"\u0418\u043d\u0434\u0438\u0432\u0438\u0434\u0443\u0430\u043b\u044c\u043d\u044b\u0439 \u0442\u0443\u0440 \u0432 \u0414\u0430\u043b\u0430\u0442 &#8226; \u042d\u043a\u0441\u043a\u0443\u0440\u0441\u0438\u0438 Skyline","og_description":"\u0412\u0440\u0435\u043c\u044f \u0442\u0443\u0440\u0430: 5:00 - 19:00  \u0414\u043d\u0438 \u043f\u0440\u043e\u0432\u0435\u0434\u0435\u043d\u0438\u044f: \u041a\u0430\u0436\u0434\u044b\u0439 \u0434\u0435\u043d\u044c","og_url":"https:\/\/skyline-gs.com\/cs\/produkt\/dalat-muine-2\/","og_site_name":"\u042d\u043a\u0441\u043a\u0443\u0440\u0441\u0438\u0438 Skyline","article_modified_time":"2024-12-25T20:38:04+00:00","og_image":[{"width":669,"height":446,"url":"https:\/\/skyline-gs.com\/wp-content\/uploads\/2024\/11\/11.png","type":"image\/png"}],"twitter_card":"summary_large_image","twitter_misc":{"Odhadovan\u00e1 doba \u010dten\u00ed":"2 minuty"},"schema":{"@context":"https:\/\/schema.org","@graph":[{"@type":"WebPage","@id":"https:\/\/skyline-gs.com\/de\/produkt\/dalat-muine\/","url":"https:\/\/skyline-gs.com\/de\/produkt\/dalat-muine\/","name":"Individu\u00e1ln\u00ed prohl\u00eddka Dalatu - Skyline Excursions","isPartOf":{"@id":"https:\/\/skyline-gs.com\/it\/#website"},"primaryImageOfPage":{"@id":"https:\/\/skyline-gs.com\/de\/produkt\/dalat-muine\/#primaryimage"},"image":{"@id":"https:\/\/skyline-gs.com\/de\/produkt\/dalat-muine\/#primaryimage"},"thumbnailUrl":"https:\/\/skyline-gs.com\/wp-content\/uploads\/2024\/11\/11.png","datePublished":"2024-12-25T00:11:33+00:00","dateModified":"2024-12-25T20:38:04+00:00","breadcrumb":{"@id":"https:\/\/skyline-gs.com\/de\/produkt\/dalat-muine\/#breadcrumb"},"inLanguage":"cs","potentialAction":[{"@type":"ReadAction","target":["https:\/\/skyline-gs.com\/de\/produkt\/dalat-muine\/"]}]},{"@type":"ImageObject","inLanguage":"cs","@id":"https:\/\/skyline-gs.com\/de\/produkt\/dalat-muine\/#primaryimage","url":"https:\/\/skyline-gs.com\/wp-content\/uploads\/2024\/11\/11.png","contentUrl":"https:\/\/skyline-gs.com\/wp-content\/uploads\/2024\/11\/11.png","width":669,"height":446},{"@type":"BreadcrumbList","@id":"https:\/\/skyline-gs.com\/de\/produkt\/dalat-muine\/#breadcrumb","itemListElement":[{"@type":"ListItem","position":1,"name":"\u0413\u043b\u0430\u0432\u043d\u0430\u044f \u0441\u0442\u0440\u0430\u043d\u0438\u0446\u0430","item":"https:\/\/skyline-gs.com\/hu\/"},{"@type":"ListItem","position":2,"name":"\u041c\u0430\u0433\u0430\u0437\u0438\u043d","item":"https:\/\/skyline-gs.com\/cs\/shop\/"},{"@type":"ListItem","position":3,"name":"\u0418\u043d\u0434\u0438\u0432\u0438\u0434\u0443\u0430\u043b\u044c\u043d\u044b\u0439 \u0442\u0443\u0440 \u0432 \u0414\u0430\u043b\u0430\u0442"}]},{"@type":"WebSite","@id":"https:\/\/skyline-gs.com\/it\/#website","url":"https:\/\/skyline-gs.com\/it\/","name":"Skyline V\u00fdlety","description":"Exkluzivn\u00ed v\u00fdlety do nejlep\u0161\u00edch sv\u011btov\u00fdch letovisek","publisher":{"@id":"https:\/\/skyline-gs.com\/it\/#organization"},"alternateName":"Skyline","potentialAction":[{"@type":"SearchAction","target":{"@type":"EntryPoint","urlTemplate":"https:\/\/skyline-gs.com\/it\/?s={search_term_string}"},"query-input":{"@type":"PropertyValueSpecification","valueRequired":true,"valueName":"search_term_string"}}],"inLanguage":"cs"},{"@type":"Organization","@id":"https:\/\/skyline-gs.com\/it\/#organization","name":"Skyline V\u00fdlety","alternateName":"\u042d\u043a\u0441\u043a\u0443\u0440\u0441\u0438\u0438 Skyline","url":"https:\/\/skyline-gs.com\/it\/","logo":{"@type":"ImageObject","inLanguage":"cs","@id":"https:\/\/skyline-gs.com\/it\/#\/schema\/logo\/image\/","url":"https:\/\/skyline-gs.com\/wp-content\/uploads\/2020\/12\/cropped-logo-2.png","contentUrl":"https:\/\/skyline-gs.com\/wp-content\/uploads\/2020\/12\/cropped-logo-2.png","width":512,"height":512,"caption":"\u042d\u043a\u0441\u043a\u0443\u0440\u0441\u0438\u0438 Skyline"},"image":{"@id":"https:\/\/skyline-gs.com\/it\/#\/schema\/logo\/image\/"},"sameAs":["https:\/\/www.instagram.com\/skylineglobalservice\/"]}]}},"_links":{"self":[{"href":"https:\/\/skyline-gs.com\/cs\/wp-json\/wp\/v2\/product\/60161","targetHints":{"allow":["GET"]}}],"collection":[{"href":"https:\/\/skyline-gs.com\/cs\/wp-json\/wp\/v2\/product"}],"about":[{"href":"https:\/\/skyline-gs.com\/cs\/wp-json\/wp\/v2\/types\/product"}],"version-history":[{"count":0,"href":"https:\/\/skyline-gs.com\/cs\/wp-json\/wp\/v2\/product\/60161\/revisions"}],"wp:featuredmedia":[{"embeddable":true,"href":"https:\/\/skyline-gs.com\/cs\/wp-json\/wp\/v2\/media\/59120"}],"wp:attachment":[{"href":"https:\/\/skyline-gs.com\/cs\/wp-json\/wp\/v2\/media?parent=60161"}],"wp:term":[{"taxonomy":"product_brand","embeddable":true,"href":"https:\/\/skyline-gs.com\/cs\/wp-json\/wp\/v2\/product_brand?post=60161"},{"taxonomy":"product_cat","embeddable":true,"href":"https:\/\/skyline-gs.com\/cs\/wp-json\/wp\/v2\/product_cat?post=60161"},{"taxonomy":"product_tag","embeddable":true,"href":"https:\/\/skyline-gs.com\/cs\/wp-json\/wp\/v2\/product_tag?post=60161"}],"curies":[{"name":"wp","href":"https:\/\/api.w.org\/{rel}","templated":true}]}}