{"id":59205,"date":"2024-11-17T18:05:52","date_gmt":"2024-11-17T16:05:52","guid":{"rendered":"http:\/\/skyline-gs.com\/?post_type=product&#038;p=59205"},"modified":"2025-08-23T16:18:09","modified_gmt":"2025-08-23T14:18:09","slug":"plavba-po-mori-nhatrang","status":"publish","type":"product","link":"https:\/\/skyline-gs.com\/cs\/product\/sea-cruise-nhatrang\/","title":{"rendered":"Katamar\u00e1n Viet: Ve\u010dern\u00ed plavba"},"content":{"rendered":"<p>Pono\u0159te se do atmosf\u00e9ry luxusu a relaxace na plavb\u011b kolem malebn\u00fdch ostrov\u016f Nha Trang. <strong>All inclusive na katamar\u00e1nu s p\u011btihv\u011bzdi\u010dkov\u00fdm servisem<\/strong>. Pr\u016fzra\u010dn\u00e9 vody, barevn\u00e9 kor\u00e1ly, \u010derstv\u00e9 mo\u0159sk\u00e9 plody a prvot\u0159\u00eddn\u00ed slu\u017eby v\u00e1m zajist\u00ed nezapomenuteln\u00fd den.<\/p>\n<p><strong>14:15 - Odjezd z hotelov\u00e9 haly.<\/strong><\/p>\n<ul>\n<li><strong>Transfer z hotelu.<\/strong><br \/>\nPohodln\u00e9 doru\u010den\u00ed do p\u0159\u00edstavu, kde m\u016f\u017eete za\u010d\u00edt sv\u00e9 n\u00e1mo\u0159n\u00ed dobrodru\u017estv\u00ed.<\/li>\n<li><strong>Odjezd z p\u0159\u00edstavu.<\/strong>\n<ul>\n<li>Cestov\u00e1n\u00ed pod\u00e9l malebn\u00fdch ostrov\u016f Hon Myu, Hon Tam, Hon Mot a Hon Che.<\/li>\n<li>Vychutn\u00e1v\u00e1n\u00ed mo\u0159sk\u00fdch scen\u00e9ri\u00ed a osv\u011b\u017euj\u00edc\u00edho v\u00e1nku.<\/li>\n<\/ul>\n<\/li>\n<li><strong>Prvn\u00ed zast\u00e1vka:<\/strong>\n<ul>\n<li>Koup\u00e1n\u00ed v k\u0159i\u0161\u0165\u00e1lov\u011b \u010dist\u00e9 vod\u011b,<\/li>\n<li>Mo\u017enost \u0161norchlov\u00e1n\u00ed nebo ryba\u0159en\u00ed,<\/li>\n<li>Z\u00e1bava pro celou rodinu s pot\u00e1p\u011bn\u00edm z katamar\u00e1nu.<\/li>\n<\/ul>\n<\/li>\n<li><strong>Druh\u00e1 zast\u00e1vka:<\/strong>\n<ul>\n<li>Dovolen\u00e1 v z\u00e1toce ostrova Tam,<\/li>\n<li>Ryba\u0159en\u00ed a \u0161norchlov\u00e1n\u00ed,<\/li>\n<li>Leh\u00e1tka a opalov\u00e1n\u00ed na terase.<\/li>\n<\/ul>\n<\/li>\n<li><strong>T\u0159et\u00ed zast\u00e1vka:<\/strong>\n<ul>\n<li>N\u00e1v\u0161t\u011bva plovouc\u00ed ryb\u00e1\u0159sk\u00e9 vesnice, kde uvid\u00edte tradi\u010dn\u00ed zp\u016fsob \u017eivota.<\/li>\n<li>Pr\u00e9miov\u00fd ob\u011bd z \u010derstv\u00fdch mo\u0159sk\u00fdch plod\u016f pod\u00e1van\u00fd p\u0159\u00edmo na katamar\u00e1nu.<\/li>\n<\/ul>\n<\/li>\n<li><strong>19:00 - N\u00e1vrat do p\u0159\u00edstavu.<\/strong><br \/>\nUkon\u010den\u00ed plavby a transfer zp\u011bt do hotelu.<\/li>\n<\/ul>\n<p><strong>19:30 - N\u00e1vrat do hotelu.<\/strong><\/p>\n<p><strong>V\u010detn\u011b:<\/strong><\/p>\n<ul>\n<li>Transfer z hotelu a do hotelu<\/li>\n<li>Profesion\u00e1ln\u00ed slu\u017eby pos\u00e1dky a stevarda<\/li>\n<li>Skleni\u010dka \u0161ampa\u0148sk\u00e9ho na uv\u00edtanou<\/li>\n<li>Studen\u00e9 n\u00e1poje<\/li>\n<li>Lahodn\u00fd ob\u011bd z mo\u0159sk\u00fdch plod\u016f<\/li>\n<li>Mo\u017enost ryba\u0159en\u00ed, j\u00edzdy na prkn\u011b a \u0161norchlov\u00e1n\u00ed<\/li>\n<\/ul>\n<p><strong>Nen\u00ed sou\u010d\u00e1st\u00ed dod\u00e1vky:<\/strong><\/p>\n<ul>\n<li>Transfer z hotel\u016f mimo m\u011bsto:\u00a0<strong>Cam Ranh<\/strong>\u00a0- p\u0159\u00edplatek\u00a0<strong>+40$ na vozidlo do 6 osob<\/strong>\u00a0zp\u00e1te\u010dn\u00ed cesta a\u00a0<strong>+60$ na vozidlo do 10 osob<\/strong>\u00a0ob\u011bma sm\u011bry<\/li>\n<li>Transfer z hotel\u016f mimo m\u011bsto:\u00a0<strong>Amiana<\/strong>\u00a0- p\u0159\u00edplatek\u00a0<strong>+10$ na vozidlo do 6 osob<\/strong>\u00a0zp\u00e1te\u010dn\u00ed cesta a\u00a0<strong>+15$ na vozidlo do 10 osob<\/strong>\u00a0ob\u011bma sm\u011bry<\/li>\n<\/ul>\n<p><strong>Vezm\u011bte si ji s sebou:<\/strong><\/p>\n<ul>\n<li>Plavky a ru\u010dn\u00edk<\/li>\n<li>Opalovac\u00ed kr\u00e9m<\/li>\n<li>Pokr\u00fdvky hlavy a slune\u010dn\u00ed br\u00fdle<\/li>\n<li>Vodot\u011bsn\u00e9 pouzdro pro telefon nebo fotoapar\u00e1t<\/li>\n<li style=\"list-style-type: none;\"><\/li>\n<\/ul>","protected":false},"excerpt":{"rendered":"<p><strong>Doba prohl\u00eddky:<\/strong> 14:15 \u2014 19:30<\/p>\n<p><strong>Dny zadr\u017een\u00ed:<\/strong> Sobota<\/p>","protected":false},"featured_media":59206,"template":"","meta":{"_kad_post_transparent":"default","_kad_post_title":"","_kad_post_layout":"default","_kad_post_sidebar_id":"","_kad_post_content_style":"default","_kad_post_vertical_padding":"default","_kad_post_feature":"","_kad_post_feature_position":"","_kad_post_header":false,"_kad_post_footer":false,"_kad_post_classname":"","_glsr_average":0,"_glsr_ranking":0,"_glsr_reviews":0},"product_brand":[],"product_cat":[437],"product_tag":[],"class_list":{"0":"post-59205","1":"product","2":"type-product","3":"status-publish","4":"has-post-thumbnail","6":"product_cat-nha-trang","7":"tm-has-options","9":"first","10":"instock","11":"sale","12":"sold-individually","13":"taxable","14":"shipping-taxable","15":"purchasable","16":"product-type-simple","17":"entry","18":"content-bg","19":"loop-entry"},"yoast_head":"<!-- This site is optimized with the Yoast SEO plugin v27.3 - https:\/\/yoast.com\/product\/yoast-seo-wordpress\/ -->\n<title>\u041a\u0430\u0442\u0430\u043c\u0430\u0440\u0430\u043d Viet: \u0412\u0435\u0447\u0435\u0440\u043d\u0438\u0439 \u043a\u0440\u0443\u0438\u0437 &#8226; \u042d\u043a\u0441\u043a\u0443\u0440\u0441\u0438\u0438 Skyline<\/title>\n<meta name=\"robots\" content=\"index, follow, max-snippet:-1, max-image-preview:large, max-video-preview:-1\" \/>\n<link rel=\"canonical\" href=\"https:\/\/skyline-gs.com\/cs\/produkt\/plavba-po-mori-nhatrang\/\" \/>\n<meta property=\"og:locale\" content=\"cs_CZ\" \/>\n<meta property=\"og:type\" content=\"article\" \/>\n<meta property=\"og:title\" content=\"\u041a\u0430\u0442\u0430\u043c\u0430\u0440\u0430\u043d Viet: \u0412\u0435\u0447\u0435\u0440\u043d\u0438\u0439 \u043a\u0440\u0443\u0438\u0437 &#8226; \u042d\u043a\u0441\u043a\u0443\u0440\u0441\u0438\u0438 Skyline\" \/>\n<meta property=\"og:description\" content=\"\u0412\u0440\u0435\u043c\u044f \u0442\u0443\u0440\u0430: 14:15 - 19:30  \u0414\u043d\u0438 \u043f\u0440\u043e\u0432\u0435\u0434\u0435\u043d\u0438\u044f: \u0421\u0443\u0431\u0431\u043e\u0442\u0430\" \/>\n<meta property=\"og:url\" content=\"https:\/\/skyline-gs.com\/cs\/produkt\/plavba-po-mori-nhatrang\/\" \/>\n<meta property=\"og:site_name\" content=\"\u042d\u043a\u0441\u043a\u0443\u0440\u0441\u0438\u0438 Skyline\" \/>\n<meta property=\"article:modified_time\" content=\"2025-08-23T14:18:09+00:00\" \/>\n<meta property=\"og:image\" content=\"https:\/\/skyline-gs.com\/wp-content\/uploads\/2024\/11\/145-1.jpg\" \/>\n\t<meta property=\"og:image:width\" content=\"960\" \/>\n\t<meta property=\"og:image:height\" content=\"639\" \/>\n\t<meta property=\"og:image:type\" content=\"image\/jpeg\" \/>\n<meta name=\"twitter:card\" content=\"summary_large_image\" \/>\n<meta name=\"twitter:label1\" content=\"Odhadovan\u00e1 doba \u010dten\u00ed\" \/>\n\t<meta name=\"twitter:data1\" content=\"2 minuty\" \/>\n<script type=\"application\/ld+json\" class=\"yoast-schema-graph\">{\"@context\":\"https:\\\/\\\/schema.org\",\"@graph\":[{\"@type\":\"WebPage\",\"@id\":\"https:\\\/\\\/skyline-gs.com\\\/product\\\/sea-cruise-nhatrang\\\/\",\"url\":\"https:\\\/\\\/skyline-gs.com\\\/product\\\/sea-cruise-nhatrang\\\/\",\"name\":\"\u041a\u0430\u0442\u0430\u043c\u0430\u0440\u0430\u043d Viet: \u0412\u0435\u0447\u0435\u0440\u043d\u0438\u0439 \u043a\u0440\u0443\u0438\u0437 &#8226; \u042d\u043a\u0441\u043a\u0443\u0440\u0441\u0438\u0438 Skyline\",\"isPartOf\":{\"@id\":\"https:\\\/\\\/skyline-gs.com\\\/it\\\/#website\"},\"primaryImageOfPage\":{\"@id\":\"https:\\\/\\\/skyline-gs.com\\\/product\\\/sea-cruise-nhatrang\\\/#primaryimage\"},\"image\":{\"@id\":\"https:\\\/\\\/skyline-gs.com\\\/product\\\/sea-cruise-nhatrang\\\/#primaryimage\"},\"thumbnailUrl\":\"https:\\\/\\\/skyline-gs.com\\\/wp-content\\\/uploads\\\/2024\\\/11\\\/145-1.jpg\",\"datePublished\":\"2024-11-17T16:05:52+00:00\",\"dateModified\":\"2025-08-23T14:18:09+00:00\",\"breadcrumb\":{\"@id\":\"https:\\\/\\\/skyline-gs.com\\\/product\\\/sea-cruise-nhatrang\\\/#breadcrumb\"},\"inLanguage\":\"cs\",\"potentialAction\":[{\"@type\":\"ReadAction\",\"target\":[\"https:\\\/\\\/skyline-gs.com\\\/product\\\/sea-cruise-nhatrang\\\/\"]}]},{\"@type\":\"ImageObject\",\"inLanguage\":\"cs\",\"@id\":\"https:\\\/\\\/skyline-gs.com\\\/product\\\/sea-cruise-nhatrang\\\/#primaryimage\",\"url\":\"https:\\\/\\\/skyline-gs.com\\\/wp-content\\\/uploads\\\/2024\\\/11\\\/145-1.jpg\",\"contentUrl\":\"https:\\\/\\\/skyline-gs.com\\\/wp-content\\\/uploads\\\/2024\\\/11\\\/145-1.jpg\",\"width\":960,\"height\":639},{\"@type\":\"BreadcrumbList\",\"@id\":\"https:\\\/\\\/skyline-gs.com\\\/product\\\/sea-cruise-nhatrang\\\/#breadcrumb\",\"itemListElement\":[{\"@type\":\"ListItem\",\"position\":1,\"name\":\"\u0413\u043b\u0430\u0432\u043d\u0430\u044f \u0441\u0442\u0440\u0430\u043d\u0438\u0446\u0430\",\"item\":\"https:\\\/\\\/skyline-gs.com\\\/hu\\\/\"},{\"@type\":\"ListItem\",\"position\":2,\"name\":\"\u041c\u0430\u0433\u0430\u0437\u0438\u043d\",\"item\":\"https:\\\/\\\/skyline-gs.com\\\/cs\\\/shop\\\/\"},{\"@type\":\"ListItem\",\"position\":3,\"name\":\"\u041a\u0430\u0442\u0430\u043c\u0430\u0440\u0430\u043d Viet: \u0412\u0435\u0447\u0435\u0440\u043d\u0438\u0439 \u043a\u0440\u0443\u0438\u0437\"}]},{\"@type\":\"WebSite\",\"@id\":\"https:\\\/\\\/skyline-gs.com\\\/it\\\/#website\",\"url\":\"https:\\\/\\\/skyline-gs.com\\\/it\\\/\",\"name\":\"\u042d\u043a\u0441\u043a\u0443\u0440\u0441\u0438\u0438 Skyline\",\"description\":\"\u042d\u043a\u0441\u043a\u043b\u044e\u0437\u0438\u0432\u043d\u044b\u0435 \u044d\u043a\u0441\u043a\u0443\u0440\u0441\u0438\u0438 \u043d\u0430 \u043b\u0443\u0447\u0448\u0438\u0445 \u043a\u0443\u0440\u043e\u0440\u0442\u0430\u0445 \u043c\u0438\u0440\u0430\",\"publisher\":{\"@id\":\"https:\\\/\\\/skyline-gs.com\\\/it\\\/#organization\"},\"alternateName\":\"Skyline\",\"potentialAction\":[{\"@type\":\"SearchAction\",\"target\":{\"@type\":\"EntryPoint\",\"urlTemplate\":\"https:\\\/\\\/skyline-gs.com\\\/it\\\/?s={search_term_string}\"},\"query-input\":{\"@type\":\"PropertyValueSpecification\",\"valueRequired\":true,\"valueName\":\"search_term_string\"}}],\"inLanguage\":\"cs\"},{\"@type\":\"Organization\",\"@id\":\"https:\\\/\\\/skyline-gs.com\\\/it\\\/#organization\",\"name\":\"\u042d\u043a\u0441\u043a\u0443\u0440\u0441\u0438\u0438 Skyline\",\"alternateName\":\"\u042d\u043a\u0441\u043a\u0443\u0440\u0441\u0438\u0438 Skyline\",\"url\":\"https:\\\/\\\/skyline-gs.com\\\/it\\\/\",\"logo\":{\"@type\":\"ImageObject\",\"inLanguage\":\"cs\",\"@id\":\"https:\\\/\\\/skyline-gs.com\\\/it\\\/#\\\/schema\\\/logo\\\/image\\\/\",\"url\":\"https:\\\/\\\/skyline-gs.com\\\/wp-content\\\/uploads\\\/2020\\\/12\\\/cropped-logo-2.png\",\"contentUrl\":\"https:\\\/\\\/skyline-gs.com\\\/wp-content\\\/uploads\\\/2020\\\/12\\\/cropped-logo-2.png\",\"width\":512,\"height\":512,\"caption\":\"\u042d\u043a\u0441\u043a\u0443\u0440\u0441\u0438\u0438 Skyline\"},\"image\":{\"@id\":\"https:\\\/\\\/skyline-gs.com\\\/it\\\/#\\\/schema\\\/logo\\\/image\\\/\"},\"sameAs\":[\"https:\\\/\\\/www.instagram.com\\\/skylineglobalservice\\\/\"]}]}<\/script>\n<!-- \/ Yoast SEO plugin. -->","yoast_head_json":{"title":"Katamar\u00e1n Viet: Ve\u010dern\u00ed plavba - Skyline Excursions","robots":{"index":"index","follow":"follow","max-snippet":"max-snippet:-1","max-image-preview":"max-image-preview:large","max-video-preview":"max-video-preview:-1"},"canonical":"https:\/\/skyline-gs.com\/cs\/produkt\/plavba-po-mori-nhatrang\/","og_locale":"cs_CZ","og_type":"article","og_title":"\u041a\u0430\u0442\u0430\u043c\u0430\u0440\u0430\u043d Viet: \u0412\u0435\u0447\u0435\u0440\u043d\u0438\u0439 \u043a\u0440\u0443\u0438\u0437 &#8226; \u042d\u043a\u0441\u043a\u0443\u0440\u0441\u0438\u0438 Skyline","og_description":"\u0412\u0440\u0435\u043c\u044f \u0442\u0443\u0440\u0430: 14:15 - 19:30  \u0414\u043d\u0438 \u043f\u0440\u043e\u0432\u0435\u0434\u0435\u043d\u0438\u044f: \u0421\u0443\u0431\u0431\u043e\u0442\u0430","og_url":"https:\/\/skyline-gs.com\/cs\/produkt\/plavba-po-mori-nhatrang\/","og_site_name":"\u042d\u043a\u0441\u043a\u0443\u0440\u0441\u0438\u0438 Skyline","article_modified_time":"2025-08-23T14:18:09+00:00","og_image":[{"width":960,"height":639,"url":"https:\/\/skyline-gs.com\/wp-content\/uploads\/2024\/11\/145-1.jpg","type":"image\/jpeg"}],"twitter_card":"summary_large_image","twitter_misc":{"Odhadovan\u00e1 doba \u010dten\u00ed":"2 minuty"},"schema":{"@context":"https:\/\/schema.org","@graph":[{"@type":"WebPage","@id":"https:\/\/skyline-gs.com\/product\/sea-cruise-nhatrang\/","url":"https:\/\/skyline-gs.com\/product\/sea-cruise-nhatrang\/","name":"Katamar\u00e1n Viet: Ve\u010dern\u00ed plavba - Skyline Excursions","isPartOf":{"@id":"https:\/\/skyline-gs.com\/it\/#website"},"primaryImageOfPage":{"@id":"https:\/\/skyline-gs.com\/product\/sea-cruise-nhatrang\/#primaryimage"},"image":{"@id":"https:\/\/skyline-gs.com\/product\/sea-cruise-nhatrang\/#primaryimage"},"thumbnailUrl":"https:\/\/skyline-gs.com\/wp-content\/uploads\/2024\/11\/145-1.jpg","datePublished":"2024-11-17T16:05:52+00:00","dateModified":"2025-08-23T14:18:09+00:00","breadcrumb":{"@id":"https:\/\/skyline-gs.com\/product\/sea-cruise-nhatrang\/#breadcrumb"},"inLanguage":"cs","potentialAction":[{"@type":"ReadAction","target":["https:\/\/skyline-gs.com\/product\/sea-cruise-nhatrang\/"]}]},{"@type":"ImageObject","inLanguage":"cs","@id":"https:\/\/skyline-gs.com\/product\/sea-cruise-nhatrang\/#primaryimage","url":"https:\/\/skyline-gs.com\/wp-content\/uploads\/2024\/11\/145-1.jpg","contentUrl":"https:\/\/skyline-gs.com\/wp-content\/uploads\/2024\/11\/145-1.jpg","width":960,"height":639},{"@type":"BreadcrumbList","@id":"https:\/\/skyline-gs.com\/product\/sea-cruise-nhatrang\/#breadcrumb","itemListElement":[{"@type":"ListItem","position":1,"name":"\u0413\u043b\u0430\u0432\u043d\u0430\u044f \u0441\u0442\u0440\u0430\u043d\u0438\u0446\u0430","item":"https:\/\/skyline-gs.com\/hu\/"},{"@type":"ListItem","position":2,"name":"\u041c\u0430\u0433\u0430\u0437\u0438\u043d","item":"https:\/\/skyline-gs.com\/cs\/shop\/"},{"@type":"ListItem","position":3,"name":"\u041a\u0430\u0442\u0430\u043c\u0430\u0440\u0430\u043d Viet: \u0412\u0435\u0447\u0435\u0440\u043d\u0438\u0439 \u043a\u0440\u0443\u0438\u0437"}]},{"@type":"WebSite","@id":"https:\/\/skyline-gs.com\/it\/#website","url":"https:\/\/skyline-gs.com\/it\/","name":"Skyline V\u00fdlety","description":"Exkluzivn\u00ed v\u00fdlety do nejlep\u0161\u00edch sv\u011btov\u00fdch letovisek","publisher":{"@id":"https:\/\/skyline-gs.com\/it\/#organization"},"alternateName":"Skyline","potentialAction":[{"@type":"SearchAction","target":{"@type":"EntryPoint","urlTemplate":"https:\/\/skyline-gs.com\/it\/?s={search_term_string}"},"query-input":{"@type":"PropertyValueSpecification","valueRequired":true,"valueName":"search_term_string"}}],"inLanguage":"cs"},{"@type":"Organization","@id":"https:\/\/skyline-gs.com\/it\/#organization","name":"Skyline V\u00fdlety","alternateName":"\u042d\u043a\u0441\u043a\u0443\u0440\u0441\u0438\u0438 Skyline","url":"https:\/\/skyline-gs.com\/it\/","logo":{"@type":"ImageObject","inLanguage":"cs","@id":"https:\/\/skyline-gs.com\/it\/#\/schema\/logo\/image\/","url":"https:\/\/skyline-gs.com\/wp-content\/uploads\/2020\/12\/cropped-logo-2.png","contentUrl":"https:\/\/skyline-gs.com\/wp-content\/uploads\/2020\/12\/cropped-logo-2.png","width":512,"height":512,"caption":"\u042d\u043a\u0441\u043a\u0443\u0440\u0441\u0438\u0438 Skyline"},"image":{"@id":"https:\/\/skyline-gs.com\/it\/#\/schema\/logo\/image\/"},"sameAs":["https:\/\/www.instagram.com\/skylineglobalservice\/"]}]}},"_links":{"self":[{"href":"https:\/\/skyline-gs.com\/cs\/wp-json\/wp\/v2\/product\/59205","targetHints":{"allow":["GET"]}}],"collection":[{"href":"https:\/\/skyline-gs.com\/cs\/wp-json\/wp\/v2\/product"}],"about":[{"href":"https:\/\/skyline-gs.com\/cs\/wp-json\/wp\/v2\/types\/product"}],"version-history":[{"count":0,"href":"https:\/\/skyline-gs.com\/cs\/wp-json\/wp\/v2\/product\/59205\/revisions"}],"wp:featuredmedia":[{"embeddable":true,"href":"https:\/\/skyline-gs.com\/cs\/wp-json\/wp\/v2\/media\/59206"}],"wp:attachment":[{"href":"https:\/\/skyline-gs.com\/cs\/wp-json\/wp\/v2\/media?parent=59205"}],"wp:term":[{"taxonomy":"product_brand","embeddable":true,"href":"https:\/\/skyline-gs.com\/cs\/wp-json\/wp\/v2\/product_brand?post=59205"},{"taxonomy":"product_cat","embeddable":true,"href":"https:\/\/skyline-gs.com\/cs\/wp-json\/wp\/v2\/product_cat?post=59205"},{"taxonomy":"product_tag","embeddable":true,"href":"https:\/\/skyline-gs.com\/cs\/wp-json\/wp\/v2\/product_tag?post=59205"}],"curies":[{"name":"wp","href":"https:\/\/api.w.org\/{rel}","templated":true}]}}