{"id":59049,"date":"2024-11-16T16:01:26","date_gmt":"2024-11-16T14:01:26","guid":{"rendered":"http:\/\/skyline-gs.com\/?post_type=product&#038;p=59049"},"modified":"2026-04-04T12:51:13","modified_gmt":"2026-04-04T10:51:13","slug":"dalat-maximum-nhatrang","status":"publish","type":"product","link":"https:\/\/skyline-gs.com\/cs\/product\/dalat-maximum-nhatrang\/","title":{"rendered":"Dalat Maximum (miniskupina)"},"content":{"rendered":"<p><strong>Akce!<\/strong> \u0421 1 \u043c\u0430\u044f \u0446\u0435\u043d\u044b \u043d\u0430 \u0433\u0440\u0443\u043f\u043f\u043e\u0432\u044b\u0435 \u044d\u043a\u0441\u043a\u0443\u0440\u0441\u0438\u0438 \u0432 \u0414\u0430\u043b\u0430\u0442 <strong>\u0438\u0437\u043c\u0435\u043d\u044f\u0442\u0441\u044f:<\/strong><\/p>\n<p>&#x1f539; \u0414\u0430\u043b\u0430\u0442 \u041c\u0430\u043a\u0441\u0438\u043c\u0443\u043c \u2014 59$<br \/>\n&#x1f539; \u0414\u0430\u043b\u0430\u0442 \u0423\u043b\u044c\u0442\u0440\u0430 \u2014 69$<\/p>\n<p>\u041d\u043e \u0441\u0435\u0439\u0447\u0430\u0441 \u0434\u0435\u0439\u0441\u0442\u0432\u0443\u0435\u0442 \u0430\u043a\u0446\u0438\u044f &#x1f525;<br \/>\n\u041f\u0440\u0438 <strong>\u0431\u0440\u043e\u043d\u0438\u0440\u043e\u0432\u0430\u043d\u0438\u0438 \u0432 \u0442\u0435\u0447\u0435\u043d\u0438\u0435 \u0430\u043f\u0440\u0435\u043b\u044f<\/strong> \u043c\u043e\u0436\u043d\u043e \u0437\u0430\u0444\u0438\u043a\u0441\u0438\u0440\u043e\u0432\u0430\u0442\u044c <strong>\u0441\u0442\u0430\u0440\u0443\u044e \u0446\u0435\u043d\u0443<\/strong>:<\/p>\n<p>&#x2705; <strong>\u0414\u0430\u043b\u0430\u0442 \u041c\u0430\u043a\u0441\u0438\u043c\u0443\u043c \u2014 55$<\/strong><br \/>\n<strong>&#x2705; \u0414\u0430\u043b\u0430\u0442 \u0423\u043b\u044c\u0442\u0440\u0430 \u2014 66$<\/strong><\/p>\n<p>&#x1f449; \u0414\u0430\u0436\u0435 \u0435\u0441\u043b\u0438 \u043f\u043e\u0435\u0437\u0434\u043a\u0430 \u0431\u0443\u0434\u0435\u0442 \u0432 \u043c\u0430\u0435 \u0438\u043b\u0438 \u043f\u043e\u0437\u0436\u0435 \u2014 <strong>\u0446\u0435\u043d\u0430 \u0437\u0430 \u0432\u0430\u043c\u0438 \u0441\u043e\u0445\u0440\u0430\u043d\u044f\u0435\u0442\u0441\u044f.<\/strong><\/p>\n<p><em>\u0420\u0430\u0437\u043c\u0435\u0440 \u0433\u0440\u0443\u043f\u043f\u044b: \u0414\u043e 14 \u0447\u0435\u043b\u043e\u0432\u0435\u043a<\/em><\/p>\n<p><strong>Dalat 1 denn\u00ed prohl\u00eddka Dalatu - Dalat Maximum<\/strong> - je jedine\u010dnou p\u0159\u00edle\u017eitost\u00ed pono\u0159it se do atmosf\u00e9ry Vietnamu, kter\u00e1 v sob\u011b spojuje horskou sv\u011b\u017eest, exotickou p\u0159\u00edrodu a neobvykl\u00e9 architektonick\u00e9 z\u00e1zraky. Dalat je m\u00edstem, kde je ka\u017ed\u00fd kout pln\u00fd kouzel: od malebn\u00fdch vodop\u00e1d\u016f a k\u00e1vov\u00fdch plant\u00e1\u017e\u00ed a\u017e po ty nejpodivn\u011bj\u0161\u00ed a nejkouzeln\u011bj\u0161\u00ed stavby. Program zahrnuje v\u0161echny zaj\u00edmavosti tohoto z\u00e1zra\u010dn\u00e9ho m\u011bsta, tak\u017ee si m\u016f\u017eete vychutnat v\u0161echny jeho kr\u00e1sy b\u011bhem jedin\u00e9ho dne.<\/p>\n<p><strong>Trasa z\u00e1jezdu:<\/strong><\/p>\n<p><strong>5:00 - Odjezd z hotelov\u00e9 haly.<\/strong> Cesta do Dalatu trv\u00e1 asi 3 hodiny a po cest\u011b se v\u00e1m naskytnou n\u00e1dhern\u00e9 v\u00fdhledy na hory a \u00fadol\u00ed, kter\u00e9 ve v\u00e1s zanechaj\u00ed nezapomenuteln\u00fd dojem a skv\u011bl\u00fd za\u010d\u00e1tek dne.<\/p>\n<ol>\n<li><strong>Sn\u00eddan\u011b ve vesnici Raglai<\/strong> \u2014 \u043e\u0441\u0442\u0430\u043d\u043e\u0432\u043a\u0430 \u0434\u043b\u044f \u0437\u0430\u0432\u0442\u0440\u0430\u043a\u0430 \u0432 \u043a\u0430\u0444\u0435 (\u0437\u0430\u043a\u0430\u0436\u0438\u0442\u0435 \u0437\u0430\u0432\u0442\u0440\u0430\u043a \u043d\u0430 \u0440\u0435\u0441\u0435\u043f\u0448\u0435\u043d\u0435 \u0441\u0432\u043e\u0435\u0433\u043e \u043e\u0442\u0435\u043b\u044f, \u044d\u0442\u043e \u0431\u0435\u0441\u043f\u043b\u0430\u0442\u043d\u043e).<\/li>\n<li><strong>Khan Le Pass<\/strong> (nadmo\u0159sk\u00e1 v\u00fd\u0161ka 1500 m) - zast\u00e1vka na focen\u00ed u vodop\u00e1du Dalat's Tears s panoramatick\u00fdm v\u00fdhledem na malebnou n\u00e1horn\u00ed plo\u0161inu Taeinguyen.<\/li>\n<li><strong>K\u00e1vov\u00e9 plant\u00e1\u017ee Arabica<\/strong> - Proch\u00e1zka po vo\u0148av\u00fdch k\u00e1vov\u00fdch plant\u00e1\u017e\u00edch v borovicov\u00e9m lese na p\u0159edm\u011bst\u00ed Dalatu, kde se m\u016f\u017eete sezn\u00e1mit s procesem p\u011bstov\u00e1n\u00ed a sklizn\u011b k\u00e1vy.<\/li>\n<li><strong>Bl\u00e1zniv\u00fd d\u016fm<\/strong> - N\u00e1v\u0161t\u011bva jedine\u010dn\u00e9ho hotelu, kter\u00fd je se svou extravagantn\u00ed architekturou a surrealistickou atmosf\u00e9rou pova\u017eov\u00e1n za jednu z nejneobvyklej\u0161\u00edch staveb na sv\u011bt\u011b.<\/li>\n<li><strong>Clay Village<\/strong> (Tunel tvo\u0159ivosti) - zaj\u00edmav\u00e9 um\u011bleck\u00e9 objekty a fotoz\u00f3na \"Tv\u00e1\u0159e l\u00e1sky\", kter\u00e1 v\u00e1m poskytne inspiraci a jasn\u00e9 z\u00e1b\u011bry.<\/li>\n<li><strong>lanovka<\/strong> (2 300 m dlouh\u00e1) je \u00fachvatn\u00e1 cesta s panoramatick\u00fdm v\u00fdhledem na Dalat a jeho okol\u00ed z pta\u010d\u00ed perspektivy.<\/li>\n<li><strong>Vodop\u00e1dy Datanla<\/strong> - Kr\u00e1sn\u00e9 m\u00edsto k proch\u00e1zk\u00e1m a fotografov\u00e1n\u00ed s mo\u017enost\u00ed sjet na elektrick\u00fdch san\u00edch a\u017e k \u00fapat\u00ed vodop\u00e1du.<\/li>\n<li><strong>K\u00e1vov\u00e1 farma Luwak<\/strong> - Sezn\u00e1m\u00edte se s procesem v\u00fdroby proslul\u00e9 k\u00e1vy, uvid\u00edte mini zoo, j\u00edzdu na slonech a p\u0161trosech i neobvyklou z\u00e1bavu - chyt\u00e1n\u00ed krokod\u00fdl\u016f.<\/li>\n<li><strong>Pagoda Linh Phuoc<\/strong> - \u00fa\u017easn\u00fd chr\u00e1m z rozbit\u00e9ho skla, socha z \u010derstv\u00fdch kv\u011btin (vysok\u00e1 18 metr\u016f), chr\u00e1m zlat\u00e9ho Buddhy a zvon p\u0159\u00e1n\u00ed, kam si m\u016f\u017eete p\u0159ij\u00edt splnit sv\u00e9 sny.<\/li>\n<\/ol>\n<p><strong>19:00 - N\u00e1vrat do hotelu.<\/strong> Ve\u010der budete plni \u017eiv\u00fdch dojm\u016f a vzpom\u00ednek na kr\u00e1sn\u00e1 m\u00edsta, kter\u00e1 jste nav\u0161t\u00edvili.<\/p>\n<p><strong>V\u010detn\u011b:<\/strong><\/p>\n<ul>\n<li>Transfery z hotelu a do hotelu<\/li>\n<li>rusky mluv\u00edc\u00ed pr\u016fvodce<\/li>\n<li>Vstupenky<\/li>\n<li>Ob\u011bd<\/li>\n<li>Voda<\/li>\n<\/ul>\n<p><strong>Nen\u00ed sou\u010d\u00e1st\u00ed dod\u00e1vky:<\/strong><\/p>\n<ul>\n<li>Sn\u00eddan\u011b<\/li>\n<li>Dal\u0161\u00ed z\u00e1bava (j\u00edzda na slonech, p\u0161trosech a elektrick\u00fdch san\u00edch)<\/li>\n<li>Transfer z hotel\u016f mimo m\u011bsto: <strong style=\"font-family: var(--global-body-font-family);\">Cam Ranh<\/strong><span style=\"font-family: var(--global-body-font-family);\">\u00a0- p\u0159\u00edplatek\u00a0<\/span><strong style=\"font-family: var(--global-body-font-family);\">+40$ na vozidlo do 6 osob<\/strong><span style=\"font-family: var(--global-body-font-family);\">\u00a0zp\u00e1te\u010dn\u00ed cesta a\u00a0<\/span><strong style=\"font-family: var(--global-body-font-family);\">+60$ na vozidlo do 10 osob<\/strong><span style=\"font-family: var(--global-body-font-family);\">\u00a0ob\u011bma sm\u011bry<\/span><\/li>\n<li>Transfer z hotel\u016f mimo m\u011bsto:\u00a0<strong>Amiana<\/strong>\u00a0- p\u0159\u00edplatek\u00a0<strong>+10$ na vozidlo do 6 osob<\/strong>\u00a0zp\u00e1te\u010dn\u00ed cesta a\u00a0<strong>+15$ na vozidlo do 10 osob<\/strong>\u00a0ob\u011bma sm\u011bry<\/li>\n<\/ul>\n<p><strong>Vezm\u011bte si ji s sebou:<\/strong><\/p>\n<ul>\n<li>\u0417\u0430\u0432\u0442\u0440\u0430\u043a \u0441 \u0441\u043e\u0431\u043e\u0439 (\u0437\u0430\u043a\u0430\u0436\u0438\u0442\u0435 \u043d\u0430 \u0440\u0435\u0441\u0435\u043f\u0448\u0435\u043d\u0435 \u0441\u0432\u043e\u0435\u0433\u043e \u043e\u0442\u0435\u043b\u044f, \u044d\u0442\u043e \u0431\u0435\u0441\u043f\u043b\u0430\u0442\u043d\u043e)<\/li>\n<li>\u0422\u0435\u043f\u043b\u044b\u0435 \u0432\u0435\u0449\u0438 \u0432 \u0437\u0438\u043c\u043d\u0435\u0435 \u0432\u0440\u0435\u043c\u044f<\/li>\n<li>Pokr\u00fdvka hlavy<\/li>\n<li>Pohodln\u00e1 obuv<\/li>\n<li>\u0424\u043e\u0442\u043e\u0430\u043f\u0430\u0440\u0430\u0442<\/li>\n<\/ul>","protected":false},"excerpt":{"rendered":"<p><strong>Doba prohl\u00eddky:<\/strong> 5:00 \u2014 19:00<\/p>\n<p><strong>Dny zadr\u017een\u00ed:<\/strong> Pond\u011bl\u00ed, \u010dtvrtek<\/p>","protected":false},"featured_media":59132,"template":"","meta":{"_kad_post_transparent":"default","_kad_post_title":"","_kad_post_layout":"default","_kad_post_sidebar_id":"","_kad_post_content_style":"default","_kad_post_vertical_padding":"default","_kad_post_feature":"","_kad_post_feature_position":"","_kad_post_header":false,"_kad_post_footer":false,"_kad_post_classname":"","_glsr_average":0,"_glsr_ranking":0,"_glsr_reviews":0},"product_brand":[],"product_cat":[437],"product_tag":[],"class_list":{"0":"post-59049","1":"product","2":"type-product","3":"status-publish","4":"has-post-thumbnail","6":"product_cat-nha-trang","7":"tm-has-options","9":"first","10":"instock","11":"sale","12":"sold-individually","13":"taxable","14":"shipping-taxable","15":"purchasable","16":"product-type-simple","17":"entry","18":"content-bg","19":"loop-entry"},"yoast_head":"<!-- This site is optimized with the Yoast SEO plugin v27.3 - https:\/\/yoast.com\/product\/yoast-seo-wordpress\/ -->\n<title>\u0414\u0430\u043b\u0430\u0442 Maximum (\u043c\u0438\u043d\u0438-\u0433\u0440\u0443\u043f\u043f\u0430) &#8226; \u042d\u043a\u0441\u043a\u0443\u0440\u0441\u0438\u0438 Skyline<\/title>\n<meta name=\"robots\" content=\"index, follow, max-snippet:-1, max-image-preview:large, max-video-preview:-1\" \/>\n<link rel=\"canonical\" href=\"https:\/\/skyline-gs.com\/cs\/produkt\/dalat-maximum-nhatrang\/\" \/>\n<meta property=\"og:locale\" content=\"cs_CZ\" \/>\n<meta property=\"og:type\" content=\"article\" \/>\n<meta property=\"og:title\" content=\"\u0414\u0430\u043b\u0430\u0442 Maximum (\u043c\u0438\u043d\u0438-\u0433\u0440\u0443\u043f\u043f\u0430) &#8226; \u042d\u043a\u0441\u043a\u0443\u0440\u0441\u0438\u0438 Skyline\" \/>\n<meta property=\"og:description\" content=\"\u0412\u0440\u0435\u043c\u044f \u0442\u0443\u0440\u0430: 5:00 - 19:00  \u0414\u043d\u0438 \u043f\u0440\u043e\u0432\u0435\u0434\u0435\u043d\u0438\u044f: \u041f\u043e\u043d\u0435\u0434\u0435\u043b\u044c\u043d\u0438\u043a, \u0427\u0435\u0442\u0432\u0435\u0440\u0433\" \/>\n<meta property=\"og:url\" content=\"https:\/\/skyline-gs.com\/cs\/produkt\/dalat-maximum-nhatrang\/\" \/>\n<meta property=\"og:site_name\" content=\"\u042d\u043a\u0441\u043a\u0443\u0440\u0441\u0438\u0438 Skyline\" \/>\n<meta property=\"article:modified_time\" content=\"2026-04-04T10:51:13+00:00\" \/>\n<meta property=\"og:image\" content=\"https:\/\/skyline-gs.com\/wp-content\/uploads\/2024\/11\/22.png\" \/>\n\t<meta property=\"og:image:width\" content=\"669\" \/>\n\t<meta property=\"og:image:height\" content=\"446\" \/>\n\t<meta property=\"og:image:type\" content=\"image\/png\" \/>\n<meta name=\"twitter:card\" content=\"summary_large_image\" \/>\n<meta name=\"twitter:label1\" content=\"Odhadovan\u00e1 doba \u010dten\u00ed\" \/>\n\t<meta name=\"twitter:data1\" content=\"3 minuty\" \/>\n<script type=\"application\/ld+json\" class=\"yoast-schema-graph\">{\"@context\":\"https:\\\/\\\/schema.org\",\"@graph\":[{\"@type\":\"WebPage\",\"@id\":\"https:\\\/\\\/skyline-gs.com\\\/product\\\/dalat-maximum-nhatrang\\\/\",\"url\":\"https:\\\/\\\/skyline-gs.com\\\/product\\\/dalat-maximum-nhatrang\\\/\",\"name\":\"\u0414\u0430\u043b\u0430\u0442 Maximum (\u043c\u0438\u043d\u0438-\u0433\u0440\u0443\u043f\u043f\u0430) &#8226; \u042d\u043a\u0441\u043a\u0443\u0440\u0441\u0438\u0438 Skyline\",\"isPartOf\":{\"@id\":\"https:\\\/\\\/skyline-gs.com\\\/it\\\/#website\"},\"primaryImageOfPage\":{\"@id\":\"https:\\\/\\\/skyline-gs.com\\\/product\\\/dalat-maximum-nhatrang\\\/#primaryimage\"},\"image\":{\"@id\":\"https:\\\/\\\/skyline-gs.com\\\/product\\\/dalat-maximum-nhatrang\\\/#primaryimage\"},\"thumbnailUrl\":\"https:\\\/\\\/skyline-gs.com\\\/wp-content\\\/uploads\\\/2024\\\/11\\\/22.png\",\"datePublished\":\"2024-11-16T14:01:26+00:00\",\"dateModified\":\"2026-04-04T10:51:13+00:00\",\"breadcrumb\":{\"@id\":\"https:\\\/\\\/skyline-gs.com\\\/product\\\/dalat-maximum-nhatrang\\\/#breadcrumb\"},\"inLanguage\":\"cs\",\"potentialAction\":[{\"@type\":\"ReadAction\",\"target\":[\"https:\\\/\\\/skyline-gs.com\\\/product\\\/dalat-maximum-nhatrang\\\/\"]}]},{\"@type\":\"ImageObject\",\"inLanguage\":\"cs\",\"@id\":\"https:\\\/\\\/skyline-gs.com\\\/product\\\/dalat-maximum-nhatrang\\\/#primaryimage\",\"url\":\"https:\\\/\\\/skyline-gs.com\\\/wp-content\\\/uploads\\\/2024\\\/11\\\/22.png\",\"contentUrl\":\"https:\\\/\\\/skyline-gs.com\\\/wp-content\\\/uploads\\\/2024\\\/11\\\/22.png\",\"width\":669,\"height\":446},{\"@type\":\"BreadcrumbList\",\"@id\":\"https:\\\/\\\/skyline-gs.com\\\/product\\\/dalat-maximum-nhatrang\\\/#breadcrumb\",\"itemListElement\":[{\"@type\":\"ListItem\",\"position\":1,\"name\":\"\u0413\u043b\u0430\u0432\u043d\u0430\u044f \u0441\u0442\u0440\u0430\u043d\u0438\u0446\u0430\",\"item\":\"https:\\\/\\\/skyline-gs.com\\\/hu\\\/\"},{\"@type\":\"ListItem\",\"position\":2,\"name\":\"\u041c\u0430\u0433\u0430\u0437\u0438\u043d\",\"item\":\"https:\\\/\\\/skyline-gs.com\\\/cs\\\/shop\\\/\"},{\"@type\":\"ListItem\",\"position\":3,\"name\":\"\u0414\u0430\u043b\u0430\u0442 Maximum (\u043c\u0438\u043d\u0438-\u0433\u0440\u0443\u043f\u043f\u0430)\"}]},{\"@type\":\"WebSite\",\"@id\":\"https:\\\/\\\/skyline-gs.com\\\/it\\\/#website\",\"url\":\"https:\\\/\\\/skyline-gs.com\\\/it\\\/\",\"name\":\"\u042d\u043a\u0441\u043a\u0443\u0440\u0441\u0438\u0438 Skyline\",\"description\":\"\u042d\u043a\u0441\u043a\u043b\u044e\u0437\u0438\u0432\u043d\u044b\u0435 \u044d\u043a\u0441\u043a\u0443\u0440\u0441\u0438\u0438 \u043d\u0430 \u043b\u0443\u0447\u0448\u0438\u0445 \u043a\u0443\u0440\u043e\u0440\u0442\u0430\u0445 \u043c\u0438\u0440\u0430\",\"publisher\":{\"@id\":\"https:\\\/\\\/skyline-gs.com\\\/it\\\/#organization\"},\"alternateName\":\"Skyline\",\"potentialAction\":[{\"@type\":\"SearchAction\",\"target\":{\"@type\":\"EntryPoint\",\"urlTemplate\":\"https:\\\/\\\/skyline-gs.com\\\/it\\\/?s={search_term_string}\"},\"query-input\":{\"@type\":\"PropertyValueSpecification\",\"valueRequired\":true,\"valueName\":\"search_term_string\"}}],\"inLanguage\":\"cs\"},{\"@type\":\"Organization\",\"@id\":\"https:\\\/\\\/skyline-gs.com\\\/it\\\/#organization\",\"name\":\"\u042d\u043a\u0441\u043a\u0443\u0440\u0441\u0438\u0438 Skyline\",\"alternateName\":\"\u042d\u043a\u0441\u043a\u0443\u0440\u0441\u0438\u0438 Skyline\",\"url\":\"https:\\\/\\\/skyline-gs.com\\\/it\\\/\",\"logo\":{\"@type\":\"ImageObject\",\"inLanguage\":\"cs\",\"@id\":\"https:\\\/\\\/skyline-gs.com\\\/it\\\/#\\\/schema\\\/logo\\\/image\\\/\",\"url\":\"https:\\\/\\\/skyline-gs.com\\\/wp-content\\\/uploads\\\/2020\\\/12\\\/cropped-logo-2.png\",\"contentUrl\":\"https:\\\/\\\/skyline-gs.com\\\/wp-content\\\/uploads\\\/2020\\\/12\\\/cropped-logo-2.png\",\"width\":512,\"height\":512,\"caption\":\"\u042d\u043a\u0441\u043a\u0443\u0440\u0441\u0438\u0438 Skyline\"},\"image\":{\"@id\":\"https:\\\/\\\/skyline-gs.com\\\/it\\\/#\\\/schema\\\/logo\\\/image\\\/\"},\"sameAs\":[\"https:\\\/\\\/www.instagram.com\\\/skylineglobalservice\\\/\"]}]}<\/script>\n<!-- \/ Yoast SEO plugin. -->","yoast_head_json":{"title":"\u0414\u0430\u043b\u0430\u0442 Maximum (\u043c\u0438\u043d\u0438-\u0433\u0440\u0443\u043f\u043f\u0430) &#8226; \u042d\u043a\u0441\u043a\u0443\u0440\u0441\u0438\u0438 Skyline","robots":{"index":"index","follow":"follow","max-snippet":"max-snippet:-1","max-image-preview":"max-image-preview:large","max-video-preview":"max-video-preview:-1"},"canonical":"https:\/\/skyline-gs.com\/cs\/produkt\/dalat-maximum-nhatrang\/","og_locale":"cs_CZ","og_type":"article","og_title":"\u0414\u0430\u043b\u0430\u0442 Maximum (\u043c\u0438\u043d\u0438-\u0433\u0440\u0443\u043f\u043f\u0430) &#8226; \u042d\u043a\u0441\u043a\u0443\u0440\u0441\u0438\u0438 Skyline","og_description":"\u0412\u0440\u0435\u043c\u044f \u0442\u0443\u0440\u0430: 5:00 - 19:00  \u0414\u043d\u0438 \u043f\u0440\u043e\u0432\u0435\u0434\u0435\u043d\u0438\u044f: \u041f\u043e\u043d\u0435\u0434\u0435\u043b\u044c\u043d\u0438\u043a, \u0427\u0435\u0442\u0432\u0435\u0440\u0433","og_url":"https:\/\/skyline-gs.com\/cs\/produkt\/dalat-maximum-nhatrang\/","og_site_name":"\u042d\u043a\u0441\u043a\u0443\u0440\u0441\u0438\u0438 Skyline","article_modified_time":"2026-04-04T10:51:13+00:00","og_image":[{"width":669,"height":446,"url":"https:\/\/skyline-gs.com\/wp-content\/uploads\/2024\/11\/22.png","type":"image\/png"}],"twitter_card":"summary_large_image","twitter_misc":{"Odhadovan\u00e1 doba \u010dten\u00ed":"3 minuty"},"schema":{"@context":"https:\/\/schema.org","@graph":[{"@type":"WebPage","@id":"https:\/\/skyline-gs.com\/product\/dalat-maximum-nhatrang\/","url":"https:\/\/skyline-gs.com\/product\/dalat-maximum-nhatrang\/","name":"\u0414\u0430\u043b\u0430\u0442 Maximum (\u043c\u0438\u043d\u0438-\u0433\u0440\u0443\u043f\u043f\u0430) &#8226; \u042d\u043a\u0441\u043a\u0443\u0440\u0441\u0438\u0438 Skyline","isPartOf":{"@id":"https:\/\/skyline-gs.com\/it\/#website"},"primaryImageOfPage":{"@id":"https:\/\/skyline-gs.com\/product\/dalat-maximum-nhatrang\/#primaryimage"},"image":{"@id":"https:\/\/skyline-gs.com\/product\/dalat-maximum-nhatrang\/#primaryimage"},"thumbnailUrl":"https:\/\/skyline-gs.com\/wp-content\/uploads\/2024\/11\/22.png","datePublished":"2024-11-16T14:01:26+00:00","dateModified":"2026-04-04T10:51:13+00:00","breadcrumb":{"@id":"https:\/\/skyline-gs.com\/product\/dalat-maximum-nhatrang\/#breadcrumb"},"inLanguage":"cs","potentialAction":[{"@type":"ReadAction","target":["https:\/\/skyline-gs.com\/product\/dalat-maximum-nhatrang\/"]}]},{"@type":"ImageObject","inLanguage":"cs","@id":"https:\/\/skyline-gs.com\/product\/dalat-maximum-nhatrang\/#primaryimage","url":"https:\/\/skyline-gs.com\/wp-content\/uploads\/2024\/11\/22.png","contentUrl":"https:\/\/skyline-gs.com\/wp-content\/uploads\/2024\/11\/22.png","width":669,"height":446},{"@type":"BreadcrumbList","@id":"https:\/\/skyline-gs.com\/product\/dalat-maximum-nhatrang\/#breadcrumb","itemListElement":[{"@type":"ListItem","position":1,"name":"\u0413\u043b\u0430\u0432\u043d\u0430\u044f \u0441\u0442\u0440\u0430\u043d\u0438\u0446\u0430","item":"https:\/\/skyline-gs.com\/hu\/"},{"@type":"ListItem","position":2,"name":"\u041c\u0430\u0433\u0430\u0437\u0438\u043d","item":"https:\/\/skyline-gs.com\/cs\/shop\/"},{"@type":"ListItem","position":3,"name":"\u0414\u0430\u043b\u0430\u0442 Maximum (\u043c\u0438\u043d\u0438-\u0433\u0440\u0443\u043f\u043f\u0430)"}]},{"@type":"WebSite","@id":"https:\/\/skyline-gs.com\/it\/#website","url":"https:\/\/skyline-gs.com\/it\/","name":"Skyline V\u00fdlety","description":"Exkluzivn\u00ed v\u00fdlety do nejlep\u0161\u00edch sv\u011btov\u00fdch letovisek","publisher":{"@id":"https:\/\/skyline-gs.com\/it\/#organization"},"alternateName":"Skyline","potentialAction":[{"@type":"SearchAction","target":{"@type":"EntryPoint","urlTemplate":"https:\/\/skyline-gs.com\/it\/?s={search_term_string}"},"query-input":{"@type":"PropertyValueSpecification","valueRequired":true,"valueName":"search_term_string"}}],"inLanguage":"cs"},{"@type":"Organization","@id":"https:\/\/skyline-gs.com\/it\/#organization","name":"Skyline V\u00fdlety","alternateName":"\u042d\u043a\u0441\u043a\u0443\u0440\u0441\u0438\u0438 Skyline","url":"https:\/\/skyline-gs.com\/it\/","logo":{"@type":"ImageObject","inLanguage":"cs","@id":"https:\/\/skyline-gs.com\/it\/#\/schema\/logo\/image\/","url":"https:\/\/skyline-gs.com\/wp-content\/uploads\/2020\/12\/cropped-logo-2.png","contentUrl":"https:\/\/skyline-gs.com\/wp-content\/uploads\/2020\/12\/cropped-logo-2.png","width":512,"height":512,"caption":"\u042d\u043a\u0441\u043a\u0443\u0440\u0441\u0438\u0438 Skyline"},"image":{"@id":"https:\/\/skyline-gs.com\/it\/#\/schema\/logo\/image\/"},"sameAs":["https:\/\/www.instagram.com\/skylineglobalservice\/"]}]}},"_links":{"self":[{"href":"https:\/\/skyline-gs.com\/cs\/wp-json\/wp\/v2\/product\/59049","targetHints":{"allow":["GET"]}}],"collection":[{"href":"https:\/\/skyline-gs.com\/cs\/wp-json\/wp\/v2\/product"}],"about":[{"href":"https:\/\/skyline-gs.com\/cs\/wp-json\/wp\/v2\/types\/product"}],"version-history":[{"count":0,"href":"https:\/\/skyline-gs.com\/cs\/wp-json\/wp\/v2\/product\/59049\/revisions"}],"wp:featuredmedia":[{"embeddable":true,"href":"https:\/\/skyline-gs.com\/cs\/wp-json\/wp\/v2\/media\/59132"}],"wp:attachment":[{"href":"https:\/\/skyline-gs.com\/cs\/wp-json\/wp\/v2\/media?parent=59049"}],"wp:term":[{"taxonomy":"product_brand","embeddable":true,"href":"https:\/\/skyline-gs.com\/cs\/wp-json\/wp\/v2\/product_brand?post=59049"},{"taxonomy":"product_cat","embeddable":true,"href":"https:\/\/skyline-gs.com\/cs\/wp-json\/wp\/v2\/product_cat?post=59049"},{"taxonomy":"product_tag","embeddable":true,"href":"https:\/\/skyline-gs.com\/cs\/wp-json\/wp\/v2\/product_tag?post=59049"}],"curies":[{"name":"wp","href":"https:\/\/api.w.org\/{rel}","templated":true}]}}