{"id":58755,"date":"2024-11-03T22:48:01","date_gmt":"2024-11-03T20:48:01","guid":{"rendered":"http:\/\/skyline-gs.com\/?post_type=product&#038;p=58755"},"modified":"2026-01-27T12:56:15","modified_gmt":"2026-01-27T10:56:15","slug":"vip-cruise-megalodon-sharm","status":"publish","type":"product","link":"https:\/\/skyline-gs.com\/cs\/product\/vip-cruise-megalodon-sharm\/","title":{"rendered":"Ve\u010dern\u00ed plavba s ve\u010de\u0159\u00ed na VIP jacht\u011b Megalodon"},"content":{"rendered":"<p>18:30 \u0432\u044b\u0435\u0437\u0434 \u0438\u0437 \u043e\u0442\u0435\u043b\u044f. \u041f\u0440\u0438\u0433\u043b\u0430\u0448\u0430\u0435\u043c \u0412\u0430\u0441, \u043d\u0430 \u0438\u0437\u044b\u0441\u043a\u0430\u043d\u043d\u044b\u0439 \u0443\u0436\u0438\u043d \u0438 \u043f\u0440\u0438\u0432\u0430\u0442\u043d\u0443\u044e \u0432\u0435\u0447\u0435\u0440\u0438\u043d\u043a\u0443 \u0432 \u043e\u0442\u043a\u0440\u044b\u0442\u043e\u043c \u043c\u043e\u0440\u0435, \u043d\u0430 \u0441\u0430\u043c\u043e\u0439 \u0431\u043e\u043b\u044c\u0448\u043e\u0439 \u044f\u0445\u0442\u0435 \u043a\u043b\u0430\u0441\u0441\u0430 \u043b\u044e\u043a\u0441 \u0432 \u0428\u0430\u0440\u043c-\u044d\u043b\u044c-\u0428\u0435\u0439\u0445\u0435. <strong>\u0412\u043a\u0443\u0441\u043d\u0435\u0439\u0448\u0430\u044f \u0435\u0434\u0430 \u0438\u0437 \u0440\u0435\u0441\u0442\u043e\u0440\u0430\u043d\u0430 5* <\/strong>\u2014 \u0448\u0432\u0435\u0434\u0441\u043a\u0438\u0439 \u0441\u0442\u043e\u043b. <strong>\u0421\u0432\u0435\u0447\u0438 \u0438 \u043e\u0441\u043e\u0431\u0435\u043d\u043d\u0430\u044f \u0430\u0442\u043c\u043e\u0441\u0444\u0435\u0440\u0430<\/strong> \u043f\u043e\u0434 \u0437\u0432\u0443\u043a\u0438 \u0436\u0438\u0432\u043e\u0439 \u043c\u0443\u0437\u044b\u043a\u0438. 21:30 \u0432\u043e\u0437\u0432\u0440\u0430\u0449\u0435\u043d\u0438\u0435 \u0432 \u043e\u0442\u0435\u043b\u044c.<\/p>\n<p><strong>Pozor!<\/strong> \u0412\u0445\u043e\u0434 \u0442\u043e\u043b\u044c\u043a\u043e \u0434\u043b\u044f \u0432\u0437\u0440\u043e\u0441\u043b\u044b\u0445.<\/p>\n<p><strong>V\u010detn\u011b:<\/strong><\/p>\n<ul>\n<li>Transfer z hotelu a do hotelu<\/li>\n<li>Ve\u010de\u0159e na VIP jacht\u011b<\/li>\n<li>\u0428\u0432\u0435\u0434\u0441\u043a\u0438\u0439 \u0441\u0442\u043e\u043b 5*<\/li>\n<li>\u0416\u0438\u0432\u0430\u044f \u043c\u0443\u0437\u044b\u043a\u0430<\/li>\n<\/ul>\n<p><strong>Nen\u00ed sou\u010d\u00e1st\u00ed dod\u00e1vky:<\/strong><\/p>\n<ul>\n<li>\u0410\u043b\u043a\u043e\u0433\u043e\u043b\u044c<\/li>\n<\/ul>\n<p><strong>Dal\u0161\u00ed informace:<\/strong><\/p>\n<ul>\n<li>\u0421 \u0441\u043e\u0431\u043e\u0439 \u0432\u043e\u0437\u044c\u043c\u0438\u0442\u0435 \u043e\u0440\u0438\u0433\u0438\u043d\u0430\u043b \u043f\u0430\u0441\u043f\u043e\u0440\u0442\u0430<\/li>\n<li>\u0424\u043e\u0442\u043e\u0433\u0440\u0430\u0444\u0438\u0438 \u043f\u0430\u0441\u043f\u043e\u0440\u0442\u043e\u0432 \u043f\u0440\u0438\u0448\u043b\u0438\u0442\u0435 \u043c\u0435\u043d\u0435\u0434\u0436\u0435\u0440\u0443 \u043f\u0440\u0438 \u0431\u0440\u043e\u043d\u0438\u0440\u043e\u0432\u0430\u043d\u0438\u0438<\/li>\n<li>\u0414\u0435\u0442\u0438 \u0434\u043e 8 \u043b\u0435\u0442 \u0432\u043a\u043b\u044e\u0447\u0438\u0442\u0435\u043b\u044c\u043d\u043e \u2014 \u043d\u0435 \u0434\u043e\u043f\u0443\u0441\u043a\u0430\u044e\u0442\u0441\u044f<\/li>\n<\/ul>","protected":false},"excerpt":{"rendered":"<p><strong>Doba prohl\u00eddky:<\/strong> 18:00 \u2013 21:30<\/p>\n<p><strong>Dny zadr\u017een\u00ed:<\/strong> Pond\u011bl\u00ed, st\u0159eda, sobota<\/p>","protected":false},"featured_media":58756,"template":"","meta":{"_kad_post_transparent":"default","_kad_post_title":"","_kad_post_layout":"default","_kad_post_sidebar_id":"","_kad_post_content_style":"default","_kad_post_vertical_padding":"default","_kad_post_feature":"","_kad_post_feature_position":"","_kad_post_header":false,"_kad_post_footer":false,"_kad_post_classname":"","_glsr_average":0,"_glsr_ranking":0,"_glsr_reviews":0},"product_brand":[],"product_cat":[435],"product_tag":[],"class_list":{"0":"post-58755","1":"product","2":"type-product","3":"status-publish","4":"has-post-thumbnail","6":"product_cat-sharm-el-sheikh","7":"tm-has-options","9":"first","10":"instock","11":"sale","12":"sold-individually","13":"taxable","14":"shipping-taxable","15":"purchasable","16":"product-type-simple","17":"entry","18":"content-bg","19":"loop-entry"},"yoast_head":"<!-- This site is optimized with the Yoast SEO plugin v27.3 - https:\/\/yoast.com\/product\/yoast-seo-wordpress\/ -->\n<title>\u0412\u0435\u0447\u0435\u0440\u043d\u0438\u0439 \u043a\u0440\u0443\u0438\u0437 \u0441 \u0443\u0436\u0438\u043d\u043e\u043c \u043d\u0430 VIP-\u044f\u0445\u0442\u0435 \u041c\u0435\u0433\u0430\u043b\u043e\u0434\u043e\u043d &#8226; \u042d\u043a\u0441\u043a\u0443\u0440\u0441\u0438\u0438 Skyline<\/title>\n<meta name=\"robots\" content=\"index, follow, max-snippet:-1, max-image-preview:large, max-video-preview:-1\" \/>\n<link rel=\"canonical\" href=\"https:\/\/skyline-gs.com\/cs\/produkt\/vip-cruise-megalodon-sharm\/\" \/>\n<meta property=\"og:locale\" content=\"cs_CZ\" \/>\n<meta property=\"og:type\" content=\"article\" \/>\n<meta property=\"og:title\" content=\"\u0412\u0435\u0447\u0435\u0440\u043d\u0438\u0439 \u043a\u0440\u0443\u0438\u0437 \u0441 \u0443\u0436\u0438\u043d\u043e\u043c \u043d\u0430 VIP-\u044f\u0445\u0442\u0435 \u041c\u0435\u0433\u0430\u043b\u043e\u0434\u043e\u043d &#8226; \u042d\u043a\u0441\u043a\u0443\u0440\u0441\u0438\u0438 Skyline\" \/>\n<meta property=\"og:description\" content=\"\u0412\u0440\u0435\u043c\u044f \u0442\u0443\u0440\u0430: 18:00 \u2013 21:30  \u0414\u043d\u0438 \u043f\u0440\u043e\u0432\u0435\u0434\u0435\u043d\u0438\u044f: \u041f\u043e\u043d\u0435\u0434\u0435\u043b\u044c\u043d\u0438\u043a, \u0421\u0440\u0435\u0434\u0430, \u0421\u0443\u0431\u0431\u043e\u0442\u0430\" \/>\n<meta property=\"og:url\" content=\"https:\/\/skyline-gs.com\/cs\/produkt\/vip-cruise-megalodon-sharm\/\" \/>\n<meta property=\"og:site_name\" content=\"\u042d\u043a\u0441\u043a\u0443\u0440\u0441\u0438\u0438 Skyline\" \/>\n<meta property=\"article:modified_time\" content=\"2026-01-27T10:56:15+00:00\" \/>\n<meta property=\"og:image\" content=\"https:\/\/skyline-gs.com\/wp-content\/uploads\/2024\/11\/1.png\" \/>\n\t<meta property=\"og:image:width\" content=\"669\" \/>\n\t<meta property=\"og:image:height\" content=\"446\" \/>\n\t<meta property=\"og:image:type\" content=\"image\/png\" \/>\n<meta name=\"twitter:card\" content=\"summary_large_image\" \/>\n<meta name=\"twitter:label1\" content=\"Odhadovan\u00e1 doba \u010dten\u00ed\" \/>\n\t<meta name=\"twitter:data1\" content=\"1 minuta\" \/>\n<script type=\"application\/ld+json\" class=\"yoast-schema-graph\">{\"@context\":\"https:\\\/\\\/schema.org\",\"@graph\":[{\"@type\":\"WebPage\",\"@id\":\"https:\\\/\\\/skyline-gs.com\\\/product\\\/vip-cruise-megalodon-sharm\\\/\",\"url\":\"https:\\\/\\\/skyline-gs.com\\\/product\\\/vip-cruise-megalodon-sharm\\\/\",\"name\":\"\u0412\u0435\u0447\u0435\u0440\u043d\u0438\u0439 \u043a\u0440\u0443\u0438\u0437 \u0441 \u0443\u0436\u0438\u043d\u043e\u043c \u043d\u0430 VIP-\u044f\u0445\u0442\u0435 \u041c\u0435\u0433\u0430\u043b\u043e\u0434\u043e\u043d &#8226; \u042d\u043a\u0441\u043a\u0443\u0440\u0441\u0438\u0438 Skyline\",\"isPartOf\":{\"@id\":\"https:\\\/\\\/skyline-gs.com\\\/it\\\/#website\"},\"primaryImageOfPage\":{\"@id\":\"https:\\\/\\\/skyline-gs.com\\\/product\\\/vip-cruise-megalodon-sharm\\\/#primaryimage\"},\"image\":{\"@id\":\"https:\\\/\\\/skyline-gs.com\\\/product\\\/vip-cruise-megalodon-sharm\\\/#primaryimage\"},\"thumbnailUrl\":\"https:\\\/\\\/skyline-gs.com\\\/wp-content\\\/uploads\\\/2024\\\/11\\\/1.png\",\"datePublished\":\"2024-11-03T20:48:01+00:00\",\"dateModified\":\"2026-01-27T10:56:15+00:00\",\"breadcrumb\":{\"@id\":\"https:\\\/\\\/skyline-gs.com\\\/product\\\/vip-cruise-megalodon-sharm\\\/#breadcrumb\"},\"inLanguage\":\"cs\",\"potentialAction\":[{\"@type\":\"ReadAction\",\"target\":[\"https:\\\/\\\/skyline-gs.com\\\/product\\\/vip-cruise-megalodon-sharm\\\/\"]}]},{\"@type\":\"ImageObject\",\"inLanguage\":\"cs\",\"@id\":\"https:\\\/\\\/skyline-gs.com\\\/product\\\/vip-cruise-megalodon-sharm\\\/#primaryimage\",\"url\":\"https:\\\/\\\/skyline-gs.com\\\/wp-content\\\/uploads\\\/2024\\\/11\\\/1.png\",\"contentUrl\":\"https:\\\/\\\/skyline-gs.com\\\/wp-content\\\/uploads\\\/2024\\\/11\\\/1.png\",\"width\":669,\"height\":446},{\"@type\":\"BreadcrumbList\",\"@id\":\"https:\\\/\\\/skyline-gs.com\\\/product\\\/vip-cruise-megalodon-sharm\\\/#breadcrumb\",\"itemListElement\":[{\"@type\":\"ListItem\",\"position\":1,\"name\":\"\u0413\u043b\u0430\u0432\u043d\u0430\u044f \u0441\u0442\u0440\u0430\u043d\u0438\u0446\u0430\",\"item\":\"https:\\\/\\\/skyline-gs.com\\\/hu\\\/\"},{\"@type\":\"ListItem\",\"position\":2,\"name\":\"\u041c\u0430\u0433\u0430\u0437\u0438\u043d\",\"item\":\"https:\\\/\\\/skyline-gs.com\\\/cs\\\/shop\\\/\"},{\"@type\":\"ListItem\",\"position\":3,\"name\":\"\u0412\u0435\u0447\u0435\u0440\u043d\u0438\u0439 \u043a\u0440\u0443\u0438\u0437 \u0441 \u0443\u0436\u0438\u043d\u043e\u043c \u043d\u0430 VIP-\u044f\u0445\u0442\u0435 \u041c\u0435\u0433\u0430\u043b\u043e\u0434\u043e\u043d\"}]},{\"@type\":\"WebSite\",\"@id\":\"https:\\\/\\\/skyline-gs.com\\\/it\\\/#website\",\"url\":\"https:\\\/\\\/skyline-gs.com\\\/it\\\/\",\"name\":\"\u042d\u043a\u0441\u043a\u0443\u0440\u0441\u0438\u0438 Skyline\",\"description\":\"\u042d\u043a\u0441\u043a\u043b\u044e\u0437\u0438\u0432\u043d\u044b\u0435 \u044d\u043a\u0441\u043a\u0443\u0440\u0441\u0438\u0438 \u043d\u0430 \u043b\u0443\u0447\u0448\u0438\u0445 \u043a\u0443\u0440\u043e\u0440\u0442\u0430\u0445 \u043c\u0438\u0440\u0430\",\"publisher\":{\"@id\":\"https:\\\/\\\/skyline-gs.com\\\/it\\\/#organization\"},\"alternateName\":\"Skyline\",\"potentialAction\":[{\"@type\":\"SearchAction\",\"target\":{\"@type\":\"EntryPoint\",\"urlTemplate\":\"https:\\\/\\\/skyline-gs.com\\\/it\\\/?s={search_term_string}\"},\"query-input\":{\"@type\":\"PropertyValueSpecification\",\"valueRequired\":true,\"valueName\":\"search_term_string\"}}],\"inLanguage\":\"cs\"},{\"@type\":\"Organization\",\"@id\":\"https:\\\/\\\/skyline-gs.com\\\/it\\\/#organization\",\"name\":\"\u042d\u043a\u0441\u043a\u0443\u0440\u0441\u0438\u0438 Skyline\",\"alternateName\":\"\u042d\u043a\u0441\u043a\u0443\u0440\u0441\u0438\u0438 Skyline\",\"url\":\"https:\\\/\\\/skyline-gs.com\\\/it\\\/\",\"logo\":{\"@type\":\"ImageObject\",\"inLanguage\":\"cs\",\"@id\":\"https:\\\/\\\/skyline-gs.com\\\/it\\\/#\\\/schema\\\/logo\\\/image\\\/\",\"url\":\"https:\\\/\\\/skyline-gs.com\\\/wp-content\\\/uploads\\\/2020\\\/12\\\/cropped-logo-2.png\",\"contentUrl\":\"https:\\\/\\\/skyline-gs.com\\\/wp-content\\\/uploads\\\/2020\\\/12\\\/cropped-logo-2.png\",\"width\":512,\"height\":512,\"caption\":\"\u042d\u043a\u0441\u043a\u0443\u0440\u0441\u0438\u0438 Skyline\"},\"image\":{\"@id\":\"https:\\\/\\\/skyline-gs.com\\\/it\\\/#\\\/schema\\\/logo\\\/image\\\/\"},\"sameAs\":[\"https:\\\/\\\/www.instagram.com\\\/skylineglobalservice\\\/\"]}]}<\/script>\n<!-- \/ Yoast SEO plugin. -->","yoast_head_json":{"title":"\u0412\u0435\u0447\u0435\u0440\u043d\u0438\u0439 \u043a\u0440\u0443\u0438\u0437 \u0441 \u0443\u0436\u0438\u043d\u043e\u043c \u043d\u0430 VIP-\u044f\u0445\u0442\u0435 \u041c\u0435\u0433\u0430\u043b\u043e\u0434\u043e\u043d &#8226; \u042d\u043a\u0441\u043a\u0443\u0440\u0441\u0438\u0438 Skyline","robots":{"index":"index","follow":"follow","max-snippet":"max-snippet:-1","max-image-preview":"max-image-preview:large","max-video-preview":"max-video-preview:-1"},"canonical":"https:\/\/skyline-gs.com\/cs\/produkt\/vip-cruise-megalodon-sharm\/","og_locale":"cs_CZ","og_type":"article","og_title":"\u0412\u0435\u0447\u0435\u0440\u043d\u0438\u0439 \u043a\u0440\u0443\u0438\u0437 \u0441 \u0443\u0436\u0438\u043d\u043e\u043c \u043d\u0430 VIP-\u044f\u0445\u0442\u0435 \u041c\u0435\u0433\u0430\u043b\u043e\u0434\u043e\u043d &#8226; \u042d\u043a\u0441\u043a\u0443\u0440\u0441\u0438\u0438 Skyline","og_description":"\u0412\u0440\u0435\u043c\u044f \u0442\u0443\u0440\u0430: 18:00 \u2013 21:30  \u0414\u043d\u0438 \u043f\u0440\u043e\u0432\u0435\u0434\u0435\u043d\u0438\u044f: \u041f\u043e\u043d\u0435\u0434\u0435\u043b\u044c\u043d\u0438\u043a, \u0421\u0440\u0435\u0434\u0430, \u0421\u0443\u0431\u0431\u043e\u0442\u0430","og_url":"https:\/\/skyline-gs.com\/cs\/produkt\/vip-cruise-megalodon-sharm\/","og_site_name":"\u042d\u043a\u0441\u043a\u0443\u0440\u0441\u0438\u0438 Skyline","article_modified_time":"2026-01-27T10:56:15+00:00","og_image":[{"width":669,"height":446,"url":"https:\/\/skyline-gs.com\/wp-content\/uploads\/2024\/11\/1.png","type":"image\/png"}],"twitter_card":"summary_large_image","twitter_misc":{"Odhadovan\u00e1 doba \u010dten\u00ed":"1 minuta"},"schema":{"@context":"https:\/\/schema.org","@graph":[{"@type":"WebPage","@id":"https:\/\/skyline-gs.com\/product\/vip-cruise-megalodon-sharm\/","url":"https:\/\/skyline-gs.com\/product\/vip-cruise-megalodon-sharm\/","name":"\u0412\u0435\u0447\u0435\u0440\u043d\u0438\u0439 \u043a\u0440\u0443\u0438\u0437 \u0441 \u0443\u0436\u0438\u043d\u043e\u043c \u043d\u0430 VIP-\u044f\u0445\u0442\u0435 \u041c\u0435\u0433\u0430\u043b\u043e\u0434\u043e\u043d &#8226; \u042d\u043a\u0441\u043a\u0443\u0440\u0441\u0438\u0438 Skyline","isPartOf":{"@id":"https:\/\/skyline-gs.com\/it\/#website"},"primaryImageOfPage":{"@id":"https:\/\/skyline-gs.com\/product\/vip-cruise-megalodon-sharm\/#primaryimage"},"image":{"@id":"https:\/\/skyline-gs.com\/product\/vip-cruise-megalodon-sharm\/#primaryimage"},"thumbnailUrl":"https:\/\/skyline-gs.com\/wp-content\/uploads\/2024\/11\/1.png","datePublished":"2024-11-03T20:48:01+00:00","dateModified":"2026-01-27T10:56:15+00:00","breadcrumb":{"@id":"https:\/\/skyline-gs.com\/product\/vip-cruise-megalodon-sharm\/#breadcrumb"},"inLanguage":"cs","potentialAction":[{"@type":"ReadAction","target":["https:\/\/skyline-gs.com\/product\/vip-cruise-megalodon-sharm\/"]}]},{"@type":"ImageObject","inLanguage":"cs","@id":"https:\/\/skyline-gs.com\/product\/vip-cruise-megalodon-sharm\/#primaryimage","url":"https:\/\/skyline-gs.com\/wp-content\/uploads\/2024\/11\/1.png","contentUrl":"https:\/\/skyline-gs.com\/wp-content\/uploads\/2024\/11\/1.png","width":669,"height":446},{"@type":"BreadcrumbList","@id":"https:\/\/skyline-gs.com\/product\/vip-cruise-megalodon-sharm\/#breadcrumb","itemListElement":[{"@type":"ListItem","position":1,"name":"\u0413\u043b\u0430\u0432\u043d\u0430\u044f \u0441\u0442\u0440\u0430\u043d\u0438\u0446\u0430","item":"https:\/\/skyline-gs.com\/hu\/"},{"@type":"ListItem","position":2,"name":"\u041c\u0430\u0433\u0430\u0437\u0438\u043d","item":"https:\/\/skyline-gs.com\/cs\/shop\/"},{"@type":"ListItem","position":3,"name":"\u0412\u0435\u0447\u0435\u0440\u043d\u0438\u0439 \u043a\u0440\u0443\u0438\u0437 \u0441 \u0443\u0436\u0438\u043d\u043e\u043c \u043d\u0430 VIP-\u044f\u0445\u0442\u0435 \u041c\u0435\u0433\u0430\u043b\u043e\u0434\u043e\u043d"}]},{"@type":"WebSite","@id":"https:\/\/skyline-gs.com\/it\/#website","url":"https:\/\/skyline-gs.com\/it\/","name":"Skyline V\u00fdlety","description":"Exkluzivn\u00ed v\u00fdlety do nejlep\u0161\u00edch sv\u011btov\u00fdch letovisek","publisher":{"@id":"https:\/\/skyline-gs.com\/it\/#organization"},"alternateName":"Skyline","potentialAction":[{"@type":"SearchAction","target":{"@type":"EntryPoint","urlTemplate":"https:\/\/skyline-gs.com\/it\/?s={search_term_string}"},"query-input":{"@type":"PropertyValueSpecification","valueRequired":true,"valueName":"search_term_string"}}],"inLanguage":"cs"},{"@type":"Organization","@id":"https:\/\/skyline-gs.com\/it\/#organization","name":"Skyline V\u00fdlety","alternateName":"\u042d\u043a\u0441\u043a\u0443\u0440\u0441\u0438\u0438 Skyline","url":"https:\/\/skyline-gs.com\/it\/","logo":{"@type":"ImageObject","inLanguage":"cs","@id":"https:\/\/skyline-gs.com\/it\/#\/schema\/logo\/image\/","url":"https:\/\/skyline-gs.com\/wp-content\/uploads\/2020\/12\/cropped-logo-2.png","contentUrl":"https:\/\/skyline-gs.com\/wp-content\/uploads\/2020\/12\/cropped-logo-2.png","width":512,"height":512,"caption":"\u042d\u043a\u0441\u043a\u0443\u0440\u0441\u0438\u0438 Skyline"},"image":{"@id":"https:\/\/skyline-gs.com\/it\/#\/schema\/logo\/image\/"},"sameAs":["https:\/\/www.instagram.com\/skylineglobalservice\/"]}]}},"_links":{"self":[{"href":"https:\/\/skyline-gs.com\/cs\/wp-json\/wp\/v2\/product\/58755","targetHints":{"allow":["GET"]}}],"collection":[{"href":"https:\/\/skyline-gs.com\/cs\/wp-json\/wp\/v2\/product"}],"about":[{"href":"https:\/\/skyline-gs.com\/cs\/wp-json\/wp\/v2\/types\/product"}],"version-history":[{"count":0,"href":"https:\/\/skyline-gs.com\/cs\/wp-json\/wp\/v2\/product\/58755\/revisions"}],"wp:featuredmedia":[{"embeddable":true,"href":"https:\/\/skyline-gs.com\/cs\/wp-json\/wp\/v2\/media\/58756"}],"wp:attachment":[{"href":"https:\/\/skyline-gs.com\/cs\/wp-json\/wp\/v2\/media?parent=58755"}],"wp:term":[{"taxonomy":"product_brand","embeddable":true,"href":"https:\/\/skyline-gs.com\/cs\/wp-json\/wp\/v2\/product_brand?post=58755"},{"taxonomy":"product_cat","embeddable":true,"href":"https:\/\/skyline-gs.com\/cs\/wp-json\/wp\/v2\/product_cat?post=58755"},{"taxonomy":"product_tag","embeddable":true,"href":"https:\/\/skyline-gs.com\/cs\/wp-json\/wp\/v2\/product_tag?post=58755"}],"curies":[{"name":"wp","href":"https:\/\/api.w.org\/{rel}","templated":true}]}}