{"id":58379,"date":"2024-10-22T14:01:17","date_gmt":"2024-10-22T12:01:17","guid":{"rendered":"http:\/\/skyline-gs.com\/?post_type=product&#038;p=58379"},"modified":"2026-03-09T23:36:57","modified_gmt":"2026-03-09T21:36:57","slug":"mosaic-pro-sigiriya-srilanka","status":"publish","type":"product","link":"https:\/\/skyline-gs.com\/cs\/product\/mosaic-pro-sigiriya-srilanka\/","title":{"rendered":"Lanka Express Plus (se Sigiriya) 2 dny"},"content":{"rendered":"<p>\u042d\u0442\u0430 \u0432\u0435\u0440\u0441\u0438\u044f \u043f\u0440\u043e\u0433\u0440\u0430\u043c\u043c\u044b \u041b\u0430\u043d\u043a\u0438\u0439\u0441\u043a\u0438\u0439 \u044d\u043a\u0441\u043f\u0440\u0435\u0441\u0441 \u2014 \u043c\u0430\u043a\u0441\u0438\u043c\u0430\u043b\u044c\u043d\u043e \u043d\u0430\u0441\u044b\u0449\u0435\u043d\u043d\u0430\u044f! \u041f\u043e\u043c\u0438\u043c\u043e \u043a\u043b\u0430\u0441\u0441\u0438\u0447\u0435\u0441\u043a\u043e\u0439 \u043f\u0440\u043e\u0433\u0440\u0430\u043c\u043c\u044b, \u0432\u0430\u0441 \u0436\u0434\u0451\u0442 \u043f\u043e\u0441\u0435\u0449\u0435\u043d\u0438\u0435 \u0438\u043d\u0434\u0443\u0438\u0441\u0442\u0441\u043a\u043e\u0433\u043e \u0445\u0440\u0430\u043c\u0430 \u0421\u0438\u0442\u0430 \u0410\u043c\u043c\u0430\u043d, \u0441\u043b\u043e\u043d\u043e\u0432\u044c\u0435\u0433\u043e \u043f\u0438\u0442\u043e\u043c\u043d\u0438\u043a\u0430 \u041f\u0438\u043d\u043d\u0430\u0432\u0430\u043b\u0430, \u043a\u043e\u0440\u043c\u043b\u0435\u043d\u0438\u0435 \u043e\u0431\u0435\u0437\u044c\u044f\u043d \u0438, \u043a\u043e\u043d\u0435\u0447\u043d\u043e, \u043f\u043e\u0434\u044a\u0435\u043c \u043d\u0430 \u043b\u0435\u0433\u0435\u043d\u0434\u0430\u0440\u043d\u0443\u044e \u0421\u0438\u0433\u0438\u0440\u0438\u044e.<\/p>\n<p><strong>Den 1<\/strong><\/p>\n<ul>\n<li data-start=\"680\" data-end=\"713\"><strong>3:00 - Odjezd z hotelov\u00e9 haly.<\/strong><\/li>\n<li data-start=\"680\" data-end=\"713\"><strong data-start=\"640\" data-end=\"686\">Little Adam's Peak (asi 30 minut v\u00fdstupu). <\/strong>Kr\u00e1tk\u00fd trek s n\u00e1dhern\u00fdm v\u00fdhledem na Ellu a okoln\u00ed hory. Skv\u011bl\u00e9 m\u00edsto pro setk\u00e1n\u00ed s v\u00fdchodem slunce a po\u0159\u00edzen\u00ed prvn\u00edch fotografi\u00ed.<\/li>\n<li data-start=\"680\" data-end=\"713\"><strong data-start=\"809\" data-end=\"830\">Ravana Falls. <\/strong>Jeden z nejmalebn\u011bj\u0161\u00edch vodop\u00e1d\u016f na ostrov\u011b. M\u016f\u017eete se tu vykoupat, osv\u011b\u017eit a po\u0159\u00eddit kr\u00e1sn\u00e9 fotografie.<\/li>\n<li data-start=\"680\" data-end=\"713\"><strong data-start=\"954\" data-end=\"979\">Most dev\u00edti. <\/strong>Jeden z nejzn\u00e1m\u011bj\u0161\u00edch most\u016f na sv\u011bt\u011b a symbol Sr\u00ed Lanky. Obzvl\u00e1\u0161t\u011b p\u016fsobiv\u00fd je, kdy\u017e po most\u011b proj\u00ed\u017ed\u00ed vlak.<\/li>\n<li data-start=\"680\" data-end=\"713\"><strong data-start=\"1098\" data-end=\"1143\">Z Elly do Nuwara Eliya vlakem (30-40 minut). <\/strong>Nezapomenuteln\u00e1 cesta po \u010dajov\u00fdch plant\u00e1\u017e\u00edch a horsk\u00fdch \u00fadol\u00edch. V tomto vlaku se po\u0159izuj\u00ed legend\u00e1rn\u00ed fotografie \"dve\u0159\u00ed vagonu\".<\/li>\n<li data-start=\"680\" data-end=\"713\"><strong data-start=\"1285\" data-end=\"1326\">Prohl\u00eddka m\u011bsta Nuwara Eliya. <\/strong>M\u011bstu se pro jeho koloni\u00e1ln\u00ed architekturu a \u00fatuln\u00e9 uli\u010dky \u0159\u00edk\u00e1 \"Mal\u00e1 Anglie\". Pohlednice m\u016f\u017eete pos\u00edlat z po\u0161ty z 19. stolet\u00ed.<\/li>\n<li data-start=\"680\" data-end=\"713\"><strong data-start=\"1459\" data-end=\"1494\">Hinduistick\u00fd chr\u00e1m Sita Amman. <\/strong>Posv\u00e1tn\u00e9 m\u00edsto pro hinduisty spojen\u00e9 se starov\u011bk\u00fdm eposem R\u00e1m\u00e1jana. Barevn\u00e9 n\u00e1st\u011bnn\u00e9 malby, bo\u017estva a neobvykl\u00e1 atmosf\u00e9ra.<\/li>\n<li data-start=\"680\" data-end=\"713\"><strong data-start=\"1624\" data-end=\"1657\">\u010cajov\u00e1 plant\u00e1\u017e a tov\u00e1rna. <\/strong>Seznamte se s procesem v\u00fdroby cejlonsk\u00e9ho \u010daje a ochutnejte 12 druh\u016f. Skv\u011bl\u00e1 p\u0159\u00edle\u017eitost k fotografov\u00e1n\u00ed s ko\u0161\u00edky na sb\u011br l\u00edstk\u016f.<\/li>\n<li data-start=\"680\" data-end=\"713\"><strong data-start=\"1807\" data-end=\"1869\">Ve\u010de\u0159e (formou bufetu) a p\u0159enocov\u00e1n\u00ed v hotelu Tea Bush Ramboda. <\/strong>Hotel s balkony s v\u00fdhledem na hory a vodop\u00e1d. Ide\u00e1ln\u00ed m\u00edsto pro odpo\u010dinek a barevn\u00e9 fotografie.<\/li>\n<\/ul>\n<p><strong>Den 2<\/strong><\/p>\n<ul>\n<li data-start=\"1993\" data-end=\"2022\"><strong data-start=\"1993\" data-end=\"2020\">Sn\u00eddan\u011b (formou bufetu)<\/strong><\/li>\n<li data-start=\"1993\" data-end=\"2022\"><strong data-start=\"2026\" data-end=\"2043\">Ambuluwawa. <\/strong>Unik\u00e1tn\u00ed spir\u00e1lov\u00e1 v\u011b\u017e, na kterou m\u016f\u017eete vystoupat, jako byste se proch\u00e1zeli po obloze. V\u00fdhled z vrcholu je z\u00e1vratn\u00fd.<\/li>\n<li data-start=\"1993\" data-end=\"2022\"><strong data-start=\"2173\" data-end=\"2207\">Slon\u00ed \u0161kolka Pinnawala. <\/strong>Nejzn\u00e1m\u011bj\u0161\u00ed m\u00edsto pro setk\u00e1n\u00ed se slony. M\u016f\u017eete je zde krmit, pozorovat p\u0159i koup\u00e1n\u00ed a po\u0159izovat dojemn\u00e9 fotografie.<\/li>\n<li data-start=\"1993\" data-end=\"2022\"><strong data-start=\"2335\" data-end=\"2374\">Zlat\u00fd chr\u00e1m v Dambulle (15 minut). <\/strong>Ob\u0159\u00ed socha Buddhy a vstup do slavn\u00fdch jeskynn\u00edch chr\u00e1m\u016f (pam\u00e1tka UNESCO).<\/li>\n<li data-start=\"1993\" data-end=\"2022\"><strong data-start=\"2460\" data-end=\"2484\">Krmen\u00ed opic. <\/strong>Z\u00e1bavn\u00e1 interakce s obyvateli d\u017eungle. Skv\u011bl\u00e1 p\u0159\u00edle\u017eitost pro \u017eiv\u00e9 fotografie.<\/li>\n<li data-start=\"1993\" data-end=\"2022\"><strong data-start=\"2577\" data-end=\"2607\">Sigiriya - Lv\u00ed sk\u00e1la. <\/strong>Vyvrcholen\u00ed cesty! Vystoupejte na vrchol legend\u00e1rn\u00ed Sigiriya. Jedn\u00e1 se o starobylou pevnost a pal\u00e1c a z vrcholu se v\u00e1m naskytne jeden z nejlep\u0161\u00edch v\u00fdhled\u016f na ostrov.<\/li>\n<li data-start=\"2254\" data-end=\"2283\"><strong>23:30 - N\u00e1vrat do hotelu.<\/strong><\/li>\n<\/ul>\n<p><strong>V\u010detn\u011b:<\/strong><\/p>\n<ul>\n<li>transfery do hotelu a zp\u011bt (vyzvednut\u00ed ve v\u0161ech hotelech na ji\u017en\u00edm pob\u0159e\u017e\u00ed)<\/li>\n<li>V\u0161echny transfery v r\u00e1mci programu<\/li>\n<li>rusky mluv\u00edc\u00ed pr\u016fvodce<\/li>\n<li>V\u0161echny vstupenky podle programu<\/li>\n<li>P\u0159enocov\u00e1n\u00ed v hotelu Tea Bush Ramboda<\/li>\n<li>Stravov\u00e1n\u00ed: ve\u010de\u0159e a sn\u00eddan\u011b<\/li>\n<\/ul>\n<p><strong>Nen\u00ed sou\u010d\u00e1st\u00ed dod\u00e1vky:<\/strong><\/p>\n<ul>\n<li>Ob\u011bdy ( 5-10$ )<\/li>\n<li>P\u0159i obsazen\u00ed jednoho pokoje p\u0159\u00edplatek +25$<\/li>\n<\/ul>\n<p><strong>Vezm\u011bte si ji s sebou:<\/strong><\/p>\n<ul>\n<li>Sn\u00eddan\u011b na vlastn\u00ed p\u011bst (objednejte si v hotelu)<\/li>\n<li>Voda<\/li>\n<li>Pokr\u00fdvka hlavy<\/li>\n<li>Opalovac\u00ed kr\u00e9m<\/li>\n<li>Kapesn\u00e9<\/li>\n<\/ul>","protected":false},"excerpt":{"rendered":"<p><strong>Doba prohl\u00eddky:<\/strong> 2 dny<\/p>\n<p><strong>Dny zadr\u017een\u00ed:<\/strong> \u00dater\u00fd, st\u0159eda, sobota, ned\u011ble.<\/p>","protected":false},"featured_media":58391,"template":"","meta":{"_kad_post_transparent":"default","_kad_post_title":"","_kad_post_layout":"default","_kad_post_sidebar_id":"","_kad_post_content_style":"default","_kad_post_vertical_padding":"default","_kad_post_feature":"","_kad_post_feature_position":"","_kad_post_header":false,"_kad_post_footer":false,"_kad_post_classname":"","_glsr_average":0,"_glsr_ranking":0,"_glsr_reviews":0},"product_brand":[],"product_cat":[436],"product_tag":[],"class_list":{"0":"post-58379","1":"product","2":"type-product","3":"status-publish","4":"has-post-thumbnail","6":"product_cat-srilanka","7":"tm-has-options","9":"first","10":"instock","11":"sold-individually","12":"taxable","13":"shipping-taxable","14":"purchasable","15":"product-type-simple","16":"entry","17":"content-bg","18":"loop-entry"},"yoast_head":"<!-- This site is optimized with the Yoast SEO plugin v27.3 - https:\/\/yoast.com\/product\/yoast-seo-wordpress\/ -->\n<title>\u041b\u0430\u043d\u043a\u0438\u0439\u0441\u043a\u0438\u0439 \u044d\u043a\u0441\u043f\u0440\u0435\u0441\u0441 \u041f\u043b\u044e\u0441 (\u0441 \u0421\u0438\u0433\u0438\u0440\u0438\u0435\u0439) 2 \u0434\u043d\u044f &#8226; \u042d\u043a\u0441\u043a\u0443\u0440\u0441\u0438\u0438 Skyline<\/title>\n<meta name=\"robots\" content=\"index, follow, max-snippet:-1, max-image-preview:large, max-video-preview:-1\" \/>\n<link rel=\"canonical\" href=\"https:\/\/skyline-gs.com\/cs\/produkt\/mosaic-pro-sigiriya-srilanka\/\" \/>\n<meta property=\"og:locale\" content=\"cs_CZ\" \/>\n<meta property=\"og:type\" content=\"article\" \/>\n<meta property=\"og:title\" content=\"\u041b\u0430\u043d\u043a\u0438\u0439\u0441\u043a\u0438\u0439 \u044d\u043a\u0441\u043f\u0440\u0435\u0441\u0441 \u041f\u043b\u044e\u0441 (\u0441 \u0421\u0438\u0433\u0438\u0440\u0438\u0435\u0439) 2 \u0434\u043d\u044f &#8226; \u042d\u043a\u0441\u043a\u0443\u0440\u0441\u0438\u0438 Skyline\" \/>\n<meta property=\"og:description\" content=\"\u0412\u0440\u0435\u043c\u044f \u0442\u0443\u0440\u0430: 2 \u0434\u043d\u044f  \u0414\u043d\u0438 \u043f\u0440\u043e\u0432\u0435\u0434\u0435\u043d\u0438\u044f: \u0412\u0442\u043e\u0440\u043d\u0438\u043a, \u0421\u0440\u0435\u0434\u0430, \u0421\u0443\u0431\u0431\u043e\u0442\u0430, \u0412\u043e\u0441\u043a\u0440\u0435\u0441\u0435\u043d\u044c\u0435\" \/>\n<meta property=\"og:url\" content=\"https:\/\/skyline-gs.com\/cs\/produkt\/mosaic-pro-sigiriya-srilanka\/\" \/>\n<meta property=\"og:site_name\" content=\"\u042d\u043a\u0441\u043a\u0443\u0440\u0441\u0438\u0438 Skyline\" \/>\n<meta property=\"article:modified_time\" content=\"2026-03-09T21:36:57+00:00\" \/>\n<meta property=\"og:image\" content=\"https:\/\/skyline-gs.com\/wp-content\/uploads\/2024\/10\/84.jpg\" \/>\n\t<meta property=\"og:image:width\" content=\"669\" \/>\n\t<meta property=\"og:image:height\" content=\"446\" \/>\n\t<meta property=\"og:image:type\" content=\"image\/jpeg\" \/>\n<meta name=\"twitter:card\" content=\"summary_large_image\" \/>\n<meta name=\"twitter:label1\" content=\"Odhadovan\u00e1 doba \u010dten\u00ed\" \/>\n\t<meta name=\"twitter:data1\" content=\"3 minuty\" \/>\n<script type=\"application\/ld+json\" class=\"yoast-schema-graph\">{\"@context\":\"https:\\\/\\\/schema.org\",\"@graph\":[{\"@type\":\"WebPage\",\"@id\":\"https:\\\/\\\/skyline-gs.com\\\/product\\\/mosaic-pro-sigiriya-srilanka\\\/\",\"url\":\"https:\\\/\\\/skyline-gs.com\\\/product\\\/mosaic-pro-sigiriya-srilanka\\\/\",\"name\":\"\u041b\u0430\u043d\u043a\u0438\u0439\u0441\u043a\u0438\u0439 \u044d\u043a\u0441\u043f\u0440\u0435\u0441\u0441 \u041f\u043b\u044e\u0441 (\u0441 \u0421\u0438\u0433\u0438\u0440\u0438\u0435\u0439) 2 \u0434\u043d\u044f &#8226; \u042d\u043a\u0441\u043a\u0443\u0440\u0441\u0438\u0438 Skyline\",\"isPartOf\":{\"@id\":\"https:\\\/\\\/skyline-gs.com\\\/it\\\/#website\"},\"primaryImageOfPage\":{\"@id\":\"https:\\\/\\\/skyline-gs.com\\\/product\\\/mosaic-pro-sigiriya-srilanka\\\/#primaryimage\"},\"image\":{\"@id\":\"https:\\\/\\\/skyline-gs.com\\\/product\\\/mosaic-pro-sigiriya-srilanka\\\/#primaryimage\"},\"thumbnailUrl\":\"https:\\\/\\\/skyline-gs.com\\\/wp-content\\\/uploads\\\/2024\\\/10\\\/84.jpg\",\"datePublished\":\"2024-10-22T12:01:17+00:00\",\"dateModified\":\"2026-03-09T21:36:57+00:00\",\"breadcrumb\":{\"@id\":\"https:\\\/\\\/skyline-gs.com\\\/product\\\/mosaic-pro-sigiriya-srilanka\\\/#breadcrumb\"},\"inLanguage\":\"cs\",\"potentialAction\":[{\"@type\":\"ReadAction\",\"target\":[\"https:\\\/\\\/skyline-gs.com\\\/product\\\/mosaic-pro-sigiriya-srilanka\\\/\"]}]},{\"@type\":\"ImageObject\",\"inLanguage\":\"cs\",\"@id\":\"https:\\\/\\\/skyline-gs.com\\\/product\\\/mosaic-pro-sigiriya-srilanka\\\/#primaryimage\",\"url\":\"https:\\\/\\\/skyline-gs.com\\\/wp-content\\\/uploads\\\/2024\\\/10\\\/84.jpg\",\"contentUrl\":\"https:\\\/\\\/skyline-gs.com\\\/wp-content\\\/uploads\\\/2024\\\/10\\\/84.jpg\",\"width\":669,\"height\":446},{\"@type\":\"BreadcrumbList\",\"@id\":\"https:\\\/\\\/skyline-gs.com\\\/product\\\/mosaic-pro-sigiriya-srilanka\\\/#breadcrumb\",\"itemListElement\":[{\"@type\":\"ListItem\",\"position\":1,\"name\":\"\u0413\u043b\u0430\u0432\u043d\u0430\u044f \u0441\u0442\u0440\u0430\u043d\u0438\u0446\u0430\",\"item\":\"https:\\\/\\\/skyline-gs.com\\\/hu\\\/\"},{\"@type\":\"ListItem\",\"position\":2,\"name\":\"\u041c\u0430\u0433\u0430\u0437\u0438\u043d\",\"item\":\"https:\\\/\\\/skyline-gs.com\\\/cs\\\/shop\\\/\"},{\"@type\":\"ListItem\",\"position\":3,\"name\":\"\u041b\u0430\u043d\u043a\u0438\u0439\u0441\u043a\u0438\u0439 \u044d\u043a\u0441\u043f\u0440\u0435\u0441\u0441 \u041f\u043b\u044e\u0441 (\u0441 \u0421\u0438\u0433\u0438\u0440\u0438\u0435\u0439) 2 \u0434\u043d\u044f\"}]},{\"@type\":\"WebSite\",\"@id\":\"https:\\\/\\\/skyline-gs.com\\\/it\\\/#website\",\"url\":\"https:\\\/\\\/skyline-gs.com\\\/it\\\/\",\"name\":\"\u042d\u043a\u0441\u043a\u0443\u0440\u0441\u0438\u0438 Skyline\",\"description\":\"\u042d\u043a\u0441\u043a\u043b\u044e\u0437\u0438\u0432\u043d\u044b\u0435 \u044d\u043a\u0441\u043a\u0443\u0440\u0441\u0438\u0438 \u043d\u0430 \u043b\u0443\u0447\u0448\u0438\u0445 \u043a\u0443\u0440\u043e\u0440\u0442\u0430\u0445 \u043c\u0438\u0440\u0430\",\"publisher\":{\"@id\":\"https:\\\/\\\/skyline-gs.com\\\/it\\\/#organization\"},\"alternateName\":\"Skyline\",\"potentialAction\":[{\"@type\":\"SearchAction\",\"target\":{\"@type\":\"EntryPoint\",\"urlTemplate\":\"https:\\\/\\\/skyline-gs.com\\\/it\\\/?s={search_term_string}\"},\"query-input\":{\"@type\":\"PropertyValueSpecification\",\"valueRequired\":true,\"valueName\":\"search_term_string\"}}],\"inLanguage\":\"cs\"},{\"@type\":\"Organization\",\"@id\":\"https:\\\/\\\/skyline-gs.com\\\/it\\\/#organization\",\"name\":\"\u042d\u043a\u0441\u043a\u0443\u0440\u0441\u0438\u0438 Skyline\",\"alternateName\":\"\u042d\u043a\u0441\u043a\u0443\u0440\u0441\u0438\u0438 Skyline\",\"url\":\"https:\\\/\\\/skyline-gs.com\\\/it\\\/\",\"logo\":{\"@type\":\"ImageObject\",\"inLanguage\":\"cs\",\"@id\":\"https:\\\/\\\/skyline-gs.com\\\/it\\\/#\\\/schema\\\/logo\\\/image\\\/\",\"url\":\"https:\\\/\\\/skyline-gs.com\\\/wp-content\\\/uploads\\\/2020\\\/12\\\/cropped-logo-2.png\",\"contentUrl\":\"https:\\\/\\\/skyline-gs.com\\\/wp-content\\\/uploads\\\/2020\\\/12\\\/cropped-logo-2.png\",\"width\":512,\"height\":512,\"caption\":\"\u042d\u043a\u0441\u043a\u0443\u0440\u0441\u0438\u0438 Skyline\"},\"image\":{\"@id\":\"https:\\\/\\\/skyline-gs.com\\\/it\\\/#\\\/schema\\\/logo\\\/image\\\/\"},\"sameAs\":[\"https:\\\/\\\/www.instagram.com\\\/skylineglobalservice\\\/\"]}]}<\/script>\n<!-- \/ Yoast SEO plugin. -->","yoast_head_json":{"title":"\u041b\u0430\u043d\u043a\u0438\u0439\u0441\u043a\u0438\u0439 \u044d\u043a\u0441\u043f\u0440\u0435\u0441\u0441 \u041f\u043b\u044e\u0441 (\u0441 \u0421\u0438\u0433\u0438\u0440\u0438\u0435\u0439) 2 \u0434\u043d\u044f &#8226; \u042d\u043a\u0441\u043a\u0443\u0440\u0441\u0438\u0438 Skyline","robots":{"index":"index","follow":"follow","max-snippet":"max-snippet:-1","max-image-preview":"max-image-preview:large","max-video-preview":"max-video-preview:-1"},"canonical":"https:\/\/skyline-gs.com\/cs\/produkt\/mosaic-pro-sigiriya-srilanka\/","og_locale":"cs_CZ","og_type":"article","og_title":"\u041b\u0430\u043d\u043a\u0438\u0439\u0441\u043a\u0438\u0439 \u044d\u043a\u0441\u043f\u0440\u0435\u0441\u0441 \u041f\u043b\u044e\u0441 (\u0441 \u0421\u0438\u0433\u0438\u0440\u0438\u0435\u0439) 2 \u0434\u043d\u044f &#8226; \u042d\u043a\u0441\u043a\u0443\u0440\u0441\u0438\u0438 Skyline","og_description":"\u0412\u0440\u0435\u043c\u044f \u0442\u0443\u0440\u0430: 2 \u0434\u043d\u044f  \u0414\u043d\u0438 \u043f\u0440\u043e\u0432\u0435\u0434\u0435\u043d\u0438\u044f: \u0412\u0442\u043e\u0440\u043d\u0438\u043a, \u0421\u0440\u0435\u0434\u0430, \u0421\u0443\u0431\u0431\u043e\u0442\u0430, \u0412\u043e\u0441\u043a\u0440\u0435\u0441\u0435\u043d\u044c\u0435","og_url":"https:\/\/skyline-gs.com\/cs\/produkt\/mosaic-pro-sigiriya-srilanka\/","og_site_name":"\u042d\u043a\u0441\u043a\u0443\u0440\u0441\u0438\u0438 Skyline","article_modified_time":"2026-03-09T21:36:57+00:00","og_image":[{"width":669,"height":446,"url":"https:\/\/skyline-gs.com\/wp-content\/uploads\/2024\/10\/84.jpg","type":"image\/jpeg"}],"twitter_card":"summary_large_image","twitter_misc":{"Odhadovan\u00e1 doba \u010dten\u00ed":"3 minuty"},"schema":{"@context":"https:\/\/schema.org","@graph":[{"@type":"WebPage","@id":"https:\/\/skyline-gs.com\/product\/mosaic-pro-sigiriya-srilanka\/","url":"https:\/\/skyline-gs.com\/product\/mosaic-pro-sigiriya-srilanka\/","name":"\u041b\u0430\u043d\u043a\u0438\u0439\u0441\u043a\u0438\u0439 \u044d\u043a\u0441\u043f\u0440\u0435\u0441\u0441 \u041f\u043b\u044e\u0441 (\u0441 \u0421\u0438\u0433\u0438\u0440\u0438\u0435\u0439) 2 \u0434\u043d\u044f &#8226; \u042d\u043a\u0441\u043a\u0443\u0440\u0441\u0438\u0438 Skyline","isPartOf":{"@id":"https:\/\/skyline-gs.com\/it\/#website"},"primaryImageOfPage":{"@id":"https:\/\/skyline-gs.com\/product\/mosaic-pro-sigiriya-srilanka\/#primaryimage"},"image":{"@id":"https:\/\/skyline-gs.com\/product\/mosaic-pro-sigiriya-srilanka\/#primaryimage"},"thumbnailUrl":"https:\/\/skyline-gs.com\/wp-content\/uploads\/2024\/10\/84.jpg","datePublished":"2024-10-22T12:01:17+00:00","dateModified":"2026-03-09T21:36:57+00:00","breadcrumb":{"@id":"https:\/\/skyline-gs.com\/product\/mosaic-pro-sigiriya-srilanka\/#breadcrumb"},"inLanguage":"cs","potentialAction":[{"@type":"ReadAction","target":["https:\/\/skyline-gs.com\/product\/mosaic-pro-sigiriya-srilanka\/"]}]},{"@type":"ImageObject","inLanguage":"cs","@id":"https:\/\/skyline-gs.com\/product\/mosaic-pro-sigiriya-srilanka\/#primaryimage","url":"https:\/\/skyline-gs.com\/wp-content\/uploads\/2024\/10\/84.jpg","contentUrl":"https:\/\/skyline-gs.com\/wp-content\/uploads\/2024\/10\/84.jpg","width":669,"height":446},{"@type":"BreadcrumbList","@id":"https:\/\/skyline-gs.com\/product\/mosaic-pro-sigiriya-srilanka\/#breadcrumb","itemListElement":[{"@type":"ListItem","position":1,"name":"\u0413\u043b\u0430\u0432\u043d\u0430\u044f \u0441\u0442\u0440\u0430\u043d\u0438\u0446\u0430","item":"https:\/\/skyline-gs.com\/hu\/"},{"@type":"ListItem","position":2,"name":"\u041c\u0430\u0433\u0430\u0437\u0438\u043d","item":"https:\/\/skyline-gs.com\/cs\/shop\/"},{"@type":"ListItem","position":3,"name":"\u041b\u0430\u043d\u043a\u0438\u0439\u0441\u043a\u0438\u0439 \u044d\u043a\u0441\u043f\u0440\u0435\u0441\u0441 \u041f\u043b\u044e\u0441 (\u0441 \u0421\u0438\u0433\u0438\u0440\u0438\u0435\u0439) 2 \u0434\u043d\u044f"}]},{"@type":"WebSite","@id":"https:\/\/skyline-gs.com\/it\/#website","url":"https:\/\/skyline-gs.com\/it\/","name":"Skyline V\u00fdlety","description":"Exkluzivn\u00ed v\u00fdlety do nejlep\u0161\u00edch sv\u011btov\u00fdch letovisek","publisher":{"@id":"https:\/\/skyline-gs.com\/it\/#organization"},"alternateName":"Skyline","potentialAction":[{"@type":"SearchAction","target":{"@type":"EntryPoint","urlTemplate":"https:\/\/skyline-gs.com\/it\/?s={search_term_string}"},"query-input":{"@type":"PropertyValueSpecification","valueRequired":true,"valueName":"search_term_string"}}],"inLanguage":"cs"},{"@type":"Organization","@id":"https:\/\/skyline-gs.com\/it\/#organization","name":"Skyline V\u00fdlety","alternateName":"\u042d\u043a\u0441\u043a\u0443\u0440\u0441\u0438\u0438 Skyline","url":"https:\/\/skyline-gs.com\/it\/","logo":{"@type":"ImageObject","inLanguage":"cs","@id":"https:\/\/skyline-gs.com\/it\/#\/schema\/logo\/image\/","url":"https:\/\/skyline-gs.com\/wp-content\/uploads\/2020\/12\/cropped-logo-2.png","contentUrl":"https:\/\/skyline-gs.com\/wp-content\/uploads\/2020\/12\/cropped-logo-2.png","width":512,"height":512,"caption":"\u042d\u043a\u0441\u043a\u0443\u0440\u0441\u0438\u0438 Skyline"},"image":{"@id":"https:\/\/skyline-gs.com\/it\/#\/schema\/logo\/image\/"},"sameAs":["https:\/\/www.instagram.com\/skylineglobalservice\/"]}]}},"_links":{"self":[{"href":"https:\/\/skyline-gs.com\/cs\/wp-json\/wp\/v2\/product\/58379","targetHints":{"allow":["GET"]}}],"collection":[{"href":"https:\/\/skyline-gs.com\/cs\/wp-json\/wp\/v2\/product"}],"about":[{"href":"https:\/\/skyline-gs.com\/cs\/wp-json\/wp\/v2\/types\/product"}],"version-history":[{"count":0,"href":"https:\/\/skyline-gs.com\/cs\/wp-json\/wp\/v2\/product\/58379\/revisions"}],"wp:featuredmedia":[{"embeddable":true,"href":"https:\/\/skyline-gs.com\/cs\/wp-json\/wp\/v2\/media\/58391"}],"wp:attachment":[{"href":"https:\/\/skyline-gs.com\/cs\/wp-json\/wp\/v2\/media?parent=58379"}],"wp:term":[{"taxonomy":"product_brand","embeddable":true,"href":"https:\/\/skyline-gs.com\/cs\/wp-json\/wp\/v2\/product_brand?post=58379"},{"taxonomy":"product_cat","embeddable":true,"href":"https:\/\/skyline-gs.com\/cs\/wp-json\/wp\/v2\/product_cat?post=58379"},{"taxonomy":"product_tag","embeddable":true,"href":"https:\/\/skyline-gs.com\/cs\/wp-json\/wp\/v2\/product_tag?post=58379"}],"curies":[{"name":"wp","href":"https:\/\/api.w.org\/{rel}","templated":true}]}}