{"id":57516,"date":"2022-10-25T18:49:26","date_gmt":"2022-10-25T15:49:26","guid":{"rendered":"https:\/\/hurghada.skyline-gs.com\/?post_type=product&#038;p=25579"},"modified":"2026-03-10T00:20:31","modified_gmt":"2026-03-09T22:20:31","slug":"day-horse-riding","status":"publish","type":"product","link":"https:\/\/skyline-gs.com\/cs\/product\/day-horse-riding\/","title":{"rendered":"J\u00edzda na koni (dopoledne)"},"content":{"rendered":"<p><strong>10:00<\/strong>\u00a0- Odjezd z hotelu. Cesta trv\u00e1 p\u0159ibli\u017en\u011b 40 minut.<\/p>\n<p><strong>J\u00edzda na koni v\u00e1m umo\u017en\u00ed vychutnat si kr\u00e1snou krajinu a c\u00edtit se v souladu s p\u0159\u00edrodou. Proch\u00e1zka pod\u00e9l pob\u0159e\u017e\u00ed Rud\u00e9ho mo\u0159e na pozad\u00ed z\u00e1padu slunce vytv\u00e1\u0159\u00ed jedine\u010dnou atmosf\u00e9ru a dod\u00e1v\u00e1 pocit klidu a m\u00edru.<\/strong><\/p>\n<p>Po p\u0159\u00edjezdu na m\u00edsto v\u00e1m zku\u0161en\u00ed instrukto\u0159i poskytnou podrobnou instrukt\u00e1\u017e, abyste se c\u00edtili jist\u011b a bezpe\u010dn\u011b.<\/p>\n<p><strong>Cesta pod\u00e9l pob\u0159e\u017e\u00ed a koup\u00e1n\u00ed s kon\u011bm (1 hodina):<\/strong><\/p>\n<ul>\n<li>Nasedn\u011bte na kon\u011b a vydejte se na vzru\u0161uj\u00edc\u00ed cestu pou\u0161t\u00ed. Proch\u00e1zka v\u00e1s zavede asi 200 metr\u016f ke b\u0159eh\u016fm Rud\u00e9ho mo\u0159e.<\/li>\n<li>Vydejte se na proj\u00ed\u017e\u010fku na koni pod\u00e9l malebn\u00e9ho pob\u0159e\u017e\u00ed Rud\u00e9ho mo\u0159e. P\u0159ibli\u017en\u011b 30 minut j\u00edzdy v\u00e1m poskytne n\u00e1dhern\u00e9 v\u00fdhledy a \u010derstv\u00fd mo\u0159sk\u00fd vzduch.<\/li>\n<li>Pono\u0159te se s kon\u011bm do osv\u011b\u017euj\u00edc\u00edch vod Rud\u00e9ho mo\u0159e. Asi 30 minut plav\u00e1n\u00ed v hloubce p\u0159ibli\u017en\u011b 1,20 metru v\u00e1m poskytne nezapomenuteln\u00fd z\u00e1\u017eitek.<\/li>\n<\/ul>\n<p>Zachy\u0165te tyto kouzeln\u00e9 okam\u017eiky na fotoapar\u00e1t telefonu. Na\u0161i instrukto\u0159i v\u00e1m pomohou po\u0159\u00eddit \u017eiv\u00e9 a malebn\u00e9 fotografie.<\/p>\n<p>J\u00edzda na koni pod\u00e9l mo\u0159sk\u00e9ho pob\u0159e\u017e\u00ed a koup\u00e1n\u00ed s kon\u011bm vytv\u00e1\u0159ej\u00ed \u017eiv\u00e9 a nezapomenuteln\u00e9 okam\u017eiky. Takov\u00e9 dojmy z\u016fst\u00e1vaj\u00ed v pam\u011bti po dlouhou dobu a mohou se st\u00e1t skv\u011bl\u00fdm n\u00e1m\u011btem pro vypr\u00e1v\u011bn\u00ed a vzpom\u00ednky.<\/p>\n<p><strong>14:00<\/strong>\u00a0- N\u00e1vrat do hotelu.<\/p>\n<p><strong>V\u010detn\u011b:<\/strong><\/p>\n<ul>\n<li>J\u00edzda na koni<\/li>\n<li>Munice a ochrana<\/li>\n<li>rusky mluv\u00edc\u00ed instruktor<\/li>\n<\/ul>\n<p><strong>Podm\u00ednky a pravidla:<\/strong><\/p>\n<ul>\n<li>Hmotnost jezdce nesm\u00ed p\u0159ekro\u010dit 100 kg.<\/li>\n<li>D\u011bti lze rezervovat pouze spole\u010dn\u011b s dosp\u011bl\u00fdm v r\u00e1mci jedn\u00e9 rezervace.<\/li>\n<\/ul>\n<p><strong>Nen\u00ed sou\u010d\u00e1st\u00ed dod\u00e1vky:<\/strong><\/p>\n<ul>\n<li>Transfer z hotel\u016f v El Gouna, Makadi: +10$ tam a zp\u011bt pro skupinu 1 a\u017e 6 osob<\/li>\n<li>Transfer z hotel\u016f v Soma Bay, Safaga: +20$ tam a zp\u011bt pro skupinu 1 a\u017e 6 osob<\/li>\n<\/ul>\n<p><strong>Vezm\u011bte si ji s sebou:<\/strong><\/p>\n<ul>\n<li>foto-video kamera<\/li>\n<li>Slune\u010dn\u00ed br\u00fdle<\/li>\n<li>Pohodln\u00e1 obuv<\/li>\n<\/ul>","protected":false},"excerpt":{"rendered":"<p><strong>Doba prohl\u00eddky:<\/strong> 10:00 &#8212; 14:00<\/p>\n<p><strong>Dny zadr\u017een\u00ed: <\/strong>denn\u011b<\/p>","protected":false},"featured_media":57667,"template":"","meta":{"_kad_post_transparent":"default","_kad_post_title":"","_kad_post_layout":"default","_kad_post_sidebar_id":"","_kad_post_content_style":"default","_kad_post_vertical_padding":"default","_kad_post_feature":"","_kad_post_feature_position":"","_kad_post_header":false,"_kad_post_footer":false,"_kad_post_classname":"","_glsr_average":0,"_glsr_ranking":0,"_glsr_reviews":0},"product_brand":[],"product_cat":[479],"product_tag":[],"class_list":{"0":"post-57516","1":"product","2":"type-product","3":"status-publish","4":"has-post-thumbnail","6":"product_cat-hurghadatours","7":"tm-has-options","9":"first","10":"instock","11":"sold-individually","12":"taxable","13":"shipping-taxable","14":"purchasable","15":"product-type-simple","16":"entry","17":"content-bg","18":"loop-entry"},"yoast_head":"<!-- This site is optimized with the Yoast SEO plugin v27.3 - https:\/\/yoast.com\/product\/yoast-seo-wordpress\/ -->\n<title>\u0422\u0443\u0440 \u043d\u0430 \u043b\u043e\u0448\u0430\u0434\u044f\u0445 (\u0443\u0442\u0440\u043e) &#8226; \u042d\u043a\u0441\u043a\u0443\u0440\u0441\u0438\u0438 Skyline<\/title>\n<meta name=\"robots\" content=\"index, follow, max-snippet:-1, max-image-preview:large, max-video-preview:-1\" \/>\n<link rel=\"canonical\" href=\"https:\/\/skyline-gs.com\/cs\/produkt\/day-horse-riding\/\" \/>\n<meta property=\"og:locale\" content=\"cs_CZ\" \/>\n<meta property=\"og:type\" content=\"article\" \/>\n<meta property=\"og:title\" content=\"\u0422\u0443\u0440 \u043d\u0430 \u043b\u043e\u0448\u0430\u0434\u044f\u0445 (\u0443\u0442\u0440\u043e) &#8226; \u042d\u043a\u0441\u043a\u0443\u0440\u0441\u0438\u0438 Skyline\" \/>\n<meta property=\"og:description\" content=\"\u0412\u0440\u0435\u043c\u044f \u0442\u0443\u0440\u0430: 10:00 - 14:00  \u0414\u043d\u0438 \u043f\u0440\u043e\u0432\u0435\u0434\u0435\u043d\u0438\u044f: \u0435\u0436\u0435\u0434\u043d\u0435\u0432\u043d\u043e\" \/>\n<meta property=\"og:url\" content=\"https:\/\/skyline-gs.com\/cs\/produkt\/day-horse-riding\/\" \/>\n<meta property=\"og:site_name\" content=\"\u042d\u043a\u0441\u043a\u0443\u0440\u0441\u0438\u0438 Skyline\" \/>\n<meta property=\"article:modified_time\" content=\"2026-03-09T22:20:31+00:00\" \/>\n<meta property=\"og:image\" content=\"https:\/\/skyline-gs.com\/wp-content\/uploads\/2022\/10\/48-1.jpg\" \/>\n\t<meta property=\"og:image:width\" content=\"670\" \/>\n\t<meta property=\"og:image:height\" content=\"446\" \/>\n\t<meta property=\"og:image:type\" content=\"image\/jpeg\" \/>\n<meta name=\"twitter:card\" content=\"summary_large_image\" \/>\n<meta name=\"twitter:label1\" content=\"Odhadovan\u00e1 doba \u010dten\u00ed\" \/>\n\t<meta name=\"twitter:data1\" content=\"2 minuty\" \/>\n<script type=\"application\/ld+json\" class=\"yoast-schema-graph\">{\"@context\":\"https:\\\/\\\/schema.org\",\"@graph\":[{\"@type\":\"WebPage\",\"@id\":\"https:\\\/\\\/skyline-gs.com\\\/product\\\/day-horse-riding\\\/\",\"url\":\"https:\\\/\\\/skyline-gs.com\\\/product\\\/day-horse-riding\\\/\",\"name\":\"\u0422\u0443\u0440 \u043d\u0430 \u043b\u043e\u0448\u0430\u0434\u044f\u0445 (\u0443\u0442\u0440\u043e) &#8226; \u042d\u043a\u0441\u043a\u0443\u0440\u0441\u0438\u0438 Skyline\",\"isPartOf\":{\"@id\":\"https:\\\/\\\/skyline-gs.com\\\/it\\\/#website\"},\"primaryImageOfPage\":{\"@id\":\"https:\\\/\\\/skyline-gs.com\\\/product\\\/day-horse-riding\\\/#primaryimage\"},\"image\":{\"@id\":\"https:\\\/\\\/skyline-gs.com\\\/product\\\/day-horse-riding\\\/#primaryimage\"},\"thumbnailUrl\":\"https:\\\/\\\/skyline-gs.com\\\/wp-content\\\/uploads\\\/2022\\\/10\\\/48-1.jpg\",\"datePublished\":\"2022-10-25T15:49:26+00:00\",\"dateModified\":\"2026-03-09T22:20:31+00:00\",\"breadcrumb\":{\"@id\":\"https:\\\/\\\/skyline-gs.com\\\/product\\\/day-horse-riding\\\/#breadcrumb\"},\"inLanguage\":\"cs\",\"potentialAction\":[{\"@type\":\"ReadAction\",\"target\":[\"https:\\\/\\\/skyline-gs.com\\\/product\\\/day-horse-riding\\\/\"]}]},{\"@type\":\"ImageObject\",\"inLanguage\":\"cs\",\"@id\":\"https:\\\/\\\/skyline-gs.com\\\/product\\\/day-horse-riding\\\/#primaryimage\",\"url\":\"https:\\\/\\\/skyline-gs.com\\\/wp-content\\\/uploads\\\/2022\\\/10\\\/48-1.jpg\",\"contentUrl\":\"https:\\\/\\\/skyline-gs.com\\\/wp-content\\\/uploads\\\/2022\\\/10\\\/48-1.jpg\",\"width\":670,\"height\":446},{\"@type\":\"BreadcrumbList\",\"@id\":\"https:\\\/\\\/skyline-gs.com\\\/product\\\/day-horse-riding\\\/#breadcrumb\",\"itemListElement\":[{\"@type\":\"ListItem\",\"position\":1,\"name\":\"\u0413\u043b\u0430\u0432\u043d\u0430\u044f \u0441\u0442\u0440\u0430\u043d\u0438\u0446\u0430\",\"item\":\"https:\\\/\\\/skyline-gs.com\\\/hu\\\/\"},{\"@type\":\"ListItem\",\"position\":2,\"name\":\"\u041c\u0430\u0433\u0430\u0437\u0438\u043d\",\"item\":\"https:\\\/\\\/skyline-gs.com\\\/cs\\\/shop\\\/\"},{\"@type\":\"ListItem\",\"position\":3,\"name\":\"\u0422\u0443\u0440 \u043d\u0430 \u043b\u043e\u0448\u0430\u0434\u044f\u0445 (\u0443\u0442\u0440\u043e)\"}]},{\"@type\":\"WebSite\",\"@id\":\"https:\\\/\\\/skyline-gs.com\\\/it\\\/#website\",\"url\":\"https:\\\/\\\/skyline-gs.com\\\/it\\\/\",\"name\":\"\u042d\u043a\u0441\u043a\u0443\u0440\u0441\u0438\u0438 Skyline\",\"description\":\"\u042d\u043a\u0441\u043a\u043b\u044e\u0437\u0438\u0432\u043d\u044b\u0435 \u044d\u043a\u0441\u043a\u0443\u0440\u0441\u0438\u0438 \u043d\u0430 \u043b\u0443\u0447\u0448\u0438\u0445 \u043a\u0443\u0440\u043e\u0440\u0442\u0430\u0445 \u043c\u0438\u0440\u0430\",\"publisher\":{\"@id\":\"https:\\\/\\\/skyline-gs.com\\\/it\\\/#organization\"},\"alternateName\":\"Skyline\",\"potentialAction\":[{\"@type\":\"SearchAction\",\"target\":{\"@type\":\"EntryPoint\",\"urlTemplate\":\"https:\\\/\\\/skyline-gs.com\\\/it\\\/?s={search_term_string}\"},\"query-input\":{\"@type\":\"PropertyValueSpecification\",\"valueRequired\":true,\"valueName\":\"search_term_string\"}}],\"inLanguage\":\"cs\"},{\"@type\":\"Organization\",\"@id\":\"https:\\\/\\\/skyline-gs.com\\\/it\\\/#organization\",\"name\":\"\u042d\u043a\u0441\u043a\u0443\u0440\u0441\u0438\u0438 Skyline\",\"alternateName\":\"\u042d\u043a\u0441\u043a\u0443\u0440\u0441\u0438\u0438 Skyline\",\"url\":\"https:\\\/\\\/skyline-gs.com\\\/it\\\/\",\"logo\":{\"@type\":\"ImageObject\",\"inLanguage\":\"cs\",\"@id\":\"https:\\\/\\\/skyline-gs.com\\\/it\\\/#\\\/schema\\\/logo\\\/image\\\/\",\"url\":\"https:\\\/\\\/skyline-gs.com\\\/wp-content\\\/uploads\\\/2020\\\/12\\\/cropped-logo-2.png\",\"contentUrl\":\"https:\\\/\\\/skyline-gs.com\\\/wp-content\\\/uploads\\\/2020\\\/12\\\/cropped-logo-2.png\",\"width\":512,\"height\":512,\"caption\":\"\u042d\u043a\u0441\u043a\u0443\u0440\u0441\u0438\u0438 Skyline\"},\"image\":{\"@id\":\"https:\\\/\\\/skyline-gs.com\\\/it\\\/#\\\/schema\\\/logo\\\/image\\\/\"},\"sameAs\":[\"https:\\\/\\\/www.instagram.com\\\/skylineglobalservice\\\/\"]}]}<\/script>\n<!-- \/ Yoast SEO plugin. -->","yoast_head_json":{"title":"\u0422\u0443\u0440 \u043d\u0430 \u043b\u043e\u0448\u0430\u0434\u044f\u0445 (\u0443\u0442\u0440\u043e) &#8226; \u042d\u043a\u0441\u043a\u0443\u0440\u0441\u0438\u0438 Skyline","robots":{"index":"index","follow":"follow","max-snippet":"max-snippet:-1","max-image-preview":"max-image-preview:large","max-video-preview":"max-video-preview:-1"},"canonical":"https:\/\/skyline-gs.com\/cs\/produkt\/day-horse-riding\/","og_locale":"cs_CZ","og_type":"article","og_title":"\u0422\u0443\u0440 \u043d\u0430 \u043b\u043e\u0448\u0430\u0434\u044f\u0445 (\u0443\u0442\u0440\u043e) &#8226; \u042d\u043a\u0441\u043a\u0443\u0440\u0441\u0438\u0438 Skyline","og_description":"\u0412\u0440\u0435\u043c\u044f \u0442\u0443\u0440\u0430: 10:00 - 14:00  \u0414\u043d\u0438 \u043f\u0440\u043e\u0432\u0435\u0434\u0435\u043d\u0438\u044f: \u0435\u0436\u0435\u0434\u043d\u0435\u0432\u043d\u043e","og_url":"https:\/\/skyline-gs.com\/cs\/produkt\/day-horse-riding\/","og_site_name":"\u042d\u043a\u0441\u043a\u0443\u0440\u0441\u0438\u0438 Skyline","article_modified_time":"2026-03-09T22:20:31+00:00","og_image":[{"width":670,"height":446,"url":"https:\/\/skyline-gs.com\/wp-content\/uploads\/2022\/10\/48-1.jpg","type":"image\/jpeg"}],"twitter_card":"summary_large_image","twitter_misc":{"Odhadovan\u00e1 doba \u010dten\u00ed":"2 minuty"},"schema":{"@context":"https:\/\/schema.org","@graph":[{"@type":"WebPage","@id":"https:\/\/skyline-gs.com\/product\/day-horse-riding\/","url":"https:\/\/skyline-gs.com\/product\/day-horse-riding\/","name":"\u0422\u0443\u0440 \u043d\u0430 \u043b\u043e\u0448\u0430\u0434\u044f\u0445 (\u0443\u0442\u0440\u043e) &#8226; \u042d\u043a\u0441\u043a\u0443\u0440\u0441\u0438\u0438 Skyline","isPartOf":{"@id":"https:\/\/skyline-gs.com\/it\/#website"},"primaryImageOfPage":{"@id":"https:\/\/skyline-gs.com\/product\/day-horse-riding\/#primaryimage"},"image":{"@id":"https:\/\/skyline-gs.com\/product\/day-horse-riding\/#primaryimage"},"thumbnailUrl":"https:\/\/skyline-gs.com\/wp-content\/uploads\/2022\/10\/48-1.jpg","datePublished":"2022-10-25T15:49:26+00:00","dateModified":"2026-03-09T22:20:31+00:00","breadcrumb":{"@id":"https:\/\/skyline-gs.com\/product\/day-horse-riding\/#breadcrumb"},"inLanguage":"cs","potentialAction":[{"@type":"ReadAction","target":["https:\/\/skyline-gs.com\/product\/day-horse-riding\/"]}]},{"@type":"ImageObject","inLanguage":"cs","@id":"https:\/\/skyline-gs.com\/product\/day-horse-riding\/#primaryimage","url":"https:\/\/skyline-gs.com\/wp-content\/uploads\/2022\/10\/48-1.jpg","contentUrl":"https:\/\/skyline-gs.com\/wp-content\/uploads\/2022\/10\/48-1.jpg","width":670,"height":446},{"@type":"BreadcrumbList","@id":"https:\/\/skyline-gs.com\/product\/day-horse-riding\/#breadcrumb","itemListElement":[{"@type":"ListItem","position":1,"name":"\u0413\u043b\u0430\u0432\u043d\u0430\u044f \u0441\u0442\u0440\u0430\u043d\u0438\u0446\u0430","item":"https:\/\/skyline-gs.com\/hu\/"},{"@type":"ListItem","position":2,"name":"\u041c\u0430\u0433\u0430\u0437\u0438\u043d","item":"https:\/\/skyline-gs.com\/cs\/shop\/"},{"@type":"ListItem","position":3,"name":"\u0422\u0443\u0440 \u043d\u0430 \u043b\u043e\u0448\u0430\u0434\u044f\u0445 (\u0443\u0442\u0440\u043e)"}]},{"@type":"WebSite","@id":"https:\/\/skyline-gs.com\/it\/#website","url":"https:\/\/skyline-gs.com\/it\/","name":"Skyline V\u00fdlety","description":"Exkluzivn\u00ed v\u00fdlety do nejlep\u0161\u00edch sv\u011btov\u00fdch letovisek","publisher":{"@id":"https:\/\/skyline-gs.com\/it\/#organization"},"alternateName":"Skyline","potentialAction":[{"@type":"SearchAction","target":{"@type":"EntryPoint","urlTemplate":"https:\/\/skyline-gs.com\/it\/?s={search_term_string}"},"query-input":{"@type":"PropertyValueSpecification","valueRequired":true,"valueName":"search_term_string"}}],"inLanguage":"cs"},{"@type":"Organization","@id":"https:\/\/skyline-gs.com\/it\/#organization","name":"Skyline V\u00fdlety","alternateName":"\u042d\u043a\u0441\u043a\u0443\u0440\u0441\u0438\u0438 Skyline","url":"https:\/\/skyline-gs.com\/it\/","logo":{"@type":"ImageObject","inLanguage":"cs","@id":"https:\/\/skyline-gs.com\/it\/#\/schema\/logo\/image\/","url":"https:\/\/skyline-gs.com\/wp-content\/uploads\/2020\/12\/cropped-logo-2.png","contentUrl":"https:\/\/skyline-gs.com\/wp-content\/uploads\/2020\/12\/cropped-logo-2.png","width":512,"height":512,"caption":"\u042d\u043a\u0441\u043a\u0443\u0440\u0441\u0438\u0438 Skyline"},"image":{"@id":"https:\/\/skyline-gs.com\/it\/#\/schema\/logo\/image\/"},"sameAs":["https:\/\/www.instagram.com\/skylineglobalservice\/"]}]}},"_links":{"self":[{"href":"https:\/\/skyline-gs.com\/cs\/wp-json\/wp\/v2\/product\/57516","targetHints":{"allow":["GET"]}}],"collection":[{"href":"https:\/\/skyline-gs.com\/cs\/wp-json\/wp\/v2\/product"}],"about":[{"href":"https:\/\/skyline-gs.com\/cs\/wp-json\/wp\/v2\/types\/product"}],"version-history":[{"count":0,"href":"https:\/\/skyline-gs.com\/cs\/wp-json\/wp\/v2\/product\/57516\/revisions"}],"wp:featuredmedia":[{"embeddable":true,"href":"https:\/\/skyline-gs.com\/cs\/wp-json\/wp\/v2\/media\/57667"}],"wp:attachment":[{"href":"https:\/\/skyline-gs.com\/cs\/wp-json\/wp\/v2\/media?parent=57516"}],"wp:term":[{"taxonomy":"product_brand","embeddable":true,"href":"https:\/\/skyline-gs.com\/cs\/wp-json\/wp\/v2\/product_brand?post=57516"},{"taxonomy":"product_cat","embeddable":true,"href":"https:\/\/skyline-gs.com\/cs\/wp-json\/wp\/v2\/product_cat?post=57516"},{"taxonomy":"product_tag","embeddable":true,"href":"https:\/\/skyline-gs.com\/cs\/wp-json\/wp\/v2\/product_tag?post=57516"}],"curies":[{"name":"wp","href":"https:\/\/api.w.org\/{rel}","templated":true}]}}