{"id":57501,"date":"2021-04-29T13:58:04","date_gmt":"2021-04-29T10:58:04","guid":{"rendered":"https:\/\/hurghada.skyline-gs.com\/?post_type=product&#038;p=20061"},"modified":"2025-06-11T09:29:44","modified_gmt":"2025-06-11T07:29:44","slug":"abu-simbel","status":"publish","type":"product","link":"https:\/\/skyline-gs.com\/cs\/product\/abu-simbel\/","title":{"rendered":"Asu\u00e1n a Ab\u00fa Simbel 2 dny"},"content":{"rendered":"<p><strong>Den 1<\/strong><\/p>\n<p>5:00 Vyst\u011bhov\u00e1n\u00ed z hotelu a p\u0159ejezd do Asu\u00e1nu. Cesta trv\u00e1 asi 6-7 hodin.  Prvn\u00edm bodem na cest\u011b bude Asu\u00e1n. Budete si moci prohl\u00e9dnout Asu\u00e1nskou p\u0159ehradu, kter\u00e1 je z\u00e1zrakem vytvo\u0159en\u00fdm in\u017een\u00fdry Sov\u011btsk\u00e9ho svazu. Ob\u011bd. Voln\u00fd \u010das. Fakultativn\u011b n\u00e1v\u0161t\u011bva Philae s chr\u00e1mov\u00fdm komplexem na ostrov\u011b, postaven\u00fdm v ptolemaiovsk\u00e9m obdob\u00ed: chr\u00e1m Nectaneba I., Traj\u00e1n\u016fv \"Kiosk\", chr\u00e1m bohyn\u011b Hathor a monument\u00e1ln\u00ed chr\u00e1m bohyn\u011b Isis (za p\u0159\u00edplatek 20$ na osobu). P\u0159enocov\u00e1n\u00ed v hotelu v Asu\u00e1nu.<\/p>\n<p><strong>Den 2<\/strong><\/p>\n<p>Brzk\u00e1 sn\u00eddan\u011b v hotelu a odjezd ve 4 hodiny r\u00e1no do Ab\u00fa Simbelu. Cesta trv\u00e1 3 hodiny.  Ab\u00fa Simbel se nach\u00e1z\u00ed nedaleko s\u00fad\u00e1nsk\u00fdch hranic. T\u00e9to stavb\u011b mohou svou starobylost\u00ed konkurovat pouze slavn\u00e9 Velk\u00e9 pyramidy. Prohl\u00e9dn\u011bte si nejkr\u00e1sn\u011bj\u0161\u00ed chr\u00e1my kr\u00e1le Ramsese a jeho man\u017eelky Nefertari. Obdivujte nej\u00fa\u017easn\u011bj\u0161\u00ed v\u00fdjevy uvnit\u0159 chr\u00e1m\u016f. Prohl\u00e9dn\u011bte si \u00fachvatn\u00e9 skaln\u00ed chr\u00e1my Ab\u00fa Simbel na b\u0159ehu N\u00e1sirova jezera. Poznejte jejich historii a vstupte dovnit\u0159, abyste si prohl\u00e9dli ohromuj\u00edc\u00ed sochy, sloupy a fresky. P\u0159ejezd do Asu\u00e1nu. Ob\u011bd. Po ob\u011bd\u011b odjezd zp\u011bt do Hurghady. Kolem 22:00 n\u00e1vrat do hotelu.<\/p>\n<p><strong>V\u010detn\u011b:<\/strong><\/p>\n<ul>\n<li>Transfer z hotelu a do hotelu<\/li>\n<li>V\u0161echny transfery v r\u00e1mci programu<\/li>\n<li>Slu\u017eby rusky mluv\u00edc\u00edho pr\u016fvodce<\/li>\n<li>P\u0159enocov\u00e1n\u00ed v hotelu v Asu\u00e1nu<\/li>\n<li>Ob\u011bd, sn\u00eddan\u011b, ob\u011bd<\/li>\n<\/ul>\n<p><strong>Nen\u00ed sou\u010d\u00e1st\u00ed dod\u00e1vky:<\/strong><\/p>\n<ul>\n<li>N\u00e1v\u0161t\u011bva Philae s chr\u00e1mov\u00fdm komplexem na ostrov\u011b, postaven\u00fdm v ptolemaiovsk\u00e9m obdob\u00ed: chr\u00e1m Nectaneba I., Traj\u00e1n\u016fv \"Kiosk\", chr\u00e1m bohyn\u011b Hathor a monument\u00e1ln\u00ed chr\u00e1m bohyn\u011b Isis - za p\u0159\u00edplatek 20$ na osobu.<\/li>\n<li>Transfery z hotel\u016f mimo m\u011bsto v El Gouna, Sahl Hasheesh, Soma Bay, Safaga a Makadi Bay stoj\u00ed 20$ za 4m\u00edstn\u00e9 auto tam i zp\u011bt.<\/li>\n<\/ul>\n<p><strong>Vezm\u011bte si ji s sebou:<\/strong><\/p>\n<ul>\n<li>Pas<\/li>\n<li>Pokr\u00fdvka hlavy<\/li>\n<li>Pen\u00edze na osobn\u00ed v\u00fddaje a suven\u00fdry<\/li>\n<li>V\u00fdrobky osobn\u00ed p\u00e9\u010de<\/li>\n<li>Pitn\u00e1 voda<\/li>\n<li>Dopoledn\u00ed sva\u010dina (na recepci hotelu vysv\u011btlete, \u017ee brzy r\u00e1no odj\u00ed\u017ed\u00edte na v\u00fdlet a pot\u0159ebujete si p\u0159ipravit krabi\u010dku s ob\u011bdem, hotely tuto slu\u017ebu poskytuj\u00ed zdarma).<\/li>\n<li>Pohodln\u00e1 obuv<\/li>\n<li>Tepl\u00e9 oble\u010den\u00ed na cesty (v zim\u011b)<\/li>\n<\/ul>\n<p><strong>Podm\u00ednky rezervace:<\/strong><\/p>\n<ul>\n<li>Je vy\u017eadov\u00e1na z\u00e1loha 50$. Vrac\u00ed se p\u0159i zru\u0161en\u00ed rezervace 2 dny p\u0159edem.<\/li>\n<\/ul>","protected":false},"excerpt":{"rendered":"<p><strong>Doba trv\u00e1n\u00ed:<\/strong> 2 dny<\/p>\n<p><strong>Dny zadr\u017een\u00ed:<\/strong> St\u0159eda<\/p>","protected":false},"featured_media":20064,"template":"","meta":{"_kad_post_transparent":"default","_kad_post_title":"","_kad_post_layout":"default","_kad_post_sidebar_id":"","_kad_post_content_style":"default","_kad_post_vertical_padding":"default","_kad_post_feature":"","_kad_post_feature_position":"","_kad_post_header":false,"_kad_post_footer":false,"_kad_post_classname":"","_glsr_average":0,"_glsr_ranking":0,"_glsr_reviews":0},"product_brand":[],"product_cat":[480,479],"product_tag":[],"class_list":{"0":"post-57501","1":"product","2":"type-product","3":"status-publish","4":"has-post-thumbnail","6":"product_cat-individual-tours-hurghada","7":"product_cat-hurghadatours","8":"tm-has-options","10":"first","11":"instock","12":"sale","13":"sold-individually","14":"taxable","15":"shipping-taxable","16":"purchasable","17":"product-type-simple","18":"entry","19":"content-bg","20":"loop-entry"},"yoast_head":"<!-- This site is optimized with the Yoast SEO plugin v27.3 - https:\/\/yoast.com\/product\/yoast-seo-wordpress\/ -->\n<title>\u0410\u0441\u0443\u0430\u043d \u0438 \u0410\u0431\u0443-\u0421\u0438\u043c\u0431\u0435\u043b 2 \u0434\u043d\u044f &#8226; \u042d\u043a\u0441\u043a\u0443\u0440\u0441\u0438\u0438 Skyline<\/title>\n<meta name=\"robots\" content=\"index, follow, max-snippet:-1, max-image-preview:large, max-video-preview:-1\" \/>\n<link rel=\"canonical\" href=\"https:\/\/skyline-gs.com\/cs\/produkt\/abu-simbel\/\" \/>\n<meta property=\"og:locale\" content=\"cs_CZ\" \/>\n<meta property=\"og:type\" content=\"article\" \/>\n<meta property=\"og:title\" content=\"\u0410\u0441\u0443\u0430\u043d \u0438 \u0410\u0431\u0443-\u0421\u0438\u043c\u0431\u0435\u043b 2 \u0434\u043d\u044f &#8226; \u042d\u043a\u0441\u043a\u0443\u0440\u0441\u0438\u0438 Skyline\" \/>\n<meta property=\"og:description\" content=\"\u0414\u043b\u0438\u0442\u0435\u043b\u044c\u043d\u043e\u0441\u0442\u044c: 2 \u0434\u043d\u044f  \u0414\u043d\u0438 \u043f\u0440\u043e\u0432\u0435\u0434\u0435\u043d\u0438\u044f: \u0421\u0440\u0435\u0434\u0430\" \/>\n<meta property=\"og:url\" content=\"https:\/\/skyline-gs.com\/cs\/produkt\/abu-simbel\/\" \/>\n<meta property=\"og:site_name\" content=\"\u042d\u043a\u0441\u043a\u0443\u0440\u0441\u0438\u0438 Skyline\" \/>\n<meta property=\"article:modified_time\" content=\"2025-06-11T07:29:44+00:00\" \/>\n<meta property=\"og:image\" content=\"https:\/\/skyline-gs.com\/wp-content\/uploads\/2021\/04\/03.jpg\" \/>\n\t<meta property=\"og:image:width\" content=\"669\" \/>\n\t<meta property=\"og:image:height\" content=\"446\" \/>\n\t<meta property=\"og:image:type\" content=\"image\/jpeg\" \/>\n<meta name=\"twitter:card\" content=\"summary_large_image\" \/>\n<meta name=\"twitter:label1\" content=\"Odhadovan\u00e1 doba \u010dten\u00ed\" \/>\n\t<meta name=\"twitter:data1\" content=\"2 minuty\" \/>\n<script type=\"application\/ld+json\" class=\"yoast-schema-graph\">{\"@context\":\"https:\\\/\\\/schema.org\",\"@graph\":[{\"@type\":\"WebPage\",\"@id\":\"https:\\\/\\\/skyline-gs.com\\\/cs\\\/produkt\\\/abu-simbel\\\/\",\"url\":\"https:\\\/\\\/skyline-gs.com\\\/cs\\\/produkt\\\/abu-simbel\\\/\",\"name\":\"\u0410\u0441\u0443\u0430\u043d \u0438 \u0410\u0431\u0443-\u0421\u0438\u043c\u0431\u0435\u043b 2 \u0434\u043d\u044f &#8226; \u042d\u043a\u0441\u043a\u0443\u0440\u0441\u0438\u0438 Skyline\",\"isPartOf\":{\"@id\":\"https:\\\/\\\/skyline-gs.com\\\/it\\\/#website\"},\"primaryImageOfPage\":{\"@id\":\"https:\\\/\\\/skyline-gs.com\\\/cs\\\/produkt\\\/abu-simbel\\\/#primaryimage\"},\"image\":{\"@id\":\"https:\\\/\\\/skyline-gs.com\\\/cs\\\/produkt\\\/abu-simbel\\\/#primaryimage\"},\"thumbnailUrl\":\"https:\\\/\\\/skyline-gs.com\\\/wp-content\\\/uploads\\\/2021\\\/04\\\/03.jpg\",\"datePublished\":\"2021-04-29T10:58:04+00:00\",\"dateModified\":\"2025-06-11T07:29:44+00:00\",\"breadcrumb\":{\"@id\":\"https:\\\/\\\/skyline-gs.com\\\/cs\\\/produkt\\\/abu-simbel\\\/#breadcrumb\"},\"inLanguage\":\"cs\",\"potentialAction\":[{\"@type\":\"ReadAction\",\"target\":[\"https:\\\/\\\/skyline-gs.com\\\/cs\\\/produkt\\\/abu-simbel\\\/\"]}]},{\"@type\":\"ImageObject\",\"inLanguage\":\"cs\",\"@id\":\"https:\\\/\\\/skyline-gs.com\\\/cs\\\/produkt\\\/abu-simbel\\\/#primaryimage\",\"url\":\"https:\\\/\\\/skyline-gs.com\\\/wp-content\\\/uploads\\\/2021\\\/04\\\/03.jpg\",\"contentUrl\":\"https:\\\/\\\/skyline-gs.com\\\/wp-content\\\/uploads\\\/2021\\\/04\\\/03.jpg\",\"width\":669,\"height\":446},{\"@type\":\"BreadcrumbList\",\"@id\":\"https:\\\/\\\/skyline-gs.com\\\/cs\\\/produkt\\\/abu-simbel\\\/#breadcrumb\",\"itemListElement\":[{\"@type\":\"ListItem\",\"position\":1,\"name\":\"\u0413\u043b\u0430\u0432\u043d\u0430\u044f \u0441\u0442\u0440\u0430\u043d\u0438\u0446\u0430\",\"item\":\"https:\\\/\\\/skyline-gs.com\\\/hu\\\/\"},{\"@type\":\"ListItem\",\"position\":2,\"name\":\"\u041c\u0430\u0433\u0430\u0437\u0438\u043d\",\"item\":\"https:\\\/\\\/skyline-gs.com\\\/cs\\\/shop\\\/\"},{\"@type\":\"ListItem\",\"position\":3,\"name\":\"\u0410\u0441\u0443\u0430\u043d \u0438 \u0410\u0431\u0443-\u0421\u0438\u043c\u0431\u0435\u043b 2 \u0434\u043d\u044f\"}]},{\"@type\":\"WebSite\",\"@id\":\"https:\\\/\\\/skyline-gs.com\\\/it\\\/#website\",\"url\":\"https:\\\/\\\/skyline-gs.com\\\/it\\\/\",\"name\":\"\u042d\u043a\u0441\u043a\u0443\u0440\u0441\u0438\u0438 Skyline\",\"description\":\"\u042d\u043a\u0441\u043a\u043b\u044e\u0437\u0438\u0432\u043d\u044b\u0435 \u044d\u043a\u0441\u043a\u0443\u0440\u0441\u0438\u0438 \u043d\u0430 \u043b\u0443\u0447\u0448\u0438\u0445 \u043a\u0443\u0440\u043e\u0440\u0442\u0430\u0445 \u043c\u0438\u0440\u0430\",\"publisher\":{\"@id\":\"https:\\\/\\\/skyline-gs.com\\\/it\\\/#organization\"},\"alternateName\":\"Skyline\",\"potentialAction\":[{\"@type\":\"SearchAction\",\"target\":{\"@type\":\"EntryPoint\",\"urlTemplate\":\"https:\\\/\\\/skyline-gs.com\\\/it\\\/?s={search_term_string}\"},\"query-input\":{\"@type\":\"PropertyValueSpecification\",\"valueRequired\":true,\"valueName\":\"search_term_string\"}}],\"inLanguage\":\"cs\"},{\"@type\":\"Organization\",\"@id\":\"https:\\\/\\\/skyline-gs.com\\\/it\\\/#organization\",\"name\":\"\u042d\u043a\u0441\u043a\u0443\u0440\u0441\u0438\u0438 Skyline\",\"alternateName\":\"\u042d\u043a\u0441\u043a\u0443\u0440\u0441\u0438\u0438 Skyline\",\"url\":\"https:\\\/\\\/skyline-gs.com\\\/it\\\/\",\"logo\":{\"@type\":\"ImageObject\",\"inLanguage\":\"cs\",\"@id\":\"https:\\\/\\\/skyline-gs.com\\\/it\\\/#\\\/schema\\\/logo\\\/image\\\/\",\"url\":\"https:\\\/\\\/skyline-gs.com\\\/wp-content\\\/uploads\\\/2020\\\/12\\\/cropped-logo-2.png\",\"contentUrl\":\"https:\\\/\\\/skyline-gs.com\\\/wp-content\\\/uploads\\\/2020\\\/12\\\/cropped-logo-2.png\",\"width\":512,\"height\":512,\"caption\":\"\u042d\u043a\u0441\u043a\u0443\u0440\u0441\u0438\u0438 Skyline\"},\"image\":{\"@id\":\"https:\\\/\\\/skyline-gs.com\\\/it\\\/#\\\/schema\\\/logo\\\/image\\\/\"},\"sameAs\":[\"https:\\\/\\\/www.instagram.com\\\/skylineglobalservice\\\/\"]}]}<\/script>\n<!-- \/ Yoast SEO plugin. -->","yoast_head_json":{"title":"\u0410\u0441\u0443\u0430\u043d \u0438 \u0410\u0431\u0443-\u0421\u0438\u043c\u0431\u0435\u043b 2 \u0434\u043d\u044f &#8226; \u042d\u043a\u0441\u043a\u0443\u0440\u0441\u0438\u0438 Skyline","robots":{"index":"index","follow":"follow","max-snippet":"max-snippet:-1","max-image-preview":"max-image-preview:large","max-video-preview":"max-video-preview:-1"},"canonical":"https:\/\/skyline-gs.com\/cs\/produkt\/abu-simbel\/","og_locale":"cs_CZ","og_type":"article","og_title":"\u0410\u0441\u0443\u0430\u043d \u0438 \u0410\u0431\u0443-\u0421\u0438\u043c\u0431\u0435\u043b 2 \u0434\u043d\u044f &#8226; \u042d\u043a\u0441\u043a\u0443\u0440\u0441\u0438\u0438 Skyline","og_description":"\u0414\u043b\u0438\u0442\u0435\u043b\u044c\u043d\u043e\u0441\u0442\u044c: 2 \u0434\u043d\u044f  \u0414\u043d\u0438 \u043f\u0440\u043e\u0432\u0435\u0434\u0435\u043d\u0438\u044f: \u0421\u0440\u0435\u0434\u0430","og_url":"https:\/\/skyline-gs.com\/cs\/produkt\/abu-simbel\/","og_site_name":"\u042d\u043a\u0441\u043a\u0443\u0440\u0441\u0438\u0438 Skyline","article_modified_time":"2025-06-11T07:29:44+00:00","og_image":[{"width":669,"height":446,"url":"https:\/\/skyline-gs.com\/wp-content\/uploads\/2021\/04\/03.jpg","type":"image\/jpeg"}],"twitter_card":"summary_large_image","twitter_misc":{"Odhadovan\u00e1 doba \u010dten\u00ed":"2 minuty"},"schema":{"@context":"https:\/\/schema.org","@graph":[{"@type":"WebPage","@id":"https:\/\/skyline-gs.com\/cs\/produkt\/abu-simbel\/","url":"https:\/\/skyline-gs.com\/cs\/produkt\/abu-simbel\/","name":"\u0410\u0441\u0443\u0430\u043d \u0438 \u0410\u0431\u0443-\u0421\u0438\u043c\u0431\u0435\u043b 2 \u0434\u043d\u044f &#8226; \u042d\u043a\u0441\u043a\u0443\u0440\u0441\u0438\u0438 Skyline","isPartOf":{"@id":"https:\/\/skyline-gs.com\/it\/#website"},"primaryImageOfPage":{"@id":"https:\/\/skyline-gs.com\/cs\/produkt\/abu-simbel\/#primaryimage"},"image":{"@id":"https:\/\/skyline-gs.com\/cs\/produkt\/abu-simbel\/#primaryimage"},"thumbnailUrl":"https:\/\/skyline-gs.com\/wp-content\/uploads\/2021\/04\/03.jpg","datePublished":"2021-04-29T10:58:04+00:00","dateModified":"2025-06-11T07:29:44+00:00","breadcrumb":{"@id":"https:\/\/skyline-gs.com\/cs\/produkt\/abu-simbel\/#breadcrumb"},"inLanguage":"cs","potentialAction":[{"@type":"ReadAction","target":["https:\/\/skyline-gs.com\/cs\/produkt\/abu-simbel\/"]}]},{"@type":"ImageObject","inLanguage":"cs","@id":"https:\/\/skyline-gs.com\/cs\/produkt\/abu-simbel\/#primaryimage","url":"https:\/\/skyline-gs.com\/wp-content\/uploads\/2021\/04\/03.jpg","contentUrl":"https:\/\/skyline-gs.com\/wp-content\/uploads\/2021\/04\/03.jpg","width":669,"height":446},{"@type":"BreadcrumbList","@id":"https:\/\/skyline-gs.com\/cs\/produkt\/abu-simbel\/#breadcrumb","itemListElement":[{"@type":"ListItem","position":1,"name":"\u0413\u043b\u0430\u0432\u043d\u0430\u044f \u0441\u0442\u0440\u0430\u043d\u0438\u0446\u0430","item":"https:\/\/skyline-gs.com\/hu\/"},{"@type":"ListItem","position":2,"name":"\u041c\u0430\u0433\u0430\u0437\u0438\u043d","item":"https:\/\/skyline-gs.com\/cs\/shop\/"},{"@type":"ListItem","position":3,"name":"\u0410\u0441\u0443\u0430\u043d \u0438 \u0410\u0431\u0443-\u0421\u0438\u043c\u0431\u0435\u043b 2 \u0434\u043d\u044f"}]},{"@type":"WebSite","@id":"https:\/\/skyline-gs.com\/it\/#website","url":"https:\/\/skyline-gs.com\/it\/","name":"Skyline V\u00fdlety","description":"Exkluzivn\u00ed v\u00fdlety do nejlep\u0161\u00edch sv\u011btov\u00fdch letovisek","publisher":{"@id":"https:\/\/skyline-gs.com\/it\/#organization"},"alternateName":"Skyline","potentialAction":[{"@type":"SearchAction","target":{"@type":"EntryPoint","urlTemplate":"https:\/\/skyline-gs.com\/it\/?s={search_term_string}"},"query-input":{"@type":"PropertyValueSpecification","valueRequired":true,"valueName":"search_term_string"}}],"inLanguage":"cs"},{"@type":"Organization","@id":"https:\/\/skyline-gs.com\/it\/#organization","name":"Skyline V\u00fdlety","alternateName":"\u042d\u043a\u0441\u043a\u0443\u0440\u0441\u0438\u0438 Skyline","url":"https:\/\/skyline-gs.com\/it\/","logo":{"@type":"ImageObject","inLanguage":"cs","@id":"https:\/\/skyline-gs.com\/it\/#\/schema\/logo\/image\/","url":"https:\/\/skyline-gs.com\/wp-content\/uploads\/2020\/12\/cropped-logo-2.png","contentUrl":"https:\/\/skyline-gs.com\/wp-content\/uploads\/2020\/12\/cropped-logo-2.png","width":512,"height":512,"caption":"\u042d\u043a\u0441\u043a\u0443\u0440\u0441\u0438\u0438 Skyline"},"image":{"@id":"https:\/\/skyline-gs.com\/it\/#\/schema\/logo\/image\/"},"sameAs":["https:\/\/www.instagram.com\/skylineglobalservice\/"]}]}},"_links":{"self":[{"href":"https:\/\/skyline-gs.com\/cs\/wp-json\/wp\/v2\/product\/57501","targetHints":{"allow":["GET"]}}],"collection":[{"href":"https:\/\/skyline-gs.com\/cs\/wp-json\/wp\/v2\/product"}],"about":[{"href":"https:\/\/skyline-gs.com\/cs\/wp-json\/wp\/v2\/types\/product"}],"version-history":[{"count":0,"href":"https:\/\/skyline-gs.com\/cs\/wp-json\/wp\/v2\/product\/57501\/revisions"}],"wp:featuredmedia":[{"embeddable":true,"href":"https:\/\/skyline-gs.com\/cs\/wp-json\/wp\/v2\/media\/20064"}],"wp:attachment":[{"href":"https:\/\/skyline-gs.com\/cs\/wp-json\/wp\/v2\/media?parent=57501"}],"wp:term":[{"taxonomy":"product_brand","embeddable":true,"href":"https:\/\/skyline-gs.com\/cs\/wp-json\/wp\/v2\/product_brand?post=57501"},{"taxonomy":"product_cat","embeddable":true,"href":"https:\/\/skyline-gs.com\/cs\/wp-json\/wp\/v2\/product_cat?post=57501"},{"taxonomy":"product_tag","embeddable":true,"href":"https:\/\/skyline-gs.com\/cs\/wp-json\/wp\/v2\/product_tag?post=57501"}],"curies":[{"name":"wp","href":"https:\/\/api.w.org\/{rel}","templated":true}]}}