{"id":57498,"date":"2021-04-15T20:05:33","date_gmt":"2021-04-15T17:05:33","guid":{"rendered":"https:\/\/hurghada.skyline-gs.com\/?post_type=product&#038;p=19439"},"modified":"2026-01-31T00:09:02","modified_gmt":"2026-01-30T22:09:02","slug":"privat-luxor-hurghada","status":"publish","type":"product","link":"https:\/\/skyline-gs.com\/cs\/product\/privat-luxor-hurghada\/","title":{"rendered":"Personalizovan\u00fd Luxor"},"content":{"rendered":"<p>Odjezd z hotelu ve 4.30 hodin. Cesta jedn\u00edm sm\u011brem trv\u00e1 p\u0159ibli\u017en\u011b 4,5 hodiny. 8:30 P\u0159\u00edjezd do \u00fadol\u00ed Nilu a prohl\u00eddka skute\u010dn\u00e9ho \u017eivota Egypta. 9:30 p\u0159\u00edjezd do Luxoru. Po p\u0159\u00edjezdu do Luxoru za\u010d\u00edn\u00e1 prvn\u00ed \u010d\u00e1st programu \"M\u011bsto \u017eiv\u00fdch\", kter\u00e9 se nach\u00e1z\u00ed na v\u00fdchodn\u00edm b\u0159ehu Nilu. N\u00e1v\u0161t\u011bva chr\u00e1mu Karnak, kter\u00fd je nejv\u011bt\u0161\u00ed architektonickou stavbou starov\u011bk\u00e9ho sv\u011bta a jedn\u00edm z nejv\u011bt\u0161\u00edch chr\u00e1mov\u00fdch komplex\u016f cel\u00e9ho sv\u011bta. Chr\u00e1m v Karnaku nebyl postaven jedn\u00edm faraonem nebo dokonce jednou dynasti\u00ed, na komplexu se pod\u00edlelo asi 30 faraon\u016f, kte\u0159\u00ed p\u0159istav\u011bli chr\u00e1my, pylony, kaple a obelisky zasv\u011bcen\u00e9 th\u00e9bsk\u00fdm boh\u016fm. Chr\u00e1m v Karnaku se skl\u00e1d\u00e1 ze t\u0159\u00ed velk\u00fdch staveb a n\u011bkolika men\u0161\u00edch chr\u00e1m\u016f v hlavn\u00edm are\u00e1lu. Ob\u011bd v bufetov\u00e9 restauraci (n\u00e1poje nejsou v cen\u011b).<\/p>\n<p>Pot\u00e9 se vyd\u00e1te lod\u00ed po Nilu na z\u00e1padn\u00ed b\u0159eh do m\u011bsta mrtv\u00fdch, kde v\u00e1s \u010dek\u00e1 druh\u00e1 \u010d\u00e1st programu. N\u00e1v\u0161t\u011bva z\u00e1padn\u00edho b\u0159ehu a \u00dadol\u00ed mrtv\u00fdch. Nejprve v\u00e1s p\u0159iv\u00edtaj\u00ed Memnonovy kolosy, dv\u011b obrovsk\u00e9 sochy vysok\u00e9 18 metr\u016f a v\u00e1\u017e\u00edc\u00ed ka\u017ed\u00e1 p\u0159es 700 tun. Projedete \u00dadol\u00edm mrtv\u00fdch a nav\u0161t\u00edv\u00edte chr\u00e1m kr\u00e1lovny Hat\u0161epsut. Hlavn\u00edm architektonick\u00fdm prvkem t\u00e9to monument\u00e1ln\u00ed stavby jsou 3 terasy uspo\u0159\u00e1dan\u00e9 nad sebou, na ka\u017ed\u00e9 z nich se nach\u00e1zelo otev\u0159en\u00e9 n\u00e1dvo\u0159\u00ed, kryt\u00e9 m\u00edstnosti s pilastry a svatyn\u011b ukryt\u00e9 v hlubin\u00e1ch hory. Hat\u0161epsut je jednou z nejzn\u00e1m\u011bj\u0161\u00edch postav v d\u011bjin\u00e1ch starov\u011bk\u00e9ho Egypta. D\u011bjiny starov\u011bk\u00e9ho Egypta ji upamatov\u00e1vaj\u00ed jako \u017eeleznou vl\u00e1dkyni. Pot\u00e9 v\u00e1s \u010dek\u00e1 proch\u00e1zka pod\u00e9l \u0159eky Nil s n\u00e1v\u0161t\u011bvou Ban\u00e1nov\u00e9ho ostrova (fakultativn\u011b za p\u0159\u00edplatek - 10$). Ukon\u010den\u00ed prohl\u00eddky a cesta zp\u011bt.<br \/>\n21:00 n\u00e1vrat do hotelu.<\/p>\n<p><strong>V\u010detn\u011b:<\/strong><\/p>\n<ul>\n<li>Transfer soukrom\u00fdm autem s klimatizac\u00ed;<\/li>\n<li>rusky mluv\u00edc\u00ed pr\u016fvodce egyptolog;<\/li>\n<li>Vstupn\u00e9 do v\u0161ech uveden\u00fdch atrakc\u00ed;<\/li>\n<li>N\u00e1v\u0161t\u011bva chr\u00e1mu v Karnaku s rusky mluv\u00edc\u00edm egyptologick\u00fdm pr\u016fvodcem;<\/li>\n<li>N\u00e1v\u0161t\u011bva Memnonov\u00fdch kolos\u016f s rusky mluv\u00edc\u00edm pr\u016fvodcem egyptologem;<\/li>\n<li>N\u00e1v\u0161t\u011bva chr\u00e1mu faraonky Hat\u0161epsut s rusky mluv\u00edc\u00edm egyptologick\u00fdm pr\u016fvodcem;<\/li>\n<li>Ob\u011bd v restauraci v Luxoru.<\/li>\n<\/ul>\n<p><strong>Nen\u00ed sou\u010d\u00e1st\u00ed dod\u00e1vky:<\/strong><\/p>\n<ul>\n<li>Transfery z venkovsk\u00fdch hotel\u016f v El Gouna, Sahl Hasheesh stoj\u00ed 20$ za 4m\u00edstn\u00e9 auto, tam i zp\u011bt.<\/li>\n<\/ul>\n<p><strong>Vezm\u011bte si ji s sebou:<\/strong><\/p>\n<ul>\n<li>Cestovn\u00ed pas;<\/li>\n<li>Pokr\u00fdvka hlavy;<\/li>\n<li>Pen\u00edze na osobn\u00ed v\u00fddaje a suven\u00fdry;<\/li>\n<li>V\u00fdrobky osobn\u00ed hygieny;<\/li>\n<li>Pitn\u00e1 voda;<\/li>\n<li>Dopoledn\u00ed sva\u010dina (na recepci hotelu vysv\u011btlete, \u017ee brzy r\u00e1no odj\u00ed\u017ed\u00edte na v\u00fdlet a pot\u0159ebujete si p\u0159ipravit krabi\u010dku s ob\u011bdem, hotely tuto slu\u017ebu poskytuj\u00ed zdarma);<\/li>\n<li>Pohodln\u00e1 obuv;<\/li>\n<li>Tepl\u00e9 oble\u010den\u00ed na cesty (v zim\u011b).<\/li>\n<\/ul>\n<p><strong>Podm\u00ednky rezervace:<\/strong><\/p>\n<ul>\n<li>Je vy\u017eadov\u00e1na z\u00e1loha 50$. Vrac\u00ed se p\u0159i zru\u0161en\u00ed rezervace 24 hodin p\u0159edem.<\/li>\n<\/ul>","protected":false},"excerpt":{"rendered":"<p><strong>Doba prohl\u00eddky:<\/strong> 4:30 &#8212; 21:00<\/p>\n<p><strong>Dny zadr\u017een\u00ed: <\/strong>denn\u011b<\/p>","protected":false},"featured_media":18336,"template":"","meta":{"_kad_post_transparent":"default","_kad_post_title":"","_kad_post_layout":"default","_kad_post_sidebar_id":"","_kad_post_content_style":"default","_kad_post_vertical_padding":"default","_kad_post_feature":"","_kad_post_feature_position":"","_kad_post_header":false,"_kad_post_footer":false,"_kad_post_classname":"","_glsr_average":0,"_glsr_ranking":0,"_glsr_reviews":0},"product_brand":[],"product_cat":[480],"product_tag":[],"class_list":{"0":"post-57498","1":"product","2":"type-product","3":"status-publish","4":"has-post-thumbnail","6":"product_cat-individual-tours-hurghada","7":"tm-has-options","9":"first","10":"instock","11":"sale","12":"sold-individually","13":"taxable","14":"shipping-taxable","15":"purchasable","16":"product-type-simple","17":"entry","18":"content-bg","19":"loop-entry"},"yoast_head":"<!-- This site is optimized with the Yoast SEO plugin v27.3 - https:\/\/yoast.com\/product\/yoast-seo-wordpress\/ -->\n<title>\u0418\u043d\u0434\u0438\u0432\u0438\u0434\u0443\u0430\u043b\u044c\u043d\u044b\u0439 \u041b\u0443\u043a\u0441\u043e\u0440 &#8226; \u042d\u043a\u0441\u043a\u0443\u0440\u0441\u0438\u0438 Skyline<\/title>\n<meta name=\"robots\" content=\"index, follow, max-snippet:-1, max-image-preview:large, max-video-preview:-1\" \/>\n<link rel=\"canonical\" href=\"https:\/\/skyline-gs.com\/cs\/produkt\/privat-luxor-hurghada\/\" \/>\n<meta property=\"og:locale\" content=\"cs_CZ\" \/>\n<meta property=\"og:type\" content=\"article\" \/>\n<meta property=\"og:title\" content=\"\u0418\u043d\u0434\u0438\u0432\u0438\u0434\u0443\u0430\u043b\u044c\u043d\u044b\u0439 \u041b\u0443\u043a\u0441\u043e\u0440 &#8226; \u042d\u043a\u0441\u043a\u0443\u0440\u0441\u0438\u0438 Skyline\" \/>\n<meta property=\"og:description\" content=\"\u0412\u0440\u0435\u043c\u044f \u0442\u0443\u0440\u0430: 4:30 - 21:00  \u0414\u043d\u0438 \u043f\u0440\u043e\u0432\u0435\u0434\u0435\u043d\u0438\u044f: \u0435\u0436\u0435\u0434\u043d\u0435\u0432\u043d\u043e\" \/>\n<meta property=\"og:url\" content=\"https:\/\/skyline-gs.com\/cs\/produkt\/privat-luxor-hurghada\/\" \/>\n<meta property=\"og:site_name\" content=\"\u042d\u043a\u0441\u043a\u0443\u0440\u0441\u0438\u0438 Skyline\" \/>\n<meta property=\"article:modified_time\" content=\"2026-01-30T22:09:02+00:00\" \/>\n<meta property=\"og:image\" content=\"https:\/\/skyline-gs.com\/wp-content\/uploads\/2021\/01\/Luksor-10-of-10-1.jpg\" \/>\n\t<meta property=\"og:image:width\" content=\"900\" \/>\n\t<meta property=\"og:image:height\" content=\"600\" \/>\n\t<meta property=\"og:image:type\" content=\"image\/jpeg\" \/>\n<meta name=\"twitter:card\" content=\"summary_large_image\" \/>\n<meta name=\"twitter:label1\" content=\"Odhadovan\u00e1 doba \u010dten\u00ed\" \/>\n\t<meta name=\"twitter:data1\" content=\"3 minuty\" \/>\n<script type=\"application\/ld+json\" class=\"yoast-schema-graph\">{\"@context\":\"https:\\\/\\\/schema.org\",\"@graph\":[{\"@type\":\"WebPage\",\"@id\":\"https:\\\/\\\/skyline-gs.com\\\/product\\\/privat-luxor-hurghada\\\/\",\"url\":\"https:\\\/\\\/skyline-gs.com\\\/product\\\/privat-luxor-hurghada\\\/\",\"name\":\"\u0418\u043d\u0434\u0438\u0432\u0438\u0434\u0443\u0430\u043b\u044c\u043d\u044b\u0439 \u041b\u0443\u043a\u0441\u043e\u0440 &#8226; \u042d\u043a\u0441\u043a\u0443\u0440\u0441\u0438\u0438 Skyline\",\"isPartOf\":{\"@id\":\"https:\\\/\\\/skyline-gs.com\\\/it\\\/#website\"},\"primaryImageOfPage\":{\"@id\":\"https:\\\/\\\/skyline-gs.com\\\/product\\\/privat-luxor-hurghada\\\/#primaryimage\"},\"image\":{\"@id\":\"https:\\\/\\\/skyline-gs.com\\\/product\\\/privat-luxor-hurghada\\\/#primaryimage\"},\"thumbnailUrl\":\"https:\\\/\\\/skyline-gs.com\\\/wp-content\\\/uploads\\\/2021\\\/01\\\/Luksor-10-of-10-1.jpg\",\"datePublished\":\"2021-04-15T17:05:33+00:00\",\"dateModified\":\"2026-01-30T22:09:02+00:00\",\"breadcrumb\":{\"@id\":\"https:\\\/\\\/skyline-gs.com\\\/product\\\/privat-luxor-hurghada\\\/#breadcrumb\"},\"inLanguage\":\"cs\",\"potentialAction\":[{\"@type\":\"ReadAction\",\"target\":[\"https:\\\/\\\/skyline-gs.com\\\/product\\\/privat-luxor-hurghada\\\/\"]}]},{\"@type\":\"ImageObject\",\"inLanguage\":\"cs\",\"@id\":\"https:\\\/\\\/skyline-gs.com\\\/product\\\/privat-luxor-hurghada\\\/#primaryimage\",\"url\":\"https:\\\/\\\/skyline-gs.com\\\/wp-content\\\/uploads\\\/2021\\\/01\\\/Luksor-10-of-10-1.jpg\",\"contentUrl\":\"https:\\\/\\\/skyline-gs.com\\\/wp-content\\\/uploads\\\/2021\\\/01\\\/Luksor-10-of-10-1.jpg\",\"width\":900,\"height\":600},{\"@type\":\"BreadcrumbList\",\"@id\":\"https:\\\/\\\/skyline-gs.com\\\/product\\\/privat-luxor-hurghada\\\/#breadcrumb\",\"itemListElement\":[{\"@type\":\"ListItem\",\"position\":1,\"name\":\"\u0413\u043b\u0430\u0432\u043d\u0430\u044f \u0441\u0442\u0440\u0430\u043d\u0438\u0446\u0430\",\"item\":\"https:\\\/\\\/skyline-gs.com\\\/hu\\\/\"},{\"@type\":\"ListItem\",\"position\":2,\"name\":\"\u041c\u0430\u0433\u0430\u0437\u0438\u043d\",\"item\":\"https:\\\/\\\/skyline-gs.com\\\/cs\\\/shop\\\/\"},{\"@type\":\"ListItem\",\"position\":3,\"name\":\"\u0418\u043d\u0434\u0438\u0432\u0438\u0434\u0443\u0430\u043b\u044c\u043d\u044b\u0439 \u041b\u0443\u043a\u0441\u043e\u0440\"}]},{\"@type\":\"WebSite\",\"@id\":\"https:\\\/\\\/skyline-gs.com\\\/it\\\/#website\",\"url\":\"https:\\\/\\\/skyline-gs.com\\\/it\\\/\",\"name\":\"\u042d\u043a\u0441\u043a\u0443\u0440\u0441\u0438\u0438 Skyline\",\"description\":\"\u042d\u043a\u0441\u043a\u043b\u044e\u0437\u0438\u0432\u043d\u044b\u0435 \u044d\u043a\u0441\u043a\u0443\u0440\u0441\u0438\u0438 \u043d\u0430 \u043b\u0443\u0447\u0448\u0438\u0445 \u043a\u0443\u0440\u043e\u0440\u0442\u0430\u0445 \u043c\u0438\u0440\u0430\",\"publisher\":{\"@id\":\"https:\\\/\\\/skyline-gs.com\\\/it\\\/#organization\"},\"alternateName\":\"Skyline\",\"potentialAction\":[{\"@type\":\"SearchAction\",\"target\":{\"@type\":\"EntryPoint\",\"urlTemplate\":\"https:\\\/\\\/skyline-gs.com\\\/it\\\/?s={search_term_string}\"},\"query-input\":{\"@type\":\"PropertyValueSpecification\",\"valueRequired\":true,\"valueName\":\"search_term_string\"}}],\"inLanguage\":\"cs\"},{\"@type\":\"Organization\",\"@id\":\"https:\\\/\\\/skyline-gs.com\\\/it\\\/#organization\",\"name\":\"\u042d\u043a\u0441\u043a\u0443\u0440\u0441\u0438\u0438 Skyline\",\"alternateName\":\"\u042d\u043a\u0441\u043a\u0443\u0440\u0441\u0438\u0438 Skyline\",\"url\":\"https:\\\/\\\/skyline-gs.com\\\/it\\\/\",\"logo\":{\"@type\":\"ImageObject\",\"inLanguage\":\"cs\",\"@id\":\"https:\\\/\\\/skyline-gs.com\\\/it\\\/#\\\/schema\\\/logo\\\/image\\\/\",\"url\":\"https:\\\/\\\/skyline-gs.com\\\/wp-content\\\/uploads\\\/2020\\\/12\\\/cropped-logo-2.png\",\"contentUrl\":\"https:\\\/\\\/skyline-gs.com\\\/wp-content\\\/uploads\\\/2020\\\/12\\\/cropped-logo-2.png\",\"width\":512,\"height\":512,\"caption\":\"\u042d\u043a\u0441\u043a\u0443\u0440\u0441\u0438\u0438 Skyline\"},\"image\":{\"@id\":\"https:\\\/\\\/skyline-gs.com\\\/it\\\/#\\\/schema\\\/logo\\\/image\\\/\"},\"sameAs\":[\"https:\\\/\\\/www.instagram.com\\\/skylineglobalservice\\\/\"]}]}<\/script>\n<!-- \/ Yoast SEO plugin. -->","yoast_head_json":{"title":"\u0418\u043d\u0434\u0438\u0432\u0438\u0434\u0443\u0430\u043b\u044c\u043d\u044b\u0439 \u041b\u0443\u043a\u0441\u043e\u0440 &#8226; \u042d\u043a\u0441\u043a\u0443\u0440\u0441\u0438\u0438 Skyline","robots":{"index":"index","follow":"follow","max-snippet":"max-snippet:-1","max-image-preview":"max-image-preview:large","max-video-preview":"max-video-preview:-1"},"canonical":"https:\/\/skyline-gs.com\/cs\/produkt\/privat-luxor-hurghada\/","og_locale":"cs_CZ","og_type":"article","og_title":"\u0418\u043d\u0434\u0438\u0432\u0438\u0434\u0443\u0430\u043b\u044c\u043d\u044b\u0439 \u041b\u0443\u043a\u0441\u043e\u0440 &#8226; \u042d\u043a\u0441\u043a\u0443\u0440\u0441\u0438\u0438 Skyline","og_description":"\u0412\u0440\u0435\u043c\u044f \u0442\u0443\u0440\u0430: 4:30 - 21:00  \u0414\u043d\u0438 \u043f\u0440\u043e\u0432\u0435\u0434\u0435\u043d\u0438\u044f: \u0435\u0436\u0435\u0434\u043d\u0435\u0432\u043d\u043e","og_url":"https:\/\/skyline-gs.com\/cs\/produkt\/privat-luxor-hurghada\/","og_site_name":"\u042d\u043a\u0441\u043a\u0443\u0440\u0441\u0438\u0438 Skyline","article_modified_time":"2026-01-30T22:09:02+00:00","og_image":[{"width":900,"height":600,"url":"https:\/\/skyline-gs.com\/wp-content\/uploads\/2021\/01\/Luksor-10-of-10-1.jpg","type":"image\/jpeg"}],"twitter_card":"summary_large_image","twitter_misc":{"Odhadovan\u00e1 doba \u010dten\u00ed":"3 minuty"},"schema":{"@context":"https:\/\/schema.org","@graph":[{"@type":"WebPage","@id":"https:\/\/skyline-gs.com\/product\/privat-luxor-hurghada\/","url":"https:\/\/skyline-gs.com\/product\/privat-luxor-hurghada\/","name":"\u0418\u043d\u0434\u0438\u0432\u0438\u0434\u0443\u0430\u043b\u044c\u043d\u044b\u0439 \u041b\u0443\u043a\u0441\u043e\u0440 &#8226; \u042d\u043a\u0441\u043a\u0443\u0440\u0441\u0438\u0438 Skyline","isPartOf":{"@id":"https:\/\/skyline-gs.com\/it\/#website"},"primaryImageOfPage":{"@id":"https:\/\/skyline-gs.com\/product\/privat-luxor-hurghada\/#primaryimage"},"image":{"@id":"https:\/\/skyline-gs.com\/product\/privat-luxor-hurghada\/#primaryimage"},"thumbnailUrl":"https:\/\/skyline-gs.com\/wp-content\/uploads\/2021\/01\/Luksor-10-of-10-1.jpg","datePublished":"2021-04-15T17:05:33+00:00","dateModified":"2026-01-30T22:09:02+00:00","breadcrumb":{"@id":"https:\/\/skyline-gs.com\/product\/privat-luxor-hurghada\/#breadcrumb"},"inLanguage":"cs","potentialAction":[{"@type":"ReadAction","target":["https:\/\/skyline-gs.com\/product\/privat-luxor-hurghada\/"]}]},{"@type":"ImageObject","inLanguage":"cs","@id":"https:\/\/skyline-gs.com\/product\/privat-luxor-hurghada\/#primaryimage","url":"https:\/\/skyline-gs.com\/wp-content\/uploads\/2021\/01\/Luksor-10-of-10-1.jpg","contentUrl":"https:\/\/skyline-gs.com\/wp-content\/uploads\/2021\/01\/Luksor-10-of-10-1.jpg","width":900,"height":600},{"@type":"BreadcrumbList","@id":"https:\/\/skyline-gs.com\/product\/privat-luxor-hurghada\/#breadcrumb","itemListElement":[{"@type":"ListItem","position":1,"name":"\u0413\u043b\u0430\u0432\u043d\u0430\u044f \u0441\u0442\u0440\u0430\u043d\u0438\u0446\u0430","item":"https:\/\/skyline-gs.com\/hu\/"},{"@type":"ListItem","position":2,"name":"\u041c\u0430\u0433\u0430\u0437\u0438\u043d","item":"https:\/\/skyline-gs.com\/cs\/shop\/"},{"@type":"ListItem","position":3,"name":"\u0418\u043d\u0434\u0438\u0432\u0438\u0434\u0443\u0430\u043b\u044c\u043d\u044b\u0439 \u041b\u0443\u043a\u0441\u043e\u0440"}]},{"@type":"WebSite","@id":"https:\/\/skyline-gs.com\/it\/#website","url":"https:\/\/skyline-gs.com\/it\/","name":"Skyline V\u00fdlety","description":"Exkluzivn\u00ed v\u00fdlety do nejlep\u0161\u00edch sv\u011btov\u00fdch letovisek","publisher":{"@id":"https:\/\/skyline-gs.com\/it\/#organization"},"alternateName":"Skyline","potentialAction":[{"@type":"SearchAction","target":{"@type":"EntryPoint","urlTemplate":"https:\/\/skyline-gs.com\/it\/?s={search_term_string}"},"query-input":{"@type":"PropertyValueSpecification","valueRequired":true,"valueName":"search_term_string"}}],"inLanguage":"cs"},{"@type":"Organization","@id":"https:\/\/skyline-gs.com\/it\/#organization","name":"Skyline V\u00fdlety","alternateName":"\u042d\u043a\u0441\u043a\u0443\u0440\u0441\u0438\u0438 Skyline","url":"https:\/\/skyline-gs.com\/it\/","logo":{"@type":"ImageObject","inLanguage":"cs","@id":"https:\/\/skyline-gs.com\/it\/#\/schema\/logo\/image\/","url":"https:\/\/skyline-gs.com\/wp-content\/uploads\/2020\/12\/cropped-logo-2.png","contentUrl":"https:\/\/skyline-gs.com\/wp-content\/uploads\/2020\/12\/cropped-logo-2.png","width":512,"height":512,"caption":"\u042d\u043a\u0441\u043a\u0443\u0440\u0441\u0438\u0438 Skyline"},"image":{"@id":"https:\/\/skyline-gs.com\/it\/#\/schema\/logo\/image\/"},"sameAs":["https:\/\/www.instagram.com\/skylineglobalservice\/"]}]}},"_links":{"self":[{"href":"https:\/\/skyline-gs.com\/cs\/wp-json\/wp\/v2\/product\/57498","targetHints":{"allow":["GET"]}}],"collection":[{"href":"https:\/\/skyline-gs.com\/cs\/wp-json\/wp\/v2\/product"}],"about":[{"href":"https:\/\/skyline-gs.com\/cs\/wp-json\/wp\/v2\/types\/product"}],"version-history":[{"count":0,"href":"https:\/\/skyline-gs.com\/cs\/wp-json\/wp\/v2\/product\/57498\/revisions"}],"wp:featuredmedia":[{"embeddable":true,"href":"https:\/\/skyline-gs.com\/cs\/wp-json\/wp\/v2\/media\/18336"}],"wp:attachment":[{"href":"https:\/\/skyline-gs.com\/cs\/wp-json\/wp\/v2\/media?parent=57498"}],"wp:term":[{"taxonomy":"product_brand","embeddable":true,"href":"https:\/\/skyline-gs.com\/cs\/wp-json\/wp\/v2\/product_brand?post=57498"},{"taxonomy":"product_cat","embeddable":true,"href":"https:\/\/skyline-gs.com\/cs\/wp-json\/wp\/v2\/product_cat?post=57498"},{"taxonomy":"product_tag","embeddable":true,"href":"https:\/\/skyline-gs.com\/cs\/wp-json\/wp\/v2\/product_tag?post=57498"}],"curies":[{"name":"wp","href":"https:\/\/api.w.org\/{rel}","templated":true}]}}