{"id":56255,"date":"2022-11-13T01:14:35","date_gmt":"2022-11-12T22:14:35","guid":{"rendered":"https:\/\/dubai.skyline-gs.com\/?post_type=product&#038;p=41063"},"modified":"2025-11-12T00:12:47","modified_gmt":"2025-11-11T22:12:47","slug":"yacht-lurssen-capri-1-dubai","status":"publish","type":"product","link":"https:\/\/skyline-gs.com\/cs\/product\/yacht-lurssen-capri-1-dubai\/","title":{"rendered":"Jachta Lurssen CAPRI 1"},"content":{"rendered":"<p>Pro\u017eijte dovolenou v luxusn\u00edm stylu - na palub\u011b m\u00f3dn\u00ed jachty s b\u00edl\u00fdmi plachtami, kter\u00e1 se plav\u00ed po azurov\u00fdch vod\u00e1ch Persk\u00e9ho z\u00e1livu. Vychutnejte si jedno z nejmalebn\u011bj\u0161\u00edch panoramat mezi mrakodrapy a obl\u00edben\u00fdmi m\u00edsty v Dubaji: Burj Al Arab, Atlantis a Burj Khalifa. Zdvo\u0159il\u00e1 pos\u00e1dka a nadstandardn\u00ed slu\u017eby jsou v\u00e1m k dispozici.<\/p>\n<p>Motorov\u00e1 jachta CAPRI I, postaven\u00e1 v roce 2003 n\u011bmeckou lod\u011bnic\u00ed L\u00fcrssen, kombinuje klasick\u00fd styl s modern\u00edm vybaven\u00edm. Interi\u00e9r a exteri\u00e9r jachty, v\u010detn\u011b ocelov\u00e9ho trupu a hlin\u00edkov\u00e9 n\u00e1stavby, navrhla spole\u010dnost Glade Johnson. Toto jedine\u010dn\u00e9 plavidlo pojme 12 host\u016f pro del\u0161\u00ed pobyty. P\u011bt palub nab\u00edz\u00ed \u0161irokou \u0161k\u00e1lu modern\u00edho vybaven\u00ed. Interi\u00e9r kombinuje klasick\u00e9 a modern\u00ed prvky, nap\u0159\u00edklad n\u011bkter\u00e9 prostory jsou vyvedeny v mramoru, tmav\u00e9m d\u0159ev\u011b a hedv\u00e1b\u00ed.<\/p>\n<p>Na z\u00e1di spodn\u00ed paluby se nach\u00e1z\u00ed gar\u00e1\u017e se dv\u011bma hydraulick\u00fdmi dve\u0159mi pro snadn\u00e9 nakl\u00e1d\u00e1n\u00ed a dokov\u00e1n\u00ed. Prostorn\u00fd sal\u00f3n a j\u00eddelna se nach\u00e1zej\u00ed na z\u00e1di hlavn\u00ed paluby. Horn\u00ed palubu zab\u00edr\u00e1 skylounge s barem, kinem a dv\u011bma salonky. St\u011b\u017ee\u0148 jachty je zatahovac\u00ed. Jedn\u00edm z nejp\u016fsobiv\u011bj\u0161\u00edch prvk\u016f t\u00e9to luxusn\u00ed jachty je jej\u00ed v\u011btrem chr\u00e1n\u011bn\u00e1 vyhl\u00eddkov\u00e1 paluba, kter\u00e1 nab\u00edz\u00ed panoramatick\u00fd v\u00fdhled zevnit\u0159. Na z\u00e1di se nach\u00e1z\u00ed posilovna, venkovn\u00ed v\u00ed\u0159ivka a pohodln\u00e9 posezen\u00ed. Tento prostor m\u00e1 dvoj\u00ed funkci: m\u016f\u017ee se st\u00e1t p\u00edse\u010dnou terasou nebo m\u016f\u017ee slou\u017eit jako p\u0159ist\u00e1vac\u00ed plocha pro vrtuln\u00edk.<\/p>\n<p>\u010cty\u0159i ze \u0161esti kajut jsou ur\u010deny pro hosty, t\u0159i z nich maj\u00ed man\u017eelsk\u00e9 postele velikosti king size a posledn\u00ed m\u00e1 odd\u011blen\u00e9 postele. VIP kajuta se m\u016f\u017ee st\u00e1t d\u011btsk\u00fdm pokojem. Hlavn\u00ed kajuta se nach\u00e1z\u00ed na p\u0159\u00eddi na hlavn\u00ed palub\u011b. Jeho koupelna je dokon\u010dena v onyxu. Zlat\u00fdm h\u0159ebem t\u00e9to m\u00edstnosti je osv\u011btlen\u00e1 sklen\u011bn\u00e1 rytina zobrazuj\u00edc\u00ed p\u0159\u00edstav na ostrov\u011b Capri I, kde majitel\u00e9 podepsali smlouvu o stavb\u011b t\u00e9to jachty. Vedle kajuty majitele se nach\u00e1z\u00ed kancel\u00e1\u0159, knihovna a VIP apartm\u00e1. Kajuty pro hosty jsou um\u00edst\u011bny na spodn\u00ed palub\u011b, stejn\u011b jako ubytovac\u00ed prostory pro pos\u00e1dku.<\/p>\n<p>Technick\u00e9 vybaven\u00ed jachty je dokonal\u00e9. Na palub\u011b je instalov\u00e1n stabiliza\u010dn\u00ed syst\u00e9m Koop Nautic s re\u017eimem \"na kotv\u011b\", kter\u00fd minimalizuje p\u0159evalov\u00e1n\u00ed na vln\u00e1ch. Proto\u017ee majitel db\u00e1 na ochranu \u017eivotn\u00edho prost\u0159ed\u00ed, je superjachta vybavena filtry pevn\u00fdch \u010d\u00e1stic, katalyz\u00e1tory na dvou motorech Caterpillar 3512, syst\u00e9mem \u010di\u0161t\u011bn\u00ed vody, kompaktorem na odpadky a mrazic\u00edm mechanismem. Proto\u017ee jachta byla ur\u010dena jak pro majitelovu rodinu, tak pro charterov\u00e9 plavby, byl jej\u00ed design vytvo\u0159en s ohledem na bezpe\u010dnost d\u011bt\u00ed. Proto jsou na ka\u017ed\u00e9m vn\u011bj\u0161\u00edm schodi\u0161ti bezpe\u010dnostn\u00ed branky a d\u011btsk\u00e1 kajuta je um\u00edst\u011bna vedle hlavn\u00ed kajuty. CAPRI 1 je ide\u00e1ln\u00ed charterov\u00e1 jachta pro luxusn\u00ed dovolenou se specializovanou pos\u00e1dkou, \u0161irokou \u0161k\u00e1lou vybaven\u00ed na palub\u011b a vybaven\u00edm pro vodn\u00ed sporty.<\/p>\n<p><strong>Dal\u0161\u00ed informace:<\/strong><\/p>\n<ul>\n<li>Je nutn\u00e9 m\u00edt s sebou origin\u00e1ly pas\u016f v\u0161ech \u00fa\u010dastn\u00edk\u016f.<\/li>\n<li>Minim\u00e1ln\u00ed doba pron\u00e1jmu - 6 hodin<\/li>\n<li>K dispozici k t\u00fddenn\u00edmu pron\u00e1jmu<\/li>\n<li>Po\u010det kajut: 6<\/li>\n<li>Po\u010det l\u016f\u017eek: 12<\/li>\n<\/ul>\n<p><strong>V\u010detn\u011b:<\/strong><\/p>\n<ul>\n<li>transfery z hotelu a do hotelu (a\u017e pro 6 osob)<\/li>\n<li>Pron\u00e1jem jachty na m\u00edru<\/li>\n<li>Person\u00e1ln\u00ed slu\u017eby<\/li>\n<li>Voda<\/li>\n<li>Z\u00e1chrann\u00e9 vesty<\/li>\n<li>Vybaven\u00ed na palub\u011b<\/li>\n<\/ul>\n<p><strong>Nen\u00ed sou\u010d\u00e1st\u00ed dod\u00e1vky:<\/strong><\/p>\n<ul>\n<li>Transfery z hotelu a do hotelu pro 7-14 osob - p\u0159\u00edplatek 100$ za skupinu<\/li>\n<li>Transfery z hotelu a do hotelu pro v\u00edce ne\u017e 15-24 osob - p\u0159\u00edplatek 200$ za skupinu<\/li>\n<li>Transfery z hotelu a do hotelu pro v\u00edce ne\u017e 25-40 osob - p\u0159\u00edplatek 300$ za skupinu<\/li>\n<\/ul>\n<p><strong>Vezm\u011bte si ji s sebou:<\/strong><\/p>\n<ul>\n<li>Voda<\/li>\n<li>Ru\u010dn\u00edk<\/li>\n<\/ul>\n<p><strong>Mo\u017enosti nab\u00eddky:<\/strong><\/p>\n<ol>\n<li><strong>Bronzov\u00e9 menu. Dosp\u011bl\u00fd - 50$, d\u00edt\u011b do 12 let - 35$. <\/strong>Sal\u00e1t Caesar, Arabsk\u00fd sal\u00e1t Fattoush, R\u016fzn\u00e1 masa na kebab, Grilovan\u00e1 zelenina, Zelenina, Bramborov\u00e1 ka\u0161e, Ovoce, Voda.<\/li>\n<li><strong>St\u0159\u00edbrn\u00e9 menu. Dosp\u011bl\u00fd - 70$, d\u00edt\u011b do 12 let - 55$. <\/strong>Arabsk\u00fd sal\u00e1t Fattoush, Hummus, Ryby, Grilovan\u00e1 zelenina, Krevety, Hranolky, Arabsk\u00e9 chleb\u00ed\u010dky, Ovocn\u00e9 \u0159ezy, Voda<\/li>\n<li><strong><strong>Zlat\u00e9 menu. Dosp\u011bl\u00fd - 90$, d\u00edt\u011b do 12 let - 75$. <\/strong><\/strong>Caesar sal\u00e1t, Zeleninov\u00fd sal\u00e1t, \u0158eck\u00fd sal\u00e1t, Jehn\u011b\u010d\u00ed maso, Ryby, Krevety, Grilovan\u00e1 zelenina, Chipsy, Arabsk\u00fd chl\u00e9b, Ovocn\u00e1 pomaz\u00e1nka, Baklava, Voda.<\/li>\n<\/ol>","protected":false},"excerpt":{"rendered":"<p><strong>D\u00e9lka pron\u00e1jmu:<\/strong> 6 hodin<\/p>\n<p><strong>Kapacita:<\/strong> 40 osob<\/p>","protected":false},"featured_media":41086,"template":"","meta":{"_kad_post_transparent":"default","_kad_post_title":"","_kad_post_layout":"default","_kad_post_sidebar_id":"","_kad_post_content_style":"default","_kad_post_vertical_padding":"default","_kad_post_feature":"","_kad_post_feature_position":"","_kad_post_header":false,"_kad_post_footer":false,"_kad_post_classname":"","_glsr_average":0,"_glsr_ranking":0,"_glsr_reviews":0},"product_brand":[],"product_cat":[474],"product_tag":[],"class_list":{"0":"post-56255","1":"product","2":"type-product","3":"status-publish","4":"has-post-thumbnail","6":"product_cat-yacht-in-dubai","7":"tm-has-options","9":"first","10":"instock","11":"sold-individually","12":"taxable","13":"shipping-taxable","14":"purchasable","15":"product-type-simple","16":"entry","17":"content-bg","18":"loop-entry"},"yoast_head":"<!-- This site is optimized with the Yoast SEO plugin v27.3 - https:\/\/yoast.com\/product\/yoast-seo-wordpress\/ -->\n<title>\u042f\u0445\u0442\u0430 Lurssen CAPRI 1 &#8226; \u042d\u043a\u0441\u043a\u0443\u0440\u0441\u0438\u0438 Skyline<\/title>\n<meta name=\"robots\" content=\"index, follow, max-snippet:-1, max-image-preview:large, max-video-preview:-1\" \/>\n<link rel=\"canonical\" href=\"http:\/\/skyline-gs.com\/cs\/produkt\/yacht-lurssen-capri-1-dubai\/\" \/>\n<meta property=\"og:locale\" content=\"cs_CZ\" \/>\n<meta property=\"og:type\" content=\"article\" \/>\n<meta property=\"og:title\" content=\"\u042f\u0445\u0442\u0430 Lurssen CAPRI 1 &#8226; \u042d\u043a\u0441\u043a\u0443\u0440\u0441\u0438\u0438 Skyline\" \/>\n<meta property=\"og:description\" content=\"\u0414\u043b\u0438\u0442\u0435\u043b\u044c\u043d\u043e\u0441\u0442\u044c \u0430\u0440\u0435\u043d\u0434\u044b: 6 \u0447\u0430\u0441\u043e\u0432  \u0412\u043c\u0435\u0441\u0442\u0438\u0442\u0435\u043b\u044c\u043d\u043e\u0441\u0442\u044c: 40 \u0447\u0435\u043b\u043e\u0432\u0435\u043a\" \/>\n<meta property=\"og:url\" content=\"http:\/\/skyline-gs.com\/cs\/produkt\/yacht-lurssen-capri-1-dubai\/\" \/>\n<meta property=\"og:site_name\" content=\"\u042d\u043a\u0441\u043a\u0443\u0440\u0441\u0438\u0438 Skyline\" \/>\n<meta property=\"article:modified_time\" content=\"2025-11-11T22:12:47+00:00\" \/>\n<meta property=\"og:image\" content=\"https:\/\/skyline-gs.com\/wp-content\/uploads\/2022\/11\/23.png\" \/>\n\t<meta property=\"og:image:width\" content=\"669\" \/>\n\t<meta property=\"og:image:height\" content=\"446\" \/>\n\t<meta property=\"og:image:type\" content=\"image\/png\" \/>\n<meta name=\"twitter:card\" content=\"summary_large_image\" \/>\n<meta name=\"twitter:label1\" content=\"Odhadovan\u00e1 doba \u010dten\u00ed\" \/>\n\t<meta name=\"twitter:data1\" content=\"4 minuty\" \/>\n<script type=\"application\/ld+json\" class=\"yoast-schema-graph\">{\"@context\":\"https:\\\/\\\/schema.org\",\"@graph\":[{\"@type\":\"WebPage\",\"@id\":\"http:\\\/\\\/skyline-gs.com\\\/fr\\\/produit\\\/yacht-lurssen-capri-1-dubai\\\/\",\"url\":\"http:\\\/\\\/skyline-gs.com\\\/fr\\\/produit\\\/yacht-lurssen-capri-1-dubai\\\/\",\"name\":\"\u042f\u0445\u0442\u0430 Lurssen CAPRI 1 &#8226; \u042d\u043a\u0441\u043a\u0443\u0440\u0441\u0438\u0438 Skyline\",\"isPartOf\":{\"@id\":\"https:\\\/\\\/skyline-gs.com\\\/it\\\/#website\"},\"primaryImageOfPage\":{\"@id\":\"http:\\\/\\\/skyline-gs.com\\\/fr\\\/produit\\\/yacht-lurssen-capri-1-dubai\\\/#primaryimage\"},\"image\":{\"@id\":\"http:\\\/\\\/skyline-gs.com\\\/fr\\\/produit\\\/yacht-lurssen-capri-1-dubai\\\/#primaryimage\"},\"thumbnailUrl\":\"https:\\\/\\\/skyline-gs.com\\\/wp-content\\\/uploads\\\/2022\\\/11\\\/23.png\",\"datePublished\":\"2022-11-12T22:14:35+00:00\",\"dateModified\":\"2025-11-11T22:12:47+00:00\",\"breadcrumb\":{\"@id\":\"http:\\\/\\\/skyline-gs.com\\\/fr\\\/produit\\\/yacht-lurssen-capri-1-dubai\\\/#breadcrumb\"},\"inLanguage\":\"cs\",\"potentialAction\":[{\"@type\":\"ReadAction\",\"target\":[\"http:\\\/\\\/skyline-gs.com\\\/fr\\\/produit\\\/yacht-lurssen-capri-1-dubai\\\/\"]}]},{\"@type\":\"ImageObject\",\"inLanguage\":\"cs\",\"@id\":\"http:\\\/\\\/skyline-gs.com\\\/fr\\\/produit\\\/yacht-lurssen-capri-1-dubai\\\/#primaryimage\",\"url\":\"https:\\\/\\\/skyline-gs.com\\\/wp-content\\\/uploads\\\/2022\\\/11\\\/23.png\",\"contentUrl\":\"https:\\\/\\\/skyline-gs.com\\\/wp-content\\\/uploads\\\/2022\\\/11\\\/23.png\",\"width\":669,\"height\":446},{\"@type\":\"BreadcrumbList\",\"@id\":\"http:\\\/\\\/skyline-gs.com\\\/fr\\\/produit\\\/yacht-lurssen-capri-1-dubai\\\/#breadcrumb\",\"itemListElement\":[{\"@type\":\"ListItem\",\"position\":1,\"name\":\"\u0413\u043b\u0430\u0432\u043d\u0430\u044f \u0441\u0442\u0440\u0430\u043d\u0438\u0446\u0430\",\"item\":\"https:\\\/\\\/skyline-gs.com\\\/hu\\\/\"},{\"@type\":\"ListItem\",\"position\":2,\"name\":\"\u041c\u0430\u0433\u0430\u0437\u0438\u043d\",\"item\":\"https:\\\/\\\/skyline-gs.com\\\/cs\\\/shop\\\/\"},{\"@type\":\"ListItem\",\"position\":3,\"name\":\"\u042f\u0445\u0442\u0430 Lurssen CAPRI 1\"}]},{\"@type\":\"WebSite\",\"@id\":\"https:\\\/\\\/skyline-gs.com\\\/it\\\/#website\",\"url\":\"https:\\\/\\\/skyline-gs.com\\\/it\\\/\",\"name\":\"\u042d\u043a\u0441\u043a\u0443\u0440\u0441\u0438\u0438 Skyline\",\"description\":\"\u042d\u043a\u0441\u043a\u043b\u044e\u0437\u0438\u0432\u043d\u044b\u0435 \u044d\u043a\u0441\u043a\u0443\u0440\u0441\u0438\u0438 \u043d\u0430 \u043b\u0443\u0447\u0448\u0438\u0445 \u043a\u0443\u0440\u043e\u0440\u0442\u0430\u0445 \u043c\u0438\u0440\u0430\",\"publisher\":{\"@id\":\"https:\\\/\\\/skyline-gs.com\\\/it\\\/#organization\"},\"alternateName\":\"Skyline\",\"potentialAction\":[{\"@type\":\"SearchAction\",\"target\":{\"@type\":\"EntryPoint\",\"urlTemplate\":\"https:\\\/\\\/skyline-gs.com\\\/it\\\/?s={search_term_string}\"},\"query-input\":{\"@type\":\"PropertyValueSpecification\",\"valueRequired\":true,\"valueName\":\"search_term_string\"}}],\"inLanguage\":\"cs\"},{\"@type\":\"Organization\",\"@id\":\"https:\\\/\\\/skyline-gs.com\\\/it\\\/#organization\",\"name\":\"\u042d\u043a\u0441\u043a\u0443\u0440\u0441\u0438\u0438 Skyline\",\"alternateName\":\"\u042d\u043a\u0441\u043a\u0443\u0440\u0441\u0438\u0438 Skyline\",\"url\":\"https:\\\/\\\/skyline-gs.com\\\/it\\\/\",\"logo\":{\"@type\":\"ImageObject\",\"inLanguage\":\"cs\",\"@id\":\"https:\\\/\\\/skyline-gs.com\\\/it\\\/#\\\/schema\\\/logo\\\/image\\\/\",\"url\":\"https:\\\/\\\/skyline-gs.com\\\/wp-content\\\/uploads\\\/2020\\\/12\\\/cropped-logo-2.png\",\"contentUrl\":\"https:\\\/\\\/skyline-gs.com\\\/wp-content\\\/uploads\\\/2020\\\/12\\\/cropped-logo-2.png\",\"width\":512,\"height\":512,\"caption\":\"\u042d\u043a\u0441\u043a\u0443\u0440\u0441\u0438\u0438 Skyline\"},\"image\":{\"@id\":\"https:\\\/\\\/skyline-gs.com\\\/it\\\/#\\\/schema\\\/logo\\\/image\\\/\"},\"sameAs\":[\"https:\\\/\\\/www.instagram.com\\\/skylineglobalservice\\\/\"]}]}<\/script>\n<!-- \/ Yoast SEO plugin. -->","yoast_head_json":{"title":"\u042f\u0445\u0442\u0430 Lurssen CAPRI 1 &#8226; \u042d\u043a\u0441\u043a\u0443\u0440\u0441\u0438\u0438 Skyline","robots":{"index":"index","follow":"follow","max-snippet":"max-snippet:-1","max-image-preview":"max-image-preview:large","max-video-preview":"max-video-preview:-1"},"canonical":"http:\/\/skyline-gs.com\/cs\/produkt\/yacht-lurssen-capri-1-dubai\/","og_locale":"cs_CZ","og_type":"article","og_title":"\u042f\u0445\u0442\u0430 Lurssen CAPRI 1 &#8226; \u042d\u043a\u0441\u043a\u0443\u0440\u0441\u0438\u0438 Skyline","og_description":"\u0414\u043b\u0438\u0442\u0435\u043b\u044c\u043d\u043e\u0441\u0442\u044c \u0430\u0440\u0435\u043d\u0434\u044b: 6 \u0447\u0430\u0441\u043e\u0432  \u0412\u043c\u0435\u0441\u0442\u0438\u0442\u0435\u043b\u044c\u043d\u043e\u0441\u0442\u044c: 40 \u0447\u0435\u043b\u043e\u0432\u0435\u043a","og_url":"http:\/\/skyline-gs.com\/cs\/produkt\/yacht-lurssen-capri-1-dubai\/","og_site_name":"\u042d\u043a\u0441\u043a\u0443\u0440\u0441\u0438\u0438 Skyline","article_modified_time":"2025-11-11T22:12:47+00:00","og_image":[{"width":669,"height":446,"url":"https:\/\/skyline-gs.com\/wp-content\/uploads\/2022\/11\/23.png","type":"image\/png"}],"twitter_card":"summary_large_image","twitter_misc":{"Odhadovan\u00e1 doba \u010dten\u00ed":"4 minuty"},"schema":{"@context":"https:\/\/schema.org","@graph":[{"@type":"WebPage","@id":"http:\/\/skyline-gs.com\/fr\/produit\/yacht-lurssen-capri-1-dubai\/","url":"http:\/\/skyline-gs.com\/fr\/produit\/yacht-lurssen-capri-1-dubai\/","name":"\u042f\u0445\u0442\u0430 Lurssen CAPRI 1 &#8226; \u042d\u043a\u0441\u043a\u0443\u0440\u0441\u0438\u0438 Skyline","isPartOf":{"@id":"https:\/\/skyline-gs.com\/it\/#website"},"primaryImageOfPage":{"@id":"http:\/\/skyline-gs.com\/fr\/produit\/yacht-lurssen-capri-1-dubai\/#primaryimage"},"image":{"@id":"http:\/\/skyline-gs.com\/fr\/produit\/yacht-lurssen-capri-1-dubai\/#primaryimage"},"thumbnailUrl":"https:\/\/skyline-gs.com\/wp-content\/uploads\/2022\/11\/23.png","datePublished":"2022-11-12T22:14:35+00:00","dateModified":"2025-11-11T22:12:47+00:00","breadcrumb":{"@id":"http:\/\/skyline-gs.com\/fr\/produit\/yacht-lurssen-capri-1-dubai\/#breadcrumb"},"inLanguage":"cs","potentialAction":[{"@type":"ReadAction","target":["http:\/\/skyline-gs.com\/fr\/produit\/yacht-lurssen-capri-1-dubai\/"]}]},{"@type":"ImageObject","inLanguage":"cs","@id":"http:\/\/skyline-gs.com\/fr\/produit\/yacht-lurssen-capri-1-dubai\/#primaryimage","url":"https:\/\/skyline-gs.com\/wp-content\/uploads\/2022\/11\/23.png","contentUrl":"https:\/\/skyline-gs.com\/wp-content\/uploads\/2022\/11\/23.png","width":669,"height":446},{"@type":"BreadcrumbList","@id":"http:\/\/skyline-gs.com\/fr\/produit\/yacht-lurssen-capri-1-dubai\/#breadcrumb","itemListElement":[{"@type":"ListItem","position":1,"name":"\u0413\u043b\u0430\u0432\u043d\u0430\u044f \u0441\u0442\u0440\u0430\u043d\u0438\u0446\u0430","item":"https:\/\/skyline-gs.com\/hu\/"},{"@type":"ListItem","position":2,"name":"\u041c\u0430\u0433\u0430\u0437\u0438\u043d","item":"https:\/\/skyline-gs.com\/cs\/shop\/"},{"@type":"ListItem","position":3,"name":"\u042f\u0445\u0442\u0430 Lurssen CAPRI 1"}]},{"@type":"WebSite","@id":"https:\/\/skyline-gs.com\/it\/#website","url":"https:\/\/skyline-gs.com\/it\/","name":"Skyline V\u00fdlety","description":"Exkluzivn\u00ed v\u00fdlety do nejlep\u0161\u00edch sv\u011btov\u00fdch letovisek","publisher":{"@id":"https:\/\/skyline-gs.com\/it\/#organization"},"alternateName":"Skyline","potentialAction":[{"@type":"SearchAction","target":{"@type":"EntryPoint","urlTemplate":"https:\/\/skyline-gs.com\/it\/?s={search_term_string}"},"query-input":{"@type":"PropertyValueSpecification","valueRequired":true,"valueName":"search_term_string"}}],"inLanguage":"cs"},{"@type":"Organization","@id":"https:\/\/skyline-gs.com\/it\/#organization","name":"Skyline V\u00fdlety","alternateName":"\u042d\u043a\u0441\u043a\u0443\u0440\u0441\u0438\u0438 Skyline","url":"https:\/\/skyline-gs.com\/it\/","logo":{"@type":"ImageObject","inLanguage":"cs","@id":"https:\/\/skyline-gs.com\/it\/#\/schema\/logo\/image\/","url":"https:\/\/skyline-gs.com\/wp-content\/uploads\/2020\/12\/cropped-logo-2.png","contentUrl":"https:\/\/skyline-gs.com\/wp-content\/uploads\/2020\/12\/cropped-logo-2.png","width":512,"height":512,"caption":"\u042d\u043a\u0441\u043a\u0443\u0440\u0441\u0438\u0438 Skyline"},"image":{"@id":"https:\/\/skyline-gs.com\/it\/#\/schema\/logo\/image\/"},"sameAs":["https:\/\/www.instagram.com\/skylineglobalservice\/"]}]}},"_links":{"self":[{"href":"https:\/\/skyline-gs.com\/cs\/wp-json\/wp\/v2\/product\/56255","targetHints":{"allow":["GET"]}}],"collection":[{"href":"https:\/\/skyline-gs.com\/cs\/wp-json\/wp\/v2\/product"}],"about":[{"href":"https:\/\/skyline-gs.com\/cs\/wp-json\/wp\/v2\/types\/product"}],"version-history":[{"count":0,"href":"https:\/\/skyline-gs.com\/cs\/wp-json\/wp\/v2\/product\/56255\/revisions"}],"wp:featuredmedia":[{"embeddable":true,"href":"https:\/\/skyline-gs.com\/cs\/wp-json\/wp\/v2\/media\/41086"}],"wp:attachment":[{"href":"https:\/\/skyline-gs.com\/cs\/wp-json\/wp\/v2\/media?parent=56255"}],"wp:term":[{"taxonomy":"product_brand","embeddable":true,"href":"https:\/\/skyline-gs.com\/cs\/wp-json\/wp\/v2\/product_brand?post=56255"},{"taxonomy":"product_cat","embeddable":true,"href":"https:\/\/skyline-gs.com\/cs\/wp-json\/wp\/v2\/product_cat?post=56255"},{"taxonomy":"product_tag","embeddable":true,"href":"https:\/\/skyline-gs.com\/cs\/wp-json\/wp\/v2\/product_tag?post=56255"}],"curies":[{"name":"wp","href":"https:\/\/api.w.org\/{rel}","templated":true}]}}