{"id":46405,"date":"2024-01-16T21:40:37","date_gmt":"2024-01-16T19:40:37","guid":{"rendered":"http:\/\/skyline-gs.com\/?post_type=product&#038;p=46405"},"modified":"2024-01-24T00:46:18","modified_gmt":"2024-01-23T22:46:18","slug":"turkish-night","status":"publish","type":"product","link":"https:\/\/skyline-gs.com\/cs\/product\/turkish-night\/","title":{"rendered":"Tureck\u00e1 noc"},"content":{"rendered":"<p>Za\u017eijte kouzlo tureck\u00e9 kultury na vzru\u0161uj\u00edc\u00ed akci Tureck\u00e1 noc v Marmarisu. Cesta za\u010dne pohodln\u00fdm autobusem, kter\u00fd v\u00e1s vyzvedne u va\u0161ich hotel\u016f.<\/p>\n<p>Po p\u0159\u00edjezdu do restaurace Kervansaray na v\u00e1s \u010dek\u00e1 \u00fatuln\u00e9 prost\u0159ed\u00ed, kde si m\u016f\u017eete vychutnat ve\u010de\u0159i a program. Ten zahrnuje vystoupen\u00ed mistr\u016f b\u0159i\u0161n\u00edch tanc\u016f, dervi\u0161\u016f a n\u00e1rodn\u00edch tanc\u016f, kter\u00e9 v\u00e1s vt\u00e1hnou do atmosf\u00e9ry tureck\u00e9 magick\u00e9 noci.<\/p>\n<p>Pro ty, kte\u0159\u00ed sn\u00ed o chv\u00edli sl\u00e1vy, je tu p\u0159\u00edle\u017eitost vyzkou\u0161et si, jak se hraje na jevi\u0161ti. Na konci programu se budete moci shrom\u00e1\u017edit u autobusu a pohodln\u011b se vr\u00e1tit do Marmarisu.<\/p>\n<p><strong>V\u010detn\u011b:<\/strong><\/p>\n<ul>\n<li>Zp\u00e1te\u010dn\u00ed transfer<\/li>\n<li>Poji\u0161t\u011bn\u00ed<\/li>\n<li>Ve\u010de\u0159e<\/li>\n<li>M\u00edstn\u011b vyr\u00e1b\u011bn\u00e9 n\u00e1poje<\/li>\n<li>Zobrazit program<\/li>\n<\/ul>\n<p><strong>Nen\u00ed sou\u010d\u00e1st\u00ed dod\u00e1vky:<\/strong><\/p>\n<ul>\n<li>Osobn\u00ed v\u00fddaje<\/li>\n<li>Profesion\u00e1ln\u00ed fotografov\u00e1n\u00ed a nat\u00e1\u010den\u00ed videa<\/li>\n<\/ul>\n<p><strong>Nezapome\u0148te:<\/strong><\/p>\n<ul>\n<li>Lehk\u00e9 svetry pro p\u0159\u00edpad chladn\u00fdch ve\u010der\u016f<\/li>\n<li>Voda na cestu<\/li>\n<\/ul>","protected":false},"excerpt":{"rendered":"<p><strong>Doba prohl\u00eddky:<\/strong> 18:00 &#8212; 23:00<\/p>\n<p><strong>Dny zadr\u017een\u00ed:<\/strong> \u010dtvrtek, ned\u011ble<\/p>","protected":false},"featured_media":0,"template":"","meta":{"_kad_post_transparent":"default","_kad_post_title":"","_kad_post_layout":"default","_kad_post_sidebar_id":"","_kad_post_content_style":"default","_kad_post_vertical_padding":"default","_kad_post_feature":"","_kad_post_feature_position":"","_kad_post_header":false,"_kad_post_footer":false,"_kad_post_classname":"","_glsr_average":0,"_glsr_ranking":0,"_glsr_reviews":0},"product_brand":[],"product_cat":[451],"product_tag":[],"class_list":{"0":"post-46405","1":"product","2":"type-product","3":"status-publish","5":"product_cat-marmaris","6":"tm-has-options","8":"first","9":"instock","10":"sold-individually","11":"taxable","12":"shipping-taxable","13":"purchasable","14":"product-type-simple","15":"entry","16":"content-bg","17":"loop-entry"},"yoast_head":"<!-- This site is optimized with the Yoast SEO plugin v27.3 - https:\/\/yoast.com\/product\/yoast-seo-wordpress\/ -->\n<title>\u0422\u0443\u0440\u0435\u0446\u043a\u0430\u044f \u041d\u043e\u0447\u044c &#8226; \u042d\u043a\u0441\u043a\u0443\u0440\u0441\u0438\u0438 Skyline<\/title>\n<meta name=\"description\" content=\"\u041e\u043a\u0443\u043d\u0438\u0442\u0435\u0441\u044c \u0432 \u043a\u0440\u0430\u0441\u043e\u0447\u043d\u044b\u0439 \u043c\u0438\u0440 \u0442\u0443\u0440\u0435\u0446\u043a\u043e\u0433\u043e \u0438\u0441\u043a\u0443\u0441\u0441\u0442\u0432\u0430 \u0438 \u0440\u0430\u0437\u0432\u043b\u0435\u0447\u0435\u043d\u0438\u0439 \u043d\u0430 \u0443\u0432\u043b\u0435\u043a\u0430\u0442\u0435\u043b\u044c\u043d\u043e\u043c \u043c\u0435\u0440\u043e\u043f\u0440\u0438\u044f\u0442\u0438\u0438 \u0422\u0443\u0440\u0435\u0446\u043a\u0430\u044f \u041d\u043e\u0447\u044c \u0432 \u041c\u0430\u0440\u043c\u0430\u0440\u0438\u0441\u0435.\" \/>\n<meta name=\"robots\" content=\"index, follow, max-snippet:-1, max-image-preview:large, max-video-preview:-1\" \/>\n<link rel=\"canonical\" href=\"https:\/\/skyline-gs.com\/cs\/produkt\/turkish-night\/\" \/>\n<meta property=\"og:locale\" content=\"cs_CZ\" \/>\n<meta property=\"og:type\" content=\"article\" \/>\n<meta property=\"og:title\" content=\"\u0422\u0443\u0440\u0435\u0446\u043a\u0430\u044f \u041d\u043e\u0447\u044c &#8226; \u042d\u043a\u0441\u043a\u0443\u0440\u0441\u0438\u0438 Skyline\" \/>\n<meta property=\"og:description\" content=\"\u041e\u043a\u0443\u043d\u0438\u0442\u0435\u0441\u044c \u0432 \u043a\u0440\u0430\u0441\u043e\u0447\u043d\u044b\u0439 \u043c\u0438\u0440 \u0442\u0443\u0440\u0435\u0446\u043a\u043e\u0433\u043e \u0438\u0441\u043a\u0443\u0441\u0441\u0442\u0432\u0430 \u0438 \u0440\u0430\u0437\u0432\u043b\u0435\u0447\u0435\u043d\u0438\u0439 \u043d\u0430 \u0443\u0432\u043b\u0435\u043a\u0430\u0442\u0435\u043b\u044c\u043d\u043e\u043c \u043c\u0435\u0440\u043e\u043f\u0440\u0438\u044f\u0442\u0438\u0438 \u0422\u0443\u0440\u0435\u0446\u043a\u0430\u044f \u041d\u043e\u0447\u044c \u0432 \u041c\u0430\u0440\u043c\u0430\u0440\u0438\u0441\u0435.\" \/>\n<meta property=\"og:url\" content=\"https:\/\/skyline-gs.com\/cs\/produkt\/turkish-night\/\" \/>\n<meta property=\"og:site_name\" content=\"\u042d\u043a\u0441\u043a\u0443\u0440\u0441\u0438\u0438 Skyline\" \/>\n<meta property=\"article:modified_time\" content=\"2024-01-23T22:46:18+00:00\" \/>\n<meta property=\"og:image\" content=\"https:\/\/skyline-gs.com\/wp-content\/uploads\/2024\/08\/LoGo777.png\" \/>\n\t<meta property=\"og:image:width\" content=\"1080\" \/>\n\t<meta property=\"og:image:height\" content=\"1080\" \/>\n\t<meta property=\"og:image:type\" content=\"image\/png\" \/>\n<meta name=\"twitter:card\" content=\"summary_large_image\" \/>\n<meta name=\"twitter:label1\" content=\"Odhadovan\u00e1 doba \u010dten\u00ed\" \/>\n\t<meta name=\"twitter:data1\" content=\"1 minuta\" \/>\n<script type=\"application\/ld+json\" class=\"yoast-schema-graph\">{\"@context\":\"https:\\\/\\\/schema.org\",\"@graph\":[{\"@type\":\"WebPage\",\"@id\":\"https:\\\/\\\/skyline-gs.com\\\/en\\\/product-2\\\/turkish-night\\\/\",\"url\":\"https:\\\/\\\/skyline-gs.com\\\/en\\\/product-2\\\/turkish-night\\\/\",\"name\":\"\u0422\u0443\u0440\u0435\u0446\u043a\u0430\u044f \u041d\u043e\u0447\u044c &#8226; \u042d\u043a\u0441\u043a\u0443\u0440\u0441\u0438\u0438 Skyline\",\"isPartOf\":{\"@id\":\"https:\\\/\\\/skyline-gs.com\\\/it\\\/#website\"},\"datePublished\":\"2024-01-16T19:40:37+00:00\",\"dateModified\":\"2024-01-23T22:46:18+00:00\",\"description\":\"\u041e\u043a\u0443\u043d\u0438\u0442\u0435\u0441\u044c \u0432 \u043a\u0440\u0430\u0441\u043e\u0447\u043d\u044b\u0439 \u043c\u0438\u0440 \u0442\u0443\u0440\u0435\u0446\u043a\u043e\u0433\u043e \u0438\u0441\u043a\u0443\u0441\u0441\u0442\u0432\u0430 \u0438 \u0440\u0430\u0437\u0432\u043b\u0435\u0447\u0435\u043d\u0438\u0439 \u043d\u0430 \u0443\u0432\u043b\u0435\u043a\u0430\u0442\u0435\u043b\u044c\u043d\u043e\u043c \u043c\u0435\u0440\u043e\u043f\u0440\u0438\u044f\u0442\u0438\u0438 \u0422\u0443\u0440\u0435\u0446\u043a\u0430\u044f \u041d\u043e\u0447\u044c \u0432 \u041c\u0430\u0440\u043c\u0430\u0440\u0438\u0441\u0435.\",\"breadcrumb\":{\"@id\":\"https:\\\/\\\/skyline-gs.com\\\/en\\\/product-2\\\/turkish-night\\\/#breadcrumb\"},\"inLanguage\":\"cs\",\"potentialAction\":[{\"@type\":\"ReadAction\",\"target\":[\"https:\\\/\\\/skyline-gs.com\\\/en\\\/product-2\\\/turkish-night\\\/\"]}]},{\"@type\":\"BreadcrumbList\",\"@id\":\"https:\\\/\\\/skyline-gs.com\\\/en\\\/product-2\\\/turkish-night\\\/#breadcrumb\",\"itemListElement\":[{\"@type\":\"ListItem\",\"position\":1,\"name\":\"\u0413\u043b\u0430\u0432\u043d\u0430\u044f \u0441\u0442\u0440\u0430\u043d\u0438\u0446\u0430\",\"item\":\"https:\\\/\\\/skyline-gs.com\\\/hu\\\/\"},{\"@type\":\"ListItem\",\"position\":2,\"name\":\"\u041c\u0430\u0433\u0430\u0437\u0438\u043d\",\"item\":\"https:\\\/\\\/skyline-gs.com\\\/cs\\\/shop\\\/\"},{\"@type\":\"ListItem\",\"position\":3,\"name\":\"\u0422\u0443\u0440\u0435\u0446\u043a\u0430\u044f \u041d\u043e\u0447\u044c\"}]},{\"@type\":\"WebSite\",\"@id\":\"https:\\\/\\\/skyline-gs.com\\\/it\\\/#website\",\"url\":\"https:\\\/\\\/skyline-gs.com\\\/it\\\/\",\"name\":\"\u042d\u043a\u0441\u043a\u0443\u0440\u0441\u0438\u0438 Skyline\",\"description\":\"\u042d\u043a\u0441\u043a\u043b\u044e\u0437\u0438\u0432\u043d\u044b\u0435 \u044d\u043a\u0441\u043a\u0443\u0440\u0441\u0438\u0438 \u043d\u0430 \u043b\u0443\u0447\u0448\u0438\u0445 \u043a\u0443\u0440\u043e\u0440\u0442\u0430\u0445 \u043c\u0438\u0440\u0430\",\"publisher\":{\"@id\":\"https:\\\/\\\/skyline-gs.com\\\/it\\\/#organization\"},\"alternateName\":\"Skyline\",\"potentialAction\":[{\"@type\":\"SearchAction\",\"target\":{\"@type\":\"EntryPoint\",\"urlTemplate\":\"https:\\\/\\\/skyline-gs.com\\\/it\\\/?s={search_term_string}\"},\"query-input\":{\"@type\":\"PropertyValueSpecification\",\"valueRequired\":true,\"valueName\":\"search_term_string\"}}],\"inLanguage\":\"cs\"},{\"@type\":\"Organization\",\"@id\":\"https:\\\/\\\/skyline-gs.com\\\/it\\\/#organization\",\"name\":\"\u042d\u043a\u0441\u043a\u0443\u0440\u0441\u0438\u0438 Skyline\",\"alternateName\":\"\u042d\u043a\u0441\u043a\u0443\u0440\u0441\u0438\u0438 Skyline\",\"url\":\"https:\\\/\\\/skyline-gs.com\\\/it\\\/\",\"logo\":{\"@type\":\"ImageObject\",\"inLanguage\":\"cs\",\"@id\":\"https:\\\/\\\/skyline-gs.com\\\/it\\\/#\\\/schema\\\/logo\\\/image\\\/\",\"url\":\"https:\\\/\\\/skyline-gs.com\\\/wp-content\\\/uploads\\\/2020\\\/12\\\/cropped-logo-2.png\",\"contentUrl\":\"https:\\\/\\\/skyline-gs.com\\\/wp-content\\\/uploads\\\/2020\\\/12\\\/cropped-logo-2.png\",\"width\":512,\"height\":512,\"caption\":\"\u042d\u043a\u0441\u043a\u0443\u0440\u0441\u0438\u0438 Skyline\"},\"image\":{\"@id\":\"https:\\\/\\\/skyline-gs.com\\\/it\\\/#\\\/schema\\\/logo\\\/image\\\/\"},\"sameAs\":[\"https:\\\/\\\/www.instagram.com\\\/skylineglobalservice\\\/\"]}]}<\/script>\n<!-- \/ Yoast SEO plugin. -->","yoast_head_json":{"title":"\u0422\u0443\u0440\u0435\u0446\u043a\u0430\u044f \u041d\u043e\u0447\u044c &#8226; \u042d\u043a\u0441\u043a\u0443\u0440\u0441\u0438\u0438 Skyline","description":"Poznejte pestr\u00fd sv\u011bt tureck\u00e9ho um\u011bn\u00ed a z\u00e1bavy na vzru\u0161uj\u00edc\u00ed akci Tureck\u00e1 noc v Marmarisu.","robots":{"index":"index","follow":"follow","max-snippet":"max-snippet:-1","max-image-preview":"max-image-preview:large","max-video-preview":"max-video-preview:-1"},"canonical":"https:\/\/skyline-gs.com\/cs\/produkt\/turkish-night\/","og_locale":"cs_CZ","og_type":"article","og_title":"\u0422\u0443\u0440\u0435\u0446\u043a\u0430\u044f \u041d\u043e\u0447\u044c &#8226; \u042d\u043a\u0441\u043a\u0443\u0440\u0441\u0438\u0438 Skyline","og_description":"\u041e\u043a\u0443\u043d\u0438\u0442\u0435\u0441\u044c \u0432 \u043a\u0440\u0430\u0441\u043e\u0447\u043d\u044b\u0439 \u043c\u0438\u0440 \u0442\u0443\u0440\u0435\u0446\u043a\u043e\u0433\u043e \u0438\u0441\u043a\u0443\u0441\u0441\u0442\u0432\u0430 \u0438 \u0440\u0430\u0437\u0432\u043b\u0435\u0447\u0435\u043d\u0438\u0439 \u043d\u0430 \u0443\u0432\u043b\u0435\u043a\u0430\u0442\u0435\u043b\u044c\u043d\u043e\u043c \u043c\u0435\u0440\u043e\u043f\u0440\u0438\u044f\u0442\u0438\u0438 \u0422\u0443\u0440\u0435\u0446\u043a\u0430\u044f \u041d\u043e\u0447\u044c \u0432 \u041c\u0430\u0440\u043c\u0430\u0440\u0438\u0441\u0435.","og_url":"https:\/\/skyline-gs.com\/cs\/produkt\/turkish-night\/","og_site_name":"\u042d\u043a\u0441\u043a\u0443\u0440\u0441\u0438\u0438 Skyline","article_modified_time":"2024-01-23T22:46:18+00:00","og_image":[{"width":1080,"height":1080,"url":"https:\/\/skyline-gs.com\/wp-content\/uploads\/2024\/08\/LoGo777.png","type":"image\/png"}],"twitter_card":"summary_large_image","twitter_misc":{"Odhadovan\u00e1 doba \u010dten\u00ed":"1 minuta"},"schema":{"@context":"https:\/\/schema.org","@graph":[{"@type":"WebPage","@id":"https:\/\/skyline-gs.com\/en\/product-2\/turkish-night\/","url":"https:\/\/skyline-gs.com\/en\/product-2\/turkish-night\/","name":"\u0422\u0443\u0440\u0435\u0446\u043a\u0430\u044f \u041d\u043e\u0447\u044c &#8226; \u042d\u043a\u0441\u043a\u0443\u0440\u0441\u0438\u0438 Skyline","isPartOf":{"@id":"https:\/\/skyline-gs.com\/it\/#website"},"datePublished":"2024-01-16T19:40:37+00:00","dateModified":"2024-01-23T22:46:18+00:00","description":"Poznejte pestr\u00fd sv\u011bt tureck\u00e9ho um\u011bn\u00ed a z\u00e1bavy na vzru\u0161uj\u00edc\u00ed akci Tureck\u00e1 noc v Marmarisu.","breadcrumb":{"@id":"https:\/\/skyline-gs.com\/en\/product-2\/turkish-night\/#breadcrumb"},"inLanguage":"cs","potentialAction":[{"@type":"ReadAction","target":["https:\/\/skyline-gs.com\/en\/product-2\/turkish-night\/"]}]},{"@type":"BreadcrumbList","@id":"https:\/\/skyline-gs.com\/en\/product-2\/turkish-night\/#breadcrumb","itemListElement":[{"@type":"ListItem","position":1,"name":"\u0413\u043b\u0430\u0432\u043d\u0430\u044f \u0441\u0442\u0440\u0430\u043d\u0438\u0446\u0430","item":"https:\/\/skyline-gs.com\/hu\/"},{"@type":"ListItem","position":2,"name":"\u041c\u0430\u0433\u0430\u0437\u0438\u043d","item":"https:\/\/skyline-gs.com\/cs\/shop\/"},{"@type":"ListItem","position":3,"name":"\u0422\u0443\u0440\u0435\u0446\u043a\u0430\u044f \u041d\u043e\u0447\u044c"}]},{"@type":"WebSite","@id":"https:\/\/skyline-gs.com\/it\/#website","url":"https:\/\/skyline-gs.com\/it\/","name":"Skyline V\u00fdlety","description":"Exkluzivn\u00ed v\u00fdlety do nejlep\u0161\u00edch sv\u011btov\u00fdch letovisek","publisher":{"@id":"https:\/\/skyline-gs.com\/it\/#organization"},"alternateName":"Skyline","potentialAction":[{"@type":"SearchAction","target":{"@type":"EntryPoint","urlTemplate":"https:\/\/skyline-gs.com\/it\/?s={search_term_string}"},"query-input":{"@type":"PropertyValueSpecification","valueRequired":true,"valueName":"search_term_string"}}],"inLanguage":"cs"},{"@type":"Organization","@id":"https:\/\/skyline-gs.com\/it\/#organization","name":"Skyline V\u00fdlety","alternateName":"\u042d\u043a\u0441\u043a\u0443\u0440\u0441\u0438\u0438 Skyline","url":"https:\/\/skyline-gs.com\/it\/","logo":{"@type":"ImageObject","inLanguage":"cs","@id":"https:\/\/skyline-gs.com\/it\/#\/schema\/logo\/image\/","url":"https:\/\/skyline-gs.com\/wp-content\/uploads\/2020\/12\/cropped-logo-2.png","contentUrl":"https:\/\/skyline-gs.com\/wp-content\/uploads\/2020\/12\/cropped-logo-2.png","width":512,"height":512,"caption":"\u042d\u043a\u0441\u043a\u0443\u0440\u0441\u0438\u0438 Skyline"},"image":{"@id":"https:\/\/skyline-gs.com\/it\/#\/schema\/logo\/image\/"},"sameAs":["https:\/\/www.instagram.com\/skylineglobalservice\/"]}]}},"_links":{"self":[{"href":"https:\/\/skyline-gs.com\/cs\/wp-json\/wp\/v2\/product\/46405","targetHints":{"allow":["GET"]}}],"collection":[{"href":"https:\/\/skyline-gs.com\/cs\/wp-json\/wp\/v2\/product"}],"about":[{"href":"https:\/\/skyline-gs.com\/cs\/wp-json\/wp\/v2\/types\/product"}],"version-history":[{"count":0,"href":"https:\/\/skyline-gs.com\/cs\/wp-json\/wp\/v2\/product\/46405\/revisions"}],"wp:attachment":[{"href":"https:\/\/skyline-gs.com\/cs\/wp-json\/wp\/v2\/media?parent=46405"}],"wp:term":[{"taxonomy":"product_brand","embeddable":true,"href":"https:\/\/skyline-gs.com\/cs\/wp-json\/wp\/v2\/product_brand?post=46405"},{"taxonomy":"product_cat","embeddable":true,"href":"https:\/\/skyline-gs.com\/cs\/wp-json\/wp\/v2\/product_cat?post=46405"},{"taxonomy":"product_tag","embeddable":true,"href":"https:\/\/skyline-gs.com\/cs\/wp-json\/wp\/v2\/product_tag?post=46405"}],"curies":[{"name":"wp","href":"https:\/\/api.w.org\/{rel}","templated":true}]}}