{"id":46392,"date":"2024-01-16T21:29:21","date_gmt":"2024-01-16T19:29:21","guid":{"rendered":"http:\/\/skyline-gs.com\/?post_type=product&#038;p=46392"},"modified":"2024-01-24T00:46:11","modified_gmt":"2024-01-23T22:46:11","slug":"exkurze-do-daljanu","status":"publish","type":"product","link":"https:\/\/skyline-gs.com\/cs\/product\/excursion-to-dalyan\/","title":{"rendered":"V\u00fdlet do Dalyanu"},"content":{"rendered":"<p>Z\u00e1jezd do Dalyanu za\u010dne p\u0159\u00edjemn\u00fdm shrom\u00e1\u017ed\u011bn\u00edm turist\u016f v jejich hotelech. Pot\u00e9 se pohodln\u00fdmi autobusy vyd\u00e1me do vesnice Kejegiz, kde n\u00e1s \u010dek\u00e1 vzru\u0161uj\u00edc\u00ed dobrodru\u017estv\u00ed.<\/p>\n<p>Po p\u0159\u00edjezdu do p\u0159\u00edstavu se nalod\u00edme na lo\u010f, kter\u00e1 n\u00e1s p\u0159eveze p\u0159es malebn\u00e9 jezero Kejegiz ke zn\u00e1m\u00fdm bahenn\u00edm l\u00e1zn\u00edm Sultaniye. Na palub\u011b lodi si pochutn\u00e1te na vynikaj\u00edc\u00edm ob\u011bd\u011b zahrnuj\u00edc\u00edm n\u00e1rodn\u00ed tureck\u00e9 speciality.<\/p>\n<p>Cesta pokra\u010duje zast\u00e1vkou u starov\u011bk\u00fdch l\u00fdkijsk\u00fdch hrobek Kaunos vytesan\u00fdch ve skal\u00e1ch, kde n\u00e1m pr\u016fvodce pov\u00ed o jejich fascinuj\u00edc\u00ed historii. Pot\u00e9 nav\u0161t\u00edv\u00edme \u017eelv\u00ed pl\u00e1\u017e Iztuzu, domov obrovsk\u00fdch \u017eelv Caretta caretta.<\/p>\n<p>Voln\u00fd \u010das na koup\u00e1n\u00ed a odpo\u010dinek na pl\u00e1\u017ei nebo v jeze\u0159e dod\u00e1 na\u0161emu dobrodru\u017estv\u00ed pestr\u00e9 barvy. Pot\u00e9 se lod\u00ed vr\u00e1t\u00edme do vesnice Kejegiz a zam\u00ed\u0159\u00edme zp\u011bt do na\u0161ich hotel\u016f.<\/p>\n<p><strong>V\u010detn\u011b:<\/strong><\/p>\n<ul>\n<li>Zp\u00e1te\u010dn\u00ed transfer<\/li>\n<li>Vstupenky<\/li>\n<li>Ob\u011bd<\/li>\n<li>Poji\u0161t\u011bn\u00ed<\/li>\n<li>rusky mluv\u00edc\u00ed pr\u016fvodce<\/li>\n<li>Prohl\u00eddka jachty<\/li>\n<\/ul>\n<p><strong>Nen\u00ed sou\u010d\u00e1st\u00ed dod\u00e1vky:<\/strong><\/p>\n<ul>\n<li>Osobn\u00ed v\u00fddaje<\/li>\n<li>N\u00e1poje<\/li>\n<\/ul>\n<p><strong>Nezapome\u0148te si p\u0159in\u00e9st vlastn\u00ed:<\/strong><\/p>\n<ul>\n<li>Plavky a plavky<\/li>\n<li>Ru\u010dn\u00edky<\/li>\n<li>Opalovac\u00ed kr\u00e9m\/kr\u00e9m na opalov\u00e1n\u00ed<\/li>\n<li>Klobouky<\/li>\n<li>Slune\u010dn\u00ed br\u00fdle<\/li>\n<\/ul>","protected":false},"excerpt":{"rendered":"<p><strong>Doba prohl\u00eddky:<\/strong> 08:30 \u2014 18:00<\/p>\n<p><strong>Dny zadr\u017een\u00ed:<\/strong> \u00dater\u00fd, \u010dtvrtek, sobota<\/p>","protected":false},"featured_media":0,"template":"","meta":{"_kad_post_transparent":"default","_kad_post_title":"","_kad_post_layout":"default","_kad_post_sidebar_id":"","_kad_post_content_style":"default","_kad_post_vertical_padding":"default","_kad_post_feature":"","_kad_post_feature_position":"","_kad_post_header":false,"_kad_post_footer":false,"_kad_post_classname":"","_glsr_average":0,"_glsr_ranking":0,"_glsr_reviews":0},"product_brand":[],"product_cat":[451],"product_tag":[],"class_list":{"0":"post-46392","1":"product","2":"type-product","3":"status-publish","5":"product_cat-marmaris","6":"tm-has-options","8":"first","9":"instock","10":"sold-individually","11":"taxable","12":"shipping-taxable","13":"purchasable","14":"product-type-simple","15":"entry","16":"content-bg","17":"loop-entry"},"yoast_head":"<!-- This site is optimized with the Yoast SEO plugin v27.4 - https:\/\/yoast.com\/product\/yoast-seo-wordpress\/ -->\n<title>\u042d\u043a\u0441\u043a\u0443\u0440\u0441\u0438\u044f \u0432 \u0414\u0430\u043b\u044c\u044f\u043d &#8226; \u042d\u043a\u0441\u043a\u0443\u0440\u0441\u0438\u0438 Skyline<\/title>\n<meta name=\"description\" content=\"\u041e\u0442\u043a\u0440\u043e\u0439\u0442\u0435 \u0434\u043b\u044f \u0441\u0435\u0431\u044f \u0432\u043e\u043b\u0448\u0435\u0431\u0441\u0442\u0432\u043e \u0414\u0430\u043b\u044c\u044f\u043d \u0438\u0437 \u041c\u0430\u0440\u043c\u0430\u0440\u0438\u0441\u0430 \u0432\u043c\u0435\u0441\u0442\u0435 \u0441 \u043d\u0430\u043c\u0438! \u041c\u044b \u043f\u043e\u0437\u0430\u0431\u043e\u0442\u0438\u043c\u0441\u044f \u043e \u0432\u0430\u0448\u0435\u043c \u043a\u043e\u043c\u0444\u043e\u0440\u0442\u0435, \u0434\u0435\u043b\u0430\u044f \u043a\u0430\u0436\u0434\u044b\u0439 \u043c\u043e\u043c\u0435\u043d\u0442 \u043e\u0442\u0434\u044b\u0445\u0430 \u043d\u0435\u0437\u0430\u0431\u044b\u0432\u0430\u0435\u043c\u044b\u043c \u0438 \u0431\u0435\u0437\u0437\u0430\u0431\u043e\u0442\u043d\u044b\u043c!\" \/>\n<meta name=\"robots\" content=\"index, follow, max-snippet:-1, max-image-preview:large, max-video-preview:-1\" \/>\n<link rel=\"canonical\" href=\"https:\/\/skyline-gs.com\/cs\/produkt\/exkurze-do-daljanu\/\" \/>\n<meta property=\"og:locale\" content=\"cs_CZ\" \/>\n<meta property=\"og:type\" content=\"article\" \/>\n<meta property=\"og:title\" content=\"\u042d\u043a\u0441\u043a\u0443\u0440\u0441\u0438\u044f \u0432 \u0414\u0430\u043b\u044c\u044f\u043d &#8226; \u042d\u043a\u0441\u043a\u0443\u0440\u0441\u0438\u0438 Skyline\" \/>\n<meta property=\"og:description\" content=\"\u041e\u0442\u043a\u0440\u043e\u0439\u0442\u0435 \u0434\u043b\u044f \u0441\u0435\u0431\u044f \u0432\u043e\u043b\u0448\u0435\u0431\u0441\u0442\u0432\u043e \u0414\u0430\u043b\u044c\u044f\u043d \u0438\u0437 \u041c\u0430\u0440\u043c\u0430\u0440\u0438\u0441\u0430 \u0432\u043c\u0435\u0441\u0442\u0435 \u0441 \u043d\u0430\u043c\u0438! \u041c\u044b \u043f\u043e\u0437\u0430\u0431\u043e\u0442\u0438\u043c\u0441\u044f \u043e \u0432\u0430\u0448\u0435\u043c \u043a\u043e\u043c\u0444\u043e\u0440\u0442\u0435, \u0434\u0435\u043b\u0430\u044f \u043a\u0430\u0436\u0434\u044b\u0439 \u043c\u043e\u043c\u0435\u043d\u0442 \u043e\u0442\u0434\u044b\u0445\u0430 \u043d\u0435\u0437\u0430\u0431\u044b\u0432\u0430\u0435\u043c\u044b\u043c \u0438 \u0431\u0435\u0437\u0437\u0430\u0431\u043e\u0442\u043d\u044b\u043c!\" \/>\n<meta property=\"og:url\" content=\"https:\/\/skyline-gs.com\/cs\/produkt\/exkurze-do-daljanu\/\" \/>\n<meta property=\"og:site_name\" content=\"\u042d\u043a\u0441\u043a\u0443\u0440\u0441\u0438\u0438 Skyline\" \/>\n<meta property=\"article:modified_time\" content=\"2024-01-23T22:46:11+00:00\" \/>\n<meta property=\"og:image\" content=\"https:\/\/skyline-gs.com\/wp-content\/uploads\/2024\/08\/LoGo777.png\" \/>\n\t<meta property=\"og:image:width\" content=\"1080\" \/>\n\t<meta property=\"og:image:height\" content=\"1080\" \/>\n\t<meta property=\"og:image:type\" content=\"image\/png\" \/>\n<meta name=\"twitter:card\" content=\"summary_large_image\" \/>\n<meta name=\"twitter:label1\" content=\"Odhadovan\u00e1 doba \u010dten\u00ed\" \/>\n\t<meta name=\"twitter:data1\" content=\"1 minuta\" \/>\n<script type=\"application\/ld+json\" class=\"yoast-schema-graph\">{\"@context\":\"https:\\\/\\\/schema.org\",\"@graph\":[{\"@type\":\"WebPage\",\"@id\":\"https:\\\/\\\/skyline-gs.com\\\/product\\\/excursion-to-dalyan\\\/\",\"url\":\"https:\\\/\\\/skyline-gs.com\\\/product\\\/excursion-to-dalyan\\\/\",\"name\":\"\u042d\u043a\u0441\u043a\u0443\u0440\u0441\u0438\u044f \u0432 \u0414\u0430\u043b\u044c\u044f\u043d &#8226; \u042d\u043a\u0441\u043a\u0443\u0440\u0441\u0438\u0438 Skyline\",\"isPartOf\":{\"@id\":\"https:\\\/\\\/skyline-gs.com\\\/it\\\/#website\"},\"datePublished\":\"2024-01-16T19:29:21+00:00\",\"dateModified\":\"2024-01-23T22:46:11+00:00\",\"description\":\"\u041e\u0442\u043a\u0440\u043e\u0439\u0442\u0435 \u0434\u043b\u044f \u0441\u0435\u0431\u044f \u0432\u043e\u043b\u0448\u0435\u0431\u0441\u0442\u0432\u043e \u0414\u0430\u043b\u044c\u044f\u043d \u0438\u0437 \u041c\u0430\u0440\u043c\u0430\u0440\u0438\u0441\u0430 \u0432\u043c\u0435\u0441\u0442\u0435 \u0441 \u043d\u0430\u043c\u0438! \u041c\u044b \u043f\u043e\u0437\u0430\u0431\u043e\u0442\u0438\u043c\u0441\u044f \u043e \u0432\u0430\u0448\u0435\u043c \u043a\u043e\u043c\u0444\u043e\u0440\u0442\u0435, \u0434\u0435\u043b\u0430\u044f \u043a\u0430\u0436\u0434\u044b\u0439 \u043c\u043e\u043c\u0435\u043d\u0442 \u043e\u0442\u0434\u044b\u0445\u0430 \u043d\u0435\u0437\u0430\u0431\u044b\u0432\u0430\u0435\u043c\u044b\u043c \u0438 \u0431\u0435\u0437\u0437\u0430\u0431\u043e\u0442\u043d\u044b\u043c!\",\"breadcrumb\":{\"@id\":\"https:\\\/\\\/skyline-gs.com\\\/product\\\/excursion-to-dalyan\\\/#breadcrumb\"},\"inLanguage\":\"cs\",\"potentialAction\":[{\"@type\":\"ReadAction\",\"target\":[\"https:\\\/\\\/skyline-gs.com\\\/product\\\/excursion-to-dalyan\\\/\"]}]},{\"@type\":\"BreadcrumbList\",\"@id\":\"https:\\\/\\\/skyline-gs.com\\\/product\\\/excursion-to-dalyan\\\/#breadcrumb\",\"itemListElement\":[{\"@type\":\"ListItem\",\"position\":1,\"name\":\"\u0413\u043b\u0430\u0432\u043d\u0430\u044f \u0441\u0442\u0440\u0430\u043d\u0438\u0446\u0430\",\"item\":\"https:\\\/\\\/skyline-gs.com\\\/hu\\\/\"},{\"@type\":\"ListItem\",\"position\":2,\"name\":\"\u041c\u0430\u0433\u0430\u0437\u0438\u043d\",\"item\":\"https:\\\/\\\/skyline-gs.com\\\/cs\\\/shop\\\/\"},{\"@type\":\"ListItem\",\"position\":3,\"name\":\"\u042d\u043a\u0441\u043a\u0443\u0440\u0441\u0438\u044f \u0432 \u0414\u0430\u043b\u044c\u044f\u043d\"}]},{\"@type\":\"WebSite\",\"@id\":\"https:\\\/\\\/skyline-gs.com\\\/it\\\/#website\",\"url\":\"https:\\\/\\\/skyline-gs.com\\\/it\\\/\",\"name\":\"\u042d\u043a\u0441\u043a\u0443\u0440\u0441\u0438\u0438 Skyline\",\"description\":\"\u042d\u043a\u0441\u043a\u043b\u044e\u0437\u0438\u0432\u043d\u044b\u0435 \u044d\u043a\u0441\u043a\u0443\u0440\u0441\u0438\u0438 \u043d\u0430 \u043b\u0443\u0447\u0448\u0438\u0445 \u043a\u0443\u0440\u043e\u0440\u0442\u0430\u0445 \u043c\u0438\u0440\u0430\",\"publisher\":{\"@id\":\"https:\\\/\\\/skyline-gs.com\\\/it\\\/#organization\"},\"alternateName\":\"Skyline\",\"potentialAction\":[{\"@type\":\"SearchAction\",\"target\":{\"@type\":\"EntryPoint\",\"urlTemplate\":\"https:\\\/\\\/skyline-gs.com\\\/it\\\/?s={search_term_string}\"},\"query-input\":{\"@type\":\"PropertyValueSpecification\",\"valueRequired\":true,\"valueName\":\"search_term_string\"}}],\"inLanguage\":\"cs\"},{\"@type\":\"Organization\",\"@id\":\"https:\\\/\\\/skyline-gs.com\\\/it\\\/#organization\",\"name\":\"\u042d\u043a\u0441\u043a\u0443\u0440\u0441\u0438\u0438 Skyline\",\"alternateName\":\"\u042d\u043a\u0441\u043a\u0443\u0440\u0441\u0438\u0438 Skyline\",\"url\":\"https:\\\/\\\/skyline-gs.com\\\/it\\\/\",\"logo\":{\"@type\":\"ImageObject\",\"inLanguage\":\"cs\",\"@id\":\"https:\\\/\\\/skyline-gs.com\\\/it\\\/#\\\/schema\\\/logo\\\/image\\\/\",\"url\":\"https:\\\/\\\/skyline-gs.com\\\/wp-content\\\/uploads\\\/2020\\\/12\\\/cropped-logo-2.png\",\"contentUrl\":\"https:\\\/\\\/skyline-gs.com\\\/wp-content\\\/uploads\\\/2020\\\/12\\\/cropped-logo-2.png\",\"width\":512,\"height\":512,\"caption\":\"\u042d\u043a\u0441\u043a\u0443\u0440\u0441\u0438\u0438 Skyline\"},\"image\":{\"@id\":\"https:\\\/\\\/skyline-gs.com\\\/it\\\/#\\\/schema\\\/logo\\\/image\\\/\"},\"sameAs\":[\"https:\\\/\\\/www.instagram.com\\\/skylineglobalservice\\\/\"]}]}<\/script>\n<!-- \/ Yoast SEO plugin. -->","yoast_head_json":{"title":"V\u00fdlet do Dalyanu - Skyline Excursions","description":"Objevte s n\u00e1mi kouzlo Dalyanu z Marmarisu! Postar\u00e1me se o va\u0161e pohodl\u00ed, aby ka\u017ed\u00fd okam\u017eik va\u0161\u00ed dovolen\u00e9 byl nezapomenuteln\u00fd a bezstarostn\u00fd!","robots":{"index":"index","follow":"follow","max-snippet":"max-snippet:-1","max-image-preview":"max-image-preview:large","max-video-preview":"max-video-preview:-1"},"canonical":"https:\/\/skyline-gs.com\/cs\/produkt\/exkurze-do-daljanu\/","og_locale":"cs_CZ","og_type":"article","og_title":"\u042d\u043a\u0441\u043a\u0443\u0440\u0441\u0438\u044f \u0432 \u0414\u0430\u043b\u044c\u044f\u043d &#8226; \u042d\u043a\u0441\u043a\u0443\u0440\u0441\u0438\u0438 Skyline","og_description":"\u041e\u0442\u043a\u0440\u043e\u0439\u0442\u0435 \u0434\u043b\u044f \u0441\u0435\u0431\u044f \u0432\u043e\u043b\u0448\u0435\u0431\u0441\u0442\u0432\u043e \u0414\u0430\u043b\u044c\u044f\u043d \u0438\u0437 \u041c\u0430\u0440\u043c\u0430\u0440\u0438\u0441\u0430 \u0432\u043c\u0435\u0441\u0442\u0435 \u0441 \u043d\u0430\u043c\u0438! \u041c\u044b \u043f\u043e\u0437\u0430\u0431\u043e\u0442\u0438\u043c\u0441\u044f \u043e \u0432\u0430\u0448\u0435\u043c \u043a\u043e\u043c\u0444\u043e\u0440\u0442\u0435, \u0434\u0435\u043b\u0430\u044f \u043a\u0430\u0436\u0434\u044b\u0439 \u043c\u043e\u043c\u0435\u043d\u0442 \u043e\u0442\u0434\u044b\u0445\u0430 \u043d\u0435\u0437\u0430\u0431\u044b\u0432\u0430\u0435\u043c\u044b\u043c \u0438 \u0431\u0435\u0437\u0437\u0430\u0431\u043e\u0442\u043d\u044b\u043c!","og_url":"https:\/\/skyline-gs.com\/cs\/produkt\/exkurze-do-daljanu\/","og_site_name":"\u042d\u043a\u0441\u043a\u0443\u0440\u0441\u0438\u0438 Skyline","article_modified_time":"2024-01-23T22:46:11+00:00","og_image":[{"width":1080,"height":1080,"url":"https:\/\/skyline-gs.com\/wp-content\/uploads\/2024\/08\/LoGo777.png","type":"image\/png"}],"twitter_card":"summary_large_image","twitter_misc":{"Odhadovan\u00e1 doba \u010dten\u00ed":"1 minuta"},"schema":{"@context":"https:\/\/schema.org","@graph":[{"@type":"WebPage","@id":"https:\/\/skyline-gs.com\/product\/excursion-to-dalyan\/","url":"https:\/\/skyline-gs.com\/product\/excursion-to-dalyan\/","name":"V\u00fdlet do Dalyanu - Skyline Excursions","isPartOf":{"@id":"https:\/\/skyline-gs.com\/it\/#website"},"datePublished":"2024-01-16T19:29:21+00:00","dateModified":"2024-01-23T22:46:11+00:00","description":"Objevte s n\u00e1mi kouzlo Dalyanu z Marmarisu! Postar\u00e1me se o va\u0161e pohodl\u00ed, aby ka\u017ed\u00fd okam\u017eik va\u0161\u00ed dovolen\u00e9 byl nezapomenuteln\u00fd a bezstarostn\u00fd!","breadcrumb":{"@id":"https:\/\/skyline-gs.com\/product\/excursion-to-dalyan\/#breadcrumb"},"inLanguage":"cs","potentialAction":[{"@type":"ReadAction","target":["https:\/\/skyline-gs.com\/product\/excursion-to-dalyan\/"]}]},{"@type":"BreadcrumbList","@id":"https:\/\/skyline-gs.com\/product\/excursion-to-dalyan\/#breadcrumb","itemListElement":[{"@type":"ListItem","position":1,"name":"\u0413\u043b\u0430\u0432\u043d\u0430\u044f \u0441\u0442\u0440\u0430\u043d\u0438\u0446\u0430","item":"https:\/\/skyline-gs.com\/hu\/"},{"@type":"ListItem","position":2,"name":"\u041c\u0430\u0433\u0430\u0437\u0438\u043d","item":"https:\/\/skyline-gs.com\/cs\/shop\/"},{"@type":"ListItem","position":3,"name":"\u042d\u043a\u0441\u043a\u0443\u0440\u0441\u0438\u044f \u0432 \u0414\u0430\u043b\u044c\u044f\u043d"}]},{"@type":"WebSite","@id":"https:\/\/skyline-gs.com\/it\/#website","url":"https:\/\/skyline-gs.com\/it\/","name":"Skyline V\u00fdlety","description":"Exkluzivn\u00ed v\u00fdlety do nejlep\u0161\u00edch sv\u011btov\u00fdch letovisek","publisher":{"@id":"https:\/\/skyline-gs.com\/it\/#organization"},"alternateName":"Skyline","potentialAction":[{"@type":"SearchAction","target":{"@type":"EntryPoint","urlTemplate":"https:\/\/skyline-gs.com\/it\/?s={search_term_string}"},"query-input":{"@type":"PropertyValueSpecification","valueRequired":true,"valueName":"search_term_string"}}],"inLanguage":"cs"},{"@type":"Organization","@id":"https:\/\/skyline-gs.com\/it\/#organization","name":"Skyline V\u00fdlety","alternateName":"\u042d\u043a\u0441\u043a\u0443\u0440\u0441\u0438\u0438 Skyline","url":"https:\/\/skyline-gs.com\/it\/","logo":{"@type":"ImageObject","inLanguage":"cs","@id":"https:\/\/skyline-gs.com\/it\/#\/schema\/logo\/image\/","url":"https:\/\/skyline-gs.com\/wp-content\/uploads\/2020\/12\/cropped-logo-2.png","contentUrl":"https:\/\/skyline-gs.com\/wp-content\/uploads\/2020\/12\/cropped-logo-2.png","width":512,"height":512,"caption":"\u042d\u043a\u0441\u043a\u0443\u0440\u0441\u0438\u0438 Skyline"},"image":{"@id":"https:\/\/skyline-gs.com\/it\/#\/schema\/logo\/image\/"},"sameAs":["https:\/\/www.instagram.com\/skylineglobalservice\/"]}]}},"_links":{"self":[{"href":"https:\/\/skyline-gs.com\/cs\/wp-json\/wp\/v2\/product\/46392","targetHints":{"allow":["GET"]}}],"collection":[{"href":"https:\/\/skyline-gs.com\/cs\/wp-json\/wp\/v2\/product"}],"about":[{"href":"https:\/\/skyline-gs.com\/cs\/wp-json\/wp\/v2\/types\/product"}],"version-history":[{"count":0,"href":"https:\/\/skyline-gs.com\/cs\/wp-json\/wp\/v2\/product\/46392\/revisions"}],"wp:attachment":[{"href":"https:\/\/skyline-gs.com\/cs\/wp-json\/wp\/v2\/media?parent=46392"}],"wp:term":[{"taxonomy":"product_brand","embeddable":true,"href":"https:\/\/skyline-gs.com\/cs\/wp-json\/wp\/v2\/product_brand?post=46392"},{"taxonomy":"product_cat","embeddable":true,"href":"https:\/\/skyline-gs.com\/cs\/wp-json\/wp\/v2\/product_cat?post=46392"},{"taxonomy":"product_tag","embeddable":true,"href":"https:\/\/skyline-gs.com\/cs\/wp-json\/wp\/v2\/product_tag?post=46392"}],"curies":[{"name":"wp","href":"https:\/\/api.w.org\/{rel}","templated":true}]}}