{"id":45927,"date":"2024-01-14T21:20:39","date_gmt":"2024-01-14T19:20:39","guid":{"rendered":"http:\/\/skyline-gs.com\/?post_type=product&#038;p=45927"},"modified":"2024-01-24T19:56:23","modified_gmt":"2024-01-24T17:56:23","slug":"excursion-to-istanbul-marmaris","status":"publish","type":"product","link":"https:\/\/skyline-gs.com\/cs\/product\/excursion-to-istanbul-marmaris\/","title":{"rendered":"Exkurze do Istanbulu"},"content":{"rendered":"<p><strong>Program zahrnuje:<\/strong><\/p>\n<ul>\n<li>Nav\u0161tivte pal\u00e1c Topkapi, kde \u017eil velk\u00fd sult\u00e1n Sulejman a Roxolana.<\/li>\n<li>Prohl\u00eddka muzea katedr\u00e1ly Hagia Sofia, kter\u00e1 byla nejprve pravoslavnou katedr\u00e1lou, pot\u00e9 me\u0161itou a nyn\u00ed muzeem.<\/li>\n<li>Prohl\u00eddka Hippodromu, n\u00e1m\u011bst\u00ed pln\u00e9ho antick\u00fdch poklad\u016f.<\/li>\n<li>N\u00e1v\u0161t\u011bva n\u00e1dhern\u00e9 Modr\u00e9 me\u0161ity, skvostu isl\u00e1msk\u00e9 architektury.<\/li>\n<li>Zaje\u010fte si na egyptsk\u00fd bazar a nakupte r\u016fzn\u00e9 druhy ko\u0159en\u00ed a ko\u0159en\u00ed.<\/li>\n<li>Projd\u011bte se po n\u00e1m\u011bst\u00ed Eminenu, jednom z nejmalebn\u011bj\u0161\u00edch m\u00edst ve m\u011bst\u011b.<\/li>\n<li>Voliteln\u011b mo\u017enost proch\u00e1zky pod\u00e9l Bosporsk\u00e9 \u00fa\u017einy.<\/li>\n<\/ul>\n<p>Cena zahrnuje transfery, letenku, ob\u011bd, ve\u010de\u0159i, vstupenky, rusky mluv\u00edc\u00edho pr\u016fvodce-historika a poji\u0161t\u011bn\u00ed.<\/p>\n<p><strong>Nen\u00ed sou\u010d\u00e1st\u00ed dod\u00e1vky:<\/strong><\/p>\n<ul>\n<li>N\u00e1poje b\u011bhem ob\u011bda a ve\u010de\u0159e<\/li>\n<li>Proch\u00e1zka po Bosporu (za poplatek na m\u00edst\u011b)<\/li>\n<li>Osobn\u00ed v\u00fddaje<\/li>\n<\/ul>\n<p><strong>Nezapome\u0148te si p\u0159in\u00e9st vlastn\u00ed:<\/strong><\/p>\n<ul>\n<li>Pas<\/li>\n<li>Pohodln\u00e1 obuv a oble\u010den\u00ed<\/li>\n<li>Pen\u00edze na osobn\u00ed v\u00fddaje<\/li>\n<li>V\u00fdrobky na ochranu proti slune\u010dn\u00edmu z\u00e1\u0159en\u00ed<\/li>\n<li>Voda<\/li>\n<li>Klobouky<\/li>\n<\/ul>","protected":false},"excerpt":{"rendered":"<p><strong>Doba prohl\u00eddky:<\/strong> 03:00 &#8212; 23:00<\/p>\n<p><strong>Dny zadr\u017een\u00ed:<\/strong> \u010dtvrtek, sobota<\/p>","protected":false},"featured_media":41582,"template":"","meta":{"_kad_post_transparent":"default","_kad_post_title":"","_kad_post_layout":"default","_kad_post_sidebar_id":"","_kad_post_content_style":"default","_kad_post_vertical_padding":"default","_kad_post_feature":"","_kad_post_feature_position":"","_kad_post_header":false,"_kad_post_footer":false,"_kad_post_classname":"","_glsr_average":0,"_glsr_ranking":0,"_glsr_reviews":0},"product_brand":[],"product_cat":[451],"product_tag":[],"class_list":{"0":"post-45927","1":"product","2":"type-product","3":"status-publish","4":"has-post-thumbnail","6":"product_cat-marmaris","7":"tm-has-options","9":"first","10":"instock","11":"sold-individually","12":"taxable","13":"shipping-taxable","14":"purchasable","15":"product-type-simple","16":"entry","17":"content-bg","18":"loop-entry"},"yoast_head":"<!-- This site is optimized with the Yoast SEO plugin v27.3 - https:\/\/yoast.com\/product\/yoast-seo-wordpress\/ -->\n<title>\u042d\u043a\u0441\u043a\u0443\u0440\u0441\u0438\u044f \u0432 \u0421\u0442\u0430\u043c\u0431\u0443\u043b &#8226; \u042d\u043a\u0441\u043a\u0443\u0440\u0441\u0438\u0438 Skyline<\/title>\n<meta name=\"description\" content=\"\u041e\u0442\u043f\u0440\u0430\u0432\u044c\u0442\u0435\u0441\u044c \u0432 \u0437\u0430\u0445\u0432\u0430\u0442\u044b\u0432\u0430\u044e\u0449\u0435\u0435 \u043f\u0443\u0442\u0435\u0448\u0435\u0441\u0442\u0432\u0438\u0435 \u0432 \u0421\u0442\u0430\u043c\u0431\u0443\u043b \u0438\u0437 \u041c\u0430\u0440\u043c\u0430\u0440\u0438\u0441\u0430. \u041f\u0443\u0442\u0435\u0432\u043a\u0430 \u0432\u043a\u043b\u044e\u0447\u0430\u0435\u0442 \u043a\u043e\u043c\u0444\u043e\u0440\u0442\u0430\u0431\u0435\u043b\u044c\u043d\u044b\u0439 \u0442\u0440\u0430\u043d\u0441\u0444\u0435\u0440 \u043e\u0442 \u043e\u0442\u0435\u043b\u044f, \u0447\u0430\u0441\u043e\u0432\u043e\u0439 \u043f\u0435\u0440\u0435\u043b\u0435\u0442 \u0432 \u0441\u0442\u043e\u043b\u0438\u0446\u0443 \u0422\u0443\u0440\u0446\u0438\u0438.\" \/>\n<meta name=\"robots\" content=\"index, follow, max-snippet:-1, max-image-preview:large, max-video-preview:-1\" \/>\n<link rel=\"canonical\" href=\"http:\/\/skyline-gs.com\/cs\/produkt\/excursion-to-istanbul-marmaris\/\" \/>\n<meta property=\"og:locale\" content=\"cs_CZ\" \/>\n<meta property=\"og:type\" content=\"article\" \/>\n<meta property=\"og:title\" content=\"\u042d\u043a\u0441\u043a\u0443\u0440\u0441\u0438\u044f \u0432 \u0421\u0442\u0430\u043c\u0431\u0443\u043b &#8226; \u042d\u043a\u0441\u043a\u0443\u0440\u0441\u0438\u0438 Skyline\" \/>\n<meta property=\"og:description\" content=\"\u041e\u0442\u043f\u0440\u0430\u0432\u044c\u0442\u0435\u0441\u044c \u0432 \u0437\u0430\u0445\u0432\u0430\u0442\u044b\u0432\u0430\u044e\u0449\u0435\u0435 \u043f\u0443\u0442\u0435\u0448\u0435\u0441\u0442\u0432\u0438\u0435 \u0432 \u0421\u0442\u0430\u043c\u0431\u0443\u043b \u0438\u0437 \u041c\u0430\u0440\u043c\u0430\u0440\u0438\u0441\u0430. \u041f\u0443\u0442\u0435\u0432\u043a\u0430 \u0432\u043a\u043b\u044e\u0447\u0430\u0435\u0442 \u043a\u043e\u043c\u0444\u043e\u0440\u0442\u0430\u0431\u0435\u043b\u044c\u043d\u044b\u0439 \u0442\u0440\u0430\u043d\u0441\u0444\u0435\u0440 \u043e\u0442 \u043e\u0442\u0435\u043b\u044f, \u0447\u0430\u0441\u043e\u0432\u043e\u0439 \u043f\u0435\u0440\u0435\u043b\u0435\u0442 \u0432 \u0441\u0442\u043e\u043b\u0438\u0446\u0443 \u0422\u0443\u0440\u0446\u0438\u0438.\" \/>\n<meta property=\"og:url\" content=\"http:\/\/skyline-gs.com\/cs\/produkt\/excursion-to-istanbul-marmaris\/\" \/>\n<meta property=\"og:site_name\" content=\"\u042d\u043a\u0441\u043a\u0443\u0440\u0441\u0438\u0438 Skyline\" \/>\n<meta property=\"article:modified_time\" content=\"2024-01-24T17:56:23+00:00\" \/>\n<meta property=\"og:image\" content=\"https:\/\/skyline-gs.com\/wp-content\/uploads\/2023\/01\/3-1.png\" \/>\n\t<meta property=\"og:image:width\" content=\"669\" \/>\n\t<meta property=\"og:image:height\" content=\"446\" \/>\n\t<meta property=\"og:image:type\" content=\"image\/png\" \/>\n<meta name=\"twitter:card\" content=\"summary_large_image\" \/>\n<meta name=\"twitter:label1\" content=\"Odhadovan\u00e1 doba \u010dten\u00ed\" \/>\n\t<meta name=\"twitter:data1\" content=\"1 minuta\" \/>\n<script type=\"application\/ld+json\" class=\"yoast-schema-graph\">{\"@context\":\"https:\\\/\\\/schema.org\",\"@graph\":[{\"@type\":\"WebPage\",\"@id\":\"http:\\\/\\\/skyline-gs.com\\\/pl\\\/produkt\\\/excursion-to-istanbul-marmaris\\\/\",\"url\":\"http:\\\/\\\/skyline-gs.com\\\/pl\\\/produkt\\\/excursion-to-istanbul-marmaris\\\/\",\"name\":\"\u042d\u043a\u0441\u043a\u0443\u0440\u0441\u0438\u044f \u0432 \u0421\u0442\u0430\u043c\u0431\u0443\u043b &#8226; \u042d\u043a\u0441\u043a\u0443\u0440\u0441\u0438\u0438 Skyline\",\"isPartOf\":{\"@id\":\"https:\\\/\\\/skyline-gs.com\\\/it\\\/#website\"},\"primaryImageOfPage\":{\"@id\":\"http:\\\/\\\/skyline-gs.com\\\/pl\\\/produkt\\\/excursion-to-istanbul-marmaris\\\/#primaryimage\"},\"image\":{\"@id\":\"http:\\\/\\\/skyline-gs.com\\\/pl\\\/produkt\\\/excursion-to-istanbul-marmaris\\\/#primaryimage\"},\"thumbnailUrl\":\"https:\\\/\\\/skyline-gs.com\\\/wp-content\\\/uploads\\\/2023\\\/01\\\/3-1.png\",\"datePublished\":\"2024-01-14T19:20:39+00:00\",\"dateModified\":\"2024-01-24T17:56:23+00:00\",\"description\":\"\u041e\u0442\u043f\u0440\u0430\u0432\u044c\u0442\u0435\u0441\u044c \u0432 \u0437\u0430\u0445\u0432\u0430\u0442\u044b\u0432\u0430\u044e\u0449\u0435\u0435 \u043f\u0443\u0442\u0435\u0448\u0435\u0441\u0442\u0432\u0438\u0435 \u0432 \u0421\u0442\u0430\u043c\u0431\u0443\u043b \u0438\u0437 \u041c\u0430\u0440\u043c\u0430\u0440\u0438\u0441\u0430. \u041f\u0443\u0442\u0435\u0432\u043a\u0430 \u0432\u043a\u043b\u044e\u0447\u0430\u0435\u0442 \u043a\u043e\u043c\u0444\u043e\u0440\u0442\u0430\u0431\u0435\u043b\u044c\u043d\u044b\u0439 \u0442\u0440\u0430\u043d\u0441\u0444\u0435\u0440 \u043e\u0442 \u043e\u0442\u0435\u043b\u044f, \u0447\u0430\u0441\u043e\u0432\u043e\u0439 \u043f\u0435\u0440\u0435\u043b\u0435\u0442 \u0432 \u0441\u0442\u043e\u043b\u0438\u0446\u0443 \u0422\u0443\u0440\u0446\u0438\u0438.\",\"breadcrumb\":{\"@id\":\"http:\\\/\\\/skyline-gs.com\\\/pl\\\/produkt\\\/excursion-to-istanbul-marmaris\\\/#breadcrumb\"},\"inLanguage\":\"cs\",\"potentialAction\":[{\"@type\":\"ReadAction\",\"target\":[\"http:\\\/\\\/skyline-gs.com\\\/pl\\\/produkt\\\/excursion-to-istanbul-marmaris\\\/\"]}]},{\"@type\":\"ImageObject\",\"inLanguage\":\"cs\",\"@id\":\"http:\\\/\\\/skyline-gs.com\\\/pl\\\/produkt\\\/excursion-to-istanbul-marmaris\\\/#primaryimage\",\"url\":\"https:\\\/\\\/skyline-gs.com\\\/wp-content\\\/uploads\\\/2023\\\/01\\\/3-1.png\",\"contentUrl\":\"https:\\\/\\\/skyline-gs.com\\\/wp-content\\\/uploads\\\/2023\\\/01\\\/3-1.png\",\"width\":669,\"height\":446},{\"@type\":\"BreadcrumbList\",\"@id\":\"http:\\\/\\\/skyline-gs.com\\\/pl\\\/produkt\\\/excursion-to-istanbul-marmaris\\\/#breadcrumb\",\"itemListElement\":[{\"@type\":\"ListItem\",\"position\":1,\"name\":\"\u0413\u043b\u0430\u0432\u043d\u0430\u044f \u0441\u0442\u0440\u0430\u043d\u0438\u0446\u0430\",\"item\":\"https:\\\/\\\/skyline-gs.com\\\/hu\\\/\"},{\"@type\":\"ListItem\",\"position\":2,\"name\":\"\u041c\u0430\u0433\u0430\u0437\u0438\u043d\",\"item\":\"https:\\\/\\\/skyline-gs.com\\\/cs\\\/shop\\\/\"},{\"@type\":\"ListItem\",\"position\":3,\"name\":\"\u042d\u043a\u0441\u043a\u0443\u0440\u0441\u0438\u044f \u0432 \u0421\u0442\u0430\u043c\u0431\u0443\u043b\"}]},{\"@type\":\"WebSite\",\"@id\":\"https:\\\/\\\/skyline-gs.com\\\/it\\\/#website\",\"url\":\"https:\\\/\\\/skyline-gs.com\\\/it\\\/\",\"name\":\"\u042d\u043a\u0441\u043a\u0443\u0440\u0441\u0438\u0438 Skyline\",\"description\":\"\u042d\u043a\u0441\u043a\u043b\u044e\u0437\u0438\u0432\u043d\u044b\u0435 \u044d\u043a\u0441\u043a\u0443\u0440\u0441\u0438\u0438 \u043d\u0430 \u043b\u0443\u0447\u0448\u0438\u0445 \u043a\u0443\u0440\u043e\u0440\u0442\u0430\u0445 \u043c\u0438\u0440\u0430\",\"publisher\":{\"@id\":\"https:\\\/\\\/skyline-gs.com\\\/it\\\/#organization\"},\"alternateName\":\"Skyline\",\"potentialAction\":[{\"@type\":\"SearchAction\",\"target\":{\"@type\":\"EntryPoint\",\"urlTemplate\":\"https:\\\/\\\/skyline-gs.com\\\/it\\\/?s={search_term_string}\"},\"query-input\":{\"@type\":\"PropertyValueSpecification\",\"valueRequired\":true,\"valueName\":\"search_term_string\"}}],\"inLanguage\":\"cs\"},{\"@type\":\"Organization\",\"@id\":\"https:\\\/\\\/skyline-gs.com\\\/it\\\/#organization\",\"name\":\"\u042d\u043a\u0441\u043a\u0443\u0440\u0441\u0438\u0438 Skyline\",\"alternateName\":\"\u042d\u043a\u0441\u043a\u0443\u0440\u0441\u0438\u0438 Skyline\",\"url\":\"https:\\\/\\\/skyline-gs.com\\\/it\\\/\",\"logo\":{\"@type\":\"ImageObject\",\"inLanguage\":\"cs\",\"@id\":\"https:\\\/\\\/skyline-gs.com\\\/it\\\/#\\\/schema\\\/logo\\\/image\\\/\",\"url\":\"https:\\\/\\\/skyline-gs.com\\\/wp-content\\\/uploads\\\/2020\\\/12\\\/cropped-logo-2.png\",\"contentUrl\":\"https:\\\/\\\/skyline-gs.com\\\/wp-content\\\/uploads\\\/2020\\\/12\\\/cropped-logo-2.png\",\"width\":512,\"height\":512,\"caption\":\"\u042d\u043a\u0441\u043a\u0443\u0440\u0441\u0438\u0438 Skyline\"},\"image\":{\"@id\":\"https:\\\/\\\/skyline-gs.com\\\/it\\\/#\\\/schema\\\/logo\\\/image\\\/\"},\"sameAs\":[\"https:\\\/\\\/www.instagram.com\\\/skylineglobalservice\\\/\"]}]}<\/script>\n<!-- \/ Yoast SEO plugin. -->","yoast_head_json":{"title":"\u042d\u043a\u0441\u043a\u0443\u0440\u0441\u0438\u044f \u0432 \u0421\u0442\u0430\u043c\u0431\u0443\u043b &#8226; \u042d\u043a\u0441\u043a\u0443\u0440\u0441\u0438\u0438 Skyline","description":"Vydejte se z Marmarisu na vzru\u0161uj\u00edc\u00ed cestu do Istanbulu. V\u00fdlet zahrnuje pohodln\u00fd transfer z va\u0161eho hotelu, hodinov\u00fd let do hlavn\u00edho m\u011bsta Turecka.","robots":{"index":"index","follow":"follow","max-snippet":"max-snippet:-1","max-image-preview":"max-image-preview:large","max-video-preview":"max-video-preview:-1"},"canonical":"http:\/\/skyline-gs.com\/cs\/produkt\/excursion-to-istanbul-marmaris\/","og_locale":"cs_CZ","og_type":"article","og_title":"\u042d\u043a\u0441\u043a\u0443\u0440\u0441\u0438\u044f \u0432 \u0421\u0442\u0430\u043c\u0431\u0443\u043b &#8226; \u042d\u043a\u0441\u043a\u0443\u0440\u0441\u0438\u0438 Skyline","og_description":"\u041e\u0442\u043f\u0440\u0430\u0432\u044c\u0442\u0435\u0441\u044c \u0432 \u0437\u0430\u0445\u0432\u0430\u0442\u044b\u0432\u0430\u044e\u0449\u0435\u0435 \u043f\u0443\u0442\u0435\u0448\u0435\u0441\u0442\u0432\u0438\u0435 \u0432 \u0421\u0442\u0430\u043c\u0431\u0443\u043b \u0438\u0437 \u041c\u0430\u0440\u043c\u0430\u0440\u0438\u0441\u0430. \u041f\u0443\u0442\u0435\u0432\u043a\u0430 \u0432\u043a\u043b\u044e\u0447\u0430\u0435\u0442 \u043a\u043e\u043c\u0444\u043e\u0440\u0442\u0430\u0431\u0435\u043b\u044c\u043d\u044b\u0439 \u0442\u0440\u0430\u043d\u0441\u0444\u0435\u0440 \u043e\u0442 \u043e\u0442\u0435\u043b\u044f, \u0447\u0430\u0441\u043e\u0432\u043e\u0439 \u043f\u0435\u0440\u0435\u043b\u0435\u0442 \u0432 \u0441\u0442\u043e\u043b\u0438\u0446\u0443 \u0422\u0443\u0440\u0446\u0438\u0438.","og_url":"http:\/\/skyline-gs.com\/cs\/produkt\/excursion-to-istanbul-marmaris\/","og_site_name":"\u042d\u043a\u0441\u043a\u0443\u0440\u0441\u0438\u0438 Skyline","article_modified_time":"2024-01-24T17:56:23+00:00","og_image":[{"width":669,"height":446,"url":"https:\/\/skyline-gs.com\/wp-content\/uploads\/2023\/01\/3-1.png","type":"image\/png"}],"twitter_card":"summary_large_image","twitter_misc":{"Odhadovan\u00e1 doba \u010dten\u00ed":"1 minuta"},"schema":{"@context":"https:\/\/schema.org","@graph":[{"@type":"WebPage","@id":"http:\/\/skyline-gs.com\/pl\/produkt\/excursion-to-istanbul-marmaris\/","url":"http:\/\/skyline-gs.com\/pl\/produkt\/excursion-to-istanbul-marmaris\/","name":"\u042d\u043a\u0441\u043a\u0443\u0440\u0441\u0438\u044f \u0432 \u0421\u0442\u0430\u043c\u0431\u0443\u043b &#8226; \u042d\u043a\u0441\u043a\u0443\u0440\u0441\u0438\u0438 Skyline","isPartOf":{"@id":"https:\/\/skyline-gs.com\/it\/#website"},"primaryImageOfPage":{"@id":"http:\/\/skyline-gs.com\/pl\/produkt\/excursion-to-istanbul-marmaris\/#primaryimage"},"image":{"@id":"http:\/\/skyline-gs.com\/pl\/produkt\/excursion-to-istanbul-marmaris\/#primaryimage"},"thumbnailUrl":"https:\/\/skyline-gs.com\/wp-content\/uploads\/2023\/01\/3-1.png","datePublished":"2024-01-14T19:20:39+00:00","dateModified":"2024-01-24T17:56:23+00:00","description":"Vydejte se z Marmarisu na vzru\u0161uj\u00edc\u00ed cestu do Istanbulu. V\u00fdlet zahrnuje pohodln\u00fd transfer z va\u0161eho hotelu, hodinov\u00fd let do hlavn\u00edho m\u011bsta Turecka.","breadcrumb":{"@id":"http:\/\/skyline-gs.com\/pl\/produkt\/excursion-to-istanbul-marmaris\/#breadcrumb"},"inLanguage":"cs","potentialAction":[{"@type":"ReadAction","target":["http:\/\/skyline-gs.com\/pl\/produkt\/excursion-to-istanbul-marmaris\/"]}]},{"@type":"ImageObject","inLanguage":"cs","@id":"http:\/\/skyline-gs.com\/pl\/produkt\/excursion-to-istanbul-marmaris\/#primaryimage","url":"https:\/\/skyline-gs.com\/wp-content\/uploads\/2023\/01\/3-1.png","contentUrl":"https:\/\/skyline-gs.com\/wp-content\/uploads\/2023\/01\/3-1.png","width":669,"height":446},{"@type":"BreadcrumbList","@id":"http:\/\/skyline-gs.com\/pl\/produkt\/excursion-to-istanbul-marmaris\/#breadcrumb","itemListElement":[{"@type":"ListItem","position":1,"name":"\u0413\u043b\u0430\u0432\u043d\u0430\u044f \u0441\u0442\u0440\u0430\u043d\u0438\u0446\u0430","item":"https:\/\/skyline-gs.com\/hu\/"},{"@type":"ListItem","position":2,"name":"\u041c\u0430\u0433\u0430\u0437\u0438\u043d","item":"https:\/\/skyline-gs.com\/cs\/shop\/"},{"@type":"ListItem","position":3,"name":"\u042d\u043a\u0441\u043a\u0443\u0440\u0441\u0438\u044f \u0432 \u0421\u0442\u0430\u043c\u0431\u0443\u043b"}]},{"@type":"WebSite","@id":"https:\/\/skyline-gs.com\/it\/#website","url":"https:\/\/skyline-gs.com\/it\/","name":"Skyline V\u00fdlety","description":"Exkluzivn\u00ed v\u00fdlety do nejlep\u0161\u00edch sv\u011btov\u00fdch letovisek","publisher":{"@id":"https:\/\/skyline-gs.com\/it\/#organization"},"alternateName":"Skyline","potentialAction":[{"@type":"SearchAction","target":{"@type":"EntryPoint","urlTemplate":"https:\/\/skyline-gs.com\/it\/?s={search_term_string}"},"query-input":{"@type":"PropertyValueSpecification","valueRequired":true,"valueName":"search_term_string"}}],"inLanguage":"cs"},{"@type":"Organization","@id":"https:\/\/skyline-gs.com\/it\/#organization","name":"Skyline V\u00fdlety","alternateName":"\u042d\u043a\u0441\u043a\u0443\u0440\u0441\u0438\u0438 Skyline","url":"https:\/\/skyline-gs.com\/it\/","logo":{"@type":"ImageObject","inLanguage":"cs","@id":"https:\/\/skyline-gs.com\/it\/#\/schema\/logo\/image\/","url":"https:\/\/skyline-gs.com\/wp-content\/uploads\/2020\/12\/cropped-logo-2.png","contentUrl":"https:\/\/skyline-gs.com\/wp-content\/uploads\/2020\/12\/cropped-logo-2.png","width":512,"height":512,"caption":"\u042d\u043a\u0441\u043a\u0443\u0440\u0441\u0438\u0438 Skyline"},"image":{"@id":"https:\/\/skyline-gs.com\/it\/#\/schema\/logo\/image\/"},"sameAs":["https:\/\/www.instagram.com\/skylineglobalservice\/"]}]}},"_links":{"self":[{"href":"https:\/\/skyline-gs.com\/cs\/wp-json\/wp\/v2\/product\/45927","targetHints":{"allow":["GET"]}}],"collection":[{"href":"https:\/\/skyline-gs.com\/cs\/wp-json\/wp\/v2\/product"}],"about":[{"href":"https:\/\/skyline-gs.com\/cs\/wp-json\/wp\/v2\/types\/product"}],"version-history":[{"count":0,"href":"https:\/\/skyline-gs.com\/cs\/wp-json\/wp\/v2\/product\/45927\/revisions"}],"wp:featuredmedia":[{"embeddable":true,"href":"https:\/\/skyline-gs.com\/cs\/wp-json\/wp\/v2\/media\/41582"}],"wp:attachment":[{"href":"https:\/\/skyline-gs.com\/cs\/wp-json\/wp\/v2\/media?parent=45927"}],"wp:term":[{"taxonomy":"product_brand","embeddable":true,"href":"https:\/\/skyline-gs.com\/cs\/wp-json\/wp\/v2\/product_brand?post=45927"},{"taxonomy":"product_cat","embeddable":true,"href":"https:\/\/skyline-gs.com\/cs\/wp-json\/wp\/v2\/product_cat?post=45927"},{"taxonomy":"product_tag","embeddable":true,"href":"https:\/\/skyline-gs.com\/cs\/wp-json\/wp\/v2\/product_tag?post=45927"}],"curies":[{"name":"wp","href":"https:\/\/api.w.org\/{rel}","templated":true}]}}