{"id":45926,"date":"2024-01-14T21:12:48","date_gmt":"2024-01-14T19:12:48","guid":{"rendered":"http:\/\/skyline-gs.com\/?post_type=product&#038;p=45926"},"modified":"2024-01-24T00:56:37","modified_gmt":"2024-01-23T22:56:37","slug":"excursion-confluence-of-two-seas-in-marmaris-all-inclusive","status":"publish","type":"product","link":"https:\/\/skyline-gs.com\/cs\/product\/excursion-confluence-of-two-seas-in-marmaris-all-inclusive\/","title":{"rendered":"V\u00fdlet do Marmarisu Spojen\u00ed dvou mo\u0159\u00ed (All Inclusive)"},"content":{"rendered":"<p>Cesta za\u010d\u00edn\u00e1 transferem, kter\u00fd v\u00e1s pohodln\u011b vyzvedne z va\u0161eho hotelu.<\/p>\n<p>Po odjezdu do p\u0159\u00edstavu v\u00e1s \u010dek\u00e1 vzru\u0161uj\u00edc\u00ed plavba na dvoupatrov\u00e9 jacht\u011b pod\u00e9l kr\u00e1sn\u00e9ho pob\u0159e\u017e\u00ed Marmarisu. B\u011bhem plavby se budete kochat v\u00fdhledy na z\u00e1toky, jeskyn\u011b a ostrovy, zat\u00edmco v\u00e1m n\u00e1\u0161 pr\u016fvodce bude vypr\u00e1v\u011bt zaj\u00edmavosti o jednotliv\u00fdch m\u00edstech.<\/p>\n<p>Sou\u010d\u00e1st\u00ed v\u00fdletu je n\u00e1v\u0161t\u011bva malebn\u00e9 pl\u00e1\u017ee a zast\u00e1vka v ryb\u00e1\u0159sk\u00e9 vesnici Turun\u00e7, zn\u00e1m\u00e9 tak\u00e9 jako \"tureck\u00e9 Ben\u00e1tky\", kde panuje naprost\u00fd klid.<\/p>\n<p>Ob\u011bd bude zaji\u0161t\u011bn v tureck\u00e9m stylu. Pot\u00e9 se vyd\u00e1te na Rajsk\u00fd ostrov, obklopen\u00fd kr\u00e1snou p\u0159\u00edrodou a scen\u00e9ri\u00ed ide\u00e1ln\u00ed ke koup\u00e1n\u00ed a opalov\u00e1n\u00ed. Pot\u00e9 bude n\u00e1sledovat zast\u00e1vka u Fosforov\u00e9 jeskyn\u011b, kde si m\u016f\u017eete u\u017e\u00edt voln\u00fd \u010das na koup\u00e1n\u00ed v tyrkysov\u00e9 vod\u011b uprost\u0159ed hust\u00e9 zelen\u011b.<\/p>\n<p>Ukon\u010den\u00ed cesty do p\u0159\u00edstavu a n\u00e1vrat do hotel\u016f v Marmarisu transferem.<\/p>\n<p><strong>V\u010detn\u011b:<\/strong><\/p>\n<ul>\n<li>Zp\u00e1te\u010dn\u00ed transfer<\/li>\n<li>Poji\u0161t\u011bn\u00ed<\/li>\n<li>Ob\u011bd<\/li>\n<li>M\u00edstn\u011b vyr\u00e1b\u011bn\u00e9 nealkoholick\u00e9 a alkoholick\u00e9 n\u00e1poje<\/li>\n<\/ul>\n<p><strong>Nen\u00ed sou\u010d\u00e1st\u00ed dod\u00e1vky:<\/strong><\/p>\n<ul>\n<li>Osobn\u00ed v\u00fddaje<\/li>\n<li>Profesion\u00e1ln\u00ed fotografie a videografie<\/li>\n<\/ul>\n<p><strong>Nezapome\u0148te:<\/strong><\/p>\n<ul>\n<li>Plavky<\/li>\n<li>Opalovac\u00ed kr\u00e9m\/kr\u00e9m na opalov\u00e1n\u00ed<\/li>\n<li>Klobouky<\/li>\n<li>Slune\u010dn\u00ed br\u00fdle<\/li>\n<\/ul>","protected":false},"excerpt":{"rendered":"<p><strong>Doba prohl\u00eddky: <\/strong>09:00 &#8212; 16:00<\/p>\n<p><strong>Dny prohl\u00eddky: <\/strong>Ka\u017ed\u00fd den.<\/p>","protected":false},"featured_media":0,"template":"","meta":{"_kad_post_transparent":"default","_kad_post_title":"","_kad_post_layout":"default","_kad_post_sidebar_id":"","_kad_post_content_style":"default","_kad_post_vertical_padding":"default","_kad_post_feature":"","_kad_post_feature_position":"","_kad_post_header":false,"_kad_post_footer":false,"_kad_post_classname":"","_glsr_average":0,"_glsr_ranking":0,"_glsr_reviews":0},"product_brand":[],"product_cat":[451],"product_tag":[],"class_list":{"0":"post-45926","1":"product","2":"type-product","3":"status-publish","5":"product_cat-marmaris","6":"tm-has-options","8":"first","9":"instock","10":"sold-individually","11":"taxable","12":"shipping-taxable","13":"purchasable","14":"product-type-simple","15":"entry","16":"content-bg","17":"loop-entry"},"yoast_head":"<!-- This site is optimized with the Yoast SEO plugin v27.3 - https:\/\/yoast.com\/product\/yoast-seo-wordpress\/ -->\n<title>\u042d\u043a\u0441\u043a\u0443\u0440\u0441\u0438\u044f \u0421\u043b\u0438\u044f\u043d\u0438\u0435 \u0434\u0432\u0443\u0445 \u043c\u043e\u0440\u0435\u0439 \u0432 \u041c\u0430\u0440\u043c\u0430\u0440\u0438\u0441\u0435 (\u0412\u0441\u0435 \u0432\u043a\u043b\u044e\u0447\u0435\u043d\u043e) &#8226; \u042d\u043a\u0441\u043a\u0443\u0440\u0441\u0438\u0438 Skyline<\/title>\n<meta name=\"description\" content=\"\u0417\u0430\u0445\u0432\u0430\u0442\u044b\u0432\u0430\u044e\u0449\u0435\u0435 \u043c\u043e\u0440\u0441\u043a\u043e\u0435 \u043f\u0440\u0438\u043a\u043b\u044e\u0447\u0435\u043d\u0438\u0435 \u0421\u043b\u0438\u044f\u043d\u0438\u0435 \u0434\u0432\u0443\u0445 \u043c\u043e\u0440\u0435\u0439 \u0432 \u041c\u0430\u0440\u043c\u0430\u0440\u0438\u0441\u0435. \u041f\u043e\u0433\u0440\u0443\u0437\u0438\u0442\u0435\u0441\u044c \u0432 \u0443\u043d\u0438\u043a\u0430\u043b\u044c\u043d\u044b\u0439 \u0440\u0435\u0433\u0438\u043e\u043d, \u043e\u043c\u044b\u0432\u0430\u0435\u043c\u044b\u0439 \u0432\u043e\u0434\u0430\u043c\u0438 \u0421\u0440\u0435\u0434\u0438\u0437\u0435\u043c\u043d\u043e\u0433\u043e \u0438 \u042d\u0433\u0435\u0439\u0441\u043a\u043e\u0433\u043e \u043c\u043e\u0440\u0435\u0439.\" \/>\n<meta name=\"robots\" content=\"index, follow, max-snippet:-1, max-image-preview:large, max-video-preview:-1\" \/>\n<link rel=\"canonical\" href=\"http:\/\/skyline-gs.com\/cs\/produkt\/excursion-confluence-of-two-seas-in-marmaris-all-inclusive\/\" \/>\n<meta property=\"og:locale\" content=\"cs_CZ\" \/>\n<meta property=\"og:type\" content=\"article\" \/>\n<meta property=\"og:title\" content=\"\u042d\u043a\u0441\u043a\u0443\u0440\u0441\u0438\u044f \u0421\u043b\u0438\u044f\u043d\u0438\u0435 \u0434\u0432\u0443\u0445 \u043c\u043e\u0440\u0435\u0439 \u0432 \u041c\u0430\u0440\u043c\u0430\u0440\u0438\u0441\u0435 (\u0412\u0441\u0435 \u0432\u043a\u043b\u044e\u0447\u0435\u043d\u043e) &#8226; \u042d\u043a\u0441\u043a\u0443\u0440\u0441\u0438\u0438 Skyline\" \/>\n<meta property=\"og:description\" content=\"\u0417\u0430\u0445\u0432\u0430\u0442\u044b\u0432\u0430\u044e\u0449\u0435\u0435 \u043c\u043e\u0440\u0441\u043a\u043e\u0435 \u043f\u0440\u0438\u043a\u043b\u044e\u0447\u0435\u043d\u0438\u0435 \u0421\u043b\u0438\u044f\u043d\u0438\u0435 \u0434\u0432\u0443\u0445 \u043c\u043e\u0440\u0435\u0439 \u0432 \u041c\u0430\u0440\u043c\u0430\u0440\u0438\u0441\u0435. \u041f\u043e\u0433\u0440\u0443\u0437\u0438\u0442\u0435\u0441\u044c \u0432 \u0443\u043d\u0438\u043a\u0430\u043b\u044c\u043d\u044b\u0439 \u0440\u0435\u0433\u0438\u043e\u043d, \u043e\u043c\u044b\u0432\u0430\u0435\u043c\u044b\u0439 \u0432\u043e\u0434\u0430\u043c\u0438 \u0421\u0440\u0435\u0434\u0438\u0437\u0435\u043c\u043d\u043e\u0433\u043e \u0438 \u042d\u0433\u0435\u0439\u0441\u043a\u043e\u0433\u043e \u043c\u043e\u0440\u0435\u0439.\" \/>\n<meta property=\"og:url\" content=\"http:\/\/skyline-gs.com\/cs\/produkt\/excursion-confluence-of-two-seas-in-marmaris-all-inclusive\/\" \/>\n<meta property=\"og:site_name\" content=\"\u042d\u043a\u0441\u043a\u0443\u0440\u0441\u0438\u0438 Skyline\" \/>\n<meta property=\"article:modified_time\" content=\"2024-01-23T22:56:37+00:00\" \/>\n<meta property=\"og:image\" content=\"https:\/\/skyline-gs.com\/wp-content\/uploads\/2024\/08\/LoGo777.png\" \/>\n\t<meta property=\"og:image:width\" content=\"1080\" \/>\n\t<meta property=\"og:image:height\" content=\"1080\" \/>\n\t<meta property=\"og:image:type\" content=\"image\/png\" \/>\n<meta name=\"twitter:card\" content=\"summary_large_image\" \/>\n<meta name=\"twitter:label1\" content=\"Odhadovan\u00e1 doba \u010dten\u00ed\" \/>\n\t<meta name=\"twitter:data1\" content=\"1 minuta\" \/>\n<script type=\"application\/ld+json\" class=\"yoast-schema-graph\">{\"@context\":\"https:\\\/\\\/schema.org\",\"@graph\":[{\"@type\":\"WebPage\",\"@id\":\"http:\\\/\\\/skyline-gs.com\\\/cs\\\/produkt\\\/excursion-confluence-of-two-seas-in-marmaris-all-inclusive\\\/\",\"url\":\"http:\\\/\\\/skyline-gs.com\\\/cs\\\/produkt\\\/excursion-confluence-of-two-seas-in-marmaris-all-inclusive\\\/\",\"name\":\"\u042d\u043a\u0441\u043a\u0443\u0440\u0441\u0438\u044f \u0421\u043b\u0438\u044f\u043d\u0438\u0435 \u0434\u0432\u0443\u0445 \u043c\u043e\u0440\u0435\u0439 \u0432 \u041c\u0430\u0440\u043c\u0430\u0440\u0438\u0441\u0435 (\u0412\u0441\u0435 \u0432\u043a\u043b\u044e\u0447\u0435\u043d\u043e) &#8226; \u042d\u043a\u0441\u043a\u0443\u0440\u0441\u0438\u0438 Skyline\",\"isPartOf\":{\"@id\":\"https:\\\/\\\/skyline-gs.com\\\/it\\\/#website\"},\"datePublished\":\"2024-01-14T19:12:48+00:00\",\"dateModified\":\"2024-01-23T22:56:37+00:00\",\"description\":\"\u0417\u0430\u0445\u0432\u0430\u0442\u044b\u0432\u0430\u044e\u0449\u0435\u0435 \u043c\u043e\u0440\u0441\u043a\u043e\u0435 \u043f\u0440\u0438\u043a\u043b\u044e\u0447\u0435\u043d\u0438\u0435 \u0421\u043b\u0438\u044f\u043d\u0438\u0435 \u0434\u0432\u0443\u0445 \u043c\u043e\u0440\u0435\u0439 \u0432 \u041c\u0430\u0440\u043c\u0430\u0440\u0438\u0441\u0435. \u041f\u043e\u0433\u0440\u0443\u0437\u0438\u0442\u0435\u0441\u044c \u0432 \u0443\u043d\u0438\u043a\u0430\u043b\u044c\u043d\u044b\u0439 \u0440\u0435\u0433\u0438\u043e\u043d, \u043e\u043c\u044b\u0432\u0430\u0435\u043c\u044b\u0439 \u0432\u043e\u0434\u0430\u043c\u0438 \u0421\u0440\u0435\u0434\u0438\u0437\u0435\u043c\u043d\u043e\u0433\u043e \u0438 \u042d\u0433\u0435\u0439\u0441\u043a\u043e\u0433\u043e \u043c\u043e\u0440\u0435\u0439.\",\"breadcrumb\":{\"@id\":\"http:\\\/\\\/skyline-gs.com\\\/cs\\\/produkt\\\/excursion-confluence-of-two-seas-in-marmaris-all-inclusive\\\/#breadcrumb\"},\"inLanguage\":\"cs\",\"potentialAction\":[{\"@type\":\"ReadAction\",\"target\":[\"http:\\\/\\\/skyline-gs.com\\\/cs\\\/produkt\\\/excursion-confluence-of-two-seas-in-marmaris-all-inclusive\\\/\"]}]},{\"@type\":\"BreadcrumbList\",\"@id\":\"http:\\\/\\\/skyline-gs.com\\\/cs\\\/produkt\\\/excursion-confluence-of-two-seas-in-marmaris-all-inclusive\\\/#breadcrumb\",\"itemListElement\":[{\"@type\":\"ListItem\",\"position\":1,\"name\":\"\u0413\u043b\u0430\u0432\u043d\u0430\u044f \u0441\u0442\u0440\u0430\u043d\u0438\u0446\u0430\",\"item\":\"https:\\\/\\\/skyline-gs.com\\\/hu\\\/\"},{\"@type\":\"ListItem\",\"position\":2,\"name\":\"\u041c\u0430\u0433\u0430\u0437\u0438\u043d\",\"item\":\"https:\\\/\\\/skyline-gs.com\\\/cs\\\/shop\\\/\"},{\"@type\":\"ListItem\",\"position\":3,\"name\":\"\u042d\u043a\u0441\u043a\u0443\u0440\u0441\u0438\u044f \u0421\u043b\u0438\u044f\u043d\u0438\u0435 \u0434\u0432\u0443\u0445 \u043c\u043e\u0440\u0435\u0439 \u0432 \u041c\u0430\u0440\u043c\u0430\u0440\u0438\u0441\u0435 (\u0412\u0441\u0435 \u0432\u043a\u043b\u044e\u0447\u0435\u043d\u043e)\"}]},{\"@type\":\"WebSite\",\"@id\":\"https:\\\/\\\/skyline-gs.com\\\/it\\\/#website\",\"url\":\"https:\\\/\\\/skyline-gs.com\\\/it\\\/\",\"name\":\"\u042d\u043a\u0441\u043a\u0443\u0440\u0441\u0438\u0438 Skyline\",\"description\":\"\u042d\u043a\u0441\u043a\u043b\u044e\u0437\u0438\u0432\u043d\u044b\u0435 \u044d\u043a\u0441\u043a\u0443\u0440\u0441\u0438\u0438 \u043d\u0430 \u043b\u0443\u0447\u0448\u0438\u0445 \u043a\u0443\u0440\u043e\u0440\u0442\u0430\u0445 \u043c\u0438\u0440\u0430\",\"publisher\":{\"@id\":\"https:\\\/\\\/skyline-gs.com\\\/it\\\/#organization\"},\"alternateName\":\"Skyline\",\"potentialAction\":[{\"@type\":\"SearchAction\",\"target\":{\"@type\":\"EntryPoint\",\"urlTemplate\":\"https:\\\/\\\/skyline-gs.com\\\/it\\\/?s={search_term_string}\"},\"query-input\":{\"@type\":\"PropertyValueSpecification\",\"valueRequired\":true,\"valueName\":\"search_term_string\"}}],\"inLanguage\":\"cs\"},{\"@type\":\"Organization\",\"@id\":\"https:\\\/\\\/skyline-gs.com\\\/it\\\/#organization\",\"name\":\"\u042d\u043a\u0441\u043a\u0443\u0440\u0441\u0438\u0438 Skyline\",\"alternateName\":\"\u042d\u043a\u0441\u043a\u0443\u0440\u0441\u0438\u0438 Skyline\",\"url\":\"https:\\\/\\\/skyline-gs.com\\\/it\\\/\",\"logo\":{\"@type\":\"ImageObject\",\"inLanguage\":\"cs\",\"@id\":\"https:\\\/\\\/skyline-gs.com\\\/it\\\/#\\\/schema\\\/logo\\\/image\\\/\",\"url\":\"https:\\\/\\\/skyline-gs.com\\\/wp-content\\\/uploads\\\/2020\\\/12\\\/cropped-logo-2.png\",\"contentUrl\":\"https:\\\/\\\/skyline-gs.com\\\/wp-content\\\/uploads\\\/2020\\\/12\\\/cropped-logo-2.png\",\"width\":512,\"height\":512,\"caption\":\"\u042d\u043a\u0441\u043a\u0443\u0440\u0441\u0438\u0438 Skyline\"},\"image\":{\"@id\":\"https:\\\/\\\/skyline-gs.com\\\/it\\\/#\\\/schema\\\/logo\\\/image\\\/\"},\"sameAs\":[\"https:\\\/\\\/www.instagram.com\\\/skylineglobalservice\\\/\"]}]}<\/script>\n<!-- \/ Yoast SEO plugin. -->","yoast_head_json":{"title":"\u042d\u043a\u0441\u043a\u0443\u0440\u0441\u0438\u044f \u0421\u043b\u0438\u044f\u043d\u0438\u0435 \u0434\u0432\u0443\u0445 \u043c\u043e\u0440\u0435\u0439 \u0432 \u041c\u0430\u0440\u043c\u0430\u0440\u0438\u0441\u0435 (\u0412\u0441\u0435 \u0432\u043a\u043b\u044e\u0447\u0435\u043d\u043e) &#8226; \u042d\u043a\u0441\u043a\u0443\u0440\u0441\u0438\u0438 Skyline","description":"Vzru\u0161uj\u00edc\u00ed n\u00e1mo\u0159n\u00ed dobrodru\u017estv\u00ed Soutok dvou mo\u0159\u00ed v Marmarisu. Pono\u0159te se do jedine\u010dn\u00e9 oblasti om\u00fdvan\u00e9 vodami St\u0159edozemn\u00edho a Egejsk\u00e9ho mo\u0159e.","robots":{"index":"index","follow":"follow","max-snippet":"max-snippet:-1","max-image-preview":"max-image-preview:large","max-video-preview":"max-video-preview:-1"},"canonical":"http:\/\/skyline-gs.com\/cs\/produkt\/excursion-confluence-of-two-seas-in-marmaris-all-inclusive\/","og_locale":"cs_CZ","og_type":"article","og_title":"\u042d\u043a\u0441\u043a\u0443\u0440\u0441\u0438\u044f \u0421\u043b\u0438\u044f\u043d\u0438\u0435 \u0434\u0432\u0443\u0445 \u043c\u043e\u0440\u0435\u0439 \u0432 \u041c\u0430\u0440\u043c\u0430\u0440\u0438\u0441\u0435 (\u0412\u0441\u0435 \u0432\u043a\u043b\u044e\u0447\u0435\u043d\u043e) &#8226; \u042d\u043a\u0441\u043a\u0443\u0440\u0441\u0438\u0438 Skyline","og_description":"\u0417\u0430\u0445\u0432\u0430\u0442\u044b\u0432\u0430\u044e\u0449\u0435\u0435 \u043c\u043e\u0440\u0441\u043a\u043e\u0435 \u043f\u0440\u0438\u043a\u043b\u044e\u0447\u0435\u043d\u0438\u0435 \u0421\u043b\u0438\u044f\u043d\u0438\u0435 \u0434\u0432\u0443\u0445 \u043c\u043e\u0440\u0435\u0439 \u0432 \u041c\u0430\u0440\u043c\u0430\u0440\u0438\u0441\u0435. \u041f\u043e\u0433\u0440\u0443\u0437\u0438\u0442\u0435\u0441\u044c \u0432 \u0443\u043d\u0438\u043a\u0430\u043b\u044c\u043d\u044b\u0439 \u0440\u0435\u0433\u0438\u043e\u043d, \u043e\u043c\u044b\u0432\u0430\u0435\u043c\u044b\u0439 \u0432\u043e\u0434\u0430\u043c\u0438 \u0421\u0440\u0435\u0434\u0438\u0437\u0435\u043c\u043d\u043e\u0433\u043e \u0438 \u042d\u0433\u0435\u0439\u0441\u043a\u043e\u0433\u043e \u043c\u043e\u0440\u0435\u0439.","og_url":"http:\/\/skyline-gs.com\/cs\/produkt\/excursion-confluence-of-two-seas-in-marmaris-all-inclusive\/","og_site_name":"\u042d\u043a\u0441\u043a\u0443\u0440\u0441\u0438\u0438 Skyline","article_modified_time":"2024-01-23T22:56:37+00:00","og_image":[{"width":1080,"height":1080,"url":"https:\/\/skyline-gs.com\/wp-content\/uploads\/2024\/08\/LoGo777.png","type":"image\/png"}],"twitter_card":"summary_large_image","twitter_misc":{"Odhadovan\u00e1 doba \u010dten\u00ed":"1 minuta"},"schema":{"@context":"https:\/\/schema.org","@graph":[{"@type":"WebPage","@id":"http:\/\/skyline-gs.com\/cs\/produkt\/excursion-confluence-of-two-seas-in-marmaris-all-inclusive\/","url":"http:\/\/skyline-gs.com\/cs\/produkt\/excursion-confluence-of-two-seas-in-marmaris-all-inclusive\/","name":"\u042d\u043a\u0441\u043a\u0443\u0440\u0441\u0438\u044f \u0421\u043b\u0438\u044f\u043d\u0438\u0435 \u0434\u0432\u0443\u0445 \u043c\u043e\u0440\u0435\u0439 \u0432 \u041c\u0430\u0440\u043c\u0430\u0440\u0438\u0441\u0435 (\u0412\u0441\u0435 \u0432\u043a\u043b\u044e\u0447\u0435\u043d\u043e) &#8226; \u042d\u043a\u0441\u043a\u0443\u0440\u0441\u0438\u0438 Skyline","isPartOf":{"@id":"https:\/\/skyline-gs.com\/it\/#website"},"datePublished":"2024-01-14T19:12:48+00:00","dateModified":"2024-01-23T22:56:37+00:00","description":"Vzru\u0161uj\u00edc\u00ed n\u00e1mo\u0159n\u00ed dobrodru\u017estv\u00ed Soutok dvou mo\u0159\u00ed v Marmarisu. Pono\u0159te se do jedine\u010dn\u00e9 oblasti om\u00fdvan\u00e9 vodami St\u0159edozemn\u00edho a Egejsk\u00e9ho mo\u0159e.","breadcrumb":{"@id":"http:\/\/skyline-gs.com\/cs\/produkt\/excursion-confluence-of-two-seas-in-marmaris-all-inclusive\/#breadcrumb"},"inLanguage":"cs","potentialAction":[{"@type":"ReadAction","target":["http:\/\/skyline-gs.com\/cs\/produkt\/excursion-confluence-of-two-seas-in-marmaris-all-inclusive\/"]}]},{"@type":"BreadcrumbList","@id":"http:\/\/skyline-gs.com\/cs\/produkt\/excursion-confluence-of-two-seas-in-marmaris-all-inclusive\/#breadcrumb","itemListElement":[{"@type":"ListItem","position":1,"name":"\u0413\u043b\u0430\u0432\u043d\u0430\u044f \u0441\u0442\u0440\u0430\u043d\u0438\u0446\u0430","item":"https:\/\/skyline-gs.com\/hu\/"},{"@type":"ListItem","position":2,"name":"\u041c\u0430\u0433\u0430\u0437\u0438\u043d","item":"https:\/\/skyline-gs.com\/cs\/shop\/"},{"@type":"ListItem","position":3,"name":"\u042d\u043a\u0441\u043a\u0443\u0440\u0441\u0438\u044f \u0421\u043b\u0438\u044f\u043d\u0438\u0435 \u0434\u0432\u0443\u0445 \u043c\u043e\u0440\u0435\u0439 \u0432 \u041c\u0430\u0440\u043c\u0430\u0440\u0438\u0441\u0435 (\u0412\u0441\u0435 \u0432\u043a\u043b\u044e\u0447\u0435\u043d\u043e)"}]},{"@type":"WebSite","@id":"https:\/\/skyline-gs.com\/it\/#website","url":"https:\/\/skyline-gs.com\/it\/","name":"Skyline V\u00fdlety","description":"Exkluzivn\u00ed v\u00fdlety do nejlep\u0161\u00edch sv\u011btov\u00fdch letovisek","publisher":{"@id":"https:\/\/skyline-gs.com\/it\/#organization"},"alternateName":"Skyline","potentialAction":[{"@type":"SearchAction","target":{"@type":"EntryPoint","urlTemplate":"https:\/\/skyline-gs.com\/it\/?s={search_term_string}"},"query-input":{"@type":"PropertyValueSpecification","valueRequired":true,"valueName":"search_term_string"}}],"inLanguage":"cs"},{"@type":"Organization","@id":"https:\/\/skyline-gs.com\/it\/#organization","name":"Skyline V\u00fdlety","alternateName":"\u042d\u043a\u0441\u043a\u0443\u0440\u0441\u0438\u0438 Skyline","url":"https:\/\/skyline-gs.com\/it\/","logo":{"@type":"ImageObject","inLanguage":"cs","@id":"https:\/\/skyline-gs.com\/it\/#\/schema\/logo\/image\/","url":"https:\/\/skyline-gs.com\/wp-content\/uploads\/2020\/12\/cropped-logo-2.png","contentUrl":"https:\/\/skyline-gs.com\/wp-content\/uploads\/2020\/12\/cropped-logo-2.png","width":512,"height":512,"caption":"\u042d\u043a\u0441\u043a\u0443\u0440\u0441\u0438\u0438 Skyline"},"image":{"@id":"https:\/\/skyline-gs.com\/it\/#\/schema\/logo\/image\/"},"sameAs":["https:\/\/www.instagram.com\/skylineglobalservice\/"]}]}},"_links":{"self":[{"href":"https:\/\/skyline-gs.com\/cs\/wp-json\/wp\/v2\/product\/45926","targetHints":{"allow":["GET"]}}],"collection":[{"href":"https:\/\/skyline-gs.com\/cs\/wp-json\/wp\/v2\/product"}],"about":[{"href":"https:\/\/skyline-gs.com\/cs\/wp-json\/wp\/v2\/types\/product"}],"version-history":[{"count":0,"href":"https:\/\/skyline-gs.com\/cs\/wp-json\/wp\/v2\/product\/45926\/revisions"}],"wp:attachment":[{"href":"https:\/\/skyline-gs.com\/cs\/wp-json\/wp\/v2\/media?parent=45926"}],"wp:term":[{"taxonomy":"product_brand","embeddable":true,"href":"https:\/\/skyline-gs.com\/cs\/wp-json\/wp\/v2\/product_brand?post=45926"},{"taxonomy":"product_cat","embeddable":true,"href":"https:\/\/skyline-gs.com\/cs\/wp-json\/wp\/v2\/product_cat?post=45926"},{"taxonomy":"product_tag","embeddable":true,"href":"https:\/\/skyline-gs.com\/cs\/wp-json\/wp\/v2\/product_tag?post=45926"}],"curies":[{"name":"wp","href":"https:\/\/api.w.org\/{rel}","templated":true}]}}