{"id":45925,"date":"2024-01-14T21:04:46","date_gmt":"2024-01-14T19:04:46","guid":{"rendered":"http:\/\/skyline-gs.com\/?post_type=product&#038;p=45925"},"modified":"2024-01-24T00:59:40","modified_gmt":"2024-01-23T22:59:40","slug":"paragliding-2","status":"publish","type":"product","link":"https:\/\/skyline-gs.com\/cs\/product\/paragliding\/","title":{"rendered":"Paragliding"},"content":{"rendered":"<p>Dobrodru\u017estv\u00ed za\u010d\u00edn\u00e1 t\u00edm, \u017ee turisty pohodln\u011b vyzvednete z jejich hotel\u016f v pohodln\u00e9m klimatizovan\u00e9m autobusu.<\/p>\n<p>Po odjezdu se vyd\u00e1me do z\u00e1toky Oludeniz, jednoho ze sv\u011btov\u00fdch center paraglidingu, vzd\u00e1len\u00e9ho pouh\u00fdch 15 km od m\u011bsta Fethiye. Po p\u0159\u00edjezdu do Fethiye na v\u00e1s \u010dekaj\u00ed paraglidingov\u00e9 lety.<\/p>\n<p>P\u0159ed letem v\u00e1s instruktor-pilot pou\u010d\u00ed o bezpe\u010dnosti a chov\u00e1n\u00ed b\u011bhem letu. Pot\u00e9 se za\u010dnete p\u0159ipravovat na let, v\u010detn\u011b obl\u00e9k\u00e1n\u00ed speci\u00e1ln\u00edho vybaven\u00ed.<\/p>\n<p>Let bude prob\u00edhat v tandemu s profesion\u00e1ln\u00edm instruktorem certifikovan\u00fdm Tureckou leteckou asociac\u00ed. Doba letu bude 30-40 minut v z\u00e1vislosti na pov\u011btrnostn\u00edch podm\u00ednk\u00e1ch a rychlosti v\u011btru.<\/p>\n<p>Po vzru\u0161uj\u00edc\u00edm letu p\u0159istanete na pl\u00e1\u017ei Oludeniz na ur\u010den\u00e9 p\u0159ist\u00e1vac\u00ed plo\u0161e. Zde budete m\u00edt kr\u00e1tkou p\u0159est\u00e1vku a voln\u00fd \u010das na fotografov\u00e1n\u00ed.<\/p>\n<p>N\u00e1vrat pohodln\u00fdm autobusem do hotel\u016f v regionu zavr\u0161\u00ed toto nezapomenuteln\u00e9 dobrodru\u017estv\u00ed.<\/p>\n<p><strong>V\u010detn\u011b:<\/strong><\/p>\n<ul>\n<li>Transfer z hotelu a do hotelu<\/li>\n<li>Poji\u0161t\u011bn\u00ed<\/li>\n<li>Vybaven\u00ed<\/li>\n<li>Profesion\u00e1ln\u00ed rusky mluv\u00edc\u00ed instruktor a pilot<\/li>\n<li>Paragliding<\/li>\n<li>Ob\u011bd<\/li>\n<\/ul>\n<p><strong>Nen\u00ed sou\u010d\u00e1st\u00ed dod\u00e1vky:<\/strong><\/p>\n<ul>\n<li>Fotografov\u00e1n\u00ed a videografie<\/li>\n<\/ul>\n<p><strong>Nezapome\u0148te:<\/strong><\/p>\n<ul>\n<li>Pohodln\u00e9 oble\u010den\u00ed (kalhoty nebo \u0161ortky)<\/li>\n<li>Boty, kter\u00e9 nepadaj\u00ed z nohy<\/li>\n<\/ul>","protected":false},"excerpt":{"rendered":"<p><strong>Doba prohl\u00eddky:<\/strong>07:00 &#8212; 17:30<\/p>\n<p><strong>Dny prohl\u00eddky: <\/strong>Ka\u017ed\u00fd den.<\/p>","protected":false},"featured_media":37800,"template":"","meta":{"_kad_post_transparent":"default","_kad_post_title":"","_kad_post_layout":"default","_kad_post_sidebar_id":"","_kad_post_content_style":"default","_kad_post_vertical_padding":"default","_kad_post_feature":"","_kad_post_feature_position":"","_kad_post_header":false,"_kad_post_footer":false,"_kad_post_classname":"","_glsr_average":0,"_glsr_ranking":0,"_glsr_reviews":0},"product_brand":[],"product_cat":[451],"product_tag":[],"class_list":{"0":"post-45925","1":"product","2":"type-product","3":"status-publish","4":"has-post-thumbnail","6":"product_cat-marmaris","7":"tm-has-options","9":"first","10":"instock","11":"sold-individually","12":"taxable","13":"shipping-taxable","14":"purchasable","15":"product-type-simple","16":"entry","17":"content-bg","18":"loop-entry"},"yoast_head":"<!-- This site is optimized with the Yoast SEO plugin v27.3 - https:\/\/yoast.com\/product\/yoast-seo-wordpress\/ -->\n<title>\u041f\u0430\u0440\u0430\u0433\u043b\u0430\u0439\u0434\u0438\u043d\u0433 &#8226; \u042d\u043a\u0441\u043a\u0443\u0440\u0441\u0438\u0438 Skyline<\/title>\n<meta name=\"description\" content=\"\u041f\u043e\u0434\u043d\u0438\u043c\u0438\u0442\u0435\u0441\u044c \u0432 \u0432\u043e\u0437\u0434\u0443\u0445 \u0438 \u043f\u043e\u0447\u0443\u0432\u0441\u0442\u0432\u0443\u0439\u0442\u0435 \u0432\u043e\u043b\u0448\u0435\u0431\u0441\u0442\u0432\u043e \u043f\u043e\u043b\u0435\u0442\u0430 \u0441 \u043d\u0430\u0448\u0438\u043c \u044d\u043a\u0441\u043a\u0443\u0440\u0441\u0438\u043e\u043d\u043d\u044b\u043c \u041f\u0430\u0440\u0430\u0433\u043b\u0430\u0439\u0434\u0438\u043d\u0433\u043e\u043c \u0432 \u041c\u0430\u0440\u043c\u0430\u0440\u0438\u0441\u0435! \u0417\u0430\u0431\u0440\u043e\u043d\u0438\u0440\u0443\u0439\u0442\u0435 \u0441\u0432\u043e\u0439 \u043f\u043e\u043b\u0435\u0442 \u0432 \u0441\u0432\u043e\u0431\u043e\u0434\u043d\u043e\u0435 \u043d\u0435\u0431\u043e \u0441\u0435\u0439\u0447\u0430\u0441.\" \/>\n<meta name=\"robots\" content=\"index, follow, max-snippet:-1, max-image-preview:large, max-video-preview:-1\" \/>\n<link rel=\"canonical\" href=\"https:\/\/skyline-gs.com\/cs\/produkt\/paragliding-2\/\" \/>\n<meta property=\"og:locale\" content=\"cs_CZ\" \/>\n<meta property=\"og:type\" content=\"article\" \/>\n<meta property=\"og:title\" content=\"\u041f\u0430\u0440\u0430\u0433\u043b\u0430\u0439\u0434\u0438\u043d\u0433 &#8226; \u042d\u043a\u0441\u043a\u0443\u0440\u0441\u0438\u0438 Skyline\" \/>\n<meta property=\"og:description\" content=\"\u041f\u043e\u0434\u043d\u0438\u043c\u0438\u0442\u0435\u0441\u044c \u0432 \u0432\u043e\u0437\u0434\u0443\u0445 \u0438 \u043f\u043e\u0447\u0443\u0432\u0441\u0442\u0432\u0443\u0439\u0442\u0435 \u0432\u043e\u043b\u0448\u0435\u0431\u0441\u0442\u0432\u043e \u043f\u043e\u043b\u0435\u0442\u0430 \u0441 \u043d\u0430\u0448\u0438\u043c \u044d\u043a\u0441\u043a\u0443\u0440\u0441\u0438\u043e\u043d\u043d\u044b\u043c \u041f\u0430\u0440\u0430\u0433\u043b\u0430\u0439\u0434\u0438\u043d\u0433\u043e\u043c \u0432 \u041c\u0430\u0440\u043c\u0430\u0440\u0438\u0441\u0435! \u0417\u0430\u0431\u0440\u043e\u043d\u0438\u0440\u0443\u0439\u0442\u0435 \u0441\u0432\u043e\u0439 \u043f\u043e\u043b\u0435\u0442 \u0432 \u0441\u0432\u043e\u0431\u043e\u0434\u043d\u043e\u0435 \u043d\u0435\u0431\u043e \u0441\u0435\u0439\u0447\u0430\u0441.\" \/>\n<meta property=\"og:url\" content=\"https:\/\/skyline-gs.com\/cs\/produkt\/paragliding-2\/\" \/>\n<meta property=\"og:site_name\" content=\"\u042d\u043a\u0441\u043a\u0443\u0440\u0441\u0438\u0438 Skyline\" \/>\n<meta property=\"article:modified_time\" content=\"2024-01-23T22:59:40+00:00\" \/>\n<meta property=\"og:image\" content=\"https:\/\/skyline-gs.com\/wp-content\/uploads\/2022\/06\/2-5.png\" \/>\n\t<meta property=\"og:image:width\" content=\"669\" \/>\n\t<meta property=\"og:image:height\" content=\"446\" \/>\n\t<meta property=\"og:image:type\" content=\"image\/png\" \/>\n<meta name=\"twitter:card\" content=\"summary_large_image\" \/>\n<meta name=\"twitter:label1\" content=\"Odhadovan\u00e1 doba \u010dten\u00ed\" \/>\n\t<meta name=\"twitter:data1\" content=\"2 minuty\" \/>\n<script type=\"application\/ld+json\" class=\"yoast-schema-graph\">{\"@context\":\"https:\\\/\\\/schema.org\",\"@graph\":[{\"@type\":\"WebPage\",\"@id\":\"https:\\\/\\\/skyline-gs.com\\\/product\\\/paragliding\\\/\",\"url\":\"https:\\\/\\\/skyline-gs.com\\\/product\\\/paragliding\\\/\",\"name\":\"\u041f\u0430\u0440\u0430\u0433\u043b\u0430\u0439\u0434\u0438\u043d\u0433 &#8226; \u042d\u043a\u0441\u043a\u0443\u0440\u0441\u0438\u0438 Skyline\",\"isPartOf\":{\"@id\":\"https:\\\/\\\/skyline-gs.com\\\/it\\\/#website\"},\"primaryImageOfPage\":{\"@id\":\"https:\\\/\\\/skyline-gs.com\\\/product\\\/paragliding\\\/#primaryimage\"},\"image\":{\"@id\":\"https:\\\/\\\/skyline-gs.com\\\/product\\\/paragliding\\\/#primaryimage\"},\"thumbnailUrl\":\"https:\\\/\\\/skyline-gs.com\\\/wp-content\\\/uploads\\\/2022\\\/06\\\/2-5.png\",\"datePublished\":\"2024-01-14T19:04:46+00:00\",\"dateModified\":\"2024-01-23T22:59:40+00:00\",\"description\":\"\u041f\u043e\u0434\u043d\u0438\u043c\u0438\u0442\u0435\u0441\u044c \u0432 \u0432\u043e\u0437\u0434\u0443\u0445 \u0438 \u043f\u043e\u0447\u0443\u0432\u0441\u0442\u0432\u0443\u0439\u0442\u0435 \u0432\u043e\u043b\u0448\u0435\u0431\u0441\u0442\u0432\u043e \u043f\u043e\u043b\u0435\u0442\u0430 \u0441 \u043d\u0430\u0448\u0438\u043c \u044d\u043a\u0441\u043a\u0443\u0440\u0441\u0438\u043e\u043d\u043d\u044b\u043c \u041f\u0430\u0440\u0430\u0433\u043b\u0430\u0439\u0434\u0438\u043d\u0433\u043e\u043c \u0432 \u041c\u0430\u0440\u043c\u0430\u0440\u0438\u0441\u0435! \u0417\u0430\u0431\u0440\u043e\u043d\u0438\u0440\u0443\u0439\u0442\u0435 \u0441\u0432\u043e\u0439 \u043f\u043e\u043b\u0435\u0442 \u0432 \u0441\u0432\u043e\u0431\u043e\u0434\u043d\u043e\u0435 \u043d\u0435\u0431\u043e \u0441\u0435\u0439\u0447\u0430\u0441.\",\"breadcrumb\":{\"@id\":\"https:\\\/\\\/skyline-gs.com\\\/product\\\/paragliding\\\/#breadcrumb\"},\"inLanguage\":\"cs\",\"potentialAction\":[{\"@type\":\"ReadAction\",\"target\":[\"https:\\\/\\\/skyline-gs.com\\\/product\\\/paragliding\\\/\"]}]},{\"@type\":\"ImageObject\",\"inLanguage\":\"cs\",\"@id\":\"https:\\\/\\\/skyline-gs.com\\\/product\\\/paragliding\\\/#primaryimage\",\"url\":\"https:\\\/\\\/skyline-gs.com\\\/wp-content\\\/uploads\\\/2022\\\/06\\\/2-5.png\",\"contentUrl\":\"https:\\\/\\\/skyline-gs.com\\\/wp-content\\\/uploads\\\/2022\\\/06\\\/2-5.png\",\"width\":669,\"height\":446},{\"@type\":\"BreadcrumbList\",\"@id\":\"https:\\\/\\\/skyline-gs.com\\\/product\\\/paragliding\\\/#breadcrumb\",\"itemListElement\":[{\"@type\":\"ListItem\",\"position\":1,\"name\":\"\u0413\u043b\u0430\u0432\u043d\u0430\u044f \u0441\u0442\u0440\u0430\u043d\u0438\u0446\u0430\",\"item\":\"https:\\\/\\\/skyline-gs.com\\\/hu\\\/\"},{\"@type\":\"ListItem\",\"position\":2,\"name\":\"\u041c\u0430\u0433\u0430\u0437\u0438\u043d\",\"item\":\"https:\\\/\\\/skyline-gs.com\\\/cs\\\/shop\\\/\"},{\"@type\":\"ListItem\",\"position\":3,\"name\":\"\u041f\u0430\u0440\u0430\u0433\u043b\u0430\u0439\u0434\u0438\u043d\u0433\"}]},{\"@type\":\"WebSite\",\"@id\":\"https:\\\/\\\/skyline-gs.com\\\/it\\\/#website\",\"url\":\"https:\\\/\\\/skyline-gs.com\\\/it\\\/\",\"name\":\"\u042d\u043a\u0441\u043a\u0443\u0440\u0441\u0438\u0438 Skyline\",\"description\":\"\u042d\u043a\u0441\u043a\u043b\u044e\u0437\u0438\u0432\u043d\u044b\u0435 \u044d\u043a\u0441\u043a\u0443\u0440\u0441\u0438\u0438 \u043d\u0430 \u043b\u0443\u0447\u0448\u0438\u0445 \u043a\u0443\u0440\u043e\u0440\u0442\u0430\u0445 \u043c\u0438\u0440\u0430\",\"publisher\":{\"@id\":\"https:\\\/\\\/skyline-gs.com\\\/it\\\/#organization\"},\"alternateName\":\"Skyline\",\"potentialAction\":[{\"@type\":\"SearchAction\",\"target\":{\"@type\":\"EntryPoint\",\"urlTemplate\":\"https:\\\/\\\/skyline-gs.com\\\/it\\\/?s={search_term_string}\"},\"query-input\":{\"@type\":\"PropertyValueSpecification\",\"valueRequired\":true,\"valueName\":\"search_term_string\"}}],\"inLanguage\":\"cs\"},{\"@type\":\"Organization\",\"@id\":\"https:\\\/\\\/skyline-gs.com\\\/it\\\/#organization\",\"name\":\"\u042d\u043a\u0441\u043a\u0443\u0440\u0441\u0438\u0438 Skyline\",\"alternateName\":\"\u042d\u043a\u0441\u043a\u0443\u0440\u0441\u0438\u0438 Skyline\",\"url\":\"https:\\\/\\\/skyline-gs.com\\\/it\\\/\",\"logo\":{\"@type\":\"ImageObject\",\"inLanguage\":\"cs\",\"@id\":\"https:\\\/\\\/skyline-gs.com\\\/it\\\/#\\\/schema\\\/logo\\\/image\\\/\",\"url\":\"https:\\\/\\\/skyline-gs.com\\\/wp-content\\\/uploads\\\/2020\\\/12\\\/cropped-logo-2.png\",\"contentUrl\":\"https:\\\/\\\/skyline-gs.com\\\/wp-content\\\/uploads\\\/2020\\\/12\\\/cropped-logo-2.png\",\"width\":512,\"height\":512,\"caption\":\"\u042d\u043a\u0441\u043a\u0443\u0440\u0441\u0438\u0438 Skyline\"},\"image\":{\"@id\":\"https:\\\/\\\/skyline-gs.com\\\/it\\\/#\\\/schema\\\/logo\\\/image\\\/\"},\"sameAs\":[\"https:\\\/\\\/www.instagram.com\\\/skylineglobalservice\\\/\"]}]}<\/script>\n<!-- \/ Yoast SEO plugin. -->","yoast_head_json":{"title":"\u041f\u0430\u0440\u0430\u0433\u043b\u0430\u0439\u0434\u0438\u043d\u0433 &#8226; \u042d\u043a\u0441\u043a\u0443\u0440\u0441\u0438\u0438 Skyline","description":"Vzneste se do vzduchu a za\u017eijte kouzlo l\u00e9t\u00e1n\u00ed s na\u0161\u00edm v\u00fdletem paraglidingem v Marmarisu! Rezervujte si sv\u016fj let do voln\u00e9ho nebe pr\u00e1v\u011b te\u010f.","robots":{"index":"index","follow":"follow","max-snippet":"max-snippet:-1","max-image-preview":"max-image-preview:large","max-video-preview":"max-video-preview:-1"},"canonical":"https:\/\/skyline-gs.com\/cs\/produkt\/paragliding-2\/","og_locale":"cs_CZ","og_type":"article","og_title":"\u041f\u0430\u0440\u0430\u0433\u043b\u0430\u0439\u0434\u0438\u043d\u0433 &#8226; \u042d\u043a\u0441\u043a\u0443\u0440\u0441\u0438\u0438 Skyline","og_description":"\u041f\u043e\u0434\u043d\u0438\u043c\u0438\u0442\u0435\u0441\u044c \u0432 \u0432\u043e\u0437\u0434\u0443\u0445 \u0438 \u043f\u043e\u0447\u0443\u0432\u0441\u0442\u0432\u0443\u0439\u0442\u0435 \u0432\u043e\u043b\u0448\u0435\u0431\u0441\u0442\u0432\u043e \u043f\u043e\u043b\u0435\u0442\u0430 \u0441 \u043d\u0430\u0448\u0438\u043c \u044d\u043a\u0441\u043a\u0443\u0440\u0441\u0438\u043e\u043d\u043d\u044b\u043c \u041f\u0430\u0440\u0430\u0433\u043b\u0430\u0439\u0434\u0438\u043d\u0433\u043e\u043c \u0432 \u041c\u0430\u0440\u043c\u0430\u0440\u0438\u0441\u0435! \u0417\u0430\u0431\u0440\u043e\u043d\u0438\u0440\u0443\u0439\u0442\u0435 \u0441\u0432\u043e\u0439 \u043f\u043e\u043b\u0435\u0442 \u0432 \u0441\u0432\u043e\u0431\u043e\u0434\u043d\u043e\u0435 \u043d\u0435\u0431\u043e \u0441\u0435\u0439\u0447\u0430\u0441.","og_url":"https:\/\/skyline-gs.com\/cs\/produkt\/paragliding-2\/","og_site_name":"\u042d\u043a\u0441\u043a\u0443\u0440\u0441\u0438\u0438 Skyline","article_modified_time":"2024-01-23T22:59:40+00:00","og_image":[{"width":669,"height":446,"url":"https:\/\/skyline-gs.com\/wp-content\/uploads\/2022\/06\/2-5.png","type":"image\/png"}],"twitter_card":"summary_large_image","twitter_misc":{"Odhadovan\u00e1 doba \u010dten\u00ed":"2 minuty"},"schema":{"@context":"https:\/\/schema.org","@graph":[{"@type":"WebPage","@id":"https:\/\/skyline-gs.com\/product\/paragliding\/","url":"https:\/\/skyline-gs.com\/product\/paragliding\/","name":"\u041f\u0430\u0440\u0430\u0433\u043b\u0430\u0439\u0434\u0438\u043d\u0433 &#8226; \u042d\u043a\u0441\u043a\u0443\u0440\u0441\u0438\u0438 Skyline","isPartOf":{"@id":"https:\/\/skyline-gs.com\/it\/#website"},"primaryImageOfPage":{"@id":"https:\/\/skyline-gs.com\/product\/paragliding\/#primaryimage"},"image":{"@id":"https:\/\/skyline-gs.com\/product\/paragliding\/#primaryimage"},"thumbnailUrl":"https:\/\/skyline-gs.com\/wp-content\/uploads\/2022\/06\/2-5.png","datePublished":"2024-01-14T19:04:46+00:00","dateModified":"2024-01-23T22:59:40+00:00","description":"Vzneste se do vzduchu a za\u017eijte kouzlo l\u00e9t\u00e1n\u00ed s na\u0161\u00edm v\u00fdletem paraglidingem v Marmarisu! Rezervujte si sv\u016fj let do voln\u00e9ho nebe pr\u00e1v\u011b te\u010f.","breadcrumb":{"@id":"https:\/\/skyline-gs.com\/product\/paragliding\/#breadcrumb"},"inLanguage":"cs","potentialAction":[{"@type":"ReadAction","target":["https:\/\/skyline-gs.com\/product\/paragliding\/"]}]},{"@type":"ImageObject","inLanguage":"cs","@id":"https:\/\/skyline-gs.com\/product\/paragliding\/#primaryimage","url":"https:\/\/skyline-gs.com\/wp-content\/uploads\/2022\/06\/2-5.png","contentUrl":"https:\/\/skyline-gs.com\/wp-content\/uploads\/2022\/06\/2-5.png","width":669,"height":446},{"@type":"BreadcrumbList","@id":"https:\/\/skyline-gs.com\/product\/paragliding\/#breadcrumb","itemListElement":[{"@type":"ListItem","position":1,"name":"\u0413\u043b\u0430\u0432\u043d\u0430\u044f \u0441\u0442\u0440\u0430\u043d\u0438\u0446\u0430","item":"https:\/\/skyline-gs.com\/hu\/"},{"@type":"ListItem","position":2,"name":"\u041c\u0430\u0433\u0430\u0437\u0438\u043d","item":"https:\/\/skyline-gs.com\/cs\/shop\/"},{"@type":"ListItem","position":3,"name":"\u041f\u0430\u0440\u0430\u0433\u043b\u0430\u0439\u0434\u0438\u043d\u0433"}]},{"@type":"WebSite","@id":"https:\/\/skyline-gs.com\/it\/#website","url":"https:\/\/skyline-gs.com\/it\/","name":"Skyline V\u00fdlety","description":"Exkluzivn\u00ed v\u00fdlety do nejlep\u0161\u00edch sv\u011btov\u00fdch letovisek","publisher":{"@id":"https:\/\/skyline-gs.com\/it\/#organization"},"alternateName":"Skyline","potentialAction":[{"@type":"SearchAction","target":{"@type":"EntryPoint","urlTemplate":"https:\/\/skyline-gs.com\/it\/?s={search_term_string}"},"query-input":{"@type":"PropertyValueSpecification","valueRequired":true,"valueName":"search_term_string"}}],"inLanguage":"cs"},{"@type":"Organization","@id":"https:\/\/skyline-gs.com\/it\/#organization","name":"Skyline V\u00fdlety","alternateName":"\u042d\u043a\u0441\u043a\u0443\u0440\u0441\u0438\u0438 Skyline","url":"https:\/\/skyline-gs.com\/it\/","logo":{"@type":"ImageObject","inLanguage":"cs","@id":"https:\/\/skyline-gs.com\/it\/#\/schema\/logo\/image\/","url":"https:\/\/skyline-gs.com\/wp-content\/uploads\/2020\/12\/cropped-logo-2.png","contentUrl":"https:\/\/skyline-gs.com\/wp-content\/uploads\/2020\/12\/cropped-logo-2.png","width":512,"height":512,"caption":"\u042d\u043a\u0441\u043a\u0443\u0440\u0441\u0438\u0438 Skyline"},"image":{"@id":"https:\/\/skyline-gs.com\/it\/#\/schema\/logo\/image\/"},"sameAs":["https:\/\/www.instagram.com\/skylineglobalservice\/"]}]}},"_links":{"self":[{"href":"https:\/\/skyline-gs.com\/cs\/wp-json\/wp\/v2\/product\/45925","targetHints":{"allow":["GET"]}}],"collection":[{"href":"https:\/\/skyline-gs.com\/cs\/wp-json\/wp\/v2\/product"}],"about":[{"href":"https:\/\/skyline-gs.com\/cs\/wp-json\/wp\/v2\/types\/product"}],"version-history":[{"count":0,"href":"https:\/\/skyline-gs.com\/cs\/wp-json\/wp\/v2\/product\/45925\/revisions"}],"wp:featuredmedia":[{"embeddable":true,"href":"https:\/\/skyline-gs.com\/cs\/wp-json\/wp\/v2\/media\/37800"}],"wp:attachment":[{"href":"https:\/\/skyline-gs.com\/cs\/wp-json\/wp\/v2\/media?parent=45925"}],"wp:term":[{"taxonomy":"product_brand","embeddable":true,"href":"https:\/\/skyline-gs.com\/cs\/wp-json\/wp\/v2\/product_brand?post=45925"},{"taxonomy":"product_cat","embeddable":true,"href":"https:\/\/skyline-gs.com\/cs\/wp-json\/wp\/v2\/product_cat?post=45925"},{"taxonomy":"product_tag","embeddable":true,"href":"https:\/\/skyline-gs.com\/cs\/wp-json\/wp\/v2\/product_tag?post=45925"}],"curies":[{"name":"wp","href":"https:\/\/api.w.org\/{rel}","templated":true}]}}