{"id":43396,"date":"2023-08-18T12:13:25","date_gmt":"2023-08-18T10:13:25","guid":{"rendered":"http:\/\/skyline-gs.com\/?post_type=product&#038;p=43396"},"modified":"2025-11-16T15:27:57","modified_gmt":"2025-11-16T13:27:57","slug":"great-dive-tour-in-the-maldives","status":"publish","type":"product","link":"https:\/\/skyline-gs.com\/cs\/product\/great-dive-tour-in-the-maldives\/","title":{"rendered":"Velk\u00e1 pot\u00e1p\u011b\u010dsk\u00e1 t\u00fara na Malediv\u00e1ch na 7 dn\u00ed"},"content":{"rendered":"<p>Pokud sn\u00edte o nezapomenuteln\u00fdch podmo\u0159sk\u00fdch z\u00e1\u017eitc\u00edch, intenzivn\u00edm ryba\u0159en\u00ed, kr\u00e1sn\u00fdch pl\u00e1\u017e\u00edch a jedine\u010dn\u00fdch dobrodru\u017estv\u00edch, je pro v\u00e1s tento z\u00e1jezd na Maledivy ide\u00e1ln\u00ed. \u010cek\u00e1 v\u00e1s t\u00fdden pln\u00fd naprost\u00e9ho odpo\u010dinku, vzru\u0161uj\u00edc\u00edch ponor\u016f a nezapomenuteln\u00fdch emoc\u00ed. Budete m\u00edt mo\u017enost vychutnat si kr\u00e1sy podmo\u0159sk\u00e9ho sv\u011bta, str\u00e1vit \u010das na neobydlen\u00fdch ostrovech a u\u017e\u00edt si stolov\u00e1n\u00ed na pl\u00e1\u017ei. Pot\u00e1p\u011b\u010di si budou moci u\u017e\u00edt tak\u00e9 no\u010dn\u00ed ponory a naitrox.<\/p>\n<p><strong>Den 1<\/strong><\/p>\n<p><span style=\"font-family: var(--global-body-font-family);\">Vyzvednut\u00ed na leti\u0161ti Mal\u00e9. <\/span><span style=\"font-family: var(--global-body-font-family);\">16:00 Transfer na ostrov Omadhu.<\/span><\/p>\n<p><strong>Den 2<\/strong><\/p>\n<p>8:30 R\u00e1no: 1 kontrola ponoru. P\u0159est\u00e1vka na ob\u011bd. 17:00 Plavba p\u0159i z\u00e1padu slunce s tradi\u010dn\u00edm maledivsk\u00fdm rybolovem.<\/p>\n<p><strong>Den 3<\/strong><\/p>\n<p>2 ponory r\u00e1no. P\u0159est\u00e1vka na ob\u011bd.<\/p>\n<p><strong>Den 4<\/strong><\/p>\n<p>R\u00e1no: 2 ponory. Ve\u010der: p\u0159ipravte se na nezapomenuteln\u00fd no\u010dn\u00ed ponor.<\/p>\n<p><strong>Den 5<\/strong><\/p>\n<p>R\u00e1no: 2 ponory. Odpoledne. N\u00e1v\u0161t\u011bva nedalek\u00e9ho neobydlen\u00e9ho ostrova k odpo\u010dinku a pr\u016fzkumu. Ve\u010der: Filmov\u00e1 noc pod hv\u011bzdami.<\/p>\n<p><strong>Den 6<\/strong><\/p>\n<p>R\u00e1no: 2 ponory. Rozlu\u010dkov\u00e1 ve\u010de\u0159e s grilov\u00e1n\u00edm<\/p>\n<p><strong>Den 7<\/strong><\/p>\n<p>Odjezd. Sn\u00eddan\u011b, odlet do Male.<\/p>\n<p><strong>V\u010detn\u011b:<\/strong><\/p>\n<ul>\n<li>Vyzvednut\u00ed na leti\u0161ti<\/li>\n<li>Transfer na ostrov Omadu<\/li>\n<li>Obsazenost pro dv\u011b osoby<\/li>\n<li>Stravov\u00e1n\u00ed formou pln\u00e9 penze<\/li>\n<li>\u010caj, k\u00e1va, voda<\/li>\n<li>Grilov\u00e1n\u00ed na pl\u00e1\u017ei<\/li>\n<li>Ryba\u0159en\u00ed p\u0159i z\u00e1padu slunce<\/li>\n<li>V\u00fdlet na pust\u00fd ostrov<\/li>\n<li>10 ponor\u016f v\u010detn\u011b 1 no\u010dn\u00edho ponoru<\/li>\n<li>Nitrox pro certifikovan\u00e9 pot\u00e1p\u011b\u010de<\/li>\n<\/ul>\n<p><strong>Nen\u00ed sou\u010d\u00e1st\u00ed dod\u00e1vky:<\/strong><\/p>\n<ul>\n<li>Lety do Maledivy<\/li>\n<li>Vybaven\u00ed (35$ za den)<\/li>\n<li>V\u00fdcvikov\u00e9 kurzy PADI\/za\u010d\u00e1te\u010dnick\u00e9 programy<\/li>\n<li>Jednol\u016f\u017ekov\u00fd pokoj (za p\u0159\u00edplatek 235$ na cel\u00e9 obdob\u00ed)<\/li>\n<li>Tip pro t\u00fdm<\/li>\n<\/ul>\n<p><strong>Podm\u00ednky rezervace:<\/strong><\/p>\n<ul>\n<li>100% p\u0159edplacen\u00ed<\/li>\n<\/ul>","protected":false},"excerpt":{"rendered":"<p><strong>Doba prohl\u00eddky:<\/strong> 7 dn\u00ed<\/p>\n<p><strong>Dny zadr\u017een\u00ed:<\/strong> 18-24.10.2026<\/p>","protected":false},"featured_media":43398,"template":"","meta":{"_kad_post_transparent":"default","_kad_post_title":"","_kad_post_layout":"default","_kad_post_sidebar_id":"","_kad_post_content_style":"default","_kad_post_vertical_padding":"default","_kad_post_feature":"","_kad_post_feature_position":"","_kad_post_header":false,"_kad_post_footer":false,"_kad_post_classname":"","_glsr_average":0,"_glsr_ranking":0,"_glsr_reviews":0},"product_brand":[],"product_cat":[442],"product_tag":[],"class_list":{"0":"post-43396","1":"product","2":"type-product","3":"status-publish","4":"has-post-thumbnail","6":"product_cat-maldives","7":"tm-has-options","9":"first","10":"instock","11":"sale","12":"sold-individually","13":"taxable","14":"shipping-taxable","15":"purchasable","16":"product-type-simple","17":"entry","18":"content-bg","19":"loop-entry"},"yoast_head":"<!-- This site is optimized with the Yoast SEO plugin v27.3 - https:\/\/yoast.com\/product\/yoast-seo-wordpress\/ -->\n<title>\u0411\u043e\u043b\u044c\u0448\u043e\u0439 \u0414\u0430\u0439\u0432-\u0442\u0443\u0440 \u043d\u0430 \u041c\u0430\u043b\u044c\u0434\u0438\u0432\u0430\u0445 7 \u0434\u043d\u0435\u0439 &#8226; \u042d\u043a\u0441\u043a\u0443\u0440\u0441\u0438\u0438 Skyline<\/title>\n<meta name=\"robots\" content=\"index, follow, max-snippet:-1, max-image-preview:large, max-video-preview:-1\" \/>\n<link rel=\"canonical\" href=\"https:\/\/skyline-gs.com\/cs\/produkt\/great-dive-tour-in-the-maldives\/\" \/>\n<meta property=\"og:locale\" content=\"cs_CZ\" \/>\n<meta property=\"og:type\" content=\"article\" \/>\n<meta property=\"og:title\" content=\"\u0411\u043e\u043b\u044c\u0448\u043e\u0439 \u0414\u0430\u0439\u0432-\u0442\u0443\u0440 \u043d\u0430 \u041c\u0430\u043b\u044c\u0434\u0438\u0432\u0430\u0445 7 \u0434\u043d\u0435\u0439 &#8226; \u042d\u043a\u0441\u043a\u0443\u0440\u0441\u0438\u0438 Skyline\" \/>\n<meta property=\"og:description\" content=\"\u0412\u0440\u0435\u043c\u044f \u0442\u0443\u0440\u0430: 7 \u0434\u043d\u0435\u0439  \u0414\u043d\u0438 \u043f\u0440\u043e\u0432\u0435\u0434\u0435\u043d\u0438\u044f: 18-24.10.2026\" \/>\n<meta property=\"og:url\" content=\"https:\/\/skyline-gs.com\/cs\/produkt\/great-dive-tour-in-the-maldives\/\" \/>\n<meta property=\"og:site_name\" content=\"\u042d\u043a\u0441\u043a\u0443\u0440\u0441\u0438\u0438 Skyline\" \/>\n<meta property=\"article:modified_time\" content=\"2025-11-16T13:27:57+00:00\" \/>\n<meta property=\"og:image\" content=\"https:\/\/skyline-gs.com\/wp-content\/uploads\/2023\/08\/1.png\" \/>\n\t<meta property=\"og:image:width\" content=\"669\" \/>\n\t<meta property=\"og:image:height\" content=\"446\" \/>\n\t<meta property=\"og:image:type\" content=\"image\/png\" \/>\n<meta name=\"twitter:card\" content=\"summary_large_image\" \/>\n<meta name=\"twitter:label1\" content=\"Odhadovan\u00e1 doba \u010dten\u00ed\" \/>\n\t<meta name=\"twitter:data1\" content=\"2 minuty\" \/>\n<script type=\"application\/ld+json\" class=\"yoast-schema-graph\">{\"@context\":\"https:\\\/\\\/schema.org\",\"@graph\":[{\"@type\":\"WebPage\",\"@id\":\"https:\\\/\\\/skyline-gs.com\\\/product\\\/great-dive-tour-in-the-maldives\\\/\",\"url\":\"https:\\\/\\\/skyline-gs.com\\\/product\\\/great-dive-tour-in-the-maldives\\\/\",\"name\":\"\u0411\u043e\u043b\u044c\u0448\u043e\u0439 \u0414\u0430\u0439\u0432-\u0442\u0443\u0440 \u043d\u0430 \u041c\u0430\u043b\u044c\u0434\u0438\u0432\u0430\u0445 7 \u0434\u043d\u0435\u0439 &#8226; \u042d\u043a\u0441\u043a\u0443\u0440\u0441\u0438\u0438 Skyline\",\"isPartOf\":{\"@id\":\"https:\\\/\\\/skyline-gs.com\\\/it\\\/#website\"},\"primaryImageOfPage\":{\"@id\":\"https:\\\/\\\/skyline-gs.com\\\/product\\\/great-dive-tour-in-the-maldives\\\/#primaryimage\"},\"image\":{\"@id\":\"https:\\\/\\\/skyline-gs.com\\\/product\\\/great-dive-tour-in-the-maldives\\\/#primaryimage\"},\"thumbnailUrl\":\"https:\\\/\\\/skyline-gs.com\\\/wp-content\\\/uploads\\\/2023\\\/08\\\/1.png\",\"datePublished\":\"2023-08-18T10:13:25+00:00\",\"dateModified\":\"2025-11-16T13:27:57+00:00\",\"breadcrumb\":{\"@id\":\"https:\\\/\\\/skyline-gs.com\\\/product\\\/great-dive-tour-in-the-maldives\\\/#breadcrumb\"},\"inLanguage\":\"cs\",\"potentialAction\":[{\"@type\":\"ReadAction\",\"target\":[\"https:\\\/\\\/skyline-gs.com\\\/product\\\/great-dive-tour-in-the-maldives\\\/\"]}]},{\"@type\":\"ImageObject\",\"inLanguage\":\"cs\",\"@id\":\"https:\\\/\\\/skyline-gs.com\\\/product\\\/great-dive-tour-in-the-maldives\\\/#primaryimage\",\"url\":\"https:\\\/\\\/skyline-gs.com\\\/wp-content\\\/uploads\\\/2023\\\/08\\\/1.png\",\"contentUrl\":\"https:\\\/\\\/skyline-gs.com\\\/wp-content\\\/uploads\\\/2023\\\/08\\\/1.png\",\"width\":669,\"height\":446},{\"@type\":\"BreadcrumbList\",\"@id\":\"https:\\\/\\\/skyline-gs.com\\\/product\\\/great-dive-tour-in-the-maldives\\\/#breadcrumb\",\"itemListElement\":[{\"@type\":\"ListItem\",\"position\":1,\"name\":\"\u0413\u043b\u0430\u0432\u043d\u0430\u044f \u0441\u0442\u0440\u0430\u043d\u0438\u0446\u0430\",\"item\":\"https:\\\/\\\/skyline-gs.com\\\/hu\\\/\"},{\"@type\":\"ListItem\",\"position\":2,\"name\":\"\u041c\u0430\u0433\u0430\u0437\u0438\u043d\",\"item\":\"https:\\\/\\\/skyline-gs.com\\\/cs\\\/shop\\\/\"},{\"@type\":\"ListItem\",\"position\":3,\"name\":\"\u0411\u043e\u043b\u044c\u0448\u043e\u0439 \u0414\u0430\u0439\u0432-\u0442\u0443\u0440 \u043d\u0430 \u041c\u0430\u043b\u044c\u0434\u0438\u0432\u0430\u0445 7 \u0434\u043d\u0435\u0439\"}]},{\"@type\":\"WebSite\",\"@id\":\"https:\\\/\\\/skyline-gs.com\\\/it\\\/#website\",\"url\":\"https:\\\/\\\/skyline-gs.com\\\/it\\\/\",\"name\":\"\u042d\u043a\u0441\u043a\u0443\u0440\u0441\u0438\u0438 Skyline\",\"description\":\"\u042d\u043a\u0441\u043a\u043b\u044e\u0437\u0438\u0432\u043d\u044b\u0435 \u044d\u043a\u0441\u043a\u0443\u0440\u0441\u0438\u0438 \u043d\u0430 \u043b\u0443\u0447\u0448\u0438\u0445 \u043a\u0443\u0440\u043e\u0440\u0442\u0430\u0445 \u043c\u0438\u0440\u0430\",\"publisher\":{\"@id\":\"https:\\\/\\\/skyline-gs.com\\\/it\\\/#organization\"},\"alternateName\":\"Skyline\",\"potentialAction\":[{\"@type\":\"SearchAction\",\"target\":{\"@type\":\"EntryPoint\",\"urlTemplate\":\"https:\\\/\\\/skyline-gs.com\\\/it\\\/?s={search_term_string}\"},\"query-input\":{\"@type\":\"PropertyValueSpecification\",\"valueRequired\":true,\"valueName\":\"search_term_string\"}}],\"inLanguage\":\"cs\"},{\"@type\":\"Organization\",\"@id\":\"https:\\\/\\\/skyline-gs.com\\\/it\\\/#organization\",\"name\":\"\u042d\u043a\u0441\u043a\u0443\u0440\u0441\u0438\u0438 Skyline\",\"alternateName\":\"\u042d\u043a\u0441\u043a\u0443\u0440\u0441\u0438\u0438 Skyline\",\"url\":\"https:\\\/\\\/skyline-gs.com\\\/it\\\/\",\"logo\":{\"@type\":\"ImageObject\",\"inLanguage\":\"cs\",\"@id\":\"https:\\\/\\\/skyline-gs.com\\\/it\\\/#\\\/schema\\\/logo\\\/image\\\/\",\"url\":\"https:\\\/\\\/skyline-gs.com\\\/wp-content\\\/uploads\\\/2020\\\/12\\\/cropped-logo-2.png\",\"contentUrl\":\"https:\\\/\\\/skyline-gs.com\\\/wp-content\\\/uploads\\\/2020\\\/12\\\/cropped-logo-2.png\",\"width\":512,\"height\":512,\"caption\":\"\u042d\u043a\u0441\u043a\u0443\u0440\u0441\u0438\u0438 Skyline\"},\"image\":{\"@id\":\"https:\\\/\\\/skyline-gs.com\\\/it\\\/#\\\/schema\\\/logo\\\/image\\\/\"},\"sameAs\":[\"https:\\\/\\\/www.instagram.com\\\/skylineglobalservice\\\/\"]}]}<\/script>\n<!-- \/ Yoast SEO plugin. -->","yoast_head_json":{"title":"\u0411\u043e\u043b\u044c\u0448\u043e\u0439 \u0414\u0430\u0439\u0432-\u0442\u0443\u0440 \u043d\u0430 \u041c\u0430\u043b\u044c\u0434\u0438\u0432\u0430\u0445 7 \u0434\u043d\u0435\u0439 &#8226; \u042d\u043a\u0441\u043a\u0443\u0440\u0441\u0438\u0438 Skyline","robots":{"index":"index","follow":"follow","max-snippet":"max-snippet:-1","max-image-preview":"max-image-preview:large","max-video-preview":"max-video-preview:-1"},"canonical":"https:\/\/skyline-gs.com\/cs\/produkt\/great-dive-tour-in-the-maldives\/","og_locale":"cs_CZ","og_type":"article","og_title":"\u0411\u043e\u043b\u044c\u0448\u043e\u0439 \u0414\u0430\u0439\u0432-\u0442\u0443\u0440 \u043d\u0430 \u041c\u0430\u043b\u044c\u0434\u0438\u0432\u0430\u0445 7 \u0434\u043d\u0435\u0439 &#8226; \u042d\u043a\u0441\u043a\u0443\u0440\u0441\u0438\u0438 Skyline","og_description":"\u0412\u0440\u0435\u043c\u044f \u0442\u0443\u0440\u0430: 7 \u0434\u043d\u0435\u0439  \u0414\u043d\u0438 \u043f\u0440\u043e\u0432\u0435\u0434\u0435\u043d\u0438\u044f: 18-24.10.2026","og_url":"https:\/\/skyline-gs.com\/cs\/produkt\/great-dive-tour-in-the-maldives\/","og_site_name":"\u042d\u043a\u0441\u043a\u0443\u0440\u0441\u0438\u0438 Skyline","article_modified_time":"2025-11-16T13:27:57+00:00","og_image":[{"width":669,"height":446,"url":"https:\/\/skyline-gs.com\/wp-content\/uploads\/2023\/08\/1.png","type":"image\/png"}],"twitter_card":"summary_large_image","twitter_misc":{"Odhadovan\u00e1 doba \u010dten\u00ed":"2 minuty"},"schema":{"@context":"https:\/\/schema.org","@graph":[{"@type":"WebPage","@id":"https:\/\/skyline-gs.com\/product\/great-dive-tour-in-the-maldives\/","url":"https:\/\/skyline-gs.com\/product\/great-dive-tour-in-the-maldives\/","name":"\u0411\u043e\u043b\u044c\u0448\u043e\u0439 \u0414\u0430\u0439\u0432-\u0442\u0443\u0440 \u043d\u0430 \u041c\u0430\u043b\u044c\u0434\u0438\u0432\u0430\u0445 7 \u0434\u043d\u0435\u0439 &#8226; \u042d\u043a\u0441\u043a\u0443\u0440\u0441\u0438\u0438 Skyline","isPartOf":{"@id":"https:\/\/skyline-gs.com\/it\/#website"},"primaryImageOfPage":{"@id":"https:\/\/skyline-gs.com\/product\/great-dive-tour-in-the-maldives\/#primaryimage"},"image":{"@id":"https:\/\/skyline-gs.com\/product\/great-dive-tour-in-the-maldives\/#primaryimage"},"thumbnailUrl":"https:\/\/skyline-gs.com\/wp-content\/uploads\/2023\/08\/1.png","datePublished":"2023-08-18T10:13:25+00:00","dateModified":"2025-11-16T13:27:57+00:00","breadcrumb":{"@id":"https:\/\/skyline-gs.com\/product\/great-dive-tour-in-the-maldives\/#breadcrumb"},"inLanguage":"cs","potentialAction":[{"@type":"ReadAction","target":["https:\/\/skyline-gs.com\/product\/great-dive-tour-in-the-maldives\/"]}]},{"@type":"ImageObject","inLanguage":"cs","@id":"https:\/\/skyline-gs.com\/product\/great-dive-tour-in-the-maldives\/#primaryimage","url":"https:\/\/skyline-gs.com\/wp-content\/uploads\/2023\/08\/1.png","contentUrl":"https:\/\/skyline-gs.com\/wp-content\/uploads\/2023\/08\/1.png","width":669,"height":446},{"@type":"BreadcrumbList","@id":"https:\/\/skyline-gs.com\/product\/great-dive-tour-in-the-maldives\/#breadcrumb","itemListElement":[{"@type":"ListItem","position":1,"name":"\u0413\u043b\u0430\u0432\u043d\u0430\u044f \u0441\u0442\u0440\u0430\u043d\u0438\u0446\u0430","item":"https:\/\/skyline-gs.com\/hu\/"},{"@type":"ListItem","position":2,"name":"\u041c\u0430\u0433\u0430\u0437\u0438\u043d","item":"https:\/\/skyline-gs.com\/cs\/shop\/"},{"@type":"ListItem","position":3,"name":"\u0411\u043e\u043b\u044c\u0448\u043e\u0439 \u0414\u0430\u0439\u0432-\u0442\u0443\u0440 \u043d\u0430 \u041c\u0430\u043b\u044c\u0434\u0438\u0432\u0430\u0445 7 \u0434\u043d\u0435\u0439"}]},{"@type":"WebSite","@id":"https:\/\/skyline-gs.com\/it\/#website","url":"https:\/\/skyline-gs.com\/it\/","name":"Skyline V\u00fdlety","description":"Exkluzivn\u00ed v\u00fdlety do nejlep\u0161\u00edch sv\u011btov\u00fdch letovisek","publisher":{"@id":"https:\/\/skyline-gs.com\/it\/#organization"},"alternateName":"Skyline","potentialAction":[{"@type":"SearchAction","target":{"@type":"EntryPoint","urlTemplate":"https:\/\/skyline-gs.com\/it\/?s={search_term_string}"},"query-input":{"@type":"PropertyValueSpecification","valueRequired":true,"valueName":"search_term_string"}}],"inLanguage":"cs"},{"@type":"Organization","@id":"https:\/\/skyline-gs.com\/it\/#organization","name":"Skyline V\u00fdlety","alternateName":"\u042d\u043a\u0441\u043a\u0443\u0440\u0441\u0438\u0438 Skyline","url":"https:\/\/skyline-gs.com\/it\/","logo":{"@type":"ImageObject","inLanguage":"cs","@id":"https:\/\/skyline-gs.com\/it\/#\/schema\/logo\/image\/","url":"https:\/\/skyline-gs.com\/wp-content\/uploads\/2020\/12\/cropped-logo-2.png","contentUrl":"https:\/\/skyline-gs.com\/wp-content\/uploads\/2020\/12\/cropped-logo-2.png","width":512,"height":512,"caption":"\u042d\u043a\u0441\u043a\u0443\u0440\u0441\u0438\u0438 Skyline"},"image":{"@id":"https:\/\/skyline-gs.com\/it\/#\/schema\/logo\/image\/"},"sameAs":["https:\/\/www.instagram.com\/skylineglobalservice\/"]}]}},"_links":{"self":[{"href":"https:\/\/skyline-gs.com\/cs\/wp-json\/wp\/v2\/product\/43396","targetHints":{"allow":["GET"]}}],"collection":[{"href":"https:\/\/skyline-gs.com\/cs\/wp-json\/wp\/v2\/product"}],"about":[{"href":"https:\/\/skyline-gs.com\/cs\/wp-json\/wp\/v2\/types\/product"}],"version-history":[{"count":0,"href":"https:\/\/skyline-gs.com\/cs\/wp-json\/wp\/v2\/product\/43396\/revisions"}],"wp:featuredmedia":[{"embeddable":true,"href":"https:\/\/skyline-gs.com\/cs\/wp-json\/wp\/v2\/media\/43398"}],"wp:attachment":[{"href":"https:\/\/skyline-gs.com\/cs\/wp-json\/wp\/v2\/media?parent=43396"}],"wp:term":[{"taxonomy":"product_brand","embeddable":true,"href":"https:\/\/skyline-gs.com\/cs\/wp-json\/wp\/v2\/product_brand?post=43396"},{"taxonomy":"product_cat","embeddable":true,"href":"https:\/\/skyline-gs.com\/cs\/wp-json\/wp\/v2\/product_cat?post=43396"},{"taxonomy":"product_tag","embeddable":true,"href":"https:\/\/skyline-gs.com\/cs\/wp-json\/wp\/v2\/product_tag?post=43396"}],"curies":[{"name":"wp","href":"https:\/\/api.w.org\/{rel}","templated":true}]}}