{"id":43082,"date":"2023-07-23T19:57:56","date_gmt":"2023-07-23T17:57:56","guid":{"rendered":"http:\/\/skyline-gs.com\/?post_type=product&#038;p=43082"},"modified":"2025-06-25T16:17:17","modified_gmt":"2025-06-25T14:17:17","slug":"kapadocie-2-dny-belek","status":"publish","type":"product","link":"https:\/\/skyline-gs.com\/cs\/product\/cappadocia-2-days-belek\/","title":{"rendered":"Kappadokie 2 dny"},"content":{"rendered":"<p><strong>Den 1<\/strong><\/p>\n<p>Odjezd z hotelu ve 4:00 hodin. Zast\u00e1vka na sn\u00eddani v restauraci s malebn\u00fdm v\u00fdhledem na poho\u0159\u00ed Taurus. Zast\u00e1vka s v\u00fdhledem na sopku Hasan. N\u00e1v\u0161t\u011bva podzemn\u00edho m\u011bsta Saratli. Ob\u011bd v pestr\u00e9 m\u00edstn\u00ed restauraci. N\u00e1v\u0161t\u011bva \u00dadol\u00ed fantazie (Derwent) a \u00dadol\u00ed mnich\u016f. Proch\u00e1zka vesnic\u00ed \u010cavu\u0161in, kter\u00e1 byla vytes\u00e1na do sk\u00e1ly a byla obydlena a\u017e do poloviny minul\u00e9ho stolet\u00ed. Panoramatick\u00e1 zast\u00e1vka v \u00dadol\u00ed l\u00e1sky s malebn\u00fdm v\u00fdhledem na Ortahisar, pevnost Kappadokie. Zast\u00e1vka v \u00fadol\u00ed T\u0159\u00ed kr\u00e1s (U\u00e7g\u00fczel) v provincii U\u011fr\u00fcp. Ubytov\u00e1n\u00ed v hotelu a ve\u010de\u0159e v hotelov\u00e9 restauraci. N\u00e1v\u0161t\u011bva n\u00e1rodn\u00edho folklorn\u00edho programu \"Tureck\u00e1 noc v Kappadokii\" (fakultativn\u011b, za p\u0159\u00edplatek).<\/p>\n<p><strong>Den 2<\/strong><\/p>\n<p>Rann\u00ed odjezd na balonovou par\u00e1du pro ty, kte\u0159\u00ed si p\u0159ej\u00ed let\u011bt balonem (nepovinn\u00e9, +200$ na osobu). Cesta horkovzdu\u0161n\u00fdm bal\u00f3nem (d\u00e9lka trv\u00e1n\u00ed 1 hodina) - velkolep\u00e1 pod\u00edvan\u00e1 s 250 bal\u00f3ny nebo 2000 lidmi na obloze najednou. N\u00e1vrat do hotelu a sn\u00eddan\u011b (v\u010detn\u011b \u010daje). N\u00e1v\u0161t\u011bva autentick\u00e9 d\u00edlny na v\u00fdrobu onyxu - kamenn\u00e9ho centra Anatolie a mo\u017enost shl\u00e9dnout proces zpracov\u00e1n\u00ed a zakoupit suven\u00fdry a kamenn\u00e9 v\u00fdrobky. P\u0159\u00edjezd do skanzenu - m\u011bsta Gereme s kl\u00e1\u0161tern\u00edm komplexem, kaplemi vytesan\u00fdmi do sk\u00e1ly a chr\u00e1my. Zast\u00e1vka v \u00dadol\u00ed holubic s panoramatick\u00fdm v\u00fdhledem na fotografov\u00e1n\u00ed. Zast\u00e1vka s v\u00fdhledem na nejvzd\u00e1len\u011bj\u0161\u00ed pevnost Kappadokie - U\u00e7hisar. Prohl\u00eddka studia hedv\u00e1bn\u00fdch ko\u017een\u00fdch v\u00fdrobk\u016f a tov\u00e1rny na tureck\u00e9 sladkosti. Odjezd z Kappadokie. Ubytov\u00e1n\u00ed v n\u00e1rodn\u00edm karavanser\u00e1ji Oresin Khan, kde bude \u010das na odpo\u010dinek. P\u0159\u00edjezd do m\u011bsta Konya, zast\u00e1vka na ob\u011bd v restauraci. N\u00e1vrat do hotelu ve 20:00.<\/p>\n<p><strong>V\u010detn\u011b:<\/strong><\/p>\n<ul>\n<li>Transfery z hotelu a do hotelu<\/li>\n<li>V\u0161echny transfery na trase pohodln\u00fdm klimatizovan\u00fdm autobusem.<\/li>\n<li>rusky mluv\u00edc\u00ed pr\u016fvodce<\/li>\n<li>Poji\u0161t\u011bn\u00ed<\/li>\n<li>P\u0159enocov\u00e1n\u00ed v hotelu<\/li>\n<li>Stravov\u00e1n\u00ed: sn\u00eddan\u011b, ve\u010de\u0159e, sn\u00eddan\u011b<\/li>\n<\/ul>\n<p><strong>Nen\u00ed sou\u010d\u00e1st\u00ed dod\u00e1vky:<\/strong><\/p>\n<ul>\n<li>Let bal\u00f3nem za sv\u00edt\u00e1n\u00ed (voliteln\u011b, +200$ na osobu)<\/li>\n<li>Ob\u011bdy v restauraci<\/li>\n<li>P\u0159ehl\u00eddka \"Tureck\u00e1 noc\"<\/li>\n<li>Vstupenky do parku G\u00f6reme (12$)<\/li>\n<\/ul>\n<p><strong>Vezm\u011bte si ji s sebou:<\/strong><\/p>\n<ul>\n<li>Voda<\/li>\n<li>Pohodln\u00e1 obuv<\/li>\n<li>Fotoapar\u00e1t<\/li>\n<li>Pen\u00edze na osobn\u00ed v\u00fddaje<\/li>\n<\/ul>","protected":false},"excerpt":{"rendered":"<p><strong>Doba prohl\u00eddky:<\/strong> 4:00 - 20:00<\/p>\n<p><strong>Dny zadr\u017een\u00ed:<\/strong> Pond\u011bl\u00ed, \u010dtvrtek, sobota<\/p>","protected":false},"featured_media":41752,"template":"","meta":{"_kad_post_transparent":"default","_kad_post_title":"","_kad_post_layout":"default","_kad_post_sidebar_id":"","_kad_post_content_style":"default","_kad_post_vertical_padding":"default","_kad_post_feature":"","_kad_post_feature_position":"","_kad_post_header":false,"_kad_post_footer":false,"_kad_post_classname":"","_glsr_average":0,"_glsr_ranking":0,"_glsr_reviews":0},"product_brand":[],"product_cat":[449],"product_tag":[],"class_list":{"0":"post-43082","1":"product","2":"type-product","3":"status-publish","4":"has-post-thumbnail","6":"product_cat-belek","7":"tm-has-options","9":"first","10":"instock","11":"sale","12":"sold-individually","13":"taxable","14":"shipping-taxable","15":"purchasable","16":"product-type-simple","17":"entry","18":"content-bg","19":"loop-entry"},"yoast_head":"<!-- This site is optimized with the Yoast SEO plugin v27.4 - https:\/\/yoast.com\/product\/yoast-seo-wordpress\/ -->\n<title>\u041a\u0430\u043f\u043f\u0430\u0434\u043e\u043a\u0438\u044f 2 \u0434\u043d\u044f &#8226; \u042d\u043a\u0441\u043a\u0443\u0440\u0441\u0438\u0438 Skyline<\/title>\n<meta name=\"robots\" content=\"index, follow, max-snippet:-1, max-image-preview:large, max-video-preview:-1\" \/>\n<link rel=\"canonical\" href=\"https:\/\/skyline-gs.com\/cs\/produkt\/kapadocie-2-dny-belek\/\" \/>\n<meta property=\"og:locale\" content=\"cs_CZ\" \/>\n<meta property=\"og:type\" content=\"article\" \/>\n<meta property=\"og:title\" content=\"\u041a\u0430\u043f\u043f\u0430\u0434\u043e\u043a\u0438\u044f 2 \u0434\u043d\u044f &#8226; \u042d\u043a\u0441\u043a\u0443\u0440\u0441\u0438\u0438 Skyline\" \/>\n<meta property=\"og:description\" content=\"\u0412\u0440\u0435\u043c\u044f \u0442\u0443\u0440\u0430: 4:00 \u2013 20:00  \u0414\u043d\u0438 \u043f\u0440\u043e\u0432\u0435\u0434\u0435\u043d\u0438\u044f: \u041f\u043e\u043d\u0435\u0434\u0435\u043b\u044c\u043d\u0438\u043a, \u0427\u0435\u0442\u0432\u0435\u0440\u0433, \u0421\u0443\u0431\u0431\u043e\u0442\u0430\" \/>\n<meta property=\"og:url\" content=\"https:\/\/skyline-gs.com\/cs\/produkt\/kapadocie-2-dny-belek\/\" \/>\n<meta property=\"og:site_name\" content=\"\u042d\u043a\u0441\u043a\u0443\u0440\u0441\u0438\u0438 Skyline\" \/>\n<meta property=\"article:modified_time\" content=\"2025-06-25T14:17:17+00:00\" \/>\n<meta property=\"og:image\" content=\"https:\/\/skyline-gs.com\/wp-content\/uploads\/2023\/01\/5-9.png\" \/>\n\t<meta property=\"og:image:width\" content=\"669\" \/>\n\t<meta property=\"og:image:height\" content=\"446\" \/>\n\t<meta property=\"og:image:type\" content=\"image\/png\" \/>\n<meta name=\"twitter:card\" content=\"summary_large_image\" \/>\n<meta name=\"twitter:label1\" content=\"Odhadovan\u00e1 doba \u010dten\u00ed\" \/>\n\t<meta name=\"twitter:data1\" content=\"2 minuty\" \/>\n<script type=\"application\/ld+json\" class=\"yoast-schema-graph\">{\"@context\":\"https:\\\/\\\/schema.org\",\"@graph\":[{\"@type\":\"WebPage\",\"@id\":\"https:\\\/\\\/skyline-gs.com\\\/product\\\/cappadocia-2-days-belek\\\/\",\"url\":\"https:\\\/\\\/skyline-gs.com\\\/product\\\/cappadocia-2-days-belek\\\/\",\"name\":\"\u041a\u0430\u043f\u043f\u0430\u0434\u043e\u043a\u0438\u044f 2 \u0434\u043d\u044f &#8226; \u042d\u043a\u0441\u043a\u0443\u0440\u0441\u0438\u0438 Skyline\",\"isPartOf\":{\"@id\":\"https:\\\/\\\/skyline-gs.com\\\/it\\\/#website\"},\"primaryImageOfPage\":{\"@id\":\"https:\\\/\\\/skyline-gs.com\\\/product\\\/cappadocia-2-days-belek\\\/#primaryimage\"},\"image\":{\"@id\":\"https:\\\/\\\/skyline-gs.com\\\/product\\\/cappadocia-2-days-belek\\\/#primaryimage\"},\"thumbnailUrl\":\"https:\\\/\\\/skyline-gs.com\\\/wp-content\\\/uploads\\\/2023\\\/01\\\/5-9.png\",\"datePublished\":\"2023-07-23T17:57:56+00:00\",\"dateModified\":\"2025-06-25T14:17:17+00:00\",\"breadcrumb\":{\"@id\":\"https:\\\/\\\/skyline-gs.com\\\/product\\\/cappadocia-2-days-belek\\\/#breadcrumb\"},\"inLanguage\":\"cs\",\"potentialAction\":[{\"@type\":\"ReadAction\",\"target\":[\"https:\\\/\\\/skyline-gs.com\\\/product\\\/cappadocia-2-days-belek\\\/\"]}]},{\"@type\":\"ImageObject\",\"inLanguage\":\"cs\",\"@id\":\"https:\\\/\\\/skyline-gs.com\\\/product\\\/cappadocia-2-days-belek\\\/#primaryimage\",\"url\":\"https:\\\/\\\/skyline-gs.com\\\/wp-content\\\/uploads\\\/2023\\\/01\\\/5-9.png\",\"contentUrl\":\"https:\\\/\\\/skyline-gs.com\\\/wp-content\\\/uploads\\\/2023\\\/01\\\/5-9.png\",\"width\":669,\"height\":446},{\"@type\":\"BreadcrumbList\",\"@id\":\"https:\\\/\\\/skyline-gs.com\\\/product\\\/cappadocia-2-days-belek\\\/#breadcrumb\",\"itemListElement\":[{\"@type\":\"ListItem\",\"position\":1,\"name\":\"\u0413\u043b\u0430\u0432\u043d\u0430\u044f \u0441\u0442\u0440\u0430\u043d\u0438\u0446\u0430\",\"item\":\"https:\\\/\\\/skyline-gs.com\\\/hu\\\/\"},{\"@type\":\"ListItem\",\"position\":2,\"name\":\"\u041c\u0430\u0433\u0430\u0437\u0438\u043d\",\"item\":\"https:\\\/\\\/skyline-gs.com\\\/cs\\\/shop\\\/\"},{\"@type\":\"ListItem\",\"position\":3,\"name\":\"\u041a\u0430\u043f\u043f\u0430\u0434\u043e\u043a\u0438\u044f 2 \u0434\u043d\u044f\"}]},{\"@type\":\"WebSite\",\"@id\":\"https:\\\/\\\/skyline-gs.com\\\/it\\\/#website\",\"url\":\"https:\\\/\\\/skyline-gs.com\\\/it\\\/\",\"name\":\"\u042d\u043a\u0441\u043a\u0443\u0440\u0441\u0438\u0438 Skyline\",\"description\":\"\u042d\u043a\u0441\u043a\u043b\u044e\u0437\u0438\u0432\u043d\u044b\u0435 \u044d\u043a\u0441\u043a\u0443\u0440\u0441\u0438\u0438 \u043d\u0430 \u043b\u0443\u0447\u0448\u0438\u0445 \u043a\u0443\u0440\u043e\u0440\u0442\u0430\u0445 \u043c\u0438\u0440\u0430\",\"publisher\":{\"@id\":\"https:\\\/\\\/skyline-gs.com\\\/it\\\/#organization\"},\"alternateName\":\"Skyline\",\"potentialAction\":[{\"@type\":\"SearchAction\",\"target\":{\"@type\":\"EntryPoint\",\"urlTemplate\":\"https:\\\/\\\/skyline-gs.com\\\/it\\\/?s={search_term_string}\"},\"query-input\":{\"@type\":\"PropertyValueSpecification\",\"valueRequired\":true,\"valueName\":\"search_term_string\"}}],\"inLanguage\":\"cs\"},{\"@type\":\"Organization\",\"@id\":\"https:\\\/\\\/skyline-gs.com\\\/it\\\/#organization\",\"name\":\"\u042d\u043a\u0441\u043a\u0443\u0440\u0441\u0438\u0438 Skyline\",\"alternateName\":\"\u042d\u043a\u0441\u043a\u0443\u0440\u0441\u0438\u0438 Skyline\",\"url\":\"https:\\\/\\\/skyline-gs.com\\\/it\\\/\",\"logo\":{\"@type\":\"ImageObject\",\"inLanguage\":\"cs\",\"@id\":\"https:\\\/\\\/skyline-gs.com\\\/it\\\/#\\\/schema\\\/logo\\\/image\\\/\",\"url\":\"https:\\\/\\\/skyline-gs.com\\\/wp-content\\\/uploads\\\/2020\\\/12\\\/cropped-logo-2.png\",\"contentUrl\":\"https:\\\/\\\/skyline-gs.com\\\/wp-content\\\/uploads\\\/2020\\\/12\\\/cropped-logo-2.png\",\"width\":512,\"height\":512,\"caption\":\"\u042d\u043a\u0441\u043a\u0443\u0440\u0441\u0438\u0438 Skyline\"},\"image\":{\"@id\":\"https:\\\/\\\/skyline-gs.com\\\/it\\\/#\\\/schema\\\/logo\\\/image\\\/\"},\"sameAs\":[\"https:\\\/\\\/www.instagram.com\\\/skylineglobalservice\\\/\"]}]}<\/script>\n<!-- \/ Yoast SEO plugin. -->","yoast_head_json":{"title":"\u041a\u0430\u043f\u043f\u0430\u0434\u043e\u043a\u0438\u044f 2 \u0434\u043d\u044f &#8226; \u042d\u043a\u0441\u043a\u0443\u0440\u0441\u0438\u0438 Skyline","robots":{"index":"index","follow":"follow","max-snippet":"max-snippet:-1","max-image-preview":"max-image-preview:large","max-video-preview":"max-video-preview:-1"},"canonical":"https:\/\/skyline-gs.com\/cs\/produkt\/kapadocie-2-dny-belek\/","og_locale":"cs_CZ","og_type":"article","og_title":"\u041a\u0430\u043f\u043f\u0430\u0434\u043e\u043a\u0438\u044f 2 \u0434\u043d\u044f &#8226; \u042d\u043a\u0441\u043a\u0443\u0440\u0441\u0438\u0438 Skyline","og_description":"\u0412\u0440\u0435\u043c\u044f \u0442\u0443\u0440\u0430: 4:00 \u2013 20:00  \u0414\u043d\u0438 \u043f\u0440\u043e\u0432\u0435\u0434\u0435\u043d\u0438\u044f: \u041f\u043e\u043d\u0435\u0434\u0435\u043b\u044c\u043d\u0438\u043a, \u0427\u0435\u0442\u0432\u0435\u0440\u0433, \u0421\u0443\u0431\u0431\u043e\u0442\u0430","og_url":"https:\/\/skyline-gs.com\/cs\/produkt\/kapadocie-2-dny-belek\/","og_site_name":"\u042d\u043a\u0441\u043a\u0443\u0440\u0441\u0438\u0438 Skyline","article_modified_time":"2025-06-25T14:17:17+00:00","og_image":[{"width":669,"height":446,"url":"https:\/\/skyline-gs.com\/wp-content\/uploads\/2023\/01\/5-9.png","type":"image\/png"}],"twitter_card":"summary_large_image","twitter_misc":{"Odhadovan\u00e1 doba \u010dten\u00ed":"2 minuty"},"schema":{"@context":"https:\/\/schema.org","@graph":[{"@type":"WebPage","@id":"https:\/\/skyline-gs.com\/product\/cappadocia-2-days-belek\/","url":"https:\/\/skyline-gs.com\/product\/cappadocia-2-days-belek\/","name":"\u041a\u0430\u043f\u043f\u0430\u0434\u043e\u043a\u0438\u044f 2 \u0434\u043d\u044f &#8226; \u042d\u043a\u0441\u043a\u0443\u0440\u0441\u0438\u0438 Skyline","isPartOf":{"@id":"https:\/\/skyline-gs.com\/it\/#website"},"primaryImageOfPage":{"@id":"https:\/\/skyline-gs.com\/product\/cappadocia-2-days-belek\/#primaryimage"},"image":{"@id":"https:\/\/skyline-gs.com\/product\/cappadocia-2-days-belek\/#primaryimage"},"thumbnailUrl":"https:\/\/skyline-gs.com\/wp-content\/uploads\/2023\/01\/5-9.png","datePublished":"2023-07-23T17:57:56+00:00","dateModified":"2025-06-25T14:17:17+00:00","breadcrumb":{"@id":"https:\/\/skyline-gs.com\/product\/cappadocia-2-days-belek\/#breadcrumb"},"inLanguage":"cs","potentialAction":[{"@type":"ReadAction","target":["https:\/\/skyline-gs.com\/product\/cappadocia-2-days-belek\/"]}]},{"@type":"ImageObject","inLanguage":"cs","@id":"https:\/\/skyline-gs.com\/product\/cappadocia-2-days-belek\/#primaryimage","url":"https:\/\/skyline-gs.com\/wp-content\/uploads\/2023\/01\/5-9.png","contentUrl":"https:\/\/skyline-gs.com\/wp-content\/uploads\/2023\/01\/5-9.png","width":669,"height":446},{"@type":"BreadcrumbList","@id":"https:\/\/skyline-gs.com\/product\/cappadocia-2-days-belek\/#breadcrumb","itemListElement":[{"@type":"ListItem","position":1,"name":"\u0413\u043b\u0430\u0432\u043d\u0430\u044f \u0441\u0442\u0440\u0430\u043d\u0438\u0446\u0430","item":"https:\/\/skyline-gs.com\/hu\/"},{"@type":"ListItem","position":2,"name":"\u041c\u0430\u0433\u0430\u0437\u0438\u043d","item":"https:\/\/skyline-gs.com\/cs\/shop\/"},{"@type":"ListItem","position":3,"name":"\u041a\u0430\u043f\u043f\u0430\u0434\u043e\u043a\u0438\u044f 2 \u0434\u043d\u044f"}]},{"@type":"WebSite","@id":"https:\/\/skyline-gs.com\/it\/#website","url":"https:\/\/skyline-gs.com\/it\/","name":"Skyline V\u00fdlety","description":"Exkluzivn\u00ed v\u00fdlety do nejlep\u0161\u00edch sv\u011btov\u00fdch letovisek","publisher":{"@id":"https:\/\/skyline-gs.com\/it\/#organization"},"alternateName":"Skyline","potentialAction":[{"@type":"SearchAction","target":{"@type":"EntryPoint","urlTemplate":"https:\/\/skyline-gs.com\/it\/?s={search_term_string}"},"query-input":{"@type":"PropertyValueSpecification","valueRequired":true,"valueName":"search_term_string"}}],"inLanguage":"cs"},{"@type":"Organization","@id":"https:\/\/skyline-gs.com\/it\/#organization","name":"Skyline V\u00fdlety","alternateName":"\u042d\u043a\u0441\u043a\u0443\u0440\u0441\u0438\u0438 Skyline","url":"https:\/\/skyline-gs.com\/it\/","logo":{"@type":"ImageObject","inLanguage":"cs","@id":"https:\/\/skyline-gs.com\/it\/#\/schema\/logo\/image\/","url":"https:\/\/skyline-gs.com\/wp-content\/uploads\/2020\/12\/cropped-logo-2.png","contentUrl":"https:\/\/skyline-gs.com\/wp-content\/uploads\/2020\/12\/cropped-logo-2.png","width":512,"height":512,"caption":"\u042d\u043a\u0441\u043a\u0443\u0440\u0441\u0438\u0438 Skyline"},"image":{"@id":"https:\/\/skyline-gs.com\/it\/#\/schema\/logo\/image\/"},"sameAs":["https:\/\/www.instagram.com\/skylineglobalservice\/"]}]}},"_links":{"self":[{"href":"https:\/\/skyline-gs.com\/cs\/wp-json\/wp\/v2\/product\/43082","targetHints":{"allow":["GET"]}}],"collection":[{"href":"https:\/\/skyline-gs.com\/cs\/wp-json\/wp\/v2\/product"}],"about":[{"href":"https:\/\/skyline-gs.com\/cs\/wp-json\/wp\/v2\/types\/product"}],"version-history":[{"count":0,"href":"https:\/\/skyline-gs.com\/cs\/wp-json\/wp\/v2\/product\/43082\/revisions"}],"wp:featuredmedia":[{"embeddable":true,"href":"https:\/\/skyline-gs.com\/cs\/wp-json\/wp\/v2\/media\/41752"}],"wp:attachment":[{"href":"https:\/\/skyline-gs.com\/cs\/wp-json\/wp\/v2\/media?parent=43082"}],"wp:term":[{"taxonomy":"product_brand","embeddable":true,"href":"https:\/\/skyline-gs.com\/cs\/wp-json\/wp\/v2\/product_brand?post=43082"},{"taxonomy":"product_cat","embeddable":true,"href":"https:\/\/skyline-gs.com\/cs\/wp-json\/wp\/v2\/product_cat?post=43082"},{"taxonomy":"product_tag","embeddable":true,"href":"https:\/\/skyline-gs.com\/cs\/wp-json\/wp\/v2\/product_tag?post=43082"}],"curies":[{"name":"wp","href":"https:\/\/api.w.org\/{rel}","templated":true}]}}