{"id":42498,"date":"2023-07-12T22:07:29","date_gmt":"2023-07-12T20:07:29","guid":{"rendered":"http:\/\/skyline-gs.com\/?post_type=product&#038;p=42498"},"modified":"2025-06-16T23:29:32","modified_gmt":"2025-06-16T21:29:32","slug":"cappadocia-2-days-kemer","status":"publish","type":"product","link":"https:\/\/skyline-gs.com\/cs\/product\/cappadocia-2-days-kemer\/","title":{"rendered":"Kappadokie 2 dny"},"content":{"rendered":"<p>\u0414\u0432\u0430 \u043d\u0430\u0441\u044b\u0449\u0435\u043d\u043d\u044b\u0445 \u0434\u043d\u044f \u0441\u0440\u0435\u0434\u0438 \u043d\u0435\u043e\u0431\u044b\u0447\u043d\u044b\u0445 \u043f\u0435\u0439\u0437\u0430\u0436\u0435\u0439 \u0438 \u0434\u0440\u0435\u0432\u043d\u0438\u0445 \u0441\u043a\u0430\u043b\u044c\u043d\u044b\u0445 \u0433\u043e\u0440\u043e\u0434\u043e\u0432. \u041a\u0430\u043f\u043f\u0430\u0434\u043e\u043a\u0438\u044f \u2014 \u0440\u0435\u0433\u0438\u043e\u043d, \u0433\u0434\u0435 \u043f\u0440\u0438\u0440\u043e\u0434\u0430 \u0438 \u0438\u0441\u0442\u043e\u0440\u0438\u044f \u0441\u043e\u0437\u0434\u0430\u043b\u0438 \u043d\u0435\u043f\u043e\u0432\u0442\u043e\u0440\u0438\u043c\u0443\u044e \u0430\u0442\u043c\u043e\u0441\u0444\u0435\u0440\u0443. \u0423\u0437\u043a\u0438\u0435 \u0442\u043e\u043d\u043d\u0435\u043b\u0438 \u043f\u043e\u0434\u0437\u0435\u043c\u043d\u044b\u0445 \u0433\u043e\u0440\u043e\u0434\u043e\u0432, \u0432\u0435\u043b\u0438\u0447\u0435\u0441\u0442\u0432\u0435\u043d\u043d\u044b\u0435 \u043a\u0440\u0435\u043f\u043e\u0441\u0442\u0438, \u0434\u043e\u043b\u0438\u043d\u044b \u0441 \u0444\u0430\u043d\u0442\u0430\u0441\u0442\u0438\u0447\u0435\u0441\u043a\u0438\u043c\u0438 \u043b\u0430\u043d\u0434\u0448\u0430\u0444\u0442\u0430\u043c\u0438 \u0438, \u043f\u043e \u0436\u0435\u043b\u0430\u043d\u0438\u044e, \u0443\u0442\u0440\u0435\u043d\u043d\u0438\u0439 \u043f\u043e\u043b\u0451\u0442 \u043d\u0430 \u0432\u043e\u0437\u0434\u0443\u0448\u043d\u043e\u043c \u0448\u0430\u0440\u0435 \u043d\u0430\u0434 \u0432\u0441\u0435\u043c \u044d\u0442\u0438\u043c \u0432\u0435\u043b\u0438\u043a\u043e\u043b\u0435\u043f\u0438\u0435\u043c.<\/p>\n<p><strong>Den 1<\/strong><\/p>\n<p data-start=\"675\" data-end=\"767\"><strong>2:00 \u2014 \u0412\u044b\u0435\u0437\u0434 \u0438\u0437 \u043e\u0442\u0435\u043b\u044f \u0432 \u041a\u0435\u043c\u0435\u0440\u0435<\/strong>. \u041f\u0435\u0440\u0435\u0435\u0437\u0434 \u0432 \u041a\u0430\u043f\u043f\u0430\u0434\u043e\u043a\u0438\u044e (\u043e\u043a\u043e\u043b\u043e 7 \u0447\u0430\u0441\u043e\u0432 \u0432 \u043f\u0443\u0442\u0438, \u0441 \u043e\u0441\u0442\u0430\u043d\u043e\u0432\u043a\u0430\u043c\u0438).<\/p>\n<ul>\n<li data-start=\"769\" data-end=\"817\">\u0417\u0430\u0432\u0442\u0440\u0430\u043a.<\/li>\n<li data-start=\"769\" data-end=\"817\"><strong>\u041f\u043e\u0441\u0435\u0449\u0435\u043d\u0438\u0435 \u043f\u043e\u0434\u0437\u0435\u043c\u043d\u043e\u0433\u043e \u0433\u043e\u0440\u043e\u0434\u0430 \u0422\u0430\u0442\u043b\u0430\u0440\u0438\u043d<\/strong>. \u041e\u0442\u043a\u0440\u044b\u0442 \u0434\u043b\u044f \u043f\u043e\u0441\u0435\u0449\u0435\u043d\u0438\u044f \u0441 1991 \u0433\u043e\u0434\u0430. \u041e\u0442\u043a\u0440\u044b\u0442\u044b \u0434\u0432\u0430 \u044d\u0442\u0430\u0436\u0430: 15-\u043c\u0435\u0442\u0440\u043e\u0432\u044b\u0439 \u0442\u0443\u043d\u043d\u0435\u043b\u044c, \u043a\u0443\u0445\u043d\u0438, \u0436\u0438\u043b\u044b\u0435 \u043a\u043e\u043c\u043d\u0430\u0442\u044b, \u0430\u043c\u0431\u0430\u0440\u044b \u0438 \u043a\u043e\u043d\u044e\u0448\u043d\u0438.<\/li>\n<li data-start=\"769\" data-end=\"817\">Ob\u011bd.<\/li>\n<li data-start=\"769\" data-end=\"817\"><strong>\u041f\u0430\u043d\u043e\u0440\u0430\u043c\u0430 \u041e\u0440\u0442\u0430\u0445\u0438\u0441\u0430\u0440\u0430<\/strong>. \u041a\u0440\u0435\u043f\u043e\u0441\u0442\u044c \u0432\u044b\u0441\u043e\u0442\u043e\u0439 86 \u043c\u0435\u0442\u0440\u043e\u0432, \u0432\u043e\u0437\u0432\u044b\u0448\u0430\u0435\u0442\u0441\u044f \u043d\u0430\u0434 \u043e\u043a\u0440\u0443\u0433\u043e\u0439.<\/li>\n<li data-start=\"769\" data-end=\"817\"><strong>\u041f\u043e\u0441\u0435\u0449\u0435\u043d\u0438\u0435 \u0433\u043e\u0440\u043e\u0434\u0430-\u043a\u0440\u0435\u043f\u043e\u0441\u0442\u0438 \u0423\u0447\u0445\u0438\u0441\u0430\u0440.<\/strong><\/li>\n<li data-start=\"769\" data-end=\"817\"><strong>\u041f\u0430\u043d\u043e\u0440\u0430\u043c\u043d\u0430\u044f \u043e\u0441\u0442\u0430\u043d\u043e\u0432\u043a\u0430 \u043d\u0430\u0434 \u0434\u043e\u043b\u0438\u043d\u043e\u0439 \u0413\u0451\u0440\u0435\u043c\u0435.<\/strong><\/li>\n<li data-start=\"769\" data-end=\"817\"><strong>\u041f\u0440\u043e\u0433\u0443\u043b\u043a\u0430 \u043f\u043e \u0441\u043a\u0430\u043b\u044c\u043d\u043e\u043c\u0443 \u0433\u043e\u0440\u043e\u0434\u0443 \u0427\u0430\u0432\u0443\u0448\u0438\u043d<\/strong>. \u0417\u0434\u0435\u0441\u044c \u043d\u0430\u0445\u043e\u0434\u0438\u0442\u0441\u044f \u0446\u0435\u0440\u043a\u043e\u0432\u044c \u0418\u043e\u0430\u043d\u043d\u0430 \u041a\u0440\u0435\u0441\u0442\u0438\u0442\u0435\u043b\u044f, \u0432\u044b\u0440\u0435\u0437\u0430\u043d\u043d\u0430\u044f \u0432 \u0441\u043a\u0430\u043b\u0435.<\/li>\n<li data-start=\"769\" data-end=\"817\"><strong>\u0417\u0430\u0441\u0435\u043b\u0435\u043d\u0438\u0435 \u0432 4-\u0437\u0432\u0435\u0437\u0434\u043e\u0447\u043d\u044b\u0439 \u043e\u0442\u0435\u043b\u044c.<\/strong><\/li>\n<li data-start=\"769\" data-end=\"817\">\u0423\u0436\u0438\u043d \u0432 \u043e\u0442\u0435\u043b\u0435 (\u0448\u0432\u0435\u0434\u0441\u043a\u0438\u0439 \u0441\u0442\u043e\u043b).<\/li>\n<li data-start=\"769\" data-end=\"817\">\u0422\u0443\u0440\u0435\u0446\u043a\u0430\u044f \u043d\u043e\u0447\u044c (\u043f\u043e \u0436\u0435\u043b\u0430\u043d\u0438\u044e). \u0412\u0435\u0447\u0435\u0440\u043d\u044f\u044f \u0448\u043e\u0443-\u043f\u0440\u043e\u0433\u0440\u0430\u043c\u043c\u0430 \u0441 \u043d\u0430\u043f\u0438\u0442\u043a\u0430\u043c\u0438 \u0438 \u0443\u0433\u043e\u0449\u0435\u043d\u0438\u044f\u043c\u0438.<\/li>\n<\/ul>\n<p><strong>Den 2<\/strong><\/p>\n<ul>\n<li data-start=\"1425\" data-end=\"1538\">\u041d\u0430 \u0440\u0430\u0441\u0441\u0432\u0435\u0442\u0435 \u2014 \u043f\u043e\u0435\u0437\u0434\u043a\u0430 \u043d\u0430 \u043f\u0430\u0440\u0430\u0434 \u0432\u043e\u0437\u0434\u0443\u0448\u043d\u044b\u0445 \u0448\u0430\u0440\u043e\u0432 \u0438\u043b\u0438 \u043f\u043e\u043b\u0451\u0442 \u043d\u0430 \u0432\u043e\u0437\u0434\u0443\u0448\u043d\u043e\u043c \u0448\u0430\u0440\u0435 (\u043f\u043e \u0436\u0435\u043b\u0430\u043d\u0438\u044e, \u0437\u0430 \u0434\u043e\u043f\u043e\u043b\u043d\u0438\u0442\u0435\u043b\u044c\u043d\u0443\u044e \u043f\u043b\u0430\u0442\u0443).<\/li>\n<li data-start=\"1425\" data-end=\"1538\">\u0412\u043e\u0437\u0432\u0440\u0430\u0449\u0435\u043d\u0438\u0435 \u0432 \u043e\u0442\u0435\u043b\u044c.<\/li>\n<li data-start=\"1425\" data-end=\"1538\">\u0417\u0430\u0432\u0442\u0440\u0430\u043a.<\/li>\n<li data-start=\"1425\" data-end=\"1538\"><strong>\u042d\u043a\u0441\u043a\u0443\u0440\u0441\u0438\u044f \u043f\u043e \u0420\u043e\u0437\u043e\u0432\u043e\u0439 \u0434\u043e\u043b\u0438\u043d\u0435 (\u0414\u0435\u0440\u0432\u0435\u043d\u0442)<\/strong>. \u041f\u0440\u0438\u0440\u043e\u0434\u043d\u044b\u0435 \u0441\u043a\u0430\u043b\u044c\u043d\u044b\u0435 \u0444\u0438\u0433\u0443\u0440\u044b \u043d\u0430\u043f\u043e\u043c\u0438\u043d\u0430\u044e\u0442 \u043b\u044e\u0434\u0435\u0439 \u0438 \u0436\u0438\u0432\u043e\u0442\u043d\u044b\u0445.<\/li>\n<li data-start=\"1425\" data-end=\"1538\"><strong>\u041f\u043e\u0441\u0435\u0449\u0435\u043d\u0438\u0435 \u0433\u043e\u043d\u0447\u0430\u0440\u043d\u043e\u0439 \u043c\u0430\u0441\u0442\u0435\u0440\u0441\u043a\u043e\u0439.<\/strong><\/li>\n<li data-start=\"1425\" data-end=\"1538\"><strong>\u041f\u043e\u0441\u0435\u0449\u0435\u043d\u0438\u0435 \u043c\u0430\u0441\u0442\u0435\u0440\u0441\u043a\u043e\u0439 \u043f\u043e \u043e\u0431\u0440\u0430\u0431\u043e\u0442\u043a\u0435 \u043e\u043d\u0438\u043a\u0441\u0430.<\/strong><\/li>\n<li data-start=\"1425\" data-end=\"1538\">Ob\u011bd.<\/li>\n<\/ul>\n<p><strong>19:00 - N\u00e1vrat do hotelu.<\/strong><\/p>\n<p><strong>V\u010detn\u011b:<\/strong><\/p>\n<ul>\n<li>Transfery z hotelu a do hotelu<\/li>\n<li>Transfery v pohodln\u00e9m klimatizovan\u00e9m autobuse<\/li>\n<li>rusky mluv\u00edc\u00ed pr\u016fvodce<\/li>\n<li>Poji\u0161t\u011bn\u00ed<\/li>\n<li>\u041d\u043e\u0447\u044c \u0432 \u043e\u0442\u0435\u043b\u0435 4*<\/li>\n<li>\u041f\u0438\u0442\u0430\u043d\u0438\u0435: 1\u0439 \u0434\u0435\u043d\u044c \u2014 \u0443\u0436\u0438\u043d, 2\u0439 \u2014 \u0434\u0435\u043d\u044c \u0437\u0430\u0432\u0442\u0440\u0430\u043a<\/li>\n<\/ul>\n<p><strong>Nen\u00ed sou\u010d\u00e1st\u00ed dod\u00e1vky:<\/strong><\/p>\n<ul>\n<li>Let bal\u00f3nem p\u0159i v\u00fdchodu slunce (voliteln\u011b, +250$ na osobu)<\/li>\n<li>\u0422\u0440\u0430\u043d\u0441\u0444\u0435\u0440\u044b \u043d\u0430 \u043f\u0430\u0440\u0430\u0434 \u0432\u043e\u0437\u0434\u0443\u0448\u043d\u044b\u0445 \u0448\u0430\u0440\u043e\u0432<\/li>\n<li>Ob\u011bdy v restauraci<\/li>\n<li>\u0428\u043e\u0443 \u0422\u0443\u0440\u0435\u0446\u043a\u0430\u044f \u043d\u043e\u0447\u044c<\/li>\n<li>\u0412\u0445\u043e\u0434\u043d\u044b\u0435 \u0431\u0438\u043b\u0435\u0442\u044b \u0432 \u043f\u0430\u0440\u043a \u0413\u0435\u0440\u0435\u043c\u0435<\/li>\n<\/ul>\n<p><strong>Vezm\u011bte si ji s sebou:<\/strong><\/p>\n<ul>\n<li>Sn\u00eddan\u011b s sebou (na recepci hotelu vysv\u011btlete, \u017ee brzy r\u00e1no odj\u00ed\u017ed\u00edte na v\u00fdlet a pot\u0159ebujete si p\u0159ipravit ob\u011bdov\u00fd box, hotely tuto slu\u017ebu poskytuj\u00ed zdarma).<\/li>\n<li>Voda<\/li>\n<li>Pohodln\u00e1 obuv<\/li>\n<li>Fotoapar\u00e1t<\/li>\n<li>Pen\u00edze na osobn\u00ed v\u00fddaje<\/li>\n<\/ul>","protected":false},"excerpt":{"rendered":"<p><strong>Doba prohl\u00eddky:<\/strong> 2:00 \u2014 19:00<\/p>\n<p><strong>Dny zadr\u017een\u00ed:<\/strong>\u00a0Pond\u011bl\u00ed, \u010dtvrtek, sobota<\/p>","protected":false},"featured_media":42502,"template":"","meta":{"_kad_post_transparent":"default","_kad_post_title":"","_kad_post_layout":"default","_kad_post_sidebar_id":"","_kad_post_content_style":"default","_kad_post_vertical_padding":"default","_kad_post_feature":"","_kad_post_feature_position":"","_kad_post_header":false,"_kad_post_footer":false,"_kad_post_classname":"","_glsr_average":0,"_glsr_ranking":0,"_glsr_reviews":0},"product_brand":[],"product_cat":[448],"product_tag":[],"class_list":{"0":"post-42498","1":"product","2":"type-product","3":"status-publish","4":"has-post-thumbnail","6":"product_cat-kemer","7":"tm-has-options","9":"first","10":"instock","11":"sold-individually","12":"taxable","13":"shipping-taxable","14":"purchasable","15":"product-type-simple","16":"entry","17":"content-bg","18":"loop-entry"},"yoast_head":"<!-- This site is optimized with the Yoast SEO plugin v27.3 - https:\/\/yoast.com\/product\/yoast-seo-wordpress\/ -->\n<title>\u041a\u0430\u043f\u043f\u0430\u0434\u043e\u043a\u0438\u044f \u0438\u0437 \u041a\u0435\u043c\u0435\u0440\u0430 &#8226; \u042d\u043a\u0441\u043a\u0443\u0440\u0441\u0438\u0438 Skyline<\/title>\n<meta name=\"description\" content=\"\u0414\u0432\u0430 \u043d\u0430\u0441\u044b\u0449\u0435\u043d\u043d\u044b\u0445 \u0434\u043d\u044f \u0441\u0440\u0435\u0434\u0438 \u043d\u0435\u043e\u0431\u044b\u0447\u043d\u044b\u0445 \u043f\u0435\u0439\u0437\u0430\u0436\u0435\u0439 \u0438 \u0434\u0440\u0435\u0432\u043d\u0438\u0445 \u0441\u043a\u0430\u043b\u044c\u043d\u044b\u0445 \u0433\u043e\u0440\u043e\u0434\u043e\u0432. \u041a\u0430\u043f\u043f\u0430\u0434\u043e\u043a\u0438\u044f \u2014 \u0440\u0435\u0433\u0438\u043e\u043d, \u0433\u0434\u0435 \u043f\u0440\u0438\u0440\u043e\u0434\u0430 \u0438 \u0438\u0441\u0442\u043e\u0440\u0438\u044f \u0441\u043e\u0437\u0434\u0430\u043b\u0438 \u043d\u0435\u043f\u043e\u0432\u0442\u043e\u0440\u0438\u043c\u0443\u044e \u0430\u0442\u043c\u043e\u0441\u0444\u0435\u0440\u0443.\" \/>\n<meta name=\"robots\" content=\"index, follow, max-snippet:-1, max-image-preview:large, max-video-preview:-1\" \/>\n<link rel=\"canonical\" href=\"https:\/\/skyline-gs.com\/cs\/produkt\/cappadocia-2-days-kemer\/\" \/>\n<meta property=\"og:locale\" content=\"cs_CZ\" \/>\n<meta property=\"og:type\" content=\"article\" \/>\n<meta property=\"og:title\" content=\"\u041a\u0430\u043f\u043f\u0430\u0434\u043e\u043a\u0438\u044f \u0438\u0437 \u041a\u0435\u043c\u0435\u0440\u0430 &#8226; \u042d\u043a\u0441\u043a\u0443\u0440\u0441\u0438\u0438 Skyline\" \/>\n<meta property=\"og:description\" content=\"\u0414\u0432\u0430 \u043d\u0430\u0441\u044b\u0449\u0435\u043d\u043d\u044b\u0445 \u0434\u043d\u044f \u0441\u0440\u0435\u0434\u0438 \u043d\u0435\u043e\u0431\u044b\u0447\u043d\u044b\u0445 \u043f\u0435\u0439\u0437\u0430\u0436\u0435\u0439 \u0438 \u0434\u0440\u0435\u0432\u043d\u0438\u0445 \u0441\u043a\u0430\u043b\u044c\u043d\u044b\u0445 \u0433\u043e\u0440\u043e\u0434\u043e\u0432. \u041a\u0430\u043f\u043f\u0430\u0434\u043e\u043a\u0438\u044f \u2014 \u0440\u0435\u0433\u0438\u043e\u043d, \u0433\u0434\u0435 \u043f\u0440\u0438\u0440\u043e\u0434\u0430 \u0438 \u0438\u0441\u0442\u043e\u0440\u0438\u044f \u0441\u043e\u0437\u0434\u0430\u043b\u0438 \u043d\u0435\u043f\u043e\u0432\u0442\u043e\u0440\u0438\u043c\u0443\u044e \u0430\u0442\u043c\u043e\u0441\u0444\u0435\u0440\u0443.\" \/>\n<meta property=\"og:url\" content=\"https:\/\/skyline-gs.com\/cs\/produkt\/cappadocia-2-days-kemer\/\" \/>\n<meta property=\"og:site_name\" content=\"\u042d\u043a\u0441\u043a\u0443\u0440\u0441\u0438\u0438 Skyline\" \/>\n<meta property=\"article:modified_time\" content=\"2025-06-16T21:29:32+00:00\" \/>\n<meta property=\"og:image\" content=\"https:\/\/skyline-gs.com\/wp-content\/uploads\/2023\/07\/4-2.png\" \/>\n\t<meta property=\"og:image:width\" content=\"669\" \/>\n\t<meta property=\"og:image:height\" content=\"446\" \/>\n\t<meta property=\"og:image:type\" content=\"image\/png\" \/>\n<meta name=\"twitter:card\" content=\"summary_large_image\" \/>\n<meta name=\"twitter:label1\" content=\"Odhadovan\u00e1 doba \u010dten\u00ed\" \/>\n\t<meta name=\"twitter:data1\" content=\"2 minuty\" \/>\n<script type=\"application\/ld+json\" class=\"yoast-schema-graph\">{\"@context\":\"https:\\\/\\\/schema.org\",\"@graph\":[{\"@type\":\"WebPage\",\"@id\":\"https:\\\/\\\/skyline-gs.com\\\/fr\\\/produit\\\/cappadocia-2-days-kemer\\\/\",\"url\":\"https:\\\/\\\/skyline-gs.com\\\/fr\\\/produit\\\/cappadocia-2-days-kemer\\\/\",\"name\":\"\u041a\u0430\u043f\u043f\u0430\u0434\u043e\u043a\u0438\u044f \u0438\u0437 \u041a\u0435\u043c\u0435\u0440\u0430 &#8226; \u042d\u043a\u0441\u043a\u0443\u0440\u0441\u0438\u0438 Skyline\",\"isPartOf\":{\"@id\":\"https:\\\/\\\/skyline-gs.com\\\/it\\\/#website\"},\"primaryImageOfPage\":{\"@id\":\"https:\\\/\\\/skyline-gs.com\\\/fr\\\/produit\\\/cappadocia-2-days-kemer\\\/#primaryimage\"},\"image\":{\"@id\":\"https:\\\/\\\/skyline-gs.com\\\/fr\\\/produit\\\/cappadocia-2-days-kemer\\\/#primaryimage\"},\"thumbnailUrl\":\"https:\\\/\\\/skyline-gs.com\\\/wp-content\\\/uploads\\\/2023\\\/07\\\/4-2.png\",\"datePublished\":\"2023-07-12T20:07:29+00:00\",\"dateModified\":\"2025-06-16T21:29:32+00:00\",\"description\":\"\u0414\u0432\u0430 \u043d\u0430\u0441\u044b\u0449\u0435\u043d\u043d\u044b\u0445 \u0434\u043d\u044f \u0441\u0440\u0435\u0434\u0438 \u043d\u0435\u043e\u0431\u044b\u0447\u043d\u044b\u0445 \u043f\u0435\u0439\u0437\u0430\u0436\u0435\u0439 \u0438 \u0434\u0440\u0435\u0432\u043d\u0438\u0445 \u0441\u043a\u0430\u043b\u044c\u043d\u044b\u0445 \u0433\u043e\u0440\u043e\u0434\u043e\u0432. \u041a\u0430\u043f\u043f\u0430\u0434\u043e\u043a\u0438\u044f \u2014 \u0440\u0435\u0433\u0438\u043e\u043d, \u0433\u0434\u0435 \u043f\u0440\u0438\u0440\u043e\u0434\u0430 \u0438 \u0438\u0441\u0442\u043e\u0440\u0438\u044f \u0441\u043e\u0437\u0434\u0430\u043b\u0438 \u043d\u0435\u043f\u043e\u0432\u0442\u043e\u0440\u0438\u043c\u0443\u044e \u0430\u0442\u043c\u043e\u0441\u0444\u0435\u0440\u0443.\",\"breadcrumb\":{\"@id\":\"https:\\\/\\\/skyline-gs.com\\\/fr\\\/produit\\\/cappadocia-2-days-kemer\\\/#breadcrumb\"},\"inLanguage\":\"cs\",\"potentialAction\":[{\"@type\":\"ReadAction\",\"target\":[\"https:\\\/\\\/skyline-gs.com\\\/fr\\\/produit\\\/cappadocia-2-days-kemer\\\/\"]}]},{\"@type\":\"ImageObject\",\"inLanguage\":\"cs\",\"@id\":\"https:\\\/\\\/skyline-gs.com\\\/fr\\\/produit\\\/cappadocia-2-days-kemer\\\/#primaryimage\",\"url\":\"https:\\\/\\\/skyline-gs.com\\\/wp-content\\\/uploads\\\/2023\\\/07\\\/4-2.png\",\"contentUrl\":\"https:\\\/\\\/skyline-gs.com\\\/wp-content\\\/uploads\\\/2023\\\/07\\\/4-2.png\",\"width\":669,\"height\":446},{\"@type\":\"BreadcrumbList\",\"@id\":\"https:\\\/\\\/skyline-gs.com\\\/fr\\\/produit\\\/cappadocia-2-days-kemer\\\/#breadcrumb\",\"itemListElement\":[{\"@type\":\"ListItem\",\"position\":1,\"name\":\"\u0413\u043b\u0430\u0432\u043d\u0430\u044f \u0441\u0442\u0440\u0430\u043d\u0438\u0446\u0430\",\"item\":\"https:\\\/\\\/skyline-gs.com\\\/hu\\\/\"},{\"@type\":\"ListItem\",\"position\":2,\"name\":\"\u041c\u0430\u0433\u0430\u0437\u0438\u043d\",\"item\":\"https:\\\/\\\/skyline-gs.com\\\/cs\\\/shop\\\/\"},{\"@type\":\"ListItem\",\"position\":3,\"name\":\"\u041a\u0430\u043f\u043f\u0430\u0434\u043e\u043a\u0438\u044f 2 \u0434\u043d\u044f\"}]},{\"@type\":\"WebSite\",\"@id\":\"https:\\\/\\\/skyline-gs.com\\\/it\\\/#website\",\"url\":\"https:\\\/\\\/skyline-gs.com\\\/it\\\/\",\"name\":\"\u042d\u043a\u0441\u043a\u0443\u0440\u0441\u0438\u0438 Skyline\",\"description\":\"\u042d\u043a\u0441\u043a\u043b\u044e\u0437\u0438\u0432\u043d\u044b\u0435 \u044d\u043a\u0441\u043a\u0443\u0440\u0441\u0438\u0438 \u043d\u0430 \u043b\u0443\u0447\u0448\u0438\u0445 \u043a\u0443\u0440\u043e\u0440\u0442\u0430\u0445 \u043c\u0438\u0440\u0430\",\"publisher\":{\"@id\":\"https:\\\/\\\/skyline-gs.com\\\/it\\\/#organization\"},\"alternateName\":\"Skyline\",\"potentialAction\":[{\"@type\":\"SearchAction\",\"target\":{\"@type\":\"EntryPoint\",\"urlTemplate\":\"https:\\\/\\\/skyline-gs.com\\\/it\\\/?s={search_term_string}\"},\"query-input\":{\"@type\":\"PropertyValueSpecification\",\"valueRequired\":true,\"valueName\":\"search_term_string\"}}],\"inLanguage\":\"cs\"},{\"@type\":\"Organization\",\"@id\":\"https:\\\/\\\/skyline-gs.com\\\/it\\\/#organization\",\"name\":\"\u042d\u043a\u0441\u043a\u0443\u0440\u0441\u0438\u0438 Skyline\",\"alternateName\":\"\u042d\u043a\u0441\u043a\u0443\u0440\u0441\u0438\u0438 Skyline\",\"url\":\"https:\\\/\\\/skyline-gs.com\\\/it\\\/\",\"logo\":{\"@type\":\"ImageObject\",\"inLanguage\":\"cs\",\"@id\":\"https:\\\/\\\/skyline-gs.com\\\/it\\\/#\\\/schema\\\/logo\\\/image\\\/\",\"url\":\"https:\\\/\\\/skyline-gs.com\\\/wp-content\\\/uploads\\\/2020\\\/12\\\/cropped-logo-2.png\",\"contentUrl\":\"https:\\\/\\\/skyline-gs.com\\\/wp-content\\\/uploads\\\/2020\\\/12\\\/cropped-logo-2.png\",\"width\":512,\"height\":512,\"caption\":\"\u042d\u043a\u0441\u043a\u0443\u0440\u0441\u0438\u0438 Skyline\"},\"image\":{\"@id\":\"https:\\\/\\\/skyline-gs.com\\\/it\\\/#\\\/schema\\\/logo\\\/image\\\/\"},\"sameAs\":[\"https:\\\/\\\/www.instagram.com\\\/skylineglobalservice\\\/\"]}]}<\/script>\n<!-- \/ Yoast SEO plugin. -->","yoast_head_json":{"title":"\u041a\u0430\u043f\u043f\u0430\u0434\u043e\u043a\u0438\u044f \u0438\u0437 \u041a\u0435\u043c\u0435\u0440\u0430 &#8226; \u042d\u043a\u0441\u043a\u0443\u0440\u0441\u0438\u0438 Skyline","description":"\u0414\u0432\u0430 \u043d\u0430\u0441\u044b\u0449\u0435\u043d\u043d\u044b\u0445 \u0434\u043d\u044f \u0441\u0440\u0435\u0434\u0438 \u043d\u0435\u043e\u0431\u044b\u0447\u043d\u044b\u0445 \u043f\u0435\u0439\u0437\u0430\u0436\u0435\u0439 \u0438 \u0434\u0440\u0435\u0432\u043d\u0438\u0445 \u0441\u043a\u0430\u043b\u044c\u043d\u044b\u0445 \u0433\u043e\u0440\u043e\u0434\u043e\u0432. \u041a\u0430\u043f\u043f\u0430\u0434\u043e\u043a\u0438\u044f \u2014 \u0440\u0435\u0433\u0438\u043e\u043d, \u0433\u0434\u0435 \u043f\u0440\u0438\u0440\u043e\u0434\u0430 \u0438 \u0438\u0441\u0442\u043e\u0440\u0438\u044f \u0441\u043e\u0437\u0434\u0430\u043b\u0438 \u043d\u0435\u043f\u043e\u0432\u0442\u043e\u0440\u0438\u043c\u0443\u044e \u0430\u0442\u043c\u043e\u0441\u0444\u0435\u0440\u0443.","robots":{"index":"index","follow":"follow","max-snippet":"max-snippet:-1","max-image-preview":"max-image-preview:large","max-video-preview":"max-video-preview:-1"},"canonical":"https:\/\/skyline-gs.com\/cs\/produkt\/cappadocia-2-days-kemer\/","og_locale":"cs_CZ","og_type":"article","og_title":"\u041a\u0430\u043f\u043f\u0430\u0434\u043e\u043a\u0438\u044f \u0438\u0437 \u041a\u0435\u043c\u0435\u0440\u0430 &#8226; \u042d\u043a\u0441\u043a\u0443\u0440\u0441\u0438\u0438 Skyline","og_description":"\u0414\u0432\u0430 \u043d\u0430\u0441\u044b\u0449\u0435\u043d\u043d\u044b\u0445 \u0434\u043d\u044f \u0441\u0440\u0435\u0434\u0438 \u043d\u0435\u043e\u0431\u044b\u0447\u043d\u044b\u0445 \u043f\u0435\u0439\u0437\u0430\u0436\u0435\u0439 \u0438 \u0434\u0440\u0435\u0432\u043d\u0438\u0445 \u0441\u043a\u0430\u043b\u044c\u043d\u044b\u0445 \u0433\u043e\u0440\u043e\u0434\u043e\u0432. \u041a\u0430\u043f\u043f\u0430\u0434\u043e\u043a\u0438\u044f \u2014 \u0440\u0435\u0433\u0438\u043e\u043d, \u0433\u0434\u0435 \u043f\u0440\u0438\u0440\u043e\u0434\u0430 \u0438 \u0438\u0441\u0442\u043e\u0440\u0438\u044f \u0441\u043e\u0437\u0434\u0430\u043b\u0438 \u043d\u0435\u043f\u043e\u0432\u0442\u043e\u0440\u0438\u043c\u0443\u044e \u0430\u0442\u043c\u043e\u0441\u0444\u0435\u0440\u0443.","og_url":"https:\/\/skyline-gs.com\/cs\/produkt\/cappadocia-2-days-kemer\/","og_site_name":"\u042d\u043a\u0441\u043a\u0443\u0440\u0441\u0438\u0438 Skyline","article_modified_time":"2025-06-16T21:29:32+00:00","og_image":[{"width":669,"height":446,"url":"https:\/\/skyline-gs.com\/wp-content\/uploads\/2023\/07\/4-2.png","type":"image\/png"}],"twitter_card":"summary_large_image","twitter_misc":{"Odhadovan\u00e1 doba \u010dten\u00ed":"2 minuty"},"schema":{"@context":"https:\/\/schema.org","@graph":[{"@type":"WebPage","@id":"https:\/\/skyline-gs.com\/fr\/produit\/cappadocia-2-days-kemer\/","url":"https:\/\/skyline-gs.com\/fr\/produit\/cappadocia-2-days-kemer\/","name":"\u041a\u0430\u043f\u043f\u0430\u0434\u043e\u043a\u0438\u044f \u0438\u0437 \u041a\u0435\u043c\u0435\u0440\u0430 &#8226; \u042d\u043a\u0441\u043a\u0443\u0440\u0441\u0438\u0438 Skyline","isPartOf":{"@id":"https:\/\/skyline-gs.com\/it\/#website"},"primaryImageOfPage":{"@id":"https:\/\/skyline-gs.com\/fr\/produit\/cappadocia-2-days-kemer\/#primaryimage"},"image":{"@id":"https:\/\/skyline-gs.com\/fr\/produit\/cappadocia-2-days-kemer\/#primaryimage"},"thumbnailUrl":"https:\/\/skyline-gs.com\/wp-content\/uploads\/2023\/07\/4-2.png","datePublished":"2023-07-12T20:07:29+00:00","dateModified":"2025-06-16T21:29:32+00:00","description":"\u0414\u0432\u0430 \u043d\u0430\u0441\u044b\u0449\u0435\u043d\u043d\u044b\u0445 \u0434\u043d\u044f \u0441\u0440\u0435\u0434\u0438 \u043d\u0435\u043e\u0431\u044b\u0447\u043d\u044b\u0445 \u043f\u0435\u0439\u0437\u0430\u0436\u0435\u0439 \u0438 \u0434\u0440\u0435\u0432\u043d\u0438\u0445 \u0441\u043a\u0430\u043b\u044c\u043d\u044b\u0445 \u0433\u043e\u0440\u043e\u0434\u043e\u0432. \u041a\u0430\u043f\u043f\u0430\u0434\u043e\u043a\u0438\u044f \u2014 \u0440\u0435\u0433\u0438\u043e\u043d, \u0433\u0434\u0435 \u043f\u0440\u0438\u0440\u043e\u0434\u0430 \u0438 \u0438\u0441\u0442\u043e\u0440\u0438\u044f \u0441\u043e\u0437\u0434\u0430\u043b\u0438 \u043d\u0435\u043f\u043e\u0432\u0442\u043e\u0440\u0438\u043c\u0443\u044e \u0430\u0442\u043c\u043e\u0441\u0444\u0435\u0440\u0443.","breadcrumb":{"@id":"https:\/\/skyline-gs.com\/fr\/produit\/cappadocia-2-days-kemer\/#breadcrumb"},"inLanguage":"cs","potentialAction":[{"@type":"ReadAction","target":["https:\/\/skyline-gs.com\/fr\/produit\/cappadocia-2-days-kemer\/"]}]},{"@type":"ImageObject","inLanguage":"cs","@id":"https:\/\/skyline-gs.com\/fr\/produit\/cappadocia-2-days-kemer\/#primaryimage","url":"https:\/\/skyline-gs.com\/wp-content\/uploads\/2023\/07\/4-2.png","contentUrl":"https:\/\/skyline-gs.com\/wp-content\/uploads\/2023\/07\/4-2.png","width":669,"height":446},{"@type":"BreadcrumbList","@id":"https:\/\/skyline-gs.com\/fr\/produit\/cappadocia-2-days-kemer\/#breadcrumb","itemListElement":[{"@type":"ListItem","position":1,"name":"\u0413\u043b\u0430\u0432\u043d\u0430\u044f \u0441\u0442\u0440\u0430\u043d\u0438\u0446\u0430","item":"https:\/\/skyline-gs.com\/hu\/"},{"@type":"ListItem","position":2,"name":"\u041c\u0430\u0433\u0430\u0437\u0438\u043d","item":"https:\/\/skyline-gs.com\/cs\/shop\/"},{"@type":"ListItem","position":3,"name":"\u041a\u0430\u043f\u043f\u0430\u0434\u043e\u043a\u0438\u044f 2 \u0434\u043d\u044f"}]},{"@type":"WebSite","@id":"https:\/\/skyline-gs.com\/it\/#website","url":"https:\/\/skyline-gs.com\/it\/","name":"Skyline V\u00fdlety","description":"Exkluzivn\u00ed v\u00fdlety do nejlep\u0161\u00edch sv\u011btov\u00fdch letovisek","publisher":{"@id":"https:\/\/skyline-gs.com\/it\/#organization"},"alternateName":"Skyline","potentialAction":[{"@type":"SearchAction","target":{"@type":"EntryPoint","urlTemplate":"https:\/\/skyline-gs.com\/it\/?s={search_term_string}"},"query-input":{"@type":"PropertyValueSpecification","valueRequired":true,"valueName":"search_term_string"}}],"inLanguage":"cs"},{"@type":"Organization","@id":"https:\/\/skyline-gs.com\/it\/#organization","name":"Skyline V\u00fdlety","alternateName":"\u042d\u043a\u0441\u043a\u0443\u0440\u0441\u0438\u0438 Skyline","url":"https:\/\/skyline-gs.com\/it\/","logo":{"@type":"ImageObject","inLanguage":"cs","@id":"https:\/\/skyline-gs.com\/it\/#\/schema\/logo\/image\/","url":"https:\/\/skyline-gs.com\/wp-content\/uploads\/2020\/12\/cropped-logo-2.png","contentUrl":"https:\/\/skyline-gs.com\/wp-content\/uploads\/2020\/12\/cropped-logo-2.png","width":512,"height":512,"caption":"\u042d\u043a\u0441\u043a\u0443\u0440\u0441\u0438\u0438 Skyline"},"image":{"@id":"https:\/\/skyline-gs.com\/it\/#\/schema\/logo\/image\/"},"sameAs":["https:\/\/www.instagram.com\/skylineglobalservice\/"]}]}},"_links":{"self":[{"href":"https:\/\/skyline-gs.com\/cs\/wp-json\/wp\/v2\/product\/42498","targetHints":{"allow":["GET"]}}],"collection":[{"href":"https:\/\/skyline-gs.com\/cs\/wp-json\/wp\/v2\/product"}],"about":[{"href":"https:\/\/skyline-gs.com\/cs\/wp-json\/wp\/v2\/types\/product"}],"version-history":[{"count":0,"href":"https:\/\/skyline-gs.com\/cs\/wp-json\/wp\/v2\/product\/42498\/revisions"}],"wp:featuredmedia":[{"embeddable":true,"href":"https:\/\/skyline-gs.com\/cs\/wp-json\/wp\/v2\/media\/42502"}],"wp:attachment":[{"href":"https:\/\/skyline-gs.com\/cs\/wp-json\/wp\/v2\/media?parent=42498"}],"wp:term":[{"taxonomy":"product_brand","embeddable":true,"href":"https:\/\/skyline-gs.com\/cs\/wp-json\/wp\/v2\/product_brand?post=42498"},{"taxonomy":"product_cat","embeddable":true,"href":"https:\/\/skyline-gs.com\/cs\/wp-json\/wp\/v2\/product_cat?post=42498"},{"taxonomy":"product_tag","embeddable":true,"href":"https:\/\/skyline-gs.com\/cs\/wp-json\/wp\/v2\/product_tag?post=42498"}],"curies":[{"name":"wp","href":"https:\/\/api.w.org\/{rel}","templated":true}]}}