{"id":42256,"date":"2023-02-15T09:25:36","date_gmt":"2023-02-15T07:25:36","guid":{"rendered":"http:\/\/skyline-gs.com\/?post_type=product&#038;p=42256"},"modified":"2026-03-09T23:39:49","modified_gmt":"2026-03-09T21:39:49","slug":"privat-sigiriya-srilanka","status":"publish","type":"product","link":"https:\/\/skyline-gs.com\/cs\/product\/privat-sigiriya-srilanka\/","title":{"rendered":"\u0418\u043d\u0434\u0438\u0432\u0438\u0434\u0443\u0430\u043b\u044c\u043d\u044b\u0439 \u0442\u0443\u0440: \u041b\u0430\u043d\u043a\u0438\u0439\u0441\u043a\u0438\u0439 \u044d\u043a\u0441\u043f\u0440\u0435\u0441\u0441 2 \u0434\u043d\u044f"},"content":{"rendered":"<p><strong>Den 1<\/strong><\/p>\n<ul>\n<li>Odjezd z hotelu kolem 3:00, \u010das se m\u016f\u017ee li\u0161it v z\u00e1vislosti na poloze hotelu.<\/li>\n<li>Mal\u00fd Adam\u016fv vrchol (30 minut v\u00fdstupu)<\/li>\n<li>Vodop\u00e1d Ravana (ve vodop\u00e1du se m\u016f\u017eete koupat a po\u0159izovat kr\u00e1sn\u00e9 fotografie)<\/li>\n<li>Most Nine Oaks Bridge je jedn\u00edm z nejzn\u00e1m\u011bj\u0161\u00edch a \"instagramovateln\u00fdch\" most\u016f na sv\u011bt\u011b.<\/li>\n<li>Vlak (30-40 minut) s n\u00e1dhern\u00fdm v\u00fdhledem na hory. Pr\u00e1v\u011b odtud poch\u00e1zej\u00ed slavn\u00e9 fotografie ze Sr\u00ed Lanky.<\/li>\n<li>Prohl\u00eddka m\u011bsta Nuwara Eliya. Na star\u00e9 koloni\u00e1ln\u00ed po\u0161t\u011b (ve v\u0161edn\u00ed dny) si m\u016f\u017eete nechat poslat dom\u016f pohlednice.<\/li>\n<li>\u010cajov\u00e1 plant\u00e1\u017e a tov\u00e1rna na \u010daj. Ochutnejte 12 druh\u016f \u010daje, pod\u00edvejte se, jak se \u010daj vyr\u00e1b\u00ed od sb\u011bru a\u017e po balen\u00ed. Na \u010dajov\u00e9 plant\u00e1\u017ei si m\u016f\u017eete po\u0159\u00eddit par\u00e1dn\u00ed fotografie s ko\u0161\u00edky.<\/li>\n<li>Ve\u010de\u0159e (formou bufetu)<\/li>\n<li>P\u0159enocov\u00e1n\u00ed v hotelu Tea Bush Ramboda, balkony s panoramatick\u00fdm v\u00fdhledem na hory z pokoje a v\u00fdhledem na vodop\u00e1d z j\u00eddelny, kde si m\u016f\u017eete po\u0159\u00eddit kr\u00e1sn\u00e9 fotografie.<\/li>\n<\/ul>\n<p><strong>Den 2<\/strong><\/p>\n<ul>\n<li>Sn\u00eddan\u011b (formou bufetu)<\/li>\n<li>Ambuluwawa<\/li>\n<li>Hinduistick\u00fd chr\u00e1m Matalle<\/li>\n<li>Zlat\u00fd chr\u00e1m v Dambulle (15 min)<\/li>\n<li>N\u00e1v\u0161t\u011bva slona (slona m\u016f\u017eete nakrmit, dotknout se ho a vyfotit se s n\u00edm).<\/li>\n<li>Sigiriya (v\u00fdstup na vrchol)<\/li>\n<li>N\u00e1vrat do hotelu kolem 23:30, \u010das se m\u016f\u017ee li\u0161it v z\u00e1vislosti na poloze hotelu.<\/li>\n<\/ul>\n<p><strong>V\u010detn\u011b:<\/strong><\/p>\n<ul>\n<li>transfery do hotelu a zp\u011bt (vyzvednut\u00ed ve v\u0161ech hotelech na ji\u017en\u00edm pob\u0159e\u017e\u00ed)<\/li>\n<li>V\u0161echny transfery v r\u00e1mci programu<\/li>\n<li>rusky mluv\u00edc\u00ed pr\u016fvodce<\/li>\n<li>V\u0161echny vstupenky podle programu<\/li>\n<li>P\u0159enocov\u00e1n\u00ed v hotelu Tea Bush Ramboda<\/li>\n<li>Stravov\u00e1n\u00ed: ve\u010de\u0159e a sn\u00eddan\u011b<\/li>\n<\/ul>\n<p><strong>Nen\u00ed sou\u010d\u00e1st\u00ed dod\u00e1vky:<\/strong><\/p>\n<ul>\n<li>Ob\u011bdy ( 5-10$ )<\/li>\n<li>P\u0159i obsazen\u00ed jednoho pokoje p\u0159\u00edplatek +25$<\/li>\n<\/ul>\n<p><strong>Vezm\u011bte si ji s sebou:<\/strong><\/p>\n<ul>\n<li>Sn\u00eddan\u011b na vlastn\u00ed p\u011bst (objednejte si v hotelu)<\/li>\n<li>Voda<\/li>\n<li>Pokr\u00fdvka hlavy<\/li>\n<li>Opalovac\u00ed kr\u00e9m<\/li>\n<li>Kapesn\u00e9<\/li>\n<\/ul>","protected":false},"excerpt":{"rendered":"<p><strong>D\u00e9lka prohl\u00eddky:<\/strong> 2 dny<\/p>\n<p><strong>Dny zadr\u017een\u00ed:<\/strong> denn\u011b<\/p>","protected":false},"featured_media":42257,"template":"","meta":{"_kad_post_transparent":"default","_kad_post_title":"","_kad_post_layout":"default","_kad_post_sidebar_id":"","_kad_post_content_style":"default","_kad_post_vertical_padding":"default","_kad_post_feature":"","_kad_post_feature_position":"","_kad_post_header":false,"_kad_post_footer":false,"_kad_post_classname":"","_glsr_average":0,"_glsr_ranking":0,"_glsr_reviews":0},"product_brand":[],"product_cat":[483],"product_tag":[],"class_list":{"0":"post-42256","1":"product","2":"type-product","3":"status-publish","4":"has-post-thumbnail","6":"product_cat-individual-srilanka","7":"tm-has-options","9":"first","10":"instock","11":"sold-individually","12":"taxable","13":"shipping-taxable","14":"purchasable","15":"product-type-simple","16":"entry","17":"content-bg","18":"loop-entry"},"yoast_head":"<!-- This site is optimized with the Yoast SEO plugin v27.3 - https:\/\/yoast.com\/product\/yoast-seo-wordpress\/ -->\n<title>\u0418\u043d\u0434\u0438\u0432\u0438\u0434\u0443\u0430\u043b\u044c\u043d\u044b\u0439 \u0442\u0443\u0440: \u041b\u0430\u043d\u043a\u0438\u0439\u0441\u043a\u0438\u0439 \u044d\u043a\u0441\u043f\u0440\u0435\u0441\u0441 2 \u0434\u043d\u044f &#8226; \u042d\u043a\u0441\u043a\u0443\u0440\u0441\u0438\u0438 Skyline<\/title>\n<meta name=\"robots\" content=\"index, follow, max-snippet:-1, max-image-preview:large, max-video-preview:-1\" \/>\n<link rel=\"canonical\" href=\"https:\/\/skyline-gs.com\/cs\/produkt\/privat-sigiriya-srilanka\/\" \/>\n<meta property=\"og:locale\" content=\"cs_CZ\" \/>\n<meta property=\"og:type\" content=\"article\" \/>\n<meta property=\"og:title\" content=\"\u0418\u043d\u0434\u0438\u0432\u0438\u0434\u0443\u0430\u043b\u044c\u043d\u044b\u0439 \u0442\u0443\u0440: \u041b\u0430\u043d\u043a\u0438\u0439\u0441\u043a\u0438\u0439 \u044d\u043a\u0441\u043f\u0440\u0435\u0441\u0441 2 \u0434\u043d\u044f &#8226; \u042d\u043a\u0441\u043a\u0443\u0440\u0441\u0438\u0438 Skyline\" \/>\n<meta property=\"og:description\" content=\"\u0414\u043b\u0438\u0442\u0435\u043b\u044c\u043d\u043e\u0441\u0442\u044c \u0442\u0443\u0440\u0430: 2 \u0434\u043d\u044f  \u0414\u043d\u0438 \u043f\u0440\u043e\u0432\u0435\u0434\u0435\u043d\u0438\u044f: \u0435\u0436\u0435\u0434\u043d\u0435\u0432\u043d\u043e\" \/>\n<meta property=\"og:url\" content=\"https:\/\/skyline-gs.com\/cs\/produkt\/privat-sigiriya-srilanka\/\" \/>\n<meta property=\"og:site_name\" content=\"\u042d\u043a\u0441\u043a\u0443\u0440\u0441\u0438\u0438 Skyline\" \/>\n<meta property=\"article:modified_time\" content=\"2026-03-09T21:39:49+00:00\" \/>\n<meta property=\"og:image\" content=\"https:\/\/skyline-gs.com\/wp-content\/uploads\/2023\/02\/mmm5.png\" \/>\n\t<meta property=\"og:image:width\" content=\"669\" \/>\n\t<meta property=\"og:image:height\" content=\"446\" \/>\n\t<meta property=\"og:image:type\" content=\"image\/png\" \/>\n<meta name=\"twitter:card\" content=\"summary_large_image\" \/>\n<meta name=\"twitter:label1\" content=\"Odhadovan\u00e1 doba \u010dten\u00ed\" \/>\n\t<meta name=\"twitter:data1\" content=\"2 minuty\" \/>\n<script type=\"application\/ld+json\" class=\"yoast-schema-graph\">{\"@context\":\"https:\\\/\\\/schema.org\",\"@graph\":[{\"@type\":\"WebPage\",\"@id\":\"https:\\\/\\\/skyline-gs.com\\\/product\\\/privat-sigiriya-srilanka\\\/\",\"url\":\"https:\\\/\\\/skyline-gs.com\\\/product\\\/privat-sigiriya-srilanka\\\/\",\"name\":\"\u0418\u043d\u0434\u0438\u0432\u0438\u0434\u0443\u0430\u043b\u044c\u043d\u044b\u0439 \u0442\u0443\u0440: \u041b\u0430\u043d\u043a\u0438\u0439\u0441\u043a\u0438\u0439 \u044d\u043a\u0441\u043f\u0440\u0435\u0441\u0441 2 \u0434\u043d\u044f &#8226; \u042d\u043a\u0441\u043a\u0443\u0440\u0441\u0438\u0438 Skyline\",\"isPartOf\":{\"@id\":\"https:\\\/\\\/skyline-gs.com\\\/it\\\/#website\"},\"primaryImageOfPage\":{\"@id\":\"https:\\\/\\\/skyline-gs.com\\\/product\\\/privat-sigiriya-srilanka\\\/#primaryimage\"},\"image\":{\"@id\":\"https:\\\/\\\/skyline-gs.com\\\/product\\\/privat-sigiriya-srilanka\\\/#primaryimage\"},\"thumbnailUrl\":\"https:\\\/\\\/skyline-gs.com\\\/wp-content\\\/uploads\\\/2023\\\/02\\\/mmm5.png\",\"datePublished\":\"2023-02-15T07:25:36+00:00\",\"dateModified\":\"2026-03-09T21:39:49+00:00\",\"breadcrumb\":{\"@id\":\"https:\\\/\\\/skyline-gs.com\\\/product\\\/privat-sigiriya-srilanka\\\/#breadcrumb\"},\"inLanguage\":\"cs\",\"potentialAction\":[{\"@type\":\"ReadAction\",\"target\":[\"https:\\\/\\\/skyline-gs.com\\\/product\\\/privat-sigiriya-srilanka\\\/\"]}]},{\"@type\":\"ImageObject\",\"inLanguage\":\"cs\",\"@id\":\"https:\\\/\\\/skyline-gs.com\\\/product\\\/privat-sigiriya-srilanka\\\/#primaryimage\",\"url\":\"https:\\\/\\\/skyline-gs.com\\\/wp-content\\\/uploads\\\/2023\\\/02\\\/mmm5.png\",\"contentUrl\":\"https:\\\/\\\/skyline-gs.com\\\/wp-content\\\/uploads\\\/2023\\\/02\\\/mmm5.png\",\"width\":669,\"height\":446},{\"@type\":\"BreadcrumbList\",\"@id\":\"https:\\\/\\\/skyline-gs.com\\\/product\\\/privat-sigiriya-srilanka\\\/#breadcrumb\",\"itemListElement\":[{\"@type\":\"ListItem\",\"position\":1,\"name\":\"\u0413\u043b\u0430\u0432\u043d\u0430\u044f \u0441\u0442\u0440\u0430\u043d\u0438\u0446\u0430\",\"item\":\"https:\\\/\\\/skyline-gs.com\\\/hu\\\/\"},{\"@type\":\"ListItem\",\"position\":2,\"name\":\"\u041c\u0430\u0433\u0430\u0437\u0438\u043d\",\"item\":\"https:\\\/\\\/skyline-gs.com\\\/cs\\\/shop\\\/\"},{\"@type\":\"ListItem\",\"position\":3,\"name\":\"\u0418\u043d\u0434\u0438\u0432\u0438\u0434\u0443\u0430\u043b\u044c\u043d\u044b\u0439 \u0442\u0443\u0440: \u041b\u0430\u043d\u043a\u0438\u0439\u0441\u043a\u0438\u0439 \u044d\u043a\u0441\u043f\u0440\u0435\u0441\u0441 2 \u0434\u043d\u044f\"}]},{\"@type\":\"WebSite\",\"@id\":\"https:\\\/\\\/skyline-gs.com\\\/it\\\/#website\",\"url\":\"https:\\\/\\\/skyline-gs.com\\\/it\\\/\",\"name\":\"\u042d\u043a\u0441\u043a\u0443\u0440\u0441\u0438\u0438 Skyline\",\"description\":\"\u042d\u043a\u0441\u043a\u043b\u044e\u0437\u0438\u0432\u043d\u044b\u0435 \u044d\u043a\u0441\u043a\u0443\u0440\u0441\u0438\u0438 \u043d\u0430 \u043b\u0443\u0447\u0448\u0438\u0445 \u043a\u0443\u0440\u043e\u0440\u0442\u0430\u0445 \u043c\u0438\u0440\u0430\",\"publisher\":{\"@id\":\"https:\\\/\\\/skyline-gs.com\\\/it\\\/#organization\"},\"alternateName\":\"Skyline\",\"potentialAction\":[{\"@type\":\"SearchAction\",\"target\":{\"@type\":\"EntryPoint\",\"urlTemplate\":\"https:\\\/\\\/skyline-gs.com\\\/it\\\/?s={search_term_string}\"},\"query-input\":{\"@type\":\"PropertyValueSpecification\",\"valueRequired\":true,\"valueName\":\"search_term_string\"}}],\"inLanguage\":\"cs\"},{\"@type\":\"Organization\",\"@id\":\"https:\\\/\\\/skyline-gs.com\\\/it\\\/#organization\",\"name\":\"\u042d\u043a\u0441\u043a\u0443\u0440\u0441\u0438\u0438 Skyline\",\"alternateName\":\"\u042d\u043a\u0441\u043a\u0443\u0440\u0441\u0438\u0438 Skyline\",\"url\":\"https:\\\/\\\/skyline-gs.com\\\/it\\\/\",\"logo\":{\"@type\":\"ImageObject\",\"inLanguage\":\"cs\",\"@id\":\"https:\\\/\\\/skyline-gs.com\\\/it\\\/#\\\/schema\\\/logo\\\/image\\\/\",\"url\":\"https:\\\/\\\/skyline-gs.com\\\/wp-content\\\/uploads\\\/2020\\\/12\\\/cropped-logo-2.png\",\"contentUrl\":\"https:\\\/\\\/skyline-gs.com\\\/wp-content\\\/uploads\\\/2020\\\/12\\\/cropped-logo-2.png\",\"width\":512,\"height\":512,\"caption\":\"\u042d\u043a\u0441\u043a\u0443\u0440\u0441\u0438\u0438 Skyline\"},\"image\":{\"@id\":\"https:\\\/\\\/skyline-gs.com\\\/it\\\/#\\\/schema\\\/logo\\\/image\\\/\"},\"sameAs\":[\"https:\\\/\\\/www.instagram.com\\\/skylineglobalservice\\\/\"]}]}<\/script>\n<!-- \/ Yoast SEO plugin. -->","yoast_head_json":{"title":"\u0418\u043d\u0434\u0438\u0432\u0438\u0434\u0443\u0430\u043b\u044c\u043d\u044b\u0439 \u0442\u0443\u0440: \u041b\u0430\u043d\u043a\u0438\u0439\u0441\u043a\u0438\u0439 \u044d\u043a\u0441\u043f\u0440\u0435\u0441\u0441 2 \u0434\u043d\u044f &#8226; \u042d\u043a\u0441\u043a\u0443\u0440\u0441\u0438\u0438 Skyline","robots":{"index":"index","follow":"follow","max-snippet":"max-snippet:-1","max-image-preview":"max-image-preview:large","max-video-preview":"max-video-preview:-1"},"canonical":"https:\/\/skyline-gs.com\/cs\/produkt\/privat-sigiriya-srilanka\/","og_locale":"cs_CZ","og_type":"article","og_title":"\u0418\u043d\u0434\u0438\u0432\u0438\u0434\u0443\u0430\u043b\u044c\u043d\u044b\u0439 \u0442\u0443\u0440: \u041b\u0430\u043d\u043a\u0438\u0439\u0441\u043a\u0438\u0439 \u044d\u043a\u0441\u043f\u0440\u0435\u0441\u0441 2 \u0434\u043d\u044f &#8226; \u042d\u043a\u0441\u043a\u0443\u0440\u0441\u0438\u0438 Skyline","og_description":"\u0414\u043b\u0438\u0442\u0435\u043b\u044c\u043d\u043e\u0441\u0442\u044c \u0442\u0443\u0440\u0430: 2 \u0434\u043d\u044f  \u0414\u043d\u0438 \u043f\u0440\u043e\u0432\u0435\u0434\u0435\u043d\u0438\u044f: \u0435\u0436\u0435\u0434\u043d\u0435\u0432\u043d\u043e","og_url":"https:\/\/skyline-gs.com\/cs\/produkt\/privat-sigiriya-srilanka\/","og_site_name":"\u042d\u043a\u0441\u043a\u0443\u0440\u0441\u0438\u0438 Skyline","article_modified_time":"2026-03-09T21:39:49+00:00","og_image":[{"width":669,"height":446,"url":"https:\/\/skyline-gs.com\/wp-content\/uploads\/2023\/02\/mmm5.png","type":"image\/png"}],"twitter_card":"summary_large_image","twitter_misc":{"Odhadovan\u00e1 doba \u010dten\u00ed":"2 minuty"},"schema":{"@context":"https:\/\/schema.org","@graph":[{"@type":"WebPage","@id":"https:\/\/skyline-gs.com\/product\/privat-sigiriya-srilanka\/","url":"https:\/\/skyline-gs.com\/product\/privat-sigiriya-srilanka\/","name":"\u0418\u043d\u0434\u0438\u0432\u0438\u0434\u0443\u0430\u043b\u044c\u043d\u044b\u0439 \u0442\u0443\u0440: \u041b\u0430\u043d\u043a\u0438\u0439\u0441\u043a\u0438\u0439 \u044d\u043a\u0441\u043f\u0440\u0435\u0441\u0441 2 \u0434\u043d\u044f &#8226; \u042d\u043a\u0441\u043a\u0443\u0440\u0441\u0438\u0438 Skyline","isPartOf":{"@id":"https:\/\/skyline-gs.com\/it\/#website"},"primaryImageOfPage":{"@id":"https:\/\/skyline-gs.com\/product\/privat-sigiriya-srilanka\/#primaryimage"},"image":{"@id":"https:\/\/skyline-gs.com\/product\/privat-sigiriya-srilanka\/#primaryimage"},"thumbnailUrl":"https:\/\/skyline-gs.com\/wp-content\/uploads\/2023\/02\/mmm5.png","datePublished":"2023-02-15T07:25:36+00:00","dateModified":"2026-03-09T21:39:49+00:00","breadcrumb":{"@id":"https:\/\/skyline-gs.com\/product\/privat-sigiriya-srilanka\/#breadcrumb"},"inLanguage":"cs","potentialAction":[{"@type":"ReadAction","target":["https:\/\/skyline-gs.com\/product\/privat-sigiriya-srilanka\/"]}]},{"@type":"ImageObject","inLanguage":"cs","@id":"https:\/\/skyline-gs.com\/product\/privat-sigiriya-srilanka\/#primaryimage","url":"https:\/\/skyline-gs.com\/wp-content\/uploads\/2023\/02\/mmm5.png","contentUrl":"https:\/\/skyline-gs.com\/wp-content\/uploads\/2023\/02\/mmm5.png","width":669,"height":446},{"@type":"BreadcrumbList","@id":"https:\/\/skyline-gs.com\/product\/privat-sigiriya-srilanka\/#breadcrumb","itemListElement":[{"@type":"ListItem","position":1,"name":"\u0413\u043b\u0430\u0432\u043d\u0430\u044f \u0441\u0442\u0440\u0430\u043d\u0438\u0446\u0430","item":"https:\/\/skyline-gs.com\/hu\/"},{"@type":"ListItem","position":2,"name":"\u041c\u0430\u0433\u0430\u0437\u0438\u043d","item":"https:\/\/skyline-gs.com\/cs\/shop\/"},{"@type":"ListItem","position":3,"name":"\u0418\u043d\u0434\u0438\u0432\u0438\u0434\u0443\u0430\u043b\u044c\u043d\u044b\u0439 \u0442\u0443\u0440: \u041b\u0430\u043d\u043a\u0438\u0439\u0441\u043a\u0438\u0439 \u044d\u043a\u0441\u043f\u0440\u0435\u0441\u0441 2 \u0434\u043d\u044f"}]},{"@type":"WebSite","@id":"https:\/\/skyline-gs.com\/it\/#website","url":"https:\/\/skyline-gs.com\/it\/","name":"Skyline V\u00fdlety","description":"Exkluzivn\u00ed v\u00fdlety do nejlep\u0161\u00edch sv\u011btov\u00fdch letovisek","publisher":{"@id":"https:\/\/skyline-gs.com\/it\/#organization"},"alternateName":"Skyline","potentialAction":[{"@type":"SearchAction","target":{"@type":"EntryPoint","urlTemplate":"https:\/\/skyline-gs.com\/it\/?s={search_term_string}"},"query-input":{"@type":"PropertyValueSpecification","valueRequired":true,"valueName":"search_term_string"}}],"inLanguage":"cs"},{"@type":"Organization","@id":"https:\/\/skyline-gs.com\/it\/#organization","name":"Skyline V\u00fdlety","alternateName":"\u042d\u043a\u0441\u043a\u0443\u0440\u0441\u0438\u0438 Skyline","url":"https:\/\/skyline-gs.com\/it\/","logo":{"@type":"ImageObject","inLanguage":"cs","@id":"https:\/\/skyline-gs.com\/it\/#\/schema\/logo\/image\/","url":"https:\/\/skyline-gs.com\/wp-content\/uploads\/2020\/12\/cropped-logo-2.png","contentUrl":"https:\/\/skyline-gs.com\/wp-content\/uploads\/2020\/12\/cropped-logo-2.png","width":512,"height":512,"caption":"\u042d\u043a\u0441\u043a\u0443\u0440\u0441\u0438\u0438 Skyline"},"image":{"@id":"https:\/\/skyline-gs.com\/it\/#\/schema\/logo\/image\/"},"sameAs":["https:\/\/www.instagram.com\/skylineglobalservice\/"]}]}},"_links":{"self":[{"href":"https:\/\/skyline-gs.com\/cs\/wp-json\/wp\/v2\/product\/42256","targetHints":{"allow":["GET"]}}],"collection":[{"href":"https:\/\/skyline-gs.com\/cs\/wp-json\/wp\/v2\/product"}],"about":[{"href":"https:\/\/skyline-gs.com\/cs\/wp-json\/wp\/v2\/types\/product"}],"version-history":[{"count":0,"href":"https:\/\/skyline-gs.com\/cs\/wp-json\/wp\/v2\/product\/42256\/revisions"}],"wp:featuredmedia":[{"embeddable":true,"href":"https:\/\/skyline-gs.com\/cs\/wp-json\/wp\/v2\/media\/42257"}],"wp:attachment":[{"href":"https:\/\/skyline-gs.com\/cs\/wp-json\/wp\/v2\/media?parent=42256"}],"wp:term":[{"taxonomy":"product_brand","embeddable":true,"href":"https:\/\/skyline-gs.com\/cs\/wp-json\/wp\/v2\/product_brand?post=42256"},{"taxonomy":"product_cat","embeddable":true,"href":"https:\/\/skyline-gs.com\/cs\/wp-json\/wp\/v2\/product_cat?post=42256"},{"taxonomy":"product_tag","embeddable":true,"href":"https:\/\/skyline-gs.com\/cs\/wp-json\/wp\/v2\/product_tag?post=42256"}],"curies":[{"name":"wp","href":"https:\/\/api.w.org\/{rel}","templated":true}]}}