{"id":42088,"date":"2023-01-27T00:09:15","date_gmt":"2023-01-26T22:09:15","guid":{"rendered":"http:\/\/skyline-gs.com\/?post_type=product&#038;p=42088"},"modified":"2025-05-31T22:11:39","modified_gmt":"2025-05-31T20:11:39","slug":"miracles-of-the-rivers-singapore","status":"publish","type":"product","link":"https:\/\/skyline-gs.com\/cs\/product\/miracles-of-the-rivers-singapore\/","title":{"rendered":"Z\u00e1zraky \u0159ek"},"content":{"rendered":"<p>10:00 odjezd z hotelu. V\u00edtejte v River Safari, prvn\u00edm a jedin\u00e9m asijsk\u00e9m parku s \u0159\u00ed\u010dn\u00ed tematikou. Na \u0159\u00ed\u010dn\u00edm safari se sezn\u00e1m\u00edte s ekosyst\u00e9mem obyvatel \u0159ek a jezer. Dotkn\u011bte se neuv\u011b\u0159iteln\u00e9 rozmanitosti divok\u00fdch zv\u00ed\u0159at ob\u00fdvaj\u00edc\u00edch \u0159eky a n\u00e1dr\u017ee v jihov\u00fdchodn\u00ed Asii a na cel\u00e9m sv\u011bt\u011b. Sladkovodn\u00ed ekosyst\u00e9m byl a je pro lidskou civilizaci neuv\u011b\u0159iteln\u011b d\u016fle\u017eit\u00fd, zejm\u00e9na v oblasti jihov\u00fdchodn\u00ed Asie, kde byl lidsk\u00fd \u017eivot na \u00fasvitu civilizace a dokonce a\u017e do 20. stolet\u00ed zcela z\u00e1visl\u00fd na \u0159ek\u00e1ch a jezerech. V\u017edy\u0165 45% v\u0161ech druh\u016f ryb na sv\u011bt\u011b \u017eije ve sladkovodn\u00edch n\u00e1dr\u017e\u00edch. River Safari Park je rozd\u011blen do \u0161esti tematick\u00fdch z\u00f3n, kter\u00e9 p\u0159edstavuj\u00ed \u017eivo\u010dichy \u017eij\u00edc\u00ed pod\u00e9l \u0161esti nejv\u011bt\u0161\u00edch a nejd\u016fle\u017eit\u011bj\u0161\u00edch \u0159ek sv\u011bta: Mississippi, Kongo, Nil, Mekong, Ganga, Jang-c'-\u0165iang a Amazonka. Ka\u017ed\u00e1 tematick\u00e1 oblast seznamuje n\u00e1v\u0161t\u011bvn\u00edky s kulturou a zvyky dan\u00e9 oblasti. V parku \u017eije p\u0159ibli\u017en\u011b 5 000 zv\u00ed\u0159at a ryb, v\u010detn\u011b anakondy, elektrick\u00fdch \u00faho\u0159\u016f, sladkovodn\u00edch rejnok\u016f z Mekongu, kapust\u0148\u00e1k\u016f z\u00e1padoindick\u00fdch, ob\u0159\u00edch sumc\u016f z Mekongu a \u010d\u00ednsk\u00fdch alig\u00e1tor\u016f. Klenotem parku jsou dv\u011b roztomil\u00e9 pandy: vesel\u00fd a hlu\u010dn\u00fd Kai Kai a skromn\u00fd, plach\u00fd Jia Jia. Roztomil\u00ed medv\u00eddci s \"br\u00fdlemi\" jsou nevysloven\u00fdm symbolem \u010c\u00edny a pravideln\u00fdmi obl\u00edbenci ve\u0159ejnosti v parku. <span style=\"font-family: var(--global-body-font-family);\">N\u00e1vrat do hotelu kolem 13:30.<\/span><\/p>\n<p><strong>V\u010detn\u011b:<\/strong><\/p>\n<ul>\n<li>Transfery do hotelu a zp\u011bt (vyzvednut\u00ed ze v\u0161ech hotel\u016f v Singapuru)<\/li>\n<li>V\u0161echny transfery v r\u00e1mci programu<\/li>\n<li>rusky mluv\u00edc\u00ed pr\u016fvodce<\/li>\n<\/ul>\n<p><strong>Vezm\u011bte si ji s sebou:<\/strong><\/p>\n<ul>\n<li>Voda<\/li>\n<li>Pokr\u00fdvka hlavy<\/li>\n<li>Kapesn\u00e9<\/li>\n<\/ul>","protected":false},"excerpt":{"rendered":"<p><strong>Doba prohl\u00eddky:<\/strong> 10:00 &#8212; 13:30<\/p>\n<p><strong>Dny zadr\u017een\u00ed:<\/strong> denn\u011b<\/p>","protected":false},"featured_media":42093,"template":"","meta":{"_kad_post_transparent":"default","_kad_post_title":"","_kad_post_layout":"default","_kad_post_sidebar_id":"","_kad_post_content_style":"default","_kad_post_vertical_padding":"default","_kad_post_feature":"","_kad_post_feature_position":"","_kad_post_header":false,"_kad_post_footer":false,"_kad_post_classname":"","_glsr_average":0,"_glsr_ranking":0,"_glsr_reviews":0},"product_brand":[],"product_cat":[440],"product_tag":[],"class_list":{"0":"post-42088","1":"product","2":"type-product","3":"status-publish","4":"has-post-thumbnail","6":"product_cat-singapore","7":"tm-has-options","9":"first","10":"instock","11":"sold-individually","12":"taxable","13":"shipping-taxable","14":"purchasable","15":"product-type-simple","16":"entry","17":"content-bg","18":"loop-entry"},"yoast_head":"<!-- This site is optimized with the Yoast SEO plugin v27.4 - https:\/\/yoast.com\/product\/yoast-seo-wordpress\/ -->\n<title>\u0427\u0443\u0434\u0435\u0441\u0430 \u0420\u0435\u043a &#8226; \u042d\u043a\u0441\u043a\u0443\u0440\u0441\u0438\u0438 Skyline<\/title>\n<meta name=\"robots\" content=\"index, follow, max-snippet:-1, max-image-preview:large, max-video-preview:-1\" \/>\n<link rel=\"canonical\" href=\"http:\/\/skyline-gs.com\/cs\/produkt\/miracles-of-the-rivers-singapore\/\" \/>\n<meta property=\"og:locale\" content=\"cs_CZ\" \/>\n<meta property=\"og:type\" content=\"article\" \/>\n<meta property=\"og:title\" content=\"\u0427\u0443\u0434\u0435\u0441\u0430 \u0420\u0435\u043a &#8226; \u042d\u043a\u0441\u043a\u0443\u0440\u0441\u0438\u0438 Skyline\" \/>\n<meta property=\"og:description\" content=\"\u0412\u0440\u0435\u043c\u044f \u0442\u0443\u0440\u0430: 10:00 - 13:30  \u0414\u043d\u0438 \u043f\u0440\u043e\u0432\u0435\u0434\u0435\u043d\u0438\u044f: \u0435\u0436\u0435\u0434\u043d\u0435\u0432\u043d\u043e\" \/>\n<meta property=\"og:url\" content=\"http:\/\/skyline-gs.com\/cs\/produkt\/miracles-of-the-rivers-singapore\/\" \/>\n<meta property=\"og:site_name\" content=\"\u042d\u043a\u0441\u043a\u0443\u0440\u0441\u0438\u0438 Skyline\" \/>\n<meta property=\"article:modified_time\" content=\"2025-05-31T20:11:39+00:00\" \/>\n<meta property=\"og:image\" content=\"https:\/\/skyline-gs.com\/wp-content\/uploads\/2023\/01\/5-20.png\" \/>\n\t<meta property=\"og:image:width\" content=\"669\" \/>\n\t<meta property=\"og:image:height\" content=\"446\" \/>\n\t<meta property=\"og:image:type\" content=\"image\/png\" \/>\n<meta name=\"twitter:card\" content=\"summary_large_image\" \/>\n<meta name=\"twitter:label1\" content=\"Odhadovan\u00e1 doba \u010dten\u00ed\" \/>\n\t<meta name=\"twitter:data1\" content=\"2 minuty\" \/>\n<script type=\"application\/ld+json\" class=\"yoast-schema-graph\">{\"@context\":\"https:\\\/\\\/schema.org\",\"@graph\":[{\"@type\":\"WebPage\",\"@id\":\"http:\\\/\\\/skyline-gs.com\\\/de\\\/produkt\\\/miracles-of-the-rivers-singapore\\\/\",\"url\":\"http:\\\/\\\/skyline-gs.com\\\/de\\\/produkt\\\/miracles-of-the-rivers-singapore\\\/\",\"name\":\"\u0427\u0443\u0434\u0435\u0441\u0430 \u0420\u0435\u043a &#8226; \u042d\u043a\u0441\u043a\u0443\u0440\u0441\u0438\u0438 Skyline\",\"isPartOf\":{\"@id\":\"https:\\\/\\\/skyline-gs.com\\\/it\\\/#website\"},\"primaryImageOfPage\":{\"@id\":\"http:\\\/\\\/skyline-gs.com\\\/de\\\/produkt\\\/miracles-of-the-rivers-singapore\\\/#primaryimage\"},\"image\":{\"@id\":\"http:\\\/\\\/skyline-gs.com\\\/de\\\/produkt\\\/miracles-of-the-rivers-singapore\\\/#primaryimage\"},\"thumbnailUrl\":\"https:\\\/\\\/skyline-gs.com\\\/wp-content\\\/uploads\\\/2023\\\/01\\\/5-20.png\",\"datePublished\":\"2023-01-26T22:09:15+00:00\",\"dateModified\":\"2025-05-31T20:11:39+00:00\",\"breadcrumb\":{\"@id\":\"http:\\\/\\\/skyline-gs.com\\\/de\\\/produkt\\\/miracles-of-the-rivers-singapore\\\/#breadcrumb\"},\"inLanguage\":\"cs\",\"potentialAction\":[{\"@type\":\"ReadAction\",\"target\":[\"http:\\\/\\\/skyline-gs.com\\\/de\\\/produkt\\\/miracles-of-the-rivers-singapore\\\/\"]}]},{\"@type\":\"ImageObject\",\"inLanguage\":\"cs\",\"@id\":\"http:\\\/\\\/skyline-gs.com\\\/de\\\/produkt\\\/miracles-of-the-rivers-singapore\\\/#primaryimage\",\"url\":\"https:\\\/\\\/skyline-gs.com\\\/wp-content\\\/uploads\\\/2023\\\/01\\\/5-20.png\",\"contentUrl\":\"https:\\\/\\\/skyline-gs.com\\\/wp-content\\\/uploads\\\/2023\\\/01\\\/5-20.png\",\"width\":669,\"height\":446},{\"@type\":\"BreadcrumbList\",\"@id\":\"http:\\\/\\\/skyline-gs.com\\\/de\\\/produkt\\\/miracles-of-the-rivers-singapore\\\/#breadcrumb\",\"itemListElement\":[{\"@type\":\"ListItem\",\"position\":1,\"name\":\"\u0413\u043b\u0430\u0432\u043d\u0430\u044f \u0441\u0442\u0440\u0430\u043d\u0438\u0446\u0430\",\"item\":\"https:\\\/\\\/skyline-gs.com\\\/hu\\\/\"},{\"@type\":\"ListItem\",\"position\":2,\"name\":\"\u041c\u0430\u0433\u0430\u0437\u0438\u043d\",\"item\":\"https:\\\/\\\/skyline-gs.com\\\/cs\\\/shop\\\/\"},{\"@type\":\"ListItem\",\"position\":3,\"name\":\"\u0427\u0443\u0434\u0435\u0441\u0430 \u0420\u0435\u043a\"}]},{\"@type\":\"WebSite\",\"@id\":\"https:\\\/\\\/skyline-gs.com\\\/it\\\/#website\",\"url\":\"https:\\\/\\\/skyline-gs.com\\\/it\\\/\",\"name\":\"\u042d\u043a\u0441\u043a\u0443\u0440\u0441\u0438\u0438 Skyline\",\"description\":\"\u042d\u043a\u0441\u043a\u043b\u044e\u0437\u0438\u0432\u043d\u044b\u0435 \u044d\u043a\u0441\u043a\u0443\u0440\u0441\u0438\u0438 \u043d\u0430 \u043b\u0443\u0447\u0448\u0438\u0445 \u043a\u0443\u0440\u043e\u0440\u0442\u0430\u0445 \u043c\u0438\u0440\u0430\",\"publisher\":{\"@id\":\"https:\\\/\\\/skyline-gs.com\\\/it\\\/#organization\"},\"alternateName\":\"Skyline\",\"potentialAction\":[{\"@type\":\"SearchAction\",\"target\":{\"@type\":\"EntryPoint\",\"urlTemplate\":\"https:\\\/\\\/skyline-gs.com\\\/it\\\/?s={search_term_string}\"},\"query-input\":{\"@type\":\"PropertyValueSpecification\",\"valueRequired\":true,\"valueName\":\"search_term_string\"}}],\"inLanguage\":\"cs\"},{\"@type\":\"Organization\",\"@id\":\"https:\\\/\\\/skyline-gs.com\\\/it\\\/#organization\",\"name\":\"\u042d\u043a\u0441\u043a\u0443\u0440\u0441\u0438\u0438 Skyline\",\"alternateName\":\"\u042d\u043a\u0441\u043a\u0443\u0440\u0441\u0438\u0438 Skyline\",\"url\":\"https:\\\/\\\/skyline-gs.com\\\/it\\\/\",\"logo\":{\"@type\":\"ImageObject\",\"inLanguage\":\"cs\",\"@id\":\"https:\\\/\\\/skyline-gs.com\\\/it\\\/#\\\/schema\\\/logo\\\/image\\\/\",\"url\":\"https:\\\/\\\/skyline-gs.com\\\/wp-content\\\/uploads\\\/2020\\\/12\\\/cropped-logo-2.png\",\"contentUrl\":\"https:\\\/\\\/skyline-gs.com\\\/wp-content\\\/uploads\\\/2020\\\/12\\\/cropped-logo-2.png\",\"width\":512,\"height\":512,\"caption\":\"\u042d\u043a\u0441\u043a\u0443\u0440\u0441\u0438\u0438 Skyline\"},\"image\":{\"@id\":\"https:\\\/\\\/skyline-gs.com\\\/it\\\/#\\\/schema\\\/logo\\\/image\\\/\"},\"sameAs\":[\"https:\\\/\\\/www.instagram.com\\\/skylineglobalservice\\\/\"]}]}<\/script>\n<!-- \/ Yoast SEO plugin. -->","yoast_head_json":{"title":"\u0427\u0443\u0434\u0435\u0441\u0430 \u0420\u0435\u043a &#8226; \u042d\u043a\u0441\u043a\u0443\u0440\u0441\u0438\u0438 Skyline","robots":{"index":"index","follow":"follow","max-snippet":"max-snippet:-1","max-image-preview":"max-image-preview:large","max-video-preview":"max-video-preview:-1"},"canonical":"http:\/\/skyline-gs.com\/cs\/produkt\/miracles-of-the-rivers-singapore\/","og_locale":"cs_CZ","og_type":"article","og_title":"\u0427\u0443\u0434\u0435\u0441\u0430 \u0420\u0435\u043a &#8226; \u042d\u043a\u0441\u043a\u0443\u0440\u0441\u0438\u0438 Skyline","og_description":"\u0412\u0440\u0435\u043c\u044f \u0442\u0443\u0440\u0430: 10:00 - 13:30  \u0414\u043d\u0438 \u043f\u0440\u043e\u0432\u0435\u0434\u0435\u043d\u0438\u044f: \u0435\u0436\u0435\u0434\u043d\u0435\u0432\u043d\u043e","og_url":"http:\/\/skyline-gs.com\/cs\/produkt\/miracles-of-the-rivers-singapore\/","og_site_name":"\u042d\u043a\u0441\u043a\u0443\u0440\u0441\u0438\u0438 Skyline","article_modified_time":"2025-05-31T20:11:39+00:00","og_image":[{"width":669,"height":446,"url":"https:\/\/skyline-gs.com\/wp-content\/uploads\/2023\/01\/5-20.png","type":"image\/png"}],"twitter_card":"summary_large_image","twitter_misc":{"Odhadovan\u00e1 doba \u010dten\u00ed":"2 minuty"},"schema":{"@context":"https:\/\/schema.org","@graph":[{"@type":"WebPage","@id":"http:\/\/skyline-gs.com\/de\/produkt\/miracles-of-the-rivers-singapore\/","url":"http:\/\/skyline-gs.com\/de\/produkt\/miracles-of-the-rivers-singapore\/","name":"\u0427\u0443\u0434\u0435\u0441\u0430 \u0420\u0435\u043a &#8226; \u042d\u043a\u0441\u043a\u0443\u0440\u0441\u0438\u0438 Skyline","isPartOf":{"@id":"https:\/\/skyline-gs.com\/it\/#website"},"primaryImageOfPage":{"@id":"http:\/\/skyline-gs.com\/de\/produkt\/miracles-of-the-rivers-singapore\/#primaryimage"},"image":{"@id":"http:\/\/skyline-gs.com\/de\/produkt\/miracles-of-the-rivers-singapore\/#primaryimage"},"thumbnailUrl":"https:\/\/skyline-gs.com\/wp-content\/uploads\/2023\/01\/5-20.png","datePublished":"2023-01-26T22:09:15+00:00","dateModified":"2025-05-31T20:11:39+00:00","breadcrumb":{"@id":"http:\/\/skyline-gs.com\/de\/produkt\/miracles-of-the-rivers-singapore\/#breadcrumb"},"inLanguage":"cs","potentialAction":[{"@type":"ReadAction","target":["http:\/\/skyline-gs.com\/de\/produkt\/miracles-of-the-rivers-singapore\/"]}]},{"@type":"ImageObject","inLanguage":"cs","@id":"http:\/\/skyline-gs.com\/de\/produkt\/miracles-of-the-rivers-singapore\/#primaryimage","url":"https:\/\/skyline-gs.com\/wp-content\/uploads\/2023\/01\/5-20.png","contentUrl":"https:\/\/skyline-gs.com\/wp-content\/uploads\/2023\/01\/5-20.png","width":669,"height":446},{"@type":"BreadcrumbList","@id":"http:\/\/skyline-gs.com\/de\/produkt\/miracles-of-the-rivers-singapore\/#breadcrumb","itemListElement":[{"@type":"ListItem","position":1,"name":"\u0413\u043b\u0430\u0432\u043d\u0430\u044f \u0441\u0442\u0440\u0430\u043d\u0438\u0446\u0430","item":"https:\/\/skyline-gs.com\/hu\/"},{"@type":"ListItem","position":2,"name":"\u041c\u0430\u0433\u0430\u0437\u0438\u043d","item":"https:\/\/skyline-gs.com\/cs\/shop\/"},{"@type":"ListItem","position":3,"name":"\u0427\u0443\u0434\u0435\u0441\u0430 \u0420\u0435\u043a"}]},{"@type":"WebSite","@id":"https:\/\/skyline-gs.com\/it\/#website","url":"https:\/\/skyline-gs.com\/it\/","name":"Skyline V\u00fdlety","description":"Exkluzivn\u00ed v\u00fdlety do nejlep\u0161\u00edch sv\u011btov\u00fdch letovisek","publisher":{"@id":"https:\/\/skyline-gs.com\/it\/#organization"},"alternateName":"Skyline","potentialAction":[{"@type":"SearchAction","target":{"@type":"EntryPoint","urlTemplate":"https:\/\/skyline-gs.com\/it\/?s={search_term_string}"},"query-input":{"@type":"PropertyValueSpecification","valueRequired":true,"valueName":"search_term_string"}}],"inLanguage":"cs"},{"@type":"Organization","@id":"https:\/\/skyline-gs.com\/it\/#organization","name":"Skyline V\u00fdlety","alternateName":"\u042d\u043a\u0441\u043a\u0443\u0440\u0441\u0438\u0438 Skyline","url":"https:\/\/skyline-gs.com\/it\/","logo":{"@type":"ImageObject","inLanguage":"cs","@id":"https:\/\/skyline-gs.com\/it\/#\/schema\/logo\/image\/","url":"https:\/\/skyline-gs.com\/wp-content\/uploads\/2020\/12\/cropped-logo-2.png","contentUrl":"https:\/\/skyline-gs.com\/wp-content\/uploads\/2020\/12\/cropped-logo-2.png","width":512,"height":512,"caption":"\u042d\u043a\u0441\u043a\u0443\u0440\u0441\u0438\u0438 Skyline"},"image":{"@id":"https:\/\/skyline-gs.com\/it\/#\/schema\/logo\/image\/"},"sameAs":["https:\/\/www.instagram.com\/skylineglobalservice\/"]}]}},"_links":{"self":[{"href":"https:\/\/skyline-gs.com\/cs\/wp-json\/wp\/v2\/product\/42088","targetHints":{"allow":["GET"]}}],"collection":[{"href":"https:\/\/skyline-gs.com\/cs\/wp-json\/wp\/v2\/product"}],"about":[{"href":"https:\/\/skyline-gs.com\/cs\/wp-json\/wp\/v2\/types\/product"}],"version-history":[{"count":0,"href":"https:\/\/skyline-gs.com\/cs\/wp-json\/wp\/v2\/product\/42088\/revisions"}],"wp:featuredmedia":[{"embeddable":true,"href":"https:\/\/skyline-gs.com\/cs\/wp-json\/wp\/v2\/media\/42093"}],"wp:attachment":[{"href":"https:\/\/skyline-gs.com\/cs\/wp-json\/wp\/v2\/media?parent=42088"}],"wp:term":[{"taxonomy":"product_brand","embeddable":true,"href":"https:\/\/skyline-gs.com\/cs\/wp-json\/wp\/v2\/product_brand?post=42088"},{"taxonomy":"product_cat","embeddable":true,"href":"https:\/\/skyline-gs.com\/cs\/wp-json\/wp\/v2\/product_cat?post=42088"},{"taxonomy":"product_tag","embeddable":true,"href":"https:\/\/skyline-gs.com\/cs\/wp-json\/wp\/v2\/product_tag?post=42088"}],"curies":[{"name":"wp","href":"https:\/\/api.w.org\/{rel}","templated":true}]}}