{"id":41896,"date":"2023-01-22T01:10:31","date_gmt":"2023-01-21T23:10:31","guid":{"rendered":"http:\/\/skyline-gs.com\/?post_type=product&#038;p=41896"},"modified":"2025-05-31T22:03:37","modified_gmt":"2025-05-31T20:03:37","slug":"botanicka-zahrada-u-zalivu-a-super-stromy-v-singapuru","status":"publish","type":"product","link":"https:\/\/skyline-gs.com\/cs\/product\/botanical-garden-by-the-bay-and-super-trees-singapore\/","title":{"rendered":"\"Super stromy\" a botanick\u00e1 zahrada u z\u00e1livu"},"content":{"rendered":"<p>16:00 odjezd z hotelu. V\u00edtejte v Botanick\u00e9 zahrad\u011b u z\u00e1livu! Tento superpark je domovem v\u00edce ne\u017e \u010dtvrt milionu vz\u00e1cn\u00fdch rostlin, rozkl\u00e1d\u00e1 se na plo\u0161e p\u0159ibli\u017en\u011b 101 hektar\u016f a nach\u00e1z\u00ed se p\u0159\u00edmo v centru m\u011bsta, v oblasti Marina Bay! V zahrad\u011b jsou shrom\u00e1\u017ed\u011bny rostliny ze v\u0161ech kontinent\u016f krom\u011b Antarktidy. Nav\u0161t\u00edv\u00edte Kv\u011btinov\u00fd d\u00f3m, sv\u011bt v\u011b\u010dn\u00e9ho jara, kde neust\u00e1le kvetou jedine\u010dn\u00e9 rostliny! Tento sklen\u00edk napodobuje chladn\u00e9 a such\u00e9 klima St\u0159edomo\u0159\u00ed a m\u00edrn\u00e9 subtropick\u00e9 klima Ji\u017en\u00ed Afriky, Kalifornie. Projd\u011bte se mezi stalet\u00fdmi olivovn\u00edky, ob\u0159\u00edmi datlov\u00fdmi palmami a neobvykl\u00fdmi baobaby. Vychutnejte si neuv\u011b\u0159iteln\u00e9 v\u016fn\u011b \"kv\u011btinov\u00e9ho pole\", kde jsou podle ro\u010dn\u00edch obdob\u00ed vys\u00e1zeny kv\u011btiny symbolizuj\u00edc\u00ed r\u016fzn\u00e9 sv\u00e1tky a slavnosti. Pot\u00e9 nav\u0161t\u00edv\u00edte sklen\u00edk \"Cloud Forest\". kde je znovu vytvo\u0159eno mikroklima tropick\u00e9 vyso\u010diny. Budete obdivovat nejvy\u0161\u0161\u00ed um\u011bl\u00fd vodop\u00e1d na sv\u011bt\u011b (35 m) a fl\u00f3ru jihov\u00fdchodn\u00ed Asie, St\u0159edn\u00ed a Ji\u017en\u00ed Ameriky. Uvid\u00edte fantastick\u00e9 stavby - \"superstromy\", vysok\u00e9 25 a\u017e 50 metr\u016f. Ka\u017ed\u00fd \"superstrom\" je vertik\u00e1ln\u00ed botanickou zahradou, kde najdete kade\u0159av\u00e9 tropick\u00e9 kv\u011btiny, kapradiny, brom\u00e9lie. Budete m\u00edt v\u00fdhled na botanickou zahradu, m\u011bsto a slavn\u00fd hotel Marina Bay Sands. P\u0159es den vytv\u00e1\u0159ej\u00ed koruny \"superstrom\u016f\" st\u00edn nad celou zahradou a ve\u010der o\u017e\u00edvaj\u00ed ve fantastick\u00e9 sv\u011bteln\u00e9 a hudebn\u00ed show, kterou si u\u017eijete. N\u00e1vrat do hotelu kolem 19:30.<\/p>\n<p><strong>V\u010detn\u011b:<\/strong><\/p>\n<ul>\n<li>Transfery do hotelu a zp\u011bt (vyzvednut\u00ed ze v\u0161ech hotel\u016f v Singapuru)<\/li>\n<li>V\u0161echny transfery v r\u00e1mci programu<\/li>\n<li>rusky mluv\u00edc\u00ed pr\u016fvodce<\/li>\n<li>Vstupenky<\/li>\n<\/ul>\n<p><strong>Vezm\u011bte si ji s sebou:<\/strong><\/p>\n<ul>\n<li>Voda<\/li>\n<li>Pokr\u00fdvka hlavy<\/li>\n<li>Kapesn\u00e9<\/li>\n<\/ul>","protected":false},"excerpt":{"rendered":"<p><strong>Doba prohl\u00eddky:<\/strong> 16:00 &#8212; 19:30<\/p>\n<p><strong>Dny zadr\u017een\u00ed:<\/strong> denn\u011b<\/p>","protected":false},"featured_media":41903,"template":"","meta":{"_kad_post_transparent":"default","_kad_post_title":"","_kad_post_layout":"default","_kad_post_sidebar_id":"","_kad_post_content_style":"default","_kad_post_vertical_padding":"default","_kad_post_feature":"","_kad_post_feature_position":"","_kad_post_header":false,"_kad_post_footer":false,"_kad_post_classname":"","_glsr_average":0,"_glsr_ranking":0,"_glsr_reviews":0},"product_brand":[],"product_cat":[440],"product_tag":[],"class_list":{"0":"post-41896","1":"product","2":"type-product","3":"status-publish","4":"has-post-thumbnail","6":"product_cat-singapore","7":"tm-has-options","9":"first","10":"instock","11":"sale","12":"sold-individually","13":"taxable","14":"shipping-taxable","15":"purchasable","16":"product-type-simple","17":"entry","18":"content-bg","19":"loop-entry"},"yoast_head":"<!-- This site is optimized with the Yoast SEO plugin v27.3 - https:\/\/yoast.com\/product\/yoast-seo-wordpress\/ -->\n<title>\u00ab\u0421\u0443\u043f\u0435\u0440 \u0434\u0435\u0440\u0435\u0432\u044c\u044f\u00bb \u0438 \u0431\u043e\u0442\u0430\u043d\u0438\u0447\u0435\u0441\u043a\u0438\u0439 \u0441\u0430\u0434 \u0443 \u0437\u0430\u043b\u0438\u0432\u0430 &#8226; \u042d\u043a\u0441\u043a\u0443\u0440\u0441\u0438\u0438 Skyline<\/title>\n<meta name=\"robots\" content=\"index, follow, max-snippet:-1, max-image-preview:large, max-video-preview:-1\" \/>\n<link rel=\"canonical\" href=\"https:\/\/skyline-gs.com\/cs\/produkt\/botanicka-zahrada-u-zalivu-a-super-stromy-v-singapuru\/\" \/>\n<meta property=\"og:locale\" content=\"cs_CZ\" \/>\n<meta property=\"og:type\" content=\"article\" \/>\n<meta property=\"og:title\" content=\"\u00ab\u0421\u0443\u043f\u0435\u0440 \u0434\u0435\u0440\u0435\u0432\u044c\u044f\u00bb \u0438 \u0431\u043e\u0442\u0430\u043d\u0438\u0447\u0435\u0441\u043a\u0438\u0439 \u0441\u0430\u0434 \u0443 \u0437\u0430\u043b\u0438\u0432\u0430 &#8226; \u042d\u043a\u0441\u043a\u0443\u0440\u0441\u0438\u0438 Skyline\" \/>\n<meta property=\"og:description\" content=\"\u0412\u0440\u0435\u043c\u044f \u0442\u0443\u0440\u0430: 16:00 - 19:30  \u0414\u043d\u0438 \u043f\u0440\u043e\u0432\u0435\u0434\u0435\u043d\u0438\u044f: \u0435\u0436\u0435\u0434\u043d\u0435\u0432\u043d\u043e\" \/>\n<meta property=\"og:url\" content=\"https:\/\/skyline-gs.com\/cs\/produkt\/botanicka-zahrada-u-zalivu-a-super-stromy-v-singapuru\/\" \/>\n<meta property=\"og:site_name\" content=\"\u042d\u043a\u0441\u043a\u0443\u0440\u0441\u0438\u0438 Skyline\" \/>\n<meta property=\"article:modified_time\" content=\"2025-05-31T20:03:37+00:00\" \/>\n<meta property=\"og:image\" content=\"https:\/\/skyline-gs.com\/wp-content\/uploads\/2023\/01\/6-13.png\" \/>\n\t<meta property=\"og:image:width\" content=\"669\" \/>\n\t<meta property=\"og:image:height\" content=\"446\" \/>\n\t<meta property=\"og:image:type\" content=\"image\/png\" \/>\n<meta name=\"twitter:card\" content=\"summary_large_image\" \/>\n<meta name=\"twitter:label1\" content=\"Odhadovan\u00e1 doba \u010dten\u00ed\" \/>\n\t<meta name=\"twitter:data1\" content=\"2 minuty\" \/>\n<script type=\"application\/ld+json\" class=\"yoast-schema-graph\">{\"@context\":\"https:\\\/\\\/schema.org\",\"@graph\":[{\"@type\":\"WebPage\",\"@id\":\"https:\\\/\\\/skyline-gs.com\\\/product\\\/botanical-garden-by-the-bay-and-super-trees-singapore\\\/\",\"url\":\"https:\\\/\\\/skyline-gs.com\\\/product\\\/botanical-garden-by-the-bay-and-super-trees-singapore\\\/\",\"name\":\"\u00ab\u0421\u0443\u043f\u0435\u0440 \u0434\u0435\u0440\u0435\u0432\u044c\u044f\u00bb \u0438 \u0431\u043e\u0442\u0430\u043d\u0438\u0447\u0435\u0441\u043a\u0438\u0439 \u0441\u0430\u0434 \u0443 \u0437\u0430\u043b\u0438\u0432\u0430 &#8226; \u042d\u043a\u0441\u043a\u0443\u0440\u0441\u0438\u0438 Skyline\",\"isPartOf\":{\"@id\":\"https:\\\/\\\/skyline-gs.com\\\/it\\\/#website\"},\"primaryImageOfPage\":{\"@id\":\"https:\\\/\\\/skyline-gs.com\\\/product\\\/botanical-garden-by-the-bay-and-super-trees-singapore\\\/#primaryimage\"},\"image\":{\"@id\":\"https:\\\/\\\/skyline-gs.com\\\/product\\\/botanical-garden-by-the-bay-and-super-trees-singapore\\\/#primaryimage\"},\"thumbnailUrl\":\"https:\\\/\\\/skyline-gs.com\\\/wp-content\\\/uploads\\\/2023\\\/01\\\/6-13.png\",\"datePublished\":\"2023-01-21T23:10:31+00:00\",\"dateModified\":\"2025-05-31T20:03:37+00:00\",\"breadcrumb\":{\"@id\":\"https:\\\/\\\/skyline-gs.com\\\/product\\\/botanical-garden-by-the-bay-and-super-trees-singapore\\\/#breadcrumb\"},\"inLanguage\":\"cs\",\"potentialAction\":[{\"@type\":\"ReadAction\",\"target\":[\"https:\\\/\\\/skyline-gs.com\\\/product\\\/botanical-garden-by-the-bay-and-super-trees-singapore\\\/\"]}]},{\"@type\":\"ImageObject\",\"inLanguage\":\"cs\",\"@id\":\"https:\\\/\\\/skyline-gs.com\\\/product\\\/botanical-garden-by-the-bay-and-super-trees-singapore\\\/#primaryimage\",\"url\":\"https:\\\/\\\/skyline-gs.com\\\/wp-content\\\/uploads\\\/2023\\\/01\\\/6-13.png\",\"contentUrl\":\"https:\\\/\\\/skyline-gs.com\\\/wp-content\\\/uploads\\\/2023\\\/01\\\/6-13.png\",\"width\":669,\"height\":446},{\"@type\":\"BreadcrumbList\",\"@id\":\"https:\\\/\\\/skyline-gs.com\\\/product\\\/botanical-garden-by-the-bay-and-super-trees-singapore\\\/#breadcrumb\",\"itemListElement\":[{\"@type\":\"ListItem\",\"position\":1,\"name\":\"\u0413\u043b\u0430\u0432\u043d\u0430\u044f \u0441\u0442\u0440\u0430\u043d\u0438\u0446\u0430\",\"item\":\"https:\\\/\\\/skyline-gs.com\\\/hu\\\/\"},{\"@type\":\"ListItem\",\"position\":2,\"name\":\"\u041c\u0430\u0433\u0430\u0437\u0438\u043d\",\"item\":\"https:\\\/\\\/skyline-gs.com\\\/cs\\\/shop\\\/\"},{\"@type\":\"ListItem\",\"position\":3,\"name\":\"\u00ab\u0421\u0443\u043f\u0435\u0440 \u0434\u0435\u0440\u0435\u0432\u044c\u044f\u00bb \u0438 \u0431\u043e\u0442\u0430\u043d\u0438\u0447\u0435\u0441\u043a\u0438\u0439 \u0441\u0430\u0434 \u0443 \u0437\u0430\u043b\u0438\u0432\u0430\"}]},{\"@type\":\"WebSite\",\"@id\":\"https:\\\/\\\/skyline-gs.com\\\/it\\\/#website\",\"url\":\"https:\\\/\\\/skyline-gs.com\\\/it\\\/\",\"name\":\"\u042d\u043a\u0441\u043a\u0443\u0440\u0441\u0438\u0438 Skyline\",\"description\":\"\u042d\u043a\u0441\u043a\u043b\u044e\u0437\u0438\u0432\u043d\u044b\u0435 \u044d\u043a\u0441\u043a\u0443\u0440\u0441\u0438\u0438 \u043d\u0430 \u043b\u0443\u0447\u0448\u0438\u0445 \u043a\u0443\u0440\u043e\u0440\u0442\u0430\u0445 \u043c\u0438\u0440\u0430\",\"publisher\":{\"@id\":\"https:\\\/\\\/skyline-gs.com\\\/it\\\/#organization\"},\"alternateName\":\"Skyline\",\"potentialAction\":[{\"@type\":\"SearchAction\",\"target\":{\"@type\":\"EntryPoint\",\"urlTemplate\":\"https:\\\/\\\/skyline-gs.com\\\/it\\\/?s={search_term_string}\"},\"query-input\":{\"@type\":\"PropertyValueSpecification\",\"valueRequired\":true,\"valueName\":\"search_term_string\"}}],\"inLanguage\":\"cs\"},{\"@type\":\"Organization\",\"@id\":\"https:\\\/\\\/skyline-gs.com\\\/it\\\/#organization\",\"name\":\"\u042d\u043a\u0441\u043a\u0443\u0440\u0441\u0438\u0438 Skyline\",\"alternateName\":\"\u042d\u043a\u0441\u043a\u0443\u0440\u0441\u0438\u0438 Skyline\",\"url\":\"https:\\\/\\\/skyline-gs.com\\\/it\\\/\",\"logo\":{\"@type\":\"ImageObject\",\"inLanguage\":\"cs\",\"@id\":\"https:\\\/\\\/skyline-gs.com\\\/it\\\/#\\\/schema\\\/logo\\\/image\\\/\",\"url\":\"https:\\\/\\\/skyline-gs.com\\\/wp-content\\\/uploads\\\/2020\\\/12\\\/cropped-logo-2.png\",\"contentUrl\":\"https:\\\/\\\/skyline-gs.com\\\/wp-content\\\/uploads\\\/2020\\\/12\\\/cropped-logo-2.png\",\"width\":512,\"height\":512,\"caption\":\"\u042d\u043a\u0441\u043a\u0443\u0440\u0441\u0438\u0438 Skyline\"},\"image\":{\"@id\":\"https:\\\/\\\/skyline-gs.com\\\/it\\\/#\\\/schema\\\/logo\\\/image\\\/\"},\"sameAs\":[\"https:\\\/\\\/www.instagram.com\\\/skylineglobalservice\\\/\"]}]}<\/script>\n<!-- \/ Yoast SEO plugin. -->","yoast_head_json":{"title":"\u00ab\u0421\u0443\u043f\u0435\u0440 \u0434\u0435\u0440\u0435\u0432\u044c\u044f\u00bb \u0438 \u0431\u043e\u0442\u0430\u043d\u0438\u0447\u0435\u0441\u043a\u0438\u0439 \u0441\u0430\u0434 \u0443 \u0437\u0430\u043b\u0438\u0432\u0430 &#8226; \u042d\u043a\u0441\u043a\u0443\u0440\u0441\u0438\u0438 Skyline","robots":{"index":"index","follow":"follow","max-snippet":"max-snippet:-1","max-image-preview":"max-image-preview:large","max-video-preview":"max-video-preview:-1"},"canonical":"https:\/\/skyline-gs.com\/cs\/produkt\/botanicka-zahrada-u-zalivu-a-super-stromy-v-singapuru\/","og_locale":"cs_CZ","og_type":"article","og_title":"\u00ab\u0421\u0443\u043f\u0435\u0440 \u0434\u0435\u0440\u0435\u0432\u044c\u044f\u00bb \u0438 \u0431\u043e\u0442\u0430\u043d\u0438\u0447\u0435\u0441\u043a\u0438\u0439 \u0441\u0430\u0434 \u0443 \u0437\u0430\u043b\u0438\u0432\u0430 &#8226; \u042d\u043a\u0441\u043a\u0443\u0440\u0441\u0438\u0438 Skyline","og_description":"\u0412\u0440\u0435\u043c\u044f \u0442\u0443\u0440\u0430: 16:00 - 19:30  \u0414\u043d\u0438 \u043f\u0440\u043e\u0432\u0435\u0434\u0435\u043d\u0438\u044f: \u0435\u0436\u0435\u0434\u043d\u0435\u0432\u043d\u043e","og_url":"https:\/\/skyline-gs.com\/cs\/produkt\/botanicka-zahrada-u-zalivu-a-super-stromy-v-singapuru\/","og_site_name":"\u042d\u043a\u0441\u043a\u0443\u0440\u0441\u0438\u0438 Skyline","article_modified_time":"2025-05-31T20:03:37+00:00","og_image":[{"width":669,"height":446,"url":"https:\/\/skyline-gs.com\/wp-content\/uploads\/2023\/01\/6-13.png","type":"image\/png"}],"twitter_card":"summary_large_image","twitter_misc":{"Odhadovan\u00e1 doba \u010dten\u00ed":"2 minuty"},"schema":{"@context":"https:\/\/schema.org","@graph":[{"@type":"WebPage","@id":"https:\/\/skyline-gs.com\/product\/botanical-garden-by-the-bay-and-super-trees-singapore\/","url":"https:\/\/skyline-gs.com\/product\/botanical-garden-by-the-bay-and-super-trees-singapore\/","name":"\u00ab\u0421\u0443\u043f\u0435\u0440 \u0434\u0435\u0440\u0435\u0432\u044c\u044f\u00bb \u0438 \u0431\u043e\u0442\u0430\u043d\u0438\u0447\u0435\u0441\u043a\u0438\u0439 \u0441\u0430\u0434 \u0443 \u0437\u0430\u043b\u0438\u0432\u0430 &#8226; \u042d\u043a\u0441\u043a\u0443\u0440\u0441\u0438\u0438 Skyline","isPartOf":{"@id":"https:\/\/skyline-gs.com\/it\/#website"},"primaryImageOfPage":{"@id":"https:\/\/skyline-gs.com\/product\/botanical-garden-by-the-bay-and-super-trees-singapore\/#primaryimage"},"image":{"@id":"https:\/\/skyline-gs.com\/product\/botanical-garden-by-the-bay-and-super-trees-singapore\/#primaryimage"},"thumbnailUrl":"https:\/\/skyline-gs.com\/wp-content\/uploads\/2023\/01\/6-13.png","datePublished":"2023-01-21T23:10:31+00:00","dateModified":"2025-05-31T20:03:37+00:00","breadcrumb":{"@id":"https:\/\/skyline-gs.com\/product\/botanical-garden-by-the-bay-and-super-trees-singapore\/#breadcrumb"},"inLanguage":"cs","potentialAction":[{"@type":"ReadAction","target":["https:\/\/skyline-gs.com\/product\/botanical-garden-by-the-bay-and-super-trees-singapore\/"]}]},{"@type":"ImageObject","inLanguage":"cs","@id":"https:\/\/skyline-gs.com\/product\/botanical-garden-by-the-bay-and-super-trees-singapore\/#primaryimage","url":"https:\/\/skyline-gs.com\/wp-content\/uploads\/2023\/01\/6-13.png","contentUrl":"https:\/\/skyline-gs.com\/wp-content\/uploads\/2023\/01\/6-13.png","width":669,"height":446},{"@type":"BreadcrumbList","@id":"https:\/\/skyline-gs.com\/product\/botanical-garden-by-the-bay-and-super-trees-singapore\/#breadcrumb","itemListElement":[{"@type":"ListItem","position":1,"name":"\u0413\u043b\u0430\u0432\u043d\u0430\u044f \u0441\u0442\u0440\u0430\u043d\u0438\u0446\u0430","item":"https:\/\/skyline-gs.com\/hu\/"},{"@type":"ListItem","position":2,"name":"\u041c\u0430\u0433\u0430\u0437\u0438\u043d","item":"https:\/\/skyline-gs.com\/cs\/shop\/"},{"@type":"ListItem","position":3,"name":"\u00ab\u0421\u0443\u043f\u0435\u0440 \u0434\u0435\u0440\u0435\u0432\u044c\u044f\u00bb \u0438 \u0431\u043e\u0442\u0430\u043d\u0438\u0447\u0435\u0441\u043a\u0438\u0439 \u0441\u0430\u0434 \u0443 \u0437\u0430\u043b\u0438\u0432\u0430"}]},{"@type":"WebSite","@id":"https:\/\/skyline-gs.com\/it\/#website","url":"https:\/\/skyline-gs.com\/it\/","name":"Skyline V\u00fdlety","description":"Exkluzivn\u00ed v\u00fdlety do nejlep\u0161\u00edch sv\u011btov\u00fdch letovisek","publisher":{"@id":"https:\/\/skyline-gs.com\/it\/#organization"},"alternateName":"Skyline","potentialAction":[{"@type":"SearchAction","target":{"@type":"EntryPoint","urlTemplate":"https:\/\/skyline-gs.com\/it\/?s={search_term_string}"},"query-input":{"@type":"PropertyValueSpecification","valueRequired":true,"valueName":"search_term_string"}}],"inLanguage":"cs"},{"@type":"Organization","@id":"https:\/\/skyline-gs.com\/it\/#organization","name":"Skyline V\u00fdlety","alternateName":"\u042d\u043a\u0441\u043a\u0443\u0440\u0441\u0438\u0438 Skyline","url":"https:\/\/skyline-gs.com\/it\/","logo":{"@type":"ImageObject","inLanguage":"cs","@id":"https:\/\/skyline-gs.com\/it\/#\/schema\/logo\/image\/","url":"https:\/\/skyline-gs.com\/wp-content\/uploads\/2020\/12\/cropped-logo-2.png","contentUrl":"https:\/\/skyline-gs.com\/wp-content\/uploads\/2020\/12\/cropped-logo-2.png","width":512,"height":512,"caption":"\u042d\u043a\u0441\u043a\u0443\u0440\u0441\u0438\u0438 Skyline"},"image":{"@id":"https:\/\/skyline-gs.com\/it\/#\/schema\/logo\/image\/"},"sameAs":["https:\/\/www.instagram.com\/skylineglobalservice\/"]}]}},"_links":{"self":[{"href":"https:\/\/skyline-gs.com\/cs\/wp-json\/wp\/v2\/product\/41896","targetHints":{"allow":["GET"]}}],"collection":[{"href":"https:\/\/skyline-gs.com\/cs\/wp-json\/wp\/v2\/product"}],"about":[{"href":"https:\/\/skyline-gs.com\/cs\/wp-json\/wp\/v2\/types\/product"}],"version-history":[{"count":0,"href":"https:\/\/skyline-gs.com\/cs\/wp-json\/wp\/v2\/product\/41896\/revisions"}],"wp:featuredmedia":[{"embeddable":true,"href":"https:\/\/skyline-gs.com\/cs\/wp-json\/wp\/v2\/media\/41903"}],"wp:attachment":[{"href":"https:\/\/skyline-gs.com\/cs\/wp-json\/wp\/v2\/media?parent=41896"}],"wp:term":[{"taxonomy":"product_brand","embeddable":true,"href":"https:\/\/skyline-gs.com\/cs\/wp-json\/wp\/v2\/product_brand?post=41896"},{"taxonomy":"product_cat","embeddable":true,"href":"https:\/\/skyline-gs.com\/cs\/wp-json\/wp\/v2\/product_cat?post=41896"},{"taxonomy":"product_tag","embeddable":true,"href":"https:\/\/skyline-gs.com\/cs\/wp-json\/wp\/v2\/product_tag?post=41896"}],"curies":[{"name":"wp","href":"https:\/\/api.w.org\/{rel}","templated":true}]}}