{"id":41869,"date":"2023-01-22T00:09:34","date_gmt":"2023-01-21T22:09:34","guid":{"rendered":"http:\/\/skyline-gs.com\/?post_type=product&#038;p=41869"},"modified":"2025-05-31T21:58:31","modified_gmt":"2025-05-31T19:58:31","slug":"ethnic-quarters-singapore","status":"publish","type":"product","link":"https:\/\/skyline-gs.com\/cs\/product\/ethnic-quarters-singapore\/","title":{"rendered":"Etnick\u00e9 \u010dtvrti"},"content":{"rendered":"<p>Odjezd v 9:00. Kdo jsou Singapurci? A odkud poch\u00e1zej\u00ed? Odpov\u011bdi na tyto ot\u00e1zky najdete p\u0159i n\u00e1v\u0161t\u011bv\u011b t\u0159\u00ed historick\u00fdch \u010dtvrt\u00ed Singapuru: \u010c\u00ednsk\u00e9 \u010dtvrti, Mal\u00e9 Indie a Kampong Glam. \u010ctvrti, kter\u00e9 odr\u00e1\u017eej\u00ed bohatou kulturn\u00ed a etnickou historii ostrova sahaj\u00edc\u00ed a\u017e do 19. stolet\u00ed.<br \/>\nProhl\u00eddku za\u010dneme n\u00e1v\u0161t\u011bvou oblasti \"Mal\u00e1 Indie\". Jakmile se dostanete do \"Mal\u00e9 Indie\" - nem\u016f\u017eete si nev\u0161imnout \"indi\u010dnosti\" tohoto m\u00edsta: v\u016fn\u011b ko\u0159en\u00ed a ko\u0159en\u00ed, vo\u0148av\u00fdch jasm\u00ednov\u00fdch girland; lesku st\u0159\u00edbrn\u00e9ho a m\u011bd\u011bn\u00e9ho n\u00e1dob\u00ed; neoby\u010dejn\u00fdch barev hedv\u00e1bn\u00fdch s\u00e1r\u00ed a zlata t\u0159pytiv\u00fdch n\u00e1ramk\u016f. V\u0161echna tato zm\u011b\u0165 barev a v\u016fn\u00ed v\u00e1s v okam\u017eiku p\u0159enese do skute\u010dn\u00e9 Indie.<br \/>\nD\u00e1le n\u00e1s na\u0161e cesta zavede do \"Kampong Glam\", mal\u00e9ho kousku Bl\u00edzk\u00e9ho v\u00fdchodu v Singapuru, zn\u00e1m\u00e9ho tak\u00e9 jako arabsk\u00e1 \u010dtvr\u0165. Kdysi to byla ryb\u00e1\u0159sk\u00e1 vesnice v \u00fast\u00ed \u0159eky Rochor, ale d\u00edky siln\u00e9mu arabsko-malajsk\u00e9mu vlivu se vesnice prom\u011bnila v muslimsk\u00e9 obchodn\u00ed centrum.<br \/>\nsousedstv\u00ed. Pr\u00e1v\u011b zde se nach\u00e1z\u00ed pal\u00e1c malajsk\u00e9 kr\u00e1lovsk\u00e9 rodiny Istana, ve kter\u00e9m dnes s\u00eddl\u00ed Malajsk\u00e9 historick\u00e9 centrum. Je zde k vid\u011bn\u00ed t\u0159pytiv\u00e1 zlat\u00e1 kopule sult\u00e1novy me\u0161ity.<br \/>\nz d\u00e1lky. V sou\u010dasnosti je to nejv\u011bt\u0161\u00ed singapursk\u00e1 me\u0161ita, kde se ka\u017edoro\u010dn\u011b po ramad\u00e1nu konaj\u00ed hlavn\u00ed oslavy sv\u00e1tku Hari Raya. Projdete se po slavn\u00e9 p\u011b\u0161\u00ed z\u00f3n\u011b Bussorah Street a v jedn\u00e9 z mnoha kav\u00e1ren ve star\u00e9m obchod\u011b ochutn\u00e1te tradi\u010dn\u00ed malajsk\u00fd \u010daj Teh Tarik. O kousek d\u00e1l najdete \u010d\u00ednskou \u010dtvr\u0165, kde se na po\u010d\u00e1tku 19. stolet\u00ed usadili lid\u00e9 z ji\u017en\u00ed \u010c\u00edny. Dnes je \u010c\u00ednsk\u00e1 \u010dtvr\u0165 \u010dtvrt\u00ed star\u00fdch dom\u016f, obchod\u016f a supermodern\u00edch kancel\u00e1\u0159\u00ed, \u010dajoven a hospod. Stejn\u011b jako jinde v Singapuru i zde je c\u00edtit sm\u011bsice n\u011bkolika kultur a civilizac\u00ed: \u010d\u00ednsk\u00e9 chr\u00e1my soused\u00ed s me\u0161itami. Nav\u0161t\u00edv\u00edte nejstar\u0161\u00ed hinduistick\u00fd chr\u00e1m Sri Mariamman, zasv\u011bcen\u00fd matce bohyni de\u0161t\u011b, ochr\u00e1nkyni p\u0159ed nemocemi a epidemiemi. Projdete se ulicemi \u010d\u00ednsk\u00e9 \u010dtvrti a dozv\u00edte se, kdo jsou \"coolies\", \"rik\u0161i\" a \u017eeny \"samsui\".  N\u00e1vrat do hotelu kolem 13:00.<\/p>\n<p><strong>V\u010detn\u011b:<\/strong><\/p>\n<ul>\n<li>Transfery do hotelu a zp\u011bt (vyzvednut\u00ed ze v\u0161ech hotel\u016f v Singapuru)<\/li>\n<li>V\u0161echny transfery v r\u00e1mci programu<\/li>\n<li>rusky mluv\u00edc\u00ed pr\u016fvodce<\/li>\n<\/ul>\n<p><strong>Vezm\u011bte si ji s sebou:<\/strong><\/p>\n<ul>\n<li>Voda<\/li>\n<li>Pokr\u00fdvka hlavy<\/li>\n<li>Kapesn\u00e9<\/li>\n<\/ul>","protected":false},"excerpt":{"rendered":"<p><strong>Doba prohl\u00eddky:<\/strong> 9:00 &#8212; 13:00<\/p>\n<p><strong>Dny zadr\u017een\u00ed:<\/strong> denn\u011b<\/p>","protected":false},"featured_media":41882,"template":"","meta":{"_kad_post_transparent":"default","_kad_post_title":"","_kad_post_layout":"default","_kad_post_sidebar_id":"","_kad_post_content_style":"default","_kad_post_vertical_padding":"default","_kad_post_feature":"","_kad_post_feature_position":"","_kad_post_header":false,"_kad_post_footer":false,"_kad_post_classname":"","_glsr_average":0,"_glsr_ranking":0,"_glsr_reviews":0},"product_brand":[],"product_cat":[440],"product_tag":[],"class_list":{"0":"post-41869","1":"product","2":"type-product","3":"status-publish","4":"has-post-thumbnail","6":"product_cat-singapore","7":"tm-has-options","9":"first","10":"instock","11":"sale","12":"sold-individually","13":"taxable","14":"shipping-taxable","15":"purchasable","16":"product-type-simple","17":"entry","18":"content-bg","19":"loop-entry"},"yoast_head":"<!-- This site is optimized with the Yoast SEO plugin v27.3 - https:\/\/yoast.com\/product\/yoast-seo-wordpress\/ -->\n<title>\u042d\u0442\u043d\u0438\u0447\u0435\u0441\u043a\u0438\u0435 \u043a\u0432\u0430\u0440\u0442\u0430\u043b\u044b &#8226; \u042d\u043a\u0441\u043a\u0443\u0440\u0441\u0438\u0438 Skyline<\/title>\n<meta name=\"robots\" content=\"index, follow, max-snippet:-1, max-image-preview:large, max-video-preview:-1\" \/>\n<link rel=\"canonical\" href=\"https:\/\/skyline-gs.com\/cs\/produkt\/ethnic-quarters-singapore\/\" \/>\n<meta property=\"og:locale\" content=\"cs_CZ\" \/>\n<meta property=\"og:type\" content=\"article\" \/>\n<meta property=\"og:title\" content=\"\u042d\u0442\u043d\u0438\u0447\u0435\u0441\u043a\u0438\u0435 \u043a\u0432\u0430\u0440\u0442\u0430\u043b\u044b &#8226; \u042d\u043a\u0441\u043a\u0443\u0440\u0441\u0438\u0438 Skyline\" \/>\n<meta property=\"og:description\" content=\"\u0412\u0440\u0435\u043c\u044f \u0442\u0443\u0440\u0430: 9:00 - 13:00  \u0414\u043d\u0438 \u043f\u0440\u043e\u0432\u0435\u0434\u0435\u043d\u0438\u044f: \u0435\u0436\u0435\u0434\u043d\u0435\u0432\u043d\u043e\" \/>\n<meta property=\"og:url\" content=\"https:\/\/skyline-gs.com\/cs\/produkt\/ethnic-quarters-singapore\/\" \/>\n<meta property=\"og:site_name\" content=\"\u042d\u043a\u0441\u043a\u0443\u0440\u0441\u0438\u0438 Skyline\" \/>\n<meta property=\"article:modified_time\" content=\"2025-05-31T19:58:31+00:00\" \/>\n<meta property=\"og:image\" content=\"https:\/\/skyline-gs.com\/wp-content\/uploads\/2023\/01\/8-8.png\" \/>\n\t<meta property=\"og:image:width\" content=\"669\" \/>\n\t<meta property=\"og:image:height\" content=\"446\" \/>\n\t<meta property=\"og:image:type\" content=\"image\/png\" \/>\n<meta name=\"twitter:card\" content=\"summary_large_image\" \/>\n<meta name=\"twitter:label1\" content=\"Odhadovan\u00e1 doba \u010dten\u00ed\" \/>\n\t<meta name=\"twitter:data1\" content=\"2 minuty\" \/>\n<script type=\"application\/ld+json\" class=\"yoast-schema-graph\">{\"@context\":\"https:\\\/\\\/schema.org\",\"@graph\":[{\"@type\":\"WebPage\",\"@id\":\"https:\\\/\\\/skyline-gs.com\\\/product\\\/ethnic-quarters-singapore\\\/\",\"url\":\"https:\\\/\\\/skyline-gs.com\\\/product\\\/ethnic-quarters-singapore\\\/\",\"name\":\"\u042d\u0442\u043d\u0438\u0447\u0435\u0441\u043a\u0438\u0435 \u043a\u0432\u0430\u0440\u0442\u0430\u043b\u044b &#8226; \u042d\u043a\u0441\u043a\u0443\u0440\u0441\u0438\u0438 Skyline\",\"isPartOf\":{\"@id\":\"https:\\\/\\\/skyline-gs.com\\\/it\\\/#website\"},\"primaryImageOfPage\":{\"@id\":\"https:\\\/\\\/skyline-gs.com\\\/product\\\/ethnic-quarters-singapore\\\/#primaryimage\"},\"image\":{\"@id\":\"https:\\\/\\\/skyline-gs.com\\\/product\\\/ethnic-quarters-singapore\\\/#primaryimage\"},\"thumbnailUrl\":\"https:\\\/\\\/skyline-gs.com\\\/wp-content\\\/uploads\\\/2023\\\/01\\\/8-8.png\",\"datePublished\":\"2023-01-21T22:09:34+00:00\",\"dateModified\":\"2025-05-31T19:58:31+00:00\",\"breadcrumb\":{\"@id\":\"https:\\\/\\\/skyline-gs.com\\\/product\\\/ethnic-quarters-singapore\\\/#breadcrumb\"},\"inLanguage\":\"cs\",\"potentialAction\":[{\"@type\":\"ReadAction\",\"target\":[\"https:\\\/\\\/skyline-gs.com\\\/product\\\/ethnic-quarters-singapore\\\/\"]}]},{\"@type\":\"ImageObject\",\"inLanguage\":\"cs\",\"@id\":\"https:\\\/\\\/skyline-gs.com\\\/product\\\/ethnic-quarters-singapore\\\/#primaryimage\",\"url\":\"https:\\\/\\\/skyline-gs.com\\\/wp-content\\\/uploads\\\/2023\\\/01\\\/8-8.png\",\"contentUrl\":\"https:\\\/\\\/skyline-gs.com\\\/wp-content\\\/uploads\\\/2023\\\/01\\\/8-8.png\",\"width\":669,\"height\":446},{\"@type\":\"BreadcrumbList\",\"@id\":\"https:\\\/\\\/skyline-gs.com\\\/product\\\/ethnic-quarters-singapore\\\/#breadcrumb\",\"itemListElement\":[{\"@type\":\"ListItem\",\"position\":1,\"name\":\"\u0413\u043b\u0430\u0432\u043d\u0430\u044f \u0441\u0442\u0440\u0430\u043d\u0438\u0446\u0430\",\"item\":\"https:\\\/\\\/skyline-gs.com\\\/hu\\\/\"},{\"@type\":\"ListItem\",\"position\":2,\"name\":\"\u041c\u0430\u0433\u0430\u0437\u0438\u043d\",\"item\":\"https:\\\/\\\/skyline-gs.com\\\/cs\\\/shop\\\/\"},{\"@type\":\"ListItem\",\"position\":3,\"name\":\"\u042d\u0442\u043d\u0438\u0447\u0435\u0441\u043a\u0438\u0435 \u043a\u0432\u0430\u0440\u0442\u0430\u043b\u044b\"}]},{\"@type\":\"WebSite\",\"@id\":\"https:\\\/\\\/skyline-gs.com\\\/it\\\/#website\",\"url\":\"https:\\\/\\\/skyline-gs.com\\\/it\\\/\",\"name\":\"\u042d\u043a\u0441\u043a\u0443\u0440\u0441\u0438\u0438 Skyline\",\"description\":\"\u042d\u043a\u0441\u043a\u043b\u044e\u0437\u0438\u0432\u043d\u044b\u0435 \u044d\u043a\u0441\u043a\u0443\u0440\u0441\u0438\u0438 \u043d\u0430 \u043b\u0443\u0447\u0448\u0438\u0445 \u043a\u0443\u0440\u043e\u0440\u0442\u0430\u0445 \u043c\u0438\u0440\u0430\",\"publisher\":{\"@id\":\"https:\\\/\\\/skyline-gs.com\\\/it\\\/#organization\"},\"alternateName\":\"Skyline\",\"potentialAction\":[{\"@type\":\"SearchAction\",\"target\":{\"@type\":\"EntryPoint\",\"urlTemplate\":\"https:\\\/\\\/skyline-gs.com\\\/it\\\/?s={search_term_string}\"},\"query-input\":{\"@type\":\"PropertyValueSpecification\",\"valueRequired\":true,\"valueName\":\"search_term_string\"}}],\"inLanguage\":\"cs\"},{\"@type\":\"Organization\",\"@id\":\"https:\\\/\\\/skyline-gs.com\\\/it\\\/#organization\",\"name\":\"\u042d\u043a\u0441\u043a\u0443\u0440\u0441\u0438\u0438 Skyline\",\"alternateName\":\"\u042d\u043a\u0441\u043a\u0443\u0440\u0441\u0438\u0438 Skyline\",\"url\":\"https:\\\/\\\/skyline-gs.com\\\/it\\\/\",\"logo\":{\"@type\":\"ImageObject\",\"inLanguage\":\"cs\",\"@id\":\"https:\\\/\\\/skyline-gs.com\\\/it\\\/#\\\/schema\\\/logo\\\/image\\\/\",\"url\":\"https:\\\/\\\/skyline-gs.com\\\/wp-content\\\/uploads\\\/2020\\\/12\\\/cropped-logo-2.png\",\"contentUrl\":\"https:\\\/\\\/skyline-gs.com\\\/wp-content\\\/uploads\\\/2020\\\/12\\\/cropped-logo-2.png\",\"width\":512,\"height\":512,\"caption\":\"\u042d\u043a\u0441\u043a\u0443\u0440\u0441\u0438\u0438 Skyline\"},\"image\":{\"@id\":\"https:\\\/\\\/skyline-gs.com\\\/it\\\/#\\\/schema\\\/logo\\\/image\\\/\"},\"sameAs\":[\"https:\\\/\\\/www.instagram.com\\\/skylineglobalservice\\\/\"]}]}<\/script>\n<!-- \/ Yoast SEO plugin. -->","yoast_head_json":{"title":"\u042d\u0442\u043d\u0438\u0447\u0435\u0441\u043a\u0438\u0435 \u043a\u0432\u0430\u0440\u0442\u0430\u043b\u044b &#8226; \u042d\u043a\u0441\u043a\u0443\u0440\u0441\u0438\u0438 Skyline","robots":{"index":"index","follow":"follow","max-snippet":"max-snippet:-1","max-image-preview":"max-image-preview:large","max-video-preview":"max-video-preview:-1"},"canonical":"https:\/\/skyline-gs.com\/cs\/produkt\/ethnic-quarters-singapore\/","og_locale":"cs_CZ","og_type":"article","og_title":"\u042d\u0442\u043d\u0438\u0447\u0435\u0441\u043a\u0438\u0435 \u043a\u0432\u0430\u0440\u0442\u0430\u043b\u044b &#8226; \u042d\u043a\u0441\u043a\u0443\u0440\u0441\u0438\u0438 Skyline","og_description":"\u0412\u0440\u0435\u043c\u044f \u0442\u0443\u0440\u0430: 9:00 - 13:00  \u0414\u043d\u0438 \u043f\u0440\u043e\u0432\u0435\u0434\u0435\u043d\u0438\u044f: \u0435\u0436\u0435\u0434\u043d\u0435\u0432\u043d\u043e","og_url":"https:\/\/skyline-gs.com\/cs\/produkt\/ethnic-quarters-singapore\/","og_site_name":"\u042d\u043a\u0441\u043a\u0443\u0440\u0441\u0438\u0438 Skyline","article_modified_time":"2025-05-31T19:58:31+00:00","og_image":[{"width":669,"height":446,"url":"https:\/\/skyline-gs.com\/wp-content\/uploads\/2023\/01\/8-8.png","type":"image\/png"}],"twitter_card":"summary_large_image","twitter_misc":{"Odhadovan\u00e1 doba \u010dten\u00ed":"2 minuty"},"schema":{"@context":"https:\/\/schema.org","@graph":[{"@type":"WebPage","@id":"https:\/\/skyline-gs.com\/product\/ethnic-quarters-singapore\/","url":"https:\/\/skyline-gs.com\/product\/ethnic-quarters-singapore\/","name":"\u042d\u0442\u043d\u0438\u0447\u0435\u0441\u043a\u0438\u0435 \u043a\u0432\u0430\u0440\u0442\u0430\u043b\u044b &#8226; \u042d\u043a\u0441\u043a\u0443\u0440\u0441\u0438\u0438 Skyline","isPartOf":{"@id":"https:\/\/skyline-gs.com\/it\/#website"},"primaryImageOfPage":{"@id":"https:\/\/skyline-gs.com\/product\/ethnic-quarters-singapore\/#primaryimage"},"image":{"@id":"https:\/\/skyline-gs.com\/product\/ethnic-quarters-singapore\/#primaryimage"},"thumbnailUrl":"https:\/\/skyline-gs.com\/wp-content\/uploads\/2023\/01\/8-8.png","datePublished":"2023-01-21T22:09:34+00:00","dateModified":"2025-05-31T19:58:31+00:00","breadcrumb":{"@id":"https:\/\/skyline-gs.com\/product\/ethnic-quarters-singapore\/#breadcrumb"},"inLanguage":"cs","potentialAction":[{"@type":"ReadAction","target":["https:\/\/skyline-gs.com\/product\/ethnic-quarters-singapore\/"]}]},{"@type":"ImageObject","inLanguage":"cs","@id":"https:\/\/skyline-gs.com\/product\/ethnic-quarters-singapore\/#primaryimage","url":"https:\/\/skyline-gs.com\/wp-content\/uploads\/2023\/01\/8-8.png","contentUrl":"https:\/\/skyline-gs.com\/wp-content\/uploads\/2023\/01\/8-8.png","width":669,"height":446},{"@type":"BreadcrumbList","@id":"https:\/\/skyline-gs.com\/product\/ethnic-quarters-singapore\/#breadcrumb","itemListElement":[{"@type":"ListItem","position":1,"name":"\u0413\u043b\u0430\u0432\u043d\u0430\u044f \u0441\u0442\u0440\u0430\u043d\u0438\u0446\u0430","item":"https:\/\/skyline-gs.com\/hu\/"},{"@type":"ListItem","position":2,"name":"\u041c\u0430\u0433\u0430\u0437\u0438\u043d","item":"https:\/\/skyline-gs.com\/cs\/shop\/"},{"@type":"ListItem","position":3,"name":"\u042d\u0442\u043d\u0438\u0447\u0435\u0441\u043a\u0438\u0435 \u043a\u0432\u0430\u0440\u0442\u0430\u043b\u044b"}]},{"@type":"WebSite","@id":"https:\/\/skyline-gs.com\/it\/#website","url":"https:\/\/skyline-gs.com\/it\/","name":"Skyline V\u00fdlety","description":"Exkluzivn\u00ed v\u00fdlety do nejlep\u0161\u00edch sv\u011btov\u00fdch letovisek","publisher":{"@id":"https:\/\/skyline-gs.com\/it\/#organization"},"alternateName":"Skyline","potentialAction":[{"@type":"SearchAction","target":{"@type":"EntryPoint","urlTemplate":"https:\/\/skyline-gs.com\/it\/?s={search_term_string}"},"query-input":{"@type":"PropertyValueSpecification","valueRequired":true,"valueName":"search_term_string"}}],"inLanguage":"cs"},{"@type":"Organization","@id":"https:\/\/skyline-gs.com\/it\/#organization","name":"Skyline V\u00fdlety","alternateName":"\u042d\u043a\u0441\u043a\u0443\u0440\u0441\u0438\u0438 Skyline","url":"https:\/\/skyline-gs.com\/it\/","logo":{"@type":"ImageObject","inLanguage":"cs","@id":"https:\/\/skyline-gs.com\/it\/#\/schema\/logo\/image\/","url":"https:\/\/skyline-gs.com\/wp-content\/uploads\/2020\/12\/cropped-logo-2.png","contentUrl":"https:\/\/skyline-gs.com\/wp-content\/uploads\/2020\/12\/cropped-logo-2.png","width":512,"height":512,"caption":"\u042d\u043a\u0441\u043a\u0443\u0440\u0441\u0438\u0438 Skyline"},"image":{"@id":"https:\/\/skyline-gs.com\/it\/#\/schema\/logo\/image\/"},"sameAs":["https:\/\/www.instagram.com\/skylineglobalservice\/"]}]}},"_links":{"self":[{"href":"https:\/\/skyline-gs.com\/cs\/wp-json\/wp\/v2\/product\/41869","targetHints":{"allow":["GET"]}}],"collection":[{"href":"https:\/\/skyline-gs.com\/cs\/wp-json\/wp\/v2\/product"}],"about":[{"href":"https:\/\/skyline-gs.com\/cs\/wp-json\/wp\/v2\/types\/product"}],"version-history":[{"count":0,"href":"https:\/\/skyline-gs.com\/cs\/wp-json\/wp\/v2\/product\/41869\/revisions"}],"wp:featuredmedia":[{"embeddable":true,"href":"https:\/\/skyline-gs.com\/cs\/wp-json\/wp\/v2\/media\/41882"}],"wp:attachment":[{"href":"https:\/\/skyline-gs.com\/cs\/wp-json\/wp\/v2\/media?parent=41869"}],"wp:term":[{"taxonomy":"product_brand","embeddable":true,"href":"https:\/\/skyline-gs.com\/cs\/wp-json\/wp\/v2\/product_brand?post=41869"},{"taxonomy":"product_cat","embeddable":true,"href":"https:\/\/skyline-gs.com\/cs\/wp-json\/wp\/v2\/product_cat?post=41869"},{"taxonomy":"product_tag","embeddable":true,"href":"https:\/\/skyline-gs.com\/cs\/wp-json\/wp\/v2\/product_tag?post=41869"}],"curies":[{"name":"wp","href":"https:\/\/api.w.org\/{rel}","templated":true}]}}