{"id":40821,"date":"2022-11-12T22:49:13","date_gmt":"2022-11-12T20:49:13","guid":{"rendered":"http:\/\/skyline-gs.com\/?post_type=product&#038;p=40821"},"modified":"2025-10-29T19:55:23","modified_gmt":"2025-10-29T17:55:23","slug":"luxor-and-dendera-marsaalam","status":"publish","type":"product","link":"https:\/\/skyline-gs.com\/cs\/product\/luxor-and-dendera-marsaalam\/","title":{"rendered":"Luxor a Dendera"},"content":{"rendered":"<p>4:30 \u0443\u0442\u0440\u0430 \u0432\u044b\u0435\u0437\u0434 \u0438\u0437 \u043e\u0442\u0435\u043b\u044f. \u0414\u043e\u0440\u043e\u0433\u0430 \u0432 \u043e\u0434\u043d\u0443 \u0441\u0442\u043e\u0440\u043e\u043d\u0443 \u0437\u0430\u0439\u043c\u0435\u0442 \u043e\u043a\u043e\u043b\u043e 4,5\u0445 \u0447\u0430\u0441\u0430. 9:00 \u043f\u0440\u0438\u0435\u0437\u0434 \u0432 \u0414\u043e\u043b\u0438\u043d\u0443 \u041d\u0438\u043b\u0430 \u0438 \u043e\u0441\u043c\u043e\u0442\u0440 \u043d\u0430\u0441\u0442\u043e\u044f\u0449\u0435\u0439 \u0436\u0438\u0437\u043d\u0438 \u0415\u0433\u0438\u043f\u0442\u0430. \u041e\u0441\u043c\u043e\u0442\u0440 \u0445\u0440\u0430\u043c\u043e\u0432\u043e\u0433\u043e \u043a\u043e\u043c\u043f\u043b\u0435\u043a\u0441\u0430 \u0414\u0435\u043d\u0434\u0435\u0440\u0430. \u0414\u0435\u043d\u0434\u0435\u0440\u0430 &#8212; \u0445\u0440\u0430\u043c\u043e\u0432\u044b\u0439 \u043a\u043e\u043c\u043f\u043b\u0435\u043a\u0441, \u043a\u043e\u0442\u043e\u0440\u044b\u0439 \u0431\u044b\u043b \u043f\u043e\u0441\u0432\u044f\u0449\u0435\u043d \u0431\u043e\u0433\u0438\u043d\u0435 \u0425\u0430\u0442\u0445\u043e\u0440. \u041e\u043d\u0430 \u043f\u043e\u0447\u0438\u0442\u0430\u043b\u0430\u0441\u044c \u0432 \u043a\u0430\u0447\u0435\u0441\u0442\u0432\u0435 \u0434\u043e\u0447\u0435\u0440\u0438 \u0441\u043e\u043b\u043d\u0435\u0447\u043d\u043e\u0433\u043e \u0431\u043e\u0436\u0435\u0441\u0442\u0432\u0430. \u0425\u0440\u0430\u043c \u043e\u0442\u043b\u0438\u0447\u0430\u0435\u0442\u0441\u044f \u0443\u0434\u0438\u0432\u0438\u0442\u0435\u043b\u044c\u043d\u043e\u0439 \u0430\u0440\u0445\u0438\u0442\u0435\u043a\u0442\u0443\u0440\u043e\u0439, \u043a\u043e\u0442\u043e\u0440\u0430\u044f \u043f\u0440\u0438\u0437\u0432\u0430\u043d\u0430 \u0441\u0432\u044f\u0437\u0430\u0442\u044c \u0435\u0433\u043e \u0441 \u043a\u043e\u0441\u043c\u0438\u0447\u0435\u0441\u043a\u0438\u043c \u043d\u0430\u0447\u0430\u043b\u043e\u043c \u0441\u0430\u043c\u043e\u0439 \u0431\u043e\u0433\u0438\u043d\u0438. \u0417\u0434\u0435\u0441\u044c \u0440\u0430\u0441\u043f\u043e\u043b\u0430\u0433\u0430\u0435\u0442\u0441\u044f \u0414\u0435\u043d\u0434\u0435\u0440\u043e\u0432\u0441\u043a\u0438\u0439 \u0437\u043e\u0434\u0438\u0430\u043a, \u0432 \u043a\u043e\u0442\u043e\u0440\u043e\u043c, \u043a\u0430\u043a \u0441\u0447\u0438\u0442\u0430\u0435\u0442\u0441\u044f, \u0443\u043a\u0430\u0437\u0430\u043d\u044b \u043f\u0435\u0440\u0435\u043b\u043e\u043c\u043d\u044b\u0435 \u043c\u043e\u043c\u0435\u043d\u0442\u044b \u0432 \u0438\u0441\u0442\u043e\u0440\u0438\u0438 \u0447\u0435\u043b\u043e\u0432\u0435\u0447\u0435\u0441\u0442\u0432\u0430. \u041f\u0435\u0440\u0435\u0435\u0437\u0434 \u0432 \u041b\u0443\u043a\u0441\u043e\u0440. 10:00\u00a0 \u043f\u0440\u0438\u0435\u0437\u0434 \u0432 \u041b\u0443\u043a\u0441\u043e\u0440. \u041f\u043e \u043f\u0440\u0438\u0435\u0437\u0434\u0443 \u0432 \u041b\u0443\u043a\u0441\u043e\u0440 \u043d\u0430\u0447\u0438\u043d\u0430\u0435\u0442\u0441\u044f \u043f\u0435\u0440\u0432\u0430\u044f \u0447\u0430\u0441\u0442\u044c \u043f\u0440\u043e\u0433\u0440\u0430\u043c\u043c\u044b \u00ab\u0413\u043e\u0440\u043e\u0434 \u0436\u0438\u0432\u044b\u0445\u00bb \u043a\u043e\u0442\u043e\u0440\u044b\u0439 \u043d\u0430\u0445\u043e\u0434\u0438\u0442\u0441\u044f \u043d\u0430 \u0432\u043e\u0441\u0442\u043e\u0447\u043d\u043e\u043c \u0431\u0435\u0440\u0435\u0433\u0443 \u041d\u0438\u043b\u0430. \u041f\u043e\u0441\u0435\u0449\u0435 \u041a\u0430\u0440\u043d\u0430\u043a\u0441\u043a\u0438\u0439 \u0445\u0440\u0430\u043c, \u043a\u043e\u0440\u043e\u0442\u044b\u0439 \u044f\u0432\u043b\u044f\u0435\u0442\u0441\u044f \u0441\u0430\u043c\u044b\u043c \u043a\u0440\u0443\u043f\u043d\u0435\u0439\u0448\u0438\u043c \u0430\u0440\u0445\u0438\u0442\u0435\u043a\u0442\u0443\u0440\u043d\u044b\u043c \u0441\u043e\u043e\u0440\u0443\u0436\u0435\u043d\u0438\u0435\u043c \u0434\u0440\u0435\u0432\u043d\u0435\u0433\u043e \u043c\u0438\u0440\u0430 \u0438 \u043e\u0434\u043d\u044b\u043c \u0438\u0437 \u043a\u0440\u0443\u043f\u043d\u0435\u0439\u0448\u0438\u0445 \u0445\u0440\u0430\u043c\u043e\u0432\u044b\u0445 \u043a\u043e\u043c\u043f\u043b\u0435\u043a\u0441\u043e\u0432 \u0432\u0441\u0435\u0433\u043e \u043c\u0438\u0440\u0430. \u041a\u0430\u0440\u043d\u0430\u043a\u0441\u043a\u0438\u0439 \u0445\u0440\u0430\u043c \u0431\u044b\u043b \u043f\u043e\u0441\u0442\u0440\u043e\u0435\u043d \u043d\u0435 \u043e\u0434\u043d\u0438\u043c \u0444\u0430\u0440\u0430\u043e\u043d\u043e\u043c \u0438 \u0434\u0430\u0436\u0435 \u043d\u0435 \u043e\u0434\u043d\u043e\u0439 \u0434\u0438\u043d\u0430\u0441\u0442\u0438\u0435\u0439, \u043e\u043a\u043e\u043b\u043e 30 \u0444\u0430\u0440\u0430\u043e\u043d\u043e\u0432 \u0432\u043d\u0435\u0441\u043b\u0438 \u0441\u0432\u043e\u0439 \u0432\u043a\u043b\u0430\u0434 \u0432 \u0441\u043e\u0437\u0434\u0430\u043d\u0438\u0435 \u043a\u043e\u043c\u043f\u043b\u0435\u043a\u0441\u0430, \u0434\u043e\u0431\u0430\u0432\u0438\u0432 \u0445\u0440\u0430\u043c\u044b, \u043f\u0438\u043b\u043e\u043d\u044b, \u0447\u0430\u0441\u043e\u0432\u043d\u0438 \u0438 \u043e\u0431\u0435\u043b\u0438\u0441\u043a\u0438, \u043f\u043e\u0441\u0432\u044f\u0449\u0435\u043d\u043d\u044b\u0435 \u0431\u043e\u0433\u0430\u043c \u0424\u0438\u0432. \u041a\u0430\u0440\u043d\u0430\u043a\u0441\u043a\u0438\u0439 \u0445\u0440\u0430\u043c \u0441\u043e\u0441\u0442\u043e\u0438\u0442 \u0438\u0437 \u0442\u0440\u0435\u0445 \u043a\u0440\u0443\u043f\u043d\u044b\u0445 \u0441\u043e\u043e\u0440\u0443\u0436\u0435\u043d\u0438\u0439, \u043d\u0435\u0441\u043a\u043e\u043b\u044c\u043a\u0438\u0445 \u0445\u0440\u0430\u043c\u043e\u0432 \u043c\u0435\u043d\u044c\u0448\u0435\u0433\u043e \u0440\u0430\u0437\u043c\u0435\u0440\u0430, \u043d\u0430\u0445\u043e\u0434\u044f\u0449\u0438\u0445\u0441\u044f \u0432 \u043f\u0440\u0435\u0434\u0435\u043b\u0430\u0445 \u0433\u043b\u0430\u0432\u043d\u043e\u0439 \u0442\u0435\u0440\u0440\u0438\u0442\u043e\u0440\u0438\u0438. \u041e\u0431\u0435\u0434 \u0432 \u0440\u0435\u0441\u0442\u043e\u0440\u0430\u043d\u0435 \u043f\u043e \u0441\u0438\u0441\u0442\u0435\u043c\u0435 \u0448\u0432\u0435\u0434\u0441\u043a\u0438\u0439 \u0441\u0442\u043e\u043b (\u043d\u0430\u043f\u0438\u0442\u043a\u0438 \u043d\u0435 \u0432\u043a\u043b\u044e\u0447\u0435\u043d\u044b \u0432 \u0441\u0442\u043e\u0438\u043c\u043e\u0441\u0442\u044c).<\/p>\n<p>\u0417\u0430\u0442\u0435\u043c \u0432\u044b \u043e\u0442\u043f\u0440\u0430\u0432\u043b\u044f\u0435\u0442\u0435\u0441\u044c \u043d\u0430 \u043b\u043e\u0434\u043a\u0435 \u043f\u043e \u041d\u0438\u043b\u0443 \u043d\u0430 \u0437\u0430\u043f\u0430\u0434\u043d\u044b\u0439 \u0431\u0435\u0440\u0435\u0433 \u0432 \u0433\u043e\u0440\u043e\u0434 \u043c\u0451\u0440\u0442\u0432\u044b\u0445, \u0433\u0434\u0435 \u0443 \u0432\u0430\u0441 \u0431\u0443\u0434\u0435\u0442 \u0432\u0442\u043e\u0440\u0430\u044f \u0447\u0430\u0441\u0442\u044c \u043f\u0440\u043e\u0433\u0440\u0430\u043c\u043c\u044b. \u041f\u043e\u0441\u0435\u0449\u0435\u043d\u0438\u044f \u0437\u0430\u043f\u0430\u0434\u043d\u043e\u0433\u043e \u0431\u0435\u0440\u0435\u0433\u0430 \u0438 \u0414\u043e\u043b\u0438\u043d\u0430 \u043c\u0451\u0440\u0442\u0432\u044b\u0445. \u0412\u043d\u0430\u0447\u0430\u043b\u0435 \u0432\u0430\u0441 \u0432\u0441\u0442\u0440\u0435\u0447\u0430\u044e\u0442 \u041a\u043e\u043b\u043e\u0441\u0441\u044b \u041c\u0435\u043c\u043d\u043e\u043d\u0430, \u0434\u0432\u0435 \u043e\u0433\u0440\u043e\u043c\u043d\u044b\u0435 \u0441\u0442\u0430\u0442\u0443\u0438 \u0432\u044b\u0441\u043e\u0442\u043e\u0439 18 \u043c\u0435\u0442\u0440\u043e\u0432 \u0438 \u0432\u0435\u0441\u043e\u043c \u0431\u043e\u043b\u0435\u0435 700 \u0442\u043e\u043d\u043d \u043a\u0430\u0436\u0434\u0430\u044f. \u041f\u0440\u043e\u0435\u0437\u0434 \u0447\u0435\u0440\u0435\u0437 \u0434\u043e\u043b\u0438\u043d\u0443 \u043c\u0451\u0440\u0442\u0432\u044b\u0445 \u0438 \u043f\u043e\u0441\u0435\u0449\u0435\u043d\u0438\u0435\u00a0 \u0445\u0440\u0430\u043c\u0430 \u0446\u0430\u0440\u0438\u0446\u044b-\u0444\u0430\u0440\u0430\u043e\u043d\u0430 \u0425\u0430\u0442\u0448\u0435\u043f\u0441\u0443\u0442. \u0413\u043b\u0430\u0432\u043d\u043e\u0439 \u0430\u0440\u0445\u0438\u0442\u0435\u043a\u0442\u0443\u0440\u043d\u043e\u0439 \u043e\u0441\u043e\u0431\u0435\u043d\u043d\u043e\u0441\u0442\u044c\u044e \u044d\u0442\u043e\u0433\u043e \u043c\u043e\u043d\u0443\u043c\u0435\u043d\u0442\u0430\u043b\u044c\u043d\u043e\u0433\u043e \u0441\u043e\u043e\u0440\u0443\u0436\u0435\u043d\u0438\u044f \u044f\u0432\u043b\u044f\u044e\u0442\u0441\u044f 3 \u0440\u0430\u0441\u043f\u043e\u043b\u043e\u0436\u0435\u043d\u043d\u044b\u0435 \u0434\u0440\u0443\u0433 \u043d\u0430\u0434 \u0434\u0440\u0443\u0433\u043e\u043c \u0442\u0435\u0440\u0440\u0430\u0441\u044b, \u043d\u0430 \u043a\u0430\u0436\u0434\u043e\u0439 \u0438\u0437 \u043a\u043e\u0442\u043e\u0440\u044b\u0445 \u0440\u0430\u0437\u043c\u0435\u0449\u0430\u043b\u0441\u044f \u043e\u0442\u043a\u0440\u044b\u0442\u044b\u0439 \u0434\u0432\u043e\u0440, \u043a\u0440\u044b\u0442\u044b\u0435 \u043f\u043e\u043c\u0435\u0449\u0435\u043d\u0438\u044f \u0441 \u043f\u0438\u043b\u044f\u0441\u0442\u0440\u0430\u043c\u0438 \u0438 \u0441\u043f\u0440\u044f\u0442\u0430\u043d\u043d\u044b\u0435 \u0432 \u0433\u043b\u0443\u0431\u0438\u043d\u0435 \u0433\u043e\u0440\u044b \u0441\u0432\u044f\u0442\u0438\u043b\u0438\u0449\u0430. \u0425\u0430\u0442\u0448\u0435\u043f\u0441\u0443\u0442 \u2013 \u043e\u0434\u043d\u0430 \u0438\u0437 \u0441\u0430\u043c\u044b\u0445 \u0438\u0437\u0432\u0435\u0441\u0442\u043d\u044b\u0445 \u0444\u0438\u0433\u0443\u0440 \u0432 \u0438\u0441\u0442\u043e\u0440\u0438\u0438 \u0434\u0440\u0435\u0432\u043d\u0435\u0433\u043e \u0415\u0433\u0438\u043f\u0442\u0430. \u0418\u0441\u0442\u043e\u0440\u0438\u044f \u0434\u0440\u0435\u0432\u043d\u0435\u0433\u043e \u0415\u0433\u0438\u043f\u0442\u0430 \u0443\u043f\u0430\u043c\u0438\u043d\u0430\u0435\u0442 \u0435\u0435 \u043a\u0430\u043a \u0416\u0435\u043b\u0435\u0437\u043d\u0430\u044f \u043f\u0440\u0430\u0432\u0438\u0442\u0435\u043b\u044c\u043d\u0438\u0446\u0430. \u041f\u043e\u0441\u043b\u0435 \u044d\u0442\u043e\u0433\u043e, \u0443 \u0432\u0430\u0441 \u0431\u0443\u0434\u0435\u0442 \u043f\u0440\u043e\u0433\u0443\u043b\u043a\u0430 \u043f\u043e \u0440\u0435\u043a\u0435 \u041d\u0438\u043b \u0441 \u043f\u043e\u0441\u0435\u0449\u0435\u043d\u0438\u0435\u043c \u0411\u0430\u043d\u0430\u043d\u043e\u0432\u043e\u0433\u043e \u043e\u0441\u0442\u0440\u043e\u0432\u0430 (\u043f\u043e \u0436\u0435\u043b\u0430\u043d\u0438\u044e \u0437\u0430 \u0434\u043e\u043f\u043e\u043b\u043d\u0438\u0442\u0435\u043b\u044c\u043d\u0443\u044e \u043f\u043b\u0430\u0442\u0443 \u2013 10$). \u041e\u043a\u043e\u043d\u0447\u0430\u043d\u0438\u0435 \u044d\u043a\u0441\u043a\u0443\u0440\u0441\u0438\u0438 \u0438 \u043e\u0431\u0440\u0430\u0442\u043d\u0430\u044f \u0434\u043e\u0440\u043e\u0433\u0430. 22:00 \u0432\u043e\u0437\u0432\u0440\u0430\u0449\u0435\u043d\u0438\u0435 \u0432 \u043e\u0442\u0435\u043b\u044c.<\/p>\n<p><strong>V\u010detn\u011b:<\/strong><\/p>\n<ul>\n<li>Transfery z hotelu a do hotelu<\/li>\n<li>rusky mluv\u00edc\u00ed pr\u016fvodce egyptolog<\/li>\n<li>Vstupenky<\/li>\n<li>\u041f\u043e\u0441\u0435\u0449\u0435\u043d\u0438\u0435 \u0414\u0435\u043d\u0434\u0435\u0440\u044b<\/li>\n<li>Ob\u011bd v restauraci v Luxoru<\/li>\n<\/ul>\n<p><strong>Nen\u00ed sou\u010d\u00e1st\u00ed dod\u00e1vky:<\/strong><\/p>\n<ul>\n<li>N\u00e1v\u0161t\u011bva Ban\u00e1nov\u00e9ho ostrova (voliteln\u011b za p\u0159\u00edplatek - 10$)<\/li>\n<\/ul>\n<p><strong>Vezm\u011bte si ji s sebou:<\/strong><\/p>\n<ul>\n<li>Pas<\/li>\n<li>Rann\u00ed sva\u010dina (na recepci hotelu vysv\u011btlete, \u017ee brzy r\u00e1no odj\u00ed\u017ed\u00edte na v\u00fdlet a pot\u0159ebujete si p\u0159ipravit sn\u00eddani (krabi\u010dku na ob\u011bd), hotely tuto slu\u017ebu poskytuj\u00ed zdarma);<\/li>\n<li>Fotoapar\u00e1t<\/li>\n<li>Pokr\u00fdvka hlavy;<\/li>\n<li>Pen\u00edze na osobn\u00ed v\u00fddaje a suven\u00fdry;<\/li>\n<li>Pitn\u00e1 voda;<\/li>\n<li>Pohodln\u00e1 obuv;<\/li>\n<li>Tepl\u00e9 oble\u010den\u00ed na cesty (v zim\u011b).<\/li>\n<\/ul>","protected":false},"excerpt":{"rendered":"<p><strong>Doba prohl\u00eddky:<\/strong> 4:30 \u2014 22:00<\/p>\n<p><strong>Dny zadr\u017een\u00ed:<\/strong> St\u0159eda a ned\u011ble<\/p>","protected":false},"featured_media":40824,"template":"","meta":{"_kad_post_transparent":"default","_kad_post_title":"","_kad_post_layout":"default","_kad_post_sidebar_id":"","_kad_post_content_style":"default","_kad_post_vertical_padding":"default","_kad_post_feature":"","_kad_post_feature_position":"","_kad_post_header":false,"_kad_post_footer":false,"_kad_post_classname":"","_glsr_average":0,"_glsr_ranking":0,"_glsr_reviews":0},"product_brand":[],"product_cat":[452],"product_tag":[],"class_list":{"0":"post-40821","1":"product","2":"type-product","3":"status-publish","4":"has-post-thumbnail","6":"product_cat-marsa-alam","7":"tm-has-options","9":"first","10":"instock","11":"sale","12":"sold-individually","13":"taxable","14":"shipping-taxable","15":"purchasable","16":"product-type-simple","17":"entry","18":"content-bg","19":"loop-entry"},"yoast_head":"<!-- This site is optimized with the Yoast SEO plugin v27.3 - https:\/\/yoast.com\/product\/yoast-seo-wordpress\/ -->\n<title>\u041b\u0443\u043a\u0441\u043e\u0440 \u0438 \u0414\u0435\u043d\u0434\u0435\u0440\u0430 &#8226; \u042d\u043a\u0441\u043a\u0443\u0440\u0441\u0438\u0438 Skyline<\/title>\n<meta name=\"robots\" content=\"index, follow, max-snippet:-1, max-image-preview:large, max-video-preview:-1\" \/>\n<link rel=\"canonical\" href=\"http:\/\/skyline-gs.com\/cs\/produkt\/luxor-and-dendera-marsaalam\/\" \/>\n<meta property=\"og:locale\" content=\"cs_CZ\" \/>\n<meta property=\"og:type\" content=\"article\" \/>\n<meta property=\"og:title\" content=\"\u041b\u0443\u043a\u0441\u043e\u0440 \u0438 \u0414\u0435\u043d\u0434\u0435\u0440\u0430 &#8226; \u042d\u043a\u0441\u043a\u0443\u0440\u0441\u0438\u0438 Skyline\" \/>\n<meta property=\"og:description\" content=\"\u0412\u0440\u0435\u043c\u044f \u0442\u0443\u0440\u0430: 4:30 - 22:00  \u0414\u043d\u0438 \u043f\u0440\u043e\u0432\u0435\u0434\u0435\u043d\u0438\u044f: \u0441\u0440\u0435\u0434\u0430 \u0438 \u0432\u043e\u0441\u043a\u0440\u0435\u0441\u0435\u043d\u044c\u0435\" \/>\n<meta property=\"og:url\" content=\"http:\/\/skyline-gs.com\/cs\/produkt\/luxor-and-dendera-marsaalam\/\" \/>\n<meta property=\"og:site_name\" content=\"\u042d\u043a\u0441\u043a\u0443\u0440\u0441\u0438\u0438 Skyline\" \/>\n<meta property=\"article:modified_time\" content=\"2025-10-29T17:55:23+00:00\" \/>\n<meta property=\"og:image\" content=\"https:\/\/skyline-gs.com\/wp-content\/uploads\/2022\/11\/Abidos-hram-Dendera-15-of-18.jpg\" \/>\n\t<meta property=\"og:image:width\" content=\"900\" \/>\n\t<meta property=\"og:image:height\" content=\"600\" \/>\n\t<meta property=\"og:image:type\" content=\"image\/jpeg\" \/>\n<meta name=\"twitter:card\" content=\"summary_large_image\" \/>\n<meta name=\"twitter:label1\" content=\"Odhadovan\u00e1 doba \u010dten\u00ed\" \/>\n\t<meta name=\"twitter:data1\" content=\"3 minuty\" \/>\n<script type=\"application\/ld+json\" class=\"yoast-schema-graph\">{\"@context\":\"https:\\\/\\\/schema.org\",\"@graph\":[{\"@type\":\"WebPage\",\"@id\":\"http:\\\/\\\/skyline-gs.com\\\/de\\\/produkt\\\/luxor-and-dendera-marsaalam\\\/\",\"url\":\"http:\\\/\\\/skyline-gs.com\\\/de\\\/produkt\\\/luxor-and-dendera-marsaalam\\\/\",\"name\":\"\u041b\u0443\u043a\u0441\u043e\u0440 \u0438 \u0414\u0435\u043d\u0434\u0435\u0440\u0430 &#8226; \u042d\u043a\u0441\u043a\u0443\u0440\u0441\u0438\u0438 Skyline\",\"isPartOf\":{\"@id\":\"https:\\\/\\\/skyline-gs.com\\\/it\\\/#website\"},\"primaryImageOfPage\":{\"@id\":\"http:\\\/\\\/skyline-gs.com\\\/de\\\/produkt\\\/luxor-and-dendera-marsaalam\\\/#primaryimage\"},\"image\":{\"@id\":\"http:\\\/\\\/skyline-gs.com\\\/de\\\/produkt\\\/luxor-and-dendera-marsaalam\\\/#primaryimage\"},\"thumbnailUrl\":\"https:\\\/\\\/skyline-gs.com\\\/wp-content\\\/uploads\\\/2022\\\/11\\\/Abidos-hram-Dendera-15-of-18.jpg\",\"datePublished\":\"2022-11-12T20:49:13+00:00\",\"dateModified\":\"2025-10-29T17:55:23+00:00\",\"breadcrumb\":{\"@id\":\"http:\\\/\\\/skyline-gs.com\\\/de\\\/produkt\\\/luxor-and-dendera-marsaalam\\\/#breadcrumb\"},\"inLanguage\":\"cs\",\"potentialAction\":[{\"@type\":\"ReadAction\",\"target\":[\"http:\\\/\\\/skyline-gs.com\\\/de\\\/produkt\\\/luxor-and-dendera-marsaalam\\\/\"]}]},{\"@type\":\"ImageObject\",\"inLanguage\":\"cs\",\"@id\":\"http:\\\/\\\/skyline-gs.com\\\/de\\\/produkt\\\/luxor-and-dendera-marsaalam\\\/#primaryimage\",\"url\":\"https:\\\/\\\/skyline-gs.com\\\/wp-content\\\/uploads\\\/2022\\\/11\\\/Abidos-hram-Dendera-15-of-18.jpg\",\"contentUrl\":\"https:\\\/\\\/skyline-gs.com\\\/wp-content\\\/uploads\\\/2022\\\/11\\\/Abidos-hram-Dendera-15-of-18.jpg\",\"width\":900,\"height\":600},{\"@type\":\"BreadcrumbList\",\"@id\":\"http:\\\/\\\/skyline-gs.com\\\/de\\\/produkt\\\/luxor-and-dendera-marsaalam\\\/#breadcrumb\",\"itemListElement\":[{\"@type\":\"ListItem\",\"position\":1,\"name\":\"\u0413\u043b\u0430\u0432\u043d\u0430\u044f \u0441\u0442\u0440\u0430\u043d\u0438\u0446\u0430\",\"item\":\"https:\\\/\\\/skyline-gs.com\\\/hu\\\/\"},{\"@type\":\"ListItem\",\"position\":2,\"name\":\"\u041c\u0430\u0433\u0430\u0437\u0438\u043d\",\"item\":\"https:\\\/\\\/skyline-gs.com\\\/cs\\\/shop\\\/\"},{\"@type\":\"ListItem\",\"position\":3,\"name\":\"\u041b\u0443\u043a\u0441\u043e\u0440 \u0438 \u0414\u0435\u043d\u0434\u0435\u0440\u0430\"}]},{\"@type\":\"WebSite\",\"@id\":\"https:\\\/\\\/skyline-gs.com\\\/it\\\/#website\",\"url\":\"https:\\\/\\\/skyline-gs.com\\\/it\\\/\",\"name\":\"\u042d\u043a\u0441\u043a\u0443\u0440\u0441\u0438\u0438 Skyline\",\"description\":\"\u042d\u043a\u0441\u043a\u043b\u044e\u0437\u0438\u0432\u043d\u044b\u0435 \u044d\u043a\u0441\u043a\u0443\u0440\u0441\u0438\u0438 \u043d\u0430 \u043b\u0443\u0447\u0448\u0438\u0445 \u043a\u0443\u0440\u043e\u0440\u0442\u0430\u0445 \u043c\u0438\u0440\u0430\",\"publisher\":{\"@id\":\"https:\\\/\\\/skyline-gs.com\\\/it\\\/#organization\"},\"alternateName\":\"Skyline\",\"potentialAction\":[{\"@type\":\"SearchAction\",\"target\":{\"@type\":\"EntryPoint\",\"urlTemplate\":\"https:\\\/\\\/skyline-gs.com\\\/it\\\/?s={search_term_string}\"},\"query-input\":{\"@type\":\"PropertyValueSpecification\",\"valueRequired\":true,\"valueName\":\"search_term_string\"}}],\"inLanguage\":\"cs\"},{\"@type\":\"Organization\",\"@id\":\"https:\\\/\\\/skyline-gs.com\\\/it\\\/#organization\",\"name\":\"\u042d\u043a\u0441\u043a\u0443\u0440\u0441\u0438\u0438 Skyline\",\"alternateName\":\"\u042d\u043a\u0441\u043a\u0443\u0440\u0441\u0438\u0438 Skyline\",\"url\":\"https:\\\/\\\/skyline-gs.com\\\/it\\\/\",\"logo\":{\"@type\":\"ImageObject\",\"inLanguage\":\"cs\",\"@id\":\"https:\\\/\\\/skyline-gs.com\\\/it\\\/#\\\/schema\\\/logo\\\/image\\\/\",\"url\":\"https:\\\/\\\/skyline-gs.com\\\/wp-content\\\/uploads\\\/2020\\\/12\\\/cropped-logo-2.png\",\"contentUrl\":\"https:\\\/\\\/skyline-gs.com\\\/wp-content\\\/uploads\\\/2020\\\/12\\\/cropped-logo-2.png\",\"width\":512,\"height\":512,\"caption\":\"\u042d\u043a\u0441\u043a\u0443\u0440\u0441\u0438\u0438 Skyline\"},\"image\":{\"@id\":\"https:\\\/\\\/skyline-gs.com\\\/it\\\/#\\\/schema\\\/logo\\\/image\\\/\"},\"sameAs\":[\"https:\\\/\\\/www.instagram.com\\\/skylineglobalservice\\\/\"]}]}<\/script>\n<!-- \/ Yoast SEO plugin. -->","yoast_head_json":{"title":"\u041b\u0443\u043a\u0441\u043e\u0440 \u0438 \u0414\u0435\u043d\u0434\u0435\u0440\u0430 &#8226; \u042d\u043a\u0441\u043a\u0443\u0440\u0441\u0438\u0438 Skyline","robots":{"index":"index","follow":"follow","max-snippet":"max-snippet:-1","max-image-preview":"max-image-preview:large","max-video-preview":"max-video-preview:-1"},"canonical":"http:\/\/skyline-gs.com\/cs\/produkt\/luxor-and-dendera-marsaalam\/","og_locale":"cs_CZ","og_type":"article","og_title":"\u041b\u0443\u043a\u0441\u043e\u0440 \u0438 \u0414\u0435\u043d\u0434\u0435\u0440\u0430 &#8226; \u042d\u043a\u0441\u043a\u0443\u0440\u0441\u0438\u0438 Skyline","og_description":"\u0412\u0440\u0435\u043c\u044f \u0442\u0443\u0440\u0430: 4:30 - 22:00  \u0414\u043d\u0438 \u043f\u0440\u043e\u0432\u0435\u0434\u0435\u043d\u0438\u044f: \u0441\u0440\u0435\u0434\u0430 \u0438 \u0432\u043e\u0441\u043a\u0440\u0435\u0441\u0435\u043d\u044c\u0435","og_url":"http:\/\/skyline-gs.com\/cs\/produkt\/luxor-and-dendera-marsaalam\/","og_site_name":"\u042d\u043a\u0441\u043a\u0443\u0440\u0441\u0438\u0438 Skyline","article_modified_time":"2025-10-29T17:55:23+00:00","og_image":[{"width":900,"height":600,"url":"https:\/\/skyline-gs.com\/wp-content\/uploads\/2022\/11\/Abidos-hram-Dendera-15-of-18.jpg","type":"image\/jpeg"}],"twitter_card":"summary_large_image","twitter_misc":{"Odhadovan\u00e1 doba \u010dten\u00ed":"3 minuty"},"schema":{"@context":"https:\/\/schema.org","@graph":[{"@type":"WebPage","@id":"http:\/\/skyline-gs.com\/de\/produkt\/luxor-and-dendera-marsaalam\/","url":"http:\/\/skyline-gs.com\/de\/produkt\/luxor-and-dendera-marsaalam\/","name":"\u041b\u0443\u043a\u0441\u043e\u0440 \u0438 \u0414\u0435\u043d\u0434\u0435\u0440\u0430 &#8226; \u042d\u043a\u0441\u043a\u0443\u0440\u0441\u0438\u0438 Skyline","isPartOf":{"@id":"https:\/\/skyline-gs.com\/it\/#website"},"primaryImageOfPage":{"@id":"http:\/\/skyline-gs.com\/de\/produkt\/luxor-and-dendera-marsaalam\/#primaryimage"},"image":{"@id":"http:\/\/skyline-gs.com\/de\/produkt\/luxor-and-dendera-marsaalam\/#primaryimage"},"thumbnailUrl":"https:\/\/skyline-gs.com\/wp-content\/uploads\/2022\/11\/Abidos-hram-Dendera-15-of-18.jpg","datePublished":"2022-11-12T20:49:13+00:00","dateModified":"2025-10-29T17:55:23+00:00","breadcrumb":{"@id":"http:\/\/skyline-gs.com\/de\/produkt\/luxor-and-dendera-marsaalam\/#breadcrumb"},"inLanguage":"cs","potentialAction":[{"@type":"ReadAction","target":["http:\/\/skyline-gs.com\/de\/produkt\/luxor-and-dendera-marsaalam\/"]}]},{"@type":"ImageObject","inLanguage":"cs","@id":"http:\/\/skyline-gs.com\/de\/produkt\/luxor-and-dendera-marsaalam\/#primaryimage","url":"https:\/\/skyline-gs.com\/wp-content\/uploads\/2022\/11\/Abidos-hram-Dendera-15-of-18.jpg","contentUrl":"https:\/\/skyline-gs.com\/wp-content\/uploads\/2022\/11\/Abidos-hram-Dendera-15-of-18.jpg","width":900,"height":600},{"@type":"BreadcrumbList","@id":"http:\/\/skyline-gs.com\/de\/produkt\/luxor-and-dendera-marsaalam\/#breadcrumb","itemListElement":[{"@type":"ListItem","position":1,"name":"\u0413\u043b\u0430\u0432\u043d\u0430\u044f \u0441\u0442\u0440\u0430\u043d\u0438\u0446\u0430","item":"https:\/\/skyline-gs.com\/hu\/"},{"@type":"ListItem","position":2,"name":"\u041c\u0430\u0433\u0430\u0437\u0438\u043d","item":"https:\/\/skyline-gs.com\/cs\/shop\/"},{"@type":"ListItem","position":3,"name":"\u041b\u0443\u043a\u0441\u043e\u0440 \u0438 \u0414\u0435\u043d\u0434\u0435\u0440\u0430"}]},{"@type":"WebSite","@id":"https:\/\/skyline-gs.com\/it\/#website","url":"https:\/\/skyline-gs.com\/it\/","name":"Skyline V\u00fdlety","description":"Exkluzivn\u00ed v\u00fdlety do nejlep\u0161\u00edch sv\u011btov\u00fdch letovisek","publisher":{"@id":"https:\/\/skyline-gs.com\/it\/#organization"},"alternateName":"Skyline","potentialAction":[{"@type":"SearchAction","target":{"@type":"EntryPoint","urlTemplate":"https:\/\/skyline-gs.com\/it\/?s={search_term_string}"},"query-input":{"@type":"PropertyValueSpecification","valueRequired":true,"valueName":"search_term_string"}}],"inLanguage":"cs"},{"@type":"Organization","@id":"https:\/\/skyline-gs.com\/it\/#organization","name":"Skyline V\u00fdlety","alternateName":"\u042d\u043a\u0441\u043a\u0443\u0440\u0441\u0438\u0438 Skyline","url":"https:\/\/skyline-gs.com\/it\/","logo":{"@type":"ImageObject","inLanguage":"cs","@id":"https:\/\/skyline-gs.com\/it\/#\/schema\/logo\/image\/","url":"https:\/\/skyline-gs.com\/wp-content\/uploads\/2020\/12\/cropped-logo-2.png","contentUrl":"https:\/\/skyline-gs.com\/wp-content\/uploads\/2020\/12\/cropped-logo-2.png","width":512,"height":512,"caption":"\u042d\u043a\u0441\u043a\u0443\u0440\u0441\u0438\u0438 Skyline"},"image":{"@id":"https:\/\/skyline-gs.com\/it\/#\/schema\/logo\/image\/"},"sameAs":["https:\/\/www.instagram.com\/skylineglobalservice\/"]}]}},"_links":{"self":[{"href":"https:\/\/skyline-gs.com\/cs\/wp-json\/wp\/v2\/product\/40821","targetHints":{"allow":["GET"]}}],"collection":[{"href":"https:\/\/skyline-gs.com\/cs\/wp-json\/wp\/v2\/product"}],"about":[{"href":"https:\/\/skyline-gs.com\/cs\/wp-json\/wp\/v2\/types\/product"}],"version-history":[{"count":0,"href":"https:\/\/skyline-gs.com\/cs\/wp-json\/wp\/v2\/product\/40821\/revisions"}],"wp:featuredmedia":[{"embeddable":true,"href":"https:\/\/skyline-gs.com\/cs\/wp-json\/wp\/v2\/media\/40824"}],"wp:attachment":[{"href":"https:\/\/skyline-gs.com\/cs\/wp-json\/wp\/v2\/media?parent=40821"}],"wp:term":[{"taxonomy":"product_brand","embeddable":true,"href":"https:\/\/skyline-gs.com\/cs\/wp-json\/wp\/v2\/product_brand?post=40821"},{"taxonomy":"product_cat","embeddable":true,"href":"https:\/\/skyline-gs.com\/cs\/wp-json\/wp\/v2\/product_cat?post=40821"},{"taxonomy":"product_tag","embeddable":true,"href":"https:\/\/skyline-gs.com\/cs\/wp-json\/wp\/v2\/product_tag?post=40821"}],"curies":[{"name":"wp","href":"https:\/\/api.w.org\/{rel}","templated":true}]}}