{"id":40736,"date":"2022-10-31T00:57:56","date_gmt":"2022-10-30T21:57:56","guid":{"rendered":"https:\/\/dubai.skyline-gs.com\/?post_type=product&#038;p=40736"},"modified":"2025-12-06T15:35:01","modified_gmt":"2025-12-06T13:35:01","slug":"safari-park-plus-dubai-2","status":"publish","type":"product","link":"https:\/\/skyline-gs.com\/cs\/product\/safari-park-plus-dubai\/","title":{"rendered":"Dubajsk\u00fd safari park (vstupenka na v\u00fdlet + transfery)"},"content":{"rendered":"<p>Zveme v\u00e1s na <strong>Dubajsk\u00fd safari park je nejv\u011bt\u0161\u00ed zoologickou zahradou ve Spojen\u00fdch arabsk\u00fdch emir\u00e1tech a jedn\u00edm z nejmodern\u011bj\u0161\u00edch park\u016f divok\u00e9 p\u0159\u00edrody na sv\u011bt\u011b.<\/strong>. Park se rozkl\u00e1d\u00e1 na plo\u0161e v\u00edce ne\u017e 119 hektar\u016f. <strong>je domovem v\u00edce ne\u017e 2 500 zv\u00ed\u0159at \u017eij\u00edc\u00edch v podm\u00ednk\u00e1ch co nejbli\u017e\u0161\u00edch jejich p\u0159irozen\u00e9mu prost\u0159ed\u00ed.<\/strong>.<\/p>\n<ul>\n<li data-start=\"574\" data-end=\"717\"><strong data-start=\"576\" data-end=\"600\">P\u011b\u0161\u00ed prohl\u00eddka<\/strong> na Al Wadi s n\u00e1v\u0161t\u011bvou:\n<ul data-start=\"629\" data-end=\"717\">\n<li data-start=\"629\" data-end=\"656\"><strong data-start=\"631\" data-end=\"654\">africk\u00e9 vesnice<\/strong><\/li>\n<li data-start=\"659\" data-end=\"689\"><strong data-start=\"661\" data-end=\"687\">Vesnice objevitel\u016f<\/strong><\/li>\n<li data-start=\"692\" data-end=\"717\"><strong data-start=\"694\" data-end=\"715\">asijsk\u00e9 vesnice<\/strong><\/li>\n<\/ul>\n<\/li>\n<li data-start=\"718\" data-end=\"887\"><strong data-start=\"720\" data-end=\"742\">V\u00fdlet na safari<\/strong> - Fascinuj\u00edc\u00ed 35minutov\u00e1 prohl\u00eddka autobusem po speci\u00e1ln\u011b vybaven\u00fdch are\u00e1lech, kde se zv\u00ed\u0159ata voln\u011b pohybuj\u00ed na rozs\u00e1hl\u00fdch ploch\u00e1ch.<\/li>\n<li data-start=\"888\" data-end=\"1040\"><strong data-start=\"890\" data-end=\"920\">Arabsk\u00e9 pou\u0161tn\u00ed safari<\/strong> - 10minutov\u00e1 j\u00edzda elektromobilem s mo\u017enost\u00ed pozorovat unik\u00e1tn\u00ed druhy fauny Arabsk\u00e9ho poloostrova.<\/li>\n<li data-start=\"1041\" data-end=\"1112\"><strong data-start=\"1043\" data-end=\"1090\">Neomezen\u00fd po\u010det j\u00edzd vlakem<\/strong> v r\u00e1mci parku<\/li>\n<li data-start=\"1113\" data-end=\"1172\"><strong data-start=\"1115\" data-end=\"1128\">\u017div\u00e1 vystoupen\u00ed<\/strong> se zv\u00ed\u0159aty (podle pl\u00e1nu parku)<\/li>\n<li data-start=\"1173\" data-end=\"1264\"><strong data-start=\"1175\" data-end=\"1192\">D\u011btsk\u00e1 farma<\/strong> - interaktivn\u00ed prostor, kde mohou d\u011bti komunikovat s dom\u00e1c\u00edmi zv\u00ed\u0159aty.<\/li>\n<\/ul>\n<p><strong>V\u010detn\u011b:<\/strong><\/p>\n<ul>\n<li>transfery do hotelu a zp\u011bt (z Dubaje, \u0160ard\u017e\u00e1 a Ad\u017em\u00e1nu)<\/li>\n<li>V\u0161echny transfery v r\u00e1mci programu klimatizovan\u00fdm autobusem.<\/li>\n<li>Vstupenka <strong>Journay<\/strong>zahrnuj\u00edc\u00ed <strong>neomezen\u00fd po\u010det j\u00edzd vlakem<\/strong> p\u0159es park a <strong>+35 minut j\u00edzdy autobusem nav\u00edc<\/strong><\/li>\n<\/ul>\n<p><strong>Co si vz\u00edt s sebou?<\/strong><\/p>\n<ul>\n<li>Fotoapar\u00e1t<\/li>\n<li>Voda<\/li>\n<li>Pokr\u00fdvka hlavy<\/li>\n<li>Pen\u00edze na osobn\u00ed v\u00fddaje, suven\u00fdry a n\u00e1kupy<\/li>\n<\/ul>","protected":false},"excerpt":{"rendered":"<p><strong>Doba prohl\u00eddky:<\/strong> 9:00 \u2014 14:00<\/p>\n<p><strong>Dny zadr\u017een\u00ed:<\/strong> \u00dater\u00fd, \u010dtvrtek, ned\u011ble<\/p>","protected":false},"featured_media":40716,"template":"","meta":{"_kad_post_transparent":"default","_kad_post_title":"","_kad_post_layout":"default","_kad_post_sidebar_id":"","_kad_post_content_style":"default","_kad_post_vertical_padding":"default","_kad_post_feature":"","_kad_post_feature_position":"","_kad_post_header":false,"_kad_post_footer":false,"_kad_post_classname":"","_glsr_average":0,"_glsr_ranking":0,"_glsr_reviews":0},"product_brand":[],"product_cat":[473,438],"product_tag":[],"class_list":{"0":"post-40736","1":"product","2":"type-product","3":"status-publish","4":"has-post-thumbnail","6":"product_cat-dubai-parks","7":"product_cat-dubai","8":"tm-has-options","10":"first","11":"instock","12":"sold-individually","13":"taxable","14":"shipping-taxable","15":"purchasable","16":"product-type-simple","17":"entry","18":"content-bg","19":"loop-entry"},"yoast_head":"<!-- This site is optimized with the Yoast SEO plugin v27.4 - https:\/\/yoast.com\/product\/yoast-seo-wordpress\/ -->\n<title>\u0414\u0443\u0431\u0430\u0439\u0441\u043a\u0438\u0439 \u0421\u0430\u0444\u0430\u0440\u0438 \u041f\u0430\u0440\u043a (\u0431\u0438\u043b\u0435\u0442 Journay + \u0442\u0440\u0430\u043d\u0441\u0444\u0435\u0440\u044b) &#8226; \u042d\u043a\u0441\u043a\u0443\u0440\u0441\u0438\u0438 Skyline<\/title>\n<meta name=\"robots\" content=\"index, follow, max-snippet:-1, max-image-preview:large, max-video-preview:-1\" \/>\n<link rel=\"canonical\" href=\"https:\/\/skyline-gs.com\/cs\/produkt\/safari-park-plus-dubai-2\/\" \/>\n<meta property=\"og:locale\" content=\"cs_CZ\" \/>\n<meta property=\"og:type\" content=\"article\" \/>\n<meta property=\"og:title\" content=\"\u0414\u0443\u0431\u0430\u0439\u0441\u043a\u0438\u0439 \u0421\u0430\u0444\u0430\u0440\u0438 \u041f\u0430\u0440\u043a (\u0431\u0438\u043b\u0435\u0442 Journay + \u0442\u0440\u0430\u043d\u0441\u0444\u0435\u0440\u044b) &#8226; \u042d\u043a\u0441\u043a\u0443\u0440\u0441\u0438\u0438 Skyline\" \/>\n<meta property=\"og:description\" content=\"\u0412\u0440\u0435\u043c\u044f \u0442\u0443\u0440\u0430: 9:00 - 14:00  \u0414\u043d\u0438 \u043f\u0440\u043e\u0432\u0435\u0434\u0435\u043d\u0438\u044f: \u0412\u0442\u043e\u0440\u043d\u0438\u043a , \u0427\u0435\u0442\u0432\u0435\u0440\u0433, \u0412\u043e\u0441\u043a\u0440\u0435\u0441\u0435\u043d\u044c\u0435\" \/>\n<meta property=\"og:url\" content=\"https:\/\/skyline-gs.com\/cs\/produkt\/safari-park-plus-dubai-2\/\" \/>\n<meta property=\"og:site_name\" content=\"\u042d\u043a\u0441\u043a\u0443\u0440\u0441\u0438\u0438 Skyline\" \/>\n<meta property=\"article:modified_time\" content=\"2025-12-06T13:35:01+00:00\" \/>\n<meta property=\"og:image\" content=\"https:\/\/skyline-gs.com\/wp-content\/uploads\/2022\/10\/1-14.png\" \/>\n\t<meta property=\"og:image:width\" content=\"669\" \/>\n\t<meta property=\"og:image:height\" content=\"446\" \/>\n\t<meta property=\"og:image:type\" content=\"image\/png\" \/>\n<meta name=\"twitter:card\" content=\"summary_large_image\" \/>\n<meta name=\"twitter:label1\" content=\"Odhadovan\u00e1 doba \u010dten\u00ed\" \/>\n\t<meta name=\"twitter:data1\" content=\"2 minuty\" \/>\n<script type=\"application\/ld+json\" class=\"yoast-schema-graph\">{\"@context\":\"https:\\\/\\\/schema.org\",\"@graph\":[{\"@type\":\"WebPage\",\"@id\":\"https:\\\/\\\/skyline-gs.com\\\/product\\\/safari-park-plus-dubai\\\/\",\"url\":\"https:\\\/\\\/skyline-gs.com\\\/product\\\/safari-park-plus-dubai\\\/\",\"name\":\"\u0414\u0443\u0431\u0430\u0439\u0441\u043a\u0438\u0439 \u0421\u0430\u0444\u0430\u0440\u0438 \u041f\u0430\u0440\u043a (\u0431\u0438\u043b\u0435\u0442 Journay + \u0442\u0440\u0430\u043d\u0441\u0444\u0435\u0440\u044b) &#8226; \u042d\u043a\u0441\u043a\u0443\u0440\u0441\u0438\u0438 Skyline\",\"isPartOf\":{\"@id\":\"https:\\\/\\\/skyline-gs.com\\\/it\\\/#website\"},\"primaryImageOfPage\":{\"@id\":\"https:\\\/\\\/skyline-gs.com\\\/product\\\/safari-park-plus-dubai\\\/#primaryimage\"},\"image\":{\"@id\":\"https:\\\/\\\/skyline-gs.com\\\/product\\\/safari-park-plus-dubai\\\/#primaryimage\"},\"thumbnailUrl\":\"https:\\\/\\\/skyline-gs.com\\\/wp-content\\\/uploads\\\/2022\\\/10\\\/1-14.png\",\"datePublished\":\"2022-10-30T21:57:56+00:00\",\"dateModified\":\"2025-12-06T13:35:01+00:00\",\"breadcrumb\":{\"@id\":\"https:\\\/\\\/skyline-gs.com\\\/product\\\/safari-park-plus-dubai\\\/#breadcrumb\"},\"inLanguage\":\"cs\",\"potentialAction\":[{\"@type\":\"ReadAction\",\"target\":[\"https:\\\/\\\/skyline-gs.com\\\/product\\\/safari-park-plus-dubai\\\/\"]}]},{\"@type\":\"ImageObject\",\"inLanguage\":\"cs\",\"@id\":\"https:\\\/\\\/skyline-gs.com\\\/product\\\/safari-park-plus-dubai\\\/#primaryimage\",\"url\":\"https:\\\/\\\/skyline-gs.com\\\/wp-content\\\/uploads\\\/2022\\\/10\\\/1-14.png\",\"contentUrl\":\"https:\\\/\\\/skyline-gs.com\\\/wp-content\\\/uploads\\\/2022\\\/10\\\/1-14.png\",\"width\":669,\"height\":446},{\"@type\":\"BreadcrumbList\",\"@id\":\"https:\\\/\\\/skyline-gs.com\\\/product\\\/safari-park-plus-dubai\\\/#breadcrumb\",\"itemListElement\":[{\"@type\":\"ListItem\",\"position\":1,\"name\":\"\u0413\u043b\u0430\u0432\u043d\u0430\u044f \u0441\u0442\u0440\u0430\u043d\u0438\u0446\u0430\",\"item\":\"https:\\\/\\\/skyline-gs.com\\\/hu\\\/\"},{\"@type\":\"ListItem\",\"position\":2,\"name\":\"\u041c\u0430\u0433\u0430\u0437\u0438\u043d\",\"item\":\"https:\\\/\\\/skyline-gs.com\\\/cs\\\/shop\\\/\"},{\"@type\":\"ListItem\",\"position\":3,\"name\":\"\u0414\u0443\u0431\u0430\u0439\u0441\u043a\u0438\u0439 \u0421\u0430\u0444\u0430\u0440\u0438 \u041f\u0430\u0440\u043a (\u0431\u0438\u043b\u0435\u0442 Journay + \u0442\u0440\u0430\u043d\u0441\u0444\u0435\u0440\u044b)\"}]},{\"@type\":\"WebSite\",\"@id\":\"https:\\\/\\\/skyline-gs.com\\\/it\\\/#website\",\"url\":\"https:\\\/\\\/skyline-gs.com\\\/it\\\/\",\"name\":\"\u042d\u043a\u0441\u043a\u0443\u0440\u0441\u0438\u0438 Skyline\",\"description\":\"\u042d\u043a\u0441\u043a\u043b\u044e\u0437\u0438\u0432\u043d\u044b\u0435 \u044d\u043a\u0441\u043a\u0443\u0440\u0441\u0438\u0438 \u043d\u0430 \u043b\u0443\u0447\u0448\u0438\u0445 \u043a\u0443\u0440\u043e\u0440\u0442\u0430\u0445 \u043c\u0438\u0440\u0430\",\"publisher\":{\"@id\":\"https:\\\/\\\/skyline-gs.com\\\/it\\\/#organization\"},\"alternateName\":\"Skyline\",\"potentialAction\":[{\"@type\":\"SearchAction\",\"target\":{\"@type\":\"EntryPoint\",\"urlTemplate\":\"https:\\\/\\\/skyline-gs.com\\\/it\\\/?s={search_term_string}\"},\"query-input\":{\"@type\":\"PropertyValueSpecification\",\"valueRequired\":true,\"valueName\":\"search_term_string\"}}],\"inLanguage\":\"cs\"},{\"@type\":\"Organization\",\"@id\":\"https:\\\/\\\/skyline-gs.com\\\/it\\\/#organization\",\"name\":\"\u042d\u043a\u0441\u043a\u0443\u0440\u0441\u0438\u0438 Skyline\",\"alternateName\":\"\u042d\u043a\u0441\u043a\u0443\u0440\u0441\u0438\u0438 Skyline\",\"url\":\"https:\\\/\\\/skyline-gs.com\\\/it\\\/\",\"logo\":{\"@type\":\"ImageObject\",\"inLanguage\":\"cs\",\"@id\":\"https:\\\/\\\/skyline-gs.com\\\/it\\\/#\\\/schema\\\/logo\\\/image\\\/\",\"url\":\"https:\\\/\\\/skyline-gs.com\\\/wp-content\\\/uploads\\\/2020\\\/12\\\/cropped-logo-2.png\",\"contentUrl\":\"https:\\\/\\\/skyline-gs.com\\\/wp-content\\\/uploads\\\/2020\\\/12\\\/cropped-logo-2.png\",\"width\":512,\"height\":512,\"caption\":\"\u042d\u043a\u0441\u043a\u0443\u0440\u0441\u0438\u0438 Skyline\"},\"image\":{\"@id\":\"https:\\\/\\\/skyline-gs.com\\\/it\\\/#\\\/schema\\\/logo\\\/image\\\/\"},\"sameAs\":[\"https:\\\/\\\/www.instagram.com\\\/skylineglobalservice\\\/\"]}]}<\/script>\n<!-- \/ Yoast SEO plugin. -->","yoast_head_json":{"title":"Dubajsk\u00fd safari park (vstupenka na cel\u00fd den + transfery) - Skyline Excursions","robots":{"index":"index","follow":"follow","max-snippet":"max-snippet:-1","max-image-preview":"max-image-preview:large","max-video-preview":"max-video-preview:-1"},"canonical":"https:\/\/skyline-gs.com\/cs\/produkt\/safari-park-plus-dubai-2\/","og_locale":"cs_CZ","og_type":"article","og_title":"\u0414\u0443\u0431\u0430\u0439\u0441\u043a\u0438\u0439 \u0421\u0430\u0444\u0430\u0440\u0438 \u041f\u0430\u0440\u043a (\u0431\u0438\u043b\u0435\u0442 Journay + \u0442\u0440\u0430\u043d\u0441\u0444\u0435\u0440\u044b) &#8226; \u042d\u043a\u0441\u043a\u0443\u0440\u0441\u0438\u0438 Skyline","og_description":"\u0412\u0440\u0435\u043c\u044f \u0442\u0443\u0440\u0430: 9:00 - 14:00  \u0414\u043d\u0438 \u043f\u0440\u043e\u0432\u0435\u0434\u0435\u043d\u0438\u044f: \u0412\u0442\u043e\u0440\u043d\u0438\u043a , \u0427\u0435\u0442\u0432\u0435\u0440\u0433, \u0412\u043e\u0441\u043a\u0440\u0435\u0441\u0435\u043d\u044c\u0435","og_url":"https:\/\/skyline-gs.com\/cs\/produkt\/safari-park-plus-dubai-2\/","og_site_name":"\u042d\u043a\u0441\u043a\u0443\u0440\u0441\u0438\u0438 Skyline","article_modified_time":"2025-12-06T13:35:01+00:00","og_image":[{"width":669,"height":446,"url":"https:\/\/skyline-gs.com\/wp-content\/uploads\/2022\/10\/1-14.png","type":"image\/png"}],"twitter_card":"summary_large_image","twitter_misc":{"Odhadovan\u00e1 doba \u010dten\u00ed":"2 minuty"},"schema":{"@context":"https:\/\/schema.org","@graph":[{"@type":"WebPage","@id":"https:\/\/skyline-gs.com\/product\/safari-park-plus-dubai\/","url":"https:\/\/skyline-gs.com\/product\/safari-park-plus-dubai\/","name":"Dubajsk\u00fd safari park (vstupenka na cel\u00fd den + transfery) - Skyline Excursions","isPartOf":{"@id":"https:\/\/skyline-gs.com\/it\/#website"},"primaryImageOfPage":{"@id":"https:\/\/skyline-gs.com\/product\/safari-park-plus-dubai\/#primaryimage"},"image":{"@id":"https:\/\/skyline-gs.com\/product\/safari-park-plus-dubai\/#primaryimage"},"thumbnailUrl":"https:\/\/skyline-gs.com\/wp-content\/uploads\/2022\/10\/1-14.png","datePublished":"2022-10-30T21:57:56+00:00","dateModified":"2025-12-06T13:35:01+00:00","breadcrumb":{"@id":"https:\/\/skyline-gs.com\/product\/safari-park-plus-dubai\/#breadcrumb"},"inLanguage":"cs","potentialAction":[{"@type":"ReadAction","target":["https:\/\/skyline-gs.com\/product\/safari-park-plus-dubai\/"]}]},{"@type":"ImageObject","inLanguage":"cs","@id":"https:\/\/skyline-gs.com\/product\/safari-park-plus-dubai\/#primaryimage","url":"https:\/\/skyline-gs.com\/wp-content\/uploads\/2022\/10\/1-14.png","contentUrl":"https:\/\/skyline-gs.com\/wp-content\/uploads\/2022\/10\/1-14.png","width":669,"height":446},{"@type":"BreadcrumbList","@id":"https:\/\/skyline-gs.com\/product\/safari-park-plus-dubai\/#breadcrumb","itemListElement":[{"@type":"ListItem","position":1,"name":"\u0413\u043b\u0430\u0432\u043d\u0430\u044f \u0441\u0442\u0440\u0430\u043d\u0438\u0446\u0430","item":"https:\/\/skyline-gs.com\/hu\/"},{"@type":"ListItem","position":2,"name":"\u041c\u0430\u0433\u0430\u0437\u0438\u043d","item":"https:\/\/skyline-gs.com\/cs\/shop\/"},{"@type":"ListItem","position":3,"name":"\u0414\u0443\u0431\u0430\u0439\u0441\u043a\u0438\u0439 \u0421\u0430\u0444\u0430\u0440\u0438 \u041f\u0430\u0440\u043a (\u0431\u0438\u043b\u0435\u0442 Journay + \u0442\u0440\u0430\u043d\u0441\u0444\u0435\u0440\u044b)"}]},{"@type":"WebSite","@id":"https:\/\/skyline-gs.com\/it\/#website","url":"https:\/\/skyline-gs.com\/it\/","name":"Skyline V\u00fdlety","description":"Exkluzivn\u00ed v\u00fdlety do nejlep\u0161\u00edch sv\u011btov\u00fdch letovisek","publisher":{"@id":"https:\/\/skyline-gs.com\/it\/#organization"},"alternateName":"Skyline","potentialAction":[{"@type":"SearchAction","target":{"@type":"EntryPoint","urlTemplate":"https:\/\/skyline-gs.com\/it\/?s={search_term_string}"},"query-input":{"@type":"PropertyValueSpecification","valueRequired":true,"valueName":"search_term_string"}}],"inLanguage":"cs"},{"@type":"Organization","@id":"https:\/\/skyline-gs.com\/it\/#organization","name":"Skyline V\u00fdlety","alternateName":"\u042d\u043a\u0441\u043a\u0443\u0440\u0441\u0438\u0438 Skyline","url":"https:\/\/skyline-gs.com\/it\/","logo":{"@type":"ImageObject","inLanguage":"cs","@id":"https:\/\/skyline-gs.com\/it\/#\/schema\/logo\/image\/","url":"https:\/\/skyline-gs.com\/wp-content\/uploads\/2020\/12\/cropped-logo-2.png","contentUrl":"https:\/\/skyline-gs.com\/wp-content\/uploads\/2020\/12\/cropped-logo-2.png","width":512,"height":512,"caption":"\u042d\u043a\u0441\u043a\u0443\u0440\u0441\u0438\u0438 Skyline"},"image":{"@id":"https:\/\/skyline-gs.com\/it\/#\/schema\/logo\/image\/"},"sameAs":["https:\/\/www.instagram.com\/skylineglobalservice\/"]}]}},"_links":{"self":[{"href":"https:\/\/skyline-gs.com\/cs\/wp-json\/wp\/v2\/product\/40736","targetHints":{"allow":["GET"]}}],"collection":[{"href":"https:\/\/skyline-gs.com\/cs\/wp-json\/wp\/v2\/product"}],"about":[{"href":"https:\/\/skyline-gs.com\/cs\/wp-json\/wp\/v2\/types\/product"}],"version-history":[{"count":0,"href":"https:\/\/skyline-gs.com\/cs\/wp-json\/wp\/v2\/product\/40736\/revisions"}],"wp:featuredmedia":[{"embeddable":true,"href":"https:\/\/skyline-gs.com\/cs\/wp-json\/wp\/v2\/media\/40716"}],"wp:attachment":[{"href":"https:\/\/skyline-gs.com\/cs\/wp-json\/wp\/v2\/media?parent=40736"}],"wp:term":[{"taxonomy":"product_brand","embeddable":true,"href":"https:\/\/skyline-gs.com\/cs\/wp-json\/wp\/v2\/product_brand?post=40736"},{"taxonomy":"product_cat","embeddable":true,"href":"https:\/\/skyline-gs.com\/cs\/wp-json\/wp\/v2\/product_cat?post=40736"},{"taxonomy":"product_tag","embeddable":true,"href":"https:\/\/skyline-gs.com\/cs\/wp-json\/wp\/v2\/product_tag?post=40736"}],"curies":[{"name":"wp","href":"https:\/\/api.w.org\/{rel}","templated":true}]}}