{"id":39211,"date":"2022-07-29T23:52:07","date_gmt":"2022-07-29T21:52:07","guid":{"rendered":"http:\/\/skyline-gs.com\/?post_type=product&#038;p=39211"},"modified":"2024-01-24T03:40:44","modified_gmt":"2024-01-24T01:40:44","slug":"azimut-dominicana","status":"publish","type":"product","link":"https:\/\/skyline-gs.com\/cs\/product\/azimut-dominicana\/","title":{"rendered":"Jachta Azimut (55 stop)"},"content":{"rendered":"<div>Dop\u0159ejte si pocit v\u00fdjime\u010dnosti d\u00edky v\u00fdletu lod\u00ed, kter\u00fd je organizov\u00e1n jen pro v\u00e1s a va\u0161e bl\u00edzk\u00e9. <span style=\"font-family: var(--global-body-font-family);\">7:30 transfer z hotelu (Punta Cana - Bavaro) do p\u0159\u00edstavu La Romana. 9:00 nalod\u011bn\u00ed na jachtu. 9:20 odjezd z p\u0159\u00edstavu. Plavba pod\u00e9l pob\u0159e\u017e\u00ed pod\u00e9l Karibsk\u00e9ho mo\u0159e k ostrov\u016fm Saona. V 10:00 zast\u00e1vka na koup\u00e1n\u00ed v p\u0159\u00edrodn\u00edm baz\u00e9nu uprost\u0159ed mo\u0159e, kde \u017eij\u00ed mo\u0159sk\u00e9 hv\u011bzdice. V 10:30 odjezd a cesta na ostrov Saona. 11:30 P\u0159\u00edjezd na ostrov Saona. Ubytov\u00e1n\u00ed na vybaven\u00e9 pl\u00e1\u017ei (leh\u00e1tka, um\u00fdv\u00e1rna, spole\u010densk\u00e1 m\u00edstnost, bar). 12:30 Ob\u011bd (formou bufetu). 12:30 - 15:30 voln\u00fd \u010das na ostrov\u011b Saona k odpo\u010dinku, proch\u00e1zk\u00e1m, fotografov\u00e1n\u00ed (slu\u017eby fotografick\u00e9ho doprovodu je t\u0159eba objednat p\u0159edem, za p\u0159\u00edplatek). 16:00 - odjezd z ostrova Saona a cesta do p\u0159\u00edstavu. 17:00 p\u0159\u00edjezd do p\u0159\u00edstavu. Kolem 18:30 n\u00e1vrat do hotelu.<\/span><\/div>\n<div><\/div>\n<div>\n<p><strong>Dal\u0161\u00ed informace:<\/strong><\/p>\n<ul>\n<li>Itiner\u00e1\u0159 lze upravit podle va\u0161ich p\u0159\u00e1n\u00ed.<\/li>\n<li>Maxim\u00e1ln\u00ed mo\u017en\u00e1 doba denn\u00edho pron\u00e1jmu je 8 hodin. Zkr\u00e1cen\u00ed nem\u00e1 vliv na cenu prohl\u00eddky.<\/li>\n<\/ul>\n<p><strong>V\u010detn\u011b:<\/strong><\/p>\n<ul>\n<li>Transfer z hotelu a do hotelu<\/li>\n<li>Doprovod pr\u016fvodce<\/li>\n<li>Vstupenky<\/li>\n<li>Leh\u00e1tka na pl\u00e1\u017ei Saona<\/li>\n<li>N\u00e1poje na palub\u011b (pivo, cola, voda),<\/li>\n<li>Ob\u011bd (formou bufetu)<\/li>\n<li>N\u00e1poje v baru na ostrov\u011b Saona (rum, cola, sprite a voda)<\/li>\n<\/ul>\n<p><strong>Co lze p\u0159idat:<\/strong><\/p>\n<ul>\n<li>Chevrolet Suburban + 165$ Advanced Transfer (4 cestuj\u00edc\u00ed)<\/li>\n<li>Ovocn\u00fd tal\u00ed\u0159 + 26$<\/li>\n<li>Objedn\u00e1vka a dod\u00e1n\u00ed speci\u00e1ln\u00edch n\u00e1poj\u016f, ob\u010derstven\u00ed na jacht\u011b (nap\u0159.: \u0161ampa\u0148sk\u00e9, rum, v\u00edno, jahody, hroznov\u00e9 v\u00edno, s\u00fdr, marmel\u00e1da) + 15% z \u0161eku.<\/li>\n<li>Ostrov Saona VIP rekrea\u010dn\u00ed oblast + 20$ na osobu<\/li>\n<li>Superior ob\u011bd s mo\u0159sk\u00fdmi plody na ostrov\u011b Saona + 33$ na osobu<\/li>\n<li>N\u00e1\u0161 fotograf na ostrov\u011b Saona (80 zpracovan\u00fdch fotografi\u00ed + 10 s retu\u0161\u00ed) + 150$<\/li>\n<li>Report\u00e1\u017en\u00ed fotografie (po celou dobu cesty) + 300$<\/li>\n<li>\u00a0Anim\u00e1tor pro vytvo\u0159en\u00ed z\u00e1bavn\u00e9 atmosf\u00e9ry b\u011bhem plavby lod\u00ed (r\u016fzn\u00e9 anima\u010dn\u00ed sc\u00e9n\u00e1\u0159e) + 200$<\/li>\n<\/ul>\n<p><strong>Vezm\u011bte si ji s sebou:<\/strong><\/p>\n<ul>\n<li>foto-video kamera<\/li>\n<li>Pokr\u00fdvka hlavy<\/li>\n<li>Ru\u010dn\u00edk<\/li>\n<li>Plavky, plavky<\/li>\n<li>Opalovac\u00ed kr\u00e9m<\/li>\n<\/ul>\n<p><strong>Rezervace:<\/strong><\/p>\n<ul>\n<li>Vzhledem k vysok\u00fdm n\u00e1klad\u016fm na slu\u017ebu je z\u00e1loha 50%.<\/li>\n<\/ul>\n<\/div>","protected":false},"excerpt":{"rendered":"<p><strong>Doba pron\u00e1jmu:<\/strong> 8 hodin<\/p>\n<p><strong>Kapacita:\u00a0<\/strong>5 osob<\/p>","protected":false},"featured_media":39212,"template":"","meta":{"_kad_post_transparent":"default","_kad_post_title":"","_kad_post_layout":"default","_kad_post_sidebar_id":"","_kad_post_content_style":"default","_kad_post_vertical_padding":"default","_kad_post_feature":"","_kad_post_feature_position":"","_kad_post_header":false,"_kad_post_footer":false,"_kad_post_classname":"","_glsr_average":0,"_glsr_ranking":0,"_glsr_reviews":0},"product_brand":[],"product_cat":[444],"product_tag":[],"class_list":{"0":"post-39211","1":"product","2":"type-product","3":"status-publish","4":"has-post-thumbnail","6":"product_cat-dominican-republic","7":"tm-has-options","9":"first","10":"instock","11":"sold-individually","12":"taxable","13":"shipping-taxable","14":"purchasable","15":"product-type-simple","16":"entry","17":"content-bg","18":"loop-entry"},"yoast_head":"<!-- This site is optimized with the Yoast SEO plugin v27.3 - https:\/\/yoast.com\/product\/yoast-seo-wordpress\/ -->\n<title>\u042f\u0445\u0442\u0430 Azimut (55 \u0444\u0443\u0442\u043e\u0432) &#8226; \u042d\u043a\u0441\u043a\u0443\u0440\u0441\u0438\u0438 Skyline<\/title>\n<meta name=\"robots\" content=\"index, follow, max-snippet:-1, max-image-preview:large, max-video-preview:-1\" \/>\n<link rel=\"canonical\" href=\"https:\/\/skyline-gs.com\/cs\/produkt\/azimut-dominicana\/\" \/>\n<meta property=\"og:locale\" content=\"cs_CZ\" \/>\n<meta property=\"og:type\" content=\"article\" \/>\n<meta property=\"og:title\" content=\"\u042f\u0445\u0442\u0430 Azimut (55 \u0444\u0443\u0442\u043e\u0432) &#8226; \u042d\u043a\u0441\u043a\u0443\u0440\u0441\u0438\u0438 Skyline\" \/>\n<meta property=\"og:description\" content=\"\u0412\u0440\u0435\u043c\u044f \u0430\u0440\u0435\u043d\u0434\u044b: 8 \u0447\u0430\u0441\u043e\u0432  \u0412\u043c\u0435\u0441\u0442\u0438\u0442\u0435\u043b\u044c\u043d\u043e\u0441\u0442\u044c:\u00a05 \u0447\u0435\u043b\u043e\u0432\u0435\u043a\" \/>\n<meta property=\"og:url\" content=\"https:\/\/skyline-gs.com\/cs\/produkt\/azimut-dominicana\/\" \/>\n<meta property=\"og:site_name\" content=\"\u042d\u043a\u0441\u043a\u0443\u0440\u0441\u0438\u0438 Skyline\" \/>\n<meta property=\"article:modified_time\" content=\"2024-01-24T01:40:44+00:00\" \/>\n<meta property=\"og:image\" content=\"https:\/\/skyline-gs.com\/wp-content\/uploads\/2022\/07\/3-43.png\" \/>\n\t<meta property=\"og:image:width\" content=\"669\" \/>\n\t<meta property=\"og:image:height\" content=\"446\" \/>\n\t<meta property=\"og:image:type\" content=\"image\/png\" \/>\n<meta name=\"twitter:card\" content=\"summary_large_image\" \/>\n<meta name=\"twitter:label1\" content=\"Odhadovan\u00e1 doba \u010dten\u00ed\" \/>\n\t<meta name=\"twitter:data1\" content=\"2 minuty\" \/>\n<script type=\"application\/ld+json\" class=\"yoast-schema-graph\">{\"@context\":\"https:\\\/\\\/schema.org\",\"@graph\":[{\"@type\":\"WebPage\",\"@id\":\"https:\\\/\\\/skyline-gs.com\\\/fr\\\/produit\\\/azimut-dominicana\\\/\",\"url\":\"https:\\\/\\\/skyline-gs.com\\\/fr\\\/produit\\\/azimut-dominicana\\\/\",\"name\":\"\u042f\u0445\u0442\u0430 Azimut (55 \u0444\u0443\u0442\u043e\u0432) &#8226; \u042d\u043a\u0441\u043a\u0443\u0440\u0441\u0438\u0438 Skyline\",\"isPartOf\":{\"@id\":\"https:\\\/\\\/skyline-gs.com\\\/it\\\/#website\"},\"primaryImageOfPage\":{\"@id\":\"https:\\\/\\\/skyline-gs.com\\\/fr\\\/produit\\\/azimut-dominicana\\\/#primaryimage\"},\"image\":{\"@id\":\"https:\\\/\\\/skyline-gs.com\\\/fr\\\/produit\\\/azimut-dominicana\\\/#primaryimage\"},\"thumbnailUrl\":\"https:\\\/\\\/skyline-gs.com\\\/wp-content\\\/uploads\\\/2022\\\/07\\\/3-43.png\",\"datePublished\":\"2022-07-29T21:52:07+00:00\",\"dateModified\":\"2024-01-24T01:40:44+00:00\",\"breadcrumb\":{\"@id\":\"https:\\\/\\\/skyline-gs.com\\\/fr\\\/produit\\\/azimut-dominicana\\\/#breadcrumb\"},\"inLanguage\":\"cs\",\"potentialAction\":[{\"@type\":\"ReadAction\",\"target\":[\"https:\\\/\\\/skyline-gs.com\\\/fr\\\/produit\\\/azimut-dominicana\\\/\"]}]},{\"@type\":\"ImageObject\",\"inLanguage\":\"cs\",\"@id\":\"https:\\\/\\\/skyline-gs.com\\\/fr\\\/produit\\\/azimut-dominicana\\\/#primaryimage\",\"url\":\"https:\\\/\\\/skyline-gs.com\\\/wp-content\\\/uploads\\\/2022\\\/07\\\/3-43.png\",\"contentUrl\":\"https:\\\/\\\/skyline-gs.com\\\/wp-content\\\/uploads\\\/2022\\\/07\\\/3-43.png\",\"width\":669,\"height\":446},{\"@type\":\"BreadcrumbList\",\"@id\":\"https:\\\/\\\/skyline-gs.com\\\/fr\\\/produit\\\/azimut-dominicana\\\/#breadcrumb\",\"itemListElement\":[{\"@type\":\"ListItem\",\"position\":1,\"name\":\"\u0413\u043b\u0430\u0432\u043d\u0430\u044f \u0441\u0442\u0440\u0430\u043d\u0438\u0446\u0430\",\"item\":\"https:\\\/\\\/skyline-gs.com\\\/hu\\\/\"},{\"@type\":\"ListItem\",\"position\":2,\"name\":\"\u041c\u0430\u0433\u0430\u0437\u0438\u043d\",\"item\":\"https:\\\/\\\/skyline-gs.com\\\/cs\\\/shop\\\/\"},{\"@type\":\"ListItem\",\"position\":3,\"name\":\"\u042f\u0445\u0442\u0430 Azimut (55 \u0444\u0443\u0442\u043e\u0432)\"}]},{\"@type\":\"WebSite\",\"@id\":\"https:\\\/\\\/skyline-gs.com\\\/it\\\/#website\",\"url\":\"https:\\\/\\\/skyline-gs.com\\\/it\\\/\",\"name\":\"\u042d\u043a\u0441\u043a\u0443\u0440\u0441\u0438\u0438 Skyline\",\"description\":\"\u042d\u043a\u0441\u043a\u043b\u044e\u0437\u0438\u0432\u043d\u044b\u0435 \u044d\u043a\u0441\u043a\u0443\u0440\u0441\u0438\u0438 \u043d\u0430 \u043b\u0443\u0447\u0448\u0438\u0445 \u043a\u0443\u0440\u043e\u0440\u0442\u0430\u0445 \u043c\u0438\u0440\u0430\",\"publisher\":{\"@id\":\"https:\\\/\\\/skyline-gs.com\\\/it\\\/#organization\"},\"alternateName\":\"Skyline\",\"potentialAction\":[{\"@type\":\"SearchAction\",\"target\":{\"@type\":\"EntryPoint\",\"urlTemplate\":\"https:\\\/\\\/skyline-gs.com\\\/it\\\/?s={search_term_string}\"},\"query-input\":{\"@type\":\"PropertyValueSpecification\",\"valueRequired\":true,\"valueName\":\"search_term_string\"}}],\"inLanguage\":\"cs\"},{\"@type\":\"Organization\",\"@id\":\"https:\\\/\\\/skyline-gs.com\\\/it\\\/#organization\",\"name\":\"\u042d\u043a\u0441\u043a\u0443\u0440\u0441\u0438\u0438 Skyline\",\"alternateName\":\"\u042d\u043a\u0441\u043a\u0443\u0440\u0441\u0438\u0438 Skyline\",\"url\":\"https:\\\/\\\/skyline-gs.com\\\/it\\\/\",\"logo\":{\"@type\":\"ImageObject\",\"inLanguage\":\"cs\",\"@id\":\"https:\\\/\\\/skyline-gs.com\\\/it\\\/#\\\/schema\\\/logo\\\/image\\\/\",\"url\":\"https:\\\/\\\/skyline-gs.com\\\/wp-content\\\/uploads\\\/2020\\\/12\\\/cropped-logo-2.png\",\"contentUrl\":\"https:\\\/\\\/skyline-gs.com\\\/wp-content\\\/uploads\\\/2020\\\/12\\\/cropped-logo-2.png\",\"width\":512,\"height\":512,\"caption\":\"\u042d\u043a\u0441\u043a\u0443\u0440\u0441\u0438\u0438 Skyline\"},\"image\":{\"@id\":\"https:\\\/\\\/skyline-gs.com\\\/it\\\/#\\\/schema\\\/logo\\\/image\\\/\"},\"sameAs\":[\"https:\\\/\\\/www.instagram.com\\\/skylineglobalservice\\\/\"]}]}<\/script>\n<!-- \/ Yoast SEO plugin. -->","yoast_head_json":{"title":"\u042f\u0445\u0442\u0430 Azimut (55 \u0444\u0443\u0442\u043e\u0432) &#8226; \u042d\u043a\u0441\u043a\u0443\u0440\u0441\u0438\u0438 Skyline","robots":{"index":"index","follow":"follow","max-snippet":"max-snippet:-1","max-image-preview":"max-image-preview:large","max-video-preview":"max-video-preview:-1"},"canonical":"https:\/\/skyline-gs.com\/cs\/produkt\/azimut-dominicana\/","og_locale":"cs_CZ","og_type":"article","og_title":"\u042f\u0445\u0442\u0430 Azimut (55 \u0444\u0443\u0442\u043e\u0432) &#8226; \u042d\u043a\u0441\u043a\u0443\u0440\u0441\u0438\u0438 Skyline","og_description":"\u0412\u0440\u0435\u043c\u044f \u0430\u0440\u0435\u043d\u0434\u044b: 8 \u0447\u0430\u0441\u043e\u0432  \u0412\u043c\u0435\u0441\u0442\u0438\u0442\u0435\u043b\u044c\u043d\u043e\u0441\u0442\u044c:\u00a05 \u0447\u0435\u043b\u043e\u0432\u0435\u043a","og_url":"https:\/\/skyline-gs.com\/cs\/produkt\/azimut-dominicana\/","og_site_name":"\u042d\u043a\u0441\u043a\u0443\u0440\u0441\u0438\u0438 Skyline","article_modified_time":"2024-01-24T01:40:44+00:00","og_image":[{"width":669,"height":446,"url":"https:\/\/skyline-gs.com\/wp-content\/uploads\/2022\/07\/3-43.png","type":"image\/png"}],"twitter_card":"summary_large_image","twitter_misc":{"Odhadovan\u00e1 doba \u010dten\u00ed":"2 minuty"},"schema":{"@context":"https:\/\/schema.org","@graph":[{"@type":"WebPage","@id":"https:\/\/skyline-gs.com\/fr\/produit\/azimut-dominicana\/","url":"https:\/\/skyline-gs.com\/fr\/produit\/azimut-dominicana\/","name":"\u042f\u0445\u0442\u0430 Azimut (55 \u0444\u0443\u0442\u043e\u0432) &#8226; \u042d\u043a\u0441\u043a\u0443\u0440\u0441\u0438\u0438 Skyline","isPartOf":{"@id":"https:\/\/skyline-gs.com\/it\/#website"},"primaryImageOfPage":{"@id":"https:\/\/skyline-gs.com\/fr\/produit\/azimut-dominicana\/#primaryimage"},"image":{"@id":"https:\/\/skyline-gs.com\/fr\/produit\/azimut-dominicana\/#primaryimage"},"thumbnailUrl":"https:\/\/skyline-gs.com\/wp-content\/uploads\/2022\/07\/3-43.png","datePublished":"2022-07-29T21:52:07+00:00","dateModified":"2024-01-24T01:40:44+00:00","breadcrumb":{"@id":"https:\/\/skyline-gs.com\/fr\/produit\/azimut-dominicana\/#breadcrumb"},"inLanguage":"cs","potentialAction":[{"@type":"ReadAction","target":["https:\/\/skyline-gs.com\/fr\/produit\/azimut-dominicana\/"]}]},{"@type":"ImageObject","inLanguage":"cs","@id":"https:\/\/skyline-gs.com\/fr\/produit\/azimut-dominicana\/#primaryimage","url":"https:\/\/skyline-gs.com\/wp-content\/uploads\/2022\/07\/3-43.png","contentUrl":"https:\/\/skyline-gs.com\/wp-content\/uploads\/2022\/07\/3-43.png","width":669,"height":446},{"@type":"BreadcrumbList","@id":"https:\/\/skyline-gs.com\/fr\/produit\/azimut-dominicana\/#breadcrumb","itemListElement":[{"@type":"ListItem","position":1,"name":"\u0413\u043b\u0430\u0432\u043d\u0430\u044f \u0441\u0442\u0440\u0430\u043d\u0438\u0446\u0430","item":"https:\/\/skyline-gs.com\/hu\/"},{"@type":"ListItem","position":2,"name":"\u041c\u0430\u0433\u0430\u0437\u0438\u043d","item":"https:\/\/skyline-gs.com\/cs\/shop\/"},{"@type":"ListItem","position":3,"name":"\u042f\u0445\u0442\u0430 Azimut (55 \u0444\u0443\u0442\u043e\u0432)"}]},{"@type":"WebSite","@id":"https:\/\/skyline-gs.com\/it\/#website","url":"https:\/\/skyline-gs.com\/it\/","name":"Skyline V\u00fdlety","description":"Exkluzivn\u00ed v\u00fdlety do nejlep\u0161\u00edch sv\u011btov\u00fdch letovisek","publisher":{"@id":"https:\/\/skyline-gs.com\/it\/#organization"},"alternateName":"Skyline","potentialAction":[{"@type":"SearchAction","target":{"@type":"EntryPoint","urlTemplate":"https:\/\/skyline-gs.com\/it\/?s={search_term_string}"},"query-input":{"@type":"PropertyValueSpecification","valueRequired":true,"valueName":"search_term_string"}}],"inLanguage":"cs"},{"@type":"Organization","@id":"https:\/\/skyline-gs.com\/it\/#organization","name":"Skyline V\u00fdlety","alternateName":"\u042d\u043a\u0441\u043a\u0443\u0440\u0441\u0438\u0438 Skyline","url":"https:\/\/skyline-gs.com\/it\/","logo":{"@type":"ImageObject","inLanguage":"cs","@id":"https:\/\/skyline-gs.com\/it\/#\/schema\/logo\/image\/","url":"https:\/\/skyline-gs.com\/wp-content\/uploads\/2020\/12\/cropped-logo-2.png","contentUrl":"https:\/\/skyline-gs.com\/wp-content\/uploads\/2020\/12\/cropped-logo-2.png","width":512,"height":512,"caption":"\u042d\u043a\u0441\u043a\u0443\u0440\u0441\u0438\u0438 Skyline"},"image":{"@id":"https:\/\/skyline-gs.com\/it\/#\/schema\/logo\/image\/"},"sameAs":["https:\/\/www.instagram.com\/skylineglobalservice\/"]}]}},"_links":{"self":[{"href":"https:\/\/skyline-gs.com\/cs\/wp-json\/wp\/v2\/product\/39211","targetHints":{"allow":["GET"]}}],"collection":[{"href":"https:\/\/skyline-gs.com\/cs\/wp-json\/wp\/v2\/product"}],"about":[{"href":"https:\/\/skyline-gs.com\/cs\/wp-json\/wp\/v2\/types\/product"}],"version-history":[{"count":0,"href":"https:\/\/skyline-gs.com\/cs\/wp-json\/wp\/v2\/product\/39211\/revisions"}],"wp:featuredmedia":[{"embeddable":true,"href":"https:\/\/skyline-gs.com\/cs\/wp-json\/wp\/v2\/media\/39212"}],"wp:attachment":[{"href":"https:\/\/skyline-gs.com\/cs\/wp-json\/wp\/v2\/media?parent=39211"}],"wp:term":[{"taxonomy":"product_brand","embeddable":true,"href":"https:\/\/skyline-gs.com\/cs\/wp-json\/wp\/v2\/product_brand?post=39211"},{"taxonomy":"product_cat","embeddable":true,"href":"https:\/\/skyline-gs.com\/cs\/wp-json\/wp\/v2\/product_cat?post=39211"},{"taxonomy":"product_tag","embeddable":true,"href":"https:\/\/skyline-gs.com\/cs\/wp-json\/wp\/v2\/product_tag?post=39211"}],"curies":[{"name":"wp","href":"https:\/\/api.w.org\/{rel}","templated":true}]}}