{"id":38674,"date":"2022-07-16T23:07:32","date_gmt":"2022-07-16T21:07:32","guid":{"rendered":"http:\/\/skyline-gs.com\/?post_type=product&#038;p=38674"},"modified":"2025-06-14T22:07:28","modified_gmt":"2025-06-14T20:07:28","slug":"evening-tour-in-the-land-of-legends-side","status":"publish","type":"product","link":"https:\/\/skyline-gs.com\/cs\/product\/evening-tour-in-the-land-of-legends-side\/","title":{"rendered":"Ve\u010dern\u00ed prohl\u00eddka parku v Zemi legend"},"content":{"rendered":"<p>19:00 odjezd z hotelu. P\u0159\u00edjezd do Beleku do vodn\u00edho parku Park Legend. Voln\u00fd \u010das na odpo\u010dinek v nejv\u011bt\u0161\u00edm vodn\u00edm parku v Turecku. Ur\u010dit\u011b nav\u0161tivte ve\u010dern\u00ed show, lod\u011b jsou vyrobeny v podob\u011b r\u016fzn\u00fdch hudebn\u00edch n\u00e1stroj\u016f, zp\u00edvaj\u00edc\u00ed font\u00e1ny a kost\u00fdmy um\u011blc\u016f jsou fantastick\u00e9 a barevn\u00e9. Sc\u00e9na p\u0159edstaven\u00ed za\u010d\u00edn\u00e1 na sou\u0161i a pot\u00e9 se p\u0159esune na vodu. P\u0159edstaven\u00ed je tak fascinuj\u00edc\u00ed, \u017ee hodina ute\u010de jako 5 minut. Cesta zp\u011bt do hotelu. Kolem 00:00 n\u00e1vrat do hotelu.<\/p>\n<p><strong>V\u010detn\u011b:<\/strong><\/p>\n<ul>\n<li>Transfery z hotelu a do hotelu<\/li>\n<li>Transfery v pohodln\u00e9m klimatizovan\u00e9m autobuse<\/li>\n<li>Doprovod p\u0159i transferu<\/li>\n<li>Vstupenky<\/li>\n<li>Poji\u0161t\u011bn\u00ed<\/li>\n<\/ul>\n<p><strong>Nen\u00ed sou\u010d\u00e1st\u00ed dod\u00e1vky:<\/strong><\/p>\n<ul>\n<li>Ve\u010de\u0159e<\/li>\n<li>N\u00e1poje<\/li>\n<li>J\u00edzda na horsk\u00e9 dr\u00e1ze<\/li>\n<\/ul>\n<p><strong>Vezm\u011bte si ji s sebou:<\/strong><\/p>\n<ul>\n<li>Fotoapar\u00e1t<\/li>\n<li>Pen\u00edze na osobn\u00ed v\u00fddaje<\/li>\n<\/ul>","protected":false},"excerpt":{"rendered":"<p><strong>Doba prohl\u00eddky:<\/strong> 19:00 &#8212; 00:00<\/p>\n<p><strong>Dny zadr\u017een\u00ed:<\/strong> \u041f\u043e\u043d\u0435\u0434\u0435\u043b\u044c\u043d\u0438\u043a, \u0412\u0442\u043e\u0440\u043d\u0438\u043a, \u0427\u0435\u0442\u0432\u0435\u0440\u0433, \u041f\u044f\u0442\u043d\u0438\u0446\u0430<\/p>","protected":false},"featured_media":64254,"template":"","meta":{"_kad_post_transparent":"default","_kad_post_title":"","_kad_post_layout":"default","_kad_post_sidebar_id":"","_kad_post_content_style":"default","_kad_post_vertical_padding":"default","_kad_post_feature":"","_kad_post_feature_position":"","_kad_post_header":false,"_kad_post_footer":false,"_kad_post_classname":"","_glsr_average":0,"_glsr_ranking":0,"_glsr_reviews":0},"product_brand":[],"product_cat":[446],"product_tag":[],"class_list":{"0":"post-38674","1":"product","2":"type-product","3":"status-publish","4":"has-post-thumbnail","6":"product_cat-side","7":"tm-has-options","9":"first","10":"instock","11":"sold-individually","12":"taxable","13":"shipping-taxable","14":"purchasable","15":"product-type-simple","16":"entry","17":"content-bg","18":"loop-entry"},"yoast_head":"<!-- This site is optimized with the Yoast SEO plugin v27.4 - https:\/\/yoast.com\/product\/yoast-seo-wordpress\/ -->\n<title>\u0412\u0435\u0447\u0435\u0440\u043d\u0438\u0439 \u0442\u0443\u0440 \u043f\u0430\u0440\u043a \u0432 The Land of Legends &#8226; \u042d\u043a\u0441\u043a\u0443\u0440\u0441\u0438\u0438 Skyline<\/title>\n<meta name=\"robots\" content=\"index, follow, max-snippet:-1, max-image-preview:large, max-video-preview:-1\" \/>\n<link rel=\"canonical\" href=\"https:\/\/skyline-gs.com\/cs\/produkt\/evening-tour-in-the-land-of-legends-side\/\" \/>\n<meta property=\"og:locale\" content=\"cs_CZ\" \/>\n<meta property=\"og:type\" content=\"article\" \/>\n<meta property=\"og:title\" content=\"\u0412\u0435\u0447\u0435\u0440\u043d\u0438\u0439 \u0442\u0443\u0440 \u043f\u0430\u0440\u043a \u0432 The Land of Legends &#8226; \u042d\u043a\u0441\u043a\u0443\u0440\u0441\u0438\u0438 Skyline\" \/>\n<meta property=\"og:description\" content=\"\u0412\u0440\u0435\u043c\u044f \u0442\u0443\u0440\u0430: 19:00 - 00:00  \u0414\u043d\u0438 \u043f\u0440\u043e\u0432\u0435\u0434\u0435\u043d\u0438\u044f: \u041f\u043e\u043d\u0435\u0434\u0435\u043b\u044c\u043d\u0438\u043a, \u0412\u0442\u043e\u0440\u043d\u0438\u043a, \u0427\u0435\u0442\u0432\u0435\u0440\u0433, \u041f\u044f\u0442\u043d\u0438\u0446\u0430\" \/>\n<meta property=\"og:url\" content=\"https:\/\/skyline-gs.com\/cs\/produkt\/evening-tour-in-the-land-of-legends-side\/\" \/>\n<meta property=\"og:site_name\" content=\"\u042d\u043a\u0441\u043a\u0443\u0440\u0441\u0438\u0438 Skyline\" \/>\n<meta property=\"article:modified_time\" content=\"2025-06-14T20:07:28+00:00\" \/>\n<meta property=\"og:image\" content=\"https:\/\/skyline-gs.com\/wp-content\/uploads\/2022\/05\/\u041f\u0430\u0440\u043a-The-Land-of-Legends-32.jpg\" \/>\n\t<meta property=\"og:image:width\" content=\"669\" \/>\n\t<meta property=\"og:image:height\" content=\"446\" \/>\n\t<meta property=\"og:image:type\" content=\"image\/jpeg\" \/>\n<meta name=\"twitter:card\" content=\"summary_large_image\" \/>\n<meta name=\"twitter:label1\" content=\"Odhadovan\u00e1 doba \u010dten\u00ed\" \/>\n\t<meta name=\"twitter:data1\" content=\"1 minuta\" \/>\n<script type=\"application\/ld+json\" class=\"yoast-schema-graph\">{\"@context\":\"https:\\\/\\\/schema.org\",\"@graph\":[{\"@type\":\"WebPage\",\"@id\":\"https:\\\/\\\/skyline-gs.com\\\/it\\\/prodotto\\\/evening-tour-in-the-land-of-legends-side\\\/\",\"url\":\"https:\\\/\\\/skyline-gs.com\\\/it\\\/prodotto\\\/evening-tour-in-the-land-of-legends-side\\\/\",\"name\":\"\u0412\u0435\u0447\u0435\u0440\u043d\u0438\u0439 \u0442\u0443\u0440 \u043f\u0430\u0440\u043a \u0432 The Land of Legends &#8226; \u042d\u043a\u0441\u043a\u0443\u0440\u0441\u0438\u0438 Skyline\",\"isPartOf\":{\"@id\":\"https:\\\/\\\/skyline-gs.com\\\/it\\\/#website\"},\"primaryImageOfPage\":{\"@id\":\"https:\\\/\\\/skyline-gs.com\\\/it\\\/prodotto\\\/evening-tour-in-the-land-of-legends-side\\\/#primaryimage\"},\"image\":{\"@id\":\"https:\\\/\\\/skyline-gs.com\\\/it\\\/prodotto\\\/evening-tour-in-the-land-of-legends-side\\\/#primaryimage\"},\"thumbnailUrl\":\"https:\\\/\\\/skyline-gs.com\\\/wp-content\\\/uploads\\\/2022\\\/05\\\/\u041f\u0430\u0440\u043a-The-Land-of-Legends-32.jpg\",\"datePublished\":\"2022-07-16T21:07:32+00:00\",\"dateModified\":\"2025-06-14T20:07:28+00:00\",\"breadcrumb\":{\"@id\":\"https:\\\/\\\/skyline-gs.com\\\/it\\\/prodotto\\\/evening-tour-in-the-land-of-legends-side\\\/#breadcrumb\"},\"inLanguage\":\"cs\",\"potentialAction\":[{\"@type\":\"ReadAction\",\"target\":[\"https:\\\/\\\/skyline-gs.com\\\/it\\\/prodotto\\\/evening-tour-in-the-land-of-legends-side\\\/\"]}]},{\"@type\":\"ImageObject\",\"inLanguage\":\"cs\",\"@id\":\"https:\\\/\\\/skyline-gs.com\\\/it\\\/prodotto\\\/evening-tour-in-the-land-of-legends-side\\\/#primaryimage\",\"url\":\"https:\\\/\\\/skyline-gs.com\\\/wp-content\\\/uploads\\\/2022\\\/05\\\/\u041f\u0430\u0440\u043a-The-Land-of-Legends-32.jpg\",\"contentUrl\":\"https:\\\/\\\/skyline-gs.com\\\/wp-content\\\/uploads\\\/2022\\\/05\\\/\u041f\u0430\u0440\u043a-The-Land-of-Legends-32.jpg\",\"width\":669,\"height\":446},{\"@type\":\"BreadcrumbList\",\"@id\":\"https:\\\/\\\/skyline-gs.com\\\/it\\\/prodotto\\\/evening-tour-in-the-land-of-legends-side\\\/#breadcrumb\",\"itemListElement\":[{\"@type\":\"ListItem\",\"position\":1,\"name\":\"\u0413\u043b\u0430\u0432\u043d\u0430\u044f \u0441\u0442\u0440\u0430\u043d\u0438\u0446\u0430\",\"item\":\"https:\\\/\\\/skyline-gs.com\\\/hu\\\/\"},{\"@type\":\"ListItem\",\"position\":2,\"name\":\"\u041c\u0430\u0433\u0430\u0437\u0438\u043d\",\"item\":\"https:\\\/\\\/skyline-gs.com\\\/cs\\\/shop\\\/\"},{\"@type\":\"ListItem\",\"position\":3,\"name\":\"\u0412\u0435\u0447\u0435\u0440\u043d\u0438\u0439 \u0442\u0443\u0440 \u043f\u0430\u0440\u043a \u0432 The Land of Legends\"}]},{\"@type\":\"WebSite\",\"@id\":\"https:\\\/\\\/skyline-gs.com\\\/it\\\/#website\",\"url\":\"https:\\\/\\\/skyline-gs.com\\\/it\\\/\",\"name\":\"\u042d\u043a\u0441\u043a\u0443\u0440\u0441\u0438\u0438 Skyline\",\"description\":\"\u042d\u043a\u0441\u043a\u043b\u044e\u0437\u0438\u0432\u043d\u044b\u0435 \u044d\u043a\u0441\u043a\u0443\u0440\u0441\u0438\u0438 \u043d\u0430 \u043b\u0443\u0447\u0448\u0438\u0445 \u043a\u0443\u0440\u043e\u0440\u0442\u0430\u0445 \u043c\u0438\u0440\u0430\",\"publisher\":{\"@id\":\"https:\\\/\\\/skyline-gs.com\\\/it\\\/#organization\"},\"alternateName\":\"Skyline\",\"potentialAction\":[{\"@type\":\"SearchAction\",\"target\":{\"@type\":\"EntryPoint\",\"urlTemplate\":\"https:\\\/\\\/skyline-gs.com\\\/it\\\/?s={search_term_string}\"},\"query-input\":{\"@type\":\"PropertyValueSpecification\",\"valueRequired\":true,\"valueName\":\"search_term_string\"}}],\"inLanguage\":\"cs\"},{\"@type\":\"Organization\",\"@id\":\"https:\\\/\\\/skyline-gs.com\\\/it\\\/#organization\",\"name\":\"\u042d\u043a\u0441\u043a\u0443\u0440\u0441\u0438\u0438 Skyline\",\"alternateName\":\"\u042d\u043a\u0441\u043a\u0443\u0440\u0441\u0438\u0438 Skyline\",\"url\":\"https:\\\/\\\/skyline-gs.com\\\/it\\\/\",\"logo\":{\"@type\":\"ImageObject\",\"inLanguage\":\"cs\",\"@id\":\"https:\\\/\\\/skyline-gs.com\\\/it\\\/#\\\/schema\\\/logo\\\/image\\\/\",\"url\":\"https:\\\/\\\/skyline-gs.com\\\/wp-content\\\/uploads\\\/2020\\\/12\\\/cropped-logo-2.png\",\"contentUrl\":\"https:\\\/\\\/skyline-gs.com\\\/wp-content\\\/uploads\\\/2020\\\/12\\\/cropped-logo-2.png\",\"width\":512,\"height\":512,\"caption\":\"\u042d\u043a\u0441\u043a\u0443\u0440\u0441\u0438\u0438 Skyline\"},\"image\":{\"@id\":\"https:\\\/\\\/skyline-gs.com\\\/it\\\/#\\\/schema\\\/logo\\\/image\\\/\"},\"sameAs\":[\"https:\\\/\\\/www.instagram.com\\\/skylineglobalservice\\\/\"]}]}<\/script>\n<!-- \/ Yoast SEO plugin. -->","yoast_head_json":{"title":"\u0412\u0435\u0447\u0435\u0440\u043d\u0438\u0439 \u0442\u0443\u0440 \u043f\u0430\u0440\u043a \u0432 The Land of Legends &#8226; \u042d\u043a\u0441\u043a\u0443\u0440\u0441\u0438\u0438 Skyline","robots":{"index":"index","follow":"follow","max-snippet":"max-snippet:-1","max-image-preview":"max-image-preview:large","max-video-preview":"max-video-preview:-1"},"canonical":"https:\/\/skyline-gs.com\/cs\/produkt\/evening-tour-in-the-land-of-legends-side\/","og_locale":"cs_CZ","og_type":"article","og_title":"\u0412\u0435\u0447\u0435\u0440\u043d\u0438\u0439 \u0442\u0443\u0440 \u043f\u0430\u0440\u043a \u0432 The Land of Legends &#8226; \u042d\u043a\u0441\u043a\u0443\u0440\u0441\u0438\u0438 Skyline","og_description":"\u0412\u0440\u0435\u043c\u044f \u0442\u0443\u0440\u0430: 19:00 - 00:00  \u0414\u043d\u0438 \u043f\u0440\u043e\u0432\u0435\u0434\u0435\u043d\u0438\u044f: \u041f\u043e\u043d\u0435\u0434\u0435\u043b\u044c\u043d\u0438\u043a, \u0412\u0442\u043e\u0440\u043d\u0438\u043a, \u0427\u0435\u0442\u0432\u0435\u0440\u0433, \u041f\u044f\u0442\u043d\u0438\u0446\u0430","og_url":"https:\/\/skyline-gs.com\/cs\/produkt\/evening-tour-in-the-land-of-legends-side\/","og_site_name":"\u042d\u043a\u0441\u043a\u0443\u0440\u0441\u0438\u0438 Skyline","article_modified_time":"2025-06-14T20:07:28+00:00","og_image":[{"width":669,"height":446,"url":"https:\/\/skyline-gs.com\/wp-content\/uploads\/2022\/05\/\u041f\u0430\u0440\u043a-The-Land-of-Legends-32.jpg","type":"image\/jpeg"}],"twitter_card":"summary_large_image","twitter_misc":{"Odhadovan\u00e1 doba \u010dten\u00ed":"1 minuta"},"schema":{"@context":"https:\/\/schema.org","@graph":[{"@type":"WebPage","@id":"https:\/\/skyline-gs.com\/it\/prodotto\/evening-tour-in-the-land-of-legends-side\/","url":"https:\/\/skyline-gs.com\/it\/prodotto\/evening-tour-in-the-land-of-legends-side\/","name":"\u0412\u0435\u0447\u0435\u0440\u043d\u0438\u0439 \u0442\u0443\u0440 \u043f\u0430\u0440\u043a \u0432 The Land of Legends &#8226; \u042d\u043a\u0441\u043a\u0443\u0440\u0441\u0438\u0438 Skyline","isPartOf":{"@id":"https:\/\/skyline-gs.com\/it\/#website"},"primaryImageOfPage":{"@id":"https:\/\/skyline-gs.com\/it\/prodotto\/evening-tour-in-the-land-of-legends-side\/#primaryimage"},"image":{"@id":"https:\/\/skyline-gs.com\/it\/prodotto\/evening-tour-in-the-land-of-legends-side\/#primaryimage"},"thumbnailUrl":"https:\/\/skyline-gs.com\/wp-content\/uploads\/2022\/05\/\u041f\u0430\u0440\u043a-The-Land-of-Legends-32.jpg","datePublished":"2022-07-16T21:07:32+00:00","dateModified":"2025-06-14T20:07:28+00:00","breadcrumb":{"@id":"https:\/\/skyline-gs.com\/it\/prodotto\/evening-tour-in-the-land-of-legends-side\/#breadcrumb"},"inLanguage":"cs","potentialAction":[{"@type":"ReadAction","target":["https:\/\/skyline-gs.com\/it\/prodotto\/evening-tour-in-the-land-of-legends-side\/"]}]},{"@type":"ImageObject","inLanguage":"cs","@id":"https:\/\/skyline-gs.com\/it\/prodotto\/evening-tour-in-the-land-of-legends-side\/#primaryimage","url":"https:\/\/skyline-gs.com\/wp-content\/uploads\/2022\/05\/\u041f\u0430\u0440\u043a-The-Land-of-Legends-32.jpg","contentUrl":"https:\/\/skyline-gs.com\/wp-content\/uploads\/2022\/05\/\u041f\u0430\u0440\u043a-The-Land-of-Legends-32.jpg","width":669,"height":446},{"@type":"BreadcrumbList","@id":"https:\/\/skyline-gs.com\/it\/prodotto\/evening-tour-in-the-land-of-legends-side\/#breadcrumb","itemListElement":[{"@type":"ListItem","position":1,"name":"\u0413\u043b\u0430\u0432\u043d\u0430\u044f \u0441\u0442\u0440\u0430\u043d\u0438\u0446\u0430","item":"https:\/\/skyline-gs.com\/hu\/"},{"@type":"ListItem","position":2,"name":"\u041c\u0430\u0433\u0430\u0437\u0438\u043d","item":"https:\/\/skyline-gs.com\/cs\/shop\/"},{"@type":"ListItem","position":3,"name":"\u0412\u0435\u0447\u0435\u0440\u043d\u0438\u0439 \u0442\u0443\u0440 \u043f\u0430\u0440\u043a \u0432 The Land of Legends"}]},{"@type":"WebSite","@id":"https:\/\/skyline-gs.com\/it\/#website","url":"https:\/\/skyline-gs.com\/it\/","name":"Skyline V\u00fdlety","description":"Exkluzivn\u00ed v\u00fdlety do nejlep\u0161\u00edch sv\u011btov\u00fdch letovisek","publisher":{"@id":"https:\/\/skyline-gs.com\/it\/#organization"},"alternateName":"Skyline","potentialAction":[{"@type":"SearchAction","target":{"@type":"EntryPoint","urlTemplate":"https:\/\/skyline-gs.com\/it\/?s={search_term_string}"},"query-input":{"@type":"PropertyValueSpecification","valueRequired":true,"valueName":"search_term_string"}}],"inLanguage":"cs"},{"@type":"Organization","@id":"https:\/\/skyline-gs.com\/it\/#organization","name":"Skyline V\u00fdlety","alternateName":"\u042d\u043a\u0441\u043a\u0443\u0440\u0441\u0438\u0438 Skyline","url":"https:\/\/skyline-gs.com\/it\/","logo":{"@type":"ImageObject","inLanguage":"cs","@id":"https:\/\/skyline-gs.com\/it\/#\/schema\/logo\/image\/","url":"https:\/\/skyline-gs.com\/wp-content\/uploads\/2020\/12\/cropped-logo-2.png","contentUrl":"https:\/\/skyline-gs.com\/wp-content\/uploads\/2020\/12\/cropped-logo-2.png","width":512,"height":512,"caption":"\u042d\u043a\u0441\u043a\u0443\u0440\u0441\u0438\u0438 Skyline"},"image":{"@id":"https:\/\/skyline-gs.com\/it\/#\/schema\/logo\/image\/"},"sameAs":["https:\/\/www.instagram.com\/skylineglobalservice\/"]}]}},"_links":{"self":[{"href":"https:\/\/skyline-gs.com\/cs\/wp-json\/wp\/v2\/product\/38674","targetHints":{"allow":["GET"]}}],"collection":[{"href":"https:\/\/skyline-gs.com\/cs\/wp-json\/wp\/v2\/product"}],"about":[{"href":"https:\/\/skyline-gs.com\/cs\/wp-json\/wp\/v2\/types\/product"}],"version-history":[{"count":0,"href":"https:\/\/skyline-gs.com\/cs\/wp-json\/wp\/v2\/product\/38674\/revisions"}],"wp:featuredmedia":[{"embeddable":true,"href":"https:\/\/skyline-gs.com\/cs\/wp-json\/wp\/v2\/media\/64254"}],"wp:attachment":[{"href":"https:\/\/skyline-gs.com\/cs\/wp-json\/wp\/v2\/media?parent=38674"}],"wp:term":[{"taxonomy":"product_brand","embeddable":true,"href":"https:\/\/skyline-gs.com\/cs\/wp-json\/wp\/v2\/product_brand?post=38674"},{"taxonomy":"product_cat","embeddable":true,"href":"https:\/\/skyline-gs.com\/cs\/wp-json\/wp\/v2\/product_cat?post=38674"},{"taxonomy":"product_tag","embeddable":true,"href":"https:\/\/skyline-gs.com\/cs\/wp-json\/wp\/v2\/product_tag?post=38674"}],"curies":[{"name":"wp","href":"https:\/\/api.w.org\/{rel}","templated":true}]}}