{"id":36294,"date":"2022-02-19T19:11:33","date_gmt":"2022-02-19T17:11:33","guid":{"rendered":"http:\/\/skyline-gs.com\/?post_type=product&#038;p=36294"},"modified":"2026-03-17T21:23:29","modified_gmt":"2026-03-17T19:23:29","slug":"sigiriya-2-days-srilanka","status":"publish","type":"product","link":"https:\/\/skyline-gs.com\/cs\/product\/sigiriya-2-days-srilanka\/","title":{"rendered":"Lanka Express (se Sigiriya) 2 dny"},"content":{"rendered":"<p>\u042d\u0442\u043e\u0442 \u0442\u0443\u0440 \u2014 \u043d\u0430\u0441\u0442\u043e\u044f\u0449\u0430\u044f \u043a\u043b\u0430\u0441\u0441\u0438\u043a\u0430 \u043f\u0443\u0442\u0435\u0448\u0435\u0441\u0442\u0432\u0438\u0439 \u043f\u043e \u0428\u0440\u0438-\u041b\u0430\u043d\u043a\u0435. \u0412\u0430\u0441 \u0436\u0434\u0443\u0442 \u0432\u043e\u0434\u043e\u043f\u0430\u0434\u044b, \u043f\u043e\u0435\u0437\u0434\u0430 \u0432 \u0433\u043e\u0440\u0430\u0445, \u0447\u0430\u0439\u043d\u044b\u0435 \u043f\u043b\u0430\u043d\u0442\u0430\u0446\u0438\u0438, \u0434\u0440\u0435\u0432\u043d\u0438\u0435 \u0445\u0440\u0430\u043c\u044b, \u0431\u043b\u0438\u0437\u043a\u043e\u0435 \u0437\u043d\u0430\u043a\u043e\u043c\u0441\u0442\u0432\u043e \u0441\u043e \u0441\u043b\u043e\u043d\u0430\u043c\u0438 \u0438, \u043a\u043e\u043d\u0435\u0447\u043d\u043e, <strong data-start=\"506\" data-end=\"529\">\u043b\u0435\u0433\u0435\u043d\u0434\u0430\u0440\u043d\u0430\u044f \u0421\u0438\u0433\u0438\u0440\u0438\u044f<\/strong> \u2014 \u041b\u044c\u0432\u0438\u043d\u0430\u044f \u0441\u043a\u0430\u043b\u0430, \u0432\u0438\u0437\u0438\u0442\u043d\u0430\u044f \u043a\u0430\u0440\u0442\u043e\u0447\u043a\u0430 \u043e\u0441\u0442\u0440\u043e\u0432\u0430.<\/p>\n<p><strong>Den 1<\/strong><\/p>\n<ul>\n<li data-start=\"680\" data-end=\"713\"><strong>3:00 - Odjezd z hotelov\u00e9 haly.<\/strong><\/li>\n<li data-start=\"680\" data-end=\"713\"><strong data-start=\"662\" data-end=\"708\">Little Adam's Peak (asi 30 minut v\u00fdstupu). <\/strong>\u041a\u043e\u0440\u043e\u0442\u043a\u0438\u0439 \u0442\u0440\u0435\u043a \u0441 \u043f\u0430\u043d\u043e\u0440\u0430\u043c\u043d\u044b\u043c \u0432\u0438\u0434\u043e\u043c \u043d\u0430 \u042d\u043b\u043b\u0443 \u0438 \u0433\u043e\u0440\u043d\u044b\u0435 \u0434\u043e\u043b\u0438\u043d\u044b. \u041e\u0442\u043b\u0438\u0447\u043d\u043e\u0435 \u043d\u0430\u0447\u0430\u043b\u043e \u043f\u0443\u0442\u0435\u0448\u0435\u0441\u0442\u0432\u0438\u044f \u0438 \u0438\u0434\u0435\u0430\u043b\u044c\u043d\u043e\u0435 \u043c\u0435\u0441\u0442\u043e \u0434\u043b\u044f \u0444\u043e\u0442\u043e.<\/li>\n<li data-start=\"680\" data-end=\"713\"><strong data-start=\"832\" data-end=\"853\">Ravana Falls. <\/strong>\u041e\u0434\u0438\u043d \u0438\u0437 \u0441\u0430\u043c\u044b\u0445 \u0436\u0438\u0432\u043e\u043f\u0438\u0441\u043d\u044b\u0445 \u0432\u043e\u0434\u043e\u043f\u0430\u0434\u043e\u0432 \u0428\u0440\u0438-\u041b\u0430\u043d\u043a\u0438. \u0417\u0434\u0435\u0441\u044c \u043c\u043e\u0436\u043d\u043e \u043e\u0441\u0432\u0435\u0436\u0438\u0442\u044c\u0441\u044f \u0432 \u043f\u0440\u043e\u0445\u043b\u0430\u0434\u043d\u043e\u0439 \u0432\u043e\u0434\u0435 \u0438 \u0441\u0434\u0435\u043b\u0430\u0442\u044c \u044d\u0444\u0444\u0435\u043a\u0442\u043d\u044b\u0435 \u0441\u043d\u0438\u043c\u043a\u0438.<\/li>\n<li data-start=\"680\" data-end=\"713\"><strong data-start=\"978\" data-end=\"1003\">Most dev\u00edti. <\/strong>\u0417\u043d\u0430\u043a\u043e\u0432\u043e\u0435 \u043c\u0435\u0441\u0442\u043e \u0438 \u0441\u0438\u043c\u0432\u043e\u043b \u0428\u0440\u0438-\u041b\u0430\u043d\u043a\u0438. \u041e\u0441\u043e\u0431\u0435\u043d\u043d\u043e \u0432\u043f\u0435\u0447\u0430\u0442\u043b\u044f\u0435\u0442 \u043c\u043e\u043c\u0435\u043d\u0442, \u043a\u043e\u0433\u0434\u0430 \u043f\u043e \u043c\u043e\u0441\u0442\u0443 \u043f\u0440\u043e\u0445\u043e\u0434\u0438\u0442 \u043f\u043e\u0435\u0437\u0434.<\/li>\n<li data-start=\"680\" data-end=\"713\"><strong data-start=\"1107\" data-end=\"1152\">Z Elly do Nuwara Eliya vlakem (30-40 minut). <\/strong>\u041d\u0435\u0437\u0430\u0431\u044b\u0432\u0430\u0435\u043c\u043e\u0435 \u043f\u0443\u0442\u0435\u0448\u0435\u0441\u0442\u0432\u0438\u0435 \u0441 \u043f\u043e\u0442\u0440\u044f\u0441\u0430\u044e\u0449\u0438\u043c\u0438 \u0432\u0438\u0434\u0430\u043c\u0438 \u043d\u0430 \u0447\u0430\u0439\u043d\u044b\u0435 \u043f\u043b\u0430\u043d\u0442\u0430\u0446\u0438\u0438, \u0443\u0449\u0435\u043b\u044c\u044f \u0438 \u0445\u043e\u043b\u043c\u044b. \u0418\u043c\u0435\u043d\u043d\u043e \u0437\u0434\u0435\u0441\u044c \u0434\u0435\u043b\u0430\u044e\u0442 \u0441\u0430\u043c\u044b\u0435 \u043a\u0443\u043b\u044c\u0442\u043e\u0432\u044b\u0435 \u0444\u043e\u0442\u043e\u0433\u0440\u0430\u0444\u0438\u0438 \u0438\u0437 \u043f\u043e\u0435\u0437\u0434\u043a\u0438 \u043d\u0430 \u0428\u0440\u0438-\u041b\u0430\u043d\u043a\u0443.<\/li>\n<li data-start=\"680\" data-end=\"713\"><strong data-start=\"1318\" data-end=\"1366\">\u041e\u0431\u0437\u043e\u0440\u043d\u0430\u044f \u044d\u043a\u0441\u043a\u0443\u0440\u0441\u0438\u044f \u043f\u043e \u0433\u043e\u0440\u043e\u0434\u0443 \u041d\u0443\u0432\u0430\u0440\u0430-\u042d\u043b\u0438\u044f. <\/strong>\u00ab\u041c\u0430\u043b\u0435\u043d\u044c\u043a\u0430\u044f \u0410\u043d\u0433\u043b\u0438\u044f\u00bb \u0432 \u0441\u0435\u0440\u0434\u0446\u0435 \u043e\u0441\u0442\u0440\u043e\u0432\u0430: \u0431\u0440\u0438\u0442\u0430\u043d\u0441\u043a\u0430\u044f \u0430\u0440\u0445\u0438\u0442\u0435\u043a\u0442\u0443\u0440\u0430, \u0443\u0445\u043e\u0436\u0435\u043d\u043d\u044b\u0435 \u0441\u0430\u0434\u044b \u0438 \u043a\u043e\u043b\u043e\u043d\u0438\u0430\u043b\u044c\u043d\u0430\u044f \u0430\u0442\u043c\u043e\u0441\u0444\u0435\u0440\u0430. \u041c\u043e\u0436\u043d\u043e \u043e\u0442\u043f\u0440\u0430\u0432\u0438\u0442\u044c \u043e\u0442\u043a\u0440\u044b\u0442\u043a\u0438 \u0441 \u043f\u043e\u0447\u0442\u044b XIX \u0432\u0435\u043a\u0430.<\/li>\n<li data-start=\"680\" data-end=\"713\"><strong data-start=\"1521\" data-end=\"1554\">\u010cajov\u00e1 plant\u00e1\u017e a tov\u00e1rna. <\/strong>\u0423\u0437\u043d\u0430\u0435\u0442\u0435 \u0432\u0441\u0435 \u0441\u0435\u043a\u0440\u0435\u0442\u044b \u0446\u0435\u0439\u043b\u043e\u043d\u0441\u043a\u043e\u0433\u043e \u0447\u0430\u044f: \u043e\u0442 \u0441\u0431\u043e\u0440\u0430 \u0434\u043e \u0443\u043f\u0430\u043a\u043e\u0432\u043a\u0438. \u0414\u0435\u0433\u0443\u0441\u0442\u0430\u0446\u0438\u044f 12 \u0441\u043e\u0440\u0442\u043e\u0432 \u0438 \u0444\u043e\u0442\u043e\u0441\u0435\u0441\u0441\u0438\u044f \u0441\u0440\u0435\u0434\u0438 \u0437\u0435\u043b\u0451\u043d\u044b\u0445 \u043f\u043b\u0430\u043d\u0442\u0430\u0446\u0438\u0439.<\/li>\n<li data-start=\"680\" data-end=\"713\"><strong data-start=\"1682\" data-end=\"1744\">Ve\u010de\u0159e (formou bufetu) a p\u0159enocov\u00e1n\u00ed v hotelu Tea Bush Ramboda. <\/strong>\u041e\u0442\u0435\u043b\u044c \u0441 \u043f\u0430\u043d\u043e\u0440\u0430\u043c\u043d\u044b\u043c\u0438 \u0431\u0430\u043b\u043a\u043e\u043d\u0430\u043c\u0438, \u0432\u0438\u0434\u043e\u043c \u043d\u0430 \u0432\u043e\u0434\u043e\u043f\u0430\u0434 \u0438 \u0433\u043e\u0440\u044b \u2014 \u0438\u0434\u0435\u0430\u043b\u044c\u043d\u043e\u0435 \u043c\u0435\u0441\u0442\u043e \u0434\u043b\u044f \u043e\u0442\u0434\u044b\u0445\u0430 \u043f\u043e\u0441\u043b\u0435 \u043d\u0430\u0441\u044b\u0449\u0435\u043d\u043d\u043e\u0433\u043e \u0434\u043d\u044f.<\/li>\n<\/ul>\n<p><strong>Den 2<\/strong><\/p>\n<ul>\n<li data-start=\"1883\" data-end=\"1912\"><strong data-start=\"1883\" data-end=\"1910\">Sn\u00eddan\u011b (formou bufetu)<\/strong><\/li>\n<li data-start=\"1883\" data-end=\"1912\"><strong data-start=\"1916\" data-end=\"1933\">Ambuluwawa. <\/strong>\u0423\u043d\u0438\u043a\u0430\u043b\u044c\u043d\u0430\u044f \u0431\u0430\u0448\u043d\u044f-\u0441\u043f\u0438\u0440\u0430\u043b\u044c, \u0441 \u0432\u0435\u0440\u0448\u0438\u043d\u044b \u043a\u043e\u0442\u043e\u0440\u043e\u0439 \u043e\u0442\u043a\u0440\u044b\u0432\u0430\u0435\u0442\u0441\u044f \u0433\u043e\u043b\u043e\u0432\u043e\u043a\u0440\u0443\u0436\u0438\u0442\u0435\u043b\u044c\u043d\u044b\u0439 \u0432\u0438\u0434 \u043d\u0430 \u0434\u0436\u0443\u043d\u0433\u043b\u0438, \u0434\u043e\u043b\u0438\u043d\u044b \u0438 \u0433\u043e\u0440\u044b.<\/li>\n<li data-start=\"1883\" data-end=\"1912\"><strong data-start=\"2049\" data-end=\"2081\">\u0418\u043d\u0434\u0443\u0438\u0441\u0442\u0441\u043a\u0438\u0439 \u0445\u0440\u0430\u043c \u041c\u0430\u0442\u0430\u043b\u043b\u0435. <\/strong>\u041a\u0440\u0430\u0441\u043e\u0447\u043d\u044b\u0439 \u0445\u0440\u0430\u043c \u0441 \u044f\u0440\u043a\u0438\u043c\u0438 \u0444\u0440\u0435\u0441\u043a\u0430\u043c\u0438 \u0438 \u0431\u043e\u0433\u0430\u0442\u043e \u0443\u043a\u0440\u0430\u0448\u0435\u043d\u043d\u044b\u043c \u0438\u043d\u0442\u0435\u0440\u044c\u0435\u0440\u043e\u043c. \u041d\u0430\u0441\u0442\u043e\u044f\u0449\u0438\u0439 \u043f\u043e\u0433\u0440\u0443\u0436\u0435\u043d\u0438\u0435 \u0432 \u0430\u0442\u043c\u043e\u0441\u0444\u0435\u0440\u0443 \u0438\u043d\u0434\u0443\u0438\u0441\u0442\u0441\u043a\u043e\u0439 \u043a\u0443\u043b\u044c\u0442\u0443\u0440\u044b.<\/li>\n<li data-start=\"1883\" data-end=\"1912\"><strong data-start=\"2211\" data-end=\"2250\">Zlat\u00fd chr\u00e1m v Dambulle (15 minut). <\/strong>\u041e\u0433\u0440\u043e\u043c\u043d\u0430\u044f \u0441\u0442\u0430\u0442\u0443\u044f \u0411\u0443\u0434\u0434\u044b \u0438 \u0432\u0445\u043e\u0434 \u0432 \u0437\u043d\u0430\u043c\u0435\u043d\u0438\u0442\u044b\u0435 \u043f\u0435\u0449\u0435\u0440\u043d\u044b\u0435 \u0445\u0440\u0430\u043c\u044b \u2014 \u043e\u0431\u044a\u0435\u043a\u0442 \u0412\u0441\u0435\u043c\u0438\u0440\u043d\u043e\u0433\u043e \u043d\u0430\u0441\u043b\u0435\u0434\u0438\u044f \u042e\u041d\u0415\u0421\u041a\u041e.<\/li>\n<li data-start=\"1883\" data-end=\"1912\"><strong data-start=\"2354\" data-end=\"2376\">\u0412 \u0433\u043e\u0441\u0442\u0438 \u043a \u0441\u043b\u043e\u043d\u0443. <\/strong>\u041d\u0435\u0432\u0435\u0440\u043e\u044f\u0442\u043d\u0430\u044f \u0432\u0441\u0442\u0440\u0435\u0447\u0430 \u0441\u043e \u0441\u043b\u043e\u043d\u043e\u043c: \u0432\u044b \u0441\u043c\u043e\u0436\u0435\u0442\u0435 \u043f\u043e\u043a\u043e\u0440\u043c\u0438\u0442\u044c \u0435\u0433\u043e, \u0434\u043e\u0442\u0440\u043e\u043d\u0443\u0442\u044c\u0441\u044f \u0438 \u0441\u0434\u0435\u043b\u0430\u0442\u044c \u043f\u0430\u043c\u044f\u0442\u043d\u044b\u0435 \u0444\u043e\u0442\u043e\u0433\u0440\u0430\u0444\u0438\u0438.<\/li>\n<li data-start=\"1883\" data-end=\"1912\"><strong data-start=\"2486\" data-end=\"2536\">\u0421\u0438\u0433\u0438\u0440\u0438\u044f \u2014 \u041b\u044c\u0432\u0438\u043d\u0430\u044f \u0441\u043a\u0430\u043b\u0430 (\u043f\u043e\u0434\u044a\u0451\u043c \u043d\u0430 \u0432\u0435\u0440\u0448\u0438\u043d\u0443). <\/strong>\u041a\u0443\u043b\u044c\u043c\u0438\u043d\u0430\u0446\u0438\u044f \u0442\u0443\u0440\u0430. \u041f\u043e\u0434\u044a\u0451\u043c \u043d\u0430 \u0441\u043a\u0430\u043b\u0443 \u0421\u0438\u0433\u0438\u0440\u0438\u044f \u2014 \u043e\u0434\u043d\u0443 \u0438\u0437 \u0433\u043b\u0430\u0432\u043d\u044b\u0445 \u0434\u043e\u0441\u0442\u043e\u043f\u0440\u0438\u043c\u0435\u0447\u0430\u0442\u0435\u043b\u044c\u043d\u043e\u0441\u0442\u0435\u0439 \u0428\u0440\u0438-\u041b\u0430\u043d\u043a\u0438. \u0421 \u0432\u0435\u0440\u0448\u0438\u043d\u044b \u043e\u0442\u043a\u0440\u044b\u0432\u0430\u0435\u0442\u0441\u044f \u043f\u043e\u0442\u0440\u044f\u0441\u0430\u044e\u0449\u0438\u0439 \u0432\u0438\u0434 \u043d\u0430 \u0442\u0440\u043e\u043f\u0438\u0447\u0435\u0441\u043a\u0438\u0435 \u0434\u0436\u0443\u043d\u0433\u043b\u0438 \u0438 \u0434\u0440\u0435\u0432\u043d\u0438\u0435 \u0440\u0443\u0438\u043d\u044b \u0434\u0432\u043e\u0440\u0446\u0430.<\/li>\n<li data-start=\"1883\" data-end=\"1912\"><strong>23:30 - N\u00e1vrat do hotelu.<\/strong><\/li>\n<\/ul>\n<p><strong>V\u010detn\u011b:<\/strong><\/p>\n<ul>\n<li>transfery do hotelu a zp\u011bt (vyzvednut\u00ed ve v\u0161ech hotelech na ji\u017en\u00edm pob\u0159e\u017e\u00ed)<\/li>\n<li>V\u0161echny transfery v r\u00e1mci programu<\/li>\n<li>rusky mluv\u00edc\u00ed pr\u016fvodce<\/li>\n<li>V\u0161echny vstupenky podle programu<\/li>\n<li>P\u0159enocov\u00e1n\u00ed v hotelu Tea Bush Ramboda<\/li>\n<li>Stravov\u00e1n\u00ed: ve\u010de\u0159e a sn\u00eddan\u011b<\/li>\n<\/ul>\n<p><strong>Nen\u00ed sou\u010d\u00e1st\u00ed dod\u00e1vky:<\/strong><\/p>\n<ul>\n<li>\u041e\u0431\u0435\u0434\u044b (5-10$)<\/li>\n<li>P\u0159i obsazen\u00ed jednoho pokoje p\u0159\u00edplatek +25$<\/li>\n<\/ul>\n<p><strong>Vezm\u011bte si ji s sebou:<\/strong><\/p>\n<ul>\n<li>Sn\u00eddan\u011b na vlastn\u00ed p\u011bst (objednejte si v hotelu)<\/li>\n<li>Voda<\/li>\n<li>Pokr\u00fdvka hlavy<\/li>\n<li>Opalovac\u00ed kr\u00e9m<\/li>\n<li>Kapesn\u00e9<\/li>\n<\/ul>","protected":false},"excerpt":{"rendered":"<p><strong>Doba prohl\u00eddky:<\/strong> 2 dny<\/p>\n<p><strong>Dny zadr\u017een\u00ed:<\/strong> \u00dater\u00fd, st\u0159eda, sobota, ned\u011ble.<\/p>","protected":false},"featured_media":57837,"template":"","meta":{"_kad_post_transparent":"default","_kad_post_title":"","_kad_post_layout":"default","_kad_post_sidebar_id":"","_kad_post_content_style":"default","_kad_post_vertical_padding":"default","_kad_post_feature":"","_kad_post_feature_position":"","_kad_post_header":false,"_kad_post_footer":false,"_kad_post_classname":"","_glsr_average":0,"_glsr_ranking":0,"_glsr_reviews":0},"product_brand":[],"product_cat":[436],"product_tag":[],"class_list":{"0":"post-36294","1":"product","2":"type-product","3":"status-publish","4":"has-post-thumbnail","6":"product_cat-srilanka","7":"tm-has-options","9":"first","10":"instock","11":"sold-individually","12":"taxable","13":"shipping-taxable","14":"purchasable","15":"product-type-simple","16":"entry","17":"content-bg","18":"loop-entry"},"yoast_head":"<!-- This site is optimized with the Yoast SEO plugin v27.3 - https:\/\/yoast.com\/product\/yoast-seo-wordpress\/ -->\n<title>\u041b\u0430\u043d\u043a\u0438\u0439\u0441\u043a\u0438\u0439 \u044d\u043a\u0441\u043f\u0440\u0435\u0441\u0441 (\u0441 \u0421\u0438\u0433\u0438\u0440\u0438\u0435\u0439) 2 \u0434\u043d\u044f &#8226; \u042d\u043a\u0441\u043a\u0443\u0440\u0441\u0438\u0438 Skyline<\/title>\n<meta name=\"robots\" content=\"index, follow, max-snippet:-1, max-image-preview:large, max-video-preview:-1\" \/>\n<link rel=\"canonical\" href=\"https:\/\/skyline-gs.com\/cs\/produkt\/sigiriya-2-days-srilanka\/\" \/>\n<meta property=\"og:locale\" content=\"cs_CZ\" \/>\n<meta property=\"og:type\" content=\"article\" \/>\n<meta property=\"og:title\" content=\"\u041b\u0430\u043d\u043a\u0438\u0439\u0441\u043a\u0438\u0439 \u044d\u043a\u0441\u043f\u0440\u0435\u0441\u0441 (\u0441 \u0421\u0438\u0433\u0438\u0440\u0438\u0435\u0439) 2 \u0434\u043d\u044f &#8226; \u042d\u043a\u0441\u043a\u0443\u0440\u0441\u0438\u0438 Skyline\" \/>\n<meta property=\"og:description\" content=\"\u0412\u0440\u0435\u043c\u044f \u0442\u0443\u0440\u0430: 2 \u0434\u043d\u044f  \u0414\u043d\u0438 \u043f\u0440\u043e\u0432\u0435\u0434\u0435\u043d\u0438\u044f: \u0412\u0442\u043e\u0440\u043d\u0438\u043a, \u0421\u0440\u0435\u0434\u0430, \u0421\u0443\u0431\u0431\u043e\u0442\u0430, \u0412\u043e\u0441\u043a\u0440\u0435\u0441\u0435\u043d\u044c\u0435\" \/>\n<meta property=\"og:url\" content=\"https:\/\/skyline-gs.com\/cs\/produkt\/sigiriya-2-days-srilanka\/\" \/>\n<meta property=\"og:site_name\" content=\"\u042d\u043a\u0441\u043a\u0443\u0440\u0441\u0438\u0438 Skyline\" \/>\n<meta property=\"article:modified_time\" content=\"2026-03-17T19:23:29+00:00\" \/>\n<meta property=\"og:image\" content=\"https:\/\/skyline-gs.com\/wp-content\/uploads\/2022\/02\/2-4.png\" \/>\n\t<meta property=\"og:image:width\" content=\"669\" \/>\n\t<meta property=\"og:image:height\" content=\"446\" \/>\n\t<meta property=\"og:image:type\" content=\"image\/png\" \/>\n<meta name=\"twitter:card\" content=\"summary_large_image\" \/>\n<meta name=\"twitter:label1\" content=\"Odhadovan\u00e1 doba \u010dten\u00ed\" \/>\n\t<meta name=\"twitter:data1\" content=\"3 minuty\" \/>\n<script type=\"application\/ld+json\" class=\"yoast-schema-graph\">{\"@context\":\"https:\\\/\\\/schema.org\",\"@graph\":[{\"@type\":\"WebPage\",\"@id\":\"https:\\\/\\\/skyline-gs.com\\\/product\\\/sigiriya-2-days-srilanka\\\/\",\"url\":\"https:\\\/\\\/skyline-gs.com\\\/product\\\/sigiriya-2-days-srilanka\\\/\",\"name\":\"\u041b\u0430\u043d\u043a\u0438\u0439\u0441\u043a\u0438\u0439 \u044d\u043a\u0441\u043f\u0440\u0435\u0441\u0441 (\u0441 \u0421\u0438\u0433\u0438\u0440\u0438\u0435\u0439) 2 \u0434\u043d\u044f &#8226; \u042d\u043a\u0441\u043a\u0443\u0440\u0441\u0438\u0438 Skyline\",\"isPartOf\":{\"@id\":\"https:\\\/\\\/skyline-gs.com\\\/it\\\/#website\"},\"primaryImageOfPage\":{\"@id\":\"https:\\\/\\\/skyline-gs.com\\\/product\\\/sigiriya-2-days-srilanka\\\/#primaryimage\"},\"image\":{\"@id\":\"https:\\\/\\\/skyline-gs.com\\\/product\\\/sigiriya-2-days-srilanka\\\/#primaryimage\"},\"thumbnailUrl\":\"https:\\\/\\\/skyline-gs.com\\\/wp-content\\\/uploads\\\/2022\\\/02\\\/2-4.png\",\"datePublished\":\"2022-02-19T17:11:33+00:00\",\"dateModified\":\"2026-03-17T19:23:29+00:00\",\"breadcrumb\":{\"@id\":\"https:\\\/\\\/skyline-gs.com\\\/product\\\/sigiriya-2-days-srilanka\\\/#breadcrumb\"},\"inLanguage\":\"cs\",\"potentialAction\":[{\"@type\":\"ReadAction\",\"target\":[\"https:\\\/\\\/skyline-gs.com\\\/product\\\/sigiriya-2-days-srilanka\\\/\"]}]},{\"@type\":\"ImageObject\",\"inLanguage\":\"cs\",\"@id\":\"https:\\\/\\\/skyline-gs.com\\\/product\\\/sigiriya-2-days-srilanka\\\/#primaryimage\",\"url\":\"https:\\\/\\\/skyline-gs.com\\\/wp-content\\\/uploads\\\/2022\\\/02\\\/2-4.png\",\"contentUrl\":\"https:\\\/\\\/skyline-gs.com\\\/wp-content\\\/uploads\\\/2022\\\/02\\\/2-4.png\",\"width\":669,\"height\":446},{\"@type\":\"BreadcrumbList\",\"@id\":\"https:\\\/\\\/skyline-gs.com\\\/product\\\/sigiriya-2-days-srilanka\\\/#breadcrumb\",\"itemListElement\":[{\"@type\":\"ListItem\",\"position\":1,\"name\":\"\u0413\u043b\u0430\u0432\u043d\u0430\u044f \u0441\u0442\u0440\u0430\u043d\u0438\u0446\u0430\",\"item\":\"https:\\\/\\\/skyline-gs.com\\\/hu\\\/\"},{\"@type\":\"ListItem\",\"position\":2,\"name\":\"\u041c\u0430\u0433\u0430\u0437\u0438\u043d\",\"item\":\"https:\\\/\\\/skyline-gs.com\\\/cs\\\/shop\\\/\"},{\"@type\":\"ListItem\",\"position\":3,\"name\":\"\u041b\u0430\u043d\u043a\u0438\u0439\u0441\u043a\u0438\u0439 \u044d\u043a\u0441\u043f\u0440\u0435\u0441\u0441 (\u0441 \u0421\u0438\u0433\u0438\u0440\u0438\u0435\u0439) 2 \u0434\u043d\u044f\"}]},{\"@type\":\"WebSite\",\"@id\":\"https:\\\/\\\/skyline-gs.com\\\/it\\\/#website\",\"url\":\"https:\\\/\\\/skyline-gs.com\\\/it\\\/\",\"name\":\"\u042d\u043a\u0441\u043a\u0443\u0440\u0441\u0438\u0438 Skyline\",\"description\":\"\u042d\u043a\u0441\u043a\u043b\u044e\u0437\u0438\u0432\u043d\u044b\u0435 \u044d\u043a\u0441\u043a\u0443\u0440\u0441\u0438\u0438 \u043d\u0430 \u043b\u0443\u0447\u0448\u0438\u0445 \u043a\u0443\u0440\u043e\u0440\u0442\u0430\u0445 \u043c\u0438\u0440\u0430\",\"publisher\":{\"@id\":\"https:\\\/\\\/skyline-gs.com\\\/it\\\/#organization\"},\"alternateName\":\"Skyline\",\"potentialAction\":[{\"@type\":\"SearchAction\",\"target\":{\"@type\":\"EntryPoint\",\"urlTemplate\":\"https:\\\/\\\/skyline-gs.com\\\/it\\\/?s={search_term_string}\"},\"query-input\":{\"@type\":\"PropertyValueSpecification\",\"valueRequired\":true,\"valueName\":\"search_term_string\"}}],\"inLanguage\":\"cs\"},{\"@type\":\"Organization\",\"@id\":\"https:\\\/\\\/skyline-gs.com\\\/it\\\/#organization\",\"name\":\"\u042d\u043a\u0441\u043a\u0443\u0440\u0441\u0438\u0438 Skyline\",\"alternateName\":\"\u042d\u043a\u0441\u043a\u0443\u0440\u0441\u0438\u0438 Skyline\",\"url\":\"https:\\\/\\\/skyline-gs.com\\\/it\\\/\",\"logo\":{\"@type\":\"ImageObject\",\"inLanguage\":\"cs\",\"@id\":\"https:\\\/\\\/skyline-gs.com\\\/it\\\/#\\\/schema\\\/logo\\\/image\\\/\",\"url\":\"https:\\\/\\\/skyline-gs.com\\\/wp-content\\\/uploads\\\/2020\\\/12\\\/cropped-logo-2.png\",\"contentUrl\":\"https:\\\/\\\/skyline-gs.com\\\/wp-content\\\/uploads\\\/2020\\\/12\\\/cropped-logo-2.png\",\"width\":512,\"height\":512,\"caption\":\"\u042d\u043a\u0441\u043a\u0443\u0440\u0441\u0438\u0438 Skyline\"},\"image\":{\"@id\":\"https:\\\/\\\/skyline-gs.com\\\/it\\\/#\\\/schema\\\/logo\\\/image\\\/\"},\"sameAs\":[\"https:\\\/\\\/www.instagram.com\\\/skylineglobalservice\\\/\"]}]}<\/script>\n<!-- \/ Yoast SEO plugin. -->","yoast_head_json":{"title":"\u041b\u0430\u043d\u043a\u0438\u0439\u0441\u043a\u0438\u0439 \u044d\u043a\u0441\u043f\u0440\u0435\u0441\u0441 (\u0441 \u0421\u0438\u0433\u0438\u0440\u0438\u0435\u0439) 2 \u0434\u043d\u044f &#8226; \u042d\u043a\u0441\u043a\u0443\u0440\u0441\u0438\u0438 Skyline","robots":{"index":"index","follow":"follow","max-snippet":"max-snippet:-1","max-image-preview":"max-image-preview:large","max-video-preview":"max-video-preview:-1"},"canonical":"https:\/\/skyline-gs.com\/cs\/produkt\/sigiriya-2-days-srilanka\/","og_locale":"cs_CZ","og_type":"article","og_title":"\u041b\u0430\u043d\u043a\u0438\u0439\u0441\u043a\u0438\u0439 \u044d\u043a\u0441\u043f\u0440\u0435\u0441\u0441 (\u0441 \u0421\u0438\u0433\u0438\u0440\u0438\u0435\u0439) 2 \u0434\u043d\u044f &#8226; \u042d\u043a\u0441\u043a\u0443\u0440\u0441\u0438\u0438 Skyline","og_description":"\u0412\u0440\u0435\u043c\u044f \u0442\u0443\u0440\u0430: 2 \u0434\u043d\u044f  \u0414\u043d\u0438 \u043f\u0440\u043e\u0432\u0435\u0434\u0435\u043d\u0438\u044f: \u0412\u0442\u043e\u0440\u043d\u0438\u043a, \u0421\u0440\u0435\u0434\u0430, \u0421\u0443\u0431\u0431\u043e\u0442\u0430, \u0412\u043e\u0441\u043a\u0440\u0435\u0441\u0435\u043d\u044c\u0435","og_url":"https:\/\/skyline-gs.com\/cs\/produkt\/sigiriya-2-days-srilanka\/","og_site_name":"\u042d\u043a\u0441\u043a\u0443\u0440\u0441\u0438\u0438 Skyline","article_modified_time":"2026-03-17T19:23:29+00:00","og_image":[{"width":669,"height":446,"url":"https:\/\/skyline-gs.com\/wp-content\/uploads\/2022\/02\/2-4.png","type":"image\/png"}],"twitter_card":"summary_large_image","twitter_misc":{"Odhadovan\u00e1 doba \u010dten\u00ed":"3 minuty"},"schema":{"@context":"https:\/\/schema.org","@graph":[{"@type":"WebPage","@id":"https:\/\/skyline-gs.com\/product\/sigiriya-2-days-srilanka\/","url":"https:\/\/skyline-gs.com\/product\/sigiriya-2-days-srilanka\/","name":"\u041b\u0430\u043d\u043a\u0438\u0439\u0441\u043a\u0438\u0439 \u044d\u043a\u0441\u043f\u0440\u0435\u0441\u0441 (\u0441 \u0421\u0438\u0433\u0438\u0440\u0438\u0435\u0439) 2 \u0434\u043d\u044f &#8226; \u042d\u043a\u0441\u043a\u0443\u0440\u0441\u0438\u0438 Skyline","isPartOf":{"@id":"https:\/\/skyline-gs.com\/it\/#website"},"primaryImageOfPage":{"@id":"https:\/\/skyline-gs.com\/product\/sigiriya-2-days-srilanka\/#primaryimage"},"image":{"@id":"https:\/\/skyline-gs.com\/product\/sigiriya-2-days-srilanka\/#primaryimage"},"thumbnailUrl":"https:\/\/skyline-gs.com\/wp-content\/uploads\/2022\/02\/2-4.png","datePublished":"2022-02-19T17:11:33+00:00","dateModified":"2026-03-17T19:23:29+00:00","breadcrumb":{"@id":"https:\/\/skyline-gs.com\/product\/sigiriya-2-days-srilanka\/#breadcrumb"},"inLanguage":"cs","potentialAction":[{"@type":"ReadAction","target":["https:\/\/skyline-gs.com\/product\/sigiriya-2-days-srilanka\/"]}]},{"@type":"ImageObject","inLanguage":"cs","@id":"https:\/\/skyline-gs.com\/product\/sigiriya-2-days-srilanka\/#primaryimage","url":"https:\/\/skyline-gs.com\/wp-content\/uploads\/2022\/02\/2-4.png","contentUrl":"https:\/\/skyline-gs.com\/wp-content\/uploads\/2022\/02\/2-4.png","width":669,"height":446},{"@type":"BreadcrumbList","@id":"https:\/\/skyline-gs.com\/product\/sigiriya-2-days-srilanka\/#breadcrumb","itemListElement":[{"@type":"ListItem","position":1,"name":"\u0413\u043b\u0430\u0432\u043d\u0430\u044f \u0441\u0442\u0440\u0430\u043d\u0438\u0446\u0430","item":"https:\/\/skyline-gs.com\/hu\/"},{"@type":"ListItem","position":2,"name":"\u041c\u0430\u0433\u0430\u0437\u0438\u043d","item":"https:\/\/skyline-gs.com\/cs\/shop\/"},{"@type":"ListItem","position":3,"name":"\u041b\u0430\u043d\u043a\u0438\u0439\u0441\u043a\u0438\u0439 \u044d\u043a\u0441\u043f\u0440\u0435\u0441\u0441 (\u0441 \u0421\u0438\u0433\u0438\u0440\u0438\u0435\u0439) 2 \u0434\u043d\u044f"}]},{"@type":"WebSite","@id":"https:\/\/skyline-gs.com\/it\/#website","url":"https:\/\/skyline-gs.com\/it\/","name":"Skyline V\u00fdlety","description":"Exkluzivn\u00ed v\u00fdlety do nejlep\u0161\u00edch sv\u011btov\u00fdch letovisek","publisher":{"@id":"https:\/\/skyline-gs.com\/it\/#organization"},"alternateName":"Skyline","potentialAction":[{"@type":"SearchAction","target":{"@type":"EntryPoint","urlTemplate":"https:\/\/skyline-gs.com\/it\/?s={search_term_string}"},"query-input":{"@type":"PropertyValueSpecification","valueRequired":true,"valueName":"search_term_string"}}],"inLanguage":"cs"},{"@type":"Organization","@id":"https:\/\/skyline-gs.com\/it\/#organization","name":"Skyline V\u00fdlety","alternateName":"\u042d\u043a\u0441\u043a\u0443\u0440\u0441\u0438\u0438 Skyline","url":"https:\/\/skyline-gs.com\/it\/","logo":{"@type":"ImageObject","inLanguage":"cs","@id":"https:\/\/skyline-gs.com\/it\/#\/schema\/logo\/image\/","url":"https:\/\/skyline-gs.com\/wp-content\/uploads\/2020\/12\/cropped-logo-2.png","contentUrl":"https:\/\/skyline-gs.com\/wp-content\/uploads\/2020\/12\/cropped-logo-2.png","width":512,"height":512,"caption":"\u042d\u043a\u0441\u043a\u0443\u0440\u0441\u0438\u0438 Skyline"},"image":{"@id":"https:\/\/skyline-gs.com\/it\/#\/schema\/logo\/image\/"},"sameAs":["https:\/\/www.instagram.com\/skylineglobalservice\/"]}]}},"_links":{"self":[{"href":"https:\/\/skyline-gs.com\/cs\/wp-json\/wp\/v2\/product\/36294","targetHints":{"allow":["GET"]}}],"collection":[{"href":"https:\/\/skyline-gs.com\/cs\/wp-json\/wp\/v2\/product"}],"about":[{"href":"https:\/\/skyline-gs.com\/cs\/wp-json\/wp\/v2\/types\/product"}],"version-history":[{"count":0,"href":"https:\/\/skyline-gs.com\/cs\/wp-json\/wp\/v2\/product\/36294\/revisions"}],"wp:featuredmedia":[{"embeddable":true,"href":"https:\/\/skyline-gs.com\/cs\/wp-json\/wp\/v2\/media\/57837"}],"wp:attachment":[{"href":"https:\/\/skyline-gs.com\/cs\/wp-json\/wp\/v2\/media?parent=36294"}],"wp:term":[{"taxonomy":"product_brand","embeddable":true,"href":"https:\/\/skyline-gs.com\/cs\/wp-json\/wp\/v2\/product_brand?post=36294"},{"taxonomy":"product_cat","embeddable":true,"href":"https:\/\/skyline-gs.com\/cs\/wp-json\/wp\/v2\/product_cat?post=36294"},{"taxonomy":"product_tag","embeddable":true,"href":"https:\/\/skyline-gs.com\/cs\/wp-json\/wp\/v2\/product_tag?post=36294"}],"curies":[{"name":"wp","href":"https:\/\/api.w.org\/{rel}","templated":true}]}}