{"id":34431,"date":"2022-01-17T18:03:55","date_gmt":"2022-01-17T16:03:55","guid":{"rendered":"http:\/\/skyline-gs.com\/?post_type=product&#038;p=34431"},"modified":"2026-02-01T21:44:10","modified_gmt":"2026-02-01T19:44:10","slug":"the-great-circle-and-banteay-srei-siemreap","status":"publish","type":"product","link":"https:\/\/skyline-gs.com\/cs\/product\/the-great-circle-and-banteay-srei-siemreap\/","title":{"rendered":"Druh\u00e9 setk\u00e1n\u00ed s Angkorem"},"content":{"rendered":"<p>8:00 odjezd z hotelu. V programu uvid\u00edme:<\/p>\n<ul>\n<li><strong>Preah Khan.<\/strong>. <strong>V\u011bnov\u00e1no kr\u00e1lovu otci<\/strong>. Podle epigrafick\u00fdch \u00fadaj\u016f byl chr\u00e1m postaven na m\u00edst\u011b bitvy, v n\u00ed\u017e kr\u00e1l dos\u00e1hl velk\u00e9ho v\u00edt\u011bzstv\u00ed nad dlouholet\u00fdmi nep\u0159\u00e1teli Jamy. Rozloha komplexu je 56 hektar\u016f. Chr\u00e1m dosud nebyl zcela vy\u010di\u0161t\u011bn od d\u017eungle, co\u017e mu dod\u00e1v\u00e1 zvl\u00e1\u0161tn\u00ed kouzlo.<\/li>\n<li><strong>Ta Som<\/strong>. <strong>Mal\u00fd chr\u00e1m v bayonsk\u00e9m stylu<\/strong>. Prakticky nikdy nepro\u0161el restaurov\u00e1n\u00edm. Fotografie obrovsk\u00e9ho stromu ni\u010d\u00edc\u00edho br\u00e1nu se stala klasikou pro n\u00e1v\u0161t\u011bvn\u00edky Angkoru.<\/li>\n<li><strong>Neak Pean<\/strong> <strong>(\"sto\u010den\u00ed hadi\")<\/strong>. <strong>Poutn\u00ed m\u00edsto pro ty, kdo tou\u017e\u00ed po uzdraven\u00ed nemocn\u00fdch.<\/strong>. Chr\u00e1m-chr\u00e1m v\u00e1m pom\u016f\u017ee p\u0159edstavit si kr\u00e1su a vzne\u0161enost d\u0159\u00edv\u011bj\u0161\u00edch let. K chr\u00e1mu vede malebn\u00e1 cesta po most\u011b p\u0159es um\u011blou starobylou n\u00e1dr\u017e.<\/li>\n<li><strong>V\u00fdchodn\u00ed Mebong<\/strong>. <strong>V\u011bnov\u00e1no kr\u00e1lov\u00fdm p\u0159edk\u016fm<\/strong>. Chr\u00e1m se nach\u00e1z\u00ed na um\u011bl\u00e9m ostrov\u011b o pr\u016fm\u011bru 250 m uprost\u0159ed dnes ji\u017e vyschl\u00e9 a d\u0159\u00edve nejrozs\u00e1hlej\u0161\u00ed khmersk\u00e9 vodn\u00ed n\u00e1dr\u017ee \"East Barai\". Kamenn\u00fd Mebon symbolizuje tradi\u010dn\u00ed p\u0159edstavu zobrazen\u00ed vesm\u00edru obklopen\u00e9ho Sv\u011btov\u00fdm oce\u00e1nem.<\/li>\n<li><strong>Pre Roop<\/strong>. <strong>\u010ctvercov\u00e1 t\u0159\u00edpatrov\u00e1 pyramida<\/strong>. Horn\u00ed terasa je zakon\u010dena p\u011bti v\u011b\u017eemi. P\u0159ednost\u00ed stavby je krom\u011b kompozi\u010dn\u00edch inovac\u00ed tak\u00e9 barevn\u00e1 harmonie, kter\u00e1 kombinuje \u010dervenohn\u011bd\u00fd laterit hlavn\u00edch pater se sv\u011btle modr\u00fdm p\u00edskovcem horn\u00edch v\u011b\u017e\u00ed.<\/li>\n<li><strong>Banteay Srey<\/strong> (<strong>na. \"\u017densk\u00e1 citadela\")<\/strong>. <strong>Velkolep\u00fd chr\u00e1mov\u00fd soubor<\/strong> postavil kr\u00e1lovsk\u00fd r\u00e1dce na pozemku darovan\u00e9m kr\u00e1lem (40 km daleko). Stavba byla provedena s p\u0159ekvapiv\u011b jemn\u00fdm um\u011bleck\u00fdm vkusem. Jestli\u017ee d\u0159\u00edv\u011bj\u0161\u00ed sochy byly monument\u00e1ln\u011b strnul\u00e9 a tv\u00e1\u0159e p\u0159\u00edsn\u011b nehybn\u00e9, pak se socha\u0159sk\u00e9 obrazy z Banteay Srei poprv\u00e9 vyzna\u010duj\u00ed m\u011bkkost\u00ed lini\u00ed a forem, lyri\u010dnost\u00ed v\u00fdraz\u016f a p\u00f3z obli\u010dej\u016f. Zvl\u00e1\u0161t\u011b p\u0159ekvapiv\u00e9 jsou obrazy tevod \u017een z r\u016f\u017eov\u00e9ho p\u00edskovce, umn\u011b vytesan\u00e9 do v\u00fdklenk\u016f na st\u011bn\u00e1ch ze sv\u011btle r\u016f\u017eov\u00e9ho p\u00edskovce. M\u011bkk\u00fd materi\u00e1l umo\u017e\u0148uje tv\u016frc\u016fm pou\u017e\u00edt techniku \"\u0159ezby do santalov\u00e9ho d\u0159eva\".<\/li>\n<\/ul>\n<p>17:00 n\u00e1vrat do hotelu.<\/p>\n<p><strong>V\u010detn\u011b:<\/strong><\/p>\n<ul>\n<li>Transfer z hotelu a do hotelu<\/li>\n<li>V\u0161echny transfery klimatizovan\u00fdmi vozidly na trase<\/li>\n<li>rusky mluv\u00edc\u00ed pr\u016fvodce<\/li>\n<\/ul>\n<p><strong>Nen\u00ed sou\u010d\u00e1st\u00ed dod\u00e1vky:<\/strong><\/p>\n<ul>\n<li>Vstupenka do Angkor Watu +37$<\/li>\n<li>Ob\u011bd a n\u00e1poje<\/li>\n<\/ul>\n<p><strong>Vezm\u011bte si ji s sebou:<\/strong><\/p>\n<ul>\n<li>Voda<\/li>\n<li>Pokr\u00fdvka hlavy<\/li>\n<li>Opalovac\u00ed kr\u00e9m<\/li>\n<li>Pohodln\u00e1 obuv<\/li>\n<li>Oble\u010den\u00ed, kter\u00e9 zakr\u00fdv\u00e1 ramena a kolena (\u0161\u00e1tky, \u0161\u00e1ly nejsou vhodn\u00e9).<\/li>\n<li>Kapesn\u00e9<\/li>\n<\/ul>","protected":false},"excerpt":{"rendered":"<p><strong>Doba prohl\u00eddky:<\/strong> 8:00 - 17:00<\/p>\n<p><strong>Dny zadr\u017een\u00ed:<\/strong> denn\u011b<\/p>","protected":false},"featured_media":34436,"template":"","meta":{"_kad_post_transparent":"default","_kad_post_title":"","_kad_post_layout":"default","_kad_post_sidebar_id":"","_kad_post_content_style":"default","_kad_post_vertical_padding":"default","_kad_post_feature":"","_kad_post_feature_position":"","_kad_post_header":false,"_kad_post_footer":false,"_kad_post_classname":"","_glsr_average":0,"_glsr_ranking":0,"_glsr_reviews":0},"product_brand":[],"product_cat":[441],"product_tag":[],"class_list":{"0":"post-34431","1":"product","2":"type-product","3":"status-publish","4":"has-post-thumbnail","6":"product_cat-siem-reap","7":"tm-has-options","9":"first","10":"instock","11":"sold-individually","12":"taxable","13":"shipping-taxable","14":"purchasable","15":"product-type-simple","16":"entry","17":"content-bg","18":"loop-entry"},"yoast_head":"<!-- This site is optimized with the Yoast SEO plugin v27.4 - https:\/\/yoast.com\/product\/yoast-seo-wordpress\/ -->\n<title>\u0412\u0442\u043e\u0440\u043e\u0435 \u0437\u043d\u0430\u043a\u043e\u043c\u0441\u0442\u0432\u043e \u0441 \u0410\u043d\u0433\u043a\u043e\u0440\u043e\u043c &#8226; \u042d\u043a\u0441\u043a\u0443\u0440\u0441\u0438\u0438 Skyline<\/title>\n<meta name=\"robots\" content=\"index, follow, max-snippet:-1, max-image-preview:large, max-video-preview:-1\" \/>\n<link rel=\"canonical\" href=\"https:\/\/skyline-gs.com\/cs\/produkt\/the-great-circle-and-banteay-srei-siemreap\/\" \/>\n<meta property=\"og:locale\" content=\"cs_CZ\" \/>\n<meta property=\"og:type\" content=\"article\" \/>\n<meta property=\"og:title\" content=\"\u0412\u0442\u043e\u0440\u043e\u0435 \u0437\u043d\u0430\u043a\u043e\u043c\u0441\u0442\u0432\u043e \u0441 \u0410\u043d\u0433\u043a\u043e\u0440\u043e\u043c &#8226; \u042d\u043a\u0441\u043a\u0443\u0440\u0441\u0438\u0438 Skyline\" \/>\n<meta property=\"og:description\" content=\"\u0412\u0440\u0435\u043c\u044f \u0442\u0443\u0440\u0430: 8:00 \u2013 17:00  \u0414\u043d\u0438 \u043f\u0440\u043e\u0432\u0435\u0434\u0435\u043d\u0438\u044f: \u0435\u0436\u0435\u0434\u043d\u0435\u0432\u043d\u043e\" \/>\n<meta property=\"og:url\" content=\"https:\/\/skyline-gs.com\/cs\/produkt\/the-great-circle-and-banteay-srei-siemreap\/\" \/>\n<meta property=\"og:site_name\" content=\"\u042d\u043a\u0441\u043a\u0443\u0440\u0441\u0438\u0438 Skyline\" \/>\n<meta property=\"article:modified_time\" content=\"2026-02-01T19:44:10+00:00\" \/>\n<meta property=\"og:image\" content=\"https:\/\/skyline-gs.com\/wp-content\/uploads\/2022\/01\/5-10.png\" \/>\n\t<meta property=\"og:image:width\" content=\"669\" \/>\n\t<meta property=\"og:image:height\" content=\"446\" \/>\n\t<meta property=\"og:image:type\" content=\"image\/png\" \/>\n<meta name=\"twitter:card\" content=\"summary_large_image\" \/>\n<meta name=\"twitter:label1\" content=\"Odhadovan\u00e1 doba \u010dten\u00ed\" \/>\n\t<meta name=\"twitter:data1\" content=\"2 minuty\" \/>\n<script type=\"application\/ld+json\" class=\"yoast-schema-graph\">{\"@context\":\"https:\\\/\\\/schema.org\",\"@graph\":[{\"@type\":\"WebPage\",\"@id\":\"https:\\\/\\\/skyline-gs.com\\\/product\\\/the-great-circle-and-banteay-srei-siemreap\\\/\",\"url\":\"https:\\\/\\\/skyline-gs.com\\\/product\\\/the-great-circle-and-banteay-srei-siemreap\\\/\",\"name\":\"\u0412\u0442\u043e\u0440\u043e\u0435 \u0437\u043d\u0430\u043a\u043e\u043c\u0441\u0442\u0432\u043e \u0441 \u0410\u043d\u0433\u043a\u043e\u0440\u043e\u043c &#8226; \u042d\u043a\u0441\u043a\u0443\u0440\u0441\u0438\u0438 Skyline\",\"isPartOf\":{\"@id\":\"https:\\\/\\\/skyline-gs.com\\\/it\\\/#website\"},\"primaryImageOfPage\":{\"@id\":\"https:\\\/\\\/skyline-gs.com\\\/product\\\/the-great-circle-and-banteay-srei-siemreap\\\/#primaryimage\"},\"image\":{\"@id\":\"https:\\\/\\\/skyline-gs.com\\\/product\\\/the-great-circle-and-banteay-srei-siemreap\\\/#primaryimage\"},\"thumbnailUrl\":\"https:\\\/\\\/skyline-gs.com\\\/wp-content\\\/uploads\\\/2022\\\/01\\\/5-10.png\",\"datePublished\":\"2022-01-17T16:03:55+00:00\",\"dateModified\":\"2026-02-01T19:44:10+00:00\",\"breadcrumb\":{\"@id\":\"https:\\\/\\\/skyline-gs.com\\\/product\\\/the-great-circle-and-banteay-srei-siemreap\\\/#breadcrumb\"},\"inLanguage\":\"cs\",\"potentialAction\":[{\"@type\":\"ReadAction\",\"target\":[\"https:\\\/\\\/skyline-gs.com\\\/product\\\/the-great-circle-and-banteay-srei-siemreap\\\/\"]}]},{\"@type\":\"ImageObject\",\"inLanguage\":\"cs\",\"@id\":\"https:\\\/\\\/skyline-gs.com\\\/product\\\/the-great-circle-and-banteay-srei-siemreap\\\/#primaryimage\",\"url\":\"https:\\\/\\\/skyline-gs.com\\\/wp-content\\\/uploads\\\/2022\\\/01\\\/5-10.png\",\"contentUrl\":\"https:\\\/\\\/skyline-gs.com\\\/wp-content\\\/uploads\\\/2022\\\/01\\\/5-10.png\",\"width\":669,\"height\":446},{\"@type\":\"BreadcrumbList\",\"@id\":\"https:\\\/\\\/skyline-gs.com\\\/product\\\/the-great-circle-and-banteay-srei-siemreap\\\/#breadcrumb\",\"itemListElement\":[{\"@type\":\"ListItem\",\"position\":1,\"name\":\"\u0413\u043b\u0430\u0432\u043d\u0430\u044f \u0441\u0442\u0440\u0430\u043d\u0438\u0446\u0430\",\"item\":\"https:\\\/\\\/skyline-gs.com\\\/hu\\\/\"},{\"@type\":\"ListItem\",\"position\":2,\"name\":\"\u041c\u0430\u0433\u0430\u0437\u0438\u043d\",\"item\":\"https:\\\/\\\/skyline-gs.com\\\/cs\\\/shop\\\/\"},{\"@type\":\"ListItem\",\"position\":3,\"name\":\"\u0412\u0442\u043e\u0440\u043e\u0435 \u0437\u043d\u0430\u043a\u043e\u043c\u0441\u0442\u0432\u043e \u0441 \u0410\u043d\u0433\u043a\u043e\u0440\u043e\u043c\"}]},{\"@type\":\"WebSite\",\"@id\":\"https:\\\/\\\/skyline-gs.com\\\/it\\\/#website\",\"url\":\"https:\\\/\\\/skyline-gs.com\\\/it\\\/\",\"name\":\"\u042d\u043a\u0441\u043a\u0443\u0440\u0441\u0438\u0438 Skyline\",\"description\":\"\u042d\u043a\u0441\u043a\u043b\u044e\u0437\u0438\u0432\u043d\u044b\u0435 \u044d\u043a\u0441\u043a\u0443\u0440\u0441\u0438\u0438 \u043d\u0430 \u043b\u0443\u0447\u0448\u0438\u0445 \u043a\u0443\u0440\u043e\u0440\u0442\u0430\u0445 \u043c\u0438\u0440\u0430\",\"publisher\":{\"@id\":\"https:\\\/\\\/skyline-gs.com\\\/it\\\/#organization\"},\"alternateName\":\"Skyline\",\"potentialAction\":[{\"@type\":\"SearchAction\",\"target\":{\"@type\":\"EntryPoint\",\"urlTemplate\":\"https:\\\/\\\/skyline-gs.com\\\/it\\\/?s={search_term_string}\"},\"query-input\":{\"@type\":\"PropertyValueSpecification\",\"valueRequired\":true,\"valueName\":\"search_term_string\"}}],\"inLanguage\":\"cs\"},{\"@type\":\"Organization\",\"@id\":\"https:\\\/\\\/skyline-gs.com\\\/it\\\/#organization\",\"name\":\"\u042d\u043a\u0441\u043a\u0443\u0440\u0441\u0438\u0438 Skyline\",\"alternateName\":\"\u042d\u043a\u0441\u043a\u0443\u0440\u0441\u0438\u0438 Skyline\",\"url\":\"https:\\\/\\\/skyline-gs.com\\\/it\\\/\",\"logo\":{\"@type\":\"ImageObject\",\"inLanguage\":\"cs\",\"@id\":\"https:\\\/\\\/skyline-gs.com\\\/it\\\/#\\\/schema\\\/logo\\\/image\\\/\",\"url\":\"https:\\\/\\\/skyline-gs.com\\\/wp-content\\\/uploads\\\/2020\\\/12\\\/cropped-logo-2.png\",\"contentUrl\":\"https:\\\/\\\/skyline-gs.com\\\/wp-content\\\/uploads\\\/2020\\\/12\\\/cropped-logo-2.png\",\"width\":512,\"height\":512,\"caption\":\"\u042d\u043a\u0441\u043a\u0443\u0440\u0441\u0438\u0438 Skyline\"},\"image\":{\"@id\":\"https:\\\/\\\/skyline-gs.com\\\/it\\\/#\\\/schema\\\/logo\\\/image\\\/\"},\"sameAs\":[\"https:\\\/\\\/www.instagram.com\\\/skylineglobalservice\\\/\"]}]}<\/script>\n<!-- \/ Yoast SEO plugin. -->","yoast_head_json":{"title":"\u0412\u0442\u043e\u0440\u043e\u0435 \u0437\u043d\u0430\u043a\u043e\u043c\u0441\u0442\u0432\u043e \u0441 \u0410\u043d\u0433\u043a\u043e\u0440\u043e\u043c &#8226; \u042d\u043a\u0441\u043a\u0443\u0440\u0441\u0438\u0438 Skyline","robots":{"index":"index","follow":"follow","max-snippet":"max-snippet:-1","max-image-preview":"max-image-preview:large","max-video-preview":"max-video-preview:-1"},"canonical":"https:\/\/skyline-gs.com\/cs\/produkt\/the-great-circle-and-banteay-srei-siemreap\/","og_locale":"cs_CZ","og_type":"article","og_title":"\u0412\u0442\u043e\u0440\u043e\u0435 \u0437\u043d\u0430\u043a\u043e\u043c\u0441\u0442\u0432\u043e \u0441 \u0410\u043d\u0433\u043a\u043e\u0440\u043e\u043c &#8226; \u042d\u043a\u0441\u043a\u0443\u0440\u0441\u0438\u0438 Skyline","og_description":"\u0412\u0440\u0435\u043c\u044f \u0442\u0443\u0440\u0430: 8:00 \u2013 17:00  \u0414\u043d\u0438 \u043f\u0440\u043e\u0432\u0435\u0434\u0435\u043d\u0438\u044f: \u0435\u0436\u0435\u0434\u043d\u0435\u0432\u043d\u043e","og_url":"https:\/\/skyline-gs.com\/cs\/produkt\/the-great-circle-and-banteay-srei-siemreap\/","og_site_name":"\u042d\u043a\u0441\u043a\u0443\u0440\u0441\u0438\u0438 Skyline","article_modified_time":"2026-02-01T19:44:10+00:00","og_image":[{"width":669,"height":446,"url":"https:\/\/skyline-gs.com\/wp-content\/uploads\/2022\/01\/5-10.png","type":"image\/png"}],"twitter_card":"summary_large_image","twitter_misc":{"Odhadovan\u00e1 doba \u010dten\u00ed":"2 minuty"},"schema":{"@context":"https:\/\/schema.org","@graph":[{"@type":"WebPage","@id":"https:\/\/skyline-gs.com\/product\/the-great-circle-and-banteay-srei-siemreap\/","url":"https:\/\/skyline-gs.com\/product\/the-great-circle-and-banteay-srei-siemreap\/","name":"\u0412\u0442\u043e\u0440\u043e\u0435 \u0437\u043d\u0430\u043a\u043e\u043c\u0441\u0442\u0432\u043e \u0441 \u0410\u043d\u0433\u043a\u043e\u0440\u043e\u043c &#8226; \u042d\u043a\u0441\u043a\u0443\u0440\u0441\u0438\u0438 Skyline","isPartOf":{"@id":"https:\/\/skyline-gs.com\/it\/#website"},"primaryImageOfPage":{"@id":"https:\/\/skyline-gs.com\/product\/the-great-circle-and-banteay-srei-siemreap\/#primaryimage"},"image":{"@id":"https:\/\/skyline-gs.com\/product\/the-great-circle-and-banteay-srei-siemreap\/#primaryimage"},"thumbnailUrl":"https:\/\/skyline-gs.com\/wp-content\/uploads\/2022\/01\/5-10.png","datePublished":"2022-01-17T16:03:55+00:00","dateModified":"2026-02-01T19:44:10+00:00","breadcrumb":{"@id":"https:\/\/skyline-gs.com\/product\/the-great-circle-and-banteay-srei-siemreap\/#breadcrumb"},"inLanguage":"cs","potentialAction":[{"@type":"ReadAction","target":["https:\/\/skyline-gs.com\/product\/the-great-circle-and-banteay-srei-siemreap\/"]}]},{"@type":"ImageObject","inLanguage":"cs","@id":"https:\/\/skyline-gs.com\/product\/the-great-circle-and-banteay-srei-siemreap\/#primaryimage","url":"https:\/\/skyline-gs.com\/wp-content\/uploads\/2022\/01\/5-10.png","contentUrl":"https:\/\/skyline-gs.com\/wp-content\/uploads\/2022\/01\/5-10.png","width":669,"height":446},{"@type":"BreadcrumbList","@id":"https:\/\/skyline-gs.com\/product\/the-great-circle-and-banteay-srei-siemreap\/#breadcrumb","itemListElement":[{"@type":"ListItem","position":1,"name":"\u0413\u043b\u0430\u0432\u043d\u0430\u044f \u0441\u0442\u0440\u0430\u043d\u0438\u0446\u0430","item":"https:\/\/skyline-gs.com\/hu\/"},{"@type":"ListItem","position":2,"name":"\u041c\u0430\u0433\u0430\u0437\u0438\u043d","item":"https:\/\/skyline-gs.com\/cs\/shop\/"},{"@type":"ListItem","position":3,"name":"\u0412\u0442\u043e\u0440\u043e\u0435 \u0437\u043d\u0430\u043a\u043e\u043c\u0441\u0442\u0432\u043e \u0441 \u0410\u043d\u0433\u043a\u043e\u0440\u043e\u043c"}]},{"@type":"WebSite","@id":"https:\/\/skyline-gs.com\/it\/#website","url":"https:\/\/skyline-gs.com\/it\/","name":"Skyline V\u00fdlety","description":"Exkluzivn\u00ed v\u00fdlety do nejlep\u0161\u00edch sv\u011btov\u00fdch letovisek","publisher":{"@id":"https:\/\/skyline-gs.com\/it\/#organization"},"alternateName":"Skyline","potentialAction":[{"@type":"SearchAction","target":{"@type":"EntryPoint","urlTemplate":"https:\/\/skyline-gs.com\/it\/?s={search_term_string}"},"query-input":{"@type":"PropertyValueSpecification","valueRequired":true,"valueName":"search_term_string"}}],"inLanguage":"cs"},{"@type":"Organization","@id":"https:\/\/skyline-gs.com\/it\/#organization","name":"Skyline V\u00fdlety","alternateName":"\u042d\u043a\u0441\u043a\u0443\u0440\u0441\u0438\u0438 Skyline","url":"https:\/\/skyline-gs.com\/it\/","logo":{"@type":"ImageObject","inLanguage":"cs","@id":"https:\/\/skyline-gs.com\/it\/#\/schema\/logo\/image\/","url":"https:\/\/skyline-gs.com\/wp-content\/uploads\/2020\/12\/cropped-logo-2.png","contentUrl":"https:\/\/skyline-gs.com\/wp-content\/uploads\/2020\/12\/cropped-logo-2.png","width":512,"height":512,"caption":"\u042d\u043a\u0441\u043a\u0443\u0440\u0441\u0438\u0438 Skyline"},"image":{"@id":"https:\/\/skyline-gs.com\/it\/#\/schema\/logo\/image\/"},"sameAs":["https:\/\/www.instagram.com\/skylineglobalservice\/"]}]}},"_links":{"self":[{"href":"https:\/\/skyline-gs.com\/cs\/wp-json\/wp\/v2\/product\/34431","targetHints":{"allow":["GET"]}}],"collection":[{"href":"https:\/\/skyline-gs.com\/cs\/wp-json\/wp\/v2\/product"}],"about":[{"href":"https:\/\/skyline-gs.com\/cs\/wp-json\/wp\/v2\/types\/product"}],"version-history":[{"count":0,"href":"https:\/\/skyline-gs.com\/cs\/wp-json\/wp\/v2\/product\/34431\/revisions"}],"wp:featuredmedia":[{"embeddable":true,"href":"https:\/\/skyline-gs.com\/cs\/wp-json\/wp\/v2\/media\/34436"}],"wp:attachment":[{"href":"https:\/\/skyline-gs.com\/cs\/wp-json\/wp\/v2\/media?parent=34431"}],"wp:term":[{"taxonomy":"product_brand","embeddable":true,"href":"https:\/\/skyline-gs.com\/cs\/wp-json\/wp\/v2\/product_brand?post=34431"},{"taxonomy":"product_cat","embeddable":true,"href":"https:\/\/skyline-gs.com\/cs\/wp-json\/wp\/v2\/product_cat?post=34431"},{"taxonomy":"product_tag","embeddable":true,"href":"https:\/\/skyline-gs.com\/cs\/wp-json\/wp\/v2\/product_tag?post=34431"}],"curies":[{"name":"wp","href":"https:\/\/api.w.org\/{rel}","templated":true}]}}