{"id":34420,"date":"2022-01-17T17:53:16","date_gmt":"2022-01-17T15:53:16","guid":{"rendered":"http:\/\/skyline-gs.com\/?post_type=product&#038;p=34420"},"modified":"2026-02-01T21:41:47","modified_gmt":"2026-02-01T19:41:47","slug":"koh-ker-beng-mel-siemreap","status":"publish","type":"product","link":"https:\/\/skyline-gs.com\/cs\/product\/koh-ker-beng-mel-siemreap\/","title":{"rendered":"Tajemstv\u00ed pyramidy Koh Ker. Chr\u00e1m Beng Mele ve vinic\u00edch"},"content":{"rendered":"<p>8:00 odjezd z hotelu. V programu uvid\u00edme:<\/p>\n<ul>\n<li><strong>Koh Ker<\/strong>. V 10. stolet\u00ed se jeden z vl\u00e1dc\u016f Angkoru nez\u00e1konn\u011b chopil moci a p\u0159esunul centrum khmersk\u00e9 \u0159\u00ed\u0161e 100 km od Angkoru. Za pouh\u00fdch 20 let. <strong>stav\u00ed nov\u00e9 hlavn\u00ed m\u011bsto Lingapore (Koh Ker).<\/strong>. Ko Ker se vyzna\u010duje duchem gigantismu. <strong>V 10. stolet\u00ed bylo nejv\u011bt\u0161\u00ed co do rozlohy.<\/strong>Pou\u017e\u00edvali nejv\u011bt\u0161\u00ed kamenn\u00e9 bloky, stav\u011bli nejvy\u0161\u0161\u00ed svatyn\u011b. A sochy boh\u016f vytv\u00e1\u0159eli jako mohutn\u00e9 obry pod 3 metry, kter\u00fdm d\u00e1vali d\u011btsky jemn\u00e9 rysy v obli\u010deji. Je \u00fa\u017easn\u00e9, kolik \u00fasil\u00ed bylo do tohoto m\u011bsta investov\u00e1no, aby ho pak n\u00e1hle opustili. Okolnosti vl\u00e1dcovy smrti nejsou dosud zn\u00e1my. Dnes je to klidn\u00e9, \u0159\u00eddce os\u00eddlen\u00e9 z\u00e1zem\u00ed Kambod\u017ee. Je t\u011b\u017ek\u00e9 popsat, jak siln\u00e9 jsou emoce, kdy\u017e se <strong>doraz\u00edte na Ko Ker a uvid\u00edte 35 metr\u016f vysokou kamennou pyramidu.<\/strong>. V\u00fdstup na jeho vrchol je vyvrcholen\u00edm rostouc\u00edho smyslov\u00e9ho nap\u011bt\u00ed z vn\u00edm\u00e1n\u00ed komplexu.<\/li>\n<li><strong>Centr\u00e1ln\u00ed komplex Prasat Thom s pyramidou Prang a chr\u00e1mem Krohom<\/strong><\/li>\n<li><strong>Chr\u00e1m pro ko\u010d\u00e1rky<\/strong><\/li>\n<li><strong>Chr\u00e1m Neang Khmao<\/strong><\/li>\n<li><strong>Chr\u00e1m Damrei<\/strong><\/li>\n<li><strong>Chr\u00e1m Krachap<\/strong><\/li>\n<li><strong>Chr\u00e1m Ling<\/strong><\/li>\n<li><strong>Beng Mele<\/strong>. <strong>Ztracen\u00fd v d\u017eungli je velk\u00fd chr\u00e1m v li\u00e1n\u00e1ch.<\/strong>. Stoj\u00ed za n\u00e1v\u0161t\u011bvu u\u017e jen pro svou neskute\u010dnou atmosf\u00e9ru. Kolos\u00e1ln\u00ed ruiny a mohutn\u00e1 tropick\u00e1 p\u0159\u00edroda. Nach\u00e1z\u00ed se na cest\u011b do Koh Ker. Chr\u00e1m nem\u00e1 \u017e\u00e1dn\u00e9 epigrafick\u00e9 n\u00e1pisy. Nen\u00ed zmi\u0148ov\u00e1n ani v \u010d\u00ednsk\u00fdch a indick\u00fdch p\u00edsemn\u00fdch pramenech. Na jeho datov\u00e1n\u00ed se usuzuje podle architektonick\u00e9ho stylu, kter\u00fd je velmi bl\u00edzk\u00fd Angkor Watu z 12. stolet\u00ed.<\/li>\n<\/ul>\n<p>\u0412\u043e\u0437\u0432\u0440\u0430\u0449\u0435\u043d\u0438\u0435 \u0432 \u043e\u0442\u0435\u043b\u044c \u043e\u043a\u043e\u043b\u043e 15:00.<\/p>\n<p><strong>V\u010detn\u011b:<\/strong><\/p>\n<ul>\n<li>Transfer z hotelu a do hotelu<\/li>\n<li>V\u0161echny transfery klimatizovan\u00fdmi vozidly na trase<\/li>\n<li>rusky mluv\u00edc\u00ed pr\u016fvodce<\/li>\n<li>Vstupenky<\/li>\n<\/ul>\n<p><strong>Nen\u00ed sou\u010d\u00e1st\u00ed dod\u00e1vky:<\/strong><\/p>\n<ul>\n<li>Ob\u011bd a n\u00e1poje<\/li>\n<\/ul>\n<p><strong>Vezm\u011bte si ji s sebou:<\/strong><\/p>\n<ul>\n<li>Voda<\/li>\n<li>Pokr\u00fdvka hlavy<\/li>\n<li>Opalovac\u00ed kr\u00e9m<\/li>\n<li>Pohodln\u00e1 obuv<\/li>\n<li>Oble\u010den\u00ed, kter\u00e9 zakr\u00fdv\u00e1 ramena a kolena (\u0161\u00e1tky, \u0161\u00e1ly nejsou vhodn\u00e9).<\/li>\n<li>Kapesn\u00e9<\/li>\n<\/ul>","protected":false},"excerpt":{"rendered":"<p><strong>Doba prohl\u00eddky:<\/strong> 8:00 - 15:00<\/p>\n<p><strong>Dny zadr\u017een\u00ed:<\/strong> denn\u011b<\/p>","protected":false},"featured_media":34428,"template":"","meta":{"_kad_post_transparent":"default","_kad_post_title":"","_kad_post_layout":"default","_kad_post_sidebar_id":"","_kad_post_content_style":"default","_kad_post_vertical_padding":"default","_kad_post_feature":"","_kad_post_feature_position":"","_kad_post_header":false,"_kad_post_footer":false,"_kad_post_classname":"","_glsr_average":0,"_glsr_ranking":0,"_glsr_reviews":0},"product_brand":[],"product_cat":[441],"product_tag":[],"class_list":{"0":"post-34420","1":"product","2":"type-product","3":"status-publish","4":"has-post-thumbnail","6":"product_cat-siem-reap","7":"tm-has-options","9":"first","10":"instock","11":"sold-individually","12":"taxable","13":"shipping-taxable","14":"purchasable","15":"product-type-simple","16":"entry","17":"content-bg","18":"loop-entry"},"yoast_head":"<!-- This site is optimized with the Yoast SEO plugin v27.3 - https:\/\/yoast.com\/product\/yoast-seo-wordpress\/ -->\n<title>\u0422\u0430\u0439\u043d\u044b \u043f\u0438\u0440\u0430\u043c\u0438\u0434\u044b \u041a\u043e \u041a\u0435\u0440. \u0425\u0440\u0430\u043c \u0432 \u043b\u0438\u0430\u043d\u0430\u0445 \u0411\u0435\u043d\u0433 \u041c\u0435\u043b\u0435 &#8226; \u042d\u043a\u0441\u043a\u0443\u0440\u0441\u0438\u0438 Skyline<\/title>\n<meta name=\"robots\" content=\"index, follow, max-snippet:-1, max-image-preview:large, max-video-preview:-1\" \/>\n<link rel=\"canonical\" href=\"https:\/\/skyline-gs.com\/cs\/produkt\/koh-ker-beng-mel-siemreap\/\" \/>\n<meta property=\"og:locale\" content=\"cs_CZ\" \/>\n<meta property=\"og:type\" content=\"article\" \/>\n<meta property=\"og:title\" content=\"\u0422\u0430\u0439\u043d\u044b \u043f\u0438\u0440\u0430\u043c\u0438\u0434\u044b \u041a\u043e \u041a\u0435\u0440. \u0425\u0440\u0430\u043c \u0432 \u043b\u0438\u0430\u043d\u0430\u0445 \u0411\u0435\u043d\u0433 \u041c\u0435\u043b\u0435 &#8226; \u042d\u043a\u0441\u043a\u0443\u0440\u0441\u0438\u0438 Skyline\" \/>\n<meta property=\"og:description\" content=\"\u0412\u0440\u0435\u043c\u044f \u0442\u0443\u0440\u0430: 8:00 \u2013 15:00  \u0414\u043d\u0438 \u043f\u0440\u043e\u0432\u0435\u0434\u0435\u043d\u0438\u044f: \u0435\u0436\u0435\u0434\u043d\u0435\u0432\u043d\u043e\" \/>\n<meta property=\"og:url\" content=\"https:\/\/skyline-gs.com\/cs\/produkt\/koh-ker-beng-mel-siemreap\/\" \/>\n<meta property=\"og:site_name\" content=\"\u042d\u043a\u0441\u043a\u0443\u0440\u0441\u0438\u0438 Skyline\" \/>\n<meta property=\"article:modified_time\" content=\"2026-02-01T19:41:47+00:00\" \/>\n<meta property=\"og:image\" content=\"https:\/\/skyline-gs.com\/wp-content\/uploads\/2022\/01\/8-9.png\" \/>\n\t<meta property=\"og:image:width\" content=\"669\" \/>\n\t<meta property=\"og:image:height\" content=\"446\" \/>\n\t<meta property=\"og:image:type\" content=\"image\/png\" \/>\n<meta name=\"twitter:card\" content=\"summary_large_image\" \/>\n<meta name=\"twitter:label1\" content=\"Odhadovan\u00e1 doba \u010dten\u00ed\" \/>\n\t<meta name=\"twitter:data1\" content=\"2 minuty\" \/>\n<script type=\"application\/ld+json\" class=\"yoast-schema-graph\">{\"@context\":\"https:\\\/\\\/schema.org\",\"@graph\":[{\"@type\":\"WebPage\",\"@id\":\"https:\\\/\\\/skyline-gs.com\\\/product\\\/koh-ker-beng-mel-siemreap\\\/\",\"url\":\"https:\\\/\\\/skyline-gs.com\\\/product\\\/koh-ker-beng-mel-siemreap\\\/\",\"name\":\"\u0422\u0430\u0439\u043d\u044b \u043f\u0438\u0440\u0430\u043c\u0438\u0434\u044b \u041a\u043e \u041a\u0435\u0440. \u0425\u0440\u0430\u043c \u0432 \u043b\u0438\u0430\u043d\u0430\u0445 \u0411\u0435\u043d\u0433 \u041c\u0435\u043b\u0435 &#8226; \u042d\u043a\u0441\u043a\u0443\u0440\u0441\u0438\u0438 Skyline\",\"isPartOf\":{\"@id\":\"https:\\\/\\\/skyline-gs.com\\\/it\\\/#website\"},\"primaryImageOfPage\":{\"@id\":\"https:\\\/\\\/skyline-gs.com\\\/product\\\/koh-ker-beng-mel-siemreap\\\/#primaryimage\"},\"image\":{\"@id\":\"https:\\\/\\\/skyline-gs.com\\\/product\\\/koh-ker-beng-mel-siemreap\\\/#primaryimage\"},\"thumbnailUrl\":\"https:\\\/\\\/skyline-gs.com\\\/wp-content\\\/uploads\\\/2022\\\/01\\\/8-9.png\",\"datePublished\":\"2022-01-17T15:53:16+00:00\",\"dateModified\":\"2026-02-01T19:41:47+00:00\",\"breadcrumb\":{\"@id\":\"https:\\\/\\\/skyline-gs.com\\\/product\\\/koh-ker-beng-mel-siemreap\\\/#breadcrumb\"},\"inLanguage\":\"cs\",\"potentialAction\":[{\"@type\":\"ReadAction\",\"target\":[\"https:\\\/\\\/skyline-gs.com\\\/product\\\/koh-ker-beng-mel-siemreap\\\/\"]}]},{\"@type\":\"ImageObject\",\"inLanguage\":\"cs\",\"@id\":\"https:\\\/\\\/skyline-gs.com\\\/product\\\/koh-ker-beng-mel-siemreap\\\/#primaryimage\",\"url\":\"https:\\\/\\\/skyline-gs.com\\\/wp-content\\\/uploads\\\/2022\\\/01\\\/8-9.png\",\"contentUrl\":\"https:\\\/\\\/skyline-gs.com\\\/wp-content\\\/uploads\\\/2022\\\/01\\\/8-9.png\",\"width\":669,\"height\":446},{\"@type\":\"BreadcrumbList\",\"@id\":\"https:\\\/\\\/skyline-gs.com\\\/product\\\/koh-ker-beng-mel-siemreap\\\/#breadcrumb\",\"itemListElement\":[{\"@type\":\"ListItem\",\"position\":1,\"name\":\"\u0413\u043b\u0430\u0432\u043d\u0430\u044f \u0441\u0442\u0440\u0430\u043d\u0438\u0446\u0430\",\"item\":\"https:\\\/\\\/skyline-gs.com\\\/hu\\\/\"},{\"@type\":\"ListItem\",\"position\":2,\"name\":\"\u041c\u0430\u0433\u0430\u0437\u0438\u043d\",\"item\":\"https:\\\/\\\/skyline-gs.com\\\/cs\\\/shop\\\/\"},{\"@type\":\"ListItem\",\"position\":3,\"name\":\"\u0422\u0430\u0439\u043d\u044b \u043f\u0438\u0440\u0430\u043c\u0438\u0434\u044b \u041a\u043e \u041a\u0435\u0440. \u0425\u0440\u0430\u043c \u0432 \u043b\u0438\u0430\u043d\u0430\u0445 \u0411\u0435\u043d\u0433 \u041c\u0435\u043b\u0435\"}]},{\"@type\":\"WebSite\",\"@id\":\"https:\\\/\\\/skyline-gs.com\\\/it\\\/#website\",\"url\":\"https:\\\/\\\/skyline-gs.com\\\/it\\\/\",\"name\":\"\u042d\u043a\u0441\u043a\u0443\u0440\u0441\u0438\u0438 Skyline\",\"description\":\"\u042d\u043a\u0441\u043a\u043b\u044e\u0437\u0438\u0432\u043d\u044b\u0435 \u044d\u043a\u0441\u043a\u0443\u0440\u0441\u0438\u0438 \u043d\u0430 \u043b\u0443\u0447\u0448\u0438\u0445 \u043a\u0443\u0440\u043e\u0440\u0442\u0430\u0445 \u043c\u0438\u0440\u0430\",\"publisher\":{\"@id\":\"https:\\\/\\\/skyline-gs.com\\\/it\\\/#organization\"},\"alternateName\":\"Skyline\",\"potentialAction\":[{\"@type\":\"SearchAction\",\"target\":{\"@type\":\"EntryPoint\",\"urlTemplate\":\"https:\\\/\\\/skyline-gs.com\\\/it\\\/?s={search_term_string}\"},\"query-input\":{\"@type\":\"PropertyValueSpecification\",\"valueRequired\":true,\"valueName\":\"search_term_string\"}}],\"inLanguage\":\"cs\"},{\"@type\":\"Organization\",\"@id\":\"https:\\\/\\\/skyline-gs.com\\\/it\\\/#organization\",\"name\":\"\u042d\u043a\u0441\u043a\u0443\u0440\u0441\u0438\u0438 Skyline\",\"alternateName\":\"\u042d\u043a\u0441\u043a\u0443\u0440\u0441\u0438\u0438 Skyline\",\"url\":\"https:\\\/\\\/skyline-gs.com\\\/it\\\/\",\"logo\":{\"@type\":\"ImageObject\",\"inLanguage\":\"cs\",\"@id\":\"https:\\\/\\\/skyline-gs.com\\\/it\\\/#\\\/schema\\\/logo\\\/image\\\/\",\"url\":\"https:\\\/\\\/skyline-gs.com\\\/wp-content\\\/uploads\\\/2020\\\/12\\\/cropped-logo-2.png\",\"contentUrl\":\"https:\\\/\\\/skyline-gs.com\\\/wp-content\\\/uploads\\\/2020\\\/12\\\/cropped-logo-2.png\",\"width\":512,\"height\":512,\"caption\":\"\u042d\u043a\u0441\u043a\u0443\u0440\u0441\u0438\u0438 Skyline\"},\"image\":{\"@id\":\"https:\\\/\\\/skyline-gs.com\\\/it\\\/#\\\/schema\\\/logo\\\/image\\\/\"},\"sameAs\":[\"https:\\\/\\\/www.instagram.com\\\/skylineglobalservice\\\/\"]}]}<\/script>\n<!-- \/ Yoast SEO plugin. -->","yoast_head_json":{"title":"\u0422\u0430\u0439\u043d\u044b \u043f\u0438\u0440\u0430\u043c\u0438\u0434\u044b \u041a\u043e \u041a\u0435\u0440. \u0425\u0440\u0430\u043c \u0432 \u043b\u0438\u0430\u043d\u0430\u0445 \u0411\u0435\u043d\u0433 \u041c\u0435\u043b\u0435 &#8226; \u042d\u043a\u0441\u043a\u0443\u0440\u0441\u0438\u0438 Skyline","robots":{"index":"index","follow":"follow","max-snippet":"max-snippet:-1","max-image-preview":"max-image-preview:large","max-video-preview":"max-video-preview:-1"},"canonical":"https:\/\/skyline-gs.com\/cs\/produkt\/koh-ker-beng-mel-siemreap\/","og_locale":"cs_CZ","og_type":"article","og_title":"\u0422\u0430\u0439\u043d\u044b \u043f\u0438\u0440\u0430\u043c\u0438\u0434\u044b \u041a\u043e \u041a\u0435\u0440. \u0425\u0440\u0430\u043c \u0432 \u043b\u0438\u0430\u043d\u0430\u0445 \u0411\u0435\u043d\u0433 \u041c\u0435\u043b\u0435 &#8226; \u042d\u043a\u0441\u043a\u0443\u0440\u0441\u0438\u0438 Skyline","og_description":"\u0412\u0440\u0435\u043c\u044f \u0442\u0443\u0440\u0430: 8:00 \u2013 15:00  \u0414\u043d\u0438 \u043f\u0440\u043e\u0432\u0435\u0434\u0435\u043d\u0438\u044f: \u0435\u0436\u0435\u0434\u043d\u0435\u0432\u043d\u043e","og_url":"https:\/\/skyline-gs.com\/cs\/produkt\/koh-ker-beng-mel-siemreap\/","og_site_name":"\u042d\u043a\u0441\u043a\u0443\u0440\u0441\u0438\u0438 Skyline","article_modified_time":"2026-02-01T19:41:47+00:00","og_image":[{"width":669,"height":446,"url":"https:\/\/skyline-gs.com\/wp-content\/uploads\/2022\/01\/8-9.png","type":"image\/png"}],"twitter_card":"summary_large_image","twitter_misc":{"Odhadovan\u00e1 doba \u010dten\u00ed":"2 minuty"},"schema":{"@context":"https:\/\/schema.org","@graph":[{"@type":"WebPage","@id":"https:\/\/skyline-gs.com\/product\/koh-ker-beng-mel-siemreap\/","url":"https:\/\/skyline-gs.com\/product\/koh-ker-beng-mel-siemreap\/","name":"\u0422\u0430\u0439\u043d\u044b \u043f\u0438\u0440\u0430\u043c\u0438\u0434\u044b \u041a\u043e \u041a\u0435\u0440. \u0425\u0440\u0430\u043c \u0432 \u043b\u0438\u0430\u043d\u0430\u0445 \u0411\u0435\u043d\u0433 \u041c\u0435\u043b\u0435 &#8226; \u042d\u043a\u0441\u043a\u0443\u0440\u0441\u0438\u0438 Skyline","isPartOf":{"@id":"https:\/\/skyline-gs.com\/it\/#website"},"primaryImageOfPage":{"@id":"https:\/\/skyline-gs.com\/product\/koh-ker-beng-mel-siemreap\/#primaryimage"},"image":{"@id":"https:\/\/skyline-gs.com\/product\/koh-ker-beng-mel-siemreap\/#primaryimage"},"thumbnailUrl":"https:\/\/skyline-gs.com\/wp-content\/uploads\/2022\/01\/8-9.png","datePublished":"2022-01-17T15:53:16+00:00","dateModified":"2026-02-01T19:41:47+00:00","breadcrumb":{"@id":"https:\/\/skyline-gs.com\/product\/koh-ker-beng-mel-siemreap\/#breadcrumb"},"inLanguage":"cs","potentialAction":[{"@type":"ReadAction","target":["https:\/\/skyline-gs.com\/product\/koh-ker-beng-mel-siemreap\/"]}]},{"@type":"ImageObject","inLanguage":"cs","@id":"https:\/\/skyline-gs.com\/product\/koh-ker-beng-mel-siemreap\/#primaryimage","url":"https:\/\/skyline-gs.com\/wp-content\/uploads\/2022\/01\/8-9.png","contentUrl":"https:\/\/skyline-gs.com\/wp-content\/uploads\/2022\/01\/8-9.png","width":669,"height":446},{"@type":"BreadcrumbList","@id":"https:\/\/skyline-gs.com\/product\/koh-ker-beng-mel-siemreap\/#breadcrumb","itemListElement":[{"@type":"ListItem","position":1,"name":"\u0413\u043b\u0430\u0432\u043d\u0430\u044f \u0441\u0442\u0440\u0430\u043d\u0438\u0446\u0430","item":"https:\/\/skyline-gs.com\/hu\/"},{"@type":"ListItem","position":2,"name":"\u041c\u0430\u0433\u0430\u0437\u0438\u043d","item":"https:\/\/skyline-gs.com\/cs\/shop\/"},{"@type":"ListItem","position":3,"name":"\u0422\u0430\u0439\u043d\u044b \u043f\u0438\u0440\u0430\u043c\u0438\u0434\u044b \u041a\u043e \u041a\u0435\u0440. \u0425\u0440\u0430\u043c \u0432 \u043b\u0438\u0430\u043d\u0430\u0445 \u0411\u0435\u043d\u0433 \u041c\u0435\u043b\u0435"}]},{"@type":"WebSite","@id":"https:\/\/skyline-gs.com\/it\/#website","url":"https:\/\/skyline-gs.com\/it\/","name":"Skyline V\u00fdlety","description":"Exkluzivn\u00ed v\u00fdlety do nejlep\u0161\u00edch sv\u011btov\u00fdch letovisek","publisher":{"@id":"https:\/\/skyline-gs.com\/it\/#organization"},"alternateName":"Skyline","potentialAction":[{"@type":"SearchAction","target":{"@type":"EntryPoint","urlTemplate":"https:\/\/skyline-gs.com\/it\/?s={search_term_string}"},"query-input":{"@type":"PropertyValueSpecification","valueRequired":true,"valueName":"search_term_string"}}],"inLanguage":"cs"},{"@type":"Organization","@id":"https:\/\/skyline-gs.com\/it\/#organization","name":"Skyline V\u00fdlety","alternateName":"\u042d\u043a\u0441\u043a\u0443\u0440\u0441\u0438\u0438 Skyline","url":"https:\/\/skyline-gs.com\/it\/","logo":{"@type":"ImageObject","inLanguage":"cs","@id":"https:\/\/skyline-gs.com\/it\/#\/schema\/logo\/image\/","url":"https:\/\/skyline-gs.com\/wp-content\/uploads\/2020\/12\/cropped-logo-2.png","contentUrl":"https:\/\/skyline-gs.com\/wp-content\/uploads\/2020\/12\/cropped-logo-2.png","width":512,"height":512,"caption":"\u042d\u043a\u0441\u043a\u0443\u0440\u0441\u0438\u0438 Skyline"},"image":{"@id":"https:\/\/skyline-gs.com\/it\/#\/schema\/logo\/image\/"},"sameAs":["https:\/\/www.instagram.com\/skylineglobalservice\/"]}]}},"_links":{"self":[{"href":"https:\/\/skyline-gs.com\/cs\/wp-json\/wp\/v2\/product\/34420","targetHints":{"allow":["GET"]}}],"collection":[{"href":"https:\/\/skyline-gs.com\/cs\/wp-json\/wp\/v2\/product"}],"about":[{"href":"https:\/\/skyline-gs.com\/cs\/wp-json\/wp\/v2\/types\/product"}],"version-history":[{"count":0,"href":"https:\/\/skyline-gs.com\/cs\/wp-json\/wp\/v2\/product\/34420\/revisions"}],"wp:featuredmedia":[{"embeddable":true,"href":"https:\/\/skyline-gs.com\/cs\/wp-json\/wp\/v2\/media\/34428"}],"wp:attachment":[{"href":"https:\/\/skyline-gs.com\/cs\/wp-json\/wp\/v2\/media?parent=34420"}],"wp:term":[{"taxonomy":"product_brand","embeddable":true,"href":"https:\/\/skyline-gs.com\/cs\/wp-json\/wp\/v2\/product_brand?post=34420"},{"taxonomy":"product_cat","embeddable":true,"href":"https:\/\/skyline-gs.com\/cs\/wp-json\/wp\/v2\/product_cat?post=34420"},{"taxonomy":"product_tag","embeddable":true,"href":"https:\/\/skyline-gs.com\/cs\/wp-json\/wp\/v2\/product_tag?post=34420"}],"curies":[{"name":"wp","href":"https:\/\/api.w.org\/{rel}","templated":true}]}}