{"id":34392,"date":"2022-01-17T17:29:53","date_gmt":"2022-01-17T15:29:53","guid":{"rendered":"http:\/\/skyline-gs.com\/?post_type=product&#038;p=34392"},"modified":"2026-02-01T21:37:04","modified_gmt":"2026-02-01T19:37:04","slug":"sacred-mount-kulen-siemreap","status":"publish","type":"product","link":"https:\/\/skyline-gs.com\/cs\/product\/sacred-mount-kulen-siemreap\/","title":{"rendered":"M\u00edsta moci. Posv\u00e1tn\u00e1 hora Kulen"},"content":{"rendered":"<p>Odjezd z hotelu v 8:00. <strong>Na adrese<\/strong> <strong>Phnom Kulen (\"hora li\u010di\").<\/strong> <strong>se zrodila starobyl\u00e1 a mocn\u00e1 \u0159\u00ed\u0161e Khmer\u016f.<\/strong>kdy kr\u00e1l zakladatel D\u017eajavarman II. vyhl\u00e1sil nez\u00e1vislost na J\u00e1v\u011b. Uprost\u0159ed t\u00e9to hory vykonal ritu\u00e1l D\u00e9var\u00e1d\u017ea a prohl\u00e1sil se za boha-kr\u00e1le. Phnom Kulen je obrovsk\u00e1 n\u00e1horn\u00ed plo\u0161ina o rozm\u011brech 25*10 km. <strong>Je poset\u00e1 ob\u0159\u00edmi balvany sope\u010dn\u00e9ho p\u016fvodu.<\/strong>. Reliktn\u00ed lesy jsou domovem mnoha vz\u00e1cn\u00fdch zv\u00ed\u0159at a pt\u00e1k\u016f. Cel\u00e1 n\u00e1horn\u00ed plo\u0161ina je n\u00e1rodn\u00edm parkem. \u0158eka Kulena je pramenem <strong>hlavn\u00ed vodn\u00ed cesta v oblasti Angkoru<\/strong>. V dob\u011b khmersk\u00e9 \u0159\u00ed\u0161e byla hlavn\u00ed vodn\u00ed cestou v zemi a poskytovala \u017eivot obyvatel\u016fm hlavn\u00edho m\u011bsta. Nen\u00ed divu, \u017ee Phnom Kulen je pro Kambod\u017eany velk\u00fdm n\u00e1bo\u017eensk\u00fdm a kulturn\u00edm poutn\u00edm m\u00edstem.<\/p>\n<p>Body \u00fa\u010dasti:<\/p>\n<ul>\n<li><strong>Autentick\u00e1 buddhistick\u00e1 pagoda ze 16. stolet\u00ed.<\/strong> s nejv\u011bt\u0161\u00edm kambod\u017esk\u00fdm 8 metr\u016f vysok\u00fdm sp\u00edc\u00edm Buddhou. Socha je vytes\u00e1na p\u0159\u00edmo do vrcholu hory a je jej\u00ed sou\u010d\u00e1st\u00ed.<\/li>\n<li><strong>\u0158eka tis\u00edce lingam\u016f<\/strong>. Koryto \u0159eky je poseto kamenn\u00fdmi n\u00e1bo\u017eensk\u00fdmi symboly mu\u017ee a \u017eeny. V obdob\u00ed sucha je mo\u017en\u00e9 vid\u011bt obraz Vi\u0161nua jako symbol zrozen\u00ed sv\u011bta z chaosu.<\/li>\n<li><strong>Posv\u00e1tn\u00fd dvoukask\u00e1dov\u00fd vodop\u00e1d<\/strong>. M\u00edsto pro na\u010derp\u00e1n\u00ed energie. Koup\u00e1n\u00ed ve vodop\u00e1du je osv\u011b\u017euj\u00edc\u00ed a p\u0159in\u00e1\u0161\u00ed spoustu emoc\u00ed.<\/li>\n<\/ul>\n<p>\u0412\u043e\u0437\u0432\u0440\u0430\u0449\u0435\u043d\u0438\u0435 \u0432 \u043e\u0442\u0435\u043b\u044c \u043e\u043a\u043e\u043b\u043e 15:00.<\/p>\n<p><strong>V\u010detn\u011b:<\/strong><\/p>\n<ul>\n<li>Transfer z hotelu a do hotelu<\/li>\n<li>V\u0161echny transfery klimatizovan\u00fdmi vozidly na trase<\/li>\n<li>rusky mluv\u00edc\u00ed pr\u016fvodce<\/li>\n<li>Vstupenky<\/li>\n<\/ul>\n<p><strong>Nen\u00ed sou\u010d\u00e1st\u00ed dod\u00e1vky:<\/strong><\/p>\n<ul>\n<li>Ob\u011bd a n\u00e1poje<\/li>\n<\/ul>\n<p><strong>Vezm\u011bte si ji s sebou:<\/strong><\/p>\n<ul>\n<li>Voda<\/li>\n<li>Plaveck\u00fd \u00fabor<\/li>\n<li>Ru\u010dn\u00edk<\/li>\n<li>Pokr\u00fdvka hlavy<\/li>\n<li>Opalovac\u00ed kr\u00e9m<\/li>\n<li>Kapesn\u00e9<\/li>\n<li>Skromn\u00fd vzhled pro n\u00e1v\u0161t\u011bvu pagody<\/li>\n<\/ul>","protected":false},"excerpt":{"rendered":"<p><strong>Doba prohl\u00eddky:<\/strong> 8:00 - 15:00<\/p>\n<p><strong>Dny zadr\u017een\u00ed:<\/strong> denn\u011b<\/p>","protected":false},"featured_media":34406,"template":"","meta":{"_kad_post_transparent":"default","_kad_post_title":"","_kad_post_layout":"default","_kad_post_sidebar_id":"","_kad_post_content_style":"default","_kad_post_vertical_padding":"default","_kad_post_feature":"","_kad_post_feature_position":"","_kad_post_header":false,"_kad_post_footer":false,"_kad_post_classname":"","_glsr_average":0,"_glsr_ranking":0,"_glsr_reviews":0},"product_brand":[],"product_cat":[441],"product_tag":[],"class_list":{"0":"post-34392","1":"product","2":"type-product","3":"status-publish","4":"has-post-thumbnail","6":"product_cat-siem-reap","7":"tm-has-options","9":"first","10":"instock","11":"sold-individually","12":"taxable","13":"shipping-taxable","14":"purchasable","15":"product-type-simple","16":"entry","17":"content-bg","18":"loop-entry"},"yoast_head":"<!-- This site is optimized with the Yoast SEO plugin v27.3 - https:\/\/yoast.com\/product\/yoast-seo-wordpress\/ -->\n<title>\u041f\u043e \u043c\u0435\u0441\u0442\u0430\u043c \u0421\u0438\u043b\u044b. \u0421\u0432\u044f\u0449\u0435\u043d\u043d\u0430\u044f \u0433\u043e\u0440\u0430 \u041a\u0443\u043b\u0435\u043d &#8226; \u042d\u043a\u0441\u043a\u0443\u0440\u0441\u0438\u0438 Skyline<\/title>\n<meta name=\"robots\" content=\"index, follow, max-snippet:-1, max-image-preview:large, max-video-preview:-1\" \/>\n<link rel=\"canonical\" href=\"https:\/\/skyline-gs.com\/cs\/produkt\/sacred-mount-kulen-siemreap\/\" \/>\n<meta property=\"og:locale\" content=\"cs_CZ\" \/>\n<meta property=\"og:type\" content=\"article\" \/>\n<meta property=\"og:title\" content=\"\u041f\u043e \u043c\u0435\u0441\u0442\u0430\u043c \u0421\u0438\u043b\u044b. \u0421\u0432\u044f\u0449\u0435\u043d\u043d\u0430\u044f \u0433\u043e\u0440\u0430 \u041a\u0443\u043b\u0435\u043d &#8226; \u042d\u043a\u0441\u043a\u0443\u0440\u0441\u0438\u0438 Skyline\" \/>\n<meta property=\"og:description\" content=\"\u0412\u0440\u0435\u043c\u044f \u0442\u0443\u0440\u0430: 8:00 \u2013 15:00  \u0414\u043d\u0438 \u043f\u0440\u043e\u0432\u0435\u0434\u0435\u043d\u0438\u044f: \u0435\u0436\u0435\u0434\u043d\u0435\u0432\u043d\u043e\" \/>\n<meta property=\"og:url\" content=\"https:\/\/skyline-gs.com\/cs\/produkt\/sacred-mount-kulen-siemreap\/\" \/>\n<meta property=\"og:site_name\" content=\"\u042d\u043a\u0441\u043a\u0443\u0440\u0441\u0438\u0438 Skyline\" \/>\n<meta property=\"article:modified_time\" content=\"2026-02-01T19:37:04+00:00\" \/>\n<meta property=\"og:image\" content=\"https:\/\/skyline-gs.com\/wp-content\/uploads\/2022\/01\/14-5.png\" \/>\n\t<meta property=\"og:image:width\" content=\"669\" \/>\n\t<meta property=\"og:image:height\" content=\"446\" \/>\n\t<meta property=\"og:image:type\" content=\"image\/png\" \/>\n<meta name=\"twitter:card\" content=\"summary_large_image\" \/>\n<meta name=\"twitter:label1\" content=\"Odhadovan\u00e1 doba \u010dten\u00ed\" \/>\n\t<meta name=\"twitter:data1\" content=\"2 minuty\" \/>\n<script type=\"application\/ld+json\" class=\"yoast-schema-graph\">{\"@context\":\"https:\\\/\\\/schema.org\",\"@graph\":[{\"@type\":\"WebPage\",\"@id\":\"https:\\\/\\\/skyline-gs.com\\\/product\\\/sacred-mount-kulen-siemreap\\\/\",\"url\":\"https:\\\/\\\/skyline-gs.com\\\/product\\\/sacred-mount-kulen-siemreap\\\/\",\"name\":\"\u041f\u043e \u043c\u0435\u0441\u0442\u0430\u043c \u0421\u0438\u043b\u044b. \u0421\u0432\u044f\u0449\u0435\u043d\u043d\u0430\u044f \u0433\u043e\u0440\u0430 \u041a\u0443\u043b\u0435\u043d &#8226; \u042d\u043a\u0441\u043a\u0443\u0440\u0441\u0438\u0438 Skyline\",\"isPartOf\":{\"@id\":\"https:\\\/\\\/skyline-gs.com\\\/it\\\/#website\"},\"primaryImageOfPage\":{\"@id\":\"https:\\\/\\\/skyline-gs.com\\\/product\\\/sacred-mount-kulen-siemreap\\\/#primaryimage\"},\"image\":{\"@id\":\"https:\\\/\\\/skyline-gs.com\\\/product\\\/sacred-mount-kulen-siemreap\\\/#primaryimage\"},\"thumbnailUrl\":\"https:\\\/\\\/skyline-gs.com\\\/wp-content\\\/uploads\\\/2022\\\/01\\\/14-5.png\",\"datePublished\":\"2022-01-17T15:29:53+00:00\",\"dateModified\":\"2026-02-01T19:37:04+00:00\",\"breadcrumb\":{\"@id\":\"https:\\\/\\\/skyline-gs.com\\\/product\\\/sacred-mount-kulen-siemreap\\\/#breadcrumb\"},\"inLanguage\":\"cs\",\"potentialAction\":[{\"@type\":\"ReadAction\",\"target\":[\"https:\\\/\\\/skyline-gs.com\\\/product\\\/sacred-mount-kulen-siemreap\\\/\"]}]},{\"@type\":\"ImageObject\",\"inLanguage\":\"cs\",\"@id\":\"https:\\\/\\\/skyline-gs.com\\\/product\\\/sacred-mount-kulen-siemreap\\\/#primaryimage\",\"url\":\"https:\\\/\\\/skyline-gs.com\\\/wp-content\\\/uploads\\\/2022\\\/01\\\/14-5.png\",\"contentUrl\":\"https:\\\/\\\/skyline-gs.com\\\/wp-content\\\/uploads\\\/2022\\\/01\\\/14-5.png\",\"width\":669,\"height\":446},{\"@type\":\"BreadcrumbList\",\"@id\":\"https:\\\/\\\/skyline-gs.com\\\/product\\\/sacred-mount-kulen-siemreap\\\/#breadcrumb\",\"itemListElement\":[{\"@type\":\"ListItem\",\"position\":1,\"name\":\"\u0413\u043b\u0430\u0432\u043d\u0430\u044f \u0441\u0442\u0440\u0430\u043d\u0438\u0446\u0430\",\"item\":\"https:\\\/\\\/skyline-gs.com\\\/hu\\\/\"},{\"@type\":\"ListItem\",\"position\":2,\"name\":\"\u041c\u0430\u0433\u0430\u0437\u0438\u043d\",\"item\":\"https:\\\/\\\/skyline-gs.com\\\/cs\\\/shop\\\/\"},{\"@type\":\"ListItem\",\"position\":3,\"name\":\"\u041f\u043e \u043c\u0435\u0441\u0442\u0430\u043c \u0421\u0438\u043b\u044b. \u0421\u0432\u044f\u0449\u0435\u043d\u043d\u0430\u044f \u0433\u043e\u0440\u0430 \u041a\u0443\u043b\u0435\u043d\"}]},{\"@type\":\"WebSite\",\"@id\":\"https:\\\/\\\/skyline-gs.com\\\/it\\\/#website\",\"url\":\"https:\\\/\\\/skyline-gs.com\\\/it\\\/\",\"name\":\"\u042d\u043a\u0441\u043a\u0443\u0440\u0441\u0438\u0438 Skyline\",\"description\":\"\u042d\u043a\u0441\u043a\u043b\u044e\u0437\u0438\u0432\u043d\u044b\u0435 \u044d\u043a\u0441\u043a\u0443\u0440\u0441\u0438\u0438 \u043d\u0430 \u043b\u0443\u0447\u0448\u0438\u0445 \u043a\u0443\u0440\u043e\u0440\u0442\u0430\u0445 \u043c\u0438\u0440\u0430\",\"publisher\":{\"@id\":\"https:\\\/\\\/skyline-gs.com\\\/it\\\/#organization\"},\"alternateName\":\"Skyline\",\"potentialAction\":[{\"@type\":\"SearchAction\",\"target\":{\"@type\":\"EntryPoint\",\"urlTemplate\":\"https:\\\/\\\/skyline-gs.com\\\/it\\\/?s={search_term_string}\"},\"query-input\":{\"@type\":\"PropertyValueSpecification\",\"valueRequired\":true,\"valueName\":\"search_term_string\"}}],\"inLanguage\":\"cs\"},{\"@type\":\"Organization\",\"@id\":\"https:\\\/\\\/skyline-gs.com\\\/it\\\/#organization\",\"name\":\"\u042d\u043a\u0441\u043a\u0443\u0440\u0441\u0438\u0438 Skyline\",\"alternateName\":\"\u042d\u043a\u0441\u043a\u0443\u0440\u0441\u0438\u0438 Skyline\",\"url\":\"https:\\\/\\\/skyline-gs.com\\\/it\\\/\",\"logo\":{\"@type\":\"ImageObject\",\"inLanguage\":\"cs\",\"@id\":\"https:\\\/\\\/skyline-gs.com\\\/it\\\/#\\\/schema\\\/logo\\\/image\\\/\",\"url\":\"https:\\\/\\\/skyline-gs.com\\\/wp-content\\\/uploads\\\/2020\\\/12\\\/cropped-logo-2.png\",\"contentUrl\":\"https:\\\/\\\/skyline-gs.com\\\/wp-content\\\/uploads\\\/2020\\\/12\\\/cropped-logo-2.png\",\"width\":512,\"height\":512,\"caption\":\"\u042d\u043a\u0441\u043a\u0443\u0440\u0441\u0438\u0438 Skyline\"},\"image\":{\"@id\":\"https:\\\/\\\/skyline-gs.com\\\/it\\\/#\\\/schema\\\/logo\\\/image\\\/\"},\"sameAs\":[\"https:\\\/\\\/www.instagram.com\\\/skylineglobalservice\\\/\"]}]}<\/script>\n<!-- \/ Yoast SEO plugin. -->","yoast_head_json":{"title":"\u041f\u043e \u043c\u0435\u0441\u0442\u0430\u043c \u0421\u0438\u043b\u044b. \u0421\u0432\u044f\u0449\u0435\u043d\u043d\u0430\u044f \u0433\u043e\u0440\u0430 \u041a\u0443\u043b\u0435\u043d &#8226; \u042d\u043a\u0441\u043a\u0443\u0440\u0441\u0438\u0438 Skyline","robots":{"index":"index","follow":"follow","max-snippet":"max-snippet:-1","max-image-preview":"max-image-preview:large","max-video-preview":"max-video-preview:-1"},"canonical":"https:\/\/skyline-gs.com\/cs\/produkt\/sacred-mount-kulen-siemreap\/","og_locale":"cs_CZ","og_type":"article","og_title":"\u041f\u043e \u043c\u0435\u0441\u0442\u0430\u043c \u0421\u0438\u043b\u044b. \u0421\u0432\u044f\u0449\u0435\u043d\u043d\u0430\u044f \u0433\u043e\u0440\u0430 \u041a\u0443\u043b\u0435\u043d &#8226; \u042d\u043a\u0441\u043a\u0443\u0440\u0441\u0438\u0438 Skyline","og_description":"\u0412\u0440\u0435\u043c\u044f \u0442\u0443\u0440\u0430: 8:00 \u2013 15:00  \u0414\u043d\u0438 \u043f\u0440\u043e\u0432\u0435\u0434\u0435\u043d\u0438\u044f: \u0435\u0436\u0435\u0434\u043d\u0435\u0432\u043d\u043e","og_url":"https:\/\/skyline-gs.com\/cs\/produkt\/sacred-mount-kulen-siemreap\/","og_site_name":"\u042d\u043a\u0441\u043a\u0443\u0440\u0441\u0438\u0438 Skyline","article_modified_time":"2026-02-01T19:37:04+00:00","og_image":[{"width":669,"height":446,"url":"https:\/\/skyline-gs.com\/wp-content\/uploads\/2022\/01\/14-5.png","type":"image\/png"}],"twitter_card":"summary_large_image","twitter_misc":{"Odhadovan\u00e1 doba \u010dten\u00ed":"2 minuty"},"schema":{"@context":"https:\/\/schema.org","@graph":[{"@type":"WebPage","@id":"https:\/\/skyline-gs.com\/product\/sacred-mount-kulen-siemreap\/","url":"https:\/\/skyline-gs.com\/product\/sacred-mount-kulen-siemreap\/","name":"\u041f\u043e \u043c\u0435\u0441\u0442\u0430\u043c \u0421\u0438\u043b\u044b. \u0421\u0432\u044f\u0449\u0435\u043d\u043d\u0430\u044f \u0433\u043e\u0440\u0430 \u041a\u0443\u043b\u0435\u043d &#8226; \u042d\u043a\u0441\u043a\u0443\u0440\u0441\u0438\u0438 Skyline","isPartOf":{"@id":"https:\/\/skyline-gs.com\/it\/#website"},"primaryImageOfPage":{"@id":"https:\/\/skyline-gs.com\/product\/sacred-mount-kulen-siemreap\/#primaryimage"},"image":{"@id":"https:\/\/skyline-gs.com\/product\/sacred-mount-kulen-siemreap\/#primaryimage"},"thumbnailUrl":"https:\/\/skyline-gs.com\/wp-content\/uploads\/2022\/01\/14-5.png","datePublished":"2022-01-17T15:29:53+00:00","dateModified":"2026-02-01T19:37:04+00:00","breadcrumb":{"@id":"https:\/\/skyline-gs.com\/product\/sacred-mount-kulen-siemreap\/#breadcrumb"},"inLanguage":"cs","potentialAction":[{"@type":"ReadAction","target":["https:\/\/skyline-gs.com\/product\/sacred-mount-kulen-siemreap\/"]}]},{"@type":"ImageObject","inLanguage":"cs","@id":"https:\/\/skyline-gs.com\/product\/sacred-mount-kulen-siemreap\/#primaryimage","url":"https:\/\/skyline-gs.com\/wp-content\/uploads\/2022\/01\/14-5.png","contentUrl":"https:\/\/skyline-gs.com\/wp-content\/uploads\/2022\/01\/14-5.png","width":669,"height":446},{"@type":"BreadcrumbList","@id":"https:\/\/skyline-gs.com\/product\/sacred-mount-kulen-siemreap\/#breadcrumb","itemListElement":[{"@type":"ListItem","position":1,"name":"\u0413\u043b\u0430\u0432\u043d\u0430\u044f \u0441\u0442\u0440\u0430\u043d\u0438\u0446\u0430","item":"https:\/\/skyline-gs.com\/hu\/"},{"@type":"ListItem","position":2,"name":"\u041c\u0430\u0433\u0430\u0437\u0438\u043d","item":"https:\/\/skyline-gs.com\/cs\/shop\/"},{"@type":"ListItem","position":3,"name":"\u041f\u043e \u043c\u0435\u0441\u0442\u0430\u043c \u0421\u0438\u043b\u044b. \u0421\u0432\u044f\u0449\u0435\u043d\u043d\u0430\u044f \u0433\u043e\u0440\u0430 \u041a\u0443\u043b\u0435\u043d"}]},{"@type":"WebSite","@id":"https:\/\/skyline-gs.com\/it\/#website","url":"https:\/\/skyline-gs.com\/it\/","name":"Skyline V\u00fdlety","description":"Exkluzivn\u00ed v\u00fdlety do nejlep\u0161\u00edch sv\u011btov\u00fdch letovisek","publisher":{"@id":"https:\/\/skyline-gs.com\/it\/#organization"},"alternateName":"Skyline","potentialAction":[{"@type":"SearchAction","target":{"@type":"EntryPoint","urlTemplate":"https:\/\/skyline-gs.com\/it\/?s={search_term_string}"},"query-input":{"@type":"PropertyValueSpecification","valueRequired":true,"valueName":"search_term_string"}}],"inLanguage":"cs"},{"@type":"Organization","@id":"https:\/\/skyline-gs.com\/it\/#organization","name":"Skyline V\u00fdlety","alternateName":"\u042d\u043a\u0441\u043a\u0443\u0440\u0441\u0438\u0438 Skyline","url":"https:\/\/skyline-gs.com\/it\/","logo":{"@type":"ImageObject","inLanguage":"cs","@id":"https:\/\/skyline-gs.com\/it\/#\/schema\/logo\/image\/","url":"https:\/\/skyline-gs.com\/wp-content\/uploads\/2020\/12\/cropped-logo-2.png","contentUrl":"https:\/\/skyline-gs.com\/wp-content\/uploads\/2020\/12\/cropped-logo-2.png","width":512,"height":512,"caption":"\u042d\u043a\u0441\u043a\u0443\u0440\u0441\u0438\u0438 Skyline"},"image":{"@id":"https:\/\/skyline-gs.com\/it\/#\/schema\/logo\/image\/"},"sameAs":["https:\/\/www.instagram.com\/skylineglobalservice\/"]}]}},"_links":{"self":[{"href":"https:\/\/skyline-gs.com\/cs\/wp-json\/wp\/v2\/product\/34392","targetHints":{"allow":["GET"]}}],"collection":[{"href":"https:\/\/skyline-gs.com\/cs\/wp-json\/wp\/v2\/product"}],"about":[{"href":"https:\/\/skyline-gs.com\/cs\/wp-json\/wp\/v2\/types\/product"}],"version-history":[{"count":0,"href":"https:\/\/skyline-gs.com\/cs\/wp-json\/wp\/v2\/product\/34392\/revisions"}],"wp:featuredmedia":[{"embeddable":true,"href":"https:\/\/skyline-gs.com\/cs\/wp-json\/wp\/v2\/media\/34406"}],"wp:attachment":[{"href":"https:\/\/skyline-gs.com\/cs\/wp-json\/wp\/v2\/media?parent=34392"}],"wp:term":[{"taxonomy":"product_brand","embeddable":true,"href":"https:\/\/skyline-gs.com\/cs\/wp-json\/wp\/v2\/product_brand?post=34392"},{"taxonomy":"product_cat","embeddable":true,"href":"https:\/\/skyline-gs.com\/cs\/wp-json\/wp\/v2\/product_cat?post=34392"},{"taxonomy":"product_tag","embeddable":true,"href":"https:\/\/skyline-gs.com\/cs\/wp-json\/wp\/v2\/product_tag?post=34392"}],"curies":[{"name":"wp","href":"https:\/\/api.w.org\/{rel}","templated":true}]}}