{"id":34376,"date":"2022-01-17T16:55:35","date_gmt":"2022-01-17T14:55:35","guid":{"rendered":"http:\/\/skyline-gs.com\/?post_type=product&#038;p=34376"},"modified":"2026-02-01T21:48:53","modified_gmt":"2026-02-01T19:48:53","slug":"preah-vihea-siemreap","status":"publish","type":"product","link":"https:\/\/skyline-gs.com\/cs\/product\/preah-vihea-siemreap\/","title":{"rendered":"Br\u00e1na do Kambod\u017ee: chr\u00e1m Preah Vihea"},"content":{"rendered":"<p>7:30 Odjezd z hotelu. Nach\u00e1z\u00ed se na sporn\u00e9m \u00fazem\u00ed <strong>mezi Kambod\u017eou a Thajskem<\/strong>, chr\u00e1m <strong>Preah Vihea<\/strong> &#8212; <strong>jeden z nejpozoruhodn\u011bj\u0161\u00edch v\u00fdtvor\u016f Khmersk\u00e9 \u0159\u00ed\u0161e.<\/strong>. Je zaps\u00e1n na Seznamu sv\u011btov\u00e9ho d\u011bdictv\u00ed UNESCO jako samostatn\u00e1 kulturn\u00ed pam\u00e1tka. Jedine\u010dnost chr\u00e1mu se projevuje v jeho architektonick\u00e9m \u0159e\u0161en\u00ed, kter\u00e9 zapad\u00e1 do p\u0159\u00edrodn\u00edho prost\u0159ed\u00ed a umo\u017e\u0148uje chr\u00e1mu plnit jeho n\u00e1bo\u017eenskou funkci, a tak\u00e9 ve vysok\u00e9 um\u011bleck\u00e9 hodnot\u011b dekorativn\u00edch prvk\u016f proveden\u00fdch kamennou \u0159ezbou. Chr\u00e1m se nach\u00e1z\u00ed <strong>na vrcholu hory vysok\u00e9 650 metr\u016f<\/strong>V chr\u00e1mu se nach\u00e1z\u00ed mal\u00e1 vojensk\u00e1 z\u00e1kladna - samostatn\u00e9 vojensk\u00e9 chaty - a pozorovac\u00ed stanovi\u0161t\u011b thajsk\u00e9 pohrani\u010dn\u00ed str\u00e1\u017ee. Na \u00fazem\u00ed chr\u00e1mu se nach\u00e1z\u00ed mal\u00e1 vojensk\u00e1 z\u00e1kladna - samostatn\u00e9 vojensk\u00e9 l\u00f3\u017ee, pozorovac\u00ed stanovi\u0161t\u011b pro thajskou pohrani\u010dn\u00ed str\u00e1\u017e. V\u0161ude v\u00e1s bude doprov\u00e1zet arm\u00e1da. Ale nebojte se! Pouze v\u00e1m usnadn\u00ed netrivi\u00e1ln\u00ed cestu. Ofici\u00e1ln\u011b je chr\u00e1m pro turisty otev\u0159en na p\u0159\u00edkaz \u00fa\u0159ad\u016f. Preah Vihea <strong>za\u010dal stav\u011bt Yashovarman One<\/strong> V roce 893 postavil chr\u00e1m \u0160ivy \u0160ikhareshvara (\"B\u016fh vrcholu\"). N\u00e1sleduj\u00edc\u00ed kr\u00e1lov\u00e9 khmersk\u00e9 \u0159\u00ed\u0161e, v\u010detn\u011b S\u00farjavarmana Druh\u00e9ho a duchovn\u00edho v\u016fdce a r\u00e1dce Divakarapandity, obnovovali star\u00e9 stavby a stav\u011bli nov\u00e9. 18:00 n\u00e1vrat do hotelu.<\/p>\n<p><strong>V\u010detn\u011b:<\/strong><\/p>\n<ul>\n<li>Transfer z hotelu a do hotelu<\/li>\n<li>V\u0161echny transfery klimatizovan\u00fdmi vozidly na trase<\/li>\n<li>rusky mluv\u00edc\u00ed pr\u016fvodce<\/li>\n<li>Pick-up jedouc\u00ed do kopce<\/li>\n<li>Vstupenky<\/li>\n<\/ul>\n<p><strong>Nen\u00ed sou\u010d\u00e1st\u00ed dod\u00e1vky:<\/strong><\/p>\n<ul>\n<li>Ob\u011bd a n\u00e1poje<\/li>\n<\/ul>\n<p><strong>Vezm\u011bte si ji s sebou:<\/strong><\/p>\n<ul>\n<li>Voda<\/li>\n<li>Pokr\u00fdvka hlavy<\/li>\n<li>Opalovac\u00ed kr\u00e9m<\/li>\n<li>Kapesn\u00e9<\/li>\n<\/ul>","protected":false},"excerpt":{"rendered":"<p><strong>Doba prohl\u00eddky:<\/strong> 7:30 - 18:00<\/p>\n<p><strong>Dny zadr\u017een\u00ed:<\/strong> denn\u011b<\/p>","protected":false},"featured_media":34379,"template":"","meta":{"_kad_post_transparent":"default","_kad_post_title":"","_kad_post_layout":"default","_kad_post_sidebar_id":"","_kad_post_content_style":"default","_kad_post_vertical_padding":"default","_kad_post_feature":"","_kad_post_feature_position":"","_kad_post_header":false,"_kad_post_footer":false,"_kad_post_classname":"","_glsr_average":0,"_glsr_ranking":0,"_glsr_reviews":0},"product_brand":[],"product_cat":[441],"product_tag":[],"class_list":{"0":"post-34376","1":"product","2":"type-product","3":"status-publish","4":"has-post-thumbnail","6":"product_cat-siem-reap","7":"tm-has-options","9":"first","10":"instock","11":"sold-individually","12":"taxable","13":"shipping-taxable","14":"purchasable","15":"product-type-simple","16":"entry","17":"content-bg","18":"loop-entry"},"yoast_head":"<!-- This site is optimized with the Yoast SEO plugin v27.4 - https:\/\/yoast.com\/product\/yoast-seo-wordpress\/ -->\n<title>\u0412\u0440\u0430\u0442\u0430 \u0432 \u041a\u0430\u043c\u0431\u043e\u0434\u0436\u0443: \u0425\u0440\u0430\u043c \u041f\u0440\u0435\u0430\u0445 \u0412\u0438\u0445\u0435\u0430 &#8226; \u042d\u043a\u0441\u043a\u0443\u0440\u0441\u0438\u0438 Skyline<\/title>\n<meta name=\"robots\" content=\"index, follow, max-snippet:-1, max-image-preview:large, max-video-preview:-1\" \/>\n<link rel=\"canonical\" href=\"https:\/\/skyline-gs.com\/cs\/produkt\/preah-vihea-siemreap\/\" \/>\n<meta property=\"og:locale\" content=\"cs_CZ\" \/>\n<meta property=\"og:type\" content=\"article\" \/>\n<meta property=\"og:title\" content=\"\u0412\u0440\u0430\u0442\u0430 \u0432 \u041a\u0430\u043c\u0431\u043e\u0434\u0436\u0443: \u0425\u0440\u0430\u043c \u041f\u0440\u0435\u0430\u0445 \u0412\u0438\u0445\u0435\u0430 &#8226; \u042d\u043a\u0441\u043a\u0443\u0440\u0441\u0438\u0438 Skyline\" \/>\n<meta property=\"og:description\" content=\"\u0412\u0440\u0435\u043c\u044f \u0442\u0443\u0440\u0430: 7:30 \u2013 18:00  \u0414\u043d\u0438 \u043f\u0440\u043e\u0432\u0435\u0434\u0435\u043d\u0438\u044f: \u0435\u0436\u0435\u0434\u043d\u0435\u0432\u043d\u043e\" \/>\n<meta property=\"og:url\" content=\"https:\/\/skyline-gs.com\/cs\/produkt\/preah-vihea-siemreap\/\" \/>\n<meta property=\"og:site_name\" content=\"\u042d\u043a\u0441\u043a\u0443\u0440\u0441\u0438\u0438 Skyline\" \/>\n<meta property=\"article:modified_time\" content=\"2026-02-01T19:48:53+00:00\" \/>\n<meta property=\"og:image\" content=\"https:\/\/skyline-gs.com\/wp-content\/uploads\/2022\/01\/3-6.png\" \/>\n\t<meta property=\"og:image:width\" content=\"669\" \/>\n\t<meta property=\"og:image:height\" content=\"446\" \/>\n\t<meta property=\"og:image:type\" content=\"image\/png\" \/>\n<meta name=\"twitter:card\" content=\"summary_large_image\" \/>\n<meta name=\"twitter:label1\" content=\"Odhadovan\u00e1 doba \u010dten\u00ed\" \/>\n\t<meta name=\"twitter:data1\" content=\"2 minuty\" \/>\n<script type=\"application\/ld+json\" class=\"yoast-schema-graph\">{\"@context\":\"https:\\\/\\\/schema.org\",\"@graph\":[{\"@type\":\"WebPage\",\"@id\":\"https:\\\/\\\/skyline-gs.com\\\/product\\\/preah-vihea-siemreap\\\/\",\"url\":\"https:\\\/\\\/skyline-gs.com\\\/product\\\/preah-vihea-siemreap\\\/\",\"name\":\"\u0412\u0440\u0430\u0442\u0430 \u0432 \u041a\u0430\u043c\u0431\u043e\u0434\u0436\u0443: \u0425\u0440\u0430\u043c \u041f\u0440\u0435\u0430\u0445 \u0412\u0438\u0445\u0435\u0430 &#8226; \u042d\u043a\u0441\u043a\u0443\u0440\u0441\u0438\u0438 Skyline\",\"isPartOf\":{\"@id\":\"https:\\\/\\\/skyline-gs.com\\\/it\\\/#website\"},\"primaryImageOfPage\":{\"@id\":\"https:\\\/\\\/skyline-gs.com\\\/product\\\/preah-vihea-siemreap\\\/#primaryimage\"},\"image\":{\"@id\":\"https:\\\/\\\/skyline-gs.com\\\/product\\\/preah-vihea-siemreap\\\/#primaryimage\"},\"thumbnailUrl\":\"https:\\\/\\\/skyline-gs.com\\\/wp-content\\\/uploads\\\/2022\\\/01\\\/3-6.png\",\"datePublished\":\"2022-01-17T14:55:35+00:00\",\"dateModified\":\"2026-02-01T19:48:53+00:00\",\"breadcrumb\":{\"@id\":\"https:\\\/\\\/skyline-gs.com\\\/product\\\/preah-vihea-siemreap\\\/#breadcrumb\"},\"inLanguage\":\"cs\",\"potentialAction\":[{\"@type\":\"ReadAction\",\"target\":[\"https:\\\/\\\/skyline-gs.com\\\/product\\\/preah-vihea-siemreap\\\/\"]}]},{\"@type\":\"ImageObject\",\"inLanguage\":\"cs\",\"@id\":\"https:\\\/\\\/skyline-gs.com\\\/product\\\/preah-vihea-siemreap\\\/#primaryimage\",\"url\":\"https:\\\/\\\/skyline-gs.com\\\/wp-content\\\/uploads\\\/2022\\\/01\\\/3-6.png\",\"contentUrl\":\"https:\\\/\\\/skyline-gs.com\\\/wp-content\\\/uploads\\\/2022\\\/01\\\/3-6.png\",\"width\":669,\"height\":446},{\"@type\":\"BreadcrumbList\",\"@id\":\"https:\\\/\\\/skyline-gs.com\\\/product\\\/preah-vihea-siemreap\\\/#breadcrumb\",\"itemListElement\":[{\"@type\":\"ListItem\",\"position\":1,\"name\":\"\u0413\u043b\u0430\u0432\u043d\u0430\u044f \u0441\u0442\u0440\u0430\u043d\u0438\u0446\u0430\",\"item\":\"https:\\\/\\\/skyline-gs.com\\\/hu\\\/\"},{\"@type\":\"ListItem\",\"position\":2,\"name\":\"\u041c\u0430\u0433\u0430\u0437\u0438\u043d\",\"item\":\"https:\\\/\\\/skyline-gs.com\\\/cs\\\/shop\\\/\"},{\"@type\":\"ListItem\",\"position\":3,\"name\":\"\u0412\u0440\u0430\u0442\u0430 \u0432 \u041a\u0430\u043c\u0431\u043e\u0434\u0436\u0443: \u0425\u0440\u0430\u043c \u041f\u0440\u0435\u0430\u0445 \u0412\u0438\u0445\u0435\u0430\"}]},{\"@type\":\"WebSite\",\"@id\":\"https:\\\/\\\/skyline-gs.com\\\/it\\\/#website\",\"url\":\"https:\\\/\\\/skyline-gs.com\\\/it\\\/\",\"name\":\"\u042d\u043a\u0441\u043a\u0443\u0440\u0441\u0438\u0438 Skyline\",\"description\":\"\u042d\u043a\u0441\u043a\u043b\u044e\u0437\u0438\u0432\u043d\u044b\u0435 \u044d\u043a\u0441\u043a\u0443\u0440\u0441\u0438\u0438 \u043d\u0430 \u043b\u0443\u0447\u0448\u0438\u0445 \u043a\u0443\u0440\u043e\u0440\u0442\u0430\u0445 \u043c\u0438\u0440\u0430\",\"publisher\":{\"@id\":\"https:\\\/\\\/skyline-gs.com\\\/it\\\/#organization\"},\"alternateName\":\"Skyline\",\"potentialAction\":[{\"@type\":\"SearchAction\",\"target\":{\"@type\":\"EntryPoint\",\"urlTemplate\":\"https:\\\/\\\/skyline-gs.com\\\/it\\\/?s={search_term_string}\"},\"query-input\":{\"@type\":\"PropertyValueSpecification\",\"valueRequired\":true,\"valueName\":\"search_term_string\"}}],\"inLanguage\":\"cs\"},{\"@type\":\"Organization\",\"@id\":\"https:\\\/\\\/skyline-gs.com\\\/it\\\/#organization\",\"name\":\"\u042d\u043a\u0441\u043a\u0443\u0440\u0441\u0438\u0438 Skyline\",\"alternateName\":\"\u042d\u043a\u0441\u043a\u0443\u0440\u0441\u0438\u0438 Skyline\",\"url\":\"https:\\\/\\\/skyline-gs.com\\\/it\\\/\",\"logo\":{\"@type\":\"ImageObject\",\"inLanguage\":\"cs\",\"@id\":\"https:\\\/\\\/skyline-gs.com\\\/it\\\/#\\\/schema\\\/logo\\\/image\\\/\",\"url\":\"https:\\\/\\\/skyline-gs.com\\\/wp-content\\\/uploads\\\/2020\\\/12\\\/cropped-logo-2.png\",\"contentUrl\":\"https:\\\/\\\/skyline-gs.com\\\/wp-content\\\/uploads\\\/2020\\\/12\\\/cropped-logo-2.png\",\"width\":512,\"height\":512,\"caption\":\"\u042d\u043a\u0441\u043a\u0443\u0440\u0441\u0438\u0438 Skyline\"},\"image\":{\"@id\":\"https:\\\/\\\/skyline-gs.com\\\/it\\\/#\\\/schema\\\/logo\\\/image\\\/\"},\"sameAs\":[\"https:\\\/\\\/www.instagram.com\\\/skylineglobalservice\\\/\"]}]}<\/script>\n<!-- \/ Yoast SEO plugin. -->","yoast_head_json":{"title":"\u0412\u0440\u0430\u0442\u0430 \u0432 \u041a\u0430\u043c\u0431\u043e\u0434\u0436\u0443: \u0425\u0440\u0430\u043c \u041f\u0440\u0435\u0430\u0445 \u0412\u0438\u0445\u0435\u0430 &#8226; \u042d\u043a\u0441\u043a\u0443\u0440\u0441\u0438\u0438 Skyline","robots":{"index":"index","follow":"follow","max-snippet":"max-snippet:-1","max-image-preview":"max-image-preview:large","max-video-preview":"max-video-preview:-1"},"canonical":"https:\/\/skyline-gs.com\/cs\/produkt\/preah-vihea-siemreap\/","og_locale":"cs_CZ","og_type":"article","og_title":"\u0412\u0440\u0430\u0442\u0430 \u0432 \u041a\u0430\u043c\u0431\u043e\u0434\u0436\u0443: \u0425\u0440\u0430\u043c \u041f\u0440\u0435\u0430\u0445 \u0412\u0438\u0445\u0435\u0430 &#8226; \u042d\u043a\u0441\u043a\u0443\u0440\u0441\u0438\u0438 Skyline","og_description":"\u0412\u0440\u0435\u043c\u044f \u0442\u0443\u0440\u0430: 7:30 \u2013 18:00  \u0414\u043d\u0438 \u043f\u0440\u043e\u0432\u0435\u0434\u0435\u043d\u0438\u044f: \u0435\u0436\u0435\u0434\u043d\u0435\u0432\u043d\u043e","og_url":"https:\/\/skyline-gs.com\/cs\/produkt\/preah-vihea-siemreap\/","og_site_name":"\u042d\u043a\u0441\u043a\u0443\u0440\u0441\u0438\u0438 Skyline","article_modified_time":"2026-02-01T19:48:53+00:00","og_image":[{"width":669,"height":446,"url":"https:\/\/skyline-gs.com\/wp-content\/uploads\/2022\/01\/3-6.png","type":"image\/png"}],"twitter_card":"summary_large_image","twitter_misc":{"Odhadovan\u00e1 doba \u010dten\u00ed":"2 minuty"},"schema":{"@context":"https:\/\/schema.org","@graph":[{"@type":"WebPage","@id":"https:\/\/skyline-gs.com\/product\/preah-vihea-siemreap\/","url":"https:\/\/skyline-gs.com\/product\/preah-vihea-siemreap\/","name":"\u0412\u0440\u0430\u0442\u0430 \u0432 \u041a\u0430\u043c\u0431\u043e\u0434\u0436\u0443: \u0425\u0440\u0430\u043c \u041f\u0440\u0435\u0430\u0445 \u0412\u0438\u0445\u0435\u0430 &#8226; \u042d\u043a\u0441\u043a\u0443\u0440\u0441\u0438\u0438 Skyline","isPartOf":{"@id":"https:\/\/skyline-gs.com\/it\/#website"},"primaryImageOfPage":{"@id":"https:\/\/skyline-gs.com\/product\/preah-vihea-siemreap\/#primaryimage"},"image":{"@id":"https:\/\/skyline-gs.com\/product\/preah-vihea-siemreap\/#primaryimage"},"thumbnailUrl":"https:\/\/skyline-gs.com\/wp-content\/uploads\/2022\/01\/3-6.png","datePublished":"2022-01-17T14:55:35+00:00","dateModified":"2026-02-01T19:48:53+00:00","breadcrumb":{"@id":"https:\/\/skyline-gs.com\/product\/preah-vihea-siemreap\/#breadcrumb"},"inLanguage":"cs","potentialAction":[{"@type":"ReadAction","target":["https:\/\/skyline-gs.com\/product\/preah-vihea-siemreap\/"]}]},{"@type":"ImageObject","inLanguage":"cs","@id":"https:\/\/skyline-gs.com\/product\/preah-vihea-siemreap\/#primaryimage","url":"https:\/\/skyline-gs.com\/wp-content\/uploads\/2022\/01\/3-6.png","contentUrl":"https:\/\/skyline-gs.com\/wp-content\/uploads\/2022\/01\/3-6.png","width":669,"height":446},{"@type":"BreadcrumbList","@id":"https:\/\/skyline-gs.com\/product\/preah-vihea-siemreap\/#breadcrumb","itemListElement":[{"@type":"ListItem","position":1,"name":"\u0413\u043b\u0430\u0432\u043d\u0430\u044f \u0441\u0442\u0440\u0430\u043d\u0438\u0446\u0430","item":"https:\/\/skyline-gs.com\/hu\/"},{"@type":"ListItem","position":2,"name":"\u041c\u0430\u0433\u0430\u0437\u0438\u043d","item":"https:\/\/skyline-gs.com\/cs\/shop\/"},{"@type":"ListItem","position":3,"name":"\u0412\u0440\u0430\u0442\u0430 \u0432 \u041a\u0430\u043c\u0431\u043e\u0434\u0436\u0443: \u0425\u0440\u0430\u043c \u041f\u0440\u0435\u0430\u0445 \u0412\u0438\u0445\u0435\u0430"}]},{"@type":"WebSite","@id":"https:\/\/skyline-gs.com\/it\/#website","url":"https:\/\/skyline-gs.com\/it\/","name":"Skyline V\u00fdlety","description":"Exkluzivn\u00ed v\u00fdlety do nejlep\u0161\u00edch sv\u011btov\u00fdch letovisek","publisher":{"@id":"https:\/\/skyline-gs.com\/it\/#organization"},"alternateName":"Skyline","potentialAction":[{"@type":"SearchAction","target":{"@type":"EntryPoint","urlTemplate":"https:\/\/skyline-gs.com\/it\/?s={search_term_string}"},"query-input":{"@type":"PropertyValueSpecification","valueRequired":true,"valueName":"search_term_string"}}],"inLanguage":"cs"},{"@type":"Organization","@id":"https:\/\/skyline-gs.com\/it\/#organization","name":"Skyline V\u00fdlety","alternateName":"\u042d\u043a\u0441\u043a\u0443\u0440\u0441\u0438\u0438 Skyline","url":"https:\/\/skyline-gs.com\/it\/","logo":{"@type":"ImageObject","inLanguage":"cs","@id":"https:\/\/skyline-gs.com\/it\/#\/schema\/logo\/image\/","url":"https:\/\/skyline-gs.com\/wp-content\/uploads\/2020\/12\/cropped-logo-2.png","contentUrl":"https:\/\/skyline-gs.com\/wp-content\/uploads\/2020\/12\/cropped-logo-2.png","width":512,"height":512,"caption":"\u042d\u043a\u0441\u043a\u0443\u0440\u0441\u0438\u0438 Skyline"},"image":{"@id":"https:\/\/skyline-gs.com\/it\/#\/schema\/logo\/image\/"},"sameAs":["https:\/\/www.instagram.com\/skylineglobalservice\/"]}]}},"_links":{"self":[{"href":"https:\/\/skyline-gs.com\/cs\/wp-json\/wp\/v2\/product\/34376","targetHints":{"allow":["GET"]}}],"collection":[{"href":"https:\/\/skyline-gs.com\/cs\/wp-json\/wp\/v2\/product"}],"about":[{"href":"https:\/\/skyline-gs.com\/cs\/wp-json\/wp\/v2\/types\/product"}],"version-history":[{"count":0,"href":"https:\/\/skyline-gs.com\/cs\/wp-json\/wp\/v2\/product\/34376\/revisions"}],"wp:featuredmedia":[{"embeddable":true,"href":"https:\/\/skyline-gs.com\/cs\/wp-json\/wp\/v2\/media\/34379"}],"wp:attachment":[{"href":"https:\/\/skyline-gs.com\/cs\/wp-json\/wp\/v2\/media?parent=34376"}],"wp:term":[{"taxonomy":"product_brand","embeddable":true,"href":"https:\/\/skyline-gs.com\/cs\/wp-json\/wp\/v2\/product_brand?post=34376"},{"taxonomy":"product_cat","embeddable":true,"href":"https:\/\/skyline-gs.com\/cs\/wp-json\/wp\/v2\/product_cat?post=34376"},{"taxonomy":"product_tag","embeddable":true,"href":"https:\/\/skyline-gs.com\/cs\/wp-json\/wp\/v2\/product_tag?post=34376"}],"curies":[{"name":"wp","href":"https:\/\/api.w.org\/{rel}","templated":true}]}}