{"id":34343,"date":"2022-01-17T16:01:21","date_gmt":"2022-01-17T14:01:21","guid":{"rendered":"http:\/\/skyline-gs.com\/?post_type=product&#038;p=34343"},"modified":"2026-02-01T21:28:17","modified_gmt":"2026-02-01T19:28:17","slug":"first-encounter-with-angkor-siemreap","status":"publish","type":"product","link":"https:\/\/skyline-gs.com\/cs\/product\/first-encounter-with-angkor-siemreap\/","title":{"rendered":"Prvn\u00ed pohled na Angkor"},"content":{"rendered":"<p>Odjezd z hotelu v 8:00. Nejd\u0159\u00edve v\u00e1m v r\u00e1mci na\u0161\u00ed prohl\u00eddky uk\u00e1\u017eeme <strong>Angkor Wat<\/strong>. <strong>Kultovn\u00ed n\u00e1bo\u017eensk\u00e1 stavba cel\u00e9 oblasti jihov\u00fdchodn\u00ed Asie<\/strong>. Rozloha chr\u00e1mu je velkolep\u00e1: asi jeden a p\u016fl kilometru dlouh\u00fd a jeden kilometr \u0161irok\u00fd. P\u016fdorys tvo\u0159\u00ed obrovsk\u00e1 mandala obklopen\u00e1 vodou. Dokonal\u00e1 p\u0159ehlednost a rostouc\u00ed rytmus kompozice, p\u0159\u00edsn\u00e1 proporcionalita v\u0161ech detail\u016f souboru, expresivita architektonick\u00fdch prvk\u016f, p\u0159\u00edb\u011bhov\u00e9 basreli\u00e9fy zaji\u0161\u0165uj\u00ed inspirativn\u00ed emocion\u00e1ln\u00ed vn\u00edm\u00e1n\u00ed stavby a plnou duchovn\u00ed ext\u00e1zi. Pot\u00e9 kr\u00e1tk\u00fd p\u0159esun do chr\u00e1mu <strong style=\"font-family: var(--global-body-font-family);\">Ta Prohm<\/strong><span style=\"font-family: var(--global-body-font-family);\">. <\/span><strong style=\"font-family: var(--global-body-font-family);\">Slavn\u00fd chr\u00e1m \"s ob\u0159\u00edmi chod\u00edc\u00edmi stromy\".<\/strong><span style=\"font-family: var(--global-body-font-family);\">. M\u00edsto je pln\u00e9 romantiky pion\u00fdrsk\u00e9 \u00e9ry. V roce 1860 objevil francouzsk\u00fd cestovatel Henri Mouaux ob\u0159\u00ed kamenn\u00e9 chr\u00e1my opu\u0161t\u011bn\u00e9 v d\u017eungli pro evropsk\u00e9 masy. Prvn\u00ed objevitel\u00e9 a str\u00e1\u017eci Angkoru se v 19. stolet\u00ed \"p\u0159es trnit\u00e9 ke\u0159e a vis\u00edc\u00ed li\u00e1ny prosek\u00e1vali ma\u010detami\" d\u017eungl\u00ed, aby se dostali k tajemn\u00fdm stavb\u00e1m. Na po\u010d\u00e1tku roku 2000 se chr\u00e1m stal m\u00edstem nat\u00e1\u010den\u00ed filmu \"Lara Croft\" Tomb Raider\" s Angelinou Jolie. D\u00e1le nav\u0161t\u00edv\u00edme <strong>\u0434<\/strong><\/span><strong style=\"font-family: var(--global-body-font-family);\">Angkor Thom<\/strong><span style=\"font-family: var(--global-body-font-family);\">. <\/span><strong style=\"font-family: var(--global-body-font-family);\">Posledn\u00ed a nejtrvalej\u0161\u00ed hlavn\u00ed m\u011bsto Angkoru<\/strong><span style=\"font-family: var(--global-body-font-family);\">. Ve druh\u00e9 polovin\u011b 12.-13. stolet\u00ed dos\u00e1hla khmersk\u00e1 \u0159\u00ed\u0161e sv\u00e9ho vrcholu. Stala se nejen nejv\u011bt\u0161\u00ed, ale tak\u00e9 dominantn\u00ed \u0159\u00ed\u0161\u00ed v jihov\u00fdchodn\u00ed Asii. Toto obdob\u00ed v d\u011bjin\u00e1ch zem\u011b je spojeno s vynikaj\u00edc\u00edm kr\u00e1lem D\u017eajavarmanem Sedm\u00fdm, kter\u00fd \u017eil asi sto let a vl\u00e1dl p\u0159ibli\u017en\u011b pades\u00e1t let. Pot\u00e9, co porazil sv\u00e9 nep\u0159\u00e1tele, vybudoval nov\u00e9 m\u011bsto Angkor Thom (\"Velk\u00e9 hlavn\u00ed m\u011bsto\"). Panovn\u00edk m\u011bsto vytvo\u0159il, aby za sv\u00e9ho \u017eivota oslavil sv\u00e9 ego a po sv\u00e9 smrti ho zbo\u017e\u0161til. Angkor Thom m\u00e1 tvar \u010dtverce o rozm\u011brech 3*3 kilometry. Je obehn\u00e1n 100 metr\u016f \u0161irok\u00fdm kan\u00e1lem a zd\u00ed s p\u011bti branami (v\u010detn\u011b V\u00edt\u011bzn\u00e9 br\u00e1ny). Uvnit\u0159 m\u011bsta se nach\u00e1z\u00ed mnoho chr\u00e1m\u016f (Phimeanakas, Bapuon, Preah Palilai, Bayon), baz\u00e9n\u016f, terasy slon\u016f a malomocn\u00e9ho kr\u00e1le). Prohl\u00e9dneme si chr\u00e1m <\/span><strong style=\"font-family: var(--global-body-font-family);\">Bayonne<\/strong><span style=\"font-family: var(--global-body-font-family);\">.<\/span><strong style=\"font-family: var(--global-body-font-family);\"> Centr\u00e1ln\u00ed chr\u00e1m ve m\u011bst\u011b Angkor Thom<\/strong><span style=\"font-family: var(--global-body-font-family);\">. \"Kvintesence chaosu.\" M\u00e1 naprosto fantastick\u00fd vzhled d\u00edky obrovsk\u00fdm kamenn\u00fdm tv\u00e1\u0159\u00edm, kter\u00e9 majest\u00e1tn\u011b shl\u00ed\u017eej\u00ed shora s tajemn\u00fdm \u00fasm\u011bvem na n\u00e1v\u0161t\u011bvn\u00edka a navozuj\u00ed stav vzne\u0161en\u00e9 odta\u017eitosti. Chr\u00e1m Bayon nem\u00e1 ve sv\u011btov\u00e9 architektu\u0159e \u017e\u00e1dnou bl\u00edzkou stylovou podobnost. Stavba je prostoupena symbolikou. Ka\u017ed\u00fd detail je obda\u0159en ur\u010dit\u00fdm v\u00fdznamem. Bayon p\u0159inesl do na\u0161ich dn\u016f velmi celistv\u00e9 a \u00fapln\u00e9 vyj\u00e1d\u0159en\u00ed filozofick\u00fdch koncepc\u00ed a ideologick\u00e9ho a um\u011bleck\u00e9ho pohledu sv\u00e9 doby. Chr\u00e1m si obl\u00edbili zejm\u00e9na lid\u00e9 tv\u016fr\u010d\u00edch profes\u00ed. Kolem 16:00 n\u00e1vrat na hotel.<\/span><\/p>\n<p><strong>V\u010detn\u011b:<\/strong><\/p>\n<ul>\n<li>Transfer z hotelu a do hotelu<\/li>\n<li>V\u0161echny transfery klimatizovan\u00fdmi vozidly na trase<\/li>\n<li>rusky mluv\u00edc\u00ed pr\u016fvodce<\/li>\n<\/ul>\n<p><strong>Nen\u00ed sou\u010d\u00e1st\u00ed dod\u00e1vky:<\/strong><\/p>\n<ul>\n<li>Vstupenka do Angkor Watu +37$<\/li>\n<li>Ob\u011bd a n\u00e1poje<\/li>\n<\/ul>\n<p><strong>Vezm\u011bte si ji s sebou:<\/strong><\/p>\n<ul>\n<li>Voda<\/li>\n<li>Pokr\u00fdvka hlavy<\/li>\n<li>Opalovac\u00ed kr\u00e9m<\/li>\n<li>Pohodln\u00e1 obuv<\/li>\n<li>Oble\u010den\u00ed, kter\u00e9 zakr\u00fdv\u00e1 ramena a kolena (\u0161\u00e1tky, \u0161\u00e1ly nejsou vhodn\u00e9).<\/li>\n<li>Kapesn\u00e9<\/li>\n<\/ul>","protected":false},"excerpt":{"rendered":"<p><strong>Doba prohl\u00eddky:<\/strong> 8:00 - 16:00<\/p>\n<p><strong>Dny zadr\u017een\u00ed:<\/strong> denn\u011b<\/p>","protected":false},"featured_media":34344,"template":"","meta":{"_kad_post_transparent":"default","_kad_post_title":"","_kad_post_layout":"default","_kad_post_sidebar_id":"","_kad_post_content_style":"default","_kad_post_vertical_padding":"default","_kad_post_feature":"","_kad_post_feature_position":"","_kad_post_header":false,"_kad_post_footer":false,"_kad_post_classname":"","_glsr_average":0,"_glsr_ranking":0,"_glsr_reviews":0},"product_brand":[],"product_cat":[441],"product_tag":[],"class_list":{"0":"post-34343","1":"product","2":"type-product","3":"status-publish","4":"has-post-thumbnail","6":"product_cat-siem-reap","7":"tm-has-options","9":"first","10":"instock","11":"sold-individually","12":"taxable","13":"shipping-taxable","14":"purchasable","15":"product-type-simple","16":"entry","17":"content-bg","18":"loop-entry"},"yoast_head":"<!-- This site is optimized with the Yoast SEO plugin v27.4 - https:\/\/yoast.com\/product\/yoast-seo-wordpress\/ -->\n<title>\u041f\u0435\u0440\u0432\u043e\u0435 \u0437\u043d\u0430\u043a\u043e\u043c\u0441\u0442\u0432\u043e \u0441 \u0410\u043d\u0433\u043a\u043e\u0440\u043e\u043c &#8226; \u042d\u043a\u0441\u043a\u0443\u0440\u0441\u0438\u0438 Skyline<\/title>\n<meta name=\"robots\" content=\"index, follow, max-snippet:-1, max-image-preview:large, max-video-preview:-1\" \/>\n<link rel=\"canonical\" href=\"https:\/\/skyline-gs.com\/cs\/produkt\/first-encounter-with-angkor-siemreap\/\" \/>\n<meta property=\"og:locale\" content=\"cs_CZ\" \/>\n<meta property=\"og:type\" content=\"article\" \/>\n<meta property=\"og:title\" content=\"\u041f\u0435\u0440\u0432\u043e\u0435 \u0437\u043d\u0430\u043a\u043e\u043c\u0441\u0442\u0432\u043e \u0441 \u0410\u043d\u0433\u043a\u043e\u0440\u043e\u043c &#8226; \u042d\u043a\u0441\u043a\u0443\u0440\u0441\u0438\u0438 Skyline\" \/>\n<meta property=\"og:description\" content=\"\u0412\u0440\u0435\u043c\u044f \u0442\u0443\u0440\u0430: 8:00 \u2013 16:00  \u0414\u043d\u0438 \u043f\u0440\u043e\u0432\u0435\u0434\u0435\u043d\u0438\u044f: \u0435\u0436\u0435\u0434\u043d\u0435\u0432\u043d\u043e\" \/>\n<meta property=\"og:url\" content=\"https:\/\/skyline-gs.com\/cs\/produkt\/first-encounter-with-angkor-siemreap\/\" \/>\n<meta property=\"og:site_name\" content=\"\u042d\u043a\u0441\u043a\u0443\u0440\u0441\u0438\u0438 Skyline\" \/>\n<meta property=\"article:modified_time\" content=\"2026-02-01T19:28:17+00:00\" \/>\n<meta property=\"og:image\" content=\"https:\/\/skyline-gs.com\/wp-content\/uploads\/2022\/01\/1-3.png\" \/>\n\t<meta property=\"og:image:width\" content=\"669\" \/>\n\t<meta property=\"og:image:height\" content=\"446\" \/>\n\t<meta property=\"og:image:type\" content=\"image\/png\" \/>\n<meta name=\"twitter:card\" content=\"summary_large_image\" \/>\n<meta name=\"twitter:label1\" content=\"Odhadovan\u00e1 doba \u010dten\u00ed\" \/>\n\t<meta name=\"twitter:data1\" content=\"3 minuty\" \/>\n<script type=\"application\/ld+json\" class=\"yoast-schema-graph\">{\"@context\":\"https:\\\/\\\/schema.org\",\"@graph\":[{\"@type\":\"WebPage\",\"@id\":\"https:\\\/\\\/skyline-gs.com\\\/product\\\/first-encounter-with-angkor-siemreap\\\/\",\"url\":\"https:\\\/\\\/skyline-gs.com\\\/product\\\/first-encounter-with-angkor-siemreap\\\/\",\"name\":\"\u041f\u0435\u0440\u0432\u043e\u0435 \u0437\u043d\u0430\u043a\u043e\u043c\u0441\u0442\u0432\u043e \u0441 \u0410\u043d\u0433\u043a\u043e\u0440\u043e\u043c &#8226; \u042d\u043a\u0441\u043a\u0443\u0440\u0441\u0438\u0438 Skyline\",\"isPartOf\":{\"@id\":\"https:\\\/\\\/skyline-gs.com\\\/it\\\/#website\"},\"primaryImageOfPage\":{\"@id\":\"https:\\\/\\\/skyline-gs.com\\\/product\\\/first-encounter-with-angkor-siemreap\\\/#primaryimage\"},\"image\":{\"@id\":\"https:\\\/\\\/skyline-gs.com\\\/product\\\/first-encounter-with-angkor-siemreap\\\/#primaryimage\"},\"thumbnailUrl\":\"https:\\\/\\\/skyline-gs.com\\\/wp-content\\\/uploads\\\/2022\\\/01\\\/1-3.png\",\"datePublished\":\"2022-01-17T14:01:21+00:00\",\"dateModified\":\"2026-02-01T19:28:17+00:00\",\"breadcrumb\":{\"@id\":\"https:\\\/\\\/skyline-gs.com\\\/product\\\/first-encounter-with-angkor-siemreap\\\/#breadcrumb\"},\"inLanguage\":\"cs\",\"potentialAction\":[{\"@type\":\"ReadAction\",\"target\":[\"https:\\\/\\\/skyline-gs.com\\\/product\\\/first-encounter-with-angkor-siemreap\\\/\"]}]},{\"@type\":\"ImageObject\",\"inLanguage\":\"cs\",\"@id\":\"https:\\\/\\\/skyline-gs.com\\\/product\\\/first-encounter-with-angkor-siemreap\\\/#primaryimage\",\"url\":\"https:\\\/\\\/skyline-gs.com\\\/wp-content\\\/uploads\\\/2022\\\/01\\\/1-3.png\",\"contentUrl\":\"https:\\\/\\\/skyline-gs.com\\\/wp-content\\\/uploads\\\/2022\\\/01\\\/1-3.png\",\"width\":669,\"height\":446},{\"@type\":\"BreadcrumbList\",\"@id\":\"https:\\\/\\\/skyline-gs.com\\\/product\\\/first-encounter-with-angkor-siemreap\\\/#breadcrumb\",\"itemListElement\":[{\"@type\":\"ListItem\",\"position\":1,\"name\":\"\u0413\u043b\u0430\u0432\u043d\u0430\u044f \u0441\u0442\u0440\u0430\u043d\u0438\u0446\u0430\",\"item\":\"https:\\\/\\\/skyline-gs.com\\\/hu\\\/\"},{\"@type\":\"ListItem\",\"position\":2,\"name\":\"\u041c\u0430\u0433\u0430\u0437\u0438\u043d\",\"item\":\"https:\\\/\\\/skyline-gs.com\\\/cs\\\/shop\\\/\"},{\"@type\":\"ListItem\",\"position\":3,\"name\":\"\u041f\u0435\u0440\u0432\u043e\u0435 \u0437\u043d\u0430\u043a\u043e\u043c\u0441\u0442\u0432\u043e \u0441 \u0410\u043d\u0433\u043a\u043e\u0440\u043e\u043c\"}]},{\"@type\":\"WebSite\",\"@id\":\"https:\\\/\\\/skyline-gs.com\\\/it\\\/#website\",\"url\":\"https:\\\/\\\/skyline-gs.com\\\/it\\\/\",\"name\":\"\u042d\u043a\u0441\u043a\u0443\u0440\u0441\u0438\u0438 Skyline\",\"description\":\"\u042d\u043a\u0441\u043a\u043b\u044e\u0437\u0438\u0432\u043d\u044b\u0435 \u044d\u043a\u0441\u043a\u0443\u0440\u0441\u0438\u0438 \u043d\u0430 \u043b\u0443\u0447\u0448\u0438\u0445 \u043a\u0443\u0440\u043e\u0440\u0442\u0430\u0445 \u043c\u0438\u0440\u0430\",\"publisher\":{\"@id\":\"https:\\\/\\\/skyline-gs.com\\\/it\\\/#organization\"},\"alternateName\":\"Skyline\",\"potentialAction\":[{\"@type\":\"SearchAction\",\"target\":{\"@type\":\"EntryPoint\",\"urlTemplate\":\"https:\\\/\\\/skyline-gs.com\\\/it\\\/?s={search_term_string}\"},\"query-input\":{\"@type\":\"PropertyValueSpecification\",\"valueRequired\":true,\"valueName\":\"search_term_string\"}}],\"inLanguage\":\"cs\"},{\"@type\":\"Organization\",\"@id\":\"https:\\\/\\\/skyline-gs.com\\\/it\\\/#organization\",\"name\":\"\u042d\u043a\u0441\u043a\u0443\u0440\u0441\u0438\u0438 Skyline\",\"alternateName\":\"\u042d\u043a\u0441\u043a\u0443\u0440\u0441\u0438\u0438 Skyline\",\"url\":\"https:\\\/\\\/skyline-gs.com\\\/it\\\/\",\"logo\":{\"@type\":\"ImageObject\",\"inLanguage\":\"cs\",\"@id\":\"https:\\\/\\\/skyline-gs.com\\\/it\\\/#\\\/schema\\\/logo\\\/image\\\/\",\"url\":\"https:\\\/\\\/skyline-gs.com\\\/wp-content\\\/uploads\\\/2020\\\/12\\\/cropped-logo-2.png\",\"contentUrl\":\"https:\\\/\\\/skyline-gs.com\\\/wp-content\\\/uploads\\\/2020\\\/12\\\/cropped-logo-2.png\",\"width\":512,\"height\":512,\"caption\":\"\u042d\u043a\u0441\u043a\u0443\u0440\u0441\u0438\u0438 Skyline\"},\"image\":{\"@id\":\"https:\\\/\\\/skyline-gs.com\\\/it\\\/#\\\/schema\\\/logo\\\/image\\\/\"},\"sameAs\":[\"https:\\\/\\\/www.instagram.com\\\/skylineglobalservice\\\/\"]}]}<\/script>\n<!-- \/ Yoast SEO plugin. -->","yoast_head_json":{"title":"\u041f\u0435\u0440\u0432\u043e\u0435 \u0437\u043d\u0430\u043a\u043e\u043c\u0441\u0442\u0432\u043e \u0441 \u0410\u043d\u0433\u043a\u043e\u0440\u043e\u043c &#8226; \u042d\u043a\u0441\u043a\u0443\u0440\u0441\u0438\u0438 Skyline","robots":{"index":"index","follow":"follow","max-snippet":"max-snippet:-1","max-image-preview":"max-image-preview:large","max-video-preview":"max-video-preview:-1"},"canonical":"https:\/\/skyline-gs.com\/cs\/produkt\/first-encounter-with-angkor-siemreap\/","og_locale":"cs_CZ","og_type":"article","og_title":"\u041f\u0435\u0440\u0432\u043e\u0435 \u0437\u043d\u0430\u043a\u043e\u043c\u0441\u0442\u0432\u043e \u0441 \u0410\u043d\u0433\u043a\u043e\u0440\u043e\u043c &#8226; \u042d\u043a\u0441\u043a\u0443\u0440\u0441\u0438\u0438 Skyline","og_description":"\u0412\u0440\u0435\u043c\u044f \u0442\u0443\u0440\u0430: 8:00 \u2013 16:00  \u0414\u043d\u0438 \u043f\u0440\u043e\u0432\u0435\u0434\u0435\u043d\u0438\u044f: \u0435\u0436\u0435\u0434\u043d\u0435\u0432\u043d\u043e","og_url":"https:\/\/skyline-gs.com\/cs\/produkt\/first-encounter-with-angkor-siemreap\/","og_site_name":"\u042d\u043a\u0441\u043a\u0443\u0440\u0441\u0438\u0438 Skyline","article_modified_time":"2026-02-01T19:28:17+00:00","og_image":[{"width":669,"height":446,"url":"https:\/\/skyline-gs.com\/wp-content\/uploads\/2022\/01\/1-3.png","type":"image\/png"}],"twitter_card":"summary_large_image","twitter_misc":{"Odhadovan\u00e1 doba \u010dten\u00ed":"3 minuty"},"schema":{"@context":"https:\/\/schema.org","@graph":[{"@type":"WebPage","@id":"https:\/\/skyline-gs.com\/product\/first-encounter-with-angkor-siemreap\/","url":"https:\/\/skyline-gs.com\/product\/first-encounter-with-angkor-siemreap\/","name":"\u041f\u0435\u0440\u0432\u043e\u0435 \u0437\u043d\u0430\u043a\u043e\u043c\u0441\u0442\u0432\u043e \u0441 \u0410\u043d\u0433\u043a\u043e\u0440\u043e\u043c &#8226; \u042d\u043a\u0441\u043a\u0443\u0440\u0441\u0438\u0438 Skyline","isPartOf":{"@id":"https:\/\/skyline-gs.com\/it\/#website"},"primaryImageOfPage":{"@id":"https:\/\/skyline-gs.com\/product\/first-encounter-with-angkor-siemreap\/#primaryimage"},"image":{"@id":"https:\/\/skyline-gs.com\/product\/first-encounter-with-angkor-siemreap\/#primaryimage"},"thumbnailUrl":"https:\/\/skyline-gs.com\/wp-content\/uploads\/2022\/01\/1-3.png","datePublished":"2022-01-17T14:01:21+00:00","dateModified":"2026-02-01T19:28:17+00:00","breadcrumb":{"@id":"https:\/\/skyline-gs.com\/product\/first-encounter-with-angkor-siemreap\/#breadcrumb"},"inLanguage":"cs","potentialAction":[{"@type":"ReadAction","target":["https:\/\/skyline-gs.com\/product\/first-encounter-with-angkor-siemreap\/"]}]},{"@type":"ImageObject","inLanguage":"cs","@id":"https:\/\/skyline-gs.com\/product\/first-encounter-with-angkor-siemreap\/#primaryimage","url":"https:\/\/skyline-gs.com\/wp-content\/uploads\/2022\/01\/1-3.png","contentUrl":"https:\/\/skyline-gs.com\/wp-content\/uploads\/2022\/01\/1-3.png","width":669,"height":446},{"@type":"BreadcrumbList","@id":"https:\/\/skyline-gs.com\/product\/first-encounter-with-angkor-siemreap\/#breadcrumb","itemListElement":[{"@type":"ListItem","position":1,"name":"\u0413\u043b\u0430\u0432\u043d\u0430\u044f \u0441\u0442\u0440\u0430\u043d\u0438\u0446\u0430","item":"https:\/\/skyline-gs.com\/hu\/"},{"@type":"ListItem","position":2,"name":"\u041c\u0430\u0433\u0430\u0437\u0438\u043d","item":"https:\/\/skyline-gs.com\/cs\/shop\/"},{"@type":"ListItem","position":3,"name":"\u041f\u0435\u0440\u0432\u043e\u0435 \u0437\u043d\u0430\u043a\u043e\u043c\u0441\u0442\u0432\u043e \u0441 \u0410\u043d\u0433\u043a\u043e\u0440\u043e\u043c"}]},{"@type":"WebSite","@id":"https:\/\/skyline-gs.com\/it\/#website","url":"https:\/\/skyline-gs.com\/it\/","name":"Skyline V\u00fdlety","description":"Exkluzivn\u00ed v\u00fdlety do nejlep\u0161\u00edch sv\u011btov\u00fdch letovisek","publisher":{"@id":"https:\/\/skyline-gs.com\/it\/#organization"},"alternateName":"Skyline","potentialAction":[{"@type":"SearchAction","target":{"@type":"EntryPoint","urlTemplate":"https:\/\/skyline-gs.com\/it\/?s={search_term_string}"},"query-input":{"@type":"PropertyValueSpecification","valueRequired":true,"valueName":"search_term_string"}}],"inLanguage":"cs"},{"@type":"Organization","@id":"https:\/\/skyline-gs.com\/it\/#organization","name":"Skyline V\u00fdlety","alternateName":"\u042d\u043a\u0441\u043a\u0443\u0440\u0441\u0438\u0438 Skyline","url":"https:\/\/skyline-gs.com\/it\/","logo":{"@type":"ImageObject","inLanguage":"cs","@id":"https:\/\/skyline-gs.com\/it\/#\/schema\/logo\/image\/","url":"https:\/\/skyline-gs.com\/wp-content\/uploads\/2020\/12\/cropped-logo-2.png","contentUrl":"https:\/\/skyline-gs.com\/wp-content\/uploads\/2020\/12\/cropped-logo-2.png","width":512,"height":512,"caption":"\u042d\u043a\u0441\u043a\u0443\u0440\u0441\u0438\u0438 Skyline"},"image":{"@id":"https:\/\/skyline-gs.com\/it\/#\/schema\/logo\/image\/"},"sameAs":["https:\/\/www.instagram.com\/skylineglobalservice\/"]}]}},"_links":{"self":[{"href":"https:\/\/skyline-gs.com\/cs\/wp-json\/wp\/v2\/product\/34343","targetHints":{"allow":["GET"]}}],"collection":[{"href":"https:\/\/skyline-gs.com\/cs\/wp-json\/wp\/v2\/product"}],"about":[{"href":"https:\/\/skyline-gs.com\/cs\/wp-json\/wp\/v2\/types\/product"}],"version-history":[{"count":0,"href":"https:\/\/skyline-gs.com\/cs\/wp-json\/wp\/v2\/product\/34343\/revisions"}],"wp:featuredmedia":[{"embeddable":true,"href":"https:\/\/skyline-gs.com\/cs\/wp-json\/wp\/v2\/media\/34344"}],"wp:attachment":[{"href":"https:\/\/skyline-gs.com\/cs\/wp-json\/wp\/v2\/media?parent=34343"}],"wp:term":[{"taxonomy":"product_brand","embeddable":true,"href":"https:\/\/skyline-gs.com\/cs\/wp-json\/wp\/v2\/product_brand?post=34343"},{"taxonomy":"product_cat","embeddable":true,"href":"https:\/\/skyline-gs.com\/cs\/wp-json\/wp\/v2\/product_cat?post=34343"},{"taxonomy":"product_tag","embeddable":true,"href":"https:\/\/skyline-gs.com\/cs\/wp-json\/wp\/v2\/product_tag?post=34343"}],"curies":[{"name":"wp","href":"https:\/\/api.w.org\/{rel}","templated":true}]}}