{"id":32693,"date":"2021-10-26T20:52:24","date_gmt":"2021-10-26T18:52:24","guid":{"rendered":"http:\/\/skyline-gs.com\/?post_type=product&#038;p=32693"},"modified":"2024-10-31T13:21:41","modified_gmt":"2024-10-31T11:21:41","slug":"nile-cruise-4-days-marsaalam","status":"publish","type":"product","link":"https:\/\/skyline-gs.com\/cs\/product\/nile-cruise-4-days-marsaalam\/","title":{"rendered":"Plavba po Nilu 5* 4 dny"},"content":{"rendered":"<div class=\"\">\n<div class=\"tour-schedule\">\n<div>\n<p>U\u017eijte si nad\u010dasovou plavbu po Nilu na luxusn\u00ed 5* lodi s baz\u00e9nem na palub\u011b. Objevte pam\u00e1tky starov\u011bk\u00e9ho Egypta. Profesion\u00e1ln\u00ed egyptologov\u00e9 jsou v\u00e1m v\u017edy k dispozici. U\u017eijte si plnou penzi, baz\u00e9n a rozmanitou z\u00e1bavu na palub\u011b.<\/p>\n<p><strong>Den 1. Chr\u00e1m v Karnaku. Memnonovy kolosy. Chr\u00e1m kr\u00e1lovny Hateshpsut. \u00dadol\u00ed kr\u00e1loven.<\/strong><\/p>\n<p>4:30 odjezd z hotelu v Marsa Alam (cesta trv\u00e1 asi 5 hodin). Odbaven\u00ed na plavbu. Prvn\u00ed den se v\u00fdletn\u00ed lo\u010f zastav\u00ed v Luxoru. Nav\u0161t\u00edv\u00edte prav\u00fd a lev\u00fd b\u0159eh Nilu - \"m\u011bsto \u017eiv\u00fdch\". Uvid\u00edte chr\u00e1m v Karnaku, jeden z nejv\u011bt\u0161\u00edch architektonick\u00fdch po\u010din\u016f starov\u011bk\u00e9ho Egypta. Po nezapomenuteln\u00e9m z\u00e1\u017eitku v chr\u00e1mu v\u00e1s \u010dek\u00e1 chutn\u00fd ob\u011bd. Pot\u00e9 se skupina vyd\u00e1 lod\u00ed na lev\u00fd b\u0159eh do \"M\u011bsta mrtv\u00fdch\". Uvid\u00edte: Memnonovy kolosy (2 obrovsk\u00e9 sochy Amenhotepa III. - v\u0161e, co z velkolep\u00e9ho chr\u00e1mu zbylo), nav\u0161t\u00edv\u00edte \u00dadol\u00ed kr\u00e1loven - staletou hrobku faraon\u016f, prohl\u00e9dnete si poh\u0159ebn\u00ed chr\u00e1m slavn\u00e9 kr\u00e1lovny Hat\u0161epsut - jedin\u00e9 faraonky. Pot\u00e9 se ubytujete na lodi, kde v\u00e1s \u010dek\u00e1 ve\u010de\u0159e a diskot\u00e9ka.<\/p>\n<p><strong>Den 2. Esna. Galabeya Party.<\/strong><\/p>\n<p>Druh\u00fd den na\u0161\u00ed cesty si m\u016f\u017eete vychutnat mimo\u0159\u00e1dnou kr\u00e1su b\u0159eh\u016f Nilu. Cel\u00fd den m\u016f\u017eete odpo\u010d\u00edvat na lodi, koupat se a opalovat u baz\u00e9nu. A ve\u010der v\u00e1s \u010dek\u00e1 jedine\u010dn\u00fd egyptsk\u00fd z\u00e1pad slunce. Tak\u00e9 u m\u011bsta Esna se stanete \u00fa\u010dastn\u00edky zaj\u00edmav\u00e9ho lodn\u00edho procesu - zamyk\u00e1n\u00ed lod\u00ed. Ve\u010der je pro v\u0161echny hosty parn\u00edku p\u0159ipravena orient\u00e1ln\u00ed p\u00e1rty v egyptsk\u00e9m stylu Galabeya Party, z\u00e1bavn\u00e1 show, jej\u00edmi\u017e \u00fa\u010dastn\u00edky budou i turist\u00e9. Budete se c\u00edtit jako sou\u010d\u00e1st pestr\u00e9 egyptsk\u00e9 poh\u00e1dky a dozv\u00edte se, co je to karneval v arab\u0161tin\u011b.<\/p>\n<p><strong>Den 3. Chr\u00e1m v Edfu. Chr\u00e1m Kom Ombo.<\/strong><\/p>\n<p>T\u0159et\u00ed den plavby je na programu n\u00e1v\u0161t\u011bva m\u011bsta Edfu. Mal\u00e9 ko\u010d\u00e1ry v\u00e1s zavezou k velkolep\u00e9mu Horovu chr\u00e1mu. Po ob\u011bd\u011b na lodi se vyd\u00e1te k jednomu z nej\u00fa\u017easn\u011bj\u0161\u00edch chr\u00e1m\u016f Egypta - chr\u00e1mu Kom-Ombo. V tomto chr\u00e1mu se nach\u00e1zej\u00ed svatyn\u011b dvou boh\u016f najednou, jedna je zasv\u011bcena Horovi (sokol\u00edmu bohu) a druh\u00e1 Sobekovi (krokod\u00fdl\u00edmu bohu). Hlavn\u00ed atrakc\u00ed chr\u00e1mu je hypostylov\u00e1 s\u00ed\u0148 s patn\u00e1cti sloupy, kter\u00e9 jsou propojeny zdmi. Sloupy jsou zdobeny papyrem a na vrcholu liliemi. Po prohl\u00eddce se skupina vr\u00e1t\u00ed na lo\u010f, kde na hosty \u010dek\u00e1 ve\u010de\u0159e a folklorn\u00ed p\u0159edstaven\u00ed.<\/p>\n<p><strong>Den 4 Asu\u00e1nsk\u00e1 p\u0159ehrada<\/strong><\/p>\n<p>\u010ctvrt\u00fd den cesty doraz\u00edme do jednoho z nejmalebn\u011bj\u0161\u00edch m\u011bst Egypta - Asu\u00e1nu. Zde uvid\u00edte nedokon\u010den\u00fd obelisk a Asu\u00e1nskou p\u0159ehradu, z jej\u00ed\u017e vyhl\u00eddkov\u00e9 plo\u0161iny se v\u00e1m naskytne jedine\u010dn\u00fd pohled na N\u00e1sirovo jezero. Jedn\u00e1 se o jednu z nejambici\u00f3zn\u011bj\u0161\u00edch staveb 20. stolet\u00ed. Nedokon\u010den\u00fd obelisk +10$ extra. T\u00edm program plavby kon\u010d\u00ed, ale samostatn\u011b m\u016f\u017eete za p\u0159\u00edplatek nav\u0161t\u00edvit Abu Simbel (70$), Asu\u00e1nskou botanickou zahradu a chr\u00e1mov\u00fd komplex na ostrov\u011b Philae (45$). Skupina se vr\u00e1t\u00ed autobusem do Marsa Alam (p\u0159ibli\u017en\u011b 7 hodin). P\u0159\u00edjezd do Marsa Alam do hotelu p\u0159ibli\u017en\u011b ve 22:00.<\/p>\n<p><strong>Na\u0161e 5* vlo\u017eky delux:<\/strong><\/p>\n<p>M\/S Tamr Henna 5*<br \/>\nM\/S Royal Esadora Plavba po Nilu5*<br \/>\nM\/S Princess Sarah Plavba po Nilu 5*<br \/>\nRadamis 1 \/ 2<br \/>\nSemiramis 1 a 2 plavba po Nilu - Egypt<br \/>\nPlavba po Nilu s delf\u00edny - Egypt<br \/>\nNil Ruby Plavba po Nilu - Egypt<\/p>\n<\/div>\n<div>\n<div>\n<p><strong>V\u010detn\u011b:<\/strong><\/p>\n<\/div>\n<ul>\n<li>Transfery z hotelu a do hotelu<\/li>\n<li>Ubytov\u00e1n\u00ed na 5* lodi<\/li>\n<li>T\u0159i j\u00eddla denn\u011b, v\u010detn\u011b vody, d\u017eusu, k\u00e1vy a \u010daje u sn\u00eddan\u011b.<\/li>\n<li>Vstupn\u00e9 na v\u00fdlety<\/li>\n<li>rusky mluv\u00edc\u00ed pr\u016fvodce<\/li>\n<\/ul>\n<\/div>\n<\/div>\n<\/div>\n<p><strong>Nen\u00ed sou\u010d\u00e1st\u00ed dod\u00e1vky:<\/strong><\/p>\n<ul>\n<li>N\u00e1poje k ob\u011bdu a ve\u010de\u0159i<\/li>\n<li>Nepovinn\u00e9 v\u00fdlety<\/li>\n<\/ul>\n<p><strong>Vezm\u011bte si ji s sebou:<\/strong><\/p>\n<ul>\n<li>Pas<\/li>\n<li>foto-video kamera<\/li>\n<li>Pokr\u00fdvka hlavy<\/li>\n<li>Ru\u010dn\u00edk<\/li>\n<li>Plavky, plavky<\/li>\n<li>Opalovac\u00ed kr\u00e9m<\/li>\n<\/ul>","protected":false},"excerpt":{"rendered":"<p><strong>Doba trv\u00e1n\u00ed:<\/strong> 4 dny a 3 noci<\/p>\n<p><strong>Dny zadr\u017een\u00ed: <\/strong>\u00dater\u00fd, \u010dtvrtek, ned\u011ble<\/p>","protected":false},"featured_media":29294,"template":"","meta":{"_kad_post_transparent":"default","_kad_post_title":"","_kad_post_layout":"default","_kad_post_sidebar_id":"","_kad_post_content_style":"default","_kad_post_vertical_padding":"default","_kad_post_feature":"","_kad_post_feature_position":"","_kad_post_header":false,"_kad_post_footer":false,"_kad_post_classname":"","_glsr_average":0,"_glsr_ranking":0,"_glsr_reviews":0},"product_brand":[],"product_cat":[452],"product_tag":[],"class_list":{"0":"post-32693","1":"product","2":"type-product","3":"status-publish","4":"has-post-thumbnail","6":"product_cat-marsa-alam","7":"tm-has-options","9":"first","10":"instock","11":"sale","12":"sold-individually","13":"taxable","14":"shipping-taxable","15":"purchasable","16":"product-type-simple","17":"entry","18":"content-bg","19":"loop-entry"},"yoast_head":"<!-- This site is optimized with the Yoast SEO plugin v27.3 - https:\/\/yoast.com\/product\/yoast-seo-wordpress\/ -->\n<title>\u041a\u0440\u0443\u0438\u0437 \u043f\u043e \u041d\u0438\u043b\u0443 5* 4 \u0434\u043d\u044f &#8226; \u042d\u043a\u0441\u043a\u0443\u0440\u0441\u0438\u0438 Skyline<\/title>\n<meta name=\"robots\" content=\"index, follow, max-snippet:-1, max-image-preview:large, max-video-preview:-1\" \/>\n<link rel=\"canonical\" href=\"http:\/\/skyline-gs.com\/cs\/produkt\/nile-cruise-4-days-marsaalam\/\" \/>\n<meta property=\"og:locale\" content=\"cs_CZ\" \/>\n<meta property=\"og:type\" content=\"article\" \/>\n<meta property=\"og:title\" content=\"\u041a\u0440\u0443\u0438\u0437 \u043f\u043e \u041d\u0438\u043b\u0443 5* 4 \u0434\u043d\u044f &#8226; \u042d\u043a\u0441\u043a\u0443\u0440\u0441\u0438\u0438 Skyline\" \/>\n<meta property=\"og:description\" content=\"\u0414\u043b\u0438\u0442\u0435\u043b\u044c\u043d\u043e\u0441\u0442\u044c: 4 \u0434\u043d\u044f \u0438 3 \u043d\u043e\u0447\u0438  \u0414\u043d\u0438 \u043f\u0440\u043e\u0432\u0435\u0434\u0435\u043d\u0438\u044f: \u0432\u0442\u043e\u0440\u043d\u0438\u043a, \u0447\u0435\u0442\u0432\u0435\u0440\u0433, \u0432\u043e\u0441\u043a\u0440\u0435\u0441\u0435\u043d\u0438\u0435\" \/>\n<meta property=\"og:url\" content=\"http:\/\/skyline-gs.com\/cs\/produkt\/nile-cruise-4-days-marsaalam\/\" \/>\n<meta property=\"og:site_name\" content=\"\u042d\u043a\u0441\u043a\u0443\u0440\u0441\u0438\u0438 Skyline\" \/>\n<meta property=\"article:modified_time\" content=\"2024-10-31T11:21:41+00:00\" \/>\n<meta property=\"og:image\" content=\"https:\/\/skyline-gs.com\/wp-content\/uploads\/2021\/07\/51-1.jpg\" \/>\n\t<meta property=\"og:image:width\" content=\"669\" \/>\n\t<meta property=\"og:image:height\" content=\"446\" \/>\n\t<meta property=\"og:image:type\" content=\"image\/jpeg\" \/>\n<meta name=\"twitter:card\" content=\"summary_large_image\" \/>\n<meta name=\"twitter:label1\" content=\"Odhadovan\u00e1 doba \u010dten\u00ed\" \/>\n\t<meta name=\"twitter:data1\" content=\"3 minuty\" \/>\n<script type=\"application\/ld+json\" class=\"yoast-schema-graph\">{\"@context\":\"https:\\\/\\\/schema.org\",\"@graph\":[{\"@type\":\"WebPage\",\"@id\":\"http:\\\/\\\/skyline-gs.com\\\/de\\\/produkt\\\/nile-cruise-4-days-marsaalam\\\/\",\"url\":\"http:\\\/\\\/skyline-gs.com\\\/de\\\/produkt\\\/nile-cruise-4-days-marsaalam\\\/\",\"name\":\"\u041a\u0440\u0443\u0438\u0437 \u043f\u043e \u041d\u0438\u043b\u0443 5* 4 \u0434\u043d\u044f &#8226; \u042d\u043a\u0441\u043a\u0443\u0440\u0441\u0438\u0438 Skyline\",\"isPartOf\":{\"@id\":\"https:\\\/\\\/skyline-gs.com\\\/it\\\/#website\"},\"primaryImageOfPage\":{\"@id\":\"http:\\\/\\\/skyline-gs.com\\\/de\\\/produkt\\\/nile-cruise-4-days-marsaalam\\\/#primaryimage\"},\"image\":{\"@id\":\"http:\\\/\\\/skyline-gs.com\\\/de\\\/produkt\\\/nile-cruise-4-days-marsaalam\\\/#primaryimage\"},\"thumbnailUrl\":\"https:\\\/\\\/skyline-gs.com\\\/wp-content\\\/uploads\\\/2021\\\/07\\\/51-1.jpg\",\"datePublished\":\"2021-10-26T18:52:24+00:00\",\"dateModified\":\"2024-10-31T11:21:41+00:00\",\"breadcrumb\":{\"@id\":\"http:\\\/\\\/skyline-gs.com\\\/de\\\/produkt\\\/nile-cruise-4-days-marsaalam\\\/#breadcrumb\"},\"inLanguage\":\"cs\",\"potentialAction\":[{\"@type\":\"ReadAction\",\"target\":[\"http:\\\/\\\/skyline-gs.com\\\/de\\\/produkt\\\/nile-cruise-4-days-marsaalam\\\/\"]}]},{\"@type\":\"ImageObject\",\"inLanguage\":\"cs\",\"@id\":\"http:\\\/\\\/skyline-gs.com\\\/de\\\/produkt\\\/nile-cruise-4-days-marsaalam\\\/#primaryimage\",\"url\":\"https:\\\/\\\/skyline-gs.com\\\/wp-content\\\/uploads\\\/2021\\\/07\\\/51-1.jpg\",\"contentUrl\":\"https:\\\/\\\/skyline-gs.com\\\/wp-content\\\/uploads\\\/2021\\\/07\\\/51-1.jpg\",\"width\":669,\"height\":446},{\"@type\":\"BreadcrumbList\",\"@id\":\"http:\\\/\\\/skyline-gs.com\\\/de\\\/produkt\\\/nile-cruise-4-days-marsaalam\\\/#breadcrumb\",\"itemListElement\":[{\"@type\":\"ListItem\",\"position\":1,\"name\":\"\u0413\u043b\u0430\u0432\u043d\u0430\u044f \u0441\u0442\u0440\u0430\u043d\u0438\u0446\u0430\",\"item\":\"https:\\\/\\\/skyline-gs.com\\\/hu\\\/\"},{\"@type\":\"ListItem\",\"position\":2,\"name\":\"\u041c\u0430\u0433\u0430\u0437\u0438\u043d\",\"item\":\"https:\\\/\\\/skyline-gs.com\\\/cs\\\/shop\\\/\"},{\"@type\":\"ListItem\",\"position\":3,\"name\":\"\u041a\u0440\u0443\u0438\u0437 \u043f\u043e \u041d\u0438\u043b\u0443 5* 4 \u0434\u043d\u044f\"}]},{\"@type\":\"WebSite\",\"@id\":\"https:\\\/\\\/skyline-gs.com\\\/it\\\/#website\",\"url\":\"https:\\\/\\\/skyline-gs.com\\\/it\\\/\",\"name\":\"\u042d\u043a\u0441\u043a\u0443\u0440\u0441\u0438\u0438 Skyline\",\"description\":\"\u042d\u043a\u0441\u043a\u043b\u044e\u0437\u0438\u0432\u043d\u044b\u0435 \u044d\u043a\u0441\u043a\u0443\u0440\u0441\u0438\u0438 \u043d\u0430 \u043b\u0443\u0447\u0448\u0438\u0445 \u043a\u0443\u0440\u043e\u0440\u0442\u0430\u0445 \u043c\u0438\u0440\u0430\",\"publisher\":{\"@id\":\"https:\\\/\\\/skyline-gs.com\\\/it\\\/#organization\"},\"alternateName\":\"Skyline\",\"potentialAction\":[{\"@type\":\"SearchAction\",\"target\":{\"@type\":\"EntryPoint\",\"urlTemplate\":\"https:\\\/\\\/skyline-gs.com\\\/it\\\/?s={search_term_string}\"},\"query-input\":{\"@type\":\"PropertyValueSpecification\",\"valueRequired\":true,\"valueName\":\"search_term_string\"}}],\"inLanguage\":\"cs\"},{\"@type\":\"Organization\",\"@id\":\"https:\\\/\\\/skyline-gs.com\\\/it\\\/#organization\",\"name\":\"\u042d\u043a\u0441\u043a\u0443\u0440\u0441\u0438\u0438 Skyline\",\"alternateName\":\"\u042d\u043a\u0441\u043a\u0443\u0440\u0441\u0438\u0438 Skyline\",\"url\":\"https:\\\/\\\/skyline-gs.com\\\/it\\\/\",\"logo\":{\"@type\":\"ImageObject\",\"inLanguage\":\"cs\",\"@id\":\"https:\\\/\\\/skyline-gs.com\\\/it\\\/#\\\/schema\\\/logo\\\/image\\\/\",\"url\":\"https:\\\/\\\/skyline-gs.com\\\/wp-content\\\/uploads\\\/2020\\\/12\\\/cropped-logo-2.png\",\"contentUrl\":\"https:\\\/\\\/skyline-gs.com\\\/wp-content\\\/uploads\\\/2020\\\/12\\\/cropped-logo-2.png\",\"width\":512,\"height\":512,\"caption\":\"\u042d\u043a\u0441\u043a\u0443\u0440\u0441\u0438\u0438 Skyline\"},\"image\":{\"@id\":\"https:\\\/\\\/skyline-gs.com\\\/it\\\/#\\\/schema\\\/logo\\\/image\\\/\"},\"sameAs\":[\"https:\\\/\\\/www.instagram.com\\\/skylineglobalservice\\\/\"]}]}<\/script>\n<!-- \/ Yoast SEO plugin. -->","yoast_head_json":{"title":"\u041a\u0440\u0443\u0438\u0437 \u043f\u043e \u041d\u0438\u043b\u0443 5* 4 \u0434\u043d\u044f &#8226; \u042d\u043a\u0441\u043a\u0443\u0440\u0441\u0438\u0438 Skyline","robots":{"index":"index","follow":"follow","max-snippet":"max-snippet:-1","max-image-preview":"max-image-preview:large","max-video-preview":"max-video-preview:-1"},"canonical":"http:\/\/skyline-gs.com\/cs\/produkt\/nile-cruise-4-days-marsaalam\/","og_locale":"cs_CZ","og_type":"article","og_title":"\u041a\u0440\u0443\u0438\u0437 \u043f\u043e \u041d\u0438\u043b\u0443 5* 4 \u0434\u043d\u044f &#8226; \u042d\u043a\u0441\u043a\u0443\u0440\u0441\u0438\u0438 Skyline","og_description":"\u0414\u043b\u0438\u0442\u0435\u043b\u044c\u043d\u043e\u0441\u0442\u044c: 4 \u0434\u043d\u044f \u0438 3 \u043d\u043e\u0447\u0438  \u0414\u043d\u0438 \u043f\u0440\u043e\u0432\u0435\u0434\u0435\u043d\u0438\u044f: \u0432\u0442\u043e\u0440\u043d\u0438\u043a, \u0447\u0435\u0442\u0432\u0435\u0440\u0433, \u0432\u043e\u0441\u043a\u0440\u0435\u0441\u0435\u043d\u0438\u0435","og_url":"http:\/\/skyline-gs.com\/cs\/produkt\/nile-cruise-4-days-marsaalam\/","og_site_name":"\u042d\u043a\u0441\u043a\u0443\u0440\u0441\u0438\u0438 Skyline","article_modified_time":"2024-10-31T11:21:41+00:00","og_image":[{"width":669,"height":446,"url":"https:\/\/skyline-gs.com\/wp-content\/uploads\/2021\/07\/51-1.jpg","type":"image\/jpeg"}],"twitter_card":"summary_large_image","twitter_misc":{"Odhadovan\u00e1 doba \u010dten\u00ed":"3 minuty"},"schema":{"@context":"https:\/\/schema.org","@graph":[{"@type":"WebPage","@id":"http:\/\/skyline-gs.com\/de\/produkt\/nile-cruise-4-days-marsaalam\/","url":"http:\/\/skyline-gs.com\/de\/produkt\/nile-cruise-4-days-marsaalam\/","name":"\u041a\u0440\u0443\u0438\u0437 \u043f\u043e \u041d\u0438\u043b\u0443 5* 4 \u0434\u043d\u044f &#8226; \u042d\u043a\u0441\u043a\u0443\u0440\u0441\u0438\u0438 Skyline","isPartOf":{"@id":"https:\/\/skyline-gs.com\/it\/#website"},"primaryImageOfPage":{"@id":"http:\/\/skyline-gs.com\/de\/produkt\/nile-cruise-4-days-marsaalam\/#primaryimage"},"image":{"@id":"http:\/\/skyline-gs.com\/de\/produkt\/nile-cruise-4-days-marsaalam\/#primaryimage"},"thumbnailUrl":"https:\/\/skyline-gs.com\/wp-content\/uploads\/2021\/07\/51-1.jpg","datePublished":"2021-10-26T18:52:24+00:00","dateModified":"2024-10-31T11:21:41+00:00","breadcrumb":{"@id":"http:\/\/skyline-gs.com\/de\/produkt\/nile-cruise-4-days-marsaalam\/#breadcrumb"},"inLanguage":"cs","potentialAction":[{"@type":"ReadAction","target":["http:\/\/skyline-gs.com\/de\/produkt\/nile-cruise-4-days-marsaalam\/"]}]},{"@type":"ImageObject","inLanguage":"cs","@id":"http:\/\/skyline-gs.com\/de\/produkt\/nile-cruise-4-days-marsaalam\/#primaryimage","url":"https:\/\/skyline-gs.com\/wp-content\/uploads\/2021\/07\/51-1.jpg","contentUrl":"https:\/\/skyline-gs.com\/wp-content\/uploads\/2021\/07\/51-1.jpg","width":669,"height":446},{"@type":"BreadcrumbList","@id":"http:\/\/skyline-gs.com\/de\/produkt\/nile-cruise-4-days-marsaalam\/#breadcrumb","itemListElement":[{"@type":"ListItem","position":1,"name":"\u0413\u043b\u0430\u0432\u043d\u0430\u044f \u0441\u0442\u0440\u0430\u043d\u0438\u0446\u0430","item":"https:\/\/skyline-gs.com\/hu\/"},{"@type":"ListItem","position":2,"name":"\u041c\u0430\u0433\u0430\u0437\u0438\u043d","item":"https:\/\/skyline-gs.com\/cs\/shop\/"},{"@type":"ListItem","position":3,"name":"\u041a\u0440\u0443\u0438\u0437 \u043f\u043e \u041d\u0438\u043b\u0443 5* 4 \u0434\u043d\u044f"}]},{"@type":"WebSite","@id":"https:\/\/skyline-gs.com\/it\/#website","url":"https:\/\/skyline-gs.com\/it\/","name":"Skyline V\u00fdlety","description":"Exkluzivn\u00ed v\u00fdlety do nejlep\u0161\u00edch sv\u011btov\u00fdch letovisek","publisher":{"@id":"https:\/\/skyline-gs.com\/it\/#organization"},"alternateName":"Skyline","potentialAction":[{"@type":"SearchAction","target":{"@type":"EntryPoint","urlTemplate":"https:\/\/skyline-gs.com\/it\/?s={search_term_string}"},"query-input":{"@type":"PropertyValueSpecification","valueRequired":true,"valueName":"search_term_string"}}],"inLanguage":"cs"},{"@type":"Organization","@id":"https:\/\/skyline-gs.com\/it\/#organization","name":"Skyline V\u00fdlety","alternateName":"\u042d\u043a\u0441\u043a\u0443\u0440\u0441\u0438\u0438 Skyline","url":"https:\/\/skyline-gs.com\/it\/","logo":{"@type":"ImageObject","inLanguage":"cs","@id":"https:\/\/skyline-gs.com\/it\/#\/schema\/logo\/image\/","url":"https:\/\/skyline-gs.com\/wp-content\/uploads\/2020\/12\/cropped-logo-2.png","contentUrl":"https:\/\/skyline-gs.com\/wp-content\/uploads\/2020\/12\/cropped-logo-2.png","width":512,"height":512,"caption":"\u042d\u043a\u0441\u043a\u0443\u0440\u0441\u0438\u0438 Skyline"},"image":{"@id":"https:\/\/skyline-gs.com\/it\/#\/schema\/logo\/image\/"},"sameAs":["https:\/\/www.instagram.com\/skylineglobalservice\/"]}]}},"_links":{"self":[{"href":"https:\/\/skyline-gs.com\/cs\/wp-json\/wp\/v2\/product\/32693","targetHints":{"allow":["GET"]}}],"collection":[{"href":"https:\/\/skyline-gs.com\/cs\/wp-json\/wp\/v2\/product"}],"about":[{"href":"https:\/\/skyline-gs.com\/cs\/wp-json\/wp\/v2\/types\/product"}],"version-history":[{"count":0,"href":"https:\/\/skyline-gs.com\/cs\/wp-json\/wp\/v2\/product\/32693\/revisions"}],"wp:featuredmedia":[{"embeddable":true,"href":"https:\/\/skyline-gs.com\/cs\/wp-json\/wp\/v2\/media\/29294"}],"wp:attachment":[{"href":"https:\/\/skyline-gs.com\/cs\/wp-json\/wp\/v2\/media?parent=32693"}],"wp:term":[{"taxonomy":"product_brand","embeddable":true,"href":"https:\/\/skyline-gs.com\/cs\/wp-json\/wp\/v2\/product_brand?post=32693"},{"taxonomy":"product_cat","embeddable":true,"href":"https:\/\/skyline-gs.com\/cs\/wp-json\/wp\/v2\/product_cat?post=32693"},{"taxonomy":"product_tag","embeddable":true,"href":"https:\/\/skyline-gs.com\/cs\/wp-json\/wp\/v2\/product_tag?post=32693"}],"curies":[{"name":"wp","href":"https:\/\/api.w.org\/{rel}","templated":true}]}}