{"id":32659,"date":"2021-10-26T20:17:20","date_gmt":"2021-10-26T18:17:20","guid":{"rendered":"http:\/\/skyline-gs.com\/?post_type=product&#038;p=32659"},"modified":"2025-10-29T19:55:55","modified_gmt":"2025-10-29T17:55:55","slug":"potapeni-marsaalam","status":"publish","type":"product","link":"https:\/\/skyline-gs.com\/cs\/product\/diving-marsaalam\/","title":{"rendered":"Pot\u00e1p\u011bn\u00ed v Marsa Alam"},"content":{"rendered":"<p data-start=\"147\" data-end=\"531\">Tato cesta do podmo\u0159sk\u00e9ho sv\u011bta Rud\u00e9ho mo\u0159e je ide\u00e1ln\u00ed pro ty, kte\u0159\u00ed sn\u00ed o kor\u00e1lov\u00fdch zahrad\u00e1ch, pestrobarevn\u00fdch ryb\u00e1ch a pohod\u011b p\u0159i plav\u00e1n\u00ed ve vod\u011b. Exkurze se kon\u00e1 na pohodln\u00e9 jacht\u011b, kde se budete u\u010dit, pot\u00e1p\u011bt a odpo\u010d\u00edvat. I kdy\u017e jste se nikdy p\u0159edt\u00edm nepot\u00e1p\u011bli, zku\u0161en\u00ed instrukto\u0159i v\u00e1m pomohou, abyste to zvl\u00e1dli bezpe\u010dn\u011b a vzru\u0161uj\u00edc\u00edm zp\u016fsobem.<\/p>\n<p data-start=\"147\" data-end=\"531\"><strong>8:00 - Odjezd z hotelov\u00e9 haly, transfer do p\u0159\u00edstavu Ghalib.<\/strong><\/p>\n<ul>\n<li data-start=\"147\" data-end=\"531\"><strong>Pokyny<\/strong> a sezn\u00e1men\u00ed se s vybaven\u00edm na palub\u011b jachty.<\/li>\n<li data-start=\"147\" data-end=\"531\"><strong>Pot\u00e1p\u011bn\u00ed do mo\u0159e<\/strong>: jeden ponor do hloubky 10 metr\u016f v d\u00e9lce 10-15 minut.<\/li>\n<li data-start=\"147\" data-end=\"531\"><strong>\u0160norchlov\u00e1n\u00ed u kor\u00e1lov\u00e9ho \u00fatesu<\/strong>, kde m\u016f\u017eete pozorovat papou\u0161ky, rejnoky a mo\u0159sk\u00e9 \u017eelvy.<\/li>\n<li data-start=\"147\" data-end=\"531\"><strong>Ob\u011bd formou bufetu na jacht\u011b\u00ab<\/strong>: masov\u00e9 pokrmy, p\u0159\u00edlohy a \u010derstv\u00e9 sal\u00e1ty.<\/li>\n<li data-start=\"147\" data-end=\"531\"><strong>Dovolen\u00e1<\/strong> na jacht\u011b.<\/li>\n<\/ul>\n<p><strong>16:00 - N\u00e1vrat do hotelu.<\/strong><\/p>\n<p><strong>Dal\u0161\u00ed informace:<\/strong><\/p>\n<ul>\n<li><strong>Minim\u00e1ln\u00ed v\u011bk pro pot\u00e1p\u011bn\u00ed od 12 let<\/strong>.<\/li>\n<li>M\u016f\u017eete s sebou vz\u00edt n\u011bkoho, kdo se nem\u016f\u017ee nebo nechce pot\u00e1p\u011bt (doprovod m\u016f\u017ee \u0161norchlovat). <strong>Cena za doprovod 45$.<\/strong><\/li>\n<\/ul>\n<p><strong>V\u010detn\u011b:<\/strong><\/p>\n<ul>\n<li>Transfery z hotelu a do hotelu<\/li>\n<li>Pokyny<\/li>\n<li>Pot\u00e1p\u011bn\u00ed (1 ponor)<\/li>\n<li>Ob\u011bd (formou bufetu)<\/li>\n<li>N\u00e1poje<\/li>\n<li>Pot\u00e1p\u011b\u010dsk\u00e9 vybaven\u00ed<\/li>\n<li>Masky, ploutve pro \u0161norchlov\u00e1n\u00ed<\/li>\n<\/ul>\n<p><strong>Vezm\u011bte si ji s sebou:<\/strong><\/p>\n<ul>\n<li>Fotoapar\u00e1t<\/li>\n<li>Slune\u010dn\u00ed br\u00fdle<\/li>\n<li>Plavky, plavky<\/li>\n<li>Opalovac\u00ed kr\u00e9m<\/li>\n<li>Ru\u010dn\u00edk<\/li>\n<\/ul>","protected":false},"excerpt":{"rendered":"<p><strong>Doba prohl\u00eddky:<\/strong> 8:00 \u2014 16:00<\/p>\n<p><strong>Dny zadr\u017een\u00ed: <\/strong>Ka\u017ed\u00fd den.<\/p>","protected":false},"featured_media":65750,"template":"","meta":{"_kad_post_transparent":"default","_kad_post_title":"","_kad_post_layout":"default","_kad_post_sidebar_id":"","_kad_post_content_style":"default","_kad_post_vertical_padding":"default","_kad_post_feature":"","_kad_post_feature_position":"","_kad_post_header":false,"_kad_post_footer":false,"_kad_post_classname":"","_glsr_average":0,"_glsr_ranking":0,"_glsr_reviews":0},"product_brand":[],"product_cat":[452],"product_tag":[],"class_list":{"0":"post-32659","1":"product","2":"type-product","3":"status-publish","4":"has-post-thumbnail","6":"product_cat-marsa-alam","7":"tm-has-options","9":"first","10":"instock","11":"sold-individually","12":"taxable","13":"shipping-taxable","14":"purchasable","15":"product-type-simple","16":"entry","17":"content-bg","18":"loop-entry"},"yoast_head":"<!-- This site is optimized with the Yoast SEO plugin v27.4 - https:\/\/yoast.com\/product\/yoast-seo-wordpress\/ -->\n<title>\u0414\u0430\u0439\u0432\u0438\u043d\u0433 \u0432 \u041c\u0430\u0440\u0441\u0430 \u0410\u043b\u0430\u043c\u0435 &#8226; \u042d\u043a\u0441\u043a\u0443\u0440\u0441\u0438\u0438 Skyline<\/title>\n<meta name=\"robots\" content=\"index, follow, max-snippet:-1, max-image-preview:large, max-video-preview:-1\" \/>\n<link rel=\"canonical\" href=\"https:\/\/skyline-gs.com\/cs\/produkt\/potapeni-marsaalam\/\" \/>\n<meta property=\"og:locale\" content=\"cs_CZ\" \/>\n<meta property=\"og:type\" content=\"article\" \/>\n<meta property=\"og:title\" content=\"\u0414\u0430\u0439\u0432\u0438\u043d\u0433 \u0432 \u041c\u0430\u0440\u0441\u0430 \u0410\u043b\u0430\u043c\u0435 &#8226; \u042d\u043a\u0441\u043a\u0443\u0440\u0441\u0438\u0438 Skyline\" \/>\n<meta property=\"og:description\" content=\"\u0412\u0440\u0435\u043c\u044f \u0442\u0443\u0440\u0430: 8:00 - 16:00  \u0414\u043d\u0438 \u043f\u0440\u043e\u0432\u0435\u0434\u0435\u043d\u0438\u044f: \u041a\u0430\u0436\u0434\u044b\u0439 \u0434\u0435\u043d\u044c\" \/>\n<meta property=\"og:url\" content=\"https:\/\/skyline-gs.com\/cs\/produkt\/potapeni-marsaalam\/\" \/>\n<meta property=\"og:site_name\" content=\"\u042d\u043a\u0441\u043a\u0443\u0440\u0441\u0438\u0438 Skyline\" \/>\n<meta property=\"article:modified_time\" content=\"2025-10-29T17:55:55+00:00\" \/>\n<meta property=\"og:image\" content=\"https:\/\/skyline-gs.com\/wp-content\/uploads\/2021\/10\/DALL\u00b7E-2025-09-07-16.34.55-A-hyper-realistic-underwater-scene-of-scuba-diving-in-Marsa-Alam-Egypt.-The-image-shows-a-diver-in-full-scuba-gear-swimming-near-a-vibrant-coral-reef-e1757254489651.webp\" \/>\n\t<meta property=\"og:image:width\" content=\"700\" \/>\n\t<meta property=\"og:image:height\" content=\"400\" \/>\n\t<meta property=\"og:image:type\" content=\"image\/webp\" \/>\n<meta name=\"twitter:card\" content=\"summary_large_image\" \/>\n<meta name=\"twitter:label1\" content=\"Odhadovan\u00e1 doba \u010dten\u00ed\" \/>\n\t<meta name=\"twitter:data1\" content=\"2 minuty\" \/>\n<script type=\"application\/ld+json\" class=\"yoast-schema-graph\">{\"@context\":\"https:\\\/\\\/schema.org\",\"@graph\":[{\"@type\":\"WebPage\",\"@id\":\"https:\\\/\\\/skyline-gs.com\\\/fr\\\/produit\\\/diving-marsaalam\\\/\",\"url\":\"https:\\\/\\\/skyline-gs.com\\\/fr\\\/produit\\\/diving-marsaalam\\\/\",\"name\":\"\u0414\u0430\u0439\u0432\u0438\u043d\u0433 \u0432 \u041c\u0430\u0440\u0441\u0430 \u0410\u043b\u0430\u043c\u0435 &#8226; \u042d\u043a\u0441\u043a\u0443\u0440\u0441\u0438\u0438 Skyline\",\"isPartOf\":{\"@id\":\"https:\\\/\\\/skyline-gs.com\\\/it\\\/#website\"},\"primaryImageOfPage\":{\"@id\":\"https:\\\/\\\/skyline-gs.com\\\/fr\\\/produit\\\/diving-marsaalam\\\/#primaryimage\"},\"image\":{\"@id\":\"https:\\\/\\\/skyline-gs.com\\\/fr\\\/produit\\\/diving-marsaalam\\\/#primaryimage\"},\"thumbnailUrl\":\"https:\\\/\\\/skyline-gs.com\\\/wp-content\\\/uploads\\\/2021\\\/10\\\/DALL\u00b7E-2025-09-07-16.34.55-A-hyper-realistic-underwater-scene-of-scuba-diving-in-Marsa-Alam-Egypt.-The-image-shows-a-diver-in-full-scuba-gear-swimming-near-a-vibrant-coral-reef-e1757254489651.webp\",\"datePublished\":\"2021-10-26T18:17:20+00:00\",\"dateModified\":\"2025-10-29T17:55:55+00:00\",\"breadcrumb\":{\"@id\":\"https:\\\/\\\/skyline-gs.com\\\/fr\\\/produit\\\/diving-marsaalam\\\/#breadcrumb\"},\"inLanguage\":\"cs\",\"potentialAction\":[{\"@type\":\"ReadAction\",\"target\":[\"https:\\\/\\\/skyline-gs.com\\\/fr\\\/produit\\\/diving-marsaalam\\\/\"]}]},{\"@type\":\"ImageObject\",\"inLanguage\":\"cs\",\"@id\":\"https:\\\/\\\/skyline-gs.com\\\/fr\\\/produit\\\/diving-marsaalam\\\/#primaryimage\",\"url\":\"https:\\\/\\\/skyline-gs.com\\\/wp-content\\\/uploads\\\/2021\\\/10\\\/DALL\u00b7E-2025-09-07-16.34.55-A-hyper-realistic-underwater-scene-of-scuba-diving-in-Marsa-Alam-Egypt.-The-image-shows-a-diver-in-full-scuba-gear-swimming-near-a-vibrant-coral-reef-e1757254489651.webp\",\"contentUrl\":\"https:\\\/\\\/skyline-gs.com\\\/wp-content\\\/uploads\\\/2021\\\/10\\\/DALL\u00b7E-2025-09-07-16.34.55-A-hyper-realistic-underwater-scene-of-scuba-diving-in-Marsa-Alam-Egypt.-The-image-shows-a-diver-in-full-scuba-gear-swimming-near-a-vibrant-coral-reef-e1757254489651.webp\",\"width\":700,\"height\":400},{\"@type\":\"BreadcrumbList\",\"@id\":\"https:\\\/\\\/skyline-gs.com\\\/fr\\\/produit\\\/diving-marsaalam\\\/#breadcrumb\",\"itemListElement\":[{\"@type\":\"ListItem\",\"position\":1,\"name\":\"\u0413\u043b\u0430\u0432\u043d\u0430\u044f \u0441\u0442\u0440\u0430\u043d\u0438\u0446\u0430\",\"item\":\"https:\\\/\\\/skyline-gs.com\\\/hu\\\/\"},{\"@type\":\"ListItem\",\"position\":2,\"name\":\"\u041c\u0430\u0433\u0430\u0437\u0438\u043d\",\"item\":\"https:\\\/\\\/skyline-gs.com\\\/cs\\\/shop\\\/\"},{\"@type\":\"ListItem\",\"position\":3,\"name\":\"\u0414\u0430\u0439\u0432\u0438\u043d\u0433 \u0432 \u041c\u0430\u0440\u0441\u0430 \u0410\u043b\u0430\u043c\u0435\"}]},{\"@type\":\"WebSite\",\"@id\":\"https:\\\/\\\/skyline-gs.com\\\/it\\\/#website\",\"url\":\"https:\\\/\\\/skyline-gs.com\\\/it\\\/\",\"name\":\"\u042d\u043a\u0441\u043a\u0443\u0440\u0441\u0438\u0438 Skyline\",\"description\":\"\u042d\u043a\u0441\u043a\u043b\u044e\u0437\u0438\u0432\u043d\u044b\u0435 \u044d\u043a\u0441\u043a\u0443\u0440\u0441\u0438\u0438 \u043d\u0430 \u043b\u0443\u0447\u0448\u0438\u0445 \u043a\u0443\u0440\u043e\u0440\u0442\u0430\u0445 \u043c\u0438\u0440\u0430\",\"publisher\":{\"@id\":\"https:\\\/\\\/skyline-gs.com\\\/it\\\/#organization\"},\"alternateName\":\"Skyline\",\"potentialAction\":[{\"@type\":\"SearchAction\",\"target\":{\"@type\":\"EntryPoint\",\"urlTemplate\":\"https:\\\/\\\/skyline-gs.com\\\/it\\\/?s={search_term_string}\"},\"query-input\":{\"@type\":\"PropertyValueSpecification\",\"valueRequired\":true,\"valueName\":\"search_term_string\"}}],\"inLanguage\":\"cs\"},{\"@type\":\"Organization\",\"@id\":\"https:\\\/\\\/skyline-gs.com\\\/it\\\/#organization\",\"name\":\"\u042d\u043a\u0441\u043a\u0443\u0440\u0441\u0438\u0438 Skyline\",\"alternateName\":\"\u042d\u043a\u0441\u043a\u0443\u0440\u0441\u0438\u0438 Skyline\",\"url\":\"https:\\\/\\\/skyline-gs.com\\\/it\\\/\",\"logo\":{\"@type\":\"ImageObject\",\"inLanguage\":\"cs\",\"@id\":\"https:\\\/\\\/skyline-gs.com\\\/it\\\/#\\\/schema\\\/logo\\\/image\\\/\",\"url\":\"https:\\\/\\\/skyline-gs.com\\\/wp-content\\\/uploads\\\/2020\\\/12\\\/cropped-logo-2.png\",\"contentUrl\":\"https:\\\/\\\/skyline-gs.com\\\/wp-content\\\/uploads\\\/2020\\\/12\\\/cropped-logo-2.png\",\"width\":512,\"height\":512,\"caption\":\"\u042d\u043a\u0441\u043a\u0443\u0440\u0441\u0438\u0438 Skyline\"},\"image\":{\"@id\":\"https:\\\/\\\/skyline-gs.com\\\/it\\\/#\\\/schema\\\/logo\\\/image\\\/\"},\"sameAs\":[\"https:\\\/\\\/www.instagram.com\\\/skylineglobalservice\\\/\"]}]}<\/script>\n<!-- \/ Yoast SEO plugin. -->","yoast_head_json":{"title":"Pot\u00e1p\u011bn\u00ed v Marsa Alam - Skyline Excursions","robots":{"index":"index","follow":"follow","max-snippet":"max-snippet:-1","max-image-preview":"max-image-preview:large","max-video-preview":"max-video-preview:-1"},"canonical":"https:\/\/skyline-gs.com\/cs\/produkt\/potapeni-marsaalam\/","og_locale":"cs_CZ","og_type":"article","og_title":"\u0414\u0430\u0439\u0432\u0438\u043d\u0433 \u0432 \u041c\u0430\u0440\u0441\u0430 \u0410\u043b\u0430\u043c\u0435 &#8226; \u042d\u043a\u0441\u043a\u0443\u0440\u0441\u0438\u0438 Skyline","og_description":"\u0412\u0440\u0435\u043c\u044f \u0442\u0443\u0440\u0430: 8:00 - 16:00  \u0414\u043d\u0438 \u043f\u0440\u043e\u0432\u0435\u0434\u0435\u043d\u0438\u044f: \u041a\u0430\u0436\u0434\u044b\u0439 \u0434\u0435\u043d\u044c","og_url":"https:\/\/skyline-gs.com\/cs\/produkt\/potapeni-marsaalam\/","og_site_name":"\u042d\u043a\u0441\u043a\u0443\u0440\u0441\u0438\u0438 Skyline","article_modified_time":"2025-10-29T17:55:55+00:00","og_image":[{"width":700,"height":400,"url":"https:\/\/skyline-gs.com\/wp-content\/uploads\/2021\/10\/DALL\u00b7E-2025-09-07-16.34.55-A-hyper-realistic-underwater-scene-of-scuba-diving-in-Marsa-Alam-Egypt.-The-image-shows-a-diver-in-full-scuba-gear-swimming-near-a-vibrant-coral-reef-e1757254489651.webp","type":"image\/webp"}],"twitter_card":"summary_large_image","twitter_misc":{"Odhadovan\u00e1 doba \u010dten\u00ed":"2 minuty"},"schema":{"@context":"https:\/\/schema.org","@graph":[{"@type":"WebPage","@id":"https:\/\/skyline-gs.com\/fr\/produit\/diving-marsaalam\/","url":"https:\/\/skyline-gs.com\/fr\/produit\/diving-marsaalam\/","name":"Pot\u00e1p\u011bn\u00ed v Marsa Alam - Skyline Excursions","isPartOf":{"@id":"https:\/\/skyline-gs.com\/it\/#website"},"primaryImageOfPage":{"@id":"https:\/\/skyline-gs.com\/fr\/produit\/diving-marsaalam\/#primaryimage"},"image":{"@id":"https:\/\/skyline-gs.com\/fr\/produit\/diving-marsaalam\/#primaryimage"},"thumbnailUrl":"https:\/\/skyline-gs.com\/wp-content\/uploads\/2021\/10\/DALL\u00b7E-2025-09-07-16.34.55-A-hyper-realistic-underwater-scene-of-scuba-diving-in-Marsa-Alam-Egypt.-The-image-shows-a-diver-in-full-scuba-gear-swimming-near-a-vibrant-coral-reef-e1757254489651.webp","datePublished":"2021-10-26T18:17:20+00:00","dateModified":"2025-10-29T17:55:55+00:00","breadcrumb":{"@id":"https:\/\/skyline-gs.com\/fr\/produit\/diving-marsaalam\/#breadcrumb"},"inLanguage":"cs","potentialAction":[{"@type":"ReadAction","target":["https:\/\/skyline-gs.com\/fr\/produit\/diving-marsaalam\/"]}]},{"@type":"ImageObject","inLanguage":"cs","@id":"https:\/\/skyline-gs.com\/fr\/produit\/diving-marsaalam\/#primaryimage","url":"https:\/\/skyline-gs.com\/wp-content\/uploads\/2021\/10\/DALL\u00b7E-2025-09-07-16.34.55-A-hyper-realistic-underwater-scene-of-scuba-diving-in-Marsa-Alam-Egypt.-The-image-shows-a-diver-in-full-scuba-gear-swimming-near-a-vibrant-coral-reef-e1757254489651.webp","contentUrl":"https:\/\/skyline-gs.com\/wp-content\/uploads\/2021\/10\/DALL\u00b7E-2025-09-07-16.34.55-A-hyper-realistic-underwater-scene-of-scuba-diving-in-Marsa-Alam-Egypt.-The-image-shows-a-diver-in-full-scuba-gear-swimming-near-a-vibrant-coral-reef-e1757254489651.webp","width":700,"height":400},{"@type":"BreadcrumbList","@id":"https:\/\/skyline-gs.com\/fr\/produit\/diving-marsaalam\/#breadcrumb","itemListElement":[{"@type":"ListItem","position":1,"name":"\u0413\u043b\u0430\u0432\u043d\u0430\u044f \u0441\u0442\u0440\u0430\u043d\u0438\u0446\u0430","item":"https:\/\/skyline-gs.com\/hu\/"},{"@type":"ListItem","position":2,"name":"\u041c\u0430\u0433\u0430\u0437\u0438\u043d","item":"https:\/\/skyline-gs.com\/cs\/shop\/"},{"@type":"ListItem","position":3,"name":"\u0414\u0430\u0439\u0432\u0438\u043d\u0433 \u0432 \u041c\u0430\u0440\u0441\u0430 \u0410\u043b\u0430\u043c\u0435"}]},{"@type":"WebSite","@id":"https:\/\/skyline-gs.com\/it\/#website","url":"https:\/\/skyline-gs.com\/it\/","name":"Skyline V\u00fdlety","description":"Exkluzivn\u00ed v\u00fdlety do nejlep\u0161\u00edch sv\u011btov\u00fdch letovisek","publisher":{"@id":"https:\/\/skyline-gs.com\/it\/#organization"},"alternateName":"Skyline","potentialAction":[{"@type":"SearchAction","target":{"@type":"EntryPoint","urlTemplate":"https:\/\/skyline-gs.com\/it\/?s={search_term_string}"},"query-input":{"@type":"PropertyValueSpecification","valueRequired":true,"valueName":"search_term_string"}}],"inLanguage":"cs"},{"@type":"Organization","@id":"https:\/\/skyline-gs.com\/it\/#organization","name":"Skyline V\u00fdlety","alternateName":"\u042d\u043a\u0441\u043a\u0443\u0440\u0441\u0438\u0438 Skyline","url":"https:\/\/skyline-gs.com\/it\/","logo":{"@type":"ImageObject","inLanguage":"cs","@id":"https:\/\/skyline-gs.com\/it\/#\/schema\/logo\/image\/","url":"https:\/\/skyline-gs.com\/wp-content\/uploads\/2020\/12\/cropped-logo-2.png","contentUrl":"https:\/\/skyline-gs.com\/wp-content\/uploads\/2020\/12\/cropped-logo-2.png","width":512,"height":512,"caption":"\u042d\u043a\u0441\u043a\u0443\u0440\u0441\u0438\u0438 Skyline"},"image":{"@id":"https:\/\/skyline-gs.com\/it\/#\/schema\/logo\/image\/"},"sameAs":["https:\/\/www.instagram.com\/skylineglobalservice\/"]}]}},"_links":{"self":[{"href":"https:\/\/skyline-gs.com\/cs\/wp-json\/wp\/v2\/product\/32659","targetHints":{"allow":["GET"]}}],"collection":[{"href":"https:\/\/skyline-gs.com\/cs\/wp-json\/wp\/v2\/product"}],"about":[{"href":"https:\/\/skyline-gs.com\/cs\/wp-json\/wp\/v2\/types\/product"}],"version-history":[{"count":0,"href":"https:\/\/skyline-gs.com\/cs\/wp-json\/wp\/v2\/product\/32659\/revisions"}],"wp:featuredmedia":[{"embeddable":true,"href":"https:\/\/skyline-gs.com\/cs\/wp-json\/wp\/v2\/media\/65750"}],"wp:attachment":[{"href":"https:\/\/skyline-gs.com\/cs\/wp-json\/wp\/v2\/media?parent=32659"}],"wp:term":[{"taxonomy":"product_brand","embeddable":true,"href":"https:\/\/skyline-gs.com\/cs\/wp-json\/wp\/v2\/product_brand?post=32659"},{"taxonomy":"product_cat","embeddable":true,"href":"https:\/\/skyline-gs.com\/cs\/wp-json\/wp\/v2\/product_cat?post=32659"},{"taxonomy":"product_tag","embeddable":true,"href":"https:\/\/skyline-gs.com\/cs\/wp-json\/wp\/v2\/product_tag?post=32659"}],"curies":[{"name":"wp","href":"https:\/\/api.w.org\/{rel}","templated":true}]}}