{"id":31521,"date":"2021-09-17T23:37:36","date_gmt":"2021-09-17T21:37:36","guid":{"rendered":"http:\/\/skyline-gs.com\/?post_type=product&#038;p=31521"},"modified":"2023-08-25T17:13:20","modified_gmt":"2023-08-25T15:13:20","slug":"3denni-vylet-do-bile-pouste-a-jeskyne-djara-kahira","status":"publish","type":"product","link":"https:\/\/skyline-gs.com\/cs\/product\/3-day-trip-to-the-white-desert-and-djara-cave-cairo\/","title":{"rendered":"Expedice do B\u00edl\u00e9 pou\u0161t\u011b a jeskyn\u011b Jara 3 dny"},"content":{"rendered":"<p><strong>Den 1<\/strong><\/p>\n<p>7:00 odjezd z hotelu do o\u00e1zy Bahariya. Cesta trv\u00e1 p\u0159ibli\u017en\u011b 5 hodin. Ano - skute\u010dn\u00e1 o\u00e1za v pou\u0161ti! Po p\u0159\u00edjezdu do o\u00e1zy Bahariya si d\u00e1me ob\u011bd a pot\u00e9 se vyd\u00e1me d\u017e\u00edpem do \u010cern\u00e9 pou\u0161t\u011b. Jedn\u00e1 se o oblast jihoz\u00e1padn\u011b od K\u00e1hiry posetou \u010dern\u00fdmi kopci. Maj\u00ed r\u016fzn\u00fd tvar, mohou b\u00fdt vysok\u00e9 a\u017e sto metr\u016f a jsou pokryty vrstvou \u010dern\u00e9ho \u010dedi\u010de - odtud n\u00e1zev oblasti. Nav\u0161tivte horu Al-Marsus a pot\u00e9 se p\u0159esu\u0148te do bedu\u00ednsk\u00e9 vesnice na ob\u011bd. N\u00e1\u0161 v\u00fdlet pokra\u010duje p\u0159ejezdem do K\u0159i\u0161\u0165\u00e1lov\u00fdch hor a n\u00e1v\u0161t\u011bvou K\u0159i\u0161\u0165\u00e1lov\u00e9 jeskyn\u011b. Prohl\u00e9dn\u011bte si D\u011brovanou horu. P\u0159esun k p\u00edse\u010dn\u00fdm dun\u00e1m, kde bude k dispozici sandboarding. P\u0159enocov\u00e1n\u00ed v pou\u0161ti.<\/p>\n<p><strong>Den 2<\/strong><\/p>\n<p>N\u00e1\u0161 den za\u010dne kr\u00e1tk\u00fdm v\u00fdstupem na horu, kde si vyfot\u00edme v\u00fdchod slunce s n\u00e1dhern\u00fdm v\u00fdhledem, posn\u00edd\u00e1me a pak se p\u0159esuneme na Cave Road. Nav\u0161t\u00edv\u00edme jeskyni Jara. Ob\u011bd. pot\u00e9 p\u0159ejezd k Cyp\u0159i\u0161ov\u00e9mu oku, Kouzeln\u00e9mu oku. P\u0159ejezd Velk\u00fdm \u00fadol\u00edm. Pot\u00e9 p\u0159ejezd do B\u00edl\u00e9 pou\u0161t\u011b a n\u00e1v\u0161t\u011bva ku\u0159ec\u00edch hub. V B\u00edl\u00e9 pou\u0161ti kempov\u00e1n\u00ed, ve\u010de\u0159e a ve\u010der u t\u00e1bor\u00e1ku ve spole\u010dnosti bedu\u00edn\u016f, kte\u0159\u00ed budou vypr\u00e1v\u011bt p\u0159\u00edb\u011bhy ze sv\u00e9ho b\u011b\u017en\u00e9ho \u017eivota a pod\u00e1vat zeb\u0159\u00ed \u010daj.<\/p>\n<p><strong>Den 3<\/strong><\/p>\n<p>Vyfo\u0165te nezapomenuteln\u00fd v\u00fdchod slunce v B\u00edl\u00e9 pou\u0161ti. Sn\u00eddan\u011b. Pot\u00e9 v\u00e1s sezn\u00e1m\u00edme se starobylou pou\u0161t\u00ed. Nav\u0161t\u00edv\u00edme o\u00e1zy a p\u0159\u00edrodn\u00ed hork\u00fd pramen. Pot\u00e9 n\u00e1s \u010dek\u00e1 proslul\u00e9 V\u011bdro, Anglick\u00e1 hora a trh v o\u00e1ze, kde si m\u016f\u017eete koupit datle a olivov\u00fd olej. N\u00e1vrat zp\u011bt do K\u00e1hiry. Kolem 15:00 ji\u017e budete ve sv\u00e9m hotelu.<\/p>\n<p><strong>V\u010detn\u011b:<\/strong><\/p>\n<ul>\n<li>Transfery z hotelu a do hotelu<\/li>\n<li>anglicky mluv\u00edc\u00ed egyptologick\u00fd pr\u016fvodce<\/li>\n<li>2 noci v pestr\u00fdch pou\u0161tn\u00edch kempech<\/li>\n<li>Vstupn\u00e9 do v\u0161ech uveden\u00fdch atrakc\u00ed<\/li>\n<li>Stravov\u00e1n\u00ed: 1. den - ob\u011bd, ve\u010de\u0159e; 2. den - sn\u00eddan\u011b, ob\u011bd, ve\u010de\u0159e; 3. den - sn\u00eddan\u011b<\/li>\n<li>Voda<\/li>\n<\/ul>\n<p><strong>Nen\u00ed sou\u010d\u00e1st\u00ed dod\u00e1vky:<\/strong><\/p>\n<ul>\n<li>Osobn\u00ed v\u00fddaje<\/li>\n<\/ul>\n<p><strong>Vezm\u011bte si ji s sebou:<\/strong><\/p>\n<ul>\n<li>Foto-video kamera<\/li>\n<li>Pokr\u00fdvka hlavy<\/li>\n<li>Pen\u00edze na osobn\u00ed v\u00fddaje a suven\u00fdry<\/li>\n<li>Pohodln\u00e1 obuv<\/li>\n<li>Tepl\u00e9 oble\u010den\u00ed (v noci m\u016f\u017ee b\u00fdt v pou\u0161ti chladno).<\/li>\n<\/ul>","protected":false},"excerpt":{"rendered":"<p><strong>Doba trv\u00e1n\u00ed: <\/strong>3 dny<\/p>\n<p><strong>Dny zadr\u017een\u00ed:<\/strong> ka\u017ed\u00fd den krom\u011b ned\u011ble<\/p>","protected":false},"featured_media":31545,"template":"","meta":{"_kad_post_transparent":"default","_kad_post_title":"","_kad_post_layout":"default","_kad_post_sidebar_id":"","_kad_post_content_style":"default","_kad_post_vertical_padding":"default","_kad_post_feature":"","_kad_post_feature_position":"","_kad_post_header":false,"_kad_post_footer":false,"_kad_post_classname":"","_glsr_average":0,"_glsr_ranking":0,"_glsr_reviews":0},"product_brand":[],"product_cat":[295],"product_tag":[],"class_list":{"0":"post-31521","1":"product","2":"type-product","3":"status-publish","4":"has-post-thumbnail","6":"product_cat-uncategorized","7":"tm-has-options","9":"first","10":"instock","11":"sold-individually","12":"taxable","13":"shipping-taxable","14":"purchasable","15":"product-type-simple","16":"entry","17":"content-bg","18":"loop-entry"},"yoast_head":"<!-- This site is optimized with the Yoast SEO plugin v27.4 - https:\/\/yoast.com\/product\/yoast-seo-wordpress\/ -->\n<title>\u042d\u043a\u0441\u043f\u0435\u0434\u0438\u0446\u0438\u044f \u0432 \u0411\u0435\u043b\u0443\u044e \u043f\u0443\u0441\u0442\u044b\u043d\u044e \u0438 \u043f\u0435\u0449\u0435\u0440\u0430 \u0414\u0436\u0430\u0440\u0430 3 \u0434\u043d\u044f &#8226; \u042d\u043a\u0441\u043a\u0443\u0440\u0441\u0438\u0438 Skyline<\/title>\n<meta name=\"robots\" content=\"index, follow, max-snippet:-1, max-image-preview:large, max-video-preview:-1\" \/>\n<link rel=\"canonical\" href=\"https:\/\/skyline-gs.com\/cs\/produkt\/3denni-vylet-do-bile-pouste-a-jeskyne-djara-kahira\/\" \/>\n<meta property=\"og:locale\" content=\"cs_CZ\" \/>\n<meta property=\"og:type\" content=\"article\" \/>\n<meta property=\"og:title\" content=\"\u042d\u043a\u0441\u043f\u0435\u0434\u0438\u0446\u0438\u044f \u0432 \u0411\u0435\u043b\u0443\u044e \u043f\u0443\u0441\u0442\u044b\u043d\u044e \u0438 \u043f\u0435\u0449\u0435\u0440\u0430 \u0414\u0436\u0430\u0440\u0430 3 \u0434\u043d\u044f &#8226; \u042d\u043a\u0441\u043a\u0443\u0440\u0441\u0438\u0438 Skyline\" \/>\n<meta property=\"og:description\" content=\"\u0414\u043b\u0438\u0442\u0435\u043b\u044c\u043d\u043e\u0441\u0442\u044c: 3 \u0434\u043d\u044f  \u0414\u043d\u0438 \u043f\u0440\u043e\u0432\u0435\u0434\u0435\u043d\u0438\u044f: \u0435\u0436\u0435\u0434\u043d\u0435\u0432\u043d\u043e, \u043a\u0440\u043e\u043c\u0435 \u0432\u043e\u0441\u043a\u0440\u0435\u0441\u0435\u043d\u0438\u044f\" \/>\n<meta property=\"og:url\" content=\"https:\/\/skyline-gs.com\/cs\/produkt\/3denni-vylet-do-bile-pouste-a-jeskyne-djara-kahira\/\" \/>\n<meta property=\"og:site_name\" content=\"\u042d\u043a\u0441\u043a\u0443\u0440\u0441\u0438\u0438 Skyline\" \/>\n<meta property=\"article:modified_time\" content=\"2023-08-25T15:13:20+00:00\" \/>\n<meta property=\"og:image\" content=\"https:\/\/skyline-gs.com\/wp-content\/uploads\/2021\/09\/Belaya-i-chernaya-pustyni-11-of-14.jpg\" \/>\n\t<meta property=\"og:image:width\" content=\"900\" \/>\n\t<meta property=\"og:image:height\" content=\"600\" \/>\n\t<meta property=\"og:image:type\" content=\"image\/jpeg\" \/>\n<meta name=\"twitter:card\" content=\"summary_large_image\" \/>\n<meta name=\"twitter:label1\" content=\"Odhadovan\u00e1 doba \u010dten\u00ed\" \/>\n\t<meta name=\"twitter:data1\" content=\"2 minuty\" \/>\n<script type=\"application\/ld+json\" class=\"yoast-schema-graph\">{\"@context\":\"https:\\\/\\\/schema.org\",\"@graph\":[{\"@type\":\"WebPage\",\"@id\":\"https:\\\/\\\/skyline-gs.com\\\/de\\\/produkt\\\/3-day-trip-to-the-white-desert-and-djara-cave-cairo\\\/\",\"url\":\"https:\\\/\\\/skyline-gs.com\\\/de\\\/produkt\\\/3-day-trip-to-the-white-desert-and-djara-cave-cairo\\\/\",\"name\":\"\u042d\u043a\u0441\u043f\u0435\u0434\u0438\u0446\u0438\u044f \u0432 \u0411\u0435\u043b\u0443\u044e \u043f\u0443\u0441\u0442\u044b\u043d\u044e \u0438 \u043f\u0435\u0449\u0435\u0440\u0430 \u0414\u0436\u0430\u0440\u0430 3 \u0434\u043d\u044f &#8226; \u042d\u043a\u0441\u043a\u0443\u0440\u0441\u0438\u0438 Skyline\",\"isPartOf\":{\"@id\":\"https:\\\/\\\/skyline-gs.com\\\/it\\\/#website\"},\"primaryImageOfPage\":{\"@id\":\"https:\\\/\\\/skyline-gs.com\\\/de\\\/produkt\\\/3-day-trip-to-the-white-desert-and-djara-cave-cairo\\\/#primaryimage\"},\"image\":{\"@id\":\"https:\\\/\\\/skyline-gs.com\\\/de\\\/produkt\\\/3-day-trip-to-the-white-desert-and-djara-cave-cairo\\\/#primaryimage\"},\"thumbnailUrl\":\"https:\\\/\\\/skyline-gs.com\\\/wp-content\\\/uploads\\\/2021\\\/09\\\/Belaya-i-chernaya-pustyni-11-of-14.jpg\",\"datePublished\":\"2021-09-17T21:37:36+00:00\",\"dateModified\":\"2023-08-25T15:13:20+00:00\",\"breadcrumb\":{\"@id\":\"https:\\\/\\\/skyline-gs.com\\\/de\\\/produkt\\\/3-day-trip-to-the-white-desert-and-djara-cave-cairo\\\/#breadcrumb\"},\"inLanguage\":\"cs\",\"potentialAction\":[{\"@type\":\"ReadAction\",\"target\":[\"https:\\\/\\\/skyline-gs.com\\\/de\\\/produkt\\\/3-day-trip-to-the-white-desert-and-djara-cave-cairo\\\/\"]}]},{\"@type\":\"ImageObject\",\"inLanguage\":\"cs\",\"@id\":\"https:\\\/\\\/skyline-gs.com\\\/de\\\/produkt\\\/3-day-trip-to-the-white-desert-and-djara-cave-cairo\\\/#primaryimage\",\"url\":\"https:\\\/\\\/skyline-gs.com\\\/wp-content\\\/uploads\\\/2021\\\/09\\\/Belaya-i-chernaya-pustyni-11-of-14.jpg\",\"contentUrl\":\"https:\\\/\\\/skyline-gs.com\\\/wp-content\\\/uploads\\\/2021\\\/09\\\/Belaya-i-chernaya-pustyni-11-of-14.jpg\",\"width\":900,\"height\":600},{\"@type\":\"BreadcrumbList\",\"@id\":\"https:\\\/\\\/skyline-gs.com\\\/de\\\/produkt\\\/3-day-trip-to-the-white-desert-and-djara-cave-cairo\\\/#breadcrumb\",\"itemListElement\":[{\"@type\":\"ListItem\",\"position\":1,\"name\":\"\u0413\u043b\u0430\u0432\u043d\u0430\u044f \u0441\u0442\u0440\u0430\u043d\u0438\u0446\u0430\",\"item\":\"https:\\\/\\\/skyline-gs.com\\\/hu\\\/\"},{\"@type\":\"ListItem\",\"position\":2,\"name\":\"\u041c\u0430\u0433\u0430\u0437\u0438\u043d\",\"item\":\"https:\\\/\\\/skyline-gs.com\\\/cs\\\/shop\\\/\"},{\"@type\":\"ListItem\",\"position\":3,\"name\":\"\u042d\u043a\u0441\u043f\u0435\u0434\u0438\u0446\u0438\u044f \u0432 \u0411\u0435\u043b\u0443\u044e \u043f\u0443\u0441\u0442\u044b\u043d\u044e \u0438 \u043f\u0435\u0449\u0435\u0440\u0430 \u0414\u0436\u0430\u0440\u0430 3 \u0434\u043d\u044f\"}]},{\"@type\":\"WebSite\",\"@id\":\"https:\\\/\\\/skyline-gs.com\\\/it\\\/#website\",\"url\":\"https:\\\/\\\/skyline-gs.com\\\/it\\\/\",\"name\":\"\u042d\u043a\u0441\u043a\u0443\u0440\u0441\u0438\u0438 Skyline\",\"description\":\"\u042d\u043a\u0441\u043a\u043b\u044e\u0437\u0438\u0432\u043d\u044b\u0435 \u044d\u043a\u0441\u043a\u0443\u0440\u0441\u0438\u0438 \u043d\u0430 \u043b\u0443\u0447\u0448\u0438\u0445 \u043a\u0443\u0440\u043e\u0440\u0442\u0430\u0445 \u043c\u0438\u0440\u0430\",\"publisher\":{\"@id\":\"https:\\\/\\\/skyline-gs.com\\\/it\\\/#organization\"},\"alternateName\":\"Skyline\",\"potentialAction\":[{\"@type\":\"SearchAction\",\"target\":{\"@type\":\"EntryPoint\",\"urlTemplate\":\"https:\\\/\\\/skyline-gs.com\\\/it\\\/?s={search_term_string}\"},\"query-input\":{\"@type\":\"PropertyValueSpecification\",\"valueRequired\":true,\"valueName\":\"search_term_string\"}}],\"inLanguage\":\"cs\"},{\"@type\":\"Organization\",\"@id\":\"https:\\\/\\\/skyline-gs.com\\\/it\\\/#organization\",\"name\":\"\u042d\u043a\u0441\u043a\u0443\u0440\u0441\u0438\u0438 Skyline\",\"alternateName\":\"\u042d\u043a\u0441\u043a\u0443\u0440\u0441\u0438\u0438 Skyline\",\"url\":\"https:\\\/\\\/skyline-gs.com\\\/it\\\/\",\"logo\":{\"@type\":\"ImageObject\",\"inLanguage\":\"cs\",\"@id\":\"https:\\\/\\\/skyline-gs.com\\\/it\\\/#\\\/schema\\\/logo\\\/image\\\/\",\"url\":\"https:\\\/\\\/skyline-gs.com\\\/wp-content\\\/uploads\\\/2020\\\/12\\\/cropped-logo-2.png\",\"contentUrl\":\"https:\\\/\\\/skyline-gs.com\\\/wp-content\\\/uploads\\\/2020\\\/12\\\/cropped-logo-2.png\",\"width\":512,\"height\":512,\"caption\":\"\u042d\u043a\u0441\u043a\u0443\u0440\u0441\u0438\u0438 Skyline\"},\"image\":{\"@id\":\"https:\\\/\\\/skyline-gs.com\\\/it\\\/#\\\/schema\\\/logo\\\/image\\\/\"},\"sameAs\":[\"https:\\\/\\\/www.instagram.com\\\/skylineglobalservice\\\/\"]}]}<\/script>\n<!-- \/ Yoast SEO plugin. -->","yoast_head_json":{"title":"Expedice B\u00edl\u00e1 pou\u0161\u0165 a jeskyn\u011b Jara 3 dny - Skyline Excursions","robots":{"index":"index","follow":"follow","max-snippet":"max-snippet:-1","max-image-preview":"max-image-preview:large","max-video-preview":"max-video-preview:-1"},"canonical":"https:\/\/skyline-gs.com\/cs\/produkt\/3denni-vylet-do-bile-pouste-a-jeskyne-djara-kahira\/","og_locale":"cs_CZ","og_type":"article","og_title":"\u042d\u043a\u0441\u043f\u0435\u0434\u0438\u0446\u0438\u044f \u0432 \u0411\u0435\u043b\u0443\u044e \u043f\u0443\u0441\u0442\u044b\u043d\u044e \u0438 \u043f\u0435\u0449\u0435\u0440\u0430 \u0414\u0436\u0430\u0440\u0430 3 \u0434\u043d\u044f &#8226; \u042d\u043a\u0441\u043a\u0443\u0440\u0441\u0438\u0438 Skyline","og_description":"\u0414\u043b\u0438\u0442\u0435\u043b\u044c\u043d\u043e\u0441\u0442\u044c: 3 \u0434\u043d\u044f  \u0414\u043d\u0438 \u043f\u0440\u043e\u0432\u0435\u0434\u0435\u043d\u0438\u044f: \u0435\u0436\u0435\u0434\u043d\u0435\u0432\u043d\u043e, \u043a\u0440\u043e\u043c\u0435 \u0432\u043e\u0441\u043a\u0440\u0435\u0441\u0435\u043d\u0438\u044f","og_url":"https:\/\/skyline-gs.com\/cs\/produkt\/3denni-vylet-do-bile-pouste-a-jeskyne-djara-kahira\/","og_site_name":"\u042d\u043a\u0441\u043a\u0443\u0440\u0441\u0438\u0438 Skyline","article_modified_time":"2023-08-25T15:13:20+00:00","og_image":[{"width":900,"height":600,"url":"https:\/\/skyline-gs.com\/wp-content\/uploads\/2021\/09\/Belaya-i-chernaya-pustyni-11-of-14.jpg","type":"image\/jpeg"}],"twitter_card":"summary_large_image","twitter_misc":{"Odhadovan\u00e1 doba \u010dten\u00ed":"2 minuty"},"schema":{"@context":"https:\/\/schema.org","@graph":[{"@type":"WebPage","@id":"https:\/\/skyline-gs.com\/de\/produkt\/3-day-trip-to-the-white-desert-and-djara-cave-cairo\/","url":"https:\/\/skyline-gs.com\/de\/produkt\/3-day-trip-to-the-white-desert-and-djara-cave-cairo\/","name":"Expedice B\u00edl\u00e1 pou\u0161\u0165 a jeskyn\u011b Jara 3 dny - Skyline Excursions","isPartOf":{"@id":"https:\/\/skyline-gs.com\/it\/#website"},"primaryImageOfPage":{"@id":"https:\/\/skyline-gs.com\/de\/produkt\/3-day-trip-to-the-white-desert-and-djara-cave-cairo\/#primaryimage"},"image":{"@id":"https:\/\/skyline-gs.com\/de\/produkt\/3-day-trip-to-the-white-desert-and-djara-cave-cairo\/#primaryimage"},"thumbnailUrl":"https:\/\/skyline-gs.com\/wp-content\/uploads\/2021\/09\/Belaya-i-chernaya-pustyni-11-of-14.jpg","datePublished":"2021-09-17T21:37:36+00:00","dateModified":"2023-08-25T15:13:20+00:00","breadcrumb":{"@id":"https:\/\/skyline-gs.com\/de\/produkt\/3-day-trip-to-the-white-desert-and-djara-cave-cairo\/#breadcrumb"},"inLanguage":"cs","potentialAction":[{"@type":"ReadAction","target":["https:\/\/skyline-gs.com\/de\/produkt\/3-day-trip-to-the-white-desert-and-djara-cave-cairo\/"]}]},{"@type":"ImageObject","inLanguage":"cs","@id":"https:\/\/skyline-gs.com\/de\/produkt\/3-day-trip-to-the-white-desert-and-djara-cave-cairo\/#primaryimage","url":"https:\/\/skyline-gs.com\/wp-content\/uploads\/2021\/09\/Belaya-i-chernaya-pustyni-11-of-14.jpg","contentUrl":"https:\/\/skyline-gs.com\/wp-content\/uploads\/2021\/09\/Belaya-i-chernaya-pustyni-11-of-14.jpg","width":900,"height":600},{"@type":"BreadcrumbList","@id":"https:\/\/skyline-gs.com\/de\/produkt\/3-day-trip-to-the-white-desert-and-djara-cave-cairo\/#breadcrumb","itemListElement":[{"@type":"ListItem","position":1,"name":"\u0413\u043b\u0430\u0432\u043d\u0430\u044f \u0441\u0442\u0440\u0430\u043d\u0438\u0446\u0430","item":"https:\/\/skyline-gs.com\/hu\/"},{"@type":"ListItem","position":2,"name":"\u041c\u0430\u0433\u0430\u0437\u0438\u043d","item":"https:\/\/skyline-gs.com\/cs\/shop\/"},{"@type":"ListItem","position":3,"name":"\u042d\u043a\u0441\u043f\u0435\u0434\u0438\u0446\u0438\u044f \u0432 \u0411\u0435\u043b\u0443\u044e \u043f\u0443\u0441\u0442\u044b\u043d\u044e \u0438 \u043f\u0435\u0449\u0435\u0440\u0430 \u0414\u0436\u0430\u0440\u0430 3 \u0434\u043d\u044f"}]},{"@type":"WebSite","@id":"https:\/\/skyline-gs.com\/it\/#website","url":"https:\/\/skyline-gs.com\/it\/","name":"Skyline V\u00fdlety","description":"Exkluzivn\u00ed v\u00fdlety do nejlep\u0161\u00edch sv\u011btov\u00fdch letovisek","publisher":{"@id":"https:\/\/skyline-gs.com\/it\/#organization"},"alternateName":"Skyline","potentialAction":[{"@type":"SearchAction","target":{"@type":"EntryPoint","urlTemplate":"https:\/\/skyline-gs.com\/it\/?s={search_term_string}"},"query-input":{"@type":"PropertyValueSpecification","valueRequired":true,"valueName":"search_term_string"}}],"inLanguage":"cs"},{"@type":"Organization","@id":"https:\/\/skyline-gs.com\/it\/#organization","name":"Skyline V\u00fdlety","alternateName":"\u042d\u043a\u0441\u043a\u0443\u0440\u0441\u0438\u0438 Skyline","url":"https:\/\/skyline-gs.com\/it\/","logo":{"@type":"ImageObject","inLanguage":"cs","@id":"https:\/\/skyline-gs.com\/it\/#\/schema\/logo\/image\/","url":"https:\/\/skyline-gs.com\/wp-content\/uploads\/2020\/12\/cropped-logo-2.png","contentUrl":"https:\/\/skyline-gs.com\/wp-content\/uploads\/2020\/12\/cropped-logo-2.png","width":512,"height":512,"caption":"\u042d\u043a\u0441\u043a\u0443\u0440\u0441\u0438\u0438 Skyline"},"image":{"@id":"https:\/\/skyline-gs.com\/it\/#\/schema\/logo\/image\/"},"sameAs":["https:\/\/www.instagram.com\/skylineglobalservice\/"]}]}},"_links":{"self":[{"href":"https:\/\/skyline-gs.com\/cs\/wp-json\/wp\/v2\/product\/31521","targetHints":{"allow":["GET"]}}],"collection":[{"href":"https:\/\/skyline-gs.com\/cs\/wp-json\/wp\/v2\/product"}],"about":[{"href":"https:\/\/skyline-gs.com\/cs\/wp-json\/wp\/v2\/types\/product"}],"version-history":[{"count":0,"href":"https:\/\/skyline-gs.com\/cs\/wp-json\/wp\/v2\/product\/31521\/revisions"}],"wp:featuredmedia":[{"embeddable":true,"href":"https:\/\/skyline-gs.com\/cs\/wp-json\/wp\/v2\/media\/31545"}],"wp:attachment":[{"href":"https:\/\/skyline-gs.com\/cs\/wp-json\/wp\/v2\/media?parent=31521"}],"wp:term":[{"taxonomy":"product_brand","embeddable":true,"href":"https:\/\/skyline-gs.com\/cs\/wp-json\/wp\/v2\/product_brand?post=31521"},{"taxonomy":"product_cat","embeddable":true,"href":"https:\/\/skyline-gs.com\/cs\/wp-json\/wp\/v2\/product_cat?post=31521"},{"taxonomy":"product_tag","embeddable":true,"href":"https:\/\/skyline-gs.com\/cs\/wp-json\/wp\/v2\/product_tag?post=31521"}],"curies":[{"name":"wp","href":"https:\/\/api.w.org\/{rel}","templated":true}]}}