{"id":31442,"date":"2021-09-17T18:50:01","date_gmt":"2021-09-17T16:50:01","guid":{"rendered":"http:\/\/skyline-gs.com\/?post_type=product&#038;p=31442"},"modified":"2025-09-22T15:40:29","modified_gmt":"2025-09-22T13:40:29","slug":"the-first-pyramids-in-saqqara-pyramids-in-dakhshur-memphis-cairo","status":"publish","type":"product","link":"https:\/\/skyline-gs.com\/cs\/product\/the-first-pyramids-in-saqqara-pyramids-in-dakhshur-memphis-cairo\/","title":{"rendered":"Prvn\u00ed pyramidy v Sakk\u00e1\u0159e. Pyramidy v Dah\u0161\u00faru. Memfis"},"content":{"rendered":"<p>\u0412 8:00 \u043c\u044b \u0437\u0430\u0431\u0435\u0440\u0435\u043c \u0432\u0430\u0441 \u0438\u0437 \u043e\u0442\u0435\u043b\u044f. \u0412\u044b\u0435\u0437\u0434 \u0432 \u0433\u043e\u0440\u043e\u0434 <strong>Dahshur<\/strong>kde nav\u0161t\u00edv\u00edte dv\u011b pyramidy. Prvn\u00ed je tato. <strong>Rozbit\u00e1 pyramida<\/strong>Lomen\u00e1 pyramida je tak pojmenov\u00e1na kv\u016fli sv\u00e9mu tvaru. \u00dahel sklonu faset v jej\u00ed spodn\u00ed \u010d\u00e1sti je roven 53 stup\u0148\u016fm a v horn\u00ed \u010d\u00e1sti stavby ho stavitel\u00e9 sn\u00ed\u017eili na 42. Druh\u00fd - <strong>R\u016f\u017eov\u00e1 pyramida<\/strong> je tak pojmenov\u00e1n podle barvy odst\u00ednu v\u00e1pence, z n\u011bho\u017e je sestaven. Tento odst\u00edn je t\u011b\u017eko post\u0159ehnuteln\u00fd, navenek se jen m\u00e1lo li\u0161\u00ed od klasick\u00fdch v\u00e1pencov\u00fdch pam\u00e1tek star\u00e9ho Egypta.<br \/>\nPozn\u00e1mka: Ne v\u017edy jsou ob\u011b pyramidy v Dah\u0161\u00faru p\u0159\u00edstupn\u00e9 ve\u0159ejnosti.<br \/>\nPot\u00e9 se p\u0159esunete na poh\u0159ebi\u0161t\u011b v Sakk\u00e1\u0159e, kde uvid\u00edte poh\u0159ebi\u0161t\u011b. <strong>prvn\u00ed pyramida v historii - pyramida kr\u00e1le D\u017eosera.<\/strong>. Na z\u00e1v\u011br t\u00e9to \u010d\u00e1sti prohl\u00eddky si d\u00e1te ob\u011bd v jedn\u00e9 z m\u00edstn\u00edch orient\u00e1ln\u00edch restaurac\u00ed. Dal\u0161\u00ed. <strong>N\u00e1v\u0161t\u011bva Memfidy, prvn\u00edho hlavn\u00edho m\u011bsta Egypta<\/strong> \u0438 \u043f\u0430\u043c\u044f\u0442\u043d\u0438\u043a \u043a\u043e\u0440\u043e\u043b\u044f \u0420\u0430\u043c\u0441\u0435\u0441\u0430 \u0412\u0442\u043e\u0440\u043e\u0433\u043e. \u0412 16:00 \u0432\u043e\u0437\u0432\u0440\u0430\u0449\u0435\u043d\u0438\u0435 \u0432 \u043e\u0442\u0435\u043b\u044c.<\/p>\n<p><strong>V\u010detn\u011b:<\/strong><\/p>\n<ul>\n<li>Transfery z hotelu a do hotelu<\/li>\n<li>rusky mluv\u00edc\u00ed pr\u016fvodce egyptolog<\/li>\n<li>Vstupn\u00e9 do v\u0161ech uveden\u00fdch atrakc\u00ed<\/li>\n<li>Ob\u011bd<\/li>\n<\/ul>\n<p><strong>Nen\u00ed sou\u010d\u00e1st\u00ed dod\u00e1vky:<\/strong><\/p>\n<ul>\n<li>Osobn\u00ed v\u00fddaje<\/li>\n<\/ul>\n<p><strong>Vezm\u011bte si ji s sebou:<\/strong><\/p>\n<ul>\n<li>Foto-video kamera<\/li>\n<li>Pokr\u00fdvka hlavy<\/li>\n<li>Pen\u00edze na osobn\u00ed v\u00fddaje a suven\u00fdry<\/li>\n<li>Pitn\u00e1 voda<\/li>\n<li>Pohodln\u00e1 obuv<\/li>\n<\/ul>","protected":false},"excerpt":{"rendered":"<p><strong>Doba trv\u00e1n\u00ed: <\/strong>8:00 \u2014 16:00<\/p>\n<p><strong>Dny zadr\u017een\u00ed:<\/strong> denn\u011b<\/p>","protected":false},"featured_media":31463,"template":"","meta":{"_kad_post_transparent":"default","_kad_post_title":"","_kad_post_layout":"default","_kad_post_sidebar_id":"","_kad_post_content_style":"default","_kad_post_vertical_padding":"default","_kad_post_feature":"","_kad_post_feature_position":"","_kad_post_header":false,"_kad_post_footer":false,"_kad_post_classname":"","_glsr_average":0,"_glsr_ranking":0,"_glsr_reviews":0},"product_brand":[],"product_cat":[453],"product_tag":[],"class_list":{"0":"post-31442","1":"product","2":"type-product","3":"status-publish","4":"has-post-thumbnail","6":"product_cat-cairo","7":"tm-has-options","9":"first","10":"instock","11":"sold-individually","12":"taxable","13":"shipping-taxable","14":"purchasable","15":"product-type-simple","16":"entry","17":"content-bg","18":"loop-entry"},"yoast_head":"<!-- This site is optimized with the Yoast SEO plugin v27.3 - https:\/\/yoast.com\/product\/yoast-seo-wordpress\/ -->\n<title>\u041f\u0435\u0440\u0432\u044b\u0435 \u043f\u0438\u0440\u0430\u043c\u0438\u0434\u044b \u0432 \u0421\u0430\u043a\u043a\u0430\u0440\u0435. \u041f\u0438\u0440\u0430\u043c\u0438\u0434\u044b \u0432 \u0414\u0430\u0445\u0448\u0443\u0440\u0435. \u041c\u0435\u043c\u0444\u0438\u0441 &#8226; \u042d\u043a\u0441\u043a\u0443\u0440\u0441\u0438\u0438 Skyline<\/title>\n<meta name=\"robots\" content=\"index, follow, max-snippet:-1, max-image-preview:large, max-video-preview:-1\" \/>\n<link rel=\"canonical\" href=\"https:\/\/skyline-gs.com\/cs\/produkt\/the-first-pyramids-in-saqqara-pyramids-in-dakhshur-memphis-cairo\/\" \/>\n<meta property=\"og:locale\" content=\"cs_CZ\" \/>\n<meta property=\"og:type\" content=\"article\" \/>\n<meta property=\"og:title\" content=\"\u041f\u0435\u0440\u0432\u044b\u0435 \u043f\u0438\u0440\u0430\u043c\u0438\u0434\u044b \u0432 \u0421\u0430\u043a\u043a\u0430\u0440\u0435. \u041f\u0438\u0440\u0430\u043c\u0438\u0434\u044b \u0432 \u0414\u0430\u0445\u0448\u0443\u0440\u0435. \u041c\u0435\u043c\u0444\u0438\u0441 &#8226; \u042d\u043a\u0441\u043a\u0443\u0440\u0441\u0438\u0438 Skyline\" \/>\n<meta property=\"og:description\" content=\"\u0414\u043b\u0438\u0442\u0435\u043b\u044c\u043d\u043e\u0441\u0442\u044c: 8:00 - 16:00  \u0414\u043d\u0438 \u043f\u0440\u043e\u0432\u0435\u0434\u0435\u043d\u0438\u044f: \u0435\u0436\u0435\u0434\u043d\u0435\u0432\u043d\u043e\" \/>\n<meta property=\"og:url\" content=\"https:\/\/skyline-gs.com\/cs\/produkt\/the-first-pyramids-in-saqqara-pyramids-in-dakhshur-memphis-cairo\/\" \/>\n<meta property=\"og:site_name\" content=\"\u042d\u043a\u0441\u043a\u0443\u0440\u0441\u0438\u0438 Skyline\" \/>\n<meta property=\"article:modified_time\" content=\"2025-09-22T13:40:29+00:00\" \/>\n<meta property=\"og:image\" content=\"https:\/\/skyline-gs.com\/wp-content\/uploads\/2021\/09\/4av4.png\" \/>\n\t<meta property=\"og:image:width\" content=\"669\" \/>\n\t<meta property=\"og:image:height\" content=\"446\" \/>\n\t<meta property=\"og:image:type\" content=\"image\/png\" \/>\n<meta name=\"twitter:card\" content=\"summary_large_image\" \/>\n<meta name=\"twitter:label1\" content=\"Odhadovan\u00e1 doba \u010dten\u00ed\" \/>\n\t<meta name=\"twitter:data1\" content=\"2 minuty\" \/>\n<script type=\"application\/ld+json\" class=\"yoast-schema-graph\">{\"@context\":\"https:\\\/\\\/schema.org\",\"@graph\":[{\"@type\":\"WebPage\",\"@id\":\"https:\\\/\\\/skyline-gs.com\\\/de\\\/produkt\\\/the-first-pyramids-in-saqqara-pyramids-in-dakhshur-memphis-cairo\\\/\",\"url\":\"https:\\\/\\\/skyline-gs.com\\\/de\\\/produkt\\\/the-first-pyramids-in-saqqara-pyramids-in-dakhshur-memphis-cairo\\\/\",\"name\":\"\u041f\u0435\u0440\u0432\u044b\u0435 \u043f\u0438\u0440\u0430\u043c\u0438\u0434\u044b \u0432 \u0421\u0430\u043a\u043a\u0430\u0440\u0435. \u041f\u0438\u0440\u0430\u043c\u0438\u0434\u044b \u0432 \u0414\u0430\u0445\u0448\u0443\u0440\u0435. \u041c\u0435\u043c\u0444\u0438\u0441 &#8226; \u042d\u043a\u0441\u043a\u0443\u0440\u0441\u0438\u0438 Skyline\",\"isPartOf\":{\"@id\":\"https:\\\/\\\/skyline-gs.com\\\/it\\\/#website\"},\"primaryImageOfPage\":{\"@id\":\"https:\\\/\\\/skyline-gs.com\\\/de\\\/produkt\\\/the-first-pyramids-in-saqqara-pyramids-in-dakhshur-memphis-cairo\\\/#primaryimage\"},\"image\":{\"@id\":\"https:\\\/\\\/skyline-gs.com\\\/de\\\/produkt\\\/the-first-pyramids-in-saqqara-pyramids-in-dakhshur-memphis-cairo\\\/#primaryimage\"},\"thumbnailUrl\":\"https:\\\/\\\/skyline-gs.com\\\/wp-content\\\/uploads\\\/2021\\\/09\\\/4av4.png\",\"datePublished\":\"2021-09-17T16:50:01+00:00\",\"dateModified\":\"2025-09-22T13:40:29+00:00\",\"breadcrumb\":{\"@id\":\"https:\\\/\\\/skyline-gs.com\\\/de\\\/produkt\\\/the-first-pyramids-in-saqqara-pyramids-in-dakhshur-memphis-cairo\\\/#breadcrumb\"},\"inLanguage\":\"cs\",\"potentialAction\":[{\"@type\":\"ReadAction\",\"target\":[\"https:\\\/\\\/skyline-gs.com\\\/de\\\/produkt\\\/the-first-pyramids-in-saqqara-pyramids-in-dakhshur-memphis-cairo\\\/\"]}]},{\"@type\":\"ImageObject\",\"inLanguage\":\"cs\",\"@id\":\"https:\\\/\\\/skyline-gs.com\\\/de\\\/produkt\\\/the-first-pyramids-in-saqqara-pyramids-in-dakhshur-memphis-cairo\\\/#primaryimage\",\"url\":\"https:\\\/\\\/skyline-gs.com\\\/wp-content\\\/uploads\\\/2021\\\/09\\\/4av4.png\",\"contentUrl\":\"https:\\\/\\\/skyline-gs.com\\\/wp-content\\\/uploads\\\/2021\\\/09\\\/4av4.png\",\"width\":669,\"height\":446},{\"@type\":\"BreadcrumbList\",\"@id\":\"https:\\\/\\\/skyline-gs.com\\\/de\\\/produkt\\\/the-first-pyramids-in-saqqara-pyramids-in-dakhshur-memphis-cairo\\\/#breadcrumb\",\"itemListElement\":[{\"@type\":\"ListItem\",\"position\":1,\"name\":\"\u0413\u043b\u0430\u0432\u043d\u0430\u044f \u0441\u0442\u0440\u0430\u043d\u0438\u0446\u0430\",\"item\":\"https:\\\/\\\/skyline-gs.com\\\/hu\\\/\"},{\"@type\":\"ListItem\",\"position\":2,\"name\":\"\u041c\u0430\u0433\u0430\u0437\u0438\u043d\",\"item\":\"https:\\\/\\\/skyline-gs.com\\\/cs\\\/shop\\\/\"},{\"@type\":\"ListItem\",\"position\":3,\"name\":\"\u041f\u0435\u0440\u0432\u044b\u0435 \u043f\u0438\u0440\u0430\u043c\u0438\u0434\u044b \u0432 \u0421\u0430\u043a\u043a\u0430\u0440\u0435. \u041f\u0438\u0440\u0430\u043c\u0438\u0434\u044b \u0432 \u0414\u0430\u0445\u0448\u0443\u0440\u0435. \u041c\u0435\u043c\u0444\u0438\u0441\"}]},{\"@type\":\"WebSite\",\"@id\":\"https:\\\/\\\/skyline-gs.com\\\/it\\\/#website\",\"url\":\"https:\\\/\\\/skyline-gs.com\\\/it\\\/\",\"name\":\"\u042d\u043a\u0441\u043a\u0443\u0440\u0441\u0438\u0438 Skyline\",\"description\":\"\u042d\u043a\u0441\u043a\u043b\u044e\u0437\u0438\u0432\u043d\u044b\u0435 \u044d\u043a\u0441\u043a\u0443\u0440\u0441\u0438\u0438 \u043d\u0430 \u043b\u0443\u0447\u0448\u0438\u0445 \u043a\u0443\u0440\u043e\u0440\u0442\u0430\u0445 \u043c\u0438\u0440\u0430\",\"publisher\":{\"@id\":\"https:\\\/\\\/skyline-gs.com\\\/it\\\/#organization\"},\"alternateName\":\"Skyline\",\"potentialAction\":[{\"@type\":\"SearchAction\",\"target\":{\"@type\":\"EntryPoint\",\"urlTemplate\":\"https:\\\/\\\/skyline-gs.com\\\/it\\\/?s={search_term_string}\"},\"query-input\":{\"@type\":\"PropertyValueSpecification\",\"valueRequired\":true,\"valueName\":\"search_term_string\"}}],\"inLanguage\":\"cs\"},{\"@type\":\"Organization\",\"@id\":\"https:\\\/\\\/skyline-gs.com\\\/it\\\/#organization\",\"name\":\"\u042d\u043a\u0441\u043a\u0443\u0440\u0441\u0438\u0438 Skyline\",\"alternateName\":\"\u042d\u043a\u0441\u043a\u0443\u0440\u0441\u0438\u0438 Skyline\",\"url\":\"https:\\\/\\\/skyline-gs.com\\\/it\\\/\",\"logo\":{\"@type\":\"ImageObject\",\"inLanguage\":\"cs\",\"@id\":\"https:\\\/\\\/skyline-gs.com\\\/it\\\/#\\\/schema\\\/logo\\\/image\\\/\",\"url\":\"https:\\\/\\\/skyline-gs.com\\\/wp-content\\\/uploads\\\/2020\\\/12\\\/cropped-logo-2.png\",\"contentUrl\":\"https:\\\/\\\/skyline-gs.com\\\/wp-content\\\/uploads\\\/2020\\\/12\\\/cropped-logo-2.png\",\"width\":512,\"height\":512,\"caption\":\"\u042d\u043a\u0441\u043a\u0443\u0440\u0441\u0438\u0438 Skyline\"},\"image\":{\"@id\":\"https:\\\/\\\/skyline-gs.com\\\/it\\\/#\\\/schema\\\/logo\\\/image\\\/\"},\"sameAs\":[\"https:\\\/\\\/www.instagram.com\\\/skylineglobalservice\\\/\"]}]}<\/script>\n<!-- \/ Yoast SEO plugin. -->","yoast_head_json":{"title":"\u041f\u0435\u0440\u0432\u044b\u0435 \u043f\u0438\u0440\u0430\u043c\u0438\u0434\u044b \u0432 \u0421\u0430\u043a\u043a\u0430\u0440\u0435. \u041f\u0438\u0440\u0430\u043c\u0438\u0434\u044b \u0432 \u0414\u0430\u0445\u0448\u0443\u0440\u0435. \u041c\u0435\u043c\u0444\u0438\u0441 &#8226; \u042d\u043a\u0441\u043a\u0443\u0440\u0441\u0438\u0438 Skyline","robots":{"index":"index","follow":"follow","max-snippet":"max-snippet:-1","max-image-preview":"max-image-preview:large","max-video-preview":"max-video-preview:-1"},"canonical":"https:\/\/skyline-gs.com\/cs\/produkt\/the-first-pyramids-in-saqqara-pyramids-in-dakhshur-memphis-cairo\/","og_locale":"cs_CZ","og_type":"article","og_title":"\u041f\u0435\u0440\u0432\u044b\u0435 \u043f\u0438\u0440\u0430\u043c\u0438\u0434\u044b \u0432 \u0421\u0430\u043a\u043a\u0430\u0440\u0435. \u041f\u0438\u0440\u0430\u043c\u0438\u0434\u044b \u0432 \u0414\u0430\u0445\u0448\u0443\u0440\u0435. \u041c\u0435\u043c\u0444\u0438\u0441 &#8226; \u042d\u043a\u0441\u043a\u0443\u0440\u0441\u0438\u0438 Skyline","og_description":"\u0414\u043b\u0438\u0442\u0435\u043b\u044c\u043d\u043e\u0441\u0442\u044c: 8:00 - 16:00  \u0414\u043d\u0438 \u043f\u0440\u043e\u0432\u0435\u0434\u0435\u043d\u0438\u044f: \u0435\u0436\u0435\u0434\u043d\u0435\u0432\u043d\u043e","og_url":"https:\/\/skyline-gs.com\/cs\/produkt\/the-first-pyramids-in-saqqara-pyramids-in-dakhshur-memphis-cairo\/","og_site_name":"\u042d\u043a\u0441\u043a\u0443\u0440\u0441\u0438\u0438 Skyline","article_modified_time":"2025-09-22T13:40:29+00:00","og_image":[{"width":669,"height":446,"url":"https:\/\/skyline-gs.com\/wp-content\/uploads\/2021\/09\/4av4.png","type":"image\/png"}],"twitter_card":"summary_large_image","twitter_misc":{"Odhadovan\u00e1 doba \u010dten\u00ed":"2 minuty"},"schema":{"@context":"https:\/\/schema.org","@graph":[{"@type":"WebPage","@id":"https:\/\/skyline-gs.com\/de\/produkt\/the-first-pyramids-in-saqqara-pyramids-in-dakhshur-memphis-cairo\/","url":"https:\/\/skyline-gs.com\/de\/produkt\/the-first-pyramids-in-saqqara-pyramids-in-dakhshur-memphis-cairo\/","name":"\u041f\u0435\u0440\u0432\u044b\u0435 \u043f\u0438\u0440\u0430\u043c\u0438\u0434\u044b \u0432 \u0421\u0430\u043a\u043a\u0430\u0440\u0435. \u041f\u0438\u0440\u0430\u043c\u0438\u0434\u044b \u0432 \u0414\u0430\u0445\u0448\u0443\u0440\u0435. \u041c\u0435\u043c\u0444\u0438\u0441 &#8226; \u042d\u043a\u0441\u043a\u0443\u0440\u0441\u0438\u0438 Skyline","isPartOf":{"@id":"https:\/\/skyline-gs.com\/it\/#website"},"primaryImageOfPage":{"@id":"https:\/\/skyline-gs.com\/de\/produkt\/the-first-pyramids-in-saqqara-pyramids-in-dakhshur-memphis-cairo\/#primaryimage"},"image":{"@id":"https:\/\/skyline-gs.com\/de\/produkt\/the-first-pyramids-in-saqqara-pyramids-in-dakhshur-memphis-cairo\/#primaryimage"},"thumbnailUrl":"https:\/\/skyline-gs.com\/wp-content\/uploads\/2021\/09\/4av4.png","datePublished":"2021-09-17T16:50:01+00:00","dateModified":"2025-09-22T13:40:29+00:00","breadcrumb":{"@id":"https:\/\/skyline-gs.com\/de\/produkt\/the-first-pyramids-in-saqqara-pyramids-in-dakhshur-memphis-cairo\/#breadcrumb"},"inLanguage":"cs","potentialAction":[{"@type":"ReadAction","target":["https:\/\/skyline-gs.com\/de\/produkt\/the-first-pyramids-in-saqqara-pyramids-in-dakhshur-memphis-cairo\/"]}]},{"@type":"ImageObject","inLanguage":"cs","@id":"https:\/\/skyline-gs.com\/de\/produkt\/the-first-pyramids-in-saqqara-pyramids-in-dakhshur-memphis-cairo\/#primaryimage","url":"https:\/\/skyline-gs.com\/wp-content\/uploads\/2021\/09\/4av4.png","contentUrl":"https:\/\/skyline-gs.com\/wp-content\/uploads\/2021\/09\/4av4.png","width":669,"height":446},{"@type":"BreadcrumbList","@id":"https:\/\/skyline-gs.com\/de\/produkt\/the-first-pyramids-in-saqqara-pyramids-in-dakhshur-memphis-cairo\/#breadcrumb","itemListElement":[{"@type":"ListItem","position":1,"name":"\u0413\u043b\u0430\u0432\u043d\u0430\u044f \u0441\u0442\u0440\u0430\u043d\u0438\u0446\u0430","item":"https:\/\/skyline-gs.com\/hu\/"},{"@type":"ListItem","position":2,"name":"\u041c\u0430\u0433\u0430\u0437\u0438\u043d","item":"https:\/\/skyline-gs.com\/cs\/shop\/"},{"@type":"ListItem","position":3,"name":"\u041f\u0435\u0440\u0432\u044b\u0435 \u043f\u0438\u0440\u0430\u043c\u0438\u0434\u044b \u0432 \u0421\u0430\u043a\u043a\u0430\u0440\u0435. \u041f\u0438\u0440\u0430\u043c\u0438\u0434\u044b \u0432 \u0414\u0430\u0445\u0448\u0443\u0440\u0435. \u041c\u0435\u043c\u0444\u0438\u0441"}]},{"@type":"WebSite","@id":"https:\/\/skyline-gs.com\/it\/#website","url":"https:\/\/skyline-gs.com\/it\/","name":"Skyline V\u00fdlety","description":"Exkluzivn\u00ed v\u00fdlety do nejlep\u0161\u00edch sv\u011btov\u00fdch letovisek","publisher":{"@id":"https:\/\/skyline-gs.com\/it\/#organization"},"alternateName":"Skyline","potentialAction":[{"@type":"SearchAction","target":{"@type":"EntryPoint","urlTemplate":"https:\/\/skyline-gs.com\/it\/?s={search_term_string}"},"query-input":{"@type":"PropertyValueSpecification","valueRequired":true,"valueName":"search_term_string"}}],"inLanguage":"cs"},{"@type":"Organization","@id":"https:\/\/skyline-gs.com\/it\/#organization","name":"Skyline V\u00fdlety","alternateName":"\u042d\u043a\u0441\u043a\u0443\u0440\u0441\u0438\u0438 Skyline","url":"https:\/\/skyline-gs.com\/it\/","logo":{"@type":"ImageObject","inLanguage":"cs","@id":"https:\/\/skyline-gs.com\/it\/#\/schema\/logo\/image\/","url":"https:\/\/skyline-gs.com\/wp-content\/uploads\/2020\/12\/cropped-logo-2.png","contentUrl":"https:\/\/skyline-gs.com\/wp-content\/uploads\/2020\/12\/cropped-logo-2.png","width":512,"height":512,"caption":"\u042d\u043a\u0441\u043a\u0443\u0440\u0441\u0438\u0438 Skyline"},"image":{"@id":"https:\/\/skyline-gs.com\/it\/#\/schema\/logo\/image\/"},"sameAs":["https:\/\/www.instagram.com\/skylineglobalservice\/"]}]}},"_links":{"self":[{"href":"https:\/\/skyline-gs.com\/cs\/wp-json\/wp\/v2\/product\/31442","targetHints":{"allow":["GET"]}}],"collection":[{"href":"https:\/\/skyline-gs.com\/cs\/wp-json\/wp\/v2\/product"}],"about":[{"href":"https:\/\/skyline-gs.com\/cs\/wp-json\/wp\/v2\/types\/product"}],"version-history":[{"count":0,"href":"https:\/\/skyline-gs.com\/cs\/wp-json\/wp\/v2\/product\/31442\/revisions"}],"wp:featuredmedia":[{"embeddable":true,"href":"https:\/\/skyline-gs.com\/cs\/wp-json\/wp\/v2\/media\/31463"}],"wp:attachment":[{"href":"https:\/\/skyline-gs.com\/cs\/wp-json\/wp\/v2\/media?parent=31442"}],"wp:term":[{"taxonomy":"product_brand","embeddable":true,"href":"https:\/\/skyline-gs.com\/cs\/wp-json\/wp\/v2\/product_brand?post=31442"},{"taxonomy":"product_cat","embeddable":true,"href":"https:\/\/skyline-gs.com\/cs\/wp-json\/wp\/v2\/product_cat?post=31442"},{"taxonomy":"product_tag","embeddable":true,"href":"https:\/\/skyline-gs.com\/cs\/wp-json\/wp\/v2\/product_tag?post=31442"}],"curies":[{"name":"wp","href":"https:\/\/api.w.org\/{rel}","templated":true}]}}