{"id":30918,"date":"2021-09-06T12:38:26","date_gmt":"2021-09-06T10:38:26","guid":{"rendered":"http:\/\/skyline-gs.com\/?post_type=product&#038;p=30918"},"modified":"2025-11-04T14:56:33","modified_gmt":"2025-11-04T12:56:33","slug":"wadi-el-veshwash-valley-sharm","status":"publish","type":"product","link":"https:\/\/skyline-gs.com\/cs\/product\/wadi-el-veshwash-valley-sharm\/","title":{"rendered":"\u00dadol\u00ed Wadi El Weshwash"},"content":{"rendered":"<p>Jedno z nej\u00fa\u017easn\u011bj\u0161\u00edch safari na Sinajsk\u00e9m poloostrov\u011b! Nedot\u010den\u00e1 p\u0159\u00edroda, extr\u00e9m a relaxace! Nav\u0161tivte mnoho jedine\u010dn\u00fdch m\u00edst Sinaje za 1 den!<\/p>\n<p>7:00 odjezd z hotelu pohodln\u00fdm minibusem. P\u0159ejezd do kr\u00e1sn\u00e9ho p\u0159\u00edstavn\u00edho ryb\u00e1\u0159sk\u00e9ho m\u011bste\u010dka Nuweiba, jeho\u017e hlavn\u00ed \u010d\u00e1st obyvatel tvo\u0159\u00ed bedu\u00edni zab\u00fdvaj\u00edc\u00ed se rybolovem, nenech\u00e1 nikoho lhostejn\u00fdm. M\u016f\u017eete si prohl\u00e9dnout panorama m\u011bsta a laguny. Pot\u00e9 p\u0159esednete do d\u017e\u00edp\u016f a podniknete fascinuj\u00edc\u00ed d\u017e\u00edpov\u00e9 safari p\u0159es p\u00edse\u010dn\u00e9 duny dusn\u00e9 Sinajsk\u00e9 pou\u0161t\u011b a\u017e na za\u010d\u00e1tek jednoho z nejkr\u00e1sn\u011bj\u0161\u00edch sinajsk\u00fdch ka\u0148on\u016f.<\/p>\n<p>Projd\u011bte ka\u0148onem do \u00fadol\u00ed Wadi El Weshwash, kde m\u016f\u017eete v pr\u016f\u0159ezu vid\u011bt mnohamilionovou historii ka\u0148onu: r\u016fznobarevn\u00e9 \u017eulov\u00e9 a \u010dedi\u010dov\u00e9 vrstvy hornin pronikaj\u00edc\u00ed skalami a vytv\u00e1\u0159ej\u00edc\u00ed neuv\u011b\u0159itelnou pod\u00edvanou. Uvid\u00edte je\u0161t\u011b jeden p\u0159\u00edrodn\u00ed z\u00e1zrak - jezero \"Veshvashi\" (\u0160eptaj\u00edc\u00ed jezero) ztracen\u00e9 ve skal\u00e1ch. Od pr\u016fvodce, kter\u00fd v\u00e1s bude doprov\u00e1zet, se dozv\u00edte o jeho jedine\u010dn\u00e9m p\u016fvodu. Budete m\u00edt mo\u017enost se v jeze\u0159e vykoupat (podle legendy se t\u00edm pln\u00ed vytou\u017een\u00fd sen). Voda v jeze\u0159e z\u016fst\u00e1v\u00e1 chladn\u00e1 i v nejv\u011bt\u0161\u00edch vedrech.<\/p>\n<p>Po n\u00e1vratu z ka\u0148onu se vyd\u00e1te do n\u00e1rodn\u00ed rezervace Abu Galum, kter\u00e1 se nach\u00e1z\u00ed nedaleko Dahabu (Golden City). V Abu Galum si m\u016f\u017eete vychutnat kr\u00e1su a rozmanitost podmo\u0159sk\u00e9ho sv\u011bta Rud\u00e9ho mo\u0159e, plavat s maskami, pod\u00e9l sv\u011btozn\u00e1m\u00e9ho \u00fatesu \"Dive Canyon\" dlouh\u00e9ho 200 m (vesta je povinn\u00e1 - 3$! stejn\u011b jako ploutve a masky, v p\u0159\u00edpad\u011b pot\u0159eby bude mo\u017en\u00e9 zap\u016fj\u010dit). Ti, kte\u0159\u00ed necht\u011bj\u00ed plavat - m\u016f\u017eete se proj\u00edt pod\u00e9l pob\u0159e\u017e\u00ed a vychutnat si v\u00e1nek a \u00fa\u017easn\u00e9 scen\u00e9rie a po\u0159\u00eddit \u00fa\u017easn\u00e9 fotografie. Nebo se m\u016f\u017eete pohodln\u011b usadit na pol\u0161t\u00e1\u0159\u00edch ve stanu p\u0159\u00edmo u b\u0159ehu mo\u0159e a pozorovat, jak mo\u0159e om\u00fdv\u00e1 barevn\u00e9 sk\u00e1ly pob\u0159e\u017e\u00ed, a sledovat pot\u00e1p\u011b\u010de, kte\u0159\u00ed se sem sj\u00ed\u017ed\u011bj\u00ed z cel\u00e9ho sv\u011bta, aby si prohl\u00e9dli slavn\u00fd podmo\u0159sk\u00fd ka\u0148on.<\/p>\n<p>Zde, na b\u0159ehu Akabsk\u00e9ho z\u00e1livu, se pod\u00e1v\u00e1 tepl\u00fd ob\u011bd (n\u00e1poje za p\u0159\u00edplatek). Na zp\u00e1te\u010dn\u00ed cest\u011b nav\u0161t\u00edv\u00edte \"zlat\u00e9 m\u011bsto\" Dahab a jeho barevn\u00fd \"orient\u00e1ln\u00ed bazar\", kter\u00fd se nepodob\u00e1 \u017e\u00e1dn\u00e9mu jin\u00e9mu m\u011bstu v Egypt\u011b, ve stylu hippies (kte\u0159\u00ed byli d\u016fvodem rozvoje mal\u00e9 bedu\u00ednsk\u00e9 vesnice a popularity m\u011bsta Dahab po cel\u00e9m sv\u011bt\u011b). N\u00e1vrat do Sharm El Sheikhu kolem 19:00.<\/p>\n<p><strong>V\u010detn\u011b:<\/strong><\/p>\n<ul>\n<li>Transfery z hotelu a do hotelu<\/li>\n<li>rusky mluv\u00edc\u00ed pr\u016fvodce<\/li>\n<li>Ob\u011bd<\/li>\n<li>Safari s d\u017e\u00edpem 4x4<\/li>\n<li>\u0160norchlov\u00e1n\u00ed<\/li>\n<li>Vstupenka do n\u00e1rodn\u00edho parku<\/li>\n<li>Bedu\u00ednsk\u00fd \u010daj<\/li>\n<\/ul>\n<p><strong>Nen\u00ed sou\u010d\u00e1st\u00ed dod\u00e1vky:<\/strong><\/p>\n<ul>\n<li>\u041f\u0440\u043e\u043a\u0430\u0442 \u043e\u0431\u043e\u0440\u0443\u0434\u043e\u0432\u0430\u043d\u0438\u044f \u0434\u043b\u044f \u0441\u043d\u043e\u0440\u043a\u043b\u0438\u043d\u0433\u0430: \u043c\u0430\u0441\u043a\u0430, \u043b\u0430\u0441\u0442\u044b, \u0441\u043f\u0430\u0441\u0430\u0442\u0435\u043b\u044c\u043d\u044b\u0439 \u0436\u0438\u043b\u0435\u0442<\/li>\n<li>N\u00e1poje b\u011bhem ob\u011bda<\/li>\n<\/ul>\n<p><strong>Vezm\u011bte si ji s sebou:<\/strong><\/p>\n<ul>\n<li>Cestovn\u00ed pas (origin\u00e1l) a kopie pasu (1 kopie).<\/li>\n<li>\u0424\u043e\u0442\u043e\u0433\u0440\u0430\u0444\u0438\u0438 \u043f\u0430\u0441\u043f\u043e\u0440\u0442\u043e\u0432 \u043f\u0440\u0438\u0441\u043b\u0430\u0442\u044c \u043f\u0440\u0438 \u0431\u0440\u043e\u043d\u0438\u0440\u043e\u0432\u0430\u043d\u0438\u0438<\/li>\n<li>\u0160norchlovac\u00ed maska<\/li>\n<li>Slune\u010dn\u00ed br\u00fdle<\/li>\n<li>Plavky, plavky<\/li>\n<li>Voda<\/li>\n<li>Opalovac\u00ed kr\u00e9m<\/li>\n<li>Ru\u010dn\u00edk<\/li>\n<li>Pen\u00edze na osobn\u00ed v\u00fddaje<\/li>\n<li>Pohodln\u00e1 obuv, tenisky<\/li>\n<\/ul>","protected":false},"excerpt":{"rendered":"<p><strong>Doba prohl\u00eddky:<\/strong> 7:00 &#8212; 19:00<\/p>\n<p><strong>Dny zadr\u017een\u00ed:<\/strong> \u00dater\u00fd<\/p>","protected":false},"featured_media":30919,"template":"","meta":{"_kad_post_transparent":"default","_kad_post_title":"","_kad_post_layout":"default","_kad_post_sidebar_id":"","_kad_post_content_style":"default","_kad_post_vertical_padding":"default","_kad_post_feature":"","_kad_post_feature_position":"","_kad_post_header":false,"_kad_post_footer":false,"_kad_post_classname":"","_glsr_average":0,"_glsr_ranking":0,"_glsr_reviews":0},"product_brand":[],"product_cat":[435],"product_tag":[],"class_list":{"0":"post-30918","1":"product","2":"type-product","3":"status-publish","4":"has-post-thumbnail","6":"product_cat-sharm-el-sheikh","7":"tm-has-options","9":"first","10":"instock","11":"sale","12":"sold-individually","13":"taxable","14":"shipping-taxable","15":"purchasable","16":"product-type-simple","17":"entry","18":"content-bg","19":"loop-entry"},"yoast_head":"<!-- This site is optimized with the Yoast SEO plugin v27.3 - https:\/\/yoast.com\/product\/yoast-seo-wordpress\/ -->\n<title>\u0414\u043e\u043b\u0438\u043d\u0430 \u0412\u0430\u0434\u0438 \u042d\u043b\u044c \u0412\u0435\u0448\u0432\u0430\u0448 &#8226; \u042d\u043a\u0441\u043a\u0443\u0440\u0441\u0438\u0438 Skyline<\/title>\n<meta name=\"robots\" content=\"index, follow, max-snippet:-1, max-image-preview:large, max-video-preview:-1\" \/>\n<link rel=\"canonical\" href=\"https:\/\/skyline-gs.com\/cs\/produkt\/wadi-el-veshwash-valley-sharm\/\" \/>\n<meta property=\"og:locale\" content=\"cs_CZ\" \/>\n<meta property=\"og:type\" content=\"article\" \/>\n<meta property=\"og:title\" content=\"\u0414\u043e\u043b\u0438\u043d\u0430 \u0412\u0430\u0434\u0438 \u042d\u043b\u044c \u0412\u0435\u0448\u0432\u0430\u0448 &#8226; \u042d\u043a\u0441\u043a\u0443\u0440\u0441\u0438\u0438 Skyline\" \/>\n<meta property=\"og:description\" content=\"\u0412\u0440\u0435\u043c\u044f \u0442\u0443\u0440\u0430: 7:00 - 19:00  \u0414\u043d\u0438 \u043f\u0440\u043e\u0432\u0435\u0434\u0435\u043d\u0438\u044f: \u0412\u0442\u043e\u0440\u043d\u0438\u043a\" \/>\n<meta property=\"og:url\" content=\"https:\/\/skyline-gs.com\/cs\/produkt\/wadi-el-veshwash-valley-sharm\/\" \/>\n<meta property=\"og:site_name\" content=\"\u042d\u043a\u0441\u043a\u0443\u0440\u0441\u0438\u0438 Skyline\" \/>\n<meta property=\"article:modified_time\" content=\"2025-11-04T12:56:33+00:00\" \/>\n<meta property=\"og:image\" content=\"https:\/\/skyline-gs.com\/wp-content\/uploads\/2021\/09\/1-3.png\" \/>\n\t<meta property=\"og:image:width\" content=\"669\" \/>\n\t<meta property=\"og:image:height\" content=\"446\" \/>\n\t<meta property=\"og:image:type\" content=\"image\/png\" \/>\n<meta name=\"twitter:card\" content=\"summary_large_image\" \/>\n<meta name=\"twitter:label1\" content=\"Odhadovan\u00e1 doba \u010dten\u00ed\" \/>\n\t<meta name=\"twitter:data1\" content=\"3 minuty\" \/>\n<script type=\"application\/ld+json\" class=\"yoast-schema-graph\">{\"@context\":\"https:\\\/\\\/schema.org\",\"@graph\":[{\"@type\":\"WebPage\",\"@id\":\"https:\\\/\\\/skyline-gs.com\\\/de\\\/produkt\\\/wadi-el-veshwash-valley-sharm\\\/\",\"url\":\"https:\\\/\\\/skyline-gs.com\\\/de\\\/produkt\\\/wadi-el-veshwash-valley-sharm\\\/\",\"name\":\"\u0414\u043e\u043b\u0438\u043d\u0430 \u0412\u0430\u0434\u0438 \u042d\u043b\u044c \u0412\u0435\u0448\u0432\u0430\u0448 &#8226; \u042d\u043a\u0441\u043a\u0443\u0440\u0441\u0438\u0438 Skyline\",\"isPartOf\":{\"@id\":\"https:\\\/\\\/skyline-gs.com\\\/it\\\/#website\"},\"primaryImageOfPage\":{\"@id\":\"https:\\\/\\\/skyline-gs.com\\\/de\\\/produkt\\\/wadi-el-veshwash-valley-sharm\\\/#primaryimage\"},\"image\":{\"@id\":\"https:\\\/\\\/skyline-gs.com\\\/de\\\/produkt\\\/wadi-el-veshwash-valley-sharm\\\/#primaryimage\"},\"thumbnailUrl\":\"https:\\\/\\\/skyline-gs.com\\\/wp-content\\\/uploads\\\/2021\\\/09\\\/1-3.png\",\"datePublished\":\"2021-09-06T10:38:26+00:00\",\"dateModified\":\"2025-11-04T12:56:33+00:00\",\"breadcrumb\":{\"@id\":\"https:\\\/\\\/skyline-gs.com\\\/de\\\/produkt\\\/wadi-el-veshwash-valley-sharm\\\/#breadcrumb\"},\"inLanguage\":\"cs\",\"potentialAction\":[{\"@type\":\"ReadAction\",\"target\":[\"https:\\\/\\\/skyline-gs.com\\\/de\\\/produkt\\\/wadi-el-veshwash-valley-sharm\\\/\"]}]},{\"@type\":\"ImageObject\",\"inLanguage\":\"cs\",\"@id\":\"https:\\\/\\\/skyline-gs.com\\\/de\\\/produkt\\\/wadi-el-veshwash-valley-sharm\\\/#primaryimage\",\"url\":\"https:\\\/\\\/skyline-gs.com\\\/wp-content\\\/uploads\\\/2021\\\/09\\\/1-3.png\",\"contentUrl\":\"https:\\\/\\\/skyline-gs.com\\\/wp-content\\\/uploads\\\/2021\\\/09\\\/1-3.png\",\"width\":669,\"height\":446},{\"@type\":\"BreadcrumbList\",\"@id\":\"https:\\\/\\\/skyline-gs.com\\\/de\\\/produkt\\\/wadi-el-veshwash-valley-sharm\\\/#breadcrumb\",\"itemListElement\":[{\"@type\":\"ListItem\",\"position\":1,\"name\":\"\u0413\u043b\u0430\u0432\u043d\u0430\u044f \u0441\u0442\u0440\u0430\u043d\u0438\u0446\u0430\",\"item\":\"https:\\\/\\\/skyline-gs.com\\\/hu\\\/\"},{\"@type\":\"ListItem\",\"position\":2,\"name\":\"\u041c\u0430\u0433\u0430\u0437\u0438\u043d\",\"item\":\"https:\\\/\\\/skyline-gs.com\\\/cs\\\/shop\\\/\"},{\"@type\":\"ListItem\",\"position\":3,\"name\":\"\u0414\u043e\u043b\u0438\u043d\u0430 \u0412\u0430\u0434\u0438 \u042d\u043b\u044c \u0412\u0435\u0448\u0432\u0430\u0448\"}]},{\"@type\":\"WebSite\",\"@id\":\"https:\\\/\\\/skyline-gs.com\\\/it\\\/#website\",\"url\":\"https:\\\/\\\/skyline-gs.com\\\/it\\\/\",\"name\":\"\u042d\u043a\u0441\u043a\u0443\u0440\u0441\u0438\u0438 Skyline\",\"description\":\"\u042d\u043a\u0441\u043a\u043b\u044e\u0437\u0438\u0432\u043d\u044b\u0435 \u044d\u043a\u0441\u043a\u0443\u0440\u0441\u0438\u0438 \u043d\u0430 \u043b\u0443\u0447\u0448\u0438\u0445 \u043a\u0443\u0440\u043e\u0440\u0442\u0430\u0445 \u043c\u0438\u0440\u0430\",\"publisher\":{\"@id\":\"https:\\\/\\\/skyline-gs.com\\\/it\\\/#organization\"},\"alternateName\":\"Skyline\",\"potentialAction\":[{\"@type\":\"SearchAction\",\"target\":{\"@type\":\"EntryPoint\",\"urlTemplate\":\"https:\\\/\\\/skyline-gs.com\\\/it\\\/?s={search_term_string}\"},\"query-input\":{\"@type\":\"PropertyValueSpecification\",\"valueRequired\":true,\"valueName\":\"search_term_string\"}}],\"inLanguage\":\"cs\"},{\"@type\":\"Organization\",\"@id\":\"https:\\\/\\\/skyline-gs.com\\\/it\\\/#organization\",\"name\":\"\u042d\u043a\u0441\u043a\u0443\u0440\u0441\u0438\u0438 Skyline\",\"alternateName\":\"\u042d\u043a\u0441\u043a\u0443\u0440\u0441\u0438\u0438 Skyline\",\"url\":\"https:\\\/\\\/skyline-gs.com\\\/it\\\/\",\"logo\":{\"@type\":\"ImageObject\",\"inLanguage\":\"cs\",\"@id\":\"https:\\\/\\\/skyline-gs.com\\\/it\\\/#\\\/schema\\\/logo\\\/image\\\/\",\"url\":\"https:\\\/\\\/skyline-gs.com\\\/wp-content\\\/uploads\\\/2020\\\/12\\\/cropped-logo-2.png\",\"contentUrl\":\"https:\\\/\\\/skyline-gs.com\\\/wp-content\\\/uploads\\\/2020\\\/12\\\/cropped-logo-2.png\",\"width\":512,\"height\":512,\"caption\":\"\u042d\u043a\u0441\u043a\u0443\u0440\u0441\u0438\u0438 Skyline\"},\"image\":{\"@id\":\"https:\\\/\\\/skyline-gs.com\\\/it\\\/#\\\/schema\\\/logo\\\/image\\\/\"},\"sameAs\":[\"https:\\\/\\\/www.instagram.com\\\/skylineglobalservice\\\/\"]}]}<\/script>\n<!-- \/ Yoast SEO plugin. -->","yoast_head_json":{"title":"\u0414\u043e\u043b\u0438\u043d\u0430 \u0412\u0430\u0434\u0438 \u042d\u043b\u044c \u0412\u0435\u0448\u0432\u0430\u0448 &#8226; \u042d\u043a\u0441\u043a\u0443\u0440\u0441\u0438\u0438 Skyline","robots":{"index":"index","follow":"follow","max-snippet":"max-snippet:-1","max-image-preview":"max-image-preview:large","max-video-preview":"max-video-preview:-1"},"canonical":"https:\/\/skyline-gs.com\/cs\/produkt\/wadi-el-veshwash-valley-sharm\/","og_locale":"cs_CZ","og_type":"article","og_title":"\u0414\u043e\u043b\u0438\u043d\u0430 \u0412\u0430\u0434\u0438 \u042d\u043b\u044c \u0412\u0435\u0448\u0432\u0430\u0448 &#8226; \u042d\u043a\u0441\u043a\u0443\u0440\u0441\u0438\u0438 Skyline","og_description":"\u0412\u0440\u0435\u043c\u044f \u0442\u0443\u0440\u0430: 7:00 - 19:00  \u0414\u043d\u0438 \u043f\u0440\u043e\u0432\u0435\u0434\u0435\u043d\u0438\u044f: \u0412\u0442\u043e\u0440\u043d\u0438\u043a","og_url":"https:\/\/skyline-gs.com\/cs\/produkt\/wadi-el-veshwash-valley-sharm\/","og_site_name":"\u042d\u043a\u0441\u043a\u0443\u0440\u0441\u0438\u0438 Skyline","article_modified_time":"2025-11-04T12:56:33+00:00","og_image":[{"width":669,"height":446,"url":"https:\/\/skyline-gs.com\/wp-content\/uploads\/2021\/09\/1-3.png","type":"image\/png"}],"twitter_card":"summary_large_image","twitter_misc":{"Odhadovan\u00e1 doba \u010dten\u00ed":"3 minuty"},"schema":{"@context":"https:\/\/schema.org","@graph":[{"@type":"WebPage","@id":"https:\/\/skyline-gs.com\/de\/produkt\/wadi-el-veshwash-valley-sharm\/","url":"https:\/\/skyline-gs.com\/de\/produkt\/wadi-el-veshwash-valley-sharm\/","name":"\u0414\u043e\u043b\u0438\u043d\u0430 \u0412\u0430\u0434\u0438 \u042d\u043b\u044c \u0412\u0435\u0448\u0432\u0430\u0448 &#8226; \u042d\u043a\u0441\u043a\u0443\u0440\u0441\u0438\u0438 Skyline","isPartOf":{"@id":"https:\/\/skyline-gs.com\/it\/#website"},"primaryImageOfPage":{"@id":"https:\/\/skyline-gs.com\/de\/produkt\/wadi-el-veshwash-valley-sharm\/#primaryimage"},"image":{"@id":"https:\/\/skyline-gs.com\/de\/produkt\/wadi-el-veshwash-valley-sharm\/#primaryimage"},"thumbnailUrl":"https:\/\/skyline-gs.com\/wp-content\/uploads\/2021\/09\/1-3.png","datePublished":"2021-09-06T10:38:26+00:00","dateModified":"2025-11-04T12:56:33+00:00","breadcrumb":{"@id":"https:\/\/skyline-gs.com\/de\/produkt\/wadi-el-veshwash-valley-sharm\/#breadcrumb"},"inLanguage":"cs","potentialAction":[{"@type":"ReadAction","target":["https:\/\/skyline-gs.com\/de\/produkt\/wadi-el-veshwash-valley-sharm\/"]}]},{"@type":"ImageObject","inLanguage":"cs","@id":"https:\/\/skyline-gs.com\/de\/produkt\/wadi-el-veshwash-valley-sharm\/#primaryimage","url":"https:\/\/skyline-gs.com\/wp-content\/uploads\/2021\/09\/1-3.png","contentUrl":"https:\/\/skyline-gs.com\/wp-content\/uploads\/2021\/09\/1-3.png","width":669,"height":446},{"@type":"BreadcrumbList","@id":"https:\/\/skyline-gs.com\/de\/produkt\/wadi-el-veshwash-valley-sharm\/#breadcrumb","itemListElement":[{"@type":"ListItem","position":1,"name":"\u0413\u043b\u0430\u0432\u043d\u0430\u044f \u0441\u0442\u0440\u0430\u043d\u0438\u0446\u0430","item":"https:\/\/skyline-gs.com\/hu\/"},{"@type":"ListItem","position":2,"name":"\u041c\u0430\u0433\u0430\u0437\u0438\u043d","item":"https:\/\/skyline-gs.com\/cs\/shop\/"},{"@type":"ListItem","position":3,"name":"\u0414\u043e\u043b\u0438\u043d\u0430 \u0412\u0430\u0434\u0438 \u042d\u043b\u044c \u0412\u0435\u0448\u0432\u0430\u0448"}]},{"@type":"WebSite","@id":"https:\/\/skyline-gs.com\/it\/#website","url":"https:\/\/skyline-gs.com\/it\/","name":"Skyline V\u00fdlety","description":"Exkluzivn\u00ed v\u00fdlety do nejlep\u0161\u00edch sv\u011btov\u00fdch letovisek","publisher":{"@id":"https:\/\/skyline-gs.com\/it\/#organization"},"alternateName":"Skyline","potentialAction":[{"@type":"SearchAction","target":{"@type":"EntryPoint","urlTemplate":"https:\/\/skyline-gs.com\/it\/?s={search_term_string}"},"query-input":{"@type":"PropertyValueSpecification","valueRequired":true,"valueName":"search_term_string"}}],"inLanguage":"cs"},{"@type":"Organization","@id":"https:\/\/skyline-gs.com\/it\/#organization","name":"Skyline V\u00fdlety","alternateName":"\u042d\u043a\u0441\u043a\u0443\u0440\u0441\u0438\u0438 Skyline","url":"https:\/\/skyline-gs.com\/it\/","logo":{"@type":"ImageObject","inLanguage":"cs","@id":"https:\/\/skyline-gs.com\/it\/#\/schema\/logo\/image\/","url":"https:\/\/skyline-gs.com\/wp-content\/uploads\/2020\/12\/cropped-logo-2.png","contentUrl":"https:\/\/skyline-gs.com\/wp-content\/uploads\/2020\/12\/cropped-logo-2.png","width":512,"height":512,"caption":"\u042d\u043a\u0441\u043a\u0443\u0440\u0441\u0438\u0438 Skyline"},"image":{"@id":"https:\/\/skyline-gs.com\/it\/#\/schema\/logo\/image\/"},"sameAs":["https:\/\/www.instagram.com\/skylineglobalservice\/"]}]}},"_links":{"self":[{"href":"https:\/\/skyline-gs.com\/cs\/wp-json\/wp\/v2\/product\/30918","targetHints":{"allow":["GET"]}}],"collection":[{"href":"https:\/\/skyline-gs.com\/cs\/wp-json\/wp\/v2\/product"}],"about":[{"href":"https:\/\/skyline-gs.com\/cs\/wp-json\/wp\/v2\/types\/product"}],"version-history":[{"count":0,"href":"https:\/\/skyline-gs.com\/cs\/wp-json\/wp\/v2\/product\/30918\/revisions"}],"wp:featuredmedia":[{"embeddable":true,"href":"https:\/\/skyline-gs.com\/cs\/wp-json\/wp\/v2\/media\/30919"}],"wp:attachment":[{"href":"https:\/\/skyline-gs.com\/cs\/wp-json\/wp\/v2\/media?parent=30918"}],"wp:term":[{"taxonomy":"product_brand","embeddable":true,"href":"https:\/\/skyline-gs.com\/cs\/wp-json\/wp\/v2\/product_brand?post=30918"},{"taxonomy":"product_cat","embeddable":true,"href":"https:\/\/skyline-gs.com\/cs\/wp-json\/wp\/v2\/product_cat?post=30918"},{"taxonomy":"product_tag","embeddable":true,"href":"https:\/\/skyline-gs.com\/cs\/wp-json\/wp\/v2\/product_tag?post=30918"}],"curies":[{"name":"wp","href":"https:\/\/api.w.org\/{rel}","templated":true}]}}